{"id":109027,"date":"2019-09-09T12:40:11","date_gmt":"2019-09-09T11:40:11","guid":{"rendered":"https:\/\/dev.tg4.ie\/?page_id=109027"},"modified":"2019-11-12T11:16:16","modified_gmt":"2019-11-12T11:16:16","slug":"de-valera-i-meiricea","status":"publish","type":"page","link":"https:\/\/dev.tg4.ie\/ga\/eolas\/preas\/nuacht-raitis\/2019-2\/de-valera-i-meiricea\/","title":{"rendered":"De Valera i Meirice\u00e1"},"content":{"rendered":"<p>Sraith faisn\u00e9ise dh\u00e1 chl\u00e1r ar TG4 \u00e9 \u2018De Valera i Meirice\u00e1\u2019 ina nd\u00e9antar cur s\u00edos den ch\u00e9ad uair ar an turas achrannach a thug \u00c9amon de Valera ar Mheirice\u00e1 i 1919.<\/p>\n<p>Tharraing an turas c\u00e9anna achrann agus deighilt i measc Gael-Mheirice\u00e1nach c\u00fapla m\u00ed sular tharla scoilt sa mbaile in \u00c9irinn faoin gConradh Angla-\u00c9ireannach. Bh\u00ed baint ag \u00c9amon de Valera leis an d\u00e1 aighneas ach go bhfuil dearmad d\u00e9anta, a bheag n\u00f3 a mh\u00f3r, ar an m\u00e9id a thit amach i Meirice\u00e1.<br \/>\n&nbsp;<br \/>\n<iframe loading=\"lazy\" src=\"https:\/\/www.youtube.com\/embed\/SUY8iKh5UGo\" width=\"560\" height=\"315\" frameborder=\"0\" allowfullscreen=\"allowfullscreen\"><\/iframe><br \/>\n&nbsp;<br \/>\nC\u00e9ad bliain i ndiaidh aistear Dev ar Mheirice\u00e1, beidh m\u00edreanna cartlainne n\u00e1r facthas f\u00f3s \u00f3 Chumann Staire na h\u00c9ireann-Mheirice\u00e1 i Nua-Eabhrac le feice\u00e1il sa chl\u00e1r faisn\u00e9ise ceannr\u00f3da\u00edoch seo. Br\u00e9agna\u00edonn an fhianaise nua an cuntas oifigi\u00fail a thug De Valera ar an turas sin go Meirice\u00e1, fianaise a chuirfear i l\u00e1thair den ch\u00e9ad uair ar theilif\u00eds in \u00c9irinn sa chl\u00e1r seo.<\/p>\n<p>Craolfar Cuid a hAon den tsraith ar TG4 D\u00e9 C\u00e9adaoin an 11 Me\u00e1n F\u00f3mhair ag 9.30pm agus d\u00e9anfar cur s\u00edos ar mar a d\u2019\u00e9alaigh \u00c9amon de Valera ar bh\u00e1d go Meirice\u00e1 i 1919 agus gur fh\u00f3gair s\u00e9<br \/>\ni bhforhalla an \u00f3st\u00e1in ba rachmasa\u00ed ar domhan gurb \u00e9 \u201cAn Ch\u00e9ad Uachtar\u00e1n ar \u00c9irinn\u201d \u00e9.<\/p>\n<p>Ba \u00ed f\u00edrinne an sc\u00e9il go rabhthas sa t\u00f3ir ar de Valera agus go raibh \u00c9ire f\u00f3s ina cuid d\u2019Impireacht na Breataine. Glacann na Gael-Mheirice\u00e1naigh leis gan aon ag\u00f3. Ach n\u00edorbh fhada go ndeachaigh c\u00farsa\u00ed in aimhr\u00e9idh.<\/p>\n<p>Is baolach n\u00e1r chuir an t-achrann idir \u00e9 agus ceannair\u00ed Gael-Mheirice\u00e1nacha a mhisean ar fad go Meirice\u00e1 de dhroim seoil agus Poblacht \u00f3g na h\u00c9ireann a bheadh siar leis.<\/p>\n<p>D\u00e9 C\u00e9adaoin an 18 Me\u00e1n F\u00f3mhair ag 9.30 pm a chraolfar Cuid a D\u00f3 agus leantar de chur s\u00edos a dh\u00e9anamh ar an turas a thug de Valera ar Mheirice\u00e1 agus ar an achrann nimhneach a thit amach idir \u00e9 agus iadsan a bh\u00ed i gceannas ansin. G\u00e9ara\u00edonn an t-aighneas idir an d\u00e1 thaobh agus f\u00e9achann an d\u00e1 dhream deireadh a chur leis an taobh eile.<\/p>\n<p>Baisteadh tine \u00f3 thaobh na polait\u00edochta a bh\u00ed ann do de Valera a bh\u00ed nua ag an bpolait\u00edocht &#8211; ach sheas an m\u00e9id a d\u2019fhoghlaim s\u00e9 d\u00f3 agus d\u2019imir tionchar m\u00f3r air mar pholaiteoir ina dhiaidh sin &#8211; tionchar a d\u2019imir seisean ar\u00eds ar ais ar \u00c9ire na linne go ceann leathch\u00e9ad bliain.<\/p>\n<p>\u2018De Valera i Meirice\u00e1\u2019 arna sti\u00faradh ag Ciara Hyland \u00f3 ForeFront Productions do TG4 agus arna mhaoini\u00fa ag \u00dadar\u00e1s Craolach\u00e1in na h\u00c9ireann \u00f3n t\u00e1ille Cead\u00fanais Teilif\u00edse.<\/p>\n<p><em>Teagmh\u00e1il do na Me\u00e1in<br \/>\nDeirdre N\u00ed Choist\u00edn<br \/>\nBainisteoir Cumars\u00e1ide TG4<br \/>\n<a href=\"mailto:Deirdre.ni.choistin@dev.tg4.ie\" target=\"_blank\" rel=\"noopener noreferrer\">Deirdre.ni.choistin@dev.tg4.ie<\/a><br \/>\n0861453527<\/em><\/p>\n","protected":false},"excerpt":{"rendered":"<p>Sraith faisn\u00e9ise dh\u00e1 chl\u00e1r ar TG4 \u00e9 \u2018De Valera i Meirice\u00e1\u2019 ina nd\u00e9antar cur s\u00edos den ch\u00e9ad uair ar an turas achrannach a thug \u00c9amon de Valera ar Mheirice\u00e1 i 1919. Tharraing an turas c\u00e9anna achrann agus deighilt i measc Gael-Mheirice\u00e1nach c\u00fapla m\u00ed sular tharla scoilt sa mbaile in \u00c9irinn faoin gConradh Angla-\u00c9ireannach. Bh\u00ed baint [&hellip;]<\/p>\n","protected":false},"author":876,"featured_media":108612,"parent":98830,"menu_order":32,"comment_status":"closed","ping_status":"closed","template":"page-templates\/template-pr.php","meta":{"_acf_changed":false,"footnotes":""},"acf":[],"yoast_head":"<!-- This site is optimized with the Yoast SEO plugin v22.6 - https:\/\/yoast.com\/wordpress\/plugins\/seo\/ -->\n<title>De Valera i Meirice\u00e1 | Faisn\u00e9is | \u00c9amon de Valera | TG4<\/title>\n<meta name=\"description\" content=\"Sraith faisn\u00e9ise dh\u00e1 chl\u00e1r ar TG4 \u00e9 \u2018De Valera i Meirice\u00e1\u2019 ina nd\u00e9antar cur s\u00edos den ch\u00e9ad uair ar an turas achrannach a thug \u00c9amon de Valera ar Mheirice\u00e1 i 1919.\" \/>\n<meta name=\"robots\" content=\"index, follow, max-snippet:-1, max-image-preview:large, max-video-preview:-1\" \/>\n<meta property=\"og:locale\" content=\"en_US\" \/>\n<meta property=\"og:type\" content=\"article\" \/>\n<meta property=\"og:title\" content=\"De Valera i Meirice\u00e1 | Faisn\u00e9is | \u00c9amon de Valera | TG4\" \/>\n<meta property=\"og:description\" content=\"Sraith faisn\u00e9ise dh\u00e1 chl\u00e1r ar TG4 \u00e9 \u2018De Valera i Meirice\u00e1\u2019 ina nd\u00e9antar cur s\u00edos den ch\u00e9ad uair ar an turas achrannach a thug \u00c9amon de Valera ar Mheirice\u00e1 i 1919.\" \/>\n<meta property=\"og:url\" content=\"https:\/\/dev.tg4.ie\/ga\/eolas\/preas\/nuacht-raitis\/2019-2\/de-valera-i-meiricea\/\" \/>\n<meta property=\"og:site_name\" content=\"TG4\" \/>\n<meta property=\"article:publisher\" content=\"https:\/\/www.facebook.com\/TG4TV\" \/>\n<meta property=\"article:modified_time\" content=\"2019-11-12T11:16:16+00:00\" \/>\n<meta property=\"og:image\" content=\"https:\/\/tg4-docs.s3.amazonaws.com\/wp-content\/uploads\/2024\/11\/18151812\/TG4_2024_corcra_teal_1-1920x1080-1.jpg\" \/>\n\t<meta property=\"og:image:width\" content=\"1920\" \/>\n\t<meta property=\"og:image:height\" content=\"1080\" \/>\n\t<meta property=\"og:image:type\" content=\"image\/jpeg\" \/>\n<meta name=\"twitter:card\" content=\"summary_large_image\" \/>\n<meta name=\"twitter:site\" content=\"@TG4TV\" \/>\n<meta name=\"twitter:label1\" content=\"Est. reading time\" \/>\n\t<meta name=\"twitter:data1\" content=\"2 minutes\" \/>\n<script type=\"application\/ld+json\" class=\"yoast-schema-graph\">{\"@context\":\"https:\/\/schema.org\",\"@graph\":[{\"@type\":\"WebPage\",\"@id\":\"https:\/\/dev.tg4.ie\/ga\/eolas\/preas\/nuacht-raitis\/2019-2\/de-valera-i-meiricea\/\",\"url\":\"https:\/\/dev.tg4.ie\/ga\/eolas\/preas\/nuacht-raitis\/2019-2\/de-valera-i-meiricea\/\",\"name\":\"De Valera i Meirice\u00e1 | Faisn\u00e9is | \u00c9amon de Valera | TG4\",\"isPartOf\":{\"@id\":\"https:\/\/dev.tg4.ie\/en\/#website\"},\"primaryImageOfPage\":{\"@id\":\"https:\/\/dev.tg4.ie\/ga\/eolas\/preas\/nuacht-raitis\/2019-2\/de-valera-i-meiricea\/#primaryimage\"},\"image\":{\"@id\":\"https:\/\/dev.tg4.ie\/ga\/eolas\/preas\/nuacht-raitis\/2019-2\/de-valera-i-meiricea\/#primaryimage\"},\"thumbnailUrl\":\"\",\"datePublished\":\"2019-09-09T11:40:11+00:00\",\"dateModified\":\"2019-11-12T11:16:16+00:00\",\"description\":\"Sraith faisn\u00e9ise dh\u00e1 chl\u00e1r ar TG4 \u00e9 \u2018De Valera i Meirice\u00e1\u2019 ina nd\u00e9antar cur s\u00edos den ch\u00e9ad uair ar an turas achrannach a thug \u00c9amon de Valera ar Mheirice\u00e1 i 1919.\",\"breadcrumb\":{\"@id\":\"https:\/\/dev.tg4.ie\/ga\/eolas\/preas\/nuacht-raitis\/2019-2\/de-valera-i-meiricea\/#breadcrumb\"},\"inLanguage\":\"ga\",\"potentialAction\":[{\"@type\":\"ReadAction\",\"target\":[\"https:\/\/dev.tg4.ie\/ga\/eolas\/preas\/nuacht-raitis\/2019-2\/de-valera-i-meiricea\/\"]}]},{\"@type\":\"ImageObject\",\"inLanguage\":\"ga\",\"@id\":\"https:\/\/dev.tg4.ie\/ga\/eolas\/preas\/nuacht-raitis\/2019-2\/de-valera-i-meiricea\/#primaryimage\",\"url\":\"\",\"contentUrl\":\"\"},{\"@type\":\"BreadcrumbList\",\"@id\":\"https:\/\/dev.tg4.ie\/ga\/eolas\/preas\/nuacht-raitis\/2019-2\/de-valera-i-meiricea\/#breadcrumb\",\"itemListElement\":[{\"@type\":\"ListItem\",\"position\":1,\"name\":\"Home\",\"item\":\"https:\/\/dev.tg4.ie\/ga\/\"},{\"@type\":\"ListItem\",\"position\":2,\"name\":\"Eolas\",\"item\":\"https:\/\/dev.tg4.ie\/ga\/eolas\/\"},{\"@type\":\"ListItem\",\"position\":3,\"name\":\"Preas\",\"item\":\"https:\/\/dev.tg4.ie\/ga\/eolas\/preas\/\"},{\"@type\":\"ListItem\",\"position\":4,\"name\":\"Nuacht R\u00e1itis\",\"item\":\"https:\/\/dev.tg4.ie\/ga\/eolas\/preas\/nuacht-raitis\/\"},{\"@type\":\"ListItem\",\"position\":5,\"name\":\"2019\",\"item\":\"https:\/\/dev.tg4.ie\/ga\/eolas\/preas\/nuacht-raitis\/2019-2\/\"},{\"@type\":\"ListItem\",\"position\":6,\"name\":\"De Valera i Meirice\u00e1\"}]},{\"@type\":\"WebSite\",\"@id\":\"https:\/\/dev.tg4.ie\/en\/#website\",\"url\":\"https:\/\/dev.tg4.ie\/en\/\",\"name\":\"TG4\",\"description\":\"S\u00fail Eile\",\"potentialAction\":[{\"@type\":\"SearchAction\",\"target\":{\"@type\":\"EntryPoint\",\"urlTemplate\":\"https:\/\/dev.tg4.ie\/en\/?s={search_term_string}\"},\"query-input\":\"required name=search_term_string\"}],\"inLanguage\":\"ga\"}]}<\/script>\n<!-- \/ Yoast SEO plugin. -->","yoast_head_json":{"title":"De Valera i Meirice\u00e1 | Faisn\u00e9is | \u00c9amon de Valera | TG4","description":"Sraith faisn\u00e9ise dh\u00e1 chl\u00e1r ar TG4 \u00e9 \u2018De Valera i Meirice\u00e1\u2019 ina nd\u00e9antar cur s\u00edos den ch\u00e9ad uair ar an turas achrannach a thug \u00c9amon de Valera ar Mheirice\u00e1 i 1919.","robots":{"index":"index","follow":"follow","max-snippet":"max-snippet:-1","max-image-preview":"max-image-preview:large","max-video-preview":"max-video-preview:-1"},"og_locale":"en_US","og_type":"article","og_title":"De Valera i Meirice\u00e1 | Faisn\u00e9is | \u00c9amon de Valera | TG4","og_description":"Sraith faisn\u00e9ise dh\u00e1 chl\u00e1r ar TG4 \u00e9 \u2018De Valera i Meirice\u00e1\u2019 ina nd\u00e9antar cur s\u00edos den ch\u00e9ad uair ar an turas achrannach a thug \u00c9amon de Valera ar Mheirice\u00e1 i 1919.","og_url":"https:\/\/dev.tg4.ie\/ga\/eolas\/preas\/nuacht-raitis\/2019-2\/de-valera-i-meiricea\/","og_site_name":"TG4","article_publisher":"https:\/\/www.facebook.com\/TG4TV","article_modified_time":"2019-11-12T11:16:16+00:00","og_image":[{"width":1920,"height":1080,"url":"https:\/\/tg4-docs.s3.amazonaws.com\/wp-content\/uploads\/2024\/11\/18151812\/TG4_2024_corcra_teal_1-1920x1080-1.jpg","type":"image\/jpeg"}],"twitter_card":"summary_large_image","twitter_site":"@TG4TV","twitter_misc":{"Est. reading time":"2 minutes"},"schema":{"@context":"https:\/\/schema.org","@graph":[{"@type":"WebPage","@id":"https:\/\/dev.tg4.ie\/ga\/eolas\/preas\/nuacht-raitis\/2019-2\/de-valera-i-meiricea\/","url":"https:\/\/dev.tg4.ie\/ga\/eolas\/preas\/nuacht-raitis\/2019-2\/de-valera-i-meiricea\/","name":"De Valera i Meirice\u00e1 | Faisn\u00e9is | \u00c9amon de Valera | TG4","isPartOf":{"@id":"https:\/\/dev.tg4.ie\/en\/#website"},"primaryImageOfPage":{"@id":"https:\/\/dev.tg4.ie\/ga\/eolas\/preas\/nuacht-raitis\/2019-2\/de-valera-i-meiricea\/#primaryimage"},"image":{"@id":"https:\/\/dev.tg4.ie\/ga\/eolas\/preas\/nuacht-raitis\/2019-2\/de-valera-i-meiricea\/#primaryimage"},"thumbnailUrl":"","datePublished":"2019-09-09T11:40:11+00:00","dateModified":"2019-11-12T11:16:16+00:00","description":"Sraith faisn\u00e9ise dh\u00e1 chl\u00e1r ar TG4 \u00e9 \u2018De Valera i Meirice\u00e1\u2019 ina nd\u00e9antar cur s\u00edos den ch\u00e9ad uair ar an turas achrannach a thug \u00c9amon de Valera ar Mheirice\u00e1 i 1919.","breadcrumb":{"@id":"https:\/\/dev.tg4.ie\/ga\/eolas\/preas\/nuacht-raitis\/2019-2\/de-valera-i-meiricea\/#breadcrumb"},"inLanguage":"ga","potentialAction":[{"@type":"ReadAction","target":["https:\/\/dev.tg4.ie\/ga\/eolas\/preas\/nuacht-raitis\/2019-2\/de-valera-i-meiricea\/"]}]},{"@type":"ImageObject","inLanguage":"ga","@id":"https:\/\/dev.tg4.ie\/ga\/eolas\/preas\/nuacht-raitis\/2019-2\/de-valera-i-meiricea\/#primaryimage","url":"","contentUrl":""},{"@type":"BreadcrumbList","@id":"https:\/\/dev.tg4.ie\/ga\/eolas\/preas\/nuacht-raitis\/2019-2\/de-valera-i-meiricea\/#breadcrumb","itemListElement":[{"@type":"ListItem","position":1,"name":"Home","item":"https:\/\/dev.tg4.ie\/ga\/"},{"@type":"ListItem","position":2,"name":"Eolas","item":"https:\/\/dev.tg4.ie\/ga\/eolas\/"},{"@type":"ListItem","position":3,"name":"Preas","item":"https:\/\/dev.tg4.ie\/ga\/eolas\/preas\/"},{"@type":"ListItem","position":4,"name":"Nuacht R\u00e1itis","item":"https:\/\/dev.tg4.ie\/ga\/eolas\/preas\/nuacht-raitis\/"},{"@type":"ListItem","position":5,"name":"2019","item":"https:\/\/dev.tg4.ie\/ga\/eolas\/preas\/nuacht-raitis\/2019-2\/"},{"@type":"ListItem","position":6,"name":"De Valera i Meirice\u00e1"}]},{"@type":"WebSite","@id":"https:\/\/dev.tg4.ie\/en\/#website","url":"https:\/\/dev.tg4.ie\/en\/","name":"TG4","description":"S\u00fail Eile","potentialAction":[{"@type":"SearchAction","target":{"@type":"EntryPoint","urlTemplate":"https:\/\/dev.tg4.ie\/en\/?s={search_term_string}"},"query-input":"required name=search_term_string"}],"inLanguage":"ga"}]}},"_links":{"self":[{"href":"https:\/\/dev.tg4.ie\/ga\/wp-json\/wp\/v2\/pages\/109027"}],"collection":[{"href":"https:\/\/dev.tg4.ie\/ga\/wp-json\/wp\/v2\/pages"}],"about":[{"href":"https:\/\/dev.tg4.ie\/ga\/wp-json\/wp\/v2\/types\/page"}],"author":[{"embeddable":true,"href":"https:\/\/dev.tg4.ie\/ga\/wp-json\/wp\/v2\/users\/876"}],"replies":[{"embeddable":true,"href":"https:\/\/dev.tg4.ie\/ga\/wp-json\/wp\/v2\/comments?post=109027"}],"version-history":[{"count":0,"href":"https:\/\/dev.tg4.ie\/ga\/wp-json\/wp\/v2\/pages\/109027\/revisions"}],"up":[{"embeddable":true,"href":"https:\/\/dev.tg4.ie\/ga\/wp-json\/wp\/v2\/pages\/98830"}],"wp:featuredmedia":[{"embeddable":true,"href":"https:\/\/dev.tg4.ie\/ga\/wp-json\/"}],"wp:attachment":[{"href":"https:\/\/dev.tg4.ie\/ga\/wp-json\/wp\/v2\/media?parent=109027"}],"curies":[{"name":"wp","href":"https:\/\/api.w.org\/{rel}","templated":true}]}}