{"id":109055,"date":"2019-09-09T12:59:33","date_gmt":"2019-09-09T11:59:33","guid":{"rendered":"https:\/\/dev.tg4.ie\/?page_id=109055"},"modified":"2019-11-12T11:16:52","modified_gmt":"2019-11-12T11:16:52","slug":"underdogs-2019","status":"publish","type":"page","link":"https:\/\/dev.tg4.ie\/ga\/eolas\/preas\/nuacht-raitis\/2019-2\/underdogs-2019\/","title":{"rendered":"Underdogs 2019"},"content":{"rendered":"<p><strong><\/p>\n<h2>Uasd\u00e1t\u00fa<\/h2>\n<p>TABHARFAIDH NA &#8216;UNDERDOGS&#8217; AGHAIDH AR MHAIGH EO SA CHLUICHE D\u00daSHL\u00c1IN AG DEIREADH NA SRAITHE.<\/strong> <\/p>\n<p>Cuirfear t\u00fas le sraith nua de &#8216;Underdogs&#8217; anocht ar TG4 ag 21:30.<br \/>\nT\u00e1 s\u00e9 f\u00f3gartha inniu ag TG4, go mbeidh foireann na \u2018Underdogs\u2019 ag tabhairt aghaidh ar churaidh na sraithe n\u00e1isi\u00fanta Allianz, Maigh Eo.<\/p>\n<p>Imreofar an cluiche i bP\u00e1irc Mhic \u00c9il i gCaisle\u00e1n an Bharraigh ar an Satharn 26\u00fa Deireadh F\u00f3mhair 2019, agus beidh beochraoladh den chluiche ar GAA BEO.<\/p>\n<p>Beidh foireann bainist\u00edochta nua m\u00f3r le r\u00e1 ar Underdogs  i mbliana, tri\u00far laochra imeartha tr\u00e1th at\u00e1 anois ar an taobhl\u00edne; is iad sin Mickey Ned O\u2019Sullivan, iar-chaptaen agus iar- bhainisteoir Chiarra\u00ed, Valerie Mulcahy Chorca\u00ed, duine de na peilead\u00f3ir\u00ed mn\u00e1 ab fhearr riamh agus Caoimh\u00edn \u00d3 Casaide, laoch Ghaoth Dobhair a d\u2019imir do Dh\u00fan na nGall.<\/p>\n<p>I m\u00ed Dheireadh F\u00f3mhair na bliana seo caite, thug na Underdogs aghaidh ar sheaimp\u00edn\u00ed reatha na h\u00c9ireann, \u00c1th Cliath, ach faraor, n\u00edor \u00e9irigh leo an ceann is fearr a fh\u00e1il ar fhir na hArdcathrach an l\u00e1 sin. Ach t\u00e1 bu\u00edon nua fear le roghn\u00fa anois le s\u00fail is na Underdogs a chur ar ais i mbarr a r\u00e9ime ar\u00eds.<br \/>\nBeidh ar an bhfoireann bainist\u00edochta pain\u00e9al peile a roghn\u00fa a bheidh s\u00e1ch maith le haghaidh a thabhairt ar fhoireann idirchontae m\u00f3r le r\u00e1. N\u00edl ach aon riail amh\u00e1in ann, is \u00e9 sin n\u00e1r imir siad peil Ghaelach ag leibh\u00e9al sinsear idirchontae craoibhe riamh.<br \/>\nTh\u00e1inig peilead\u00f3ir\u00ed go leor \u00f3 cheann ceann na t\u00edre chugainn le s\u00fail is deis a fh\u00e1il d\u00fashl\u00e1n a thabhairt do pheilead\u00f3ir\u00ed eile na h\u00c9ireann. An bhfuil siad s\u00e1ch maith le h\u00e1it a bhaint amach ar fhoireann an chontae amach anseo meas t\u00fa?<br \/>\nN\u00edl roinnt de na himreoir\u00ed seo ach ina th\u00fas agus iad ag iarraidh an deis a thap\u00fa traen\u00e1il a fh\u00e1il \u00f3 laochra m\u00f3ra an chluiche \u2013 ach \u00f3 tharla nach f\u00e9idir leis an bhfoireann bainist\u00edochta ach 28 imreoir a thabhairt chuig an gcluiche d\u00fashl\u00e1in ag deireadh na sraithe i m\u00ed Dheireadh Fh\u00f3mhair, beidh imreoir\u00ed le cur abhaile freisin. Cuirfear peilead\u00f3ir amh\u00e1in as campa na Underdogs abhaile gach seachtain.<\/p>\n<hr>\n<p>T\u00e1 \u2018Underdogs\u2019, sraith chl\u00faiteach CLG TG4, ar ais ar TG4 D\u00e9ardaoin ag 21:30. T\u00e1thar sa t\u00f3ir ar\u00eds i mbliana ar fhoireann peile nua. T\u00e1 gr\u00fapa fear at\u00e1 cumasach, d\u00edocasach agus acla\u00ed ag teast\u00e1il chun aghaidh a thabhairt ar cheann de na foirne peile Gaela\u00ed is fearr sa t\u00edr.<\/p>\n<p>Beidh foireann bainist\u00edochta nua m\u00f3r le r\u00e1 ann i mbliana, tri\u00far laochra imeartha tr\u00e1th at\u00e1 anois ar an taobhl\u00edne; is iad sin Mickey Ned O\u2019Sullivan, iar-chaptaen agus iar- bhainisteoir Chiarra\u00ed, Valerie Mulcahy Chorca\u00ed, duine de na peilead\u00f3ir\u00ed mn\u00e1 ab fhearr riamh agus Caoimh\u00edn \u00d3 Casaide, laoch Ghaoth Dobhair a d\u2019imir do Dh\u00fan na nGall.<\/p>\n<p><iframe loading=\"lazy\" src=\"https:\/\/www.youtube.com\/embed\/_KuVZQZyqA4\" width=\"560\" height=\"315\" frameborder=\"0\" allowfullscreen=\"allowfullscreen\"><\/iframe><\/p>\n<p>I m\u00ed Dheireadh F\u00f3mhair na bliana seo caite, thug na Underdogs aghaidh ar sheaimp\u00edn\u00ed reatha na h\u00c9ireann, \u00c1th Cliath, ach faraor, n\u00edor \u00e9irigh leo an ceann is fearr a fh\u00e1il ar fhir na hArdcathrach an l\u00e1 sin. Ach t\u00e1 bu\u00edon nua fear le roghn\u00fa anois le s\u00fail is na Underdogs a chur ar ais i mbarr a r\u00e9ime ar\u00eds.<\/p>\n<p>Beidh ar an bhfoireann bainist\u00edochta pain\u00e9al peile a roghn\u00fa a bheidh s\u00e1ch maith le haghaidh a thabhairt ar fhoireann idirchontae m\u00f3r le r\u00e1. N\u00edl ach aon riail amh\u00e1in ann, is \u00e9 sin n\u00e1r imir siad peil Ghaelach ag leibh\u00e9al sinsear idirchontae craoibhe riamh.<\/p>\n<p>Th\u00e1inig peilead\u00f3ir\u00ed go leor \u00f3 cheann ceann na t\u00edre chugainn le s\u00fail is deis a fh\u00e1il d\u00fashl\u00e1n a thabhairt do pheilead\u00f3ir\u00ed eile na h\u00c9ireann. An bhfuil siad s\u00e1ch maith le h\u00e1it a bhaint amach ar fhoireann an chontae amach anseo meas t\u00fa?<\/p>\n<p>N\u00edl roinnt de na himreoir\u00ed seo ach ina th\u00fas agus iad ag iarraidh an deis a thap\u00fa traen\u00e1il a fh\u00e1il \u00f3 laochra m\u00f3ra an chluiche \u2013 ach \u00f3 tharla nach f\u00e9idir leis an bhfoireann bainist\u00edochta ach 28 imreoir a thabhairt chuig an gcluiche d\u00fashl\u00e1in ag deireadh na sraithe i m\u00ed Dheireadh Fh\u00f3mhair, beidh imreoir\u00ed le cur abhaile freisin. Cuirfear peilead\u00f3ir amh\u00e1in as campa na Underdogs abhaile gach seachtain.<\/p>\n<p>D\u00e9anfar sonra\u00ed an chluiche d\u00fashl\u00e1in seo (an fhoireann a bheidh leo, an t-am agus an t-ionad) a fh\u00f3gairt amach anseo. Craolfar an cluiche sin beo ar GAA Beo an 26 Deireadh F\u00f3mhair 2019.<\/p>\n<p><em>Teagmh\u00e1il do na Me\u00e1in<br \/>\nDeirdre N\u00ed Choist\u00edn<br \/>\nBainisteoir Cumars\u00e1ide TG4<br \/>\n<a href=\"mailto:Deirdre.ni.choistin@dev.tg4.ie\" target=\"_blank\" rel=\"noopener noreferrer\">Deirdre.ni.choistin@dev.tg4.ie<\/a><br \/>\n0861453527<\/em><\/p>\n<p><a href=\"https:\/\/www.insuremyvan.ie\/\" target=\"_blank\" rel=\"noopener noreferrer\"><img loading=\"lazy\" decoding=\"async\" width=\"300\" height=\"300\" class=\"alignright size-full wp-image-92978\" src=\"https:\/\/tg4-docs.s3.amazonaws.com\/tg4-redesign-2015\/wp-content\/uploads\/2018\/09\/insure-my-van-GA_1.jpg\" alt=\"Insure My Van\" srcset=\"https:\/\/tg4-docs.s3.amazonaws.com\/tg4-redesign-2015\/wp-content\/uploads\/2018\/09\/insure-my-van-GA_1.jpg 300w, https:\/\/tg4-docs.s3.amazonaws.com\/tg4-redesign-2015\/wp-content\/uploads\/2018\/09\/insure-my-van-GA_1.jpg 141w, https:\/\/tg4-docs.s3.amazonaws.com\/tg4-redesign-2015\/wp-content\/uploads\/2018\/09\/insure-my-van-GA_1.jpg 250w, https:\/\/tg4-docs.s3.amazonaws.com\/tg4-redesign-2015\/wp-content\/uploads\/2018\/09\/insure-my-van-GA_1.jpg 120w\" sizes=\"(max-width: 300px) 100vw, 300px\" \/><\/a><\/p>\n","protected":false},"excerpt":{"rendered":"<p>Uasd\u00e1t\u00fa TABHARFAIDH NA &#8216;UNDERDOGS&#8217; AGHAIDH AR MHAIGH EO SA CHLUICHE D\u00daSHL\u00c1IN AG DEIREADH NA SRAITHE. Cuirfear t\u00fas le sraith nua de &#8216;Underdogs&#8217; anocht ar TG4 ag 21:30. T\u00e1 s\u00e9 f\u00f3gartha inniu ag TG4, go mbeidh foireann na \u2018Underdogs\u2019 ag tabhairt aghaidh ar churaidh na sraithe n\u00e1isi\u00fanta Allianz, Maigh Eo. Imreofar an cluiche i bP\u00e1irc Mhic [&hellip;]<\/p>\n","protected":false},"author":876,"featured_media":108781,"parent":98830,"menu_order":33,"comment_status":"closed","ping_status":"closed","template":"page-templates\/template-pr.php","meta":{"_acf_changed":false,"footnotes":""},"acf":[],"yoast_head":"<!-- This site is optimized with the Yoast SEO plugin v22.6 - https:\/\/yoast.com\/wordpress\/plugins\/seo\/ -->\n<title>Underdogs 2019 | Sp\u00f3rt | CLG | TG4<\/title>\n<meta name=\"description\" content=\"T\u00e1 \u2018Underdogs\u2019, sraith chl\u00faiteach CLG TG4, ar ais ar TG4 D\u00e9ardaoin ag 21:30. T\u00e1thar sa t\u00f3ir ar\u00eds i mbliana ar fhoireann peile nua.\" \/>\n<meta name=\"robots\" content=\"index, follow, max-snippet:-1, max-image-preview:large, max-video-preview:-1\" \/>\n<meta property=\"og:locale\" content=\"en_US\" \/>\n<meta property=\"og:type\" content=\"article\" \/>\n<meta property=\"og:title\" content=\"Underdogs 2019 | Sp\u00f3rt | CLG | TG4\" \/>\n<meta property=\"og:description\" content=\"T\u00e1 \u2018Underdogs\u2019, sraith chl\u00faiteach CLG TG4, ar ais ar TG4 D\u00e9ardaoin ag 21:30. T\u00e1thar sa t\u00f3ir ar\u00eds i mbliana ar fhoireann peile nua.\" \/>\n<meta property=\"og:url\" content=\"https:\/\/dev.tg4.ie\/ga\/eolas\/preas\/nuacht-raitis\/2019-2\/underdogs-2019\/\" \/>\n<meta property=\"og:site_name\" content=\"TG4\" \/>\n<meta property=\"article:publisher\" content=\"https:\/\/www.facebook.com\/TG4TV\" \/>\n<meta property=\"article:modified_time\" content=\"2019-11-12T11:16:52+00:00\" \/>\n<meta property=\"og:image\" content=\"https:\/\/tg4-docs.s3.amazonaws.com\/wp-content\/uploads\/2024\/11\/18151812\/TG4_2024_corcra_teal_1-1920x1080-1.jpg\" \/>\n\t<meta property=\"og:image:width\" content=\"1920\" \/>\n\t<meta property=\"og:image:height\" content=\"1080\" \/>\n\t<meta property=\"og:image:type\" content=\"image\/jpeg\" \/>\n<meta name=\"twitter:card\" content=\"summary_large_image\" \/>\n<meta name=\"twitter:site\" content=\"@TG4TV\" \/>\n<meta name=\"twitter:label1\" content=\"Est. reading time\" \/>\n\t<meta name=\"twitter:data1\" content=\"4 minutes\" \/>\n<script type=\"application\/ld+json\" class=\"yoast-schema-graph\">{\"@context\":\"https:\/\/schema.org\",\"@graph\":[{\"@type\":\"WebPage\",\"@id\":\"https:\/\/dev.tg4.ie\/ga\/eolas\/preas\/nuacht-raitis\/2019-2\/underdogs-2019\/\",\"url\":\"https:\/\/dev.tg4.ie\/ga\/eolas\/preas\/nuacht-raitis\/2019-2\/underdogs-2019\/\",\"name\":\"Underdogs 2019 | Sp\u00f3rt | CLG | TG4\",\"isPartOf\":{\"@id\":\"https:\/\/dev.tg4.ie\/en\/#website\"},\"primaryImageOfPage\":{\"@id\":\"https:\/\/dev.tg4.ie\/ga\/eolas\/preas\/nuacht-raitis\/2019-2\/underdogs-2019\/#primaryimage\"},\"image\":{\"@id\":\"https:\/\/dev.tg4.ie\/ga\/eolas\/preas\/nuacht-raitis\/2019-2\/underdogs-2019\/#primaryimage\"},\"thumbnailUrl\":\"\",\"datePublished\":\"2019-09-09T11:59:33+00:00\",\"dateModified\":\"2019-11-12T11:16:52+00:00\",\"description\":\"T\u00e1 \u2018Underdogs\u2019, sraith chl\u00faiteach CLG TG4, ar ais ar TG4 D\u00e9ardaoin ag 21:30. T\u00e1thar sa t\u00f3ir ar\u00eds i mbliana ar fhoireann peile nua.\",\"breadcrumb\":{\"@id\":\"https:\/\/dev.tg4.ie\/ga\/eolas\/preas\/nuacht-raitis\/2019-2\/underdogs-2019\/#breadcrumb\"},\"inLanguage\":\"ga\",\"potentialAction\":[{\"@type\":\"ReadAction\",\"target\":[\"https:\/\/dev.tg4.ie\/ga\/eolas\/preas\/nuacht-raitis\/2019-2\/underdogs-2019\/\"]}]},{\"@type\":\"ImageObject\",\"inLanguage\":\"ga\",\"@id\":\"https:\/\/dev.tg4.ie\/ga\/eolas\/preas\/nuacht-raitis\/2019-2\/underdogs-2019\/#primaryimage\",\"url\":\"\",\"contentUrl\":\"\"},{\"@type\":\"BreadcrumbList\",\"@id\":\"https:\/\/dev.tg4.ie\/ga\/eolas\/preas\/nuacht-raitis\/2019-2\/underdogs-2019\/#breadcrumb\",\"itemListElement\":[{\"@type\":\"ListItem\",\"position\":1,\"name\":\"Home\",\"item\":\"https:\/\/dev.tg4.ie\/ga\/\"},{\"@type\":\"ListItem\",\"position\":2,\"name\":\"Eolas\",\"item\":\"https:\/\/dev.tg4.ie\/ga\/eolas\/\"},{\"@type\":\"ListItem\",\"position\":3,\"name\":\"Preas\",\"item\":\"https:\/\/dev.tg4.ie\/ga\/eolas\/preas\/\"},{\"@type\":\"ListItem\",\"position\":4,\"name\":\"Nuacht R\u00e1itis\",\"item\":\"https:\/\/dev.tg4.ie\/ga\/eolas\/preas\/nuacht-raitis\/\"},{\"@type\":\"ListItem\",\"position\":5,\"name\":\"2019\",\"item\":\"https:\/\/dev.tg4.ie\/ga\/eolas\/preas\/nuacht-raitis\/2019-2\/\"},{\"@type\":\"ListItem\",\"position\":6,\"name\":\"Underdogs 2019\"}]},{\"@type\":\"WebSite\",\"@id\":\"https:\/\/dev.tg4.ie\/en\/#website\",\"url\":\"https:\/\/dev.tg4.ie\/en\/\",\"name\":\"TG4\",\"description\":\"S\u00fail Eile\",\"potentialAction\":[{\"@type\":\"SearchAction\",\"target\":{\"@type\":\"EntryPoint\",\"urlTemplate\":\"https:\/\/dev.tg4.ie\/en\/?s={search_term_string}\"},\"query-input\":\"required name=search_term_string\"}],\"inLanguage\":\"ga\"}]}<\/script>\n<!-- \/ Yoast SEO plugin. -->","yoast_head_json":{"title":"Underdogs 2019 | Sp\u00f3rt | CLG | TG4","description":"T\u00e1 \u2018Underdogs\u2019, sraith chl\u00faiteach CLG TG4, ar ais ar TG4 D\u00e9ardaoin ag 21:30. T\u00e1thar sa t\u00f3ir ar\u00eds i mbliana ar fhoireann peile nua.","robots":{"index":"index","follow":"follow","max-snippet":"max-snippet:-1","max-image-preview":"max-image-preview:large","max-video-preview":"max-video-preview:-1"},"og_locale":"en_US","og_type":"article","og_title":"Underdogs 2019 | Sp\u00f3rt | CLG | TG4","og_description":"T\u00e1 \u2018Underdogs\u2019, sraith chl\u00faiteach CLG TG4, ar ais ar TG4 D\u00e9ardaoin ag 21:30. T\u00e1thar sa t\u00f3ir ar\u00eds i mbliana ar fhoireann peile nua.","og_url":"https:\/\/dev.tg4.ie\/ga\/eolas\/preas\/nuacht-raitis\/2019-2\/underdogs-2019\/","og_site_name":"TG4","article_publisher":"https:\/\/www.facebook.com\/TG4TV","article_modified_time":"2019-11-12T11:16:52+00:00","og_image":[{"width":1920,"height":1080,"url":"https:\/\/tg4-docs.s3.amazonaws.com\/wp-content\/uploads\/2024\/11\/18151812\/TG4_2024_corcra_teal_1-1920x1080-1.jpg","type":"image\/jpeg"}],"twitter_card":"summary_large_image","twitter_site":"@TG4TV","twitter_misc":{"Est. reading time":"4 minutes"},"schema":{"@context":"https:\/\/schema.org","@graph":[{"@type":"WebPage","@id":"https:\/\/dev.tg4.ie\/ga\/eolas\/preas\/nuacht-raitis\/2019-2\/underdogs-2019\/","url":"https:\/\/dev.tg4.ie\/ga\/eolas\/preas\/nuacht-raitis\/2019-2\/underdogs-2019\/","name":"Underdogs 2019 | Sp\u00f3rt | CLG | TG4","isPartOf":{"@id":"https:\/\/dev.tg4.ie\/en\/#website"},"primaryImageOfPage":{"@id":"https:\/\/dev.tg4.ie\/ga\/eolas\/preas\/nuacht-raitis\/2019-2\/underdogs-2019\/#primaryimage"},"image":{"@id":"https:\/\/dev.tg4.ie\/ga\/eolas\/preas\/nuacht-raitis\/2019-2\/underdogs-2019\/#primaryimage"},"thumbnailUrl":"","datePublished":"2019-09-09T11:59:33+00:00","dateModified":"2019-11-12T11:16:52+00:00","description":"T\u00e1 \u2018Underdogs\u2019, sraith chl\u00faiteach CLG TG4, ar ais ar TG4 D\u00e9ardaoin ag 21:30. T\u00e1thar sa t\u00f3ir ar\u00eds i mbliana ar fhoireann peile nua.","breadcrumb":{"@id":"https:\/\/dev.tg4.ie\/ga\/eolas\/preas\/nuacht-raitis\/2019-2\/underdogs-2019\/#breadcrumb"},"inLanguage":"ga","potentialAction":[{"@type":"ReadAction","target":["https:\/\/dev.tg4.ie\/ga\/eolas\/preas\/nuacht-raitis\/2019-2\/underdogs-2019\/"]}]},{"@type":"ImageObject","inLanguage":"ga","@id":"https:\/\/dev.tg4.ie\/ga\/eolas\/preas\/nuacht-raitis\/2019-2\/underdogs-2019\/#primaryimage","url":"","contentUrl":""},{"@type":"BreadcrumbList","@id":"https:\/\/dev.tg4.ie\/ga\/eolas\/preas\/nuacht-raitis\/2019-2\/underdogs-2019\/#breadcrumb","itemListElement":[{"@type":"ListItem","position":1,"name":"Home","item":"https:\/\/dev.tg4.ie\/ga\/"},{"@type":"ListItem","position":2,"name":"Eolas","item":"https:\/\/dev.tg4.ie\/ga\/eolas\/"},{"@type":"ListItem","position":3,"name":"Preas","item":"https:\/\/dev.tg4.ie\/ga\/eolas\/preas\/"},{"@type":"ListItem","position":4,"name":"Nuacht R\u00e1itis","item":"https:\/\/dev.tg4.ie\/ga\/eolas\/preas\/nuacht-raitis\/"},{"@type":"ListItem","position":5,"name":"2019","item":"https:\/\/dev.tg4.ie\/ga\/eolas\/preas\/nuacht-raitis\/2019-2\/"},{"@type":"ListItem","position":6,"name":"Underdogs 2019"}]},{"@type":"WebSite","@id":"https:\/\/dev.tg4.ie\/en\/#website","url":"https:\/\/dev.tg4.ie\/en\/","name":"TG4","description":"S\u00fail Eile","potentialAction":[{"@type":"SearchAction","target":{"@type":"EntryPoint","urlTemplate":"https:\/\/dev.tg4.ie\/en\/?s={search_term_string}"},"query-input":"required name=search_term_string"}],"inLanguage":"ga"}]}},"_links":{"self":[{"href":"https:\/\/dev.tg4.ie\/ga\/wp-json\/wp\/v2\/pages\/109055"}],"collection":[{"href":"https:\/\/dev.tg4.ie\/ga\/wp-json\/wp\/v2\/pages"}],"about":[{"href":"https:\/\/dev.tg4.ie\/ga\/wp-json\/wp\/v2\/types\/page"}],"author":[{"embeddable":true,"href":"https:\/\/dev.tg4.ie\/ga\/wp-json\/wp\/v2\/users\/876"}],"replies":[{"embeddable":true,"href":"https:\/\/dev.tg4.ie\/ga\/wp-json\/wp\/v2\/comments?post=109055"}],"version-history":[{"count":0,"href":"https:\/\/dev.tg4.ie\/ga\/wp-json\/wp\/v2\/pages\/109055\/revisions"}],"up":[{"embeddable":true,"href":"https:\/\/dev.tg4.ie\/ga\/wp-json\/wp\/v2\/pages\/98830"}],"wp:featuredmedia":[{"embeddable":true,"href":"https:\/\/dev.tg4.ie\/ga\/wp-json\/"}],"wp:attachment":[{"href":"https:\/\/dev.tg4.ie\/ga\/wp-json\/wp\/v2\/media?parent=109055"}],"curies":[{"name":"wp","href":"https:\/\/api.w.org\/{rel}","templated":true}]}}