{"id":109206,"date":"2019-09-16T12:08:27","date_gmt":"2019-09-16T11:08:27","guid":{"rendered":"https:\/\/dev.tg4.ie\/?page_id=109206"},"modified":"2019-11-12T11:18:41","modified_gmt":"2019-11-12T11:18:41","slug":"tg4-i-gcomhar-le-subaru-ag-an-gcomortas-naisiunta-treabhadoireachta-2019","status":"publish","type":"page","link":"https:\/\/dev.tg4.ie\/ga\/eolas\/preas\/nuacht-raitis\/2019-2\/tg4-i-gcomhar-le-subaru-ag-an-gcomortas-naisiunta-treabhadoireachta-2019\/","title":{"rendered":"TG4 i gcomhar le Subaru ag an gCom\u00f3rtas N\u00e1isi\u00fanta Treabhad\u00f3ireachta 2019"},"content":{"rendered":"<p>Beidh cad \u00e9 ceol, damhsa agus siamsa\u00edocht beo ar f\u00e1il gach l\u00e1 den 89\u00fa Com\u00f3rtas ag seast\u00e1n Subaru <strong>Bloc 2, Sraith 23, Seast\u00e1n 528.<br \/>\n<\/strong><br \/>\n<strong>D\u00e9 M\u00e1irt 17\u00fa Me\u00e1n F\u00f3mhair<\/strong>, beidh ceol beo le r\u00e9alt an cheoil t\u00edre, <strong>Trudi Lalor<\/strong><span>\u00a0<\/span>chomh maith le ceol beo \u00f3 bhuaiteoir Ceolt\u00f3ir \u00d3g na Bliana, Gradam Ceoil TG4 2017 <strong>Liam O&#8217;Brien<\/strong><span>\u00a0<\/span>agus a chairde, Derek Hickey &amp; Kate McHugh.\u00a0 Beidh Trudi beo ag 1pm agus ar\u00eds ag 4pm, agus beidh Liam O&#8217;Brien agus cairde beo ag 11:30am agus ar\u00eds ag 2:30pm<\/p>\n<p>&nbsp;<\/p>\n<p><strong>D\u00e9 C\u00e9adaoin 18\u00fa Me\u00e1n F\u00f3mhair,<\/strong><span>\u00a0<\/span>beidh meant\u00f3ir de chuid &#8216;<em>Gl\u00f3r T\u00edre&#8217;<\/em>, <strong>Ciar\u00e1n Rosney<\/strong><span>\u00a0<\/span>beo ag 11:30am agus ar\u00eds ag 2:30pm.\u00a0 Beidh r\u00e9alt eile de chuid \u2018Gl\u00f3r T\u00edre<i>\u2019,<\/i>\u00a0<strong>Mike Denver<\/strong><span>\u00a0<\/span>beo freisin i rith an lae.\u00a0 Beidh damhsa ar an sean-n\u00f3s beo ag <strong>R\u00f3n\u00e1n \u00d3 Conghaile<\/strong><span>\u00a0<\/span>1pm agus ar\u00eds ag a 4pm, agus ceol agus amhr\u00e1na\u00edocht aige freisin.<\/p>\n<p>&nbsp;<\/p>\n<p><strong>D\u00e9ardaoin 19\u00fa Me\u00e1n F\u00f3mhair<\/strong>, beidh banr\u00edon an cheoil t\u00edre,<span>\u00a0<\/span><strong>Susan McCann<\/strong><span>\u00a0<\/span>ag canadh beo ag 2:30pm agus ar\u00eds ag 4:30pm.\u00a0 Beidh an t-amhr\u00e1na\u00ed agus meant\u00f3ir<em><span>\u00a0<\/span>&#8216;Gl\u00f3r T\u00edre&#8217;\u00a0\u00a0<\/em><strong>Jim Devine<\/strong><span>\u00a0<\/span>beo freisin ag 11am agus ar\u00eds ag 1:30pm agus beidh ceol agus amhr\u00e1na\u00edocht ag deirfi\u00faracha R\u00e1th Chairn, <strong>\u00c9t\u00e1in agus M\u00e1ire N\u00ed Churraoin<\/strong><span>\u00a0<\/span>a bhuaigh &#8216;R\u00e9alta agus Gaolta&#8217; na bliana seo.<\/p>\n<p>&nbsp;<\/p>\n<p>Buail isteach chugainn ag\u00a0seast\u00e1n Subaru\u00a0<strong>Bloc 2, Sraith 23, Seast\u00e1n 528.\u00a0\u00a0<\/strong><\/p>\n<p>&nbsp;<\/p>\n","protected":false},"excerpt":{"rendered":"<p>Beidh cad \u00e9 ceol, damhsa agus siamsa\u00edocht beo ar f\u00e1il gach l\u00e1 den 89\u00fa Com\u00f3rtas ag seast\u00e1n Subaru Bloc 2, Sraith 23, Seast\u00e1n 528. D\u00e9 M\u00e1irt 17\u00fa Me\u00e1n F\u00f3mhair, beidh ceol beo le r\u00e9alt an cheoil t\u00edre, Trudi Lalor\u00a0chomh maith le ceol beo \u00f3 bhuaiteoir Ceolt\u00f3ir \u00d3g na Bliana, Gradam Ceoil TG4 2017 Liam O&#8217;Brien\u00a0agus [&hellip;]<\/p>\n","protected":false},"author":876,"featured_media":3360,"parent":98830,"menu_order":35,"comment_status":"closed","ping_status":"closed","template":"page-templates\/template-pr.php","meta":{"_acf_changed":false,"footnotes":""},"acf":[],"yoast_head":"<!-- This site is optimized with the Yoast SEO plugin v22.6 - https:\/\/yoast.com\/wordpress\/plugins\/seo\/ -->\n<title>TG4 i gcomhar le Subaru ag an gCom\u00f3rtas N\u00e1isi\u00fanta Treabhad\u00f3ireachta 2019 - TG4<\/title>\n<meta name=\"robots\" content=\"index, follow, max-snippet:-1, max-image-preview:large, max-video-preview:-1\" \/>\n<meta property=\"og:locale\" content=\"en_US\" \/>\n<meta property=\"og:type\" content=\"article\" \/>\n<meta property=\"og:title\" content=\"TG4 i gcomhar le Subaru ag an gCom\u00f3rtas N\u00e1isi\u00fanta Treabhad\u00f3ireachta 2019 - TG4\" \/>\n<meta property=\"og:description\" content=\"Beidh cad \u00e9 ceol, damhsa agus siamsa\u00edocht beo ar f\u00e1il gach l\u00e1 den 89\u00fa Com\u00f3rtas ag seast\u00e1n Subaru Bloc 2, Sraith 23, Seast\u00e1n 528. D\u00e9 M\u00e1irt 17\u00fa Me\u00e1n F\u00f3mhair, beidh ceol beo le r\u00e9alt an cheoil t\u00edre, Trudi Lalor\u00a0chomh maith le ceol beo \u00f3 bhuaiteoir Ceolt\u00f3ir \u00d3g na Bliana, Gradam Ceoil TG4 2017 Liam O&#8217;Brien\u00a0agus [&hellip;]\" \/>\n<meta property=\"og:url\" content=\"https:\/\/dev.tg4.ie\/ga\/eolas\/preas\/nuacht-raitis\/2019-2\/tg4-i-gcomhar-le-subaru-ag-an-gcomortas-naisiunta-treabhadoireachta-2019\/\" \/>\n<meta property=\"og:site_name\" content=\"TG4\" \/>\n<meta property=\"article:publisher\" content=\"https:\/\/www.facebook.com\/TG4TV\" \/>\n<meta property=\"article:modified_time\" content=\"2019-11-12T11:18:41+00:00\" \/>\n<meta property=\"og:image\" content=\"https:\/\/tg4-docs.s3.amazonaws.com\/tg4-redesign-2015\/wp-content\/uploads\/2015\/09\/Ploughing.jpg\" \/>\n\t<meta property=\"og:image:width\" content=\"1920\" \/>\n\t<meta property=\"og:image:height\" content=\"1278\" \/>\n\t<meta property=\"og:image:type\" content=\"image\/jpeg\" \/>\n<meta name=\"twitter:card\" content=\"summary_large_image\" \/>\n<meta name=\"twitter:site\" content=\"@TG4TV\" \/>\n<meta name=\"twitter:label1\" content=\"Est. reading time\" \/>\n\t<meta name=\"twitter:data1\" content=\"1 minute\" \/>\n<script type=\"application\/ld+json\" class=\"yoast-schema-graph\">{\"@context\":\"https:\/\/schema.org\",\"@graph\":[{\"@type\":\"WebPage\",\"@id\":\"https:\/\/dev.tg4.ie\/ga\/eolas\/preas\/nuacht-raitis\/2019-2\/tg4-i-gcomhar-le-subaru-ag-an-gcomortas-naisiunta-treabhadoireachta-2019\/\",\"url\":\"https:\/\/dev.tg4.ie\/ga\/eolas\/preas\/nuacht-raitis\/2019-2\/tg4-i-gcomhar-le-subaru-ag-an-gcomortas-naisiunta-treabhadoireachta-2019\/\",\"name\":\"TG4 i gcomhar le Subaru ag an gCom\u00f3rtas N\u00e1isi\u00fanta Treabhad\u00f3ireachta 2019 - TG4\",\"isPartOf\":{\"@id\":\"https:\/\/dev.tg4.ie\/en\/#website\"},\"primaryImageOfPage\":{\"@id\":\"https:\/\/dev.tg4.ie\/ga\/eolas\/preas\/nuacht-raitis\/2019-2\/tg4-i-gcomhar-le-subaru-ag-an-gcomortas-naisiunta-treabhadoireachta-2019\/#primaryimage\"},\"image\":{\"@id\":\"https:\/\/dev.tg4.ie\/ga\/eolas\/preas\/nuacht-raitis\/2019-2\/tg4-i-gcomhar-le-subaru-ag-an-gcomortas-naisiunta-treabhadoireachta-2019\/#primaryimage\"},\"thumbnailUrl\":\"https:\/\/tg4-docs.s3.amazonaws.com\/tg4-redesign-2015\/wp-content\/uploads\/2015\/09\/Ploughing.jpg\",\"datePublished\":\"2019-09-16T11:08:27+00:00\",\"dateModified\":\"2019-11-12T11:18:41+00:00\",\"breadcrumb\":{\"@id\":\"https:\/\/dev.tg4.ie\/ga\/eolas\/preas\/nuacht-raitis\/2019-2\/tg4-i-gcomhar-le-subaru-ag-an-gcomortas-naisiunta-treabhadoireachta-2019\/#breadcrumb\"},\"inLanguage\":\"ga\",\"potentialAction\":[{\"@type\":\"ReadAction\",\"target\":[\"https:\/\/dev.tg4.ie\/ga\/eolas\/preas\/nuacht-raitis\/2019-2\/tg4-i-gcomhar-le-subaru-ag-an-gcomortas-naisiunta-treabhadoireachta-2019\/\"]}]},{\"@type\":\"ImageObject\",\"inLanguage\":\"ga\",\"@id\":\"https:\/\/dev.tg4.ie\/ga\/eolas\/preas\/nuacht-raitis\/2019-2\/tg4-i-gcomhar-le-subaru-ag-an-gcomortas-naisiunta-treabhadoireachta-2019\/#primaryimage\",\"url\":\"https:\/\/tg4-docs.s3.amazonaws.com\/tg4-redesign-2015\/wp-content\/uploads\/2015\/09\/Ploughing.jpg\",\"contentUrl\":\"https:\/\/tg4-docs.s3.amazonaws.com\/tg4-redesign-2015\/wp-content\/uploads\/2015\/09\/Ploughing.jpg\",\"width\":1920,\"height\":1278},{\"@type\":\"BreadcrumbList\",\"@id\":\"https:\/\/dev.tg4.ie\/ga\/eolas\/preas\/nuacht-raitis\/2019-2\/tg4-i-gcomhar-le-subaru-ag-an-gcomortas-naisiunta-treabhadoireachta-2019\/#breadcrumb\",\"itemListElement\":[{\"@type\":\"ListItem\",\"position\":1,\"name\":\"Home\",\"item\":\"https:\/\/dev.tg4.ie\/ga\/\"},{\"@type\":\"ListItem\",\"position\":2,\"name\":\"Eolas\",\"item\":\"https:\/\/dev.tg4.ie\/ga\/eolas\/\"},{\"@type\":\"ListItem\",\"position\":3,\"name\":\"Preas\",\"item\":\"https:\/\/dev.tg4.ie\/ga\/eolas\/preas\/\"},{\"@type\":\"ListItem\",\"position\":4,\"name\":\"Nuacht R\u00e1itis\",\"item\":\"https:\/\/dev.tg4.ie\/ga\/eolas\/preas\/nuacht-raitis\/\"},{\"@type\":\"ListItem\",\"position\":5,\"name\":\"2019\",\"item\":\"https:\/\/dev.tg4.ie\/ga\/eolas\/preas\/nuacht-raitis\/2019-2\/\"},{\"@type\":\"ListItem\",\"position\":6,\"name\":\"TG4 i gcomhar le Subaru ag an gCom\u00f3rtas N\u00e1isi\u00fanta Treabhad\u00f3ireachta 2019\"}]},{\"@type\":\"WebSite\",\"@id\":\"https:\/\/dev.tg4.ie\/en\/#website\",\"url\":\"https:\/\/dev.tg4.ie\/en\/\",\"name\":\"TG4\",\"description\":\"S\u00fail Eile\",\"potentialAction\":[{\"@type\":\"SearchAction\",\"target\":{\"@type\":\"EntryPoint\",\"urlTemplate\":\"https:\/\/dev.tg4.ie\/en\/?s={search_term_string}\"},\"query-input\":\"required name=search_term_string\"}],\"inLanguage\":\"ga\"}]}<\/script>\n<!-- \/ Yoast SEO plugin. -->","yoast_head_json":{"title":"TG4 i gcomhar le Subaru ag an gCom\u00f3rtas N\u00e1isi\u00fanta Treabhad\u00f3ireachta 2019 - TG4","robots":{"index":"index","follow":"follow","max-snippet":"max-snippet:-1","max-image-preview":"max-image-preview:large","max-video-preview":"max-video-preview:-1"},"og_locale":"en_US","og_type":"article","og_title":"TG4 i gcomhar le Subaru ag an gCom\u00f3rtas N\u00e1isi\u00fanta Treabhad\u00f3ireachta 2019 - TG4","og_description":"Beidh cad \u00e9 ceol, damhsa agus siamsa\u00edocht beo ar f\u00e1il gach l\u00e1 den 89\u00fa Com\u00f3rtas ag seast\u00e1n Subaru Bloc 2, Sraith 23, Seast\u00e1n 528. D\u00e9 M\u00e1irt 17\u00fa Me\u00e1n F\u00f3mhair, beidh ceol beo le r\u00e9alt an cheoil t\u00edre, Trudi Lalor\u00a0chomh maith le ceol beo \u00f3 bhuaiteoir Ceolt\u00f3ir \u00d3g na Bliana, Gradam Ceoil TG4 2017 Liam O&#8217;Brien\u00a0agus [&hellip;]","og_url":"https:\/\/dev.tg4.ie\/ga\/eolas\/preas\/nuacht-raitis\/2019-2\/tg4-i-gcomhar-le-subaru-ag-an-gcomortas-naisiunta-treabhadoireachta-2019\/","og_site_name":"TG4","article_publisher":"https:\/\/www.facebook.com\/TG4TV","article_modified_time":"2019-11-12T11:18:41+00:00","og_image":[{"width":1920,"height":1278,"url":"https:\/\/tg4-docs.s3.amazonaws.com\/tg4-redesign-2015\/wp-content\/uploads\/2015\/09\/Ploughing.jpg","type":"image\/jpeg"}],"twitter_card":"summary_large_image","twitter_site":"@TG4TV","twitter_misc":{"Est. reading time":"1 minute"},"schema":{"@context":"https:\/\/schema.org","@graph":[{"@type":"WebPage","@id":"https:\/\/dev.tg4.ie\/ga\/eolas\/preas\/nuacht-raitis\/2019-2\/tg4-i-gcomhar-le-subaru-ag-an-gcomortas-naisiunta-treabhadoireachta-2019\/","url":"https:\/\/dev.tg4.ie\/ga\/eolas\/preas\/nuacht-raitis\/2019-2\/tg4-i-gcomhar-le-subaru-ag-an-gcomortas-naisiunta-treabhadoireachta-2019\/","name":"TG4 i gcomhar le Subaru ag an gCom\u00f3rtas N\u00e1isi\u00fanta Treabhad\u00f3ireachta 2019 - TG4","isPartOf":{"@id":"https:\/\/dev.tg4.ie\/en\/#website"},"primaryImageOfPage":{"@id":"https:\/\/dev.tg4.ie\/ga\/eolas\/preas\/nuacht-raitis\/2019-2\/tg4-i-gcomhar-le-subaru-ag-an-gcomortas-naisiunta-treabhadoireachta-2019\/#primaryimage"},"image":{"@id":"https:\/\/dev.tg4.ie\/ga\/eolas\/preas\/nuacht-raitis\/2019-2\/tg4-i-gcomhar-le-subaru-ag-an-gcomortas-naisiunta-treabhadoireachta-2019\/#primaryimage"},"thumbnailUrl":"https:\/\/tg4-docs.s3.amazonaws.com\/tg4-redesign-2015\/wp-content\/uploads\/2015\/09\/Ploughing.jpg","datePublished":"2019-09-16T11:08:27+00:00","dateModified":"2019-11-12T11:18:41+00:00","breadcrumb":{"@id":"https:\/\/dev.tg4.ie\/ga\/eolas\/preas\/nuacht-raitis\/2019-2\/tg4-i-gcomhar-le-subaru-ag-an-gcomortas-naisiunta-treabhadoireachta-2019\/#breadcrumb"},"inLanguage":"ga","potentialAction":[{"@type":"ReadAction","target":["https:\/\/dev.tg4.ie\/ga\/eolas\/preas\/nuacht-raitis\/2019-2\/tg4-i-gcomhar-le-subaru-ag-an-gcomortas-naisiunta-treabhadoireachta-2019\/"]}]},{"@type":"ImageObject","inLanguage":"ga","@id":"https:\/\/dev.tg4.ie\/ga\/eolas\/preas\/nuacht-raitis\/2019-2\/tg4-i-gcomhar-le-subaru-ag-an-gcomortas-naisiunta-treabhadoireachta-2019\/#primaryimage","url":"https:\/\/tg4-docs.s3.amazonaws.com\/tg4-redesign-2015\/wp-content\/uploads\/2015\/09\/Ploughing.jpg","contentUrl":"https:\/\/tg4-docs.s3.amazonaws.com\/tg4-redesign-2015\/wp-content\/uploads\/2015\/09\/Ploughing.jpg","width":1920,"height":1278},{"@type":"BreadcrumbList","@id":"https:\/\/dev.tg4.ie\/ga\/eolas\/preas\/nuacht-raitis\/2019-2\/tg4-i-gcomhar-le-subaru-ag-an-gcomortas-naisiunta-treabhadoireachta-2019\/#breadcrumb","itemListElement":[{"@type":"ListItem","position":1,"name":"Home","item":"https:\/\/dev.tg4.ie\/ga\/"},{"@type":"ListItem","position":2,"name":"Eolas","item":"https:\/\/dev.tg4.ie\/ga\/eolas\/"},{"@type":"ListItem","position":3,"name":"Preas","item":"https:\/\/dev.tg4.ie\/ga\/eolas\/preas\/"},{"@type":"ListItem","position":4,"name":"Nuacht R\u00e1itis","item":"https:\/\/dev.tg4.ie\/ga\/eolas\/preas\/nuacht-raitis\/"},{"@type":"ListItem","position":5,"name":"2019","item":"https:\/\/dev.tg4.ie\/ga\/eolas\/preas\/nuacht-raitis\/2019-2\/"},{"@type":"ListItem","position":6,"name":"TG4 i gcomhar le Subaru ag an gCom\u00f3rtas N\u00e1isi\u00fanta Treabhad\u00f3ireachta 2019"}]},{"@type":"WebSite","@id":"https:\/\/dev.tg4.ie\/en\/#website","url":"https:\/\/dev.tg4.ie\/en\/","name":"TG4","description":"S\u00fail Eile","potentialAction":[{"@type":"SearchAction","target":{"@type":"EntryPoint","urlTemplate":"https:\/\/dev.tg4.ie\/en\/?s={search_term_string}"},"query-input":"required name=search_term_string"}],"inLanguage":"ga"}]}},"_links":{"self":[{"href":"https:\/\/dev.tg4.ie\/ga\/wp-json\/wp\/v2\/pages\/109206"}],"collection":[{"href":"https:\/\/dev.tg4.ie\/ga\/wp-json\/wp\/v2\/pages"}],"about":[{"href":"https:\/\/dev.tg4.ie\/ga\/wp-json\/wp\/v2\/types\/page"}],"author":[{"embeddable":true,"href":"https:\/\/dev.tg4.ie\/ga\/wp-json\/wp\/v2\/users\/876"}],"replies":[{"embeddable":true,"href":"https:\/\/dev.tg4.ie\/ga\/wp-json\/wp\/v2\/comments?post=109206"}],"version-history":[{"count":0,"href":"https:\/\/dev.tg4.ie\/ga\/wp-json\/wp\/v2\/pages\/109206\/revisions"}],"up":[{"embeddable":true,"href":"https:\/\/dev.tg4.ie\/ga\/wp-json\/wp\/v2\/pages\/98830"}],"wp:featuredmedia":[{"embeddable":true,"href":"https:\/\/dev.tg4.ie\/ga\/wp-json\/wp\/v2\/media\/3360"}],"wp:attachment":[{"href":"https:\/\/dev.tg4.ie\/ga\/wp-json\/wp\/v2\/media?parent=109206"}],"curies":[{"name":"wp","href":"https:\/\/api.w.org\/{rel}","templated":true}]}}