{"id":109266,"date":"2019-09-16T16:25:12","date_gmt":"2019-09-16T15:25:12","guid":{"rendered":"https:\/\/dev.tg4.ie\/?page_id=109266"},"modified":"2020-04-21T22:10:35","modified_gmt":"2020-04-21T21:10:35","slug":"la-stairiuil-do-tg4-agus-peil-na-mban-inne","status":"publish","type":"page","link":"https:\/\/dev.tg4.ie\/ga\/eolas\/preas\/nuacht-raitis\/2019-2\/la-stairiuil-do-tg4-agus-peil-na-mban-inne\/","title":{"rendered":"L\u00e1 Stairi\u00fail do TG4 agus Peil na mBan inn\u00e9"},"content":{"rendered":"<p>D&#8217;fhreastail<span>\u00a0<\/span><strong><span>56,114<\/span><\/strong><span>\u00a0<\/span>duine ar an gcraobh inn\u00e9, an lucht freastail is airde riamh ag Cluich\u00ed Ceannais Pheil na mBan, ard\u00fa ar an 50,141 a bh\u00ed i l\u00e1thair in 2018. N\u00ed raibh m\u00f3r\u00e1n idir an figi\u00far sin agus cluiche ceannais Chorn Domhanda FIFA na mBan a imr\u00edodh n\u00edos luaithe i mbliana sa Fhrainc nuair a bh\u00ed 57,900 duine i l\u00e1thair.<\/p>\n<p>&nbsp;<\/p>\n<p>De r\u00e9ir figi\u00fair\u00ed f\u00e9achana \u00f3 TAM Ireland, d&#8217;fh\u00e9ach<span>\u00a0<\/span><strong><span>666,000<\/span><\/strong><span>\u00a0<\/span>duine ar chluich\u00ed ceannais peile na mban inn\u00e9 ar TG4, agus bh\u00ed me\u00e1n lucht f\u00e9achana<span>\u00a0<\/span><strong><span>252,500\u00a0<\/span><\/strong>ag f\u00e9achaint ar chraoladh beo chluiche na sinsear idir \u00c1th Cliath agus Gaillimh, ard\u00fa 70,000 ar an me\u00e1n \u00f3 2018. Is \u00e9 seo an dara cluiche is m\u00f3 lucht f\u00e9achana \u00f3 thosaigh TG4 ag craoladh cluich\u00ed Peile na mBan sa bhliain 2001.<\/p>\n<p>&nbsp;<\/p>\n<p>Bh\u00ed<span>\u00a0<\/span><strong><span>30% den lucht f\u00e9achana<\/span><\/strong><span>\u00a0<\/span>ag an am ag f\u00e9achaint ar an gcluiche ceannais, agus ba \u00e9 TG4 an cain\u00e9al ba mh\u00f3 a raibh daoine ag f\u00e9achaint air in \u00c9irinn tr\u00e1thn\u00f3na inn\u00e9.\u00a0 Ag 5:19pm i dtreo dheireadh an chluiche a bh\u00ed an lucht f\u00e9achana ba mh\u00f3 ag an mbeochraoladh agus<span>\u00a0<\/span><strong><span>358,400<\/span><\/strong><span>\u00a0<\/span>duine ag f\u00e9achaint ar \u00c1th Cliath ag tabhairt Corn Bhreand\u00e1in U\u00ed Mh\u00e1irt\u00edn leo don tr\u00ed\u00fa bliain as a ch\u00e9ile.<\/p>\n<p>&nbsp;<\/p>\n<p>Deir Alan Esslemont, Ard-Sti\u00farth\u00f3ir TG4<em><b><span>, &#8216;T\u00e1 TG4 thar a bheith br\u00f3d\u00fail as an gcomhph\u00e1irt\u00edocht at\u00e1 aige leis an LGFA agus le Lidl.\u00a0 T\u00e1 sp\u00f3rt na mban l\u00e1rnach i strait\u00e9is TG4 le blianta fada agus cuireann an t-ard\u00fa pr\u00f3if\u00edle at\u00e1 faighte ag peilead\u00f3ir\u00ed mn\u00e1 an LGFA go n\u00e1isi\u00fanta gliondar ar \u00e1r gcro\u00ed.\u00a0 T\u00e1 muid thar a bheith br\u00f3d\u00fail go bhfuil muid p\u00e1irteach san fheachtas 20 x 20.\u00a0 I 2020 beidh muid ag ceili\u00faradh fiche bliain de Chraobh Pheil na mBan ar TG4 agus t\u00e1 muid ag s\u00fail go m\u00f3r leis!&#8217;<\/span><\/b><\/em><\/p>\n<p>&nbsp;<\/p>\n<p>Deir Marie Hickey Uachtar\u00e1n Chumann Pheil na mBan<span>\u00a0<\/span><em><b><span>&#8220;T\u00e1 an t-\u00e1dh orainn go bhfuil TG4 ag lean\u00faint lena urra\u00edocht ar Chraobhchom\u00f3rtas Pheil na mBan, agus go gcraoltar \u00e1r gcluich\u00ed, n\u00ed hamh\u00e1in go n\u00e1isi\u00fanta ach go hidirn\u00e1isi\u00fanta, chuig lucht f\u00e9achana domhanda ar sheinnteoir TG4.\u00a0 Glacaim bu\u00edochas \u00f3 chro\u00ed le Alan Esslemont agus Foireann TG4 tr\u00ed ch\u00e9ile, agus curiarracht nua bainte amach againn inn\u00e9 i bP\u00e1irc an Chr\u00f3caigh.\u00a0 T\u00e1imid ag tabhairt aghaidh cheana f\u00e9in ar sh\u00e9as\u00far 2020, bliain ina nd\u00e9anfar ceili\u00faradh ar 20 bliain den chomhph\u00e1irt\u00edocht idir TG4 agus Cumann Pheil na mBan.\u00a0 Bh\u00ed an #clib #Properfan ag treocht\u00e1il le linn na gcluich\u00ed ceannais D\u00e9 Domhnaigh, agus l\u00e9ir\u00edonn na figi\u00fair\u00ed ar an lucht f\u00e9achana an t\u00f3ir at\u00e1 ar chluich\u00ed peile na mban&#8217;.<\/span><\/b><\/em><\/p>\n<p>&nbsp;<\/p>\n<p>&nbsp;<\/p>\n<p><img decoding=\"async\" class=\"aligncenter size-full wp-image-109301\" src=\"https:\/\/d1og0s8nlbd0hm.cloudfront.net\/tg4-redesign-2015\/wp-content\/uploads\/2019\/09\/Stats_CC_Peil_na_mBan_2019.jpg\" alt=\"\" \/><\/p>\n<p>&nbsp;<\/p>\n<p>&nbsp;<\/p>\n","protected":false},"excerpt":{"rendered":"<p>D&#8217;fhreastail\u00a056,114\u00a0duine ar an gcraobh inn\u00e9, an lucht freastail is airde riamh ag Cluich\u00ed Ceannais Pheil na mBan, ard\u00fa ar an 50,141 a bh\u00ed i l\u00e1thair in 2018. N\u00ed raibh m\u00f3r\u00e1n idir an figi\u00far sin agus cluiche ceannais Chorn Domhanda FIFA na mBan a imr\u00edodh n\u00edos luaithe i mbliana sa Fhrainc nuair a bh\u00ed 57,900 duine [&hellip;]<\/p>\n","protected":false},"author":876,"featured_media":109273,"parent":98830,"menu_order":36,"comment_status":"closed","ping_status":"closed","template":"page-templates\/template-pr.php","meta":{"_acf_changed":false,"footnotes":""},"acf":[],"yoast_head":"<!-- This site is optimized with the Yoast SEO plugin v22.6 - https:\/\/yoast.com\/wordpress\/plugins\/seo\/ -->\n<title>L\u00e1 Stairi\u00fail do TG4 agus Peil na mBan inn\u00e9 | Preas R\u00e1iteas | Sp\u00f3rt TG4 | LGFA | TG4<\/title>\n<meta name=\"robots\" content=\"index, follow, max-snippet:-1, max-image-preview:large, max-video-preview:-1\" \/>\n<meta property=\"og:locale\" content=\"en_US\" \/>\n<meta property=\"og:type\" content=\"article\" \/>\n<meta property=\"og:title\" content=\"L\u00e1 Stairi\u00fail do TG4 agus Peil na mBan inn\u00e9 | Preas R\u00e1iteas | Sp\u00f3rt TG4 | LGFA | TG4\" \/>\n<meta property=\"og:description\" content=\"D&#8217;fhreastail\u00a056,114\u00a0duine ar an gcraobh inn\u00e9, an lucht freastail is airde riamh ag Cluich\u00ed Ceannais Pheil na mBan, ard\u00fa ar an 50,141 a bh\u00ed i l\u00e1thair in 2018. N\u00ed raibh m\u00f3r\u00e1n idir an figi\u00far sin agus cluiche ceannais Chorn Domhanda FIFA na mBan a imr\u00edodh n\u00edos luaithe i mbliana sa Fhrainc nuair a bh\u00ed 57,900 duine [&hellip;]\" \/>\n<meta property=\"og:url\" content=\"https:\/\/dev.tg4.ie\/ga\/eolas\/preas\/nuacht-raitis\/2019-2\/la-stairiuil-do-tg4-agus-peil-na-mban-inne\/\" \/>\n<meta property=\"og:site_name\" content=\"TG4\" \/>\n<meta property=\"article:publisher\" content=\"https:\/\/www.facebook.com\/TG4TV\" \/>\n<meta property=\"article:modified_time\" content=\"2020-04-21T21:10:35+00:00\" \/>\n<meta property=\"og:image\" content=\"https:\/\/tg4-docs.s3.amazonaws.com\/wp-content\/uploads\/2024\/11\/18151812\/TG4_2024_corcra_teal_1-1920x1080-1.jpg\" \/>\n\t<meta property=\"og:image:width\" content=\"1920\" \/>\n\t<meta property=\"og:image:height\" content=\"1080\" \/>\n\t<meta property=\"og:image:type\" content=\"image\/jpeg\" \/>\n<meta name=\"twitter:card\" content=\"summary_large_image\" \/>\n<meta name=\"twitter:site\" content=\"@TG4TV\" \/>\n<meta name=\"twitter:label1\" content=\"Est. reading time\" \/>\n\t<meta name=\"twitter:data1\" content=\"2 minutes\" \/>\n<script type=\"application\/ld+json\" class=\"yoast-schema-graph\">{\"@context\":\"https:\/\/schema.org\",\"@graph\":[{\"@type\":\"WebPage\",\"@id\":\"https:\/\/dev.tg4.ie\/ga\/eolas\/preas\/nuacht-raitis\/2019-2\/la-stairiuil-do-tg4-agus-peil-na-mban-inne\/\",\"url\":\"https:\/\/dev.tg4.ie\/ga\/eolas\/preas\/nuacht-raitis\/2019-2\/la-stairiuil-do-tg4-agus-peil-na-mban-inne\/\",\"name\":\"L\u00e1 Stairi\u00fail do TG4 agus Peil na mBan inn\u00e9 | Preas R\u00e1iteas | Sp\u00f3rt TG4 | LGFA | TG4\",\"isPartOf\":{\"@id\":\"https:\/\/dev.tg4.ie\/en\/#website\"},\"primaryImageOfPage\":{\"@id\":\"https:\/\/dev.tg4.ie\/ga\/eolas\/preas\/nuacht-raitis\/2019-2\/la-stairiuil-do-tg4-agus-peil-na-mban-inne\/#primaryimage\"},\"image\":{\"@id\":\"https:\/\/dev.tg4.ie\/ga\/eolas\/preas\/nuacht-raitis\/2019-2\/la-stairiuil-do-tg4-agus-peil-na-mban-inne\/#primaryimage\"},\"thumbnailUrl\":\"\",\"datePublished\":\"2019-09-16T15:25:12+00:00\",\"dateModified\":\"2020-04-21T21:10:35+00:00\",\"breadcrumb\":{\"@id\":\"https:\/\/dev.tg4.ie\/ga\/eolas\/preas\/nuacht-raitis\/2019-2\/la-stairiuil-do-tg4-agus-peil-na-mban-inne\/#breadcrumb\"},\"inLanguage\":\"ga\",\"potentialAction\":[{\"@type\":\"ReadAction\",\"target\":[\"https:\/\/dev.tg4.ie\/ga\/eolas\/preas\/nuacht-raitis\/2019-2\/la-stairiuil-do-tg4-agus-peil-na-mban-inne\/\"]}]},{\"@type\":\"ImageObject\",\"inLanguage\":\"ga\",\"@id\":\"https:\/\/dev.tg4.ie\/ga\/eolas\/preas\/nuacht-raitis\/2019-2\/la-stairiuil-do-tg4-agus-peil-na-mban-inne\/#primaryimage\",\"url\":\"\",\"contentUrl\":\"\"},{\"@type\":\"BreadcrumbList\",\"@id\":\"https:\/\/dev.tg4.ie\/ga\/eolas\/preas\/nuacht-raitis\/2019-2\/la-stairiuil-do-tg4-agus-peil-na-mban-inne\/#breadcrumb\",\"itemListElement\":[{\"@type\":\"ListItem\",\"position\":1,\"name\":\"Home\",\"item\":\"https:\/\/dev.tg4.ie\/ga\/\"},{\"@type\":\"ListItem\",\"position\":2,\"name\":\"Eolas\",\"item\":\"https:\/\/dev.tg4.ie\/ga\/eolas\/\"},{\"@type\":\"ListItem\",\"position\":3,\"name\":\"Preas\",\"item\":\"https:\/\/dev.tg4.ie\/ga\/eolas\/preas\/\"},{\"@type\":\"ListItem\",\"position\":4,\"name\":\"Nuacht R\u00e1itis\",\"item\":\"https:\/\/dev.tg4.ie\/ga\/eolas\/preas\/nuacht-raitis\/\"},{\"@type\":\"ListItem\",\"position\":5,\"name\":\"2019\",\"item\":\"https:\/\/dev.tg4.ie\/ga\/eolas\/preas\/nuacht-raitis\/2019-2\/\"},{\"@type\":\"ListItem\",\"position\":6,\"name\":\"L\u00e1 Stairi\u00fail do TG4 agus Peil na mBan inn\u00e9\"}]},{\"@type\":\"WebSite\",\"@id\":\"https:\/\/dev.tg4.ie\/en\/#website\",\"url\":\"https:\/\/dev.tg4.ie\/en\/\",\"name\":\"TG4\",\"description\":\"S\u00fail Eile\",\"potentialAction\":[{\"@type\":\"SearchAction\",\"target\":{\"@type\":\"EntryPoint\",\"urlTemplate\":\"https:\/\/dev.tg4.ie\/en\/?s={search_term_string}\"},\"query-input\":\"required name=search_term_string\"}],\"inLanguage\":\"ga\"}]}<\/script>\n<!-- \/ Yoast SEO plugin. -->","yoast_head_json":{"title":"L\u00e1 Stairi\u00fail do TG4 agus Peil na mBan inn\u00e9 | Preas R\u00e1iteas | Sp\u00f3rt TG4 | LGFA | TG4","robots":{"index":"index","follow":"follow","max-snippet":"max-snippet:-1","max-image-preview":"max-image-preview:large","max-video-preview":"max-video-preview:-1"},"og_locale":"en_US","og_type":"article","og_title":"L\u00e1 Stairi\u00fail do TG4 agus Peil na mBan inn\u00e9 | Preas R\u00e1iteas | Sp\u00f3rt TG4 | LGFA | TG4","og_description":"D&#8217;fhreastail\u00a056,114\u00a0duine ar an gcraobh inn\u00e9, an lucht freastail is airde riamh ag Cluich\u00ed Ceannais Pheil na mBan, ard\u00fa ar an 50,141 a bh\u00ed i l\u00e1thair in 2018. N\u00ed raibh m\u00f3r\u00e1n idir an figi\u00far sin agus cluiche ceannais Chorn Domhanda FIFA na mBan a imr\u00edodh n\u00edos luaithe i mbliana sa Fhrainc nuair a bh\u00ed 57,900 duine [&hellip;]","og_url":"https:\/\/dev.tg4.ie\/ga\/eolas\/preas\/nuacht-raitis\/2019-2\/la-stairiuil-do-tg4-agus-peil-na-mban-inne\/","og_site_name":"TG4","article_publisher":"https:\/\/www.facebook.com\/TG4TV","article_modified_time":"2020-04-21T21:10:35+00:00","og_image":[{"width":1920,"height":1080,"url":"https:\/\/tg4-docs.s3.amazonaws.com\/wp-content\/uploads\/2024\/11\/18151812\/TG4_2024_corcra_teal_1-1920x1080-1.jpg","type":"image\/jpeg"}],"twitter_card":"summary_large_image","twitter_site":"@TG4TV","twitter_misc":{"Est. reading time":"2 minutes"},"schema":{"@context":"https:\/\/schema.org","@graph":[{"@type":"WebPage","@id":"https:\/\/dev.tg4.ie\/ga\/eolas\/preas\/nuacht-raitis\/2019-2\/la-stairiuil-do-tg4-agus-peil-na-mban-inne\/","url":"https:\/\/dev.tg4.ie\/ga\/eolas\/preas\/nuacht-raitis\/2019-2\/la-stairiuil-do-tg4-agus-peil-na-mban-inne\/","name":"L\u00e1 Stairi\u00fail do TG4 agus Peil na mBan inn\u00e9 | Preas R\u00e1iteas | Sp\u00f3rt TG4 | LGFA | TG4","isPartOf":{"@id":"https:\/\/dev.tg4.ie\/en\/#website"},"primaryImageOfPage":{"@id":"https:\/\/dev.tg4.ie\/ga\/eolas\/preas\/nuacht-raitis\/2019-2\/la-stairiuil-do-tg4-agus-peil-na-mban-inne\/#primaryimage"},"image":{"@id":"https:\/\/dev.tg4.ie\/ga\/eolas\/preas\/nuacht-raitis\/2019-2\/la-stairiuil-do-tg4-agus-peil-na-mban-inne\/#primaryimage"},"thumbnailUrl":"","datePublished":"2019-09-16T15:25:12+00:00","dateModified":"2020-04-21T21:10:35+00:00","breadcrumb":{"@id":"https:\/\/dev.tg4.ie\/ga\/eolas\/preas\/nuacht-raitis\/2019-2\/la-stairiuil-do-tg4-agus-peil-na-mban-inne\/#breadcrumb"},"inLanguage":"ga","potentialAction":[{"@type":"ReadAction","target":["https:\/\/dev.tg4.ie\/ga\/eolas\/preas\/nuacht-raitis\/2019-2\/la-stairiuil-do-tg4-agus-peil-na-mban-inne\/"]}]},{"@type":"ImageObject","inLanguage":"ga","@id":"https:\/\/dev.tg4.ie\/ga\/eolas\/preas\/nuacht-raitis\/2019-2\/la-stairiuil-do-tg4-agus-peil-na-mban-inne\/#primaryimage","url":"","contentUrl":""},{"@type":"BreadcrumbList","@id":"https:\/\/dev.tg4.ie\/ga\/eolas\/preas\/nuacht-raitis\/2019-2\/la-stairiuil-do-tg4-agus-peil-na-mban-inne\/#breadcrumb","itemListElement":[{"@type":"ListItem","position":1,"name":"Home","item":"https:\/\/dev.tg4.ie\/ga\/"},{"@type":"ListItem","position":2,"name":"Eolas","item":"https:\/\/dev.tg4.ie\/ga\/eolas\/"},{"@type":"ListItem","position":3,"name":"Preas","item":"https:\/\/dev.tg4.ie\/ga\/eolas\/preas\/"},{"@type":"ListItem","position":4,"name":"Nuacht R\u00e1itis","item":"https:\/\/dev.tg4.ie\/ga\/eolas\/preas\/nuacht-raitis\/"},{"@type":"ListItem","position":5,"name":"2019","item":"https:\/\/dev.tg4.ie\/ga\/eolas\/preas\/nuacht-raitis\/2019-2\/"},{"@type":"ListItem","position":6,"name":"L\u00e1 Stairi\u00fail do TG4 agus Peil na mBan inn\u00e9"}]},{"@type":"WebSite","@id":"https:\/\/dev.tg4.ie\/en\/#website","url":"https:\/\/dev.tg4.ie\/en\/","name":"TG4","description":"S\u00fail Eile","potentialAction":[{"@type":"SearchAction","target":{"@type":"EntryPoint","urlTemplate":"https:\/\/dev.tg4.ie\/en\/?s={search_term_string}"},"query-input":"required name=search_term_string"}],"inLanguage":"ga"}]}},"_links":{"self":[{"href":"https:\/\/dev.tg4.ie\/ga\/wp-json\/wp\/v2\/pages\/109266"}],"collection":[{"href":"https:\/\/dev.tg4.ie\/ga\/wp-json\/wp\/v2\/pages"}],"about":[{"href":"https:\/\/dev.tg4.ie\/ga\/wp-json\/wp\/v2\/types\/page"}],"author":[{"embeddable":true,"href":"https:\/\/dev.tg4.ie\/ga\/wp-json\/wp\/v2\/users\/876"}],"replies":[{"embeddable":true,"href":"https:\/\/dev.tg4.ie\/ga\/wp-json\/wp\/v2\/comments?post=109266"}],"version-history":[{"count":0,"href":"https:\/\/dev.tg4.ie\/ga\/wp-json\/wp\/v2\/pages\/109266\/revisions"}],"up":[{"embeddable":true,"href":"https:\/\/dev.tg4.ie\/ga\/wp-json\/wp\/v2\/pages\/98830"}],"wp:featuredmedia":[{"embeddable":true,"href":"https:\/\/dev.tg4.ie\/ga\/wp-json\/"}],"wp:attachment":[{"href":"https:\/\/dev.tg4.ie\/ga\/wp-json\/wp\/v2\/media?parent=109266"}],"curies":[{"name":"wp","href":"https:\/\/api.w.org\/{rel}","templated":true}]}}