{"id":109365,"date":"2019-09-18T15:41:22","date_gmt":"2019-09-18T14:41:22","guid":{"rendered":"https:\/\/dev.tg4.ie\/?page_id=109365"},"modified":"2019-11-12T11:20:34","modified_gmt":"2019-11-12T11:20:34","slug":"tus-curtha-leis-an-tsraith-nua-de-rugbai-beo-sa-chomortas-pro14-guinness-ar-tg4","status":"publish","type":"page","link":"https:\/\/dev.tg4.ie\/ga\/eolas\/preas\/nuacht-raitis\/2019-2\/tus-curtha-leis-an-tsraith-nua-de-rugbai-beo-sa-chomortas-pro14-guinness-ar-tg4\/","title":{"rendered":"T\u00fas curtha leis an tSraith nua de Rugba\u00ed Beo sa chom\u00f3rtas PRO14 Guinness ar TG4"},"content":{"rendered":"<p><span>Cuirfear t\u00fas le <strong>Rugba\u00ed Beo<\/strong> ar TG4 D\u00e9 hAoine seo chugainn an 27 Me\u00e1n F\u00f3mhair nuair a thaispe\u00e1nfar buaicphoint\u00ed an chluiche a imr\u00edodh idir Ulaidh agus na Ospreys i Staid Kingspan.\u00a0 D\u00e9 Sathairn ansin, an 28 Me\u00e1n F\u00f3mhair, beidh tr\u00e1thn\u00f3na m\u00f3r rugba\u00ed beo againn daoibh nuair a thabharfaidh Mumha aghaidh ar Dragons sa bhaile ar Ph\u00e1irc Thuamhan. Tabharfaidh Scarlets aghaidh ar Chonnachta ina dhiaidh sin agus beidh buaicphoint\u00ed ar fad an chluiche a imr\u00edodh idir Benetton Rugby, foireann a rinne thar barr anuraidh c\u00e9 nach raibh aon s\u00fail leis, agus Laighin.<\/span><\/p>\n<p><span>\u00a0<\/span><\/p>\n<p><span>Craolfaidh TG4 28 cluiche beo ar\u00eds an s\u00e9as\u00far seo chomh maith le craoladh iarchurtha a dh\u00e9anamh ar 9 gcinn de na cluich\u00ed a bheidh idir na c\u00faig\u00ed. Craolfar cl\u00e1r seachtaini\u00fail buaicphoint\u00ed freisin chun an chuid is fearr de Chraobhchom\u00f3rtas PRO14 Guinness a chur ar f\u00e1il do lucht f\u00e9achana na h\u00c9ireann. Mar aon le cur leis an gcl\u00fadach a rinneadh anuraidh ar threor\u00fa na r\u00e9iteoir\u00ed, agallaimh roimh na cluich\u00ed leis na pr\u00edomhch\u00f3itse\u00e1laithe agus c\u00falmhonat\u00f3ireacht fuaime a dh\u00e9anamh ar na c\u00f3itse\u00e1laithe agus ar na himreoir\u00ed, is \u00ed M\u00e1ire Treasa N\u00ed Dhubhghaill a chuirfidh an tsraith i l\u00e1thair agus cuirfidh leith\u00e9id\u00ed Eimear Considine, Deirbhile Nic a Bhaird, Marcus Horan, Ronan Loughney, Eoghan \u00d3 Neachtain, Eamonn Molloy agus neart eile a gcuid saineolais ar f\u00e1il chomh maith.<\/span><\/p>\n<p><span>\u00a0<\/span><\/p>\n<p><span>Beifear ag d\u00edri\u00fa ar Ch\u00faig\u00ed na \u00c9ireann sa Chraobhchom\u00f3rtas PRO14 Guinness nuair a fh\u00e9achfaidh Laighin leis an tr\u00ed mh\u00f3rchom\u00f3rtas a thabhairt leo. T\u00e1 Connachta f\u00f3s ag cruth\u00fa go maith faoi sti\u00fair Andy Friend agus beidh siadsan ag iarraidh n\u00edos airde n\u00e1 an tr\u00ed\u00fa h\u00e1it a bhaint amach i mbliana ina ngr\u00fapa f\u00e9in. N\u00ed bheidh Rory Best, duine de himreoir\u00ed m\u00f3ra Uladh, leo i mbliana agus beidh siadsan ag iarraidh d\u00e9anamh n\u00edos fearr n\u00e1 mar a d&#8217;\u00e9irigh leo anuraidh agus an cluiche ceannais a bhaint amach i mbliana. Beidh s\u00fail ag Mumha go gcuideoidh imreoir\u00ed nua Graham Rowntree agus Stephen Larkham leo dul n\u00edos faide n\u00e1 na cluich\u00ed leathcheannais i mbliana agus an cluiche ceannais a bheidh ar si\u00fal i Staid Cardiff City a bhaint amach den ch\u00e9ad uair \u00f3 2017.<\/span><\/p>\n<p><span>\u00a0<\/span><\/p>\n<p><span>Is \u00e9ard a d\u00fairt R\u00f3n\u00e1n \u00d3 Coisdealbha, Ceann Sp\u00f3irt TG4 inniu roimh t\u00fas an s\u00e9as\u00far nua de <em>Rugba\u00ed Beo<\/em>: <strong><em>&#8216;Is le m\u00f3rtas at\u00e1 TG4 ag r\u00e9iteach do sh\u00e9as\u00far eile de Rugba\u00ed Beo, ag lean\u00faint leis an gceangal at\u00e1 aige leis an gcom\u00f3rtas seo \u00f3n mbliain 2001. Bh\u00ed t\u00f3ir ollmh\u00f3r ar an gcl\u00fadach saor go haer a chuireamar ar f\u00e1il ar an gCraobhchom\u00f3rtas PRO14 Guinness an s\u00e9as\u00far seo caite agus t\u00e1imid ag s\u00fail le nu\u00e1la\u00edochta\u00ed nua eile a mbeidh suim ag an lucht f\u00e9achana agus ag lucht leanta rugba\u00ed iontu a thabhairt chun cinn sa s\u00e9as\u00far seo romhainn.&#8221;<\/em><\/strong><\/span><\/p>\n<p><span>\u00a0<\/span><\/p>\n<p><strong><em><span>\u00c1ir\u00edtear ar chl\u00fadach Rugba\u00ed Beo ar TG4:<\/span><\/em><\/strong><\/p>\n<ul>\n<li><span>Craoladh beo ar Chluich\u00ed Rugba\u00ed na Mumhan agus Rugba\u00ed Laighean ar fad in aghaidh fhoirne na Breataine Bige.<\/span><\/li>\n<li><span>Craoladh beo ar chluich\u00ed baile Rugba\u00ed Chonnacht. Craoladh beo &amp; eisiach ar chluich\u00ed Chonnacht ar fad in aghaidh fhoirne na Breataine Bige.<\/span><\/li>\n<\/ul>\n<p><span>\u00a0<\/span><\/p>\n<p><span>Chun tuilleadh eolais a fh\u00e1il ar an gcraoladh ar fad a dh\u00e9anfar ar sh\u00e9as\u00far rugba\u00ed na sraithe Rugba\u00ed PRO14 Guinness t\u00e9igh chuig <a href=\"https:\/\/dev.tg4.ie\/rugbaibeo\" target=\"_blank\" rel=\"noopener noreferrer\">tg4.ie\/rugbaibeo<\/a><\/span><\/p>\n<p>\u00cdomh\u00e1nna ar f\u00e1il anseo:<a href=\"https:\/\/client.inpho.ie\/tg4launchrugbabeocoverageoftheupcomingguinnesspro14season\/\" target=\"_blank\" rel=\"noopener noreferrer\">client.inpho.ie\/tg4launch<\/a><br \/>\n<span>\u00a0<\/span><\/p>\n<p><span>\u00a0<\/span><\/p>\n<p><span>\u00a0<\/span><\/p>\n<table width=\"575\">\n<tbody>\n<tr>\n<td width=\"54\"><strong>Babhta<\/strong><\/td>\n<td width=\"119\"><strong>D\u00c1TA<\/strong><\/td>\n<td width=\"66\"><strong>Am<\/strong><\/td>\n<td width=\"114\"><strong>BAILE<\/strong><\/td>\n<td width=\"24\"><strong>\u00a0<\/strong><\/td>\n<td width=\"90\"><strong>AS BAILE<\/strong><\/td>\n<td width=\"108\"><strong>IONAD<\/strong><\/td>\n<\/tr>\n<tr>\n<td width=\"54\">1<\/td>\n<td width=\"119\">D\u00e9 Sathairn an 28 Me\u00e1n F\u00f3mhair<\/td>\n<td width=\"66\">3.00pm<\/td>\n<td width=\"114\">Mumha<\/td>\n<td width=\"24\">v<\/td>\n<td width=\"90\">Dragons<\/td>\n<td width=\"108\">P\u00e1irc Thuamhan<\/td>\n<\/tr>\n<tr>\n<td width=\"54\">1<\/td>\n<td width=\"119\">D\u00e9 Sathairn an 28 Me\u00e1n F\u00f3mhair<\/td>\n<td width=\"66\">5:15pm<\/td>\n<td width=\"114\">Scarlets<\/td>\n<td width=\"24\">v<\/td>\n<td width=\"90\">Connachta<\/td>\n<td width=\"108\">Parc y Scarlets<\/td>\n<\/tr>\n<tr>\n<td width=\"54\">2<\/td>\n<td width=\"119\">D\u00e9 hAoine an 4 Deireadh F\u00f3mhair<\/td>\n<td width=\"66\">7:35pm<\/td>\n<td width=\"114\">Laighin<\/td>\n<td width=\"24\">v<\/td>\n<td width=\"90\">Ospreys Rugby<\/td>\n<td width=\"108\">RDS Arena<\/td>\n<\/tr>\n<tr>\n<td width=\"54\">2<\/td>\n<td width=\"119\">D\u00e9 Sathairn an 5 Deireadh F\u00f3mhair<\/td>\n<td width=\"66\">7:35pm<\/td>\n<td width=\"114\">Connachta<\/td>\n<td width=\"24\">v<\/td>\n<td width=\"90\">Benetton Rugby<\/td>\n<td width=\"108\">An Sportsground<\/td>\n<\/tr>\n<tr>\n<td width=\"54\">3<\/td>\n<td width=\"119\">D\u00e9 hAoine an 11 Deireadh F\u00f3mhair<\/td>\n<td width=\"66\">7:35pm<\/td>\n<td width=\"114\">Dragons<\/td>\n<td width=\"24\">v<\/td>\n<td width=\"90\">Connachta<\/td>\n<td width=\"108\">Rodney Parade<\/td>\n<\/tr>\n<tr>\n<td width=\"54\">4<\/td>\n<td width=\"119\">D\u00e9 hAoine an 25 Deireadh F\u00f3mhair<\/td>\n<td width=\"66\">7:35pm<\/td>\n<td width=\"114\">Mumha<\/td>\n<td width=\"24\">v<\/td>\n<td width=\"90\">Ospreys Rugby<\/td>\n<td width=\"108\">P\u00e1irc Irish Independent<\/td>\n<\/tr>\n<tr>\n<td width=\"54\">4<\/td>\n<td width=\"119\">D\u00e9 Sathairn an 26 Deireadh F\u00f3mhair<\/td>\n<td width=\"66\">5:15pm<\/td>\n<td width=\"114\">Connachta<\/td>\n<td width=\"24\">v<\/td>\n<td width=\"90\">Toyota Cheetahs<\/td>\n<td width=\"108\">An Sportsground<\/td>\n<\/tr>\n<tr>\n<td width=\"54\">5<\/td>\n<td width=\"119\">D\u00e9 Sathairn an 2 Samhain<\/td>\n<td width=\"66\">5:15pm<\/td>\n<td width=\"114\">Ospreys Rugby<\/td>\n<td width=\"24\">v<\/td>\n<td width=\"90\">Connachta<\/td>\n<td width=\"108\">Staid Liberty<\/td>\n<\/tr>\n<tr>\n<td width=\"54\">5<\/td>\n<td width=\"119\">D\u00e9 Sathairn an 2 Samhain<\/td>\n<td width=\"66\">7:35pm<\/td>\n<td width=\"114\">Cardiff Blues<\/td>\n<td width=\"24\">v<\/td>\n<td width=\"90\">Mumha<\/td>\n<td width=\"108\">P\u00e1irc Cardiff Arms<\/td>\n<\/tr>\n<tr>\n<td width=\"54\">6<\/td>\n<td width=\"119\">D\u00e9 hAoine an 8 Samhain<\/td>\n<td width=\"66\">7:35pm<\/td>\n<td width=\"114\">Connachta<\/td>\n<td width=\"24\">v<\/td>\n<td width=\"90\">Laighin<\/td>\n<td width=\"108\">An Sportsground<\/td>\n<\/tr>\n<tr>\n<td width=\"54\">7<\/td>\n<td width=\"119\">D\u00e9 Sathairn an 30 Samhain<\/td>\n<td width=\"66\">5:15pm<\/td>\n<td width=\"114\">Connachta<\/td>\n<td width=\"24\">v<\/td>\n<td width=\"90\">Isuzu Southern Kings<\/td>\n<td width=\"108\">An Sportsground<\/td>\n<\/tr>\n<tr>\n<td width=\"54\">8<\/td>\n<td width=\"119\">D\u00e9 Sathairn an 21 Nollaig<\/td>\n<td width=\"66\">5:15pm<\/td>\n<td width=\"114\">Connachta<\/td>\n<td width=\"24\">v<\/td>\n<td width=\"90\">Mumha<\/td>\n<td width=\"108\">An Sportsground<\/td>\n<\/tr>\n<tr>\n<td width=\"54\">11<\/td>\n<td width=\"119\">D\u00e9 Sathairn an 15 Feabhra<\/td>\n<td width=\"66\">7:35pm<\/td>\n<td width=\"114\">Connachta<\/td>\n<td width=\"24\">v<\/td>\n<td width=\"90\">Cardiff Blues<\/td>\n<td width=\"108\">An Sportsground<\/td>\n<\/tr>\n<tr>\n<td width=\"54\">12<\/td>\n<td width=\"119\">D\u00e9 hAoine an 21 Feabhra<\/td>\n<td width=\"66\">7:35pm<\/td>\n<td width=\"114\">Ospreys Rugby<\/td>\n<td width=\"24\">v<\/td>\n<td width=\"90\">Laighin<\/td>\n<td width=\"108\">Staid Liberty<\/td>\n<\/tr>\n<tr>\n<td width=\"54\">13<\/td>\n<td width=\"119\">D\u00e9 Sathairn an 29 Feabhra<\/td>\n<td width=\"66\">5.00pm<\/td>\n<td width=\"114\">Mumha<\/td>\n<td width=\"24\">v<\/td>\n<td width=\"90\">Scarlets<\/td>\n<td width=\"108\">P\u00e1irc Thuamhan<\/td>\n<\/tr>\n<tr>\n<td width=\"54\">14<\/td>\n<td width=\"119\">D\u00e9 hAoine an 20 M\u00e1rta<\/td>\n<td width=\"66\">7:35pm<\/td>\n<td width=\"114\">Connachta<\/td>\n<td width=\"24\">v<\/td>\n<td width=\"90\">Scarlets<\/td>\n<td width=\"108\">An Sportsground<\/td>\n<\/tr>\n<tr>\n<td width=\"54\">15<\/td>\n<td width=\"119\">D\u00e9 hAoine an 27 M\u00e1rta<\/td>\n<td width=\"66\">7:35pm<\/td>\n<td width=\"114\">Mumha<\/td>\n<td width=\"24\">v<\/td>\n<td width=\"90\">Benetton Rugby<\/td>\n<td width=\"108\">P\u00e1irc Irish Independent<\/td>\n<\/tr>\n<tr>\n<td width=\"54\">16<\/td>\n<td width=\"119\">D\u00e9 hAoine an 10 Aibre\u00e1n<\/td>\n<td width=\"66\">7:35pm<\/td>\n<td width=\"114\">Connachta<\/td>\n<td width=\"24\">v<\/td>\n<td width=\"90\">Glasgow Warriors<\/td>\n<td width=\"108\">An Sportsground<\/td>\n<\/tr>\n<tr>\n<td width=\"54\">16<\/td>\n<td width=\"119\">D\u00e9 Sathairn an 11 Aibre\u00e1n<\/td>\n<td width=\"66\">3.00pm<\/td>\n<td width=\"114\">Mumha<\/td>\n<td width=\"24\">v<\/td>\n<td width=\"90\">Cardiff Blues<\/td>\n<td width=\"108\">P\u00e1irc Thuamhan<\/td>\n<\/tr>\n<tr>\n<td width=\"54\">16<\/td>\n<td width=\"119\">D\u00e9 Sathairn an 11 Aibre\u00e1n<\/td>\n<td width=\"66\">5:15pm<\/td>\n<td width=\"114\">Laighin<\/td>\n<td width=\"24\">v<\/td>\n<td width=\"90\">Zebre Rugby Club<\/td>\n<td width=\"108\">RDS Arena<\/td>\n<\/tr>\n<tr>\n<td width=\"54\">18<\/td>\n<td width=\"119\">D\u00e9 hAoine an 24 Aibre\u00e1n<\/td>\n<td width=\"66\">7:35pm<\/td>\n<td width=\"114\">Dragons<\/td>\n<td width=\"24\">v<\/td>\n<td width=\"90\">Laighin<\/td>\n<td width=\"108\">Rodney Parade<\/td>\n<\/tr>\n<tr>\n<td width=\"54\">18<\/td>\n<td width=\"119\">D\u00e9 Sathairn an 25 Aibre\u00e1n<\/td>\n<td width=\"66\">7:35pm<\/td>\n<td width=\"114\">Connachta<\/td>\n<td width=\"24\">v<\/td>\n<td width=\"90\">Ulaidh<\/td>\n<td width=\"108\">An Sportsground<\/td>\n<\/tr>\n<tr>\n<td width=\"54\">19<\/td>\n<td width=\"119\">D\u00e9 hAoine an 8 Bealtaine<\/td>\n<td width=\"66\">7:35pm<\/td>\n<td width=\"114\">Cardiff Blues<\/td>\n<td width=\"24\">v<\/td>\n<td width=\"90\">Connachta<\/td>\n<td width=\"108\">P\u00e1irc Cardiff Arms<\/td>\n<\/tr>\n<tr>\n<td width=\"54\">19<\/td>\n<td width=\"119\">D\u00e9 Sathairn an 9 Bealtaine<\/td>\n<td width=\"66\">7:45pm<\/td>\n<td width=\"114\">Scarlets<\/td>\n<td width=\"24\">v<\/td>\n<td width=\"90\">Laighin<\/td>\n<td width=\"108\">Parc y Scarlets<\/td>\n<\/tr>\n<tr>\n<td width=\"54\">20<\/td>\n<td width=\"119\">D\u00e9 hAoine an 15 Bealtaine<\/td>\n<td width=\"66\">7:35pm<\/td>\n<td width=\"114\">Laighin<\/td>\n<td width=\"24\">v<\/td>\n<td width=\"90\">Cardiff Blues<\/td>\n<td width=\"108\">RDS Arena<\/td>\n<\/tr>\n<tr>\n<td width=\"54\">20<\/td>\n<td width=\"119\">D\u00e9 Sathairn an 16 Bealtaine<\/td>\n<td width=\"66\">5:15pm<\/td>\n<td width=\"114\">Scarlets<\/td>\n<td width=\"24\">v<\/td>\n<td width=\"90\">Mumha<\/td>\n<td width=\"108\">Parc y Scarlets<\/td>\n<\/tr>\n<tr>\n<td width=\"54\">20<\/td>\n<td width=\"119\">D\u00e9 Sathairn an 16 Bealtaine<\/td>\n<td width=\"66\">7:35pm<\/td>\n<td width=\"114\">Connachta<\/td>\n<td width=\"24\">v<\/td>\n<td width=\"90\">Edinburgh Rugby<\/td>\n<td width=\"108\">An Sportsground<\/td>\n<\/tr>\n<tr>\n<td width=\"54\">Cluiche Ceannais<\/td>\n<td width=\"119\">D\u00e9 Sathairn an 20 Meitheamh<\/td>\n<td width=\"66\">Le deimhni\u00fa<\/td>\n<td width=\"114\">Le deimhni\u00fa<\/td>\n<td width=\"24\">v<\/td>\n<td width=\"90\">Le deimhni\u00fa<\/td>\n<td width=\"108\">Staid Cardiff City<\/td>\n<\/tr>\n<\/tbody>\n<\/table>\n<p><span>\u00a0<\/span><\/p>\n<p><span>\u00a0<\/span><\/p>\n","protected":false},"excerpt":{"rendered":"<p>Cuirfear t\u00fas le Rugba\u00ed Beo ar TG4 D\u00e9 hAoine seo chugainn an 27 Me\u00e1n F\u00f3mhair nuair a thaispe\u00e1nfar buaicphoint\u00ed an chluiche a imr\u00edodh idir Ulaidh agus na Ospreys i Staid Kingspan.\u00a0 D\u00e9 Sathairn ansin, an 28 Me\u00e1n F\u00f3mhair, beidh tr\u00e1thn\u00f3na m\u00f3r rugba\u00ed beo againn daoibh nuair a thabharfaidh Mumha aghaidh ar Dragons sa bhaile ar [&hellip;]<\/p>\n","protected":false},"author":876,"featured_media":109418,"parent":98830,"menu_order":37,"comment_status":"closed","ping_status":"closed","template":"page-templates\/template-pr.php","meta":{"_acf_changed":false,"footnotes":""},"acf":[],"yoast_head":"<!-- This site is optimized with the Yoast SEO plugin v22.6 - https:\/\/yoast.com\/wordpress\/plugins\/seo\/ -->\n<title>T\u00fas curtha leis an tSraith nua de Rugba\u00ed Beo ar TG4 | Preas R\u00e1iteas | Guinness PRO14 | Rugba\u00ed Beo | Sp\u00f3rt TG4<\/title>\n<meta name=\"robots\" content=\"index, follow, max-snippet:-1, max-image-preview:large, max-video-preview:-1\" \/>\n<meta property=\"og:locale\" content=\"en_US\" \/>\n<meta property=\"og:type\" content=\"article\" \/>\n<meta property=\"og:title\" content=\"T\u00fas curtha leis an tSraith nua de Rugba\u00ed Beo ar TG4 | Preas R\u00e1iteas | Guinness PRO14 | Rugba\u00ed Beo | Sp\u00f3rt TG4\" \/>\n<meta property=\"og:description\" content=\"Cuirfear t\u00fas le Rugba\u00ed Beo ar TG4 D\u00e9 hAoine seo chugainn an 27 Me\u00e1n F\u00f3mhair nuair a thaispe\u00e1nfar buaicphoint\u00ed an chluiche a imr\u00edodh idir Ulaidh agus na Ospreys i Staid Kingspan.\u00a0 D\u00e9 Sathairn ansin, an 28 Me\u00e1n F\u00f3mhair, beidh tr\u00e1thn\u00f3na m\u00f3r rugba\u00ed beo againn daoibh nuair a thabharfaidh Mumha aghaidh ar Dragons sa bhaile ar [&hellip;]\" \/>\n<meta property=\"og:url\" content=\"https:\/\/dev.tg4.ie\/ga\/eolas\/preas\/nuacht-raitis\/2019-2\/tus-curtha-leis-an-tsraith-nua-de-rugbai-beo-sa-chomortas-pro14-guinness-ar-tg4\/\" \/>\n<meta property=\"og:site_name\" content=\"TG4\" \/>\n<meta property=\"article:publisher\" content=\"https:\/\/www.facebook.com\/TG4TV\" \/>\n<meta property=\"article:modified_time\" content=\"2019-11-12T11:20:34+00:00\" \/>\n<meta property=\"og:image\" content=\"https:\/\/tg4-docs.s3.amazonaws.com\/wp-content\/uploads\/2024\/11\/18151812\/TG4_2024_corcra_teal_1-1920x1080-1.jpg\" \/>\n\t<meta property=\"og:image:width\" content=\"1920\" \/>\n\t<meta property=\"og:image:height\" content=\"1080\" \/>\n\t<meta property=\"og:image:type\" content=\"image\/jpeg\" \/>\n<meta name=\"twitter:card\" content=\"summary_large_image\" \/>\n<meta name=\"twitter:site\" content=\"@TG4TV\" \/>\n<meta name=\"twitter:label1\" content=\"Est. reading time\" \/>\n\t<meta name=\"twitter:data1\" content=\"5 minutes\" \/>\n<script type=\"application\/ld+json\" class=\"yoast-schema-graph\">{\"@context\":\"https:\/\/schema.org\",\"@graph\":[{\"@type\":\"WebPage\",\"@id\":\"https:\/\/dev.tg4.ie\/ga\/eolas\/preas\/nuacht-raitis\/2019-2\/tus-curtha-leis-an-tsraith-nua-de-rugbai-beo-sa-chomortas-pro14-guinness-ar-tg4\/\",\"url\":\"https:\/\/dev.tg4.ie\/ga\/eolas\/preas\/nuacht-raitis\/2019-2\/tus-curtha-leis-an-tsraith-nua-de-rugbai-beo-sa-chomortas-pro14-guinness-ar-tg4\/\",\"name\":\"T\u00fas curtha leis an tSraith nua de Rugba\u00ed Beo ar TG4 | Preas R\u00e1iteas | Guinness PRO14 | Rugba\u00ed Beo | Sp\u00f3rt TG4\",\"isPartOf\":{\"@id\":\"https:\/\/dev.tg4.ie\/en\/#website\"},\"primaryImageOfPage\":{\"@id\":\"https:\/\/dev.tg4.ie\/ga\/eolas\/preas\/nuacht-raitis\/2019-2\/tus-curtha-leis-an-tsraith-nua-de-rugbai-beo-sa-chomortas-pro14-guinness-ar-tg4\/#primaryimage\"},\"image\":{\"@id\":\"https:\/\/dev.tg4.ie\/ga\/eolas\/preas\/nuacht-raitis\/2019-2\/tus-curtha-leis-an-tsraith-nua-de-rugbai-beo-sa-chomortas-pro14-guinness-ar-tg4\/#primaryimage\"},\"thumbnailUrl\":\"\",\"datePublished\":\"2019-09-18T14:41:22+00:00\",\"dateModified\":\"2019-11-12T11:20:34+00:00\",\"breadcrumb\":{\"@id\":\"https:\/\/dev.tg4.ie\/ga\/eolas\/preas\/nuacht-raitis\/2019-2\/tus-curtha-leis-an-tsraith-nua-de-rugbai-beo-sa-chomortas-pro14-guinness-ar-tg4\/#breadcrumb\"},\"inLanguage\":\"ga\",\"potentialAction\":[{\"@type\":\"ReadAction\",\"target\":[\"https:\/\/dev.tg4.ie\/ga\/eolas\/preas\/nuacht-raitis\/2019-2\/tus-curtha-leis-an-tsraith-nua-de-rugbai-beo-sa-chomortas-pro14-guinness-ar-tg4\/\"]}]},{\"@type\":\"ImageObject\",\"inLanguage\":\"ga\",\"@id\":\"https:\/\/dev.tg4.ie\/ga\/eolas\/preas\/nuacht-raitis\/2019-2\/tus-curtha-leis-an-tsraith-nua-de-rugbai-beo-sa-chomortas-pro14-guinness-ar-tg4\/#primaryimage\",\"url\":\"\",\"contentUrl\":\"\"},{\"@type\":\"BreadcrumbList\",\"@id\":\"https:\/\/dev.tg4.ie\/ga\/eolas\/preas\/nuacht-raitis\/2019-2\/tus-curtha-leis-an-tsraith-nua-de-rugbai-beo-sa-chomortas-pro14-guinness-ar-tg4\/#breadcrumb\",\"itemListElement\":[{\"@type\":\"ListItem\",\"position\":1,\"name\":\"Home\",\"item\":\"https:\/\/dev.tg4.ie\/ga\/\"},{\"@type\":\"ListItem\",\"position\":2,\"name\":\"Eolas\",\"item\":\"https:\/\/dev.tg4.ie\/ga\/eolas\/\"},{\"@type\":\"ListItem\",\"position\":3,\"name\":\"Preas\",\"item\":\"https:\/\/dev.tg4.ie\/ga\/eolas\/preas\/\"},{\"@type\":\"ListItem\",\"position\":4,\"name\":\"Nuacht R\u00e1itis\",\"item\":\"https:\/\/dev.tg4.ie\/ga\/eolas\/preas\/nuacht-raitis\/\"},{\"@type\":\"ListItem\",\"position\":5,\"name\":\"2019\",\"item\":\"https:\/\/dev.tg4.ie\/ga\/eolas\/preas\/nuacht-raitis\/2019-2\/\"},{\"@type\":\"ListItem\",\"position\":6,\"name\":\"T\u00fas curtha leis an tSraith nua de Rugba\u00ed Beo sa chom\u00f3rtas PRO14 Guinness ar TG4\"}]},{\"@type\":\"WebSite\",\"@id\":\"https:\/\/dev.tg4.ie\/en\/#website\",\"url\":\"https:\/\/dev.tg4.ie\/en\/\",\"name\":\"TG4\",\"description\":\"S\u00fail Eile\",\"potentialAction\":[{\"@type\":\"SearchAction\",\"target\":{\"@type\":\"EntryPoint\",\"urlTemplate\":\"https:\/\/dev.tg4.ie\/en\/?s={search_term_string}\"},\"query-input\":\"required name=search_term_string\"}],\"inLanguage\":\"ga\"}]}<\/script>\n<!-- \/ Yoast SEO plugin. -->","yoast_head_json":{"title":"T\u00fas curtha leis an tSraith nua de Rugba\u00ed Beo ar TG4 | Preas R\u00e1iteas | Guinness PRO14 | Rugba\u00ed Beo | Sp\u00f3rt TG4","robots":{"index":"index","follow":"follow","max-snippet":"max-snippet:-1","max-image-preview":"max-image-preview:large","max-video-preview":"max-video-preview:-1"},"og_locale":"en_US","og_type":"article","og_title":"T\u00fas curtha leis an tSraith nua de Rugba\u00ed Beo ar TG4 | Preas R\u00e1iteas | Guinness PRO14 | Rugba\u00ed Beo | Sp\u00f3rt TG4","og_description":"Cuirfear t\u00fas le Rugba\u00ed Beo ar TG4 D\u00e9 hAoine seo chugainn an 27 Me\u00e1n F\u00f3mhair nuair a thaispe\u00e1nfar buaicphoint\u00ed an chluiche a imr\u00edodh idir Ulaidh agus na Ospreys i Staid Kingspan.\u00a0 D\u00e9 Sathairn ansin, an 28 Me\u00e1n F\u00f3mhair, beidh tr\u00e1thn\u00f3na m\u00f3r rugba\u00ed beo againn daoibh nuair a thabharfaidh Mumha aghaidh ar Dragons sa bhaile ar [&hellip;]","og_url":"https:\/\/dev.tg4.ie\/ga\/eolas\/preas\/nuacht-raitis\/2019-2\/tus-curtha-leis-an-tsraith-nua-de-rugbai-beo-sa-chomortas-pro14-guinness-ar-tg4\/","og_site_name":"TG4","article_publisher":"https:\/\/www.facebook.com\/TG4TV","article_modified_time":"2019-11-12T11:20:34+00:00","og_image":[{"width":1920,"height":1080,"url":"https:\/\/tg4-docs.s3.amazonaws.com\/wp-content\/uploads\/2024\/11\/18151812\/TG4_2024_corcra_teal_1-1920x1080-1.jpg","type":"image\/jpeg"}],"twitter_card":"summary_large_image","twitter_site":"@TG4TV","twitter_misc":{"Est. reading time":"5 minutes"},"schema":{"@context":"https:\/\/schema.org","@graph":[{"@type":"WebPage","@id":"https:\/\/dev.tg4.ie\/ga\/eolas\/preas\/nuacht-raitis\/2019-2\/tus-curtha-leis-an-tsraith-nua-de-rugbai-beo-sa-chomortas-pro14-guinness-ar-tg4\/","url":"https:\/\/dev.tg4.ie\/ga\/eolas\/preas\/nuacht-raitis\/2019-2\/tus-curtha-leis-an-tsraith-nua-de-rugbai-beo-sa-chomortas-pro14-guinness-ar-tg4\/","name":"T\u00fas curtha leis an tSraith nua de Rugba\u00ed Beo ar TG4 | Preas R\u00e1iteas | Guinness PRO14 | Rugba\u00ed Beo | Sp\u00f3rt TG4","isPartOf":{"@id":"https:\/\/dev.tg4.ie\/en\/#website"},"primaryImageOfPage":{"@id":"https:\/\/dev.tg4.ie\/ga\/eolas\/preas\/nuacht-raitis\/2019-2\/tus-curtha-leis-an-tsraith-nua-de-rugbai-beo-sa-chomortas-pro14-guinness-ar-tg4\/#primaryimage"},"image":{"@id":"https:\/\/dev.tg4.ie\/ga\/eolas\/preas\/nuacht-raitis\/2019-2\/tus-curtha-leis-an-tsraith-nua-de-rugbai-beo-sa-chomortas-pro14-guinness-ar-tg4\/#primaryimage"},"thumbnailUrl":"","datePublished":"2019-09-18T14:41:22+00:00","dateModified":"2019-11-12T11:20:34+00:00","breadcrumb":{"@id":"https:\/\/dev.tg4.ie\/ga\/eolas\/preas\/nuacht-raitis\/2019-2\/tus-curtha-leis-an-tsraith-nua-de-rugbai-beo-sa-chomortas-pro14-guinness-ar-tg4\/#breadcrumb"},"inLanguage":"ga","potentialAction":[{"@type":"ReadAction","target":["https:\/\/dev.tg4.ie\/ga\/eolas\/preas\/nuacht-raitis\/2019-2\/tus-curtha-leis-an-tsraith-nua-de-rugbai-beo-sa-chomortas-pro14-guinness-ar-tg4\/"]}]},{"@type":"ImageObject","inLanguage":"ga","@id":"https:\/\/dev.tg4.ie\/ga\/eolas\/preas\/nuacht-raitis\/2019-2\/tus-curtha-leis-an-tsraith-nua-de-rugbai-beo-sa-chomortas-pro14-guinness-ar-tg4\/#primaryimage","url":"","contentUrl":""},{"@type":"BreadcrumbList","@id":"https:\/\/dev.tg4.ie\/ga\/eolas\/preas\/nuacht-raitis\/2019-2\/tus-curtha-leis-an-tsraith-nua-de-rugbai-beo-sa-chomortas-pro14-guinness-ar-tg4\/#breadcrumb","itemListElement":[{"@type":"ListItem","position":1,"name":"Home","item":"https:\/\/dev.tg4.ie\/ga\/"},{"@type":"ListItem","position":2,"name":"Eolas","item":"https:\/\/dev.tg4.ie\/ga\/eolas\/"},{"@type":"ListItem","position":3,"name":"Preas","item":"https:\/\/dev.tg4.ie\/ga\/eolas\/preas\/"},{"@type":"ListItem","position":4,"name":"Nuacht R\u00e1itis","item":"https:\/\/dev.tg4.ie\/ga\/eolas\/preas\/nuacht-raitis\/"},{"@type":"ListItem","position":5,"name":"2019","item":"https:\/\/dev.tg4.ie\/ga\/eolas\/preas\/nuacht-raitis\/2019-2\/"},{"@type":"ListItem","position":6,"name":"T\u00fas curtha leis an tSraith nua de Rugba\u00ed Beo sa chom\u00f3rtas PRO14 Guinness ar TG4"}]},{"@type":"WebSite","@id":"https:\/\/dev.tg4.ie\/en\/#website","url":"https:\/\/dev.tg4.ie\/en\/","name":"TG4","description":"S\u00fail Eile","potentialAction":[{"@type":"SearchAction","target":{"@type":"EntryPoint","urlTemplate":"https:\/\/dev.tg4.ie\/en\/?s={search_term_string}"},"query-input":"required name=search_term_string"}],"inLanguage":"ga"}]}},"_links":{"self":[{"href":"https:\/\/dev.tg4.ie\/ga\/wp-json\/wp\/v2\/pages\/109365"}],"collection":[{"href":"https:\/\/dev.tg4.ie\/ga\/wp-json\/wp\/v2\/pages"}],"about":[{"href":"https:\/\/dev.tg4.ie\/ga\/wp-json\/wp\/v2\/types\/page"}],"author":[{"embeddable":true,"href":"https:\/\/dev.tg4.ie\/ga\/wp-json\/wp\/v2\/users\/876"}],"replies":[{"embeddable":true,"href":"https:\/\/dev.tg4.ie\/ga\/wp-json\/wp\/v2\/comments?post=109365"}],"version-history":[{"count":0,"href":"https:\/\/dev.tg4.ie\/ga\/wp-json\/wp\/v2\/pages\/109365\/revisions"}],"up":[{"embeddable":true,"href":"https:\/\/dev.tg4.ie\/ga\/wp-json\/wp\/v2\/pages\/98830"}],"wp:featuredmedia":[{"embeddable":true,"href":"https:\/\/dev.tg4.ie\/ga\/wp-json\/"}],"wp:attachment":[{"href":"https:\/\/dev.tg4.ie\/ga\/wp-json\/wp\/v2\/media?parent=109365"}],"curies":[{"name":"wp","href":"https:\/\/api.w.org\/{rel}","templated":true}]}}