{"id":109614,"date":"2019-09-24T09:59:47","date_gmt":"2019-09-24T08:59:47","guid":{"rendered":"https:\/\/dev.tg4.ie\/?page_id=109614"},"modified":"2019-11-11T16:43:03","modified_gmt":"2019-11-11T16:43:03","slug":"cogadh-faoi-cheilt-sceal-an-irb","status":"publish","type":"page","link":"https:\/\/dev.tg4.ie\/ga\/eolas\/preas\/nuacht-raitis\/2019-2\/cogadh-faoi-cheilt-sceal-an-irb\/","title":{"rendered":"Cogadh Faoi Cheilt &#8211; Sc\u00e9al an IRB"},"content":{"rendered":"<div class=\"grabyo-widget\" style=\"position: relative; overflow: auto; width: 100%; padding-bottom: 56.25%;\"><iframe loading=\"lazy\" style=\"position: absolute; top: 0px; display: block;\" src=\"\/\/grabyo.com\/embed.jsp?shareId=P6rbZfkBoS9&amp;render=&amp;mode=embed&amp;source=scribblelive&amp;medium=embed&amp;tag=videoembed\" width=\"100%\" height=\"100%\" frameborder=\"0\" scrolling=\"no\" allowfullscreen=\"allowfullscreen\"><\/iframe><\/div>\n<p>D\u00e9antar dearmad ar sc\u00e9al an IRB sa r\u00e9 th\u00e1bhachtach seo de chom\u00f3radh. Is intuigthe an f\u00f3cas ar dhrama na r\u00e9 seo \u00f3 1912-1916, ach gan obair an IRB sna blianta roimhe sin, seans nach dtarl\u00f3dh na heachtra\u00ed c\u00e9anna ar chor ar bith, agus n\u00ed f\u00e9idir cr\u00edochdheighilt a thuiscint, agus an tionchar at\u00e1 aici go f\u00f3ill, gan smaoineamh faoi r\u00f3l an IRB \u00f3 1918-24.<\/p>\n<p>N\u00ed raibh dul chun cinn l\u00edneach ann go 1916 agus bun\u00fa Tuaisceart \u00c9ireann in 1920, agus Saorst\u00e1t \u00c9ireann in 1922. T\u00f3gann r\u00e9altacht na cr\u00edochdheighilte ceisteanna faoi oidhreacht an IRB agus a bealach comhcheilgeach. Cuireann <strong>Cogadh Faoi Cheilt<\/strong> deighilt na h\u00c9ireann in i\u00fal ar dh\u00f3igh nua, d\u00e9anann s\u00e9 achoimre ar aidhmeanna an IRB &#8211; poblacht aontaithe saolta a bhun\u00fa le deighilt soil\u00e9ir idir creideamh agus st\u00e1t &#8211; i gcodarnacht leis an chr\u00edochdheighilt a th\u00e1inig chun cinn i ndiaidh 1920.<\/p>\n<p>Bu\u00edochas le polasa\u00ed an IRB faoi &#8216;entryism,&#8217; t\u00e1 Conradh na Tal\u00fan, an CLG, Sinn F\u00e9in, \u00d3glaigh na h\u00c9ireann agus Conradh na Gaeilge bainte le sc\u00e9al na heagra\u00edochta seo. Spreag tionscaimh an IRB i leas\u00fa ch\u00f3ras na tal\u00fan, athbheochanas cult\u00fartha, strait\u00e9is mh\u00edleata agus ag\u00f3id polait\u00edochta carachtair chomh \u00e9ags\u00fail le Lenin agus Gandhi, agus bh\u00ed tionchar aici ar na gn\u00e9ithe is for\u00e1sa\u00ed sa Bhreatain agus sna St\u00e1it Aontaithe &#8211; ceardchumainn, eagra\u00edochta\u00ed an lucht oibre agus ar an eite chl\u00e9, agus f\u00f3rsa\u00ed daonlathacha. Mar gheall ar ghn\u00edomha\u00edochta\u00ed an IRB sa Bhreatain, crutha\u00edodh Brainse Speisialta na Breataine, seirbh\u00eds r\u00fanda na Breataine, leas\u00fa pr\u00edos\u00fain, leas\u00fa ch\u00f3ras na tal\u00fan in \u00c9irinn agus in Albain, scar s\u00e9 an impireacht is cumhachta\u00ed ar domhan, agus spreag s\u00e9 r\u00e9abhl\u00f3idithe iomad\u00fala ar fud an domhain.<\/p>\n<p><strong>Tarraing\u00edonn <em>Cogadh Faoi Cheilt<\/em> ar chuidi\u00fa \u00f3 shaineolaithe ar an IRB, F\u00edn\u00edneachas, Poblachtachas \u00c9ireannach, R\u00e9abhl\u00f3id na h\u00c9ireann, athbheochan na Gaeilge agus cult\u00far agus litr\u00edocht n\u00e1isi\u00fanach sa 19\u00fa agus san 20\u00fa haois.<\/strong>.<\/p>\n","protected":false},"excerpt":{"rendered":"<p>D\u00e9antar dearmad ar sc\u00e9al an IRB sa r\u00e9 th\u00e1bhachtach seo de chom\u00f3radh. Is intuigthe an f\u00f3cas ar dhrama na r\u00e9 seo \u00f3 1912-1916, ach gan obair an IRB sna blianta roimhe sin, seans nach dtarl\u00f3dh na heachtra\u00ed c\u00e9anna ar chor ar bith, agus n\u00ed f\u00e9idir cr\u00edochdheighilt a thuiscint, agus an tionchar at\u00e1 aici go f\u00f3ill, [&hellip;]<\/p>\n","protected":false},"author":876,"featured_media":109615,"parent":98830,"menu_order":38,"comment_status":"closed","ping_status":"closed","template":"page-templates\/template-pr.php","meta":{"_acf_changed":false,"footnotes":""},"acf":[],"yoast_head":"<!-- This site is optimized with the Yoast SEO plugin v22.6 - https:\/\/yoast.com\/wordpress\/plugins\/seo\/ -->\n<title>Cogadh Faoi Cheilt - Sc\u00e9al an IRB | Preas R\u00e1iteas | Faisn\u00e9is | TG4<\/title>\n<meta name=\"description\" content=\"Craolfar \u2018Cogadh Faoi Cheilt - Sc\u00e9al an IRB\u2019 D\u00e9 C\u00e9adaoin 25\u00fa Me\u00e1n F\u00f3mhair ag 9:30pm, cl\u00e1r a thugann l\u00e9argas ar an eagra\u00edocht r\u00fanda a mh\u00fanlaigh st\u00e1t na h\u00c9ireann.\" \/>\n<meta name=\"robots\" content=\"index, follow, max-snippet:-1, max-image-preview:large, max-video-preview:-1\" \/>\n<meta property=\"og:locale\" content=\"en_US\" \/>\n<meta property=\"og:type\" content=\"article\" \/>\n<meta property=\"og:title\" content=\"Cogadh Faoi Cheilt - Sc\u00e9al an IRB | Preas R\u00e1iteas | Faisn\u00e9is | TG4\" \/>\n<meta property=\"og:description\" content=\"Craolfar \u2018Cogadh Faoi Cheilt - Sc\u00e9al an IRB\u2019 D\u00e9 C\u00e9adaoin 25\u00fa Me\u00e1n F\u00f3mhair ag 9:30pm, cl\u00e1r a thugann l\u00e9argas ar an eagra\u00edocht r\u00fanda a mh\u00fanlaigh st\u00e1t na h\u00c9ireann.\" \/>\n<meta property=\"og:url\" content=\"https:\/\/dev.tg4.ie\/ga\/eolas\/preas\/nuacht-raitis\/2019-2\/cogadh-faoi-cheilt-sceal-an-irb\/\" \/>\n<meta property=\"og:site_name\" content=\"TG4\" \/>\n<meta property=\"article:publisher\" content=\"https:\/\/www.facebook.com\/TG4TV\" \/>\n<meta property=\"article:modified_time\" content=\"2019-11-11T16:43:03+00:00\" \/>\n<meta property=\"og:image\" content=\"https:\/\/tg4-docs.s3.amazonaws.com\/wp-content\/uploads\/2024\/11\/18151812\/TG4_2024_corcra_teal_1-1920x1080-1.jpg\" \/>\n\t<meta property=\"og:image:width\" content=\"1920\" \/>\n\t<meta property=\"og:image:height\" content=\"1080\" \/>\n\t<meta property=\"og:image:type\" content=\"image\/jpeg\" \/>\n<meta name=\"twitter:card\" content=\"summary_large_image\" \/>\n<meta name=\"twitter:site\" content=\"@TG4TV\" \/>\n<meta name=\"twitter:label1\" content=\"Est. reading time\" \/>\n\t<meta name=\"twitter:data1\" content=\"2 minutes\" \/>\n<script type=\"application\/ld+json\" class=\"yoast-schema-graph\">{\"@context\":\"https:\/\/schema.org\",\"@graph\":[{\"@type\":\"WebPage\",\"@id\":\"https:\/\/dev.tg4.ie\/ga\/eolas\/preas\/nuacht-raitis\/2019-2\/cogadh-faoi-cheilt-sceal-an-irb\/\",\"url\":\"https:\/\/dev.tg4.ie\/ga\/eolas\/preas\/nuacht-raitis\/2019-2\/cogadh-faoi-cheilt-sceal-an-irb\/\",\"name\":\"Cogadh Faoi Cheilt - Sc\u00e9al an IRB | Preas R\u00e1iteas | Faisn\u00e9is | TG4\",\"isPartOf\":{\"@id\":\"https:\/\/dev.tg4.ie\/en\/#website\"},\"primaryImageOfPage\":{\"@id\":\"https:\/\/dev.tg4.ie\/ga\/eolas\/preas\/nuacht-raitis\/2019-2\/cogadh-faoi-cheilt-sceal-an-irb\/#primaryimage\"},\"image\":{\"@id\":\"https:\/\/dev.tg4.ie\/ga\/eolas\/preas\/nuacht-raitis\/2019-2\/cogadh-faoi-cheilt-sceal-an-irb\/#primaryimage\"},\"thumbnailUrl\":\"\",\"datePublished\":\"2019-09-24T08:59:47+00:00\",\"dateModified\":\"2019-11-11T16:43:03+00:00\",\"description\":\"Craolfar \u2018Cogadh Faoi Cheilt - Sc\u00e9al an IRB\u2019 D\u00e9 C\u00e9adaoin 25\u00fa Me\u00e1n F\u00f3mhair ag 9:30pm, cl\u00e1r a thugann l\u00e9argas ar an eagra\u00edocht r\u00fanda a mh\u00fanlaigh st\u00e1t na h\u00c9ireann.\",\"breadcrumb\":{\"@id\":\"https:\/\/dev.tg4.ie\/ga\/eolas\/preas\/nuacht-raitis\/2019-2\/cogadh-faoi-cheilt-sceal-an-irb\/#breadcrumb\"},\"inLanguage\":\"ga\",\"potentialAction\":[{\"@type\":\"ReadAction\",\"target\":[\"https:\/\/dev.tg4.ie\/ga\/eolas\/preas\/nuacht-raitis\/2019-2\/cogadh-faoi-cheilt-sceal-an-irb\/\"]}]},{\"@type\":\"ImageObject\",\"inLanguage\":\"ga\",\"@id\":\"https:\/\/dev.tg4.ie\/ga\/eolas\/preas\/nuacht-raitis\/2019-2\/cogadh-faoi-cheilt-sceal-an-irb\/#primaryimage\",\"url\":\"\",\"contentUrl\":\"\"},{\"@type\":\"BreadcrumbList\",\"@id\":\"https:\/\/dev.tg4.ie\/ga\/eolas\/preas\/nuacht-raitis\/2019-2\/cogadh-faoi-cheilt-sceal-an-irb\/#breadcrumb\",\"itemListElement\":[{\"@type\":\"ListItem\",\"position\":1,\"name\":\"Home\",\"item\":\"https:\/\/dev.tg4.ie\/ga\/\"},{\"@type\":\"ListItem\",\"position\":2,\"name\":\"Eolas\",\"item\":\"https:\/\/dev.tg4.ie\/ga\/eolas\/\"},{\"@type\":\"ListItem\",\"position\":3,\"name\":\"Preas\",\"item\":\"https:\/\/dev.tg4.ie\/ga\/eolas\/preas\/\"},{\"@type\":\"ListItem\",\"position\":4,\"name\":\"Nuacht R\u00e1itis\",\"item\":\"https:\/\/dev.tg4.ie\/ga\/eolas\/preas\/nuacht-raitis\/\"},{\"@type\":\"ListItem\",\"position\":5,\"name\":\"2019\",\"item\":\"https:\/\/dev.tg4.ie\/ga\/eolas\/preas\/nuacht-raitis\/2019-2\/\"},{\"@type\":\"ListItem\",\"position\":6,\"name\":\"Cogadh Faoi Cheilt &#8211; Sc\u00e9al an IRB\"}]},{\"@type\":\"WebSite\",\"@id\":\"https:\/\/dev.tg4.ie\/en\/#website\",\"url\":\"https:\/\/dev.tg4.ie\/en\/\",\"name\":\"TG4\",\"description\":\"S\u00fail Eile\",\"potentialAction\":[{\"@type\":\"SearchAction\",\"target\":{\"@type\":\"EntryPoint\",\"urlTemplate\":\"https:\/\/dev.tg4.ie\/en\/?s={search_term_string}\"},\"query-input\":\"required name=search_term_string\"}],\"inLanguage\":\"ga\"}]}<\/script>\n<!-- \/ Yoast SEO plugin. -->","yoast_head_json":{"title":"Cogadh Faoi Cheilt - Sc\u00e9al an IRB | Preas R\u00e1iteas | Faisn\u00e9is | TG4","description":"Craolfar \u2018Cogadh Faoi Cheilt - Sc\u00e9al an IRB\u2019 D\u00e9 C\u00e9adaoin 25\u00fa Me\u00e1n F\u00f3mhair ag 9:30pm, cl\u00e1r a thugann l\u00e9argas ar an eagra\u00edocht r\u00fanda a mh\u00fanlaigh st\u00e1t na h\u00c9ireann.","robots":{"index":"index","follow":"follow","max-snippet":"max-snippet:-1","max-image-preview":"max-image-preview:large","max-video-preview":"max-video-preview:-1"},"og_locale":"en_US","og_type":"article","og_title":"Cogadh Faoi Cheilt - Sc\u00e9al an IRB | Preas R\u00e1iteas | Faisn\u00e9is | TG4","og_description":"Craolfar \u2018Cogadh Faoi Cheilt - Sc\u00e9al an IRB\u2019 D\u00e9 C\u00e9adaoin 25\u00fa Me\u00e1n F\u00f3mhair ag 9:30pm, cl\u00e1r a thugann l\u00e9argas ar an eagra\u00edocht r\u00fanda a mh\u00fanlaigh st\u00e1t na h\u00c9ireann.","og_url":"https:\/\/dev.tg4.ie\/ga\/eolas\/preas\/nuacht-raitis\/2019-2\/cogadh-faoi-cheilt-sceal-an-irb\/","og_site_name":"TG4","article_publisher":"https:\/\/www.facebook.com\/TG4TV","article_modified_time":"2019-11-11T16:43:03+00:00","og_image":[{"width":1920,"height":1080,"url":"https:\/\/tg4-docs.s3.amazonaws.com\/wp-content\/uploads\/2024\/11\/18151812\/TG4_2024_corcra_teal_1-1920x1080-1.jpg","type":"image\/jpeg"}],"twitter_card":"summary_large_image","twitter_site":"@TG4TV","twitter_misc":{"Est. reading time":"2 minutes"},"schema":{"@context":"https:\/\/schema.org","@graph":[{"@type":"WebPage","@id":"https:\/\/dev.tg4.ie\/ga\/eolas\/preas\/nuacht-raitis\/2019-2\/cogadh-faoi-cheilt-sceal-an-irb\/","url":"https:\/\/dev.tg4.ie\/ga\/eolas\/preas\/nuacht-raitis\/2019-2\/cogadh-faoi-cheilt-sceal-an-irb\/","name":"Cogadh Faoi Cheilt - Sc\u00e9al an IRB | Preas R\u00e1iteas | Faisn\u00e9is | TG4","isPartOf":{"@id":"https:\/\/dev.tg4.ie\/en\/#website"},"primaryImageOfPage":{"@id":"https:\/\/dev.tg4.ie\/ga\/eolas\/preas\/nuacht-raitis\/2019-2\/cogadh-faoi-cheilt-sceal-an-irb\/#primaryimage"},"image":{"@id":"https:\/\/dev.tg4.ie\/ga\/eolas\/preas\/nuacht-raitis\/2019-2\/cogadh-faoi-cheilt-sceal-an-irb\/#primaryimage"},"thumbnailUrl":"","datePublished":"2019-09-24T08:59:47+00:00","dateModified":"2019-11-11T16:43:03+00:00","description":"Craolfar \u2018Cogadh Faoi Cheilt - Sc\u00e9al an IRB\u2019 D\u00e9 C\u00e9adaoin 25\u00fa Me\u00e1n F\u00f3mhair ag 9:30pm, cl\u00e1r a thugann l\u00e9argas ar an eagra\u00edocht r\u00fanda a mh\u00fanlaigh st\u00e1t na h\u00c9ireann.","breadcrumb":{"@id":"https:\/\/dev.tg4.ie\/ga\/eolas\/preas\/nuacht-raitis\/2019-2\/cogadh-faoi-cheilt-sceal-an-irb\/#breadcrumb"},"inLanguage":"ga","potentialAction":[{"@type":"ReadAction","target":["https:\/\/dev.tg4.ie\/ga\/eolas\/preas\/nuacht-raitis\/2019-2\/cogadh-faoi-cheilt-sceal-an-irb\/"]}]},{"@type":"ImageObject","inLanguage":"ga","@id":"https:\/\/dev.tg4.ie\/ga\/eolas\/preas\/nuacht-raitis\/2019-2\/cogadh-faoi-cheilt-sceal-an-irb\/#primaryimage","url":"","contentUrl":""},{"@type":"BreadcrumbList","@id":"https:\/\/dev.tg4.ie\/ga\/eolas\/preas\/nuacht-raitis\/2019-2\/cogadh-faoi-cheilt-sceal-an-irb\/#breadcrumb","itemListElement":[{"@type":"ListItem","position":1,"name":"Home","item":"https:\/\/dev.tg4.ie\/ga\/"},{"@type":"ListItem","position":2,"name":"Eolas","item":"https:\/\/dev.tg4.ie\/ga\/eolas\/"},{"@type":"ListItem","position":3,"name":"Preas","item":"https:\/\/dev.tg4.ie\/ga\/eolas\/preas\/"},{"@type":"ListItem","position":4,"name":"Nuacht R\u00e1itis","item":"https:\/\/dev.tg4.ie\/ga\/eolas\/preas\/nuacht-raitis\/"},{"@type":"ListItem","position":5,"name":"2019","item":"https:\/\/dev.tg4.ie\/ga\/eolas\/preas\/nuacht-raitis\/2019-2\/"},{"@type":"ListItem","position":6,"name":"Cogadh Faoi Cheilt &#8211; Sc\u00e9al an IRB"}]},{"@type":"WebSite","@id":"https:\/\/dev.tg4.ie\/en\/#website","url":"https:\/\/dev.tg4.ie\/en\/","name":"TG4","description":"S\u00fail Eile","potentialAction":[{"@type":"SearchAction","target":{"@type":"EntryPoint","urlTemplate":"https:\/\/dev.tg4.ie\/en\/?s={search_term_string}"},"query-input":"required name=search_term_string"}],"inLanguage":"ga"}]}},"_links":{"self":[{"href":"https:\/\/dev.tg4.ie\/ga\/wp-json\/wp\/v2\/pages\/109614"}],"collection":[{"href":"https:\/\/dev.tg4.ie\/ga\/wp-json\/wp\/v2\/pages"}],"about":[{"href":"https:\/\/dev.tg4.ie\/ga\/wp-json\/wp\/v2\/types\/page"}],"author":[{"embeddable":true,"href":"https:\/\/dev.tg4.ie\/ga\/wp-json\/wp\/v2\/users\/876"}],"replies":[{"embeddable":true,"href":"https:\/\/dev.tg4.ie\/ga\/wp-json\/wp\/v2\/comments?post=109614"}],"version-history":[{"count":0,"href":"https:\/\/dev.tg4.ie\/ga\/wp-json\/wp\/v2\/pages\/109614\/revisions"}],"up":[{"embeddable":true,"href":"https:\/\/dev.tg4.ie\/ga\/wp-json\/wp\/v2\/pages\/98830"}],"wp:featuredmedia":[{"embeddable":true,"href":"https:\/\/dev.tg4.ie\/ga\/wp-json\/"}],"wp:attachment":[{"href":"https:\/\/dev.tg4.ie\/ga\/wp-json\/wp\/v2\/media?parent=109614"}],"curies":[{"name":"wp","href":"https:\/\/api.w.org\/{rel}","templated":true}]}}