{"id":109656,"date":"2019-09-26T10:56:03","date_gmt":"2019-09-26T09:56:03","guid":{"rendered":"https:\/\/dev.tg4.ie\/?page_id=109656"},"modified":"2019-11-12T11:21:56","modified_gmt":"2019-11-12T11:21:56","slug":"finne-sraith-2","status":"publish","type":"page","link":"https:\/\/dev.tg4.ie\/ga\/eolas\/preas\/nuacht-raitis\/2019-2\/finne-sraith-2\/","title":{"rendered":"Finn\u00e9 &#8211; Sraith 2"},"content":{"rendered":"<p>Bronnadh gradaim ar an gc\u00e9ad sraith de chl\u00e1racha faisn\u00e9ise <strong>Finn\u00e9<\/strong> agus beidh an dara sraith d\u00edobh ar ais ar sc\u00e1ile\u00e1in TG4 le fianaise phearsanta na ndaoine ar bhain tr\u00e9imhs\u00ed\u00a0corraitheacha coscracha leis an saol acu.\u00a0 Sa tsraith seo, cuirfidh siad a sc\u00e9al f\u00e9in \u00f3n gcro\u00ed amach.<\/p>\n<p>Seo iad na finn\u00e9ithe agus seo iad a gcuid sc\u00e9alta\u2026<\/p>\n<p>T\u00e1 12 m\u00ed\u00a0caite i mbun scann\u00e1na\u00edochta ar an tsraith ag Tua Films at\u00e1 lonnaithe i nGaillimh agus is \u00ed Orla O\u2019Donnell, comhfhreagra\u00ed c\u00fairteanna le RT\u00c9, a chuirfidh an tsraith i l\u00e1thair.\u00a0 Is sraith chorraitheach faisn\u00e9ise Finn\u00e9, arna spreagadh ag Netflix, tr\u00edna dtugtar l\u00e9argas ar chuid de r\u00e9ims\u00ed coscracha an tsaoil in \u00c9irinn. Tr\u00ed fhianaise sa ch\u00e9ad phearsa uatha, r\u00edomhtar sc\u00e9alta r\u00edphearsanta faoi thr\u00e1thanna bhuaic na maitheasa agus umar na tubaiste, sc\u00e9al Dh\u00e1ibh\u00ed agus sc\u00e9al Gh\u00f3iliat, faoin d\u00e1sachtach diongbh\u00e1ilte agus faoin bhfaonlag dear\u00f3il.\u00a0 Bronnadh gradam na gCearta Daonna ar Sh\u00e9as\u00far 1 ag Gradaim iomr\u00e1iteacha Me\u00e1n Cumars\u00e1ide an Dl\u00ed agus an Chirt sa bhliain 2019.<\/p>\n<p>\u201cRitheann a ndeir Ida Wells Barnett, bean feachtais den chine Afrai-Mheirice\u00e1nach i gc\u00f3na\u00ed\u00a0liom agus m\u00e9 ag smaoineamh ar na sc\u00e9alta a bhaineann leis an dara s\u00e9as\u00far seo,\u201d arsa Paddy Hayes, l\u00e9iritheoir le Tua Films agus sti\u00farth\u00f3ir dh\u00e1 chl\u00e1r de sh\u00e9 chl\u00e1r na sraithe.\u00a0 &#8220;D&#8217;\u00e1itigh sise: <em>&#8216;The Way to Right Wrongs is to Turn the Light of Truth Upon Them&#8217;<\/em>. Tugann Finn\u00e9 d\u00f3thain ama agus saoirse don uile dhuine a sc\u00e9al lom l\u00e1idir a chur in i\u00fal ar a mbealach f\u00e9in agus solas na f\u00edrinne a dh\u00edri\u00fa orthu.&#8221;<\/p>\n<p><strong>Cl\u00e1r 1:<\/strong> Ins\u00edonn Sophia Murphy, as Maigh Eo \u00f3 dh\u00fachas, faoina teacht \u00f3n uaf\u00e1s agus \u00ed ag glacadh sa bhliain 2018 le ciont\u00fa a hathar i ndroch\u00edde gn\u00e9is uirthi \u00f3 bh\u00ed s\u00ed\u00a03 bliana d&#8217;aois.<\/p>\n<p><strong>Cl\u00e1r 2<\/strong>: Tugann Tony O\u2019 Reilly, iarbhainisteoir ar Oifig Poist, cuntas ar an gcaoi ar ghoid s\u00e9 \u20ac1.75 milli\u00fan \u00f3 An Post agus ar an gcaoi a raibh \u20ac10 milli\u00fan curtha i ngeall aige tr\u00ed aon chuntas cearrbhachais amh\u00e1in le Paddy Power sular cuireadh i bpr\u00edos\u00fan \u00e9.<\/p>\n<p><strong>Cl\u00e1r 3:<\/strong> Cuireann Amy Dunne (n\u00f3 Miss D) s\u00edos ar na c\u00e1sanna c\u00fairte sa bhliain 2007 agus \u00ed ag \u00e9ileamh go ligf\u00ed di taisteal don R\u00edocht Aontaithe go nd\u00e9anfa\u00ed ginmhilleadh.\u00a0 D\u00e9ag\u00f3ir a bh\u00ed inti ag an am a bh\u00ed ag s\u00fail le p\u00e1iste agus m\u00ednorm\u00e1ltacht mharfach f\u00e9atais i gceist.<\/p>\n<p><strong>Cl\u00e1r 4:<\/strong> Ins\u00edonn Paddy Merrigan faoin triobl\u00f3id a bh\u00ed aige leis an tsl\u00e1inte mheabhrach sula raibh s\u00e9 in ard a r\u00e9ime mar mharcach r\u00e1sa\u00edocht capaill agus mar a th\u00e1inig deireadh tobann lena r\u00e9 ina jaca\u00ed. T\u00e1 s\u00e9 ullamh anois chun aghaidh a thabhairt ar an saol sin ar\u00eds.<\/p>\n<p><strong>Cl\u00e1r 5:<\/strong> Tugann an t-iar-Gharda M\u00e1irt\u00edn Mac Con Iomaire cuntas ar an obair fiosr\u00fach\u00e1in a rinne s\u00e9 maidir le droch\u00edde gn\u00e9is agus an tAthair Green i gContae Dh\u00fan na nGall, ceann de na c\u00e1sanna is measa riamh den chine\u00e1l sin sa t\u00edr seo.<\/p>\n<p><strong>Cl\u00e1r 6:<\/strong> Francie McGuigan agus Liam Shannon, beirt &#8220;d&#8217;fhir na gcochl\u00e1n&#8221; ag cur s\u00edos ar an \u00edde a himr\u00edodh orthu, ar an meabhair agus ar an gcolainn, le linn a bheith i ng\u00e9ibheann i mB\u00e9al Feirste i rith na 1970id\u00ed.<br \/>\n&nbsp;<br \/>\nTabharfar l\u00e9argas grinn sa tsraith 6 chl\u00e1r nua l\u00e9irithe 60 n\u00f3im\u00e9ad seo ar na sc\u00e9alta iomr\u00e1iteacha seo agus an cuntas \u00e1 chur i l\u00e1thair ag daoine ar fh\u00e1g na heachtra\u00ed lorg orthu n\u00f3\u00a0at\u00e1 ag fulaingt d\u00e1 mbarr go f\u00f3ill.\u00a0 Treis\u00edtear ar\u00eds leis an gc\u00e1il at\u00e1 ar TG4 maidir le h\u00e1bhar \u00far d\u00e1na cl\u00e1ir faoi sc\u00e9alta m\u00f3rshuime de chuid na h\u00c9ireann.<\/p>\n<p>T\u00e1 dea-chl\u00fa ar TG4 maidir le cl\u00e1racha faisn\u00e9ise agus cuirfidh S\u00e9as\u00far 2 de Finn\u00e9 leis an gc\u00e1il sin. Sc\u00e9alta l\u00e1idre arna n-insint go paiteanta an bhuntr\u00e9ith le r\u00e9imse leathan chl\u00e1racha faisn\u00e9ise r\u00edsp\u00e9isi\u00fala TG4 a chraoltar ag 9.30 i.n. ar an gC\u00e9adaoin.\u00a0 D\u00e9antar freastal ar an uile dhuine le h\u00e1bhar ceoil, sp\u00f3irt, siamsa\u00edochta agus taistil a l\u00e9ir\u00edtear i st\u00edl saini\u00fail de chuid na h\u00c9ireann.<\/p>\n<p><em>Finn\u00e9, gach C\u00e9adaoin \u00f3n 2 Deireadh F\u00f3mhair go ceann s\u00e9 seachtaine @ 21:30 ar TG4.<\/em><\/p>\n<p>&nbsp;<\/p>\n","protected":false},"excerpt":{"rendered":"<p>Bronnadh gradaim ar an gc\u00e9ad sraith de chl\u00e1racha faisn\u00e9ise Finn\u00e9 agus beidh an dara sraith d\u00edobh ar ais ar sc\u00e1ile\u00e1in TG4 le fianaise phearsanta na ndaoine ar bhain tr\u00e9imhs\u00ed\u00a0corraitheacha coscracha leis an saol acu.\u00a0 Sa tsraith seo, cuirfidh siad a sc\u00e9al f\u00e9in \u00f3n gcro\u00ed amach. Seo iad na finn\u00e9ithe agus seo iad a gcuid sc\u00e9alta\u2026 [&hellip;]<\/p>\n","protected":false},"author":876,"featured_media":109259,"parent":98830,"menu_order":39,"comment_status":"closed","ping_status":"closed","template":"page-templates\/template-pr.php","meta":{"_acf_changed":false,"footnotes":""},"acf":[],"yoast_head":"<!-- This site is optimized with the Yoast SEO plugin v22.6 - https:\/\/yoast.com\/wordpress\/plugins\/seo\/ -->\n<title>Finn\u00e9 - Sraith 2 | Sc\u00e9alta Cumhachtacha | Preas R\u00e1iteas | Faisn\u00e9is | TG4<\/title>\n<meta name=\"description\" content=\"Beidh an dara sraith de Finn\u00e9 ar ais ar sc\u00e1ile\u00e1in TG4 le fianaise phearsanta na ndaoine ar bhain tr\u00e9imhs\u00ed corraitheacha coscracha leis an saol acu.\" \/>\n<meta name=\"robots\" content=\"index, follow, max-snippet:-1, max-image-preview:large, max-video-preview:-1\" \/>\n<meta property=\"og:locale\" content=\"en_US\" \/>\n<meta property=\"og:type\" content=\"article\" \/>\n<meta property=\"og:title\" content=\"Finn\u00e9 - Sraith 2 | Sc\u00e9alta Cumhachtacha | Preas R\u00e1iteas | Faisn\u00e9is | TG4\" \/>\n<meta property=\"og:description\" content=\"Beidh an dara sraith de Finn\u00e9 ar ais ar sc\u00e1ile\u00e1in TG4 le fianaise phearsanta na ndaoine ar bhain tr\u00e9imhs\u00ed corraitheacha coscracha leis an saol acu.\" \/>\n<meta property=\"og:url\" content=\"https:\/\/dev.tg4.ie\/ga\/eolas\/preas\/nuacht-raitis\/2019-2\/finne-sraith-2\/\" \/>\n<meta property=\"og:site_name\" content=\"TG4\" \/>\n<meta property=\"article:publisher\" content=\"https:\/\/www.facebook.com\/TG4TV\" \/>\n<meta property=\"article:modified_time\" content=\"2019-11-12T11:21:56+00:00\" \/>\n<meta property=\"og:image\" content=\"https:\/\/tg4-docs.s3.amazonaws.com\/wp-content\/uploads\/2024\/11\/18151812\/TG4_2024_corcra_teal_1-1920x1080-1.jpg\" \/>\n\t<meta property=\"og:image:width\" content=\"1920\" \/>\n\t<meta property=\"og:image:height\" content=\"1080\" \/>\n\t<meta property=\"og:image:type\" content=\"image\/jpeg\" \/>\n<meta name=\"twitter:card\" content=\"summary_large_image\" \/>\n<meta name=\"twitter:site\" content=\"@TG4TV\" \/>\n<meta name=\"twitter:label1\" content=\"Est. reading time\" \/>\n\t<meta name=\"twitter:data1\" content=\"4 minutes\" \/>\n<script type=\"application\/ld+json\" class=\"yoast-schema-graph\">{\"@context\":\"https:\/\/schema.org\",\"@graph\":[{\"@type\":\"WebPage\",\"@id\":\"https:\/\/dev.tg4.ie\/ga\/eolas\/preas\/nuacht-raitis\/2019-2\/finne-sraith-2\/\",\"url\":\"https:\/\/dev.tg4.ie\/ga\/eolas\/preas\/nuacht-raitis\/2019-2\/finne-sraith-2\/\",\"name\":\"Finn\u00e9 - Sraith 2 | Sc\u00e9alta Cumhachtacha | Preas R\u00e1iteas | Faisn\u00e9is | TG4\",\"isPartOf\":{\"@id\":\"https:\/\/dev.tg4.ie\/en\/#website\"},\"primaryImageOfPage\":{\"@id\":\"https:\/\/dev.tg4.ie\/ga\/eolas\/preas\/nuacht-raitis\/2019-2\/finne-sraith-2\/#primaryimage\"},\"image\":{\"@id\":\"https:\/\/dev.tg4.ie\/ga\/eolas\/preas\/nuacht-raitis\/2019-2\/finne-sraith-2\/#primaryimage\"},\"thumbnailUrl\":\"\",\"datePublished\":\"2019-09-26T09:56:03+00:00\",\"dateModified\":\"2019-11-12T11:21:56+00:00\",\"description\":\"Beidh an dara sraith de Finn\u00e9 ar ais ar sc\u00e1ile\u00e1in TG4 le fianaise phearsanta na ndaoine ar bhain tr\u00e9imhs\u00ed corraitheacha coscracha leis an saol acu.\",\"breadcrumb\":{\"@id\":\"https:\/\/dev.tg4.ie\/ga\/eolas\/preas\/nuacht-raitis\/2019-2\/finne-sraith-2\/#breadcrumb\"},\"inLanguage\":\"ga\",\"potentialAction\":[{\"@type\":\"ReadAction\",\"target\":[\"https:\/\/dev.tg4.ie\/ga\/eolas\/preas\/nuacht-raitis\/2019-2\/finne-sraith-2\/\"]}]},{\"@type\":\"ImageObject\",\"inLanguage\":\"ga\",\"@id\":\"https:\/\/dev.tg4.ie\/ga\/eolas\/preas\/nuacht-raitis\/2019-2\/finne-sraith-2\/#primaryimage\",\"url\":\"\",\"contentUrl\":\"\"},{\"@type\":\"BreadcrumbList\",\"@id\":\"https:\/\/dev.tg4.ie\/ga\/eolas\/preas\/nuacht-raitis\/2019-2\/finne-sraith-2\/#breadcrumb\",\"itemListElement\":[{\"@type\":\"ListItem\",\"position\":1,\"name\":\"Home\",\"item\":\"https:\/\/dev.tg4.ie\/ga\/\"},{\"@type\":\"ListItem\",\"position\":2,\"name\":\"Eolas\",\"item\":\"https:\/\/dev.tg4.ie\/ga\/eolas\/\"},{\"@type\":\"ListItem\",\"position\":3,\"name\":\"Preas\",\"item\":\"https:\/\/dev.tg4.ie\/ga\/eolas\/preas\/\"},{\"@type\":\"ListItem\",\"position\":4,\"name\":\"Nuacht R\u00e1itis\",\"item\":\"https:\/\/dev.tg4.ie\/ga\/eolas\/preas\/nuacht-raitis\/\"},{\"@type\":\"ListItem\",\"position\":5,\"name\":\"2019\",\"item\":\"https:\/\/dev.tg4.ie\/ga\/eolas\/preas\/nuacht-raitis\/2019-2\/\"},{\"@type\":\"ListItem\",\"position\":6,\"name\":\"Finn\u00e9 &#8211; Sraith 2\"}]},{\"@type\":\"WebSite\",\"@id\":\"https:\/\/dev.tg4.ie\/en\/#website\",\"url\":\"https:\/\/dev.tg4.ie\/en\/\",\"name\":\"TG4\",\"description\":\"S\u00fail Eile\",\"potentialAction\":[{\"@type\":\"SearchAction\",\"target\":{\"@type\":\"EntryPoint\",\"urlTemplate\":\"https:\/\/dev.tg4.ie\/en\/?s={search_term_string}\"},\"query-input\":\"required name=search_term_string\"}],\"inLanguage\":\"ga\"}]}<\/script>\n<!-- \/ Yoast SEO plugin. -->","yoast_head_json":{"title":"Finn\u00e9 - Sraith 2 | Sc\u00e9alta Cumhachtacha | Preas R\u00e1iteas | Faisn\u00e9is | TG4","description":"Beidh an dara sraith de Finn\u00e9 ar ais ar sc\u00e1ile\u00e1in TG4 le fianaise phearsanta na ndaoine ar bhain tr\u00e9imhs\u00ed corraitheacha coscracha leis an saol acu.","robots":{"index":"index","follow":"follow","max-snippet":"max-snippet:-1","max-image-preview":"max-image-preview:large","max-video-preview":"max-video-preview:-1"},"og_locale":"en_US","og_type":"article","og_title":"Finn\u00e9 - Sraith 2 | Sc\u00e9alta Cumhachtacha | Preas R\u00e1iteas | Faisn\u00e9is | TG4","og_description":"Beidh an dara sraith de Finn\u00e9 ar ais ar sc\u00e1ile\u00e1in TG4 le fianaise phearsanta na ndaoine ar bhain tr\u00e9imhs\u00ed corraitheacha coscracha leis an saol acu.","og_url":"https:\/\/dev.tg4.ie\/ga\/eolas\/preas\/nuacht-raitis\/2019-2\/finne-sraith-2\/","og_site_name":"TG4","article_publisher":"https:\/\/www.facebook.com\/TG4TV","article_modified_time":"2019-11-12T11:21:56+00:00","og_image":[{"width":1920,"height":1080,"url":"https:\/\/tg4-docs.s3.amazonaws.com\/wp-content\/uploads\/2024\/11\/18151812\/TG4_2024_corcra_teal_1-1920x1080-1.jpg","type":"image\/jpeg"}],"twitter_card":"summary_large_image","twitter_site":"@TG4TV","twitter_misc":{"Est. reading time":"4 minutes"},"schema":{"@context":"https:\/\/schema.org","@graph":[{"@type":"WebPage","@id":"https:\/\/dev.tg4.ie\/ga\/eolas\/preas\/nuacht-raitis\/2019-2\/finne-sraith-2\/","url":"https:\/\/dev.tg4.ie\/ga\/eolas\/preas\/nuacht-raitis\/2019-2\/finne-sraith-2\/","name":"Finn\u00e9 - Sraith 2 | Sc\u00e9alta Cumhachtacha | Preas R\u00e1iteas | Faisn\u00e9is | TG4","isPartOf":{"@id":"https:\/\/dev.tg4.ie\/en\/#website"},"primaryImageOfPage":{"@id":"https:\/\/dev.tg4.ie\/ga\/eolas\/preas\/nuacht-raitis\/2019-2\/finne-sraith-2\/#primaryimage"},"image":{"@id":"https:\/\/dev.tg4.ie\/ga\/eolas\/preas\/nuacht-raitis\/2019-2\/finne-sraith-2\/#primaryimage"},"thumbnailUrl":"","datePublished":"2019-09-26T09:56:03+00:00","dateModified":"2019-11-12T11:21:56+00:00","description":"Beidh an dara sraith de Finn\u00e9 ar ais ar sc\u00e1ile\u00e1in TG4 le fianaise phearsanta na ndaoine ar bhain tr\u00e9imhs\u00ed corraitheacha coscracha leis an saol acu.","breadcrumb":{"@id":"https:\/\/dev.tg4.ie\/ga\/eolas\/preas\/nuacht-raitis\/2019-2\/finne-sraith-2\/#breadcrumb"},"inLanguage":"ga","potentialAction":[{"@type":"ReadAction","target":["https:\/\/dev.tg4.ie\/ga\/eolas\/preas\/nuacht-raitis\/2019-2\/finne-sraith-2\/"]}]},{"@type":"ImageObject","inLanguage":"ga","@id":"https:\/\/dev.tg4.ie\/ga\/eolas\/preas\/nuacht-raitis\/2019-2\/finne-sraith-2\/#primaryimage","url":"","contentUrl":""},{"@type":"BreadcrumbList","@id":"https:\/\/dev.tg4.ie\/ga\/eolas\/preas\/nuacht-raitis\/2019-2\/finne-sraith-2\/#breadcrumb","itemListElement":[{"@type":"ListItem","position":1,"name":"Home","item":"https:\/\/dev.tg4.ie\/ga\/"},{"@type":"ListItem","position":2,"name":"Eolas","item":"https:\/\/dev.tg4.ie\/ga\/eolas\/"},{"@type":"ListItem","position":3,"name":"Preas","item":"https:\/\/dev.tg4.ie\/ga\/eolas\/preas\/"},{"@type":"ListItem","position":4,"name":"Nuacht R\u00e1itis","item":"https:\/\/dev.tg4.ie\/ga\/eolas\/preas\/nuacht-raitis\/"},{"@type":"ListItem","position":5,"name":"2019","item":"https:\/\/dev.tg4.ie\/ga\/eolas\/preas\/nuacht-raitis\/2019-2\/"},{"@type":"ListItem","position":6,"name":"Finn\u00e9 &#8211; Sraith 2"}]},{"@type":"WebSite","@id":"https:\/\/dev.tg4.ie\/en\/#website","url":"https:\/\/dev.tg4.ie\/en\/","name":"TG4","description":"S\u00fail Eile","potentialAction":[{"@type":"SearchAction","target":{"@type":"EntryPoint","urlTemplate":"https:\/\/dev.tg4.ie\/en\/?s={search_term_string}"},"query-input":"required name=search_term_string"}],"inLanguage":"ga"}]}},"_links":{"self":[{"href":"https:\/\/dev.tg4.ie\/ga\/wp-json\/wp\/v2\/pages\/109656"}],"collection":[{"href":"https:\/\/dev.tg4.ie\/ga\/wp-json\/wp\/v2\/pages"}],"about":[{"href":"https:\/\/dev.tg4.ie\/ga\/wp-json\/wp\/v2\/types\/page"}],"author":[{"embeddable":true,"href":"https:\/\/dev.tg4.ie\/ga\/wp-json\/wp\/v2\/users\/876"}],"replies":[{"embeddable":true,"href":"https:\/\/dev.tg4.ie\/ga\/wp-json\/wp\/v2\/comments?post=109656"}],"version-history":[{"count":0,"href":"https:\/\/dev.tg4.ie\/ga\/wp-json\/wp\/v2\/pages\/109656\/revisions"}],"up":[{"embeddable":true,"href":"https:\/\/dev.tg4.ie\/ga\/wp-json\/wp\/v2\/pages\/98830"}],"wp:featuredmedia":[{"embeddable":true,"href":"https:\/\/dev.tg4.ie\/ga\/wp-json\/"}],"wp:attachment":[{"href":"https:\/\/dev.tg4.ie\/ga\/wp-json\/wp\/v2\/media?parent=109656"}],"curies":[{"name":"wp","href":"https:\/\/api.w.org\/{rel}","templated":true}]}}