{"id":110418,"date":"2019-10-24T14:52:44","date_gmt":"2019-10-24T13:52:44","guid":{"rendered":"https:\/\/dev.tg4.ie\/?page_id=110418"},"modified":"2019-11-12T11:23:39","modified_gmt":"2019-11-12T11:23:39","slug":"tg4-ag-ceiliuradh-an-oireachtais-onas19","status":"publish","type":"page","link":"https:\/\/dev.tg4.ie\/ga\/eolas\/preas\/nuacht-raitis\/2019-2\/tg4-ag-ceiliuradh-an-oireachtais-onas19\/","title":{"rendered":"TG4 ag Ceili\u00faradh an Oireachtais &#8211; #OnaS19"},"content":{"rendered":"<p><iframe loading=\"lazy\" src=\"https:\/\/www.youtube.com\/embed\/BN4RqvpJYKA\" width=\"560\" height=\"315\" frameborder=\"0\" allowfullscreen=\"allowfullscreen\"><\/iframe><\/p>\n<p>&nbsp;<\/p>\n<p>Beidh meitheal Nuacht TG4 ag l\u00e9iri\u00fa tr\u00ed chl\u00e1r<span>\u00a0<\/span><strong>&#8216;Oireachtas 2019&#8217;<\/strong><span>\u00a0<\/span>o\u00edche D\u00e9 C\u00e9adaoin, D\u00e9ardaoin agus D\u00e9 hAoine.<br \/>\nCraolfar an cl\u00e1r siamsa\u00edochta<span>\u00a0<\/span><strong>\u2018L\u00e1r St\u00e1itse\u2019<\/strong><span>\u00a0<\/span>ag 8pm ar an Aoine agus beidh an pr\u00edomh-chom\u00f3rtas damhsa ar an sean-n\u00f3s \u2018<strong>Steip\u2019<\/strong><span>\u00a0<\/span>beo ar an Satharn \u00f3 1.15pm.<\/p>\n<p>Beidh deis na heala\u00edona b\u00e9il d\u00fachasacha a fheice\u00e1il beo ar YouTube mar a mbeidh na com\u00f3rtais Agallamh Beirte, L\u00faib\u00edn\u00ed, Amhr\u00e1in Saothair \u00e1 sruth\u00fa.<\/p>\n<p>Beidh scoth na bhfonnad\u00f3ir\u00ed le feice\u00e1il beo ar youtube \u00e1it a chraolfar na com\u00f3rtais Corn na bhFear san o\u00edche D\u00e9ardaoin,\u00a0 Corn na mBan o\u00edche D\u00e9 hAoine agus beifear ag tuar c\u00e1 rachaidh Corn U\u00ed Riada 2019 o\u00edche D\u00e9 Sathairn.\u00a0 Beidh an com\u00f3rtas amhr\u00e1na\u00edochta do dh\u00e9ag\u00f3ir\u00ed<span>\u00a0<\/span><strong>&#8216;BEO&#8217;<\/strong><span>\u00a0<\/span>curtha i l\u00e1thair ag Niamh N\u00ed Chr\u00f3in\u00edn \u00e1 sruth\u00fa ar YouTube freisin.<\/p>\n<p>Seolfar an cl\u00e1r faisn\u00e9ise<strong><span>\u00a0<\/span>&#8216;Toraigh: Creag Bheag i L\u00e1r na Farraige<\/strong>&#8216; ar an Aoine 1\u00fa Samhain ag a 5pm, sula gcraolfar \u00e9 ar an 20\u00fa Samhain ar TG4.<\/p>\n<p>Beidh leana\u00ed an Oireachtais ag s\u00fail go m\u00f3r le f\u00e9asta<span>\u00a0<\/span><strong>C\u00fala 4<\/strong><span>\u00a0<\/span>maidin D\u00e9 Sathairn \u00f3na a 11, \u00e1it a bhfaighidh siad blaiseadh de chl\u00e1ir nua C\u00fala 4<span>\u00a0<\/span><strong>An Siopa Eala\u00edne<\/strong><span>\u00a0<\/span>agus<span>\u00a0<\/span><strong>C.L.U.B<\/strong><\/p>\n<p>Ar an gc\u00e9ad o\u00edche den fh\u00e9ile, beidh sruth\u00fa beo ar na Gradaim Chumars\u00e1ide ar YouTube \u00f3na 19:30.<\/p>\n<p>Beidh &#8216;Tob-Chartlann&#8217; TG4 ar f\u00e1il in<span>\u00a0<\/span><strong>Aonach an Oireachtais<\/strong><span>\u00a0<\/span>\u00e1it a bheidh deis f\u00e9achaint agus eolas a fh\u00e1il ar chl\u00e1ir \u00f3n gcartlann agus ar an gcartlann cuimsitheach Sean-N\u00f3s.<\/p>\n<p>Mar is iond\u00fail, beidh<strong><span>\u00a0<\/span>MOLSC\u00c9AL<\/strong><span>\u00a0<\/span>ar na me\u00e1in sh\u00f3isialta ag ceili\u00faradh sprioad, cairdeas agus comhluadar an Oireachtais.<\/p>\n<p><span>T\u00e1 f\u00e1il go h\u00e9asca ar na sonra\u00ed agus na craolta\u00ed seo ar fad ag\u00a0<\/span><a href=\"https:\/\/dev.tg4.ie\/oireachtas\" target=\"_blank\" rel=\"noopener noreferrer\" data-auth=\"NotApplicable\">www.tg4.ie\/oireachtas<\/a><span>.<\/span><\/p>\n<p>&nbsp;<\/p>\n<p><strong>D\u00e9 C\u00e9adaoin, 30\u00fa Deireadh F\u00f3mhar 2019<\/strong><\/p>\n<ul>\n<li>Oireachtas 2019\u00a0 \u00a0 \u00a0 \u00a0 \u00a0 \u00a0 \u00a0 \u00a0 \u00a0 \u00a0 \u00a0 \u00a0 \u00a0 7:30pm<\/li>\n<li>An Cairp\u00e9ad Dearg\u00a0 \u00a0 \u00a0 \u00a0 \u00a0 \u00a0 \u00a0 \u00a0 \u00a0 \u00a0 \u00a07:30pm\u00a0 \u00a0 \u00a0 \u00a0 \u00a0 \u00a0 \u00a0 \u00a0 YouTube<\/li>\n<li>Na Gradaim Cumars\u00e1ide\u00a0 \u00a0 \u00a0 \u00a0 \u00a0 8:00pm\u00a0 \u00a0 \u00a0 \u00a0 \u00a0 \u00a0 \u00a0 \u00a0 YouTube<\/li>\n<\/ul>\n<p>&nbsp;<\/p>\n<p><strong>D\u00e9ardaoin, 31\u00fa Deireadh F\u00f3mhar 2019<\/strong><\/p>\n<ul>\n<li>Agallamh Beirte\u00a0 \u00a0 \u00a0 \u00a0 \u00a0 \u00a0 \u00a0 \u00a0 \u00a0 \u00a0 \u00a0 \u00a0 \u00a0 2:00pm \u00a0\u00a0\u00a0\u00a0\u00a0\u00a0\u00a0\u00a0\u00a0\u00a0\u00a0\u00a0\u00a0\u00a0\u00a0\u00a0\u00a0 YouTube<\/li>\n<li>Sean-N\u00f3s na bhFear\u00a0 \u00a0 \u00a0 \u00a0 \u00a0 \u00a0 \u00a0 \u00a0 \u00a0 7:00pm \u00a0\u00a0\u00a0\u00a0\u00a0\u00a0\u00a0\u00a0\u00a0\u00a0\u00a0\u00a0\u00a0\u00a0\u00a0\u00a0\u00a0 YouTube<\/li>\n<li>Oireachtas 2019\u00a0 \u00a0 \u00a0 \u00a0 \u00a0 \u00a0 \u00a0 \u00a0 \u00a0 \u00a0 \u00a0 \u00a0 \u00a08:00pm<\/li>\n<li>Com\u00f3rtas Beo\u00a0 \u00a0 \u00a0 \u00a0 \u00a0 \u00a0 \u00a0 \u00a0 \u00a0 \u00a0 \u00a0 \u00a0 \u00a0 \u00a0 \u00a08:00pm \u00a0\u00a0\u00a0\u00a0\u00a0\u00a0\u00a0\u00a0\u00a0\u00a0\u00a0\u00a0\u00a0\u00a0\u00a0\u00a0\u00a0 YouTube<\/li>\n<\/ul>\n<p>&nbsp;<\/p>\n<p><strong>D\u00e9 hAoine, 1\u00fa Samhain 2019<\/strong><\/p>\n<ul>\n<li>L\u00faib\u00edn\u00ed \/ Amhr\u00e1in Saothair\u00a0 \u00a0 \u00a0 \u00a0 \u00a0 \u00a0 \u00a0 \u00a0 \u00a0 \u00a0 \u00a0 \u00a0 \u00a0 \u00a0 \u00a0 \u00a0 \u00a02:00pm\u00a0 \u00a0 \u00a0 \u00a0 \u00a0 \u00a0 \u00a0 \u00a0 \u00a0 YouTube<\/li>\n<li>Toraigh: Creagh Bheag i l\u00e1r na Farraige\u00a0 \u00a0 \u00a0 \u00a0 \u00a0 \u00a05:00pm\u00a0 \u00a0 \u00a0 \u00a0 \u00a0 \u00a0 \u00a0 \u00a0 \u00a0 Svu\u00edt Kingswood<\/li>\n<li>Oireachtas 2019\u00a0 \u00a0 \u00a0 \u00a0 \u00a0 \u00a0 \u00a0 \u00a0 \u00a0 \u00a0 \u00a0 \u00a0 \u00a0 \u00a0 \u00a0 \u00a0 \u00a0 \u00a0 \u00a0 \u00a0 \u00a0 \u00a0 \u00a0 \u00a0 \u00a0 \u00a0 \u00a06:25pm<\/li>\n<li>Sean-N\u00f3s na mBan\u00a0 \u00a0 \u00a0 \u00a0 \u00a0 \u00a0 \u00a0 \u00a0 \u00a0 \u00a0 \u00a0 \u00a0 \u00a0 \u00a0 \u00a0 \u00a0 \u00a0 \u00a0 \u00a0 \u00a0 \u00a0 \u00a0 \u00a0 \u00a07:00pm\u00a0\u00a0\u00a0\u00a0\u00a0\u00a0\u00a0\u00a0\u00a0\u00a0\u00a0\u00a0\u00a0\u00a0\u00a0\u00a0\u00a0\u00a0 YouTube<\/li>\n<li>L\u00e1r St\u00e1itse\u00a0 \u00a0 \u00a0 \u00a0 \u00a0 \u00a0 \u00a0 \u00a0 \u00a0 \u00a0 \u00a0 \u00a0 \u00a0 \u00a0 \u00a0 \u00a0 \u00a0 \u00a0 \u00a0 \u00a0 \u00a0 \u00a0 \u00a0 \u00a0 \u00a0 \u00a0 \u00a0 \u00a0 \u00a0 \u00a0 \u00a0 \u00a08:00pm<\/li>\n<\/ul>\n<p>&nbsp;<\/p>\n<p><strong>D\u00e9 Sathairn, 2\u00fa Samhain 2019<\/strong><\/p>\n<ul>\n<li>Coisir C\u00fala4\u00a0 \u00a0 \u00a0 \u00a0 \u00a0 \u00a0 \u00a0 \u00a0 \u00a0 \u00a0 \u00a0 \u00a0 \u00a0 \u00a0 \u00a0 \u00a0 \u00a0 \u00a0 \u00a011am\u00a0 \u00a0 \u00a0 \u00a0 \u00a0 \u00a0 \u00a0 \u00a0 \u00a0 \u00a0 \u00a0 \u00a0 \u00a0Svu\u00edt Citywest<\/li>\n<li>Steip\u00a0 \u00a0 \u00a0 \u00a0 \u00a0 \u00a0 \u00a0 \u00a0 \u00a0 \u00a0 \u00a0 \u00a0 \u00a0 \u00a0 \u00a0 \u00a0 \u00a0 \u00a0 \u00a0 \u00a0 \u00a0 \u00a0 \u00a0 \u00a0 \u00a0 \u00a01:15pm<\/li>\n<li>Corn U\u00ed Riada\u00a0 \u00a0 \u00a0 \u00a0 \u00a0 \u00a0 \u00a0 \u00a0 \u00a0 \u00a0 \u00a0 \u00a0 \u00a0 \u00a0 \u00a0 \u00a0 \u00a0 7:00pm \u00a0\u00a0\u00a0\u00a0\u00a0\u00a0\u00a0\u00a0\u00a0\u00a0\u00a0\u00a0\u00a0\u00a0\u00a0\u00a0\u00a0 YouTube<\/li>\n<\/ul>\n<p>&nbsp;<\/p>\n","protected":false},"excerpt":{"rendered":"<p>&nbsp; Beidh meitheal Nuacht TG4 ag l\u00e9iri\u00fa tr\u00ed chl\u00e1r\u00a0&#8216;Oireachtas 2019&#8217;\u00a0o\u00edche D\u00e9 C\u00e9adaoin, D\u00e9ardaoin agus D\u00e9 hAoine. Craolfar an cl\u00e1r siamsa\u00edochta\u00a0\u2018L\u00e1r St\u00e1itse\u2019\u00a0ag 8pm ar an Aoine agus beidh an pr\u00edomh-chom\u00f3rtas damhsa ar an sean-n\u00f3s \u2018Steip\u2019\u00a0beo ar an Satharn \u00f3 1.15pm. Beidh deis na heala\u00edona b\u00e9il d\u00fachasacha a fheice\u00e1il beo ar YouTube mar a mbeidh na com\u00f3rtais [&hellip;]<\/p>\n","protected":false},"author":876,"featured_media":103431,"parent":98830,"menu_order":40,"comment_status":"closed","ping_status":"closed","template":"page-templates\/template-pr.php","meta":{"_acf_changed":false,"footnotes":""},"acf":[],"yoast_head":"<!-- This site is optimized with the Yoast SEO plugin v22.6 - https:\/\/yoast.com\/wordpress\/plugins\/seo\/ -->\n<title>TG4 ag Ceili\u00faradh an Oireachtais - #OnaS19 | Preas R\u00e1iteas | TG4<\/title>\n<meta name=\"robots\" content=\"index, follow, max-snippet:-1, max-image-preview:large, max-video-preview:-1\" \/>\n<meta property=\"og:locale\" content=\"en_US\" \/>\n<meta property=\"og:type\" content=\"article\" \/>\n<meta property=\"og:title\" content=\"TG4 ag Ceili\u00faradh an Oireachtais - #OnaS19 | Preas R\u00e1iteas | TG4\" \/>\n<meta property=\"og:description\" content=\"&nbsp; Beidh meitheal Nuacht TG4 ag l\u00e9iri\u00fa tr\u00ed chl\u00e1r\u00a0&#8216;Oireachtas 2019&#8217;\u00a0o\u00edche D\u00e9 C\u00e9adaoin, D\u00e9ardaoin agus D\u00e9 hAoine. Craolfar an cl\u00e1r siamsa\u00edochta\u00a0\u2018L\u00e1r St\u00e1itse\u2019\u00a0ag 8pm ar an Aoine agus beidh an pr\u00edomh-chom\u00f3rtas damhsa ar an sean-n\u00f3s \u2018Steip\u2019\u00a0beo ar an Satharn \u00f3 1.15pm. Beidh deis na heala\u00edona b\u00e9il d\u00fachasacha a fheice\u00e1il beo ar YouTube mar a mbeidh na com\u00f3rtais [&hellip;]\" \/>\n<meta property=\"og:url\" content=\"https:\/\/dev.tg4.ie\/ga\/eolas\/preas\/nuacht-raitis\/2019-2\/tg4-ag-ceiliuradh-an-oireachtais-onas19\/\" \/>\n<meta property=\"og:site_name\" content=\"TG4\" \/>\n<meta property=\"article:publisher\" content=\"https:\/\/www.facebook.com\/TG4TV\" \/>\n<meta property=\"article:modified_time\" content=\"2019-11-12T11:23:39+00:00\" \/>\n<meta property=\"og:image\" content=\"https:\/\/tg4-docs.s3.amazonaws.com\/tg4-redesign-2015\/wp-content\/uploads\/2019\/11\/Oireachtas2018_Corn_Ui_Riada.jpg\" \/>\n\t<meta property=\"og:image:width\" content=\"1920\" \/>\n\t<meta property=\"og:image:height\" content=\"1080\" \/>\n\t<meta property=\"og:image:type\" content=\"image\/jpeg\" \/>\n<meta name=\"twitter:card\" content=\"summary_large_image\" \/>\n<meta name=\"twitter:site\" content=\"@TG4TV\" \/>\n<meta name=\"twitter:label1\" content=\"Est. reading time\" \/>\n\t<meta name=\"twitter:data1\" content=\"2 minutes\" \/>\n<script type=\"application\/ld+json\" class=\"yoast-schema-graph\">{\"@context\":\"https:\/\/schema.org\",\"@graph\":[{\"@type\":\"WebPage\",\"@id\":\"https:\/\/dev.tg4.ie\/ga\/eolas\/preas\/nuacht-raitis\/2019-2\/tg4-ag-ceiliuradh-an-oireachtais-onas19\/\",\"url\":\"https:\/\/dev.tg4.ie\/ga\/eolas\/preas\/nuacht-raitis\/2019-2\/tg4-ag-ceiliuradh-an-oireachtais-onas19\/\",\"name\":\"TG4 ag Ceili\u00faradh an Oireachtais - #OnaS19 | Preas R\u00e1iteas | TG4\",\"isPartOf\":{\"@id\":\"https:\/\/dev.tg4.ie\/en\/#website\"},\"primaryImageOfPage\":{\"@id\":\"https:\/\/dev.tg4.ie\/ga\/eolas\/preas\/nuacht-raitis\/2019-2\/tg4-ag-ceiliuradh-an-oireachtais-onas19\/#primaryimage\"},\"image\":{\"@id\":\"https:\/\/dev.tg4.ie\/ga\/eolas\/preas\/nuacht-raitis\/2019-2\/tg4-ag-ceiliuradh-an-oireachtais-onas19\/#primaryimage\"},\"thumbnailUrl\":\"https:\/\/tg4-docs.s3.amazonaws.com\/tg4-redesign-2015\/wp-content\/uploads\/2019\/11\/Oireachtas2018_Corn_Ui_Riada.jpg\",\"datePublished\":\"2019-10-24T13:52:44+00:00\",\"dateModified\":\"2019-11-12T11:23:39+00:00\",\"breadcrumb\":{\"@id\":\"https:\/\/dev.tg4.ie\/ga\/eolas\/preas\/nuacht-raitis\/2019-2\/tg4-ag-ceiliuradh-an-oireachtais-onas19\/#breadcrumb\"},\"inLanguage\":\"ga\",\"potentialAction\":[{\"@type\":\"ReadAction\",\"target\":[\"https:\/\/dev.tg4.ie\/ga\/eolas\/preas\/nuacht-raitis\/2019-2\/tg4-ag-ceiliuradh-an-oireachtais-onas19\/\"]}]},{\"@type\":\"ImageObject\",\"inLanguage\":\"ga\",\"@id\":\"https:\/\/dev.tg4.ie\/ga\/eolas\/preas\/nuacht-raitis\/2019-2\/tg4-ag-ceiliuradh-an-oireachtais-onas19\/#primaryimage\",\"url\":\"https:\/\/tg4-docs.s3.amazonaws.com\/tg4-redesign-2015\/wp-content\/uploads\/2019\/11\/Oireachtas2018_Corn_Ui_Riada.jpg\",\"contentUrl\":\"https:\/\/tg4-docs.s3.amazonaws.com\/tg4-redesign-2015\/wp-content\/uploads\/2019\/11\/Oireachtas2018_Corn_Ui_Riada.jpg\",\"width\":1920,\"height\":1080},{\"@type\":\"BreadcrumbList\",\"@id\":\"https:\/\/dev.tg4.ie\/ga\/eolas\/preas\/nuacht-raitis\/2019-2\/tg4-ag-ceiliuradh-an-oireachtais-onas19\/#breadcrumb\",\"itemListElement\":[{\"@type\":\"ListItem\",\"position\":1,\"name\":\"Home\",\"item\":\"https:\/\/dev.tg4.ie\/ga\/\"},{\"@type\":\"ListItem\",\"position\":2,\"name\":\"Eolas\",\"item\":\"https:\/\/dev.tg4.ie\/ga\/eolas\/\"},{\"@type\":\"ListItem\",\"position\":3,\"name\":\"Preas\",\"item\":\"https:\/\/dev.tg4.ie\/ga\/eolas\/preas\/\"},{\"@type\":\"ListItem\",\"position\":4,\"name\":\"Nuacht R\u00e1itis\",\"item\":\"https:\/\/dev.tg4.ie\/ga\/eolas\/preas\/nuacht-raitis\/\"},{\"@type\":\"ListItem\",\"position\":5,\"name\":\"2019\",\"item\":\"https:\/\/dev.tg4.ie\/ga\/eolas\/preas\/nuacht-raitis\/2019-2\/\"},{\"@type\":\"ListItem\",\"position\":6,\"name\":\"TG4 ag Ceili\u00faradh an Oireachtais &#8211; #OnaS19\"}]},{\"@type\":\"WebSite\",\"@id\":\"https:\/\/dev.tg4.ie\/en\/#website\",\"url\":\"https:\/\/dev.tg4.ie\/en\/\",\"name\":\"TG4\",\"description\":\"S\u00fail Eile\",\"potentialAction\":[{\"@type\":\"SearchAction\",\"target\":{\"@type\":\"EntryPoint\",\"urlTemplate\":\"https:\/\/dev.tg4.ie\/en\/?s={search_term_string}\"},\"query-input\":\"required name=search_term_string\"}],\"inLanguage\":\"ga\"}]}<\/script>\n<!-- \/ Yoast SEO plugin. -->","yoast_head_json":{"title":"TG4 ag Ceili\u00faradh an Oireachtais - #OnaS19 | Preas R\u00e1iteas | TG4","robots":{"index":"index","follow":"follow","max-snippet":"max-snippet:-1","max-image-preview":"max-image-preview:large","max-video-preview":"max-video-preview:-1"},"og_locale":"en_US","og_type":"article","og_title":"TG4 ag Ceili\u00faradh an Oireachtais - #OnaS19 | Preas R\u00e1iteas | TG4","og_description":"&nbsp; Beidh meitheal Nuacht TG4 ag l\u00e9iri\u00fa tr\u00ed chl\u00e1r\u00a0&#8216;Oireachtas 2019&#8217;\u00a0o\u00edche D\u00e9 C\u00e9adaoin, D\u00e9ardaoin agus D\u00e9 hAoine. Craolfar an cl\u00e1r siamsa\u00edochta\u00a0\u2018L\u00e1r St\u00e1itse\u2019\u00a0ag 8pm ar an Aoine agus beidh an pr\u00edomh-chom\u00f3rtas damhsa ar an sean-n\u00f3s \u2018Steip\u2019\u00a0beo ar an Satharn \u00f3 1.15pm. Beidh deis na heala\u00edona b\u00e9il d\u00fachasacha a fheice\u00e1il beo ar YouTube mar a mbeidh na com\u00f3rtais [&hellip;]","og_url":"https:\/\/dev.tg4.ie\/ga\/eolas\/preas\/nuacht-raitis\/2019-2\/tg4-ag-ceiliuradh-an-oireachtais-onas19\/","og_site_name":"TG4","article_publisher":"https:\/\/www.facebook.com\/TG4TV","article_modified_time":"2019-11-12T11:23:39+00:00","og_image":[{"width":1920,"height":1080,"url":"https:\/\/tg4-docs.s3.amazonaws.com\/tg4-redesign-2015\/wp-content\/uploads\/2019\/11\/Oireachtas2018_Corn_Ui_Riada.jpg","type":"image\/jpeg"}],"twitter_card":"summary_large_image","twitter_site":"@TG4TV","twitter_misc":{"Est. reading time":"2 minutes"},"schema":{"@context":"https:\/\/schema.org","@graph":[{"@type":"WebPage","@id":"https:\/\/dev.tg4.ie\/ga\/eolas\/preas\/nuacht-raitis\/2019-2\/tg4-ag-ceiliuradh-an-oireachtais-onas19\/","url":"https:\/\/dev.tg4.ie\/ga\/eolas\/preas\/nuacht-raitis\/2019-2\/tg4-ag-ceiliuradh-an-oireachtais-onas19\/","name":"TG4 ag Ceili\u00faradh an Oireachtais - #OnaS19 | Preas R\u00e1iteas | TG4","isPartOf":{"@id":"https:\/\/dev.tg4.ie\/en\/#website"},"primaryImageOfPage":{"@id":"https:\/\/dev.tg4.ie\/ga\/eolas\/preas\/nuacht-raitis\/2019-2\/tg4-ag-ceiliuradh-an-oireachtais-onas19\/#primaryimage"},"image":{"@id":"https:\/\/dev.tg4.ie\/ga\/eolas\/preas\/nuacht-raitis\/2019-2\/tg4-ag-ceiliuradh-an-oireachtais-onas19\/#primaryimage"},"thumbnailUrl":"https:\/\/tg4-docs.s3.amazonaws.com\/tg4-redesign-2015\/wp-content\/uploads\/2019\/11\/Oireachtas2018_Corn_Ui_Riada.jpg","datePublished":"2019-10-24T13:52:44+00:00","dateModified":"2019-11-12T11:23:39+00:00","breadcrumb":{"@id":"https:\/\/dev.tg4.ie\/ga\/eolas\/preas\/nuacht-raitis\/2019-2\/tg4-ag-ceiliuradh-an-oireachtais-onas19\/#breadcrumb"},"inLanguage":"ga","potentialAction":[{"@type":"ReadAction","target":["https:\/\/dev.tg4.ie\/ga\/eolas\/preas\/nuacht-raitis\/2019-2\/tg4-ag-ceiliuradh-an-oireachtais-onas19\/"]}]},{"@type":"ImageObject","inLanguage":"ga","@id":"https:\/\/dev.tg4.ie\/ga\/eolas\/preas\/nuacht-raitis\/2019-2\/tg4-ag-ceiliuradh-an-oireachtais-onas19\/#primaryimage","url":"https:\/\/tg4-docs.s3.amazonaws.com\/tg4-redesign-2015\/wp-content\/uploads\/2019\/11\/Oireachtas2018_Corn_Ui_Riada.jpg","contentUrl":"https:\/\/tg4-docs.s3.amazonaws.com\/tg4-redesign-2015\/wp-content\/uploads\/2019\/11\/Oireachtas2018_Corn_Ui_Riada.jpg","width":1920,"height":1080},{"@type":"BreadcrumbList","@id":"https:\/\/dev.tg4.ie\/ga\/eolas\/preas\/nuacht-raitis\/2019-2\/tg4-ag-ceiliuradh-an-oireachtais-onas19\/#breadcrumb","itemListElement":[{"@type":"ListItem","position":1,"name":"Home","item":"https:\/\/dev.tg4.ie\/ga\/"},{"@type":"ListItem","position":2,"name":"Eolas","item":"https:\/\/dev.tg4.ie\/ga\/eolas\/"},{"@type":"ListItem","position":3,"name":"Preas","item":"https:\/\/dev.tg4.ie\/ga\/eolas\/preas\/"},{"@type":"ListItem","position":4,"name":"Nuacht R\u00e1itis","item":"https:\/\/dev.tg4.ie\/ga\/eolas\/preas\/nuacht-raitis\/"},{"@type":"ListItem","position":5,"name":"2019","item":"https:\/\/dev.tg4.ie\/ga\/eolas\/preas\/nuacht-raitis\/2019-2\/"},{"@type":"ListItem","position":6,"name":"TG4 ag Ceili\u00faradh an Oireachtais &#8211; #OnaS19"}]},{"@type":"WebSite","@id":"https:\/\/dev.tg4.ie\/en\/#website","url":"https:\/\/dev.tg4.ie\/en\/","name":"TG4","description":"S\u00fail Eile","potentialAction":[{"@type":"SearchAction","target":{"@type":"EntryPoint","urlTemplate":"https:\/\/dev.tg4.ie\/en\/?s={search_term_string}"},"query-input":"required name=search_term_string"}],"inLanguage":"ga"}]}},"_links":{"self":[{"href":"https:\/\/dev.tg4.ie\/ga\/wp-json\/wp\/v2\/pages\/110418"}],"collection":[{"href":"https:\/\/dev.tg4.ie\/ga\/wp-json\/wp\/v2\/pages"}],"about":[{"href":"https:\/\/dev.tg4.ie\/ga\/wp-json\/wp\/v2\/types\/page"}],"author":[{"embeddable":true,"href":"https:\/\/dev.tg4.ie\/ga\/wp-json\/wp\/v2\/users\/876"}],"replies":[{"embeddable":true,"href":"https:\/\/dev.tg4.ie\/ga\/wp-json\/wp\/v2\/comments?post=110418"}],"version-history":[{"count":0,"href":"https:\/\/dev.tg4.ie\/ga\/wp-json\/wp\/v2\/pages\/110418\/revisions"}],"up":[{"embeddable":true,"href":"https:\/\/dev.tg4.ie\/ga\/wp-json\/wp\/v2\/pages\/98830"}],"wp:featuredmedia":[{"embeddable":true,"href":"https:\/\/dev.tg4.ie\/ga\/wp-json\/wp\/v2\/media\/103431"}],"wp:attachment":[{"href":"https:\/\/dev.tg4.ie\/ga\/wp-json\/wp\/v2\/media?parent=110418"}],"curies":[{"name":"wp","href":"https:\/\/api.w.org\/{rel}","templated":true}]}}