{"id":110549,"date":"2019-11-12T14:41:53","date_gmt":"2019-11-12T14:41:53","guid":{"rendered":"https:\/\/dev.tg4.ie\/?page_id=110549"},"modified":"2019-11-13T11:09:18","modified_gmt":"2019-11-13T11:09:18","slug":"buaic-ghradam-ceoil-thraidisiunta-tg4-le-bronnadh-ar-an-gcruitire-laoise-kelly","status":"publish","type":"page","link":"https:\/\/dev.tg4.ie\/ga\/eolas\/preas\/nuacht-raitis\/2019-2\/buaic-ghradam-ceoil-thraidisiunta-tg4-le-bronnadh-ar-an-gcruitire-laoise-kelly\/","title":{"rendered":"Buaic-Ghradam Ceoil Thraidisi\u00fanta TG4 le Bronnadh ar an gCruitire Laoise Kelly"},"content":{"rendered":"<p>Is ar an gcruitire as Maigh Eo, Laoise Kelly a bhronnfar pr\u00edomhghradam Ghradam Ceoil TG4 2020 &#8216;Ceolt\u00f3ir na Bliana&#8217;. Is m\u00f3r an bhr\u00ed agus an \u00e9ifeacht at\u00e1 l\u00e9i i saol an cheoil traidisi\u00fanta agus i saol na cruitireachta in \u00c9irinn. T\u00e1 a st\u00edl shaini\u00fail f\u00e9in aici agus, mar sin, is \u00ed a bh\u00edonn ag seinm an fhoinn i ngach cuideachta ceoil a mb\u00edonn s\u00ed p\u00e1irteach leo. Bh\u00ed s\u00ed ar dhuine de na daoine a chuir t\u00fas leis an mbanna ceoil na &#8216;Bumblebees&#8217;, agus t\u00e1 an comhar saothraithe go maith aici le cuid mh\u00f3r de cheolt\u00f3ir\u00ed cl\u00faiteacha an cheoil thraidisi\u00fanta agus i st\u00edleanna ceoil eile. Is d\u00edol suntais an saothar at\u00e1 curtha le ch\u00e9ile aici le Tiarn\u00e1n \u00d3 Duinnchinn le tamall anuas.<\/p>\n<p>&nbsp;<\/p>\n<p>Is ar Sharon Howley as Cill Fhionn\u00farach, Co. an Chl\u00e1ir a bhronnfar Ceolt\u00f3ir \u00d3g na Bliana. Fidl\u00e9ir s\u00e1reala\u00edonta aigeanta \u00ed Sharon a bhfuil athmh\u00fanl\u00fa agus m\u00ednch\u00f3iri\u00fa d\u00e9anta aici ar an gcaoi a sheinntear an veidhl\u00edn, scileanna iad seo a chuirtear i bhfeidhm ar an dordveidhil chomh maith agus t\u00e1 cl\u00fa agus c\u00e1il uirthi d\u00e1 r\u00e9ir sin.\u00a0 Seinneann Sharon le Banna C\u00e9il\u00ed Chill Fhionn\u00farach agus is le gairid a thosaigh s\u00ed ar cheol a ch\u00f3iri\u00fa don bhanna.<\/p>\n<p>Bronnfar &#8216;Amhr\u00e1na\u00ed na Bliana&#8217; ar fhear na Gaeltachta, Lillis \u00d3 Laoire.\u00a0 T\u00e1 Corn U\u00ed Riada, pr\u00edomhchom\u00f3rtas amhr\u00e1na\u00edochta ar an sean-n\u00f3s buaite ag Lillis faoi dh\u00f3, sa bhliain 1991 agus sa bhliain 1994.<\/p>\n<p>Is ar S\u00e9amus Connolly as Cill Dalua, Co. an Chl\u00e1ir agus at\u00e1 lonnaithe i Meirice\u00e1 a bhronnfar Gradam Saoil 2020, is ar an gcumad\u00f3ir Josephine Marsh de bhunadh Co. na M\u00ed agus Co. an Chl\u00e1ir a bhronnfar Cumad\u00f3ir na Bliana, agus is ar Ned Kelly, as Aonach \u00darmhumhan a bhronnfar an Gradam Comaoine.<\/p>\n<p>Beidh Nuacht TG4 ag craoladh beo \u00f3 Chathair na Mart ag a 7pm ag seoladh Gradam Ceoil TG4 2020.<\/p>\n<p>T\u00e1 Gradam Ceoil TG4 23 bliana ar an bhf\u00f3d i mbliana, searmanas a thugann aitheantas do scoth na gceolt\u00f3ir\u00ed traidisi\u00fanta.<\/p>\n<p>Seo a leanas liosta ioml\u00e1n d\u2019fhaighteoir\u00ed\u00a0<strong><span>Gradam Ceoil TG4 2020<\/span><\/strong>:<\/p>\n<ul>\n<li><strong><span>Ceolt\u00f3ir na Bliana<\/span><\/strong>: Laoise Kelly<\/li>\n<li><strong><span>Ceolt\u00f3ir \u00d3g na Bliana<\/span><\/strong>: Sharon Howley<\/li>\n<li><strong><span>Gradam Saoil<\/span><\/strong>: S\u00e9amus Connolly<\/li>\n<li><strong><span>Amhr\u00e1na\u00ed na Bliana<\/span><\/strong>: Lillis \u00d3 Laoire<\/li>\n<li><strong><span>Gradam Comaoine<\/span><\/strong>: Ned Kelly<\/li>\n<li><strong><span>Cumad\u00f3ir na Bliana:\u00a0<\/span><\/strong>Josephine Marsh\u00a0<span><\/span><\/li>\n<\/ul>\n<p>&nbsp;<\/p>\n<p>Is \u00e9 Gradam Ceoil TG4 an gradam ceoil traidisi\u00fanta is t\u00e1bhachta\u00ed d\u00e1 bhfuil ann, ar gradam \u00e9 a bhronntar uair sa bhliain. Is pain\u00e9al molt\u00f3ir\u00ed neamhsple\u00e1cha a roghna\u00edonn na faighteoir\u00ed gach bliain. N\u00ed com\u00f3rtas at\u00e1 ann. Bronntar p\u00edosa speisialta dealbh\u00f3ireachta \u00f3n dealbh\u00f3ir cl\u00faiteach, John Coll, mar aon le s\u00ednti\u00fas beag, ar na faighteoir\u00ed.<\/p>\n<p>Is le linn m\u00f3rcheolchoirme i Halla an Waterfront, B\u00e9al Feirste, an Domhnach an 23\u00fa Feabhra a bhronnfar Gradam Ceoil TG4 2020 agus is iad Doireann N\u00ed Ghlac\u00e1in agus D\u00f3nal O&#8217;Connor a chuirfidh an ceolchoirm i l\u00e1thair. Craolfar \u00e9 beo ar TG4 ag 21:30, \u00e1it a mbeidh cairde agus a\u00edonna speisialta eile ceoil ar st\u00e1itse in \u00e9ineacht le lucht na ngradam agus pl\u00far na n-oirfideach, agus beidh r\u00e9alta\u00ed m\u00f3ra eile i \u00e9ineacht leo leis an \u00f3c\u00e1id a chom\u00f3radh agus na gradaim \u00e1 mbronnadh.<\/p>\n<p>D\u00fairt Ard Sti\u00farth\u00f3ir TG4, Alan Esslemont:<\/p>\n<p><em><span>&#8220;Fiche is a tr\u00ed bliana \u00f3 shin, cuireadh t\u00fas le Gradam Ceoil TG4, gradaim tr\u00edna dtugtar aitheantas do scoth an cheoil traidisi\u00fanta. Is sc\u00e9im \u00ed at\u00e1 TG4 thar a bheith br\u00f3d\u00fail aisti.\u00a0\u00a0 Ba mhaith liom comhghairdeas a dh\u00e9anamh le buaiteoir\u00ed na ngradam.\u00a0 Is l\u00e9iri\u00fa cruthanta iad ar an gceol traidisi\u00fanta, agus t\u00e1 r\u00edm\u00e9ad orainn i TG4 na gradaim is airde sa cheol gaelach a bhronnadh orthu.\u00a0 Bronnfar Gradam Ceoil TG4 2020 i Halla an Waterfront i mB\u00e9al Feirste don tr\u00ed\u00fa bliain as a ch\u00e9ile, mar thoradh ar chomhph\u00e1irt\u00edocht rath\u00fail idir an Ciste Craolt\u00f3ireachta Gaeilge, Comhairle Cathrach Bh\u00e9al Feirste, TG4 agus Red Shoe Productions&#8221;<\/span><\/em><\/p>\n<p><span><br \/>\n<\/span><span>Deir<strong>\u00a0\u00c1ine Walsh,\u00a0<\/strong>ceannasa\u00ed an\u00a0<strong>Chiste Craolt\u00f3ireachta Gaeilge\u00a0<\/strong>ag<strong>\u00a0Northern Ireland Screen<\/strong>:<br \/>\n<em>\u201cT\u00e1 muid iontach s\u00e1sta go bhfuil Gradam Ceoil \u00e1 chraoladh don tr\u00ed\u00fa bhliain i ndiaidh a ch\u00e9ile beo \u00f3 Bh\u00e9al Feirste i 2020.\u00a0 Chomh maith le haitheantas a thabhairt do bhuaiteoir\u00ed an Ghradaim, tugann s\u00e9 ard\u00e1n iontach d\u2019oidhreacht leathan cheoil agus do thallann an Tuaiscirt.\u00a0 Is iontach an rud \u00e9 fosta go mbeidh deis ag lucht f\u00e9achana domhanda amharc ar an cheili\u00faradh seo\u201d.<\/em><\/span><\/p>\n<p><i><br \/>\n<\/i>D\u00fairt\u00a0<strong><span>Ard-Mh\u00e9ara Bh\u00e9al Feirste,\u00a0<\/span><\/strong>an Comhairleoir<span>\u00a0<\/span><strong><span>John Finucane:<\/span><\/strong><\/p>\n<p><em><span>&#8220;Is ceili\u00faradh den scoth ar cheol traidisi\u00fanta \u00e9 an Gradam Ceoil agus t\u00e1 ardmheas ag lucht leanta an cheoil ar fud na h\u00c9ireann agus thar lear air.\u00a0 Is m\u00f3r an on\u00f3ir d\u00fainn ar\u00eds gur sa Waterfront i mB\u00e9al Feirste a bheidh Gradam Ceoil TG4 i 2020, an tr\u00ed\u00fa bliain as a ch\u00e9ile. T\u00e1im cinnte gur \u00f3c\u00e1id den scoth a bheidh san o\u00edche ina dtabharfar ard\u00e1n don tallann iontach at\u00e1 ag teacht anseo ar leac an dorais chugainn. Comhghairdeas \u00f3 chro\u00ed le lucht faighte na ngradam ar fad agus t\u00e1im ag s\u00fail le f\u00e1ilte a chur rompu i mB\u00e9al Feirste i m\u00ed Feabhra seo chugainn&#8221;.<\/span><\/em><\/p>\n<p>T\u00e1 tic\u00e9id ar f\u00e1il le ceannach do bhronnadh\u00a0<strong><span>Ghradam Ceoil TG4 2020\u00a0<\/span><\/strong>\u00f3\u00a0<a href=\"https:\/\/www.waterfront.co.uk\/what-s-on\/gradam-ceoil-tg4-2020\" target=\"_blank\" rel=\"noopener noreferrer\" data-auth=\"NotApplicable\">https:\/\/www.waterfront.co.uk\/what-s-on\/gradam-ceoil-tg4-2020<span>\u00a0<\/span><\/a>\u00a0n\u00f3 ag +44(0)2890 334455.<\/p>\n<p>T\u00e1 eolas breise le f\u00e1il ag\u00a0<a href=\"http:\/\/www.gradam.ie\" target=\"_blank\" rel=\"noopener noreferrer\" data-auth=\"NotApplicable\">www.gradam.ie<\/a>, n\u00f3 ar Facebook agus Twitter <a href=\"https:\/\/twitter.com\/gradamceoil\" target=\"_blank\" rel=\"noopener noreferrer\">@GradamCeoil<\/a> \u00a0<a href=\"https:\/\/twitter.com\/search?q=%23Gradam&amp;src=typed_query&amp;f=live\" target=\"_blank\" rel=\"noopener noreferrer\">#Gradam<\/a><\/p>\n<p>&nbsp;<\/p>\n","protected":false},"excerpt":{"rendered":"<p>Is ar an gcruitire as Maigh Eo, Laoise Kelly a bhronnfar pr\u00edomhghradam Ghradam Ceoil TG4 2020 &#8216;Ceolt\u00f3ir na Bliana&#8217;. Is m\u00f3r an bhr\u00ed agus an \u00e9ifeacht at\u00e1 l\u00e9i i saol an cheoil traidisi\u00fanta agus i saol na cruitireachta in \u00c9irinn. T\u00e1 a st\u00edl shaini\u00fail f\u00e9in aici agus, mar sin, is \u00ed a bh\u00edonn ag seinm [&hellip;]<\/p>\n","protected":false},"author":876,"featured_media":110553,"parent":98830,"menu_order":41,"comment_status":"closed","ping_status":"closed","template":"page-templates\/template-pr.php","meta":{"_acf_changed":false,"footnotes":""},"acf":[],"yoast_head":"<!-- This site is optimized with the Yoast SEO plugin v22.6 - https:\/\/yoast.com\/wordpress\/plugins\/seo\/ -->\n<title>Buaic-Ghradam Ceoil Thraidisi\u00fanta TG4 le Bronnadh ar an gCruitire Laoise Kelly | Preas R\u00e1iteas | TG4<\/title>\n<meta name=\"robots\" content=\"index, follow, max-snippet:-1, max-image-preview:large, max-video-preview:-1\" \/>\n<meta property=\"og:locale\" content=\"en_US\" \/>\n<meta property=\"og:type\" content=\"article\" \/>\n<meta property=\"og:title\" content=\"Buaic-Ghradam Ceoil Thraidisi\u00fanta TG4 le Bronnadh ar an gCruitire Laoise Kelly | Preas R\u00e1iteas | TG4\" \/>\n<meta property=\"og:description\" content=\"Is ar an gcruitire as Maigh Eo, Laoise Kelly a bhronnfar pr\u00edomhghradam Ghradam Ceoil TG4 2020 &#8216;Ceolt\u00f3ir na Bliana&#8217;. Is m\u00f3r an bhr\u00ed agus an \u00e9ifeacht at\u00e1 l\u00e9i i saol an cheoil traidisi\u00fanta agus i saol na cruitireachta in \u00c9irinn. T\u00e1 a st\u00edl shaini\u00fail f\u00e9in aici agus, mar sin, is \u00ed a bh\u00edonn ag seinm [&hellip;]\" \/>\n<meta property=\"og:url\" content=\"https:\/\/dev.tg4.ie\/ga\/eolas\/preas\/nuacht-raitis\/2019-2\/buaic-ghradam-ceoil-thraidisiunta-tg4-le-bronnadh-ar-an-gcruitire-laoise-kelly\/\" \/>\n<meta property=\"og:site_name\" content=\"TG4\" \/>\n<meta property=\"article:publisher\" content=\"https:\/\/www.facebook.com\/TG4TV\" \/>\n<meta property=\"article:modified_time\" content=\"2019-11-13T11:09:18+00:00\" \/>\n<meta property=\"og:image\" content=\"https:\/\/tg4-docs.s3.amazonaws.com\/tg4-redesign-2015\/wp-content\/uploads\/2019\/11\/Laoise_Kelly_1920x1080.jpg\" \/>\n\t<meta property=\"og:image:width\" content=\"1920\" \/>\n\t<meta property=\"og:image:height\" content=\"1080\" \/>\n\t<meta property=\"og:image:type\" content=\"image\/jpeg\" \/>\n<meta name=\"twitter:card\" content=\"summary_large_image\" \/>\n<meta name=\"twitter:site\" content=\"@TG4TV\" \/>\n<meta name=\"twitter:label1\" content=\"Est. reading time\" \/>\n\t<meta name=\"twitter:data1\" content=\"5 minutes\" \/>\n<script type=\"application\/ld+json\" class=\"yoast-schema-graph\">{\"@context\":\"https:\/\/schema.org\",\"@graph\":[{\"@type\":\"WebPage\",\"@id\":\"https:\/\/dev.tg4.ie\/ga\/eolas\/preas\/nuacht-raitis\/2019-2\/buaic-ghradam-ceoil-thraidisiunta-tg4-le-bronnadh-ar-an-gcruitire-laoise-kelly\/\",\"url\":\"https:\/\/dev.tg4.ie\/ga\/eolas\/preas\/nuacht-raitis\/2019-2\/buaic-ghradam-ceoil-thraidisiunta-tg4-le-bronnadh-ar-an-gcruitire-laoise-kelly\/\",\"name\":\"Buaic-Ghradam Ceoil Thraidisi\u00fanta TG4 le Bronnadh ar an gCruitire Laoise Kelly | Preas R\u00e1iteas | TG4\",\"isPartOf\":{\"@id\":\"https:\/\/dev.tg4.ie\/en\/#website\"},\"primaryImageOfPage\":{\"@id\":\"https:\/\/dev.tg4.ie\/ga\/eolas\/preas\/nuacht-raitis\/2019-2\/buaic-ghradam-ceoil-thraidisiunta-tg4-le-bronnadh-ar-an-gcruitire-laoise-kelly\/#primaryimage\"},\"image\":{\"@id\":\"https:\/\/dev.tg4.ie\/ga\/eolas\/preas\/nuacht-raitis\/2019-2\/buaic-ghradam-ceoil-thraidisiunta-tg4-le-bronnadh-ar-an-gcruitire-laoise-kelly\/#primaryimage\"},\"thumbnailUrl\":\"https:\/\/tg4-docs.s3.amazonaws.com\/tg4-redesign-2015\/wp-content\/uploads\/2019\/11\/Laoise_Kelly_1920x1080.jpg\",\"datePublished\":\"2019-11-12T14:41:53+00:00\",\"dateModified\":\"2019-11-13T11:09:18+00:00\",\"breadcrumb\":{\"@id\":\"https:\/\/dev.tg4.ie\/ga\/eolas\/preas\/nuacht-raitis\/2019-2\/buaic-ghradam-ceoil-thraidisiunta-tg4-le-bronnadh-ar-an-gcruitire-laoise-kelly\/#breadcrumb\"},\"inLanguage\":\"ga\",\"potentialAction\":[{\"@type\":\"ReadAction\",\"target\":[\"https:\/\/dev.tg4.ie\/ga\/eolas\/preas\/nuacht-raitis\/2019-2\/buaic-ghradam-ceoil-thraidisiunta-tg4-le-bronnadh-ar-an-gcruitire-laoise-kelly\/\"]}]},{\"@type\":\"ImageObject\",\"inLanguage\":\"ga\",\"@id\":\"https:\/\/dev.tg4.ie\/ga\/eolas\/preas\/nuacht-raitis\/2019-2\/buaic-ghradam-ceoil-thraidisiunta-tg4-le-bronnadh-ar-an-gcruitire-laoise-kelly\/#primaryimage\",\"url\":\"https:\/\/tg4-docs.s3.amazonaws.com\/tg4-redesign-2015\/wp-content\/uploads\/2019\/11\/Laoise_Kelly_1920x1080.jpg\",\"contentUrl\":\"https:\/\/tg4-docs.s3.amazonaws.com\/tg4-redesign-2015\/wp-content\/uploads\/2019\/11\/Laoise_Kelly_1920x1080.jpg\",\"width\":1920,\"height\":1080},{\"@type\":\"BreadcrumbList\",\"@id\":\"https:\/\/dev.tg4.ie\/ga\/eolas\/preas\/nuacht-raitis\/2019-2\/buaic-ghradam-ceoil-thraidisiunta-tg4-le-bronnadh-ar-an-gcruitire-laoise-kelly\/#breadcrumb\",\"itemListElement\":[{\"@type\":\"ListItem\",\"position\":1,\"name\":\"Home\",\"item\":\"https:\/\/dev.tg4.ie\/ga\/\"},{\"@type\":\"ListItem\",\"position\":2,\"name\":\"Eolas\",\"item\":\"https:\/\/dev.tg4.ie\/ga\/eolas\/\"},{\"@type\":\"ListItem\",\"position\":3,\"name\":\"Preas\",\"item\":\"https:\/\/dev.tg4.ie\/ga\/eolas\/preas\/\"},{\"@type\":\"ListItem\",\"position\":4,\"name\":\"Nuacht R\u00e1itis\",\"item\":\"https:\/\/dev.tg4.ie\/ga\/eolas\/preas\/nuacht-raitis\/\"},{\"@type\":\"ListItem\",\"position\":5,\"name\":\"2019\",\"item\":\"https:\/\/dev.tg4.ie\/ga\/eolas\/preas\/nuacht-raitis\/2019-2\/\"},{\"@type\":\"ListItem\",\"position\":6,\"name\":\"Buaic-Ghradam Ceoil Thraidisi\u00fanta TG4 le Bronnadh ar an gCruitire Laoise Kelly\"}]},{\"@type\":\"WebSite\",\"@id\":\"https:\/\/dev.tg4.ie\/en\/#website\",\"url\":\"https:\/\/dev.tg4.ie\/en\/\",\"name\":\"TG4\",\"description\":\"S\u00fail Eile\",\"potentialAction\":[{\"@type\":\"SearchAction\",\"target\":{\"@type\":\"EntryPoint\",\"urlTemplate\":\"https:\/\/dev.tg4.ie\/en\/?s={search_term_string}\"},\"query-input\":\"required name=search_term_string\"}],\"inLanguage\":\"ga\"}]}<\/script>\n<!-- \/ Yoast SEO plugin. -->","yoast_head_json":{"title":"Buaic-Ghradam Ceoil Thraidisi\u00fanta TG4 le Bronnadh ar an gCruitire Laoise Kelly | Preas R\u00e1iteas | TG4","robots":{"index":"index","follow":"follow","max-snippet":"max-snippet:-1","max-image-preview":"max-image-preview:large","max-video-preview":"max-video-preview:-1"},"og_locale":"en_US","og_type":"article","og_title":"Buaic-Ghradam Ceoil Thraidisi\u00fanta TG4 le Bronnadh ar an gCruitire Laoise Kelly | Preas R\u00e1iteas | TG4","og_description":"Is ar an gcruitire as Maigh Eo, Laoise Kelly a bhronnfar pr\u00edomhghradam Ghradam Ceoil TG4 2020 &#8216;Ceolt\u00f3ir na Bliana&#8217;. Is m\u00f3r an bhr\u00ed agus an \u00e9ifeacht at\u00e1 l\u00e9i i saol an cheoil traidisi\u00fanta agus i saol na cruitireachta in \u00c9irinn. T\u00e1 a st\u00edl shaini\u00fail f\u00e9in aici agus, mar sin, is \u00ed a bh\u00edonn ag seinm [&hellip;]","og_url":"https:\/\/dev.tg4.ie\/ga\/eolas\/preas\/nuacht-raitis\/2019-2\/buaic-ghradam-ceoil-thraidisiunta-tg4-le-bronnadh-ar-an-gcruitire-laoise-kelly\/","og_site_name":"TG4","article_publisher":"https:\/\/www.facebook.com\/TG4TV","article_modified_time":"2019-11-13T11:09:18+00:00","og_image":[{"width":1920,"height":1080,"url":"https:\/\/tg4-docs.s3.amazonaws.com\/tg4-redesign-2015\/wp-content\/uploads\/2019\/11\/Laoise_Kelly_1920x1080.jpg","type":"image\/jpeg"}],"twitter_card":"summary_large_image","twitter_site":"@TG4TV","twitter_misc":{"Est. reading time":"5 minutes"},"schema":{"@context":"https:\/\/schema.org","@graph":[{"@type":"WebPage","@id":"https:\/\/dev.tg4.ie\/ga\/eolas\/preas\/nuacht-raitis\/2019-2\/buaic-ghradam-ceoil-thraidisiunta-tg4-le-bronnadh-ar-an-gcruitire-laoise-kelly\/","url":"https:\/\/dev.tg4.ie\/ga\/eolas\/preas\/nuacht-raitis\/2019-2\/buaic-ghradam-ceoil-thraidisiunta-tg4-le-bronnadh-ar-an-gcruitire-laoise-kelly\/","name":"Buaic-Ghradam Ceoil Thraidisi\u00fanta TG4 le Bronnadh ar an gCruitire Laoise Kelly | Preas R\u00e1iteas | TG4","isPartOf":{"@id":"https:\/\/dev.tg4.ie\/en\/#website"},"primaryImageOfPage":{"@id":"https:\/\/dev.tg4.ie\/ga\/eolas\/preas\/nuacht-raitis\/2019-2\/buaic-ghradam-ceoil-thraidisiunta-tg4-le-bronnadh-ar-an-gcruitire-laoise-kelly\/#primaryimage"},"image":{"@id":"https:\/\/dev.tg4.ie\/ga\/eolas\/preas\/nuacht-raitis\/2019-2\/buaic-ghradam-ceoil-thraidisiunta-tg4-le-bronnadh-ar-an-gcruitire-laoise-kelly\/#primaryimage"},"thumbnailUrl":"https:\/\/tg4-docs.s3.amazonaws.com\/tg4-redesign-2015\/wp-content\/uploads\/2019\/11\/Laoise_Kelly_1920x1080.jpg","datePublished":"2019-11-12T14:41:53+00:00","dateModified":"2019-11-13T11:09:18+00:00","breadcrumb":{"@id":"https:\/\/dev.tg4.ie\/ga\/eolas\/preas\/nuacht-raitis\/2019-2\/buaic-ghradam-ceoil-thraidisiunta-tg4-le-bronnadh-ar-an-gcruitire-laoise-kelly\/#breadcrumb"},"inLanguage":"ga","potentialAction":[{"@type":"ReadAction","target":["https:\/\/dev.tg4.ie\/ga\/eolas\/preas\/nuacht-raitis\/2019-2\/buaic-ghradam-ceoil-thraidisiunta-tg4-le-bronnadh-ar-an-gcruitire-laoise-kelly\/"]}]},{"@type":"ImageObject","inLanguage":"ga","@id":"https:\/\/dev.tg4.ie\/ga\/eolas\/preas\/nuacht-raitis\/2019-2\/buaic-ghradam-ceoil-thraidisiunta-tg4-le-bronnadh-ar-an-gcruitire-laoise-kelly\/#primaryimage","url":"https:\/\/tg4-docs.s3.amazonaws.com\/tg4-redesign-2015\/wp-content\/uploads\/2019\/11\/Laoise_Kelly_1920x1080.jpg","contentUrl":"https:\/\/tg4-docs.s3.amazonaws.com\/tg4-redesign-2015\/wp-content\/uploads\/2019\/11\/Laoise_Kelly_1920x1080.jpg","width":1920,"height":1080},{"@type":"BreadcrumbList","@id":"https:\/\/dev.tg4.ie\/ga\/eolas\/preas\/nuacht-raitis\/2019-2\/buaic-ghradam-ceoil-thraidisiunta-tg4-le-bronnadh-ar-an-gcruitire-laoise-kelly\/#breadcrumb","itemListElement":[{"@type":"ListItem","position":1,"name":"Home","item":"https:\/\/dev.tg4.ie\/ga\/"},{"@type":"ListItem","position":2,"name":"Eolas","item":"https:\/\/dev.tg4.ie\/ga\/eolas\/"},{"@type":"ListItem","position":3,"name":"Preas","item":"https:\/\/dev.tg4.ie\/ga\/eolas\/preas\/"},{"@type":"ListItem","position":4,"name":"Nuacht R\u00e1itis","item":"https:\/\/dev.tg4.ie\/ga\/eolas\/preas\/nuacht-raitis\/"},{"@type":"ListItem","position":5,"name":"2019","item":"https:\/\/dev.tg4.ie\/ga\/eolas\/preas\/nuacht-raitis\/2019-2\/"},{"@type":"ListItem","position":6,"name":"Buaic-Ghradam Ceoil Thraidisi\u00fanta TG4 le Bronnadh ar an gCruitire Laoise Kelly"}]},{"@type":"WebSite","@id":"https:\/\/dev.tg4.ie\/en\/#website","url":"https:\/\/dev.tg4.ie\/en\/","name":"TG4","description":"S\u00fail Eile","potentialAction":[{"@type":"SearchAction","target":{"@type":"EntryPoint","urlTemplate":"https:\/\/dev.tg4.ie\/en\/?s={search_term_string}"},"query-input":"required name=search_term_string"}],"inLanguage":"ga"}]}},"_links":{"self":[{"href":"https:\/\/dev.tg4.ie\/ga\/wp-json\/wp\/v2\/pages\/110549"}],"collection":[{"href":"https:\/\/dev.tg4.ie\/ga\/wp-json\/wp\/v2\/pages"}],"about":[{"href":"https:\/\/dev.tg4.ie\/ga\/wp-json\/wp\/v2\/types\/page"}],"author":[{"embeddable":true,"href":"https:\/\/dev.tg4.ie\/ga\/wp-json\/wp\/v2\/users\/876"}],"replies":[{"embeddable":true,"href":"https:\/\/dev.tg4.ie\/ga\/wp-json\/wp\/v2\/comments?post=110549"}],"version-history":[{"count":0,"href":"https:\/\/dev.tg4.ie\/ga\/wp-json\/wp\/v2\/pages\/110549\/revisions"}],"up":[{"embeddable":true,"href":"https:\/\/dev.tg4.ie\/ga\/wp-json\/wp\/v2\/pages\/98830"}],"wp:featuredmedia":[{"embeddable":true,"href":"https:\/\/dev.tg4.ie\/ga\/wp-json\/wp\/v2\/media\/110553"}],"wp:attachment":[{"href":"https:\/\/dev.tg4.ie\/ga\/wp-json\/wp\/v2\/media?parent=110549"}],"curies":[{"name":"wp","href":"https:\/\/api.w.org\/{rel}","templated":true}]}}