{"id":110718,"date":"2019-11-15T10:03:22","date_gmt":"2019-11-15T10:03:22","guid":{"rendered":"https:\/\/dev.tg4.ie\/?page_id=110718"},"modified":"2019-11-15T10:07:11","modified_gmt":"2019-11-15T10:07:11","slug":"a-jar-with-brendan-behan-ar-tg4-amarach-i-gcuimhne-ar-niall-toibin","status":"publish","type":"page","link":"https:\/\/dev.tg4.ie\/ga\/eolas\/preas\/nuacht-raitis\/2019-2\/a-jar-with-brendan-behan-ar-tg4-amarach-i-gcuimhne-ar-niall-toibin\/","title":{"rendered":"A Jar with Brendan Behan ar TG4 am\u00e1rach i gcuimhne ar Niall T\u00f3ib\u00edn"},"content":{"rendered":"<p><span>Craolfar\u00a0<strong>&#8216;A Jar with Brendan Behan&#8217;<\/strong>\u00a0o\u00edche am\u00e1rach\u00a0<strong>D\u00e9 hAoine 15\u00fa Samhain ag 20:30<\/strong>\u00a0ar TG4 i gcuimhne ar an aisteoir agus fear grinn Niall T\u00f3ib\u00edn a cailleadh an t-seachtain seo.\u00a0 <\/span><\/p>\n<p><span>Se\u00f3 aonair \u00e9\u00a0<em>&#8216;A Jar with Brendan Behan&#8217;<\/em>\u00a0\u00f3 na 70\u00ed ina bhfuil Niall T\u00f3ib\u00edn i bp\u00e1irt Brendan Behan. <\/span><\/p>\n<p><span>Ba \u00ed Birgitta Pierre, bean \u00f3n tSualainn a bh\u00ed ag obair mar thaighdeoir le RT\u00c9 a bh\u00ed i mbun sti\u00fartha agus Godfrey Graham a l\u00e9irigh an cl\u00e1r.\u00a0<\/span><\/p>\n<p><span>Bh\u00ed c\u00e1il ar T\u00f3ib\u00edn ina r\u00f3lanna \u00e9ags\u00fala mar Behan, bh\u00ed s\u00e9 i bp\u00e1irt Behan freisin i &#8216;Borstal Boy&#8217; ar Broadway agus bh\u00ed an-suim aige i saothar Behan.\u00a0\u00a0<\/span><\/p>\n<p><span>Craoladh an cl\u00e1r seo den ch\u00e9ad uair riamh ar theilif\u00eds in \u00c9irinn ar\u00a0TG4 i m\u00ed M\u00e1rta na bliana seo.<\/span><\/p>\n<p><span>Suaimhneas s\u00edora\u00ed d\u00e1 anam uasal.\u00a0<\/span><\/p>\n<p>&nbsp;<\/p>\n","protected":false},"excerpt":{"rendered":"<p>Craolfar\u00a0&#8216;A Jar with Brendan Behan&#8217;\u00a0o\u00edche am\u00e1rach\u00a0D\u00e9 hAoine 15\u00fa Samhain ag 20:30\u00a0ar TG4 i gcuimhne ar an aisteoir agus fear grinn Niall T\u00f3ib\u00edn a cailleadh an t-seachtain seo.\u00a0 Se\u00f3 aonair \u00e9\u00a0&#8216;A Jar with Brendan Behan&#8217;\u00a0\u00f3 na 70\u00ed ina bhfuil Niall T\u00f3ib\u00edn i bp\u00e1irt Brendan Behan. Ba \u00ed Birgitta Pierre, bean \u00f3n tSualainn a bh\u00ed ag obair [&hellip;]<\/p>\n","protected":false},"author":876,"featured_media":110719,"parent":98830,"menu_order":42,"comment_status":"closed","ping_status":"closed","template":"page-templates\/template-pr.php","meta":{"_acf_changed":false,"footnotes":""},"acf":[],"yoast_head":"<!-- This site is optimized with the Yoast SEO plugin v22.6 - https:\/\/yoast.com\/wordpress\/plugins\/seo\/ -->\n<title>A Jar with Brendan Behan ar TG4 am\u00e1rach i gcuimhne ar Niall T\u00f3ib\u00edn | Preas R\u00e1iteas | TG4<\/title>\n<meta name=\"robots\" content=\"index, follow, max-snippet:-1, max-image-preview:large, max-video-preview:-1\" \/>\n<meta property=\"og:locale\" content=\"en_US\" \/>\n<meta property=\"og:type\" content=\"article\" \/>\n<meta property=\"og:title\" content=\"A Jar with Brendan Behan ar TG4 am\u00e1rach i gcuimhne ar Niall T\u00f3ib\u00edn | Preas R\u00e1iteas | TG4\" \/>\n<meta property=\"og:description\" content=\"Craolfar\u00a0&#8216;A Jar with Brendan Behan&#8217;\u00a0o\u00edche am\u00e1rach\u00a0D\u00e9 hAoine 15\u00fa Samhain ag 20:30\u00a0ar TG4 i gcuimhne ar an aisteoir agus fear grinn Niall T\u00f3ib\u00edn a cailleadh an t-seachtain seo.\u00a0 Se\u00f3 aonair \u00e9\u00a0&#8216;A Jar with Brendan Behan&#8217;\u00a0\u00f3 na 70\u00ed ina bhfuil Niall T\u00f3ib\u00edn i bp\u00e1irt Brendan Behan. Ba \u00ed Birgitta Pierre, bean \u00f3n tSualainn a bh\u00ed ag obair [&hellip;]\" \/>\n<meta property=\"og:url\" content=\"https:\/\/dev.tg4.ie\/ga\/eolas\/preas\/nuacht-raitis\/2019-2\/a-jar-with-brendan-behan-ar-tg4-amarach-i-gcuimhne-ar-niall-toibin\/\" \/>\n<meta property=\"og:site_name\" content=\"TG4\" \/>\n<meta property=\"article:publisher\" content=\"https:\/\/www.facebook.com\/TG4TV\" \/>\n<meta property=\"article:modified_time\" content=\"2019-11-15T10:07:11+00:00\" \/>\n<meta property=\"og:image\" content=\"https:\/\/tg4-docs.s3.amazonaws.com\/tg4-redesign-2015\/wp-content\/uploads\/2019\/11\/Niall_Toibin_1920x1080.jpg\" \/>\n\t<meta property=\"og:image:width\" content=\"1920\" \/>\n\t<meta property=\"og:image:height\" content=\"1080\" \/>\n\t<meta property=\"og:image:type\" content=\"image\/jpeg\" \/>\n<meta name=\"twitter:card\" content=\"summary_large_image\" \/>\n<meta name=\"twitter:site\" content=\"@TG4TV\" \/>\n<meta name=\"twitter:label1\" content=\"Est. reading time\" \/>\n\t<meta name=\"twitter:data1\" content=\"1 minute\" \/>\n<script type=\"application\/ld+json\" class=\"yoast-schema-graph\">{\"@context\":\"https:\/\/schema.org\",\"@graph\":[{\"@type\":\"WebPage\",\"@id\":\"https:\/\/dev.tg4.ie\/ga\/eolas\/preas\/nuacht-raitis\/2019-2\/a-jar-with-brendan-behan-ar-tg4-amarach-i-gcuimhne-ar-niall-toibin\/\",\"url\":\"https:\/\/dev.tg4.ie\/ga\/eolas\/preas\/nuacht-raitis\/2019-2\/a-jar-with-brendan-behan-ar-tg4-amarach-i-gcuimhne-ar-niall-toibin\/\",\"name\":\"A Jar with Brendan Behan ar TG4 am\u00e1rach i gcuimhne ar Niall T\u00f3ib\u00edn | Preas R\u00e1iteas | TG4\",\"isPartOf\":{\"@id\":\"https:\/\/dev.tg4.ie\/en\/#website\"},\"primaryImageOfPage\":{\"@id\":\"https:\/\/dev.tg4.ie\/ga\/eolas\/preas\/nuacht-raitis\/2019-2\/a-jar-with-brendan-behan-ar-tg4-amarach-i-gcuimhne-ar-niall-toibin\/#primaryimage\"},\"image\":{\"@id\":\"https:\/\/dev.tg4.ie\/ga\/eolas\/preas\/nuacht-raitis\/2019-2\/a-jar-with-brendan-behan-ar-tg4-amarach-i-gcuimhne-ar-niall-toibin\/#primaryimage\"},\"thumbnailUrl\":\"https:\/\/tg4-docs.s3.amazonaws.com\/tg4-redesign-2015\/wp-content\/uploads\/2019\/11\/Niall_Toibin_1920x1080.jpg\",\"datePublished\":\"2019-11-15T10:03:22+00:00\",\"dateModified\":\"2019-11-15T10:07:11+00:00\",\"breadcrumb\":{\"@id\":\"https:\/\/dev.tg4.ie\/ga\/eolas\/preas\/nuacht-raitis\/2019-2\/a-jar-with-brendan-behan-ar-tg4-amarach-i-gcuimhne-ar-niall-toibin\/#breadcrumb\"},\"inLanguage\":\"ga\",\"potentialAction\":[{\"@type\":\"ReadAction\",\"target\":[\"https:\/\/dev.tg4.ie\/ga\/eolas\/preas\/nuacht-raitis\/2019-2\/a-jar-with-brendan-behan-ar-tg4-amarach-i-gcuimhne-ar-niall-toibin\/\"]}]},{\"@type\":\"ImageObject\",\"inLanguage\":\"ga\",\"@id\":\"https:\/\/dev.tg4.ie\/ga\/eolas\/preas\/nuacht-raitis\/2019-2\/a-jar-with-brendan-behan-ar-tg4-amarach-i-gcuimhne-ar-niall-toibin\/#primaryimage\",\"url\":\"https:\/\/tg4-docs.s3.amazonaws.com\/tg4-redesign-2015\/wp-content\/uploads\/2019\/11\/Niall_Toibin_1920x1080.jpg\",\"contentUrl\":\"https:\/\/tg4-docs.s3.amazonaws.com\/tg4-redesign-2015\/wp-content\/uploads\/2019\/11\/Niall_Toibin_1920x1080.jpg\",\"width\":1920,\"height\":1080},{\"@type\":\"BreadcrumbList\",\"@id\":\"https:\/\/dev.tg4.ie\/ga\/eolas\/preas\/nuacht-raitis\/2019-2\/a-jar-with-brendan-behan-ar-tg4-amarach-i-gcuimhne-ar-niall-toibin\/#breadcrumb\",\"itemListElement\":[{\"@type\":\"ListItem\",\"position\":1,\"name\":\"Home\",\"item\":\"https:\/\/dev.tg4.ie\/ga\/\"},{\"@type\":\"ListItem\",\"position\":2,\"name\":\"Eolas\",\"item\":\"https:\/\/dev.tg4.ie\/ga\/eolas\/\"},{\"@type\":\"ListItem\",\"position\":3,\"name\":\"Preas\",\"item\":\"https:\/\/dev.tg4.ie\/ga\/eolas\/preas\/\"},{\"@type\":\"ListItem\",\"position\":4,\"name\":\"Nuacht R\u00e1itis\",\"item\":\"https:\/\/dev.tg4.ie\/ga\/eolas\/preas\/nuacht-raitis\/\"},{\"@type\":\"ListItem\",\"position\":5,\"name\":\"2019\",\"item\":\"https:\/\/dev.tg4.ie\/ga\/eolas\/preas\/nuacht-raitis\/2019-2\/\"},{\"@type\":\"ListItem\",\"position\":6,\"name\":\"A Jar with Brendan Behan ar TG4 am\u00e1rach i gcuimhne ar Niall T\u00f3ib\u00edn\"}]},{\"@type\":\"WebSite\",\"@id\":\"https:\/\/dev.tg4.ie\/en\/#website\",\"url\":\"https:\/\/dev.tg4.ie\/en\/\",\"name\":\"TG4\",\"description\":\"S\u00fail Eile\",\"potentialAction\":[{\"@type\":\"SearchAction\",\"target\":{\"@type\":\"EntryPoint\",\"urlTemplate\":\"https:\/\/dev.tg4.ie\/en\/?s={search_term_string}\"},\"query-input\":\"required name=search_term_string\"}],\"inLanguage\":\"ga\"}]}<\/script>\n<!-- \/ Yoast SEO plugin. -->","yoast_head_json":{"title":"A Jar with Brendan Behan ar TG4 am\u00e1rach i gcuimhne ar Niall T\u00f3ib\u00edn | Preas R\u00e1iteas | TG4","robots":{"index":"index","follow":"follow","max-snippet":"max-snippet:-1","max-image-preview":"max-image-preview:large","max-video-preview":"max-video-preview:-1"},"og_locale":"en_US","og_type":"article","og_title":"A Jar with Brendan Behan ar TG4 am\u00e1rach i gcuimhne ar Niall T\u00f3ib\u00edn | Preas R\u00e1iteas | TG4","og_description":"Craolfar\u00a0&#8216;A Jar with Brendan Behan&#8217;\u00a0o\u00edche am\u00e1rach\u00a0D\u00e9 hAoine 15\u00fa Samhain ag 20:30\u00a0ar TG4 i gcuimhne ar an aisteoir agus fear grinn Niall T\u00f3ib\u00edn a cailleadh an t-seachtain seo.\u00a0 Se\u00f3 aonair \u00e9\u00a0&#8216;A Jar with Brendan Behan&#8217;\u00a0\u00f3 na 70\u00ed ina bhfuil Niall T\u00f3ib\u00edn i bp\u00e1irt Brendan Behan. Ba \u00ed Birgitta Pierre, bean \u00f3n tSualainn a bh\u00ed ag obair [&hellip;]","og_url":"https:\/\/dev.tg4.ie\/ga\/eolas\/preas\/nuacht-raitis\/2019-2\/a-jar-with-brendan-behan-ar-tg4-amarach-i-gcuimhne-ar-niall-toibin\/","og_site_name":"TG4","article_publisher":"https:\/\/www.facebook.com\/TG4TV","article_modified_time":"2019-11-15T10:07:11+00:00","og_image":[{"width":1920,"height":1080,"url":"https:\/\/tg4-docs.s3.amazonaws.com\/tg4-redesign-2015\/wp-content\/uploads\/2019\/11\/Niall_Toibin_1920x1080.jpg","type":"image\/jpeg"}],"twitter_card":"summary_large_image","twitter_site":"@TG4TV","twitter_misc":{"Est. reading time":"1 minute"},"schema":{"@context":"https:\/\/schema.org","@graph":[{"@type":"WebPage","@id":"https:\/\/dev.tg4.ie\/ga\/eolas\/preas\/nuacht-raitis\/2019-2\/a-jar-with-brendan-behan-ar-tg4-amarach-i-gcuimhne-ar-niall-toibin\/","url":"https:\/\/dev.tg4.ie\/ga\/eolas\/preas\/nuacht-raitis\/2019-2\/a-jar-with-brendan-behan-ar-tg4-amarach-i-gcuimhne-ar-niall-toibin\/","name":"A Jar with Brendan Behan ar TG4 am\u00e1rach i gcuimhne ar Niall T\u00f3ib\u00edn | Preas R\u00e1iteas | TG4","isPartOf":{"@id":"https:\/\/dev.tg4.ie\/en\/#website"},"primaryImageOfPage":{"@id":"https:\/\/dev.tg4.ie\/ga\/eolas\/preas\/nuacht-raitis\/2019-2\/a-jar-with-brendan-behan-ar-tg4-amarach-i-gcuimhne-ar-niall-toibin\/#primaryimage"},"image":{"@id":"https:\/\/dev.tg4.ie\/ga\/eolas\/preas\/nuacht-raitis\/2019-2\/a-jar-with-brendan-behan-ar-tg4-amarach-i-gcuimhne-ar-niall-toibin\/#primaryimage"},"thumbnailUrl":"https:\/\/tg4-docs.s3.amazonaws.com\/tg4-redesign-2015\/wp-content\/uploads\/2019\/11\/Niall_Toibin_1920x1080.jpg","datePublished":"2019-11-15T10:03:22+00:00","dateModified":"2019-11-15T10:07:11+00:00","breadcrumb":{"@id":"https:\/\/dev.tg4.ie\/ga\/eolas\/preas\/nuacht-raitis\/2019-2\/a-jar-with-brendan-behan-ar-tg4-amarach-i-gcuimhne-ar-niall-toibin\/#breadcrumb"},"inLanguage":"ga","potentialAction":[{"@type":"ReadAction","target":["https:\/\/dev.tg4.ie\/ga\/eolas\/preas\/nuacht-raitis\/2019-2\/a-jar-with-brendan-behan-ar-tg4-amarach-i-gcuimhne-ar-niall-toibin\/"]}]},{"@type":"ImageObject","inLanguage":"ga","@id":"https:\/\/dev.tg4.ie\/ga\/eolas\/preas\/nuacht-raitis\/2019-2\/a-jar-with-brendan-behan-ar-tg4-amarach-i-gcuimhne-ar-niall-toibin\/#primaryimage","url":"https:\/\/tg4-docs.s3.amazonaws.com\/tg4-redesign-2015\/wp-content\/uploads\/2019\/11\/Niall_Toibin_1920x1080.jpg","contentUrl":"https:\/\/tg4-docs.s3.amazonaws.com\/tg4-redesign-2015\/wp-content\/uploads\/2019\/11\/Niall_Toibin_1920x1080.jpg","width":1920,"height":1080},{"@type":"BreadcrumbList","@id":"https:\/\/dev.tg4.ie\/ga\/eolas\/preas\/nuacht-raitis\/2019-2\/a-jar-with-brendan-behan-ar-tg4-amarach-i-gcuimhne-ar-niall-toibin\/#breadcrumb","itemListElement":[{"@type":"ListItem","position":1,"name":"Home","item":"https:\/\/dev.tg4.ie\/ga\/"},{"@type":"ListItem","position":2,"name":"Eolas","item":"https:\/\/dev.tg4.ie\/ga\/eolas\/"},{"@type":"ListItem","position":3,"name":"Preas","item":"https:\/\/dev.tg4.ie\/ga\/eolas\/preas\/"},{"@type":"ListItem","position":4,"name":"Nuacht R\u00e1itis","item":"https:\/\/dev.tg4.ie\/ga\/eolas\/preas\/nuacht-raitis\/"},{"@type":"ListItem","position":5,"name":"2019","item":"https:\/\/dev.tg4.ie\/ga\/eolas\/preas\/nuacht-raitis\/2019-2\/"},{"@type":"ListItem","position":6,"name":"A Jar with Brendan Behan ar TG4 am\u00e1rach i gcuimhne ar Niall T\u00f3ib\u00edn"}]},{"@type":"WebSite","@id":"https:\/\/dev.tg4.ie\/en\/#website","url":"https:\/\/dev.tg4.ie\/en\/","name":"TG4","description":"S\u00fail Eile","potentialAction":[{"@type":"SearchAction","target":{"@type":"EntryPoint","urlTemplate":"https:\/\/dev.tg4.ie\/en\/?s={search_term_string}"},"query-input":"required name=search_term_string"}],"inLanguage":"ga"}]}},"_links":{"self":[{"href":"https:\/\/dev.tg4.ie\/ga\/wp-json\/wp\/v2\/pages\/110718"}],"collection":[{"href":"https:\/\/dev.tg4.ie\/ga\/wp-json\/wp\/v2\/pages"}],"about":[{"href":"https:\/\/dev.tg4.ie\/ga\/wp-json\/wp\/v2\/types\/page"}],"author":[{"embeddable":true,"href":"https:\/\/dev.tg4.ie\/ga\/wp-json\/wp\/v2\/users\/876"}],"replies":[{"embeddable":true,"href":"https:\/\/dev.tg4.ie\/ga\/wp-json\/wp\/v2\/comments?post=110718"}],"version-history":[{"count":0,"href":"https:\/\/dev.tg4.ie\/ga\/wp-json\/wp\/v2\/pages\/110718\/revisions"}],"up":[{"embeddable":true,"href":"https:\/\/dev.tg4.ie\/ga\/wp-json\/wp\/v2\/pages\/98830"}],"wp:featuredmedia":[{"embeddable":true,"href":"https:\/\/dev.tg4.ie\/ga\/wp-json\/wp\/v2\/media\/110719"}],"wp:attachment":[{"href":"https:\/\/dev.tg4.ie\/ga\/wp-json\/wp\/v2\/media?parent=110718"}],"curies":[{"name":"wp","href":"https:\/\/api.w.org\/{rel}","templated":true}]}}