{"id":110855,"date":"2019-11-20T16:18:58","date_gmt":"2019-11-20T16:18:58","guid":{"rendered":"https:\/\/dev.tg4.ie\/?page_id=110855"},"modified":"2019-11-20T16:18:58","modified_gmt":"2019-11-20T16:18:58","slug":"saol-an-mhadra-bhain-le-tg4","status":"publish","type":"page","link":"https:\/\/dev.tg4.ie\/ga\/eolas\/preas\/nuacht-raitis\/2019-2\/saol-an-mhadra-bhain-le-tg4\/","title":{"rendered":"Saol an Mhadra Bh\u00e1in le TG4"},"content":{"rendered":"<p>Is sraith ar leith \u00ed <strong>Saol an Mhadra Bh\u00e1in<\/strong> a thugann l\u00e9argas eisceacht\u00fail ar shaolta madra\u00ed oibre in \u00c9irinn agus a fiosra\u00edonn an chaoi go bhfuil na gadhar seo ag spreagadh eolaithe agus saineolaithe leighis chun teach tar r\u00e9iteach d\u2019fhadhbanna sl\u00e1inte ar fud na cruinne. Ins\u00edonn s\u00e9 sc\u00e9alta na fir, mn\u00e1 agus p\u00e1ist\u00ed \u00c9ireannacha at\u00e1 tar \u00e9is a gcaighde\u00e1n maireacht\u00e1la a neart\u00fa agus a l\u00e1idri\u00fa de bharr an chomhph\u00e1irt\u00edocht nua seo lena madra oibre. Beidh an tsraith seo le feice\u00e1il D\u00e9 C\u00e9adaoin 27\u00fa Samhain agus 4\u00fa Nollaig mar chuid de s\u00e9as\u00far faisn\u00e9ise na C\u00e9adaoine ar TG4. <\/p>\n<p>Is measc\u00e1n de sc\u00e9alta daonna agus an eola\u00edocht a thugann s\u00fail eile don sraith seo agus muid ag foghlaim faoin ngaol speisialta a fh\u00e1sann idir madra\u00ed agus \u00fain\u00e9ir\u00ed agus conas a forbra\u00edonn an gaol sin chun leasa sl\u00e1inte an duine f\u00e9in.<\/p>\n<p>Taispe\u00e1nann eolaithe anseo agus thar lear na fionnachtana leighis at\u00e1 spreagtha ag cumas na madra\u00ed agus iad ag cabhr\u00fa c\u00faram leighis a chur ar dhaoine le hailse, titeamas, diaib\u00e9iteas agus ag treisi\u00fa saolta daoine gan radharc na s\u00fail agus ag cuidi\u00fa le p\u00e1ist\u00ed le huathachas. An bhfuil n\u00edos m\u00f3 buanna ag na madra\u00ed n\u00e1 mar a cheapas cheana?<\/p>\n<p>Tr\u00edd sc\u00e9alta na madra\u00ed agus na daoine at\u00e1 cabhair ag teast\u00e1il uathu a leanacht cuireann Saol an Mhadra Bh\u00e1in \/ The Secret World of Working Dogs \u00e1bhar sp\u00e9isi\u00fail, siamsi\u00fail agus nua os comhair an lucht f\u00e9achana. Feictear na modhanna traen\u00e1la agus an pr\u00f3is\u00e9as s\u00edolraithe nu\u00e1la\u00edoch at\u00e1 i bhfeidhm chun na madra\u00ed is fearr a chur ar f\u00e1il d\u00f3ibh si\u00fad at\u00e1 faoi mh\u00edchumas.<\/p>\n<p>Tugann an tsraith chro\u00ed\u00fail agus uath\u00fail seo sraithfh\u00e9achaint nua ar shaolta na ndaoine at\u00e1 faoi mh\u00edchumas in \u00c9irinn agus l\u00e9iri\u00edtear an nasc uath\u00fail at\u00e1 acu le na amdra\u00ed a thugann cabhair gan staonadh d\u00f3ibh. Thar dh\u00e1 chl\u00e1r feictear conas a thugann na madra\u00ed seo c\u00fanamh agus misneach d\u00f3ibh si\u00fad at\u00e1 ag fulaingt de bharr cailleadh radharc na s\u00fal, ag maireacht\u00e1il le huathachas, agus taispe\u00e1nfar an bealach a chabhra\u00edonn na madra\u00ed se oleo si\u00fad at\u00e1 buillte ag titeamas, diaib\u00e9iteas, scol\u00f3is agus diostr\u00f3ife mhat\u00e1nach.<\/p>\n<p>Is iad Midas Productions a l\u00e9irigh an tsraith do TG4, agus Ann N\u00ed Ch\u00edobh\u00e1in \u00f3n nGr\u00e1ig, i gCorca Dhuibhne an l\u00e9iritheoir.<\/p>\n<p>T\u00e1 c\u00f3ip den chl\u00e1r ar f\u00e1il ar iarratas. <\/p>\n<p>&nbsp;<br \/>\n<iframe loading=\"lazy\" width=\"560\" height=\"315\" src=\"https:\/\/www.youtube.com\/embed\/wIJV1Aof8TY\" frameborder=\"0\" allow=\"accelerometer; autoplay; encrypted-media; gyroscope; picture-in-picture\" allowfullscreen><\/iframe><br \/>\n&nbsp;<\/p>\n","protected":false},"excerpt":{"rendered":"<p>Is sraith ar leith \u00ed Saol an Mhadra Bh\u00e1in a thugann l\u00e9argas eisceacht\u00fail ar shaolta madra\u00ed oibre in \u00c9irinn agus a fiosra\u00edonn an chaoi go bhfuil na gadhar seo ag spreagadh eolaithe agus saineolaithe leighis chun teach tar r\u00e9iteach d\u2019fhadhbanna sl\u00e1inte ar fud na cruinne. Ins\u00edonn s\u00e9 sc\u00e9alta na fir, mn\u00e1 agus p\u00e1ist\u00ed \u00c9ireannacha at\u00e1 [&hellip;]<\/p>\n","protected":false},"author":876,"featured_media":110857,"parent":98830,"menu_order":44,"comment_status":"closed","ping_status":"closed","template":"page-templates\/template-pr.php","meta":{"_acf_changed":false,"footnotes":""},"acf":[],"yoast_head":"<!-- This site is optimized with the Yoast SEO plugin v22.6 - https:\/\/yoast.com\/wordpress\/plugins\/seo\/ -->\n<title>\u2018Saol an Mhadra Bh\u00e1in\u2019 - Sraith Faisn\u00e9ise Nua ar TG4 | Preas R\u00e1iteas | TG4<\/title>\n<meta name=\"robots\" content=\"index, follow, max-snippet:-1, max-image-preview:large, max-video-preview:-1\" \/>\n<meta property=\"og:locale\" content=\"en_US\" \/>\n<meta property=\"og:type\" content=\"article\" \/>\n<meta property=\"og:title\" content=\"\u2018Saol an Mhadra Bh\u00e1in\u2019 - Sraith Faisn\u00e9ise Nua ar TG4 | Preas R\u00e1iteas | TG4\" \/>\n<meta property=\"og:description\" content=\"Is sraith ar leith \u00ed Saol an Mhadra Bh\u00e1in a thugann l\u00e9argas eisceacht\u00fail ar shaolta madra\u00ed oibre in \u00c9irinn agus a fiosra\u00edonn an chaoi go bhfuil na gadhar seo ag spreagadh eolaithe agus saineolaithe leighis chun teach tar r\u00e9iteach d\u2019fhadhbanna sl\u00e1inte ar fud na cruinne. Ins\u00edonn s\u00e9 sc\u00e9alta na fir, mn\u00e1 agus p\u00e1ist\u00ed \u00c9ireannacha at\u00e1 [&hellip;]\" \/>\n<meta property=\"og:url\" content=\"https:\/\/dev.tg4.ie\/ga\/eolas\/preas\/nuacht-raitis\/2019-2\/saol-an-mhadra-bhain-le-tg4\/\" \/>\n<meta property=\"og:site_name\" content=\"TG4\" \/>\n<meta property=\"article:publisher\" content=\"https:\/\/www.facebook.com\/TG4TV\" \/>\n<meta property=\"og:image\" content=\"https:\/\/tg4-docs.s3.amazonaws.com\/tg4-redesign-2015\/wp-content\/uploads\/2019\/11\/Saol_an_Mhadra_Bhain_1_1920x1080.jpg\" \/>\n\t<meta property=\"og:image:width\" content=\"1920\" \/>\n\t<meta property=\"og:image:height\" content=\"1080\" \/>\n\t<meta property=\"og:image:type\" content=\"image\/jpeg\" \/>\n<meta name=\"twitter:card\" content=\"summary_large_image\" \/>\n<meta name=\"twitter:site\" content=\"@TG4TV\" \/>\n<meta name=\"twitter:label1\" content=\"Est. reading time\" \/>\n\t<meta name=\"twitter:data1\" content=\"2 minutes\" \/>\n<script type=\"application\/ld+json\" class=\"yoast-schema-graph\">{\"@context\":\"https:\/\/schema.org\",\"@graph\":[{\"@type\":\"WebPage\",\"@id\":\"https:\/\/dev.tg4.ie\/ga\/eolas\/preas\/nuacht-raitis\/2019-2\/saol-an-mhadra-bhain-le-tg4\/\",\"url\":\"https:\/\/dev.tg4.ie\/ga\/eolas\/preas\/nuacht-raitis\/2019-2\/saol-an-mhadra-bhain-le-tg4\/\",\"name\":\"\u2018Saol an Mhadra Bh\u00e1in\u2019 - Sraith Faisn\u00e9ise Nua ar TG4 | Preas R\u00e1iteas | TG4\",\"isPartOf\":{\"@id\":\"https:\/\/dev.tg4.ie\/en\/#website\"},\"primaryImageOfPage\":{\"@id\":\"https:\/\/dev.tg4.ie\/ga\/eolas\/preas\/nuacht-raitis\/2019-2\/saol-an-mhadra-bhain-le-tg4\/#primaryimage\"},\"image\":{\"@id\":\"https:\/\/dev.tg4.ie\/ga\/eolas\/preas\/nuacht-raitis\/2019-2\/saol-an-mhadra-bhain-le-tg4\/#primaryimage\"},\"thumbnailUrl\":\"https:\/\/tg4-docs.s3.amazonaws.com\/tg4-redesign-2015\/wp-content\/uploads\/2019\/11\/Saol_an_Mhadra_Bhain_1_1920x1080.jpg\",\"datePublished\":\"2019-11-20T16:18:58+00:00\",\"dateModified\":\"2019-11-20T16:18:58+00:00\",\"breadcrumb\":{\"@id\":\"https:\/\/dev.tg4.ie\/ga\/eolas\/preas\/nuacht-raitis\/2019-2\/saol-an-mhadra-bhain-le-tg4\/#breadcrumb\"},\"inLanguage\":\"ga\",\"potentialAction\":[{\"@type\":\"ReadAction\",\"target\":[\"https:\/\/dev.tg4.ie\/ga\/eolas\/preas\/nuacht-raitis\/2019-2\/saol-an-mhadra-bhain-le-tg4\/\"]}]},{\"@type\":\"ImageObject\",\"inLanguage\":\"ga\",\"@id\":\"https:\/\/dev.tg4.ie\/ga\/eolas\/preas\/nuacht-raitis\/2019-2\/saol-an-mhadra-bhain-le-tg4\/#primaryimage\",\"url\":\"https:\/\/tg4-docs.s3.amazonaws.com\/tg4-redesign-2015\/wp-content\/uploads\/2019\/11\/Saol_an_Mhadra_Bhain_1_1920x1080.jpg\",\"contentUrl\":\"https:\/\/tg4-docs.s3.amazonaws.com\/tg4-redesign-2015\/wp-content\/uploads\/2019\/11\/Saol_an_Mhadra_Bhain_1_1920x1080.jpg\",\"width\":1920,\"height\":1080},{\"@type\":\"BreadcrumbList\",\"@id\":\"https:\/\/dev.tg4.ie\/ga\/eolas\/preas\/nuacht-raitis\/2019-2\/saol-an-mhadra-bhain-le-tg4\/#breadcrumb\",\"itemListElement\":[{\"@type\":\"ListItem\",\"position\":1,\"name\":\"Home\",\"item\":\"https:\/\/dev.tg4.ie\/ga\/\"},{\"@type\":\"ListItem\",\"position\":2,\"name\":\"Eolas\",\"item\":\"https:\/\/dev.tg4.ie\/ga\/eolas\/\"},{\"@type\":\"ListItem\",\"position\":3,\"name\":\"Preas\",\"item\":\"https:\/\/dev.tg4.ie\/ga\/eolas\/preas\/\"},{\"@type\":\"ListItem\",\"position\":4,\"name\":\"Nuacht R\u00e1itis\",\"item\":\"https:\/\/dev.tg4.ie\/ga\/eolas\/preas\/nuacht-raitis\/\"},{\"@type\":\"ListItem\",\"position\":5,\"name\":\"2019\",\"item\":\"https:\/\/dev.tg4.ie\/ga\/eolas\/preas\/nuacht-raitis\/2019-2\/\"},{\"@type\":\"ListItem\",\"position\":6,\"name\":\"Saol an Mhadra Bh\u00e1in le TG4\"}]},{\"@type\":\"WebSite\",\"@id\":\"https:\/\/dev.tg4.ie\/en\/#website\",\"url\":\"https:\/\/dev.tg4.ie\/en\/\",\"name\":\"TG4\",\"description\":\"S\u00fail Eile\",\"potentialAction\":[{\"@type\":\"SearchAction\",\"target\":{\"@type\":\"EntryPoint\",\"urlTemplate\":\"https:\/\/dev.tg4.ie\/en\/?s={search_term_string}\"},\"query-input\":\"required name=search_term_string\"}],\"inLanguage\":\"ga\"}]}<\/script>\n<!-- \/ Yoast SEO plugin. -->","yoast_head_json":{"title":"\u2018Saol an Mhadra Bh\u00e1in\u2019 - Sraith Faisn\u00e9ise Nua ar TG4 | Preas R\u00e1iteas | TG4","robots":{"index":"index","follow":"follow","max-snippet":"max-snippet:-1","max-image-preview":"max-image-preview:large","max-video-preview":"max-video-preview:-1"},"og_locale":"en_US","og_type":"article","og_title":"\u2018Saol an Mhadra Bh\u00e1in\u2019 - Sraith Faisn\u00e9ise Nua ar TG4 | Preas R\u00e1iteas | TG4","og_description":"Is sraith ar leith \u00ed Saol an Mhadra Bh\u00e1in a thugann l\u00e9argas eisceacht\u00fail ar shaolta madra\u00ed oibre in \u00c9irinn agus a fiosra\u00edonn an chaoi go bhfuil na gadhar seo ag spreagadh eolaithe agus saineolaithe leighis chun teach tar r\u00e9iteach d\u2019fhadhbanna sl\u00e1inte ar fud na cruinne. Ins\u00edonn s\u00e9 sc\u00e9alta na fir, mn\u00e1 agus p\u00e1ist\u00ed \u00c9ireannacha at\u00e1 [&hellip;]","og_url":"https:\/\/dev.tg4.ie\/ga\/eolas\/preas\/nuacht-raitis\/2019-2\/saol-an-mhadra-bhain-le-tg4\/","og_site_name":"TG4","article_publisher":"https:\/\/www.facebook.com\/TG4TV","og_image":[{"width":1920,"height":1080,"url":"https:\/\/tg4-docs.s3.amazonaws.com\/tg4-redesign-2015\/wp-content\/uploads\/2019\/11\/Saol_an_Mhadra_Bhain_1_1920x1080.jpg","type":"image\/jpeg"}],"twitter_card":"summary_large_image","twitter_site":"@TG4TV","twitter_misc":{"Est. reading time":"2 minutes"},"schema":{"@context":"https:\/\/schema.org","@graph":[{"@type":"WebPage","@id":"https:\/\/dev.tg4.ie\/ga\/eolas\/preas\/nuacht-raitis\/2019-2\/saol-an-mhadra-bhain-le-tg4\/","url":"https:\/\/dev.tg4.ie\/ga\/eolas\/preas\/nuacht-raitis\/2019-2\/saol-an-mhadra-bhain-le-tg4\/","name":"\u2018Saol an Mhadra Bh\u00e1in\u2019 - Sraith Faisn\u00e9ise Nua ar TG4 | Preas R\u00e1iteas | TG4","isPartOf":{"@id":"https:\/\/dev.tg4.ie\/en\/#website"},"primaryImageOfPage":{"@id":"https:\/\/dev.tg4.ie\/ga\/eolas\/preas\/nuacht-raitis\/2019-2\/saol-an-mhadra-bhain-le-tg4\/#primaryimage"},"image":{"@id":"https:\/\/dev.tg4.ie\/ga\/eolas\/preas\/nuacht-raitis\/2019-2\/saol-an-mhadra-bhain-le-tg4\/#primaryimage"},"thumbnailUrl":"https:\/\/tg4-docs.s3.amazonaws.com\/tg4-redesign-2015\/wp-content\/uploads\/2019\/11\/Saol_an_Mhadra_Bhain_1_1920x1080.jpg","datePublished":"2019-11-20T16:18:58+00:00","dateModified":"2019-11-20T16:18:58+00:00","breadcrumb":{"@id":"https:\/\/dev.tg4.ie\/ga\/eolas\/preas\/nuacht-raitis\/2019-2\/saol-an-mhadra-bhain-le-tg4\/#breadcrumb"},"inLanguage":"ga","potentialAction":[{"@type":"ReadAction","target":["https:\/\/dev.tg4.ie\/ga\/eolas\/preas\/nuacht-raitis\/2019-2\/saol-an-mhadra-bhain-le-tg4\/"]}]},{"@type":"ImageObject","inLanguage":"ga","@id":"https:\/\/dev.tg4.ie\/ga\/eolas\/preas\/nuacht-raitis\/2019-2\/saol-an-mhadra-bhain-le-tg4\/#primaryimage","url":"https:\/\/tg4-docs.s3.amazonaws.com\/tg4-redesign-2015\/wp-content\/uploads\/2019\/11\/Saol_an_Mhadra_Bhain_1_1920x1080.jpg","contentUrl":"https:\/\/tg4-docs.s3.amazonaws.com\/tg4-redesign-2015\/wp-content\/uploads\/2019\/11\/Saol_an_Mhadra_Bhain_1_1920x1080.jpg","width":1920,"height":1080},{"@type":"BreadcrumbList","@id":"https:\/\/dev.tg4.ie\/ga\/eolas\/preas\/nuacht-raitis\/2019-2\/saol-an-mhadra-bhain-le-tg4\/#breadcrumb","itemListElement":[{"@type":"ListItem","position":1,"name":"Home","item":"https:\/\/dev.tg4.ie\/ga\/"},{"@type":"ListItem","position":2,"name":"Eolas","item":"https:\/\/dev.tg4.ie\/ga\/eolas\/"},{"@type":"ListItem","position":3,"name":"Preas","item":"https:\/\/dev.tg4.ie\/ga\/eolas\/preas\/"},{"@type":"ListItem","position":4,"name":"Nuacht R\u00e1itis","item":"https:\/\/dev.tg4.ie\/ga\/eolas\/preas\/nuacht-raitis\/"},{"@type":"ListItem","position":5,"name":"2019","item":"https:\/\/dev.tg4.ie\/ga\/eolas\/preas\/nuacht-raitis\/2019-2\/"},{"@type":"ListItem","position":6,"name":"Saol an Mhadra Bh\u00e1in le TG4"}]},{"@type":"WebSite","@id":"https:\/\/dev.tg4.ie\/en\/#website","url":"https:\/\/dev.tg4.ie\/en\/","name":"TG4","description":"S\u00fail Eile","potentialAction":[{"@type":"SearchAction","target":{"@type":"EntryPoint","urlTemplate":"https:\/\/dev.tg4.ie\/en\/?s={search_term_string}"},"query-input":"required name=search_term_string"}],"inLanguage":"ga"}]}},"_links":{"self":[{"href":"https:\/\/dev.tg4.ie\/ga\/wp-json\/wp\/v2\/pages\/110855"}],"collection":[{"href":"https:\/\/dev.tg4.ie\/ga\/wp-json\/wp\/v2\/pages"}],"about":[{"href":"https:\/\/dev.tg4.ie\/ga\/wp-json\/wp\/v2\/types\/page"}],"author":[{"embeddable":true,"href":"https:\/\/dev.tg4.ie\/ga\/wp-json\/wp\/v2\/users\/876"}],"replies":[{"embeddable":true,"href":"https:\/\/dev.tg4.ie\/ga\/wp-json\/wp\/v2\/comments?post=110855"}],"version-history":[{"count":0,"href":"https:\/\/dev.tg4.ie\/ga\/wp-json\/wp\/v2\/pages\/110855\/revisions"}],"up":[{"embeddable":true,"href":"https:\/\/dev.tg4.ie\/ga\/wp-json\/wp\/v2\/pages\/98830"}],"wp:featuredmedia":[{"embeddable":true,"href":"https:\/\/dev.tg4.ie\/ga\/wp-json\/wp\/v2\/media\/110857"}],"wp:attachment":[{"href":"https:\/\/dev.tg4.ie\/ga\/wp-json\/wp\/v2\/media?parent=110855"}],"curies":[{"name":"wp","href":"https:\/\/api.w.org\/{rel}","templated":true}]}}