{"id":110890,"date":"2019-11-22T10:15:19","date_gmt":"2019-11-22T10:15:19","guid":{"rendered":"https:\/\/dev.tg4.ie\/?page_id=110890"},"modified":"2019-11-22T10:15:19","modified_gmt":"2019-11-22T10:15:19","slug":"tg4-chun-craobhchomortais-naisiunta-sinsear-dornalaiochta-scothaicme-na-bhfear-agus-na-mban-iaba-a-chraoladh-beo","status":"publish","type":"page","link":"https:\/\/dev.tg4.ie\/ga\/eolas\/preas\/nuacht-raitis\/2019-2\/tg4-chun-craobhchomortais-naisiunta-sinsear-dornalaiochta-scothaicme-na-bhfear-agus-na-mban-iaba-a-chraoladh-beo\/","title":{"rendered":"TG4 chun Craobhchom\u00f3rtais N\u00e1isi\u00fanta Sinsear Dorn\u00e1la\u00edochta Scothaicme na bhFear agus na mBan IABA a chraoladh BEO"},"content":{"rendered":"<p>Cuirfidh TG4 craoladh beo cuimsitheach de Chraobhchom\u00f3rtais N\u00e1isi\u00fanta Sinsear Dorn\u00e1la\u00edochta Scothaicme na bhFear agus na mBan IABA ar f\u00e1il \u00f3n Staid N\u00e1isi\u00fanta i mBaile \u00c1tha Cliath tr\u00e1thn\u00f3na am\u00e1rach D\u00e9 hAoine an 22 Samhain.<\/p>\n<p>D\u00e9anfar an seacht dtroid d\u00e9ag a chraoladh beo ar shu\u00edomh YouTube TG4 chuig lucht f\u00e9achana in \u00c9irinn agus ar fud an domhain.\u00a0 Taispe\u00e1nfar na Craobhchom\u00f3rtais freisin ar phr\u00edomhchain\u00e9al l\u00edneach TG4 \u00f3n<span>\u00a0<\/span><strong><u><span>7:30pm<\/span><\/u><\/strong><span>\u00a0<\/span>ar aghaidh.<br \/>\nIs \u00e9 Miche\u00e1l \u00d3 Domhnaill a chuirfidh an craoladh beo ar Chraobhchom\u00f3rtais N\u00e1isi\u00fanta Dorn\u00e1la\u00edochta Scothaicme Sinsear IABA na h\u00c9ireann i l\u00e1thair. Beidh<span>\u00a0<\/span><strong><span>Kellie Harrington, Jason Quigley, Kenneth Egan, Darren O\u2019Neill\u00a0<\/span><\/strong>agus<span>\u00a0<\/span><strong><span>Se\u00e1n B\u00e1n Breathnach<\/span><\/strong><span>\u00a0<\/span>i measc na dtr\u00e1chtair\u00ed.\u00a0 Is \u00e9 C\u00e1rthach B\u00e1n Breathnach a bheidh i mbun tr\u00e1chtaireachta ar chain\u00e9al YouTube TG4.<\/p>\n<p>&nbsp;<\/p>\n<p><b><i>Sceideal ioml\u00e1n na mbabhta\u00ed<\/i><\/b><span>\u00a0<\/span>&#8211; Craobhchom\u00f3rtais N\u00e1isi\u00fanta Dorn\u00e1la\u00edochta Scothaicme Sinsear IABA na bhFear agus na mBan beo as an Staid N\u00e1isi\u00fanta i mBaile \u00c1tha Cliath:<\/p>\n<p>&nbsp;<\/p>\n<p><em>6:00pm\u00a0 \u00a0\u00a0\u00a0\u00a0Par\u00e1id F\u00e1inne &amp; Amhr\u00e1n na bhFiann\u00a0 *Beo ar YouTube<\/em><\/p>\n<p>6:25pm \u00a0\u00a0\u00a0\u00a0\u00a0Babhta Ceannais 49kg na bhFear \u00a0\u00a0 Ricky Nesbitt (Holy Family Droichead \u00c1tha) \u00a0v \u00a0Sean Mari (Baile na Manach D)<\/p>\n<p>6:40pm\u00a0\u00a0\u00a0\u00a0\u00a0Babhta Ceannais 64kg na mBan \u00a0 \u00a0 \u00a0 Evelyn Igharo (Clann Naofa) \u00a0v \u00a0Ciara Ginty (Gaoth S\u00e1ile)<\/p>\n<p>6:55pm\u00a0\u00a0\u00a0\u00a0 Babhta Ceannais 81kg na mBan \u00a0 \u00a0 \u00a0\u00a0Nell Fox (R\u00e1th Caola) v Leona Houlihan (Cromghlinn)<\/p>\n<p>7:10pm\u00a0\u00a0\u00a0\u00a0 Babhta Ceannais 60kg na bhFear\u00a0\u00a0\u00a0 \u00a0Barry McReynolds (Holy Trinity)\u00a0 v\u00a0 Brandon McCarthy (St Michaels Baile \u00c1tha \u00cd)<\/p>\n<p><em>7:30pm     Beo ar TG4<\/em><\/p>\n<p>7:35pm\u00a0\u00a0\u00a0\u00a0 Babhta Ceannais 48kg na mBan \u00a0 \u00a0 \u00a0 Shannon Sweeney (St Annes)\u00a0 v\u00a0 Daina Moorehouse (\u00c1th na Sceire)<br \/>\n7:54pm\u00a0\u00a0\u00a0\u00a0 Babhta Ceannais 75kg na bhFear\u00a0\u00a0 \u00a0\u00a0Jason Harty (R\u00e1th Caola)\u00a0 v\u00a0 John Joe Nevin (Cromghlinn)<\/p>\n<p>8:13pm\u00a0\u00a0\u00a0\u00a0 Babhta Ceannais 81kg na bhFear\u00a0\u00a0\u00a0\u00a0\u00a0Thomas O\u2019Toole (Celtic Eagles)\u00a0 v\u00a0 Emmett Brennan (Docklands)<\/p>\n<p>8:32pm \u00a0\u00a0\u00a0\u00a0Babhta Ceannais 57kg na mBan \u00a0 \u00a0 \u00a0 Michaela Walsh (Baile na Manach A)\u00a0 v\u00a0 Emma Agnew (Dealgan)<\/p>\n<p>8:51pm\u00a0\u00a0\u00a0 \u00a0Babhta Ceannais 51kg na mBan \u00a0 \u00a0 \u00a0\u00a0 Niamh Early (Ryston)\u00a0 v\u00a0 Ceire Smith (An Cabh\u00e1n)<\/p>\n<p>9:10pm\u00a0\u00a0\u00a0\u00a0 Babhta Ceannais 52kg na bhFear\u00a0\u00a0\u00a0\u00a0\u00a0Jude Gallagher (Two Castles)\u00a0 v\u00a0 Regan Buckley (St Teresa\u2019s)<\/p>\n<p>9:29pm\u00a0\u00a0\u00a0\u00a0 Babhta Ceannais 57kg na bhFear\u00a0\u00a0\u00a0\u00a0\u00a0Patryk Adamus (Droimeanach)\u00a0 v\u00a0 Dean Clancy (Sean McDermott)<br \/>\n9:48pm\u00a0\u00a0\u00a0\u00a0 Babhta Ceannais 69kg na bhFear\u00a0\u00a0 \u00a0\u00a0Aidan Walsh (Baile na Manach, Aontroim)\u00a0 v\u00a0 Callum Walsh (Baile Rois\u00edn)<br \/>\n10:07pm\u00a0\u00a0 Babhta Ceannais 69kg na mBan\u00a0\u00a0\u00a0 \u00a0\u00a0Christina Desmond (Fr Horgans)\u00a0 v\u00a0 Grainne Walsh (Spartacus)<\/p>\n<p>10:26pm\u00a0\u00a0 Babhta Ceannais 63kg na bhFear\u00a0\u00a0\u00a0\u00a0Wayne Kelly (Port Laoise)\u00a0 v\u00a0 George Bates (St Mary\u2019s Baile \u00c1tha Cliath)<\/p>\n<p>10:45pm\u00a0\u00a0 Babhta Ceannais 91+kg na bhFear\u00a0\u00a0 Antoine \u00d3 Gr\u00edofa (Celtic Eagles\/\u00d3glaigh na h\u00c9ireann)\u00a0 v\u00a0 Kenneth Okungbowa (Baile \u00c1tha Luain)<br \/>\n11:05pm\u00a0\u00a0 Babhta Ceannais 54kg na mBan\u00a0\u00a0\u00a0 \u00a0\u00a0\u00a0Zara Breslin (Tr\u00e1 Mh\u00f3r)\u00a0 v\u00a0 Sarah Haghighat (St Brigids, \u00c9adan Doire)<br \/>\n11:20pm\u00a0\u00a0 Babhta Ceannais 91kg na bhFear\u00a0\u00a0\u00a0\u00a0\u00a0 Kiril Afanasev (Margadh na Feirme)\u00a0 v\u00a0 Daniel O\u2019Brien (Seantrabh\/\u00d3glaigh na h\u00c9ireann)<\/p>\n<p>Is \u00e9 an IABA at\u00e1 i mbun na gCraobhchom\u00f3rtas Scothaicme den dara huair i mbliana sula mbeidh babhta\u00ed c\u00e1ilithe Th\u00f3iceo 2020 ar si\u00fal i L\u00e1thair Copper Box i Londain m\u00ed M\u00e1rta seo chugainn. Beidh babhta c\u00e1ilithe Domhanda amh\u00e1in eile ar si\u00fal i bP\u00e1ras sa mBealtaine don 32\u00fa Cluich\u00ed Oilimpeacha. Liffey Crane Hire a dh\u00e9anfaidh urra\u00edocht ar na Craobhchom\u00f3rtais Scothaicme N\u00e1isi\u00fanta.<\/p>\n<p>&nbsp;<\/p>\n<p>D\u00fairt Ceannasa\u00ed Sp\u00f3irt TG4 R\u00f3n\u00e1n \u00d3 Coisdealbha:\u00a0<span>\u00a0<\/span><em><span>\u201cT\u00e1 TG4 ag s\u00fail go m\u00f3r le Craobhchom\u00f3rtais N\u00e1isi\u00fanta Sinsear IABA na Dorn\u00e1la\u00edochta Scothaicme a chraoladh as an Staid N\u00e1isi\u00fanta. T\u00e1 s\u00e9 t\u00e1bhachtach deis a thabhairt do lucht f\u00e9achana na teilif\u00edse saor go haer f\u00e9achaint ar chuid de na dorn\u00e1laithe is fearr in \u00c9irinn. Is m\u00f3r an phribhl\u00e9id a bheith ag obair leis an IABA chun cl\u00fadach beo a dh\u00e9anamh ar an imeacht a bhfuil t\u00e1bhacht mh\u00f3r sp\u00f3irt ag baint leis don t\u00edr.<\/span><\/em><br \/>\n&nbsp;<br \/>\n<strong><span>D\u00e9 hAoine an 22 Samhain<\/span><\/strong><\/p>\n<li><strong>5:55pm<\/strong><span>\u00a0<\/span>Beo ar YouTube<span>\u00a0<\/span><strong><span>Sp\u00f3rt TG4<\/span><\/strong><span>\u00a0<\/span>\u00a0&#8211;\u00a0 craolfar an 17 dtroid ar fad beo ar an su\u00edomh YouTube Sp\u00f3rt TG4 \u00a0 &#8211;\u00a0<span>\u00a0<\/span><a href=\"https:\/\/www.youtube.com\/sporttg4\" rel=\"noopener noreferrer\" target=\"_blank\">www.youtube.com\/sporttg4<\/a>\n<li><strong>7:30pm &#8211; 11:05pm<\/strong> Beo ar TG4<br \/>\n&nbsp;<br \/>\n<iframe loading=\"lazy\" width=\"560\" height=\"315\" src=\"https:\/\/www.youtube.com\/embed\/I9qd0eadnJg\" frameborder=\"0\" allow=\"accelerometer; autoplay; encrypted-media; gyroscope; picture-in-picture\" allowfullscreen><\/iframe><br \/>\n&nbsp;<\/p>\n","protected":false},"excerpt":{"rendered":"<p>Cuirfidh TG4 craoladh beo cuimsitheach de Chraobhchom\u00f3rtais N\u00e1isi\u00fanta Sinsear Dorn\u00e1la\u00edochta Scothaicme na bhFear agus na mBan IABA ar f\u00e1il \u00f3n Staid N\u00e1isi\u00fanta i mBaile \u00c1tha Cliath tr\u00e1thn\u00f3na am\u00e1rach D\u00e9 hAoine an 22 Samhain. D\u00e9anfar an seacht dtroid d\u00e9ag a chraoladh beo ar shu\u00edomh YouTube TG4 chuig lucht f\u00e9achana in \u00c9irinn agus ar fud an domhain.\u00a0 [&hellip;]<\/p>\n","protected":false},"author":876,"featured_media":110906,"parent":98830,"menu_order":45,"comment_status":"closed","ping_status":"closed","template":"page-templates\/template-pr.php","meta":{"_acf_changed":false,"footnotes":""},"acf":[],"yoast_head":"<!-- This site is optimized with the Yoast SEO plugin v22.6 - https:\/\/yoast.com\/wordpress\/plugins\/seo\/ -->\n<title>TG4 chun Craobhchom\u00f3rtais N\u00e1isi\u00fanta Sinsear Dorn\u00e1la\u00edochta Scothaicme na bhFear agus na mBan IABA a chraoladh BEO | Preas R\u00e1iteas | TG4<\/title>\n<meta name=\"robots\" content=\"index, follow, max-snippet:-1, max-image-preview:large, max-video-preview:-1\" \/>\n<meta property=\"og:locale\" content=\"en_US\" \/>\n<meta property=\"og:type\" content=\"article\" \/>\n<meta property=\"og:title\" content=\"TG4 chun Craobhchom\u00f3rtais N\u00e1isi\u00fanta Sinsear Dorn\u00e1la\u00edochta Scothaicme na bhFear agus na mBan IABA a chraoladh BEO | Preas R\u00e1iteas | TG4\" \/>\n<meta property=\"og:description\" content=\"Cuirfidh TG4 craoladh beo cuimsitheach de Chraobhchom\u00f3rtais N\u00e1isi\u00fanta Sinsear Dorn\u00e1la\u00edochta Scothaicme na bhFear agus na mBan IABA ar f\u00e1il \u00f3n Staid N\u00e1isi\u00fanta i mBaile \u00c1tha Cliath tr\u00e1thn\u00f3na am\u00e1rach D\u00e9 hAoine an 22 Samhain. D\u00e9anfar an seacht dtroid d\u00e9ag a chraoladh beo ar shu\u00edomh YouTube TG4 chuig lucht f\u00e9achana in \u00c9irinn agus ar fud an domhain.\u00a0 [&hellip;]\" \/>\n<meta property=\"og:url\" content=\"https:\/\/dev.tg4.ie\/ga\/eolas\/preas\/nuacht-raitis\/2019-2\/tg4-chun-craobhchomortais-naisiunta-sinsear-dornalaiochta-scothaicme-na-bhfear-agus-na-mban-iaba-a-chraoladh-beo\/\" \/>\n<meta property=\"og:site_name\" content=\"TG4\" \/>\n<meta property=\"article:publisher\" content=\"https:\/\/www.facebook.com\/TG4TV\" \/>\n<meta property=\"og:image\" content=\"https:\/\/tg4-docs.s3.amazonaws.com\/tg4-redesign-2015\/wp-content\/uploads\/2019\/11\/Dorn_1_2019_1920x1080.jpg\" \/>\n\t<meta property=\"og:image:width\" content=\"1920\" \/>\n\t<meta property=\"og:image:height\" content=\"1080\" \/>\n\t<meta property=\"og:image:type\" content=\"image\/jpeg\" \/>\n<meta name=\"twitter:card\" content=\"summary_large_image\" \/>\n<meta name=\"twitter:site\" content=\"@TG4TV\" \/>\n<meta name=\"twitter:label1\" content=\"Est. reading time\" \/>\n\t<meta name=\"twitter:data1\" content=\"4 minutes\" \/>\n<script type=\"application\/ld+json\" class=\"yoast-schema-graph\">{\"@context\":\"https:\/\/schema.org\",\"@graph\":[{\"@type\":\"WebPage\",\"@id\":\"https:\/\/dev.tg4.ie\/ga\/eolas\/preas\/nuacht-raitis\/2019-2\/tg4-chun-craobhchomortais-naisiunta-sinsear-dornalaiochta-scothaicme-na-bhfear-agus-na-mban-iaba-a-chraoladh-beo\/\",\"url\":\"https:\/\/dev.tg4.ie\/ga\/eolas\/preas\/nuacht-raitis\/2019-2\/tg4-chun-craobhchomortais-naisiunta-sinsear-dornalaiochta-scothaicme-na-bhfear-agus-na-mban-iaba-a-chraoladh-beo\/\",\"name\":\"TG4 chun Craobhchom\u00f3rtais N\u00e1isi\u00fanta Sinsear Dorn\u00e1la\u00edochta Scothaicme na bhFear agus na mBan IABA a chraoladh BEO | Preas R\u00e1iteas | TG4\",\"isPartOf\":{\"@id\":\"https:\/\/dev.tg4.ie\/en\/#website\"},\"primaryImageOfPage\":{\"@id\":\"https:\/\/dev.tg4.ie\/ga\/eolas\/preas\/nuacht-raitis\/2019-2\/tg4-chun-craobhchomortais-naisiunta-sinsear-dornalaiochta-scothaicme-na-bhfear-agus-na-mban-iaba-a-chraoladh-beo\/#primaryimage\"},\"image\":{\"@id\":\"https:\/\/dev.tg4.ie\/ga\/eolas\/preas\/nuacht-raitis\/2019-2\/tg4-chun-craobhchomortais-naisiunta-sinsear-dornalaiochta-scothaicme-na-bhfear-agus-na-mban-iaba-a-chraoladh-beo\/#primaryimage\"},\"thumbnailUrl\":\"https:\/\/tg4-docs.s3.amazonaws.com\/tg4-redesign-2015\/wp-content\/uploads\/2019\/11\/Dorn_1_2019_1920x1080.jpg\",\"datePublished\":\"2019-11-22T10:15:19+00:00\",\"dateModified\":\"2019-11-22T10:15:19+00:00\",\"breadcrumb\":{\"@id\":\"https:\/\/dev.tg4.ie\/ga\/eolas\/preas\/nuacht-raitis\/2019-2\/tg4-chun-craobhchomortais-naisiunta-sinsear-dornalaiochta-scothaicme-na-bhfear-agus-na-mban-iaba-a-chraoladh-beo\/#breadcrumb\"},\"inLanguage\":\"ga\",\"potentialAction\":[{\"@type\":\"ReadAction\",\"target\":[\"https:\/\/dev.tg4.ie\/ga\/eolas\/preas\/nuacht-raitis\/2019-2\/tg4-chun-craobhchomortais-naisiunta-sinsear-dornalaiochta-scothaicme-na-bhfear-agus-na-mban-iaba-a-chraoladh-beo\/\"]}]},{\"@type\":\"ImageObject\",\"inLanguage\":\"ga\",\"@id\":\"https:\/\/dev.tg4.ie\/ga\/eolas\/preas\/nuacht-raitis\/2019-2\/tg4-chun-craobhchomortais-naisiunta-sinsear-dornalaiochta-scothaicme-na-bhfear-agus-na-mban-iaba-a-chraoladh-beo\/#primaryimage\",\"url\":\"https:\/\/tg4-docs.s3.amazonaws.com\/tg4-redesign-2015\/wp-content\/uploads\/2019\/11\/Dorn_1_2019_1920x1080.jpg\",\"contentUrl\":\"https:\/\/tg4-docs.s3.amazonaws.com\/tg4-redesign-2015\/wp-content\/uploads\/2019\/11\/Dorn_1_2019_1920x1080.jpg\",\"width\":1920,\"height\":1080},{\"@type\":\"BreadcrumbList\",\"@id\":\"https:\/\/dev.tg4.ie\/ga\/eolas\/preas\/nuacht-raitis\/2019-2\/tg4-chun-craobhchomortais-naisiunta-sinsear-dornalaiochta-scothaicme-na-bhfear-agus-na-mban-iaba-a-chraoladh-beo\/#breadcrumb\",\"itemListElement\":[{\"@type\":\"ListItem\",\"position\":1,\"name\":\"Home\",\"item\":\"https:\/\/dev.tg4.ie\/ga\/\"},{\"@type\":\"ListItem\",\"position\":2,\"name\":\"Eolas\",\"item\":\"https:\/\/dev.tg4.ie\/ga\/eolas\/\"},{\"@type\":\"ListItem\",\"position\":3,\"name\":\"Preas\",\"item\":\"https:\/\/dev.tg4.ie\/ga\/eolas\/preas\/\"},{\"@type\":\"ListItem\",\"position\":4,\"name\":\"Nuacht R\u00e1itis\",\"item\":\"https:\/\/dev.tg4.ie\/ga\/eolas\/preas\/nuacht-raitis\/\"},{\"@type\":\"ListItem\",\"position\":5,\"name\":\"2019\",\"item\":\"https:\/\/dev.tg4.ie\/ga\/eolas\/preas\/nuacht-raitis\/2019-2\/\"},{\"@type\":\"ListItem\",\"position\":6,\"name\":\"TG4 chun Craobhchom\u00f3rtais N\u00e1isi\u00fanta Sinsear Dorn\u00e1la\u00edochta Scothaicme na bhFear agus na mBan IABA a chraoladh BEO\"}]},{\"@type\":\"WebSite\",\"@id\":\"https:\/\/dev.tg4.ie\/en\/#website\",\"url\":\"https:\/\/dev.tg4.ie\/en\/\",\"name\":\"TG4\",\"description\":\"S\u00fail Eile\",\"potentialAction\":[{\"@type\":\"SearchAction\",\"target\":{\"@type\":\"EntryPoint\",\"urlTemplate\":\"https:\/\/dev.tg4.ie\/en\/?s={search_term_string}\"},\"query-input\":\"required name=search_term_string\"}],\"inLanguage\":\"ga\"}]}<\/script>\n<!-- \/ Yoast SEO plugin. -->","yoast_head_json":{"title":"TG4 chun Craobhchom\u00f3rtais N\u00e1isi\u00fanta Sinsear Dorn\u00e1la\u00edochta Scothaicme na bhFear agus na mBan IABA a chraoladh BEO | Preas R\u00e1iteas | TG4","robots":{"index":"index","follow":"follow","max-snippet":"max-snippet:-1","max-image-preview":"max-image-preview:large","max-video-preview":"max-video-preview:-1"},"og_locale":"en_US","og_type":"article","og_title":"TG4 chun Craobhchom\u00f3rtais N\u00e1isi\u00fanta Sinsear Dorn\u00e1la\u00edochta Scothaicme na bhFear agus na mBan IABA a chraoladh BEO | Preas R\u00e1iteas | TG4","og_description":"Cuirfidh TG4 craoladh beo cuimsitheach de Chraobhchom\u00f3rtais N\u00e1isi\u00fanta Sinsear Dorn\u00e1la\u00edochta Scothaicme na bhFear agus na mBan IABA ar f\u00e1il \u00f3n Staid N\u00e1isi\u00fanta i mBaile \u00c1tha Cliath tr\u00e1thn\u00f3na am\u00e1rach D\u00e9 hAoine an 22 Samhain. D\u00e9anfar an seacht dtroid d\u00e9ag a chraoladh beo ar shu\u00edomh YouTube TG4 chuig lucht f\u00e9achana in \u00c9irinn agus ar fud an domhain.\u00a0 [&hellip;]","og_url":"https:\/\/dev.tg4.ie\/ga\/eolas\/preas\/nuacht-raitis\/2019-2\/tg4-chun-craobhchomortais-naisiunta-sinsear-dornalaiochta-scothaicme-na-bhfear-agus-na-mban-iaba-a-chraoladh-beo\/","og_site_name":"TG4","article_publisher":"https:\/\/www.facebook.com\/TG4TV","og_image":[{"width":1920,"height":1080,"url":"https:\/\/tg4-docs.s3.amazonaws.com\/tg4-redesign-2015\/wp-content\/uploads\/2019\/11\/Dorn_1_2019_1920x1080.jpg","type":"image\/jpeg"}],"twitter_card":"summary_large_image","twitter_site":"@TG4TV","twitter_misc":{"Est. reading time":"4 minutes"},"schema":{"@context":"https:\/\/schema.org","@graph":[{"@type":"WebPage","@id":"https:\/\/dev.tg4.ie\/ga\/eolas\/preas\/nuacht-raitis\/2019-2\/tg4-chun-craobhchomortais-naisiunta-sinsear-dornalaiochta-scothaicme-na-bhfear-agus-na-mban-iaba-a-chraoladh-beo\/","url":"https:\/\/dev.tg4.ie\/ga\/eolas\/preas\/nuacht-raitis\/2019-2\/tg4-chun-craobhchomortais-naisiunta-sinsear-dornalaiochta-scothaicme-na-bhfear-agus-na-mban-iaba-a-chraoladh-beo\/","name":"TG4 chun Craobhchom\u00f3rtais N\u00e1isi\u00fanta Sinsear Dorn\u00e1la\u00edochta Scothaicme na bhFear agus na mBan IABA a chraoladh BEO | Preas R\u00e1iteas | TG4","isPartOf":{"@id":"https:\/\/dev.tg4.ie\/en\/#website"},"primaryImageOfPage":{"@id":"https:\/\/dev.tg4.ie\/ga\/eolas\/preas\/nuacht-raitis\/2019-2\/tg4-chun-craobhchomortais-naisiunta-sinsear-dornalaiochta-scothaicme-na-bhfear-agus-na-mban-iaba-a-chraoladh-beo\/#primaryimage"},"image":{"@id":"https:\/\/dev.tg4.ie\/ga\/eolas\/preas\/nuacht-raitis\/2019-2\/tg4-chun-craobhchomortais-naisiunta-sinsear-dornalaiochta-scothaicme-na-bhfear-agus-na-mban-iaba-a-chraoladh-beo\/#primaryimage"},"thumbnailUrl":"https:\/\/tg4-docs.s3.amazonaws.com\/tg4-redesign-2015\/wp-content\/uploads\/2019\/11\/Dorn_1_2019_1920x1080.jpg","datePublished":"2019-11-22T10:15:19+00:00","dateModified":"2019-11-22T10:15:19+00:00","breadcrumb":{"@id":"https:\/\/dev.tg4.ie\/ga\/eolas\/preas\/nuacht-raitis\/2019-2\/tg4-chun-craobhchomortais-naisiunta-sinsear-dornalaiochta-scothaicme-na-bhfear-agus-na-mban-iaba-a-chraoladh-beo\/#breadcrumb"},"inLanguage":"ga","potentialAction":[{"@type":"ReadAction","target":["https:\/\/dev.tg4.ie\/ga\/eolas\/preas\/nuacht-raitis\/2019-2\/tg4-chun-craobhchomortais-naisiunta-sinsear-dornalaiochta-scothaicme-na-bhfear-agus-na-mban-iaba-a-chraoladh-beo\/"]}]},{"@type":"ImageObject","inLanguage":"ga","@id":"https:\/\/dev.tg4.ie\/ga\/eolas\/preas\/nuacht-raitis\/2019-2\/tg4-chun-craobhchomortais-naisiunta-sinsear-dornalaiochta-scothaicme-na-bhfear-agus-na-mban-iaba-a-chraoladh-beo\/#primaryimage","url":"https:\/\/tg4-docs.s3.amazonaws.com\/tg4-redesign-2015\/wp-content\/uploads\/2019\/11\/Dorn_1_2019_1920x1080.jpg","contentUrl":"https:\/\/tg4-docs.s3.amazonaws.com\/tg4-redesign-2015\/wp-content\/uploads\/2019\/11\/Dorn_1_2019_1920x1080.jpg","width":1920,"height":1080},{"@type":"BreadcrumbList","@id":"https:\/\/dev.tg4.ie\/ga\/eolas\/preas\/nuacht-raitis\/2019-2\/tg4-chun-craobhchomortais-naisiunta-sinsear-dornalaiochta-scothaicme-na-bhfear-agus-na-mban-iaba-a-chraoladh-beo\/#breadcrumb","itemListElement":[{"@type":"ListItem","position":1,"name":"Home","item":"https:\/\/dev.tg4.ie\/ga\/"},{"@type":"ListItem","position":2,"name":"Eolas","item":"https:\/\/dev.tg4.ie\/ga\/eolas\/"},{"@type":"ListItem","position":3,"name":"Preas","item":"https:\/\/dev.tg4.ie\/ga\/eolas\/preas\/"},{"@type":"ListItem","position":4,"name":"Nuacht R\u00e1itis","item":"https:\/\/dev.tg4.ie\/ga\/eolas\/preas\/nuacht-raitis\/"},{"@type":"ListItem","position":5,"name":"2019","item":"https:\/\/dev.tg4.ie\/ga\/eolas\/preas\/nuacht-raitis\/2019-2\/"},{"@type":"ListItem","position":6,"name":"TG4 chun Craobhchom\u00f3rtais N\u00e1isi\u00fanta Sinsear Dorn\u00e1la\u00edochta Scothaicme na bhFear agus na mBan IABA a chraoladh BEO"}]},{"@type":"WebSite","@id":"https:\/\/dev.tg4.ie\/en\/#website","url":"https:\/\/dev.tg4.ie\/en\/","name":"TG4","description":"S\u00fail Eile","potentialAction":[{"@type":"SearchAction","target":{"@type":"EntryPoint","urlTemplate":"https:\/\/dev.tg4.ie\/en\/?s={search_term_string}"},"query-input":"required name=search_term_string"}],"inLanguage":"ga"}]}},"_links":{"self":[{"href":"https:\/\/dev.tg4.ie\/ga\/wp-json\/wp\/v2\/pages\/110890"}],"collection":[{"href":"https:\/\/dev.tg4.ie\/ga\/wp-json\/wp\/v2\/pages"}],"about":[{"href":"https:\/\/dev.tg4.ie\/ga\/wp-json\/wp\/v2\/types\/page"}],"author":[{"embeddable":true,"href":"https:\/\/dev.tg4.ie\/ga\/wp-json\/wp\/v2\/users\/876"}],"replies":[{"embeddable":true,"href":"https:\/\/dev.tg4.ie\/ga\/wp-json\/wp\/v2\/comments?post=110890"}],"version-history":[{"count":0,"href":"https:\/\/dev.tg4.ie\/ga\/wp-json\/wp\/v2\/pages\/110890\/revisions"}],"up":[{"embeddable":true,"href":"https:\/\/dev.tg4.ie\/ga\/wp-json\/wp\/v2\/pages\/98830"}],"wp:featuredmedia":[{"embeddable":true,"href":"https:\/\/dev.tg4.ie\/ga\/wp-json\/wp\/v2\/media\/110906"}],"wp:attachment":[{"href":"https:\/\/dev.tg4.ie\/ga\/wp-json\/wp\/v2\/media?parent=110890"}],"curies":[{"name":"wp","href":"https:\/\/api.w.org\/{rel}","templated":true}]}}