{"id":1110,"date":"2015-08-14T10:15:01","date_gmt":"2015-08-14T09:15:01","guid":{"rendered":"https:\/\/dev.tg4.ie\/corporate\/frequently-asked-questions\/"},"modified":"2025-07-04T14:16:17","modified_gmt":"2025-07-04T13:16:17","slug":"ceisteanna-coitianta","status":"publish","type":"page","link":"https:\/\/dev.tg4.ie\/ga\/eolas\/faq\/ceisteanna-coitianta\/","title":{"rendered":"Ceisteanna Coitianta"},"content":{"rendered":"<p><strong>Abhar at\u00e1 Srianta i do Cheantar<\/strong><\/p>\n<p>T\u00e1 srianta ceantair ar roinnt d\u2019\u00e1bhar TG4, rud a fh\u00e1gann nach f\u00e9idir linn \u00e9 a thaispe\u00e1int las muid d\u2019\u00c9irinn.<br \/>\nL\u00e9ireoidh an leathanach <a href=\"https:\/\/dev.tg4.ie\/sceideal\/sceideal-an-lae\/\">sceidil<\/a> c\u00e9n srianta at\u00e1 ar chl\u00e1r; feice t\u00fa siombal (\u00e9) d\u2019\u00e1bhar at\u00e1 srianta go \u00c9ire amh\u00e1in agus an siombail ? d\u2019\u00e1bhar nach bhfuil ar f\u00e1il ar chor ar bith ar l\u00edne. Do gach cl\u00e1r eile, ba cheart go mbeadh s\u00e9 le feice\u00e1il agat go h-idirn\u00e1isi\u00fanta.<\/p>\n<p>M\u00e1 t\u00e1 t\u00fa ag breath\u00fa ar tg4.ie, is g\u00e1 duit cinnti\u00fa go bhfuil do sheoladh IP cl\u00e1raithe in \u00c9irinn, le deimhni\u00fa go seinnfidh an cl\u00e1r duit. (<a href=\"https:\/\/ipstack.com\/\" target=\"_New\" rel=\"noopener noreferrer\">ipstack.com<\/a>)<br \/>\nM\u00e1 t\u00e1 t\u00fa ag breathn\u00fa ag \u00fas\u00e1id APP IOS\/ANDROID TG4, is g\u00e1 duit cinnti\u00fa go bhfuil do \u2018Location Services\u2019 ar si\u00fal ar do ghiorras.<\/p>\n<p>&nbsp;<br \/>\n<img loading=\"lazy\" decoding=\"async\" width=\"250\" height=\"313\" src=\"https:\/\/tg4-docs.s3.amazonaws.com\/wp-content\/uploads\/2025\/03\/04160256\/App_TG4_Ioslodail_1-250x313.jpg\" alt=\"\" class=\"aligncenter size-medium wp-image-241122\" srcset=\"https:\/\/tg4-docs.s3.amazonaws.com\/wp-content\/uploads\/2025\/03\/04160256\/App_TG4_Ioslodail_1-250x313.jpg 250w, https:\/\/tg4-docs.s3.amazonaws.com\/wp-content\/uploads\/2025\/03\/04160256\/App_TG4_Ioslodail_1-700x875.jpg 700w, https:\/\/tg4-docs.s3.amazonaws.com\/wp-content\/uploads\/2025\/03\/04160256\/App_TG4_Ioslodail_1-113x141.jpg 113w, https:\/\/tg4-docs.s3.amazonaws.com\/wp-content\/uploads\/2025\/03\/04160256\/App_TG4_Ioslodail_1-120x150.jpg 120w, https:\/\/tg4-docs.s3.amazonaws.com\/wp-content\/uploads\/2025\/03\/04160256\/App_TG4_Ioslodail_1.jpg 1080w\" sizes=\"(max-width: 250px) 100vw, 250px\" \/><br \/>\n&nbsp;<\/p>\n<div style=\"max-width: 800px;\"><video-js data-account=\"1555966122001\" data-player=\"HJlOg6KUz\" data-embed=\"default\" controls=\"\" data-video-id=\"6031847404001\" data-playlist-id=\"\" data-application-id=\"\" class=\"vjs-fluid\"><\/video-js><\/div>\n<p><script src=\"https:\/\/players.brightcove.net\/1555966122001\/HJlOg6KUz_default\/index.min.js\"><\/script><\/p>\n<p>&nbsp;<\/p>\n<p><strong>N\u00edl na f\u00edse\u00e1in ag seinm ar an Seinnteoir ar IOS \/ Android<\/strong><\/p>\n<p>Le breathn\u00fa ar an Seinnteoir ar IOS, \u00edosl\u00f3d\u00e1il Aip TG4<br \/>\nAr f\u00e1il <a href=\"https:\/\/itunes.apple.com\/ie\/app\/tg4-player\/id598591024?mt=8\" target=\"_New\" rel=\"noopener noreferrer\">anseo<\/a> (saor in aisce) (<a href=\"https:\/\/itunes.apple.com\/ie\/app\/tg4-player\/id598591024?mt=8\" target=\"_New\" rel=\"noopener noreferrer\">https:\/\/itunes.apple.com\/ie\/app\/tg4-player\/id598591024?mt=8<\/a>)<\/p>\n<p>Le breathn\u00fa ar an Seinnteoir ar Android, \u00edosl\u00f3d\u00e1il Aip TG4 \u00f3 Google Play<br \/>\nAr f\u00e1il <a href=\"https:\/\/play.google.com\/store\/apps\/details?id=ie.bytes.tg4.tg4videoapp\" target=\"_New\" rel=\"noopener noreferrer\">anseo<\/a> (saor in aisce) (<a href=\"https:\/\/play.google.com\/store\/apps\/details?id=ie.bytes.tg4.tg4videoapp\" target=\"_New\" rel=\"noopener noreferrer\">https:\/\/play.google.com\/store\/apps\/details?id=ie.bytes.tg4.tg4videoapp<\/a>)<br \/>\n&nbsp;<\/p>\n<p><strong>T\u00e1 deacrachta\u00ed agam leis an Seinnteoir ar an su\u00edomh nua?<\/strong><\/p>\n<p>Rinne muid athdhearadh ar su\u00edomh TG4 le d\u00e9ana\u00ed. \u00a0M\u00e1 t\u00e1 deacracht agat leis an su\u00edomh nua, bheim\u00eds f\u00edor bhu\u00edoch d\u00edot as e mail a sheoladh ag webmaster@dev.tg4.ie le insint d\u00fainn, c\u00e9n brabhs\u00e1la\u00ed, c\u00e9n leagan brabhs\u00e1la\u00ed agus c\u00e9n c\u00f3ras oibri\u00fach\u00e1in at\u00e1 agat le teacht ar an su\u00edomh.<!--\u00a0Idir an d\u00e1 linn, is f\u00e9idir leat \u00fas\u00e1id a bhaint as an sean su\u00edomh: \u00a0old.tg4.ie\/player.--><\/p>\n<p>Is f\u00e9idir freisin f\u00e9achaint ar an Seinnteoir tr\u00edd an App don iPad, iPhone n\u00f3 Teilif\u00eds cliste, at\u00e1 ar f\u00e1il saor in aisce le \u00edosl\u00f3d\u00e1il &#8211; cuardaigh &#8216;TG4&#8217; san App store.<\/p>\n<p><strong>C\u00e9n uair a bh\u00edonn \u00e1bhar\u00a0ar f\u00e1il ar an Seinnteoir tar \u00e9is a chraolta?<\/strong><\/p>\n<p>De ghn\u00e1th b\u00edonn\u00a0an cl\u00e1r thuas d\u00edreach tar \u00e9is a chraolta.\u00a0I gc\u00e1s eisceacht\u00fail, d&#8217;fh\u00e9adfadh moill a bheith ar chl\u00e1r go dt\u00ed an iar-n\u00f3in an l\u00e1 d\u00e1r gcionn.<\/p>\n<p><strong>C\u00e9n bealach gur f\u00e9idir liom cuid 2, cuid 3 &amp;rl don chl\u00e1r a fheice\u00e1il?<\/strong><\/p>\n<p>I gc\u00e1s cl\u00e1r BEO, d\u00e9antar taifead go d\u00edreach \u00f3n chraoladh ar gach p\u00e1irt.\u00a0Tiocfaidh cuid 2 suas as f\u00e9in d\u00edreach tar \u00e9is cuid 1. \u00a0Lig don sruth lean\u00faint lena sheinm ag deireadh Cuid 1. B\u00edonn f\u00f3gra\u00ed roimh chaon p\u00e1irt.<\/p>\n<p><strong>C\u00e9n t-\u00e1bhar at\u00e1 ar f\u00e1il ar an Seinnteoir?<\/strong><\/p>\n<p>De ghn\u00e1th b\u00edonn aon chl\u00e1r a bhfuil cearta againn dh\u00f3 le feice\u00e1il ar feadh 35 l\u00e1 tar \u00e9is an d\u00e1ta craolta teilif\u00edse, ag brath ar chearta. \u00a0T\u00e1 \u00e1bhar breise ar f\u00e1il faoi &#8216;Collections&#8217; ar an seinnteoir.<\/p>\n<p><strong>An f\u00e9idir liom f\u00e9achaint \u00f3 th\u00edortha thar lear?<\/strong><\/p>\n<p>Is f\u00e9idir f\u00e9achaint ar chuid de na cl\u00e1ir \u00f3 \u00e1it ar bith ar fud an domhain. \u00a0T\u00e1 srianta cearta ar roinnt cl\u00e1r, rud a fh\u00e1gann gur in \u00c9irinn amh\u00e1in is f\u00e9idir iad a fheice\u00e1il. B\u00edonn cl\u00e1ir againn freisin nach bhfuil cearta idirl\u00edon againn orthu. \u00a0T\u00e1 graific bheag in aice gach cl\u00e1r ar an liosta cl\u00e1ir a l\u00e9ir\u00edonn c\u00e1 bhfuil na cearta ar f\u00e1il.<\/p>\n<p><strong>An f\u00e9idir liom f\u00e9achaint ar TG4 Beo?<\/strong><\/p>\n<p>Is f\u00e9idir. T\u00e1 craoladh beo TG4 le f\u00e1il ar Seinnteoir TG4 ag brath ar chearta. \u00d3 am go cheile b\u00edonn an dara sruth beo againn chun \u00f3c\u00e1id\u00ed speisialta a thaispe\u00e1int.<\/p>\n<p><strong>Conas gur f\u00e9idir teacht ar chl\u00e1r faoi leith?<\/strong><\/p>\n<p>Is f\u00e9idir theacht ar chl\u00e1ir tr\u00edd an ais \u2018cuardach\u2019 ach theideal\/eolas a chuir isteach. Is f\u00e9idir d\u00e1ta a roghn\u00fa chun cl\u00e1ir a craoladh ar an l\u00e1 sin a fheice\u00e1il. Is f\u00e9idir f\u00e9achaint faoin rann\u00f3g \u2018genre\u2018 na gcl\u00e1r. Chomh maith le seo t\u00e1 liosta\u00ed dena Cl\u00e1ir is D\u00e9ana\u00ed agus na Cl\u00e1ir is Coitianta ar f\u00e1il.<\/p>\n<p><strong>C\u00e1 bhfuil \u00e1bhar na bp\u00e1ist\u00ed ar an Seinnteoir?<\/strong><\/p>\n<p>Is f\u00e9idir teacht ar an \u00e1bhar seo ar an Seinnteoir seo faoi \u2018C\u00fala4\u2019 agus t\u00e1 Seinnteoir ar leith d\u2019\u00e1bhar p\u00e1ist\u00ed \u00a0ar f\u00e1il ar an leathanach baile. \u00a0T\u00e1 cluich\u00ed idirghn\u00edomhacha agus eolas breise ar \u00e1bhar na n\u00d3g ar f\u00e1il ag <a class=\"scLink\" href=\"https:\/\/dev.tg4.ie\/cula4\">cula4.com<\/a><\/p>\n<p><strong>An f\u00e9idir liom f\u00e9achaint ar chl\u00e1r gan fotheidil Bh\u00e9arla?<\/strong><\/p>\n<p>Is f\u00e9idir anois breathn\u00fa ar an \u00e1bhar ar an Seinnteoir\u00a0GAN fotheidil m\u00e1s sin is fearr leat. \u00a0M\u00e1s mian leat na fotheidil a mh\u00fachadh,\u00a0br\u00fa cc ag bun an sc\u00e1ile\u00e1in ar an seinnteoir. \u00a0(beidh na fotheidil f\u00f3s greanta isteach ar an \u00e1bhar at\u00e1 ar an Seinnteoir le tamall)<\/p>\n<p>M\u00e1 t\u00e1 fotheidil Ghaeilge cruthaithe againn don \u00e1bhar, is f\u00e9idir iad seo a roghn\u00fa in \u00e1it na bhfotheideal B\u00e9arla<\/p>\n<p>M\u00e1 t\u00e1 t\u00fa ag \u00fas\u00e1id Explore 8 n\u00f3 ar Windows \u201995 n\u00f3 leaganacha n\u00edos sine, n\u00ed oibreoidh na roghanna nua duit.\u00a0 Is g\u00e1 mar sin iad a uasghr\u00e1d\u00fa ar do \u00e1rd\u00e1n.<\/p>\n<p><strong>C\u00e9n r\u00e1ta leathanbhanda at\u00e1 ag teast\u00e1il?<\/strong><\/p>\n<p>Faoi l\u00e1thair chuireann TG4 ceithre \u2018rendition\u2019 ar f\u00e1il, \u00f3 250kbit\/s go 1.2mbit\/s. Moltar leathanbhanda de 1megabit (ar a laghad) chun an leas is fearr a bhaint den gc\u00f3ras.<\/p>\n<p><strong>T\u00e1 deacrachta\u00ed agam leis an sruth. C\u00e9ard is f\u00e9idir liom a dh\u00e9anamh?<\/strong><\/p>\n<p>Teagmh\u00e1il: <a class=\"scLink\" href=\"mailto:webmaster@dev.tg4.ie\">webmaster@dev.tg4.ie<\/a><\/p>\n<p><strong>An f\u00e9idir liom c\u00f3ip a fh\u00e1il do chl\u00e1r?<\/strong><\/p>\n<p>N\u00ed le TG4 na cearta le c\u00f3ipeanna a chuir ar f\u00e1il.\u00a0 Go h-iond\u00fail is leis an l\u00e9iritheoir n\u00f3 an d\u00e1ilitheoir na cearta.\u00a0 Sa gc\u00e1s eisceacht\u00fail go bhfuil cearta againn le c\u00f3ip a chuir ar f\u00e1il, seo th\u00edos na rata\u00ed cu\u00ed:<\/p>\n<ul>\n<li>Cl\u00e1r 30 n\u00f3im\u00a0&#8211;\u00a0\u20ac88 + CBL @ 23% = \u20ac108.24<\/li>\n<li>Os cionn 30 n\u00f3im\u00a0&#8211;\u00a0\u20ac125 + CBL @ 23% = \u20ac153.75<\/li>\n<\/ul>\n<p>Cl\u00fada\u00edonn seo am duine, trealamh agus an\u00a0c\u00f3ip\u00a0f\u00e9in.<\/p>\n<p>Is f\u00e9idir fiosr\u00fach\u00e1in faoi ch\u00f3ipeanna a sheoladh ag <a href=\"mailto:cartlann@dev.tg4.ie\">cartlann@dev.tg4.ie<\/a>\u00a0n\u00f3 is f\u00e9idir c\u00f3ip a ord\u00fa ach clice\u00e1il anseo \u00a0&#8211;\u00a0<a href=\"https:\/\/dev.tg4.ie\/eolas\/teagmhail\/foirm-ordaithe-cartlainne\/\">FOIRM ORDAITHE CARTLAINNE<\/a>.<\/p>\n<p><strong>An f\u00e9idir liom c\u00f3ip \u00a0a fh\u00e1il do Scann\u00e1in Ghaeilge do Ghas\u00fair?<\/strong><\/p>\n<p>N\u00ed le TG4 na cearta le c\u00f3ipeanna a chuir ar f\u00e1il. \u00a0T\u00e1 roinnt scann\u00e1in Gaeilge eisithe ar DVD, mar shampla Spongebob Squarepants Sp\u00fainse as Uisce (Sponge out of Water) agus Amhr\u00e1n na Mara (Song of the Sea). \u00a0T\u00e1 siad seo ar f\u00e1il i siopa\u00ed n\u00f3 \u00f3 www.cic.ie.<\/p>\n<p>M\u00e1s mian leat fiosr\u00fa faoi scann\u00e1in Ghaeilge le taispe\u00e1int go poibl\u00ed, is g\u00e1 teagmh\u00e1il a dh\u00e9anamh le\u00a0<a href=\"http:\/\/mplc.org\">mplc.org<\/a>\u00a0n\u00f3 le <a href=\"http:\/\/filmlibrary.ie\">filmlibrary.ie<\/a>\u00a0(GFD) n\u00f3 <a href=\"http:\/\/accesscinema.ie\">accesscinema.ie<\/a><\/p>\n","protected":false},"excerpt":{"rendered":"<p>Abhar at\u00e1 Srianta i do Cheantar T\u00e1 srianta ceantair ar roinnt d\u2019\u00e1bhar TG4, rud a fh\u00e1gann nach f\u00e9idir linn \u00e9 a thaispe\u00e1int las muid d\u2019\u00c9irinn. L\u00e9ireoidh an leathanach sceidil c\u00e9n srianta at\u00e1 ar chl\u00e1r; feice t\u00fa siombal (\u00e9) d\u2019\u00e1bhar at\u00e1 srianta go \u00c9ire amh\u00e1in agus an siombail ? d\u2019\u00e1bhar nach bhfuil ar f\u00e1il ar chor [&hellip;]<\/p>\n","protected":false},"author":6,"featured_media":0,"parent":2025,"menu_order":0,"comment_status":"closed","ping_status":"closed","template":"page-templates\/template-corporate.php","meta":{"_acf_changed":false,"footnotes":""},"acf":[],"yoast_head":"<!-- This site is optimized with the Yoast SEO plugin v22.6 - https:\/\/yoast.com\/wordpress\/plugins\/seo\/ -->\n<title>Ceisteanna Coitianta - TG4<\/title>\n<meta name=\"robots\" content=\"index, follow, max-snippet:-1, max-image-preview:large, max-video-preview:-1\" \/>\n<meta property=\"og:locale\" content=\"en_US\" \/>\n<meta property=\"og:type\" content=\"article\" \/>\n<meta property=\"og:title\" content=\"Ceisteanna Coitianta - TG4\" \/>\n<meta property=\"og:description\" content=\"Abhar at\u00e1 Srianta i do Cheantar T\u00e1 srianta ceantair ar roinnt d\u2019\u00e1bhar TG4, rud a fh\u00e1gann nach f\u00e9idir linn \u00e9 a thaispe\u00e1int las muid d\u2019\u00c9irinn. L\u00e9ireoidh an leathanach sceidil c\u00e9n srianta at\u00e1 ar chl\u00e1r; feice t\u00fa siombal (\u00e9) d\u2019\u00e1bhar at\u00e1 srianta go \u00c9ire amh\u00e1in agus an siombail ? d\u2019\u00e1bhar nach bhfuil ar f\u00e1il ar chor [&hellip;]\" \/>\n<meta property=\"og:url\" content=\"https:\/\/dev.tg4.ie\/ga\/eolas\/faq\/ceisteanna-coitianta\/\" \/>\n<meta property=\"og:site_name\" content=\"TG4\" \/>\n<meta property=\"article:publisher\" content=\"https:\/\/www.facebook.com\/TG4TV\" \/>\n<meta property=\"article:modified_time\" content=\"2025-07-04T13:16:17+00:00\" \/>\n<meta property=\"og:image\" content=\"https:\/\/dev.tg4.ie\/wp-content\/uploads\/2025\/03\/App_TG4_Ioslodail_1-250x313.jpg\" \/>\n<meta name=\"twitter:card\" content=\"summary_large_image\" \/>\n<meta name=\"twitter:site\" content=\"@TG4TV\" \/>\n<meta name=\"twitter:label1\" content=\"Est. reading time\" \/>\n\t<meta name=\"twitter:data1\" content=\"5 minutes\" \/>\n<script type=\"application\/ld+json\" class=\"yoast-schema-graph\">{\"@context\":\"https:\/\/schema.org\",\"@graph\":[{\"@type\":\"WebPage\",\"@id\":\"https:\/\/dev.tg4.ie\/ga\/eolas\/faq\/ceisteanna-coitianta\/\",\"url\":\"https:\/\/dev.tg4.ie\/ga\/eolas\/faq\/ceisteanna-coitianta\/\",\"name\":\"Ceisteanna Coitianta - TG4\",\"isPartOf\":{\"@id\":\"https:\/\/dev.tg4.ie\/en\/#website\"},\"primaryImageOfPage\":{\"@id\":\"https:\/\/dev.tg4.ie\/ga\/eolas\/faq\/ceisteanna-coitianta\/#primaryimage\"},\"image\":{\"@id\":\"https:\/\/dev.tg4.ie\/ga\/eolas\/faq\/ceisteanna-coitianta\/#primaryimage\"},\"thumbnailUrl\":\"https:\/\/dev.tg4.ie\/wp-content\/uploads\/2025\/03\/App_TG4_Ioslodail_1-250x313.jpg\",\"datePublished\":\"2015-08-14T09:15:01+00:00\",\"dateModified\":\"2025-07-04T13:16:17+00:00\",\"breadcrumb\":{\"@id\":\"https:\/\/dev.tg4.ie\/ga\/eolas\/faq\/ceisteanna-coitianta\/#breadcrumb\"},\"inLanguage\":\"ga\",\"potentialAction\":[{\"@type\":\"ReadAction\",\"target\":[\"https:\/\/dev.tg4.ie\/ga\/eolas\/faq\/ceisteanna-coitianta\/\"]}]},{\"@type\":\"ImageObject\",\"inLanguage\":\"ga\",\"@id\":\"https:\/\/dev.tg4.ie\/ga\/eolas\/faq\/ceisteanna-coitianta\/#primaryimage\",\"url\":\"https:\/\/dev.tg4.ie\/wp-content\/uploads\/2025\/03\/App_TG4_Ioslodail_1-250x313.jpg\",\"contentUrl\":\"https:\/\/dev.tg4.ie\/wp-content\/uploads\/2025\/03\/App_TG4_Ioslodail_1-250x313.jpg\"},{\"@type\":\"BreadcrumbList\",\"@id\":\"https:\/\/dev.tg4.ie\/ga\/eolas\/faq\/ceisteanna-coitianta\/#breadcrumb\",\"itemListElement\":[{\"@type\":\"ListItem\",\"position\":1,\"name\":\"Home\",\"item\":\"https:\/\/dev.tg4.ie\/ga\/\"},{\"@type\":\"ListItem\",\"position\":2,\"name\":\"Eolas\",\"item\":\"https:\/\/dev.tg4.ie\/ga\/eolas\/\"},{\"@type\":\"ListItem\",\"position\":3,\"name\":\"Ceisteanna Coitianta\",\"item\":\"https:\/\/dev.tg4.ie\/ga\/eolas\/faq\/\"},{\"@type\":\"ListItem\",\"position\":4,\"name\":\"Ceisteanna Coitianta\"}]},{\"@type\":\"WebSite\",\"@id\":\"https:\/\/dev.tg4.ie\/en\/#website\",\"url\":\"https:\/\/dev.tg4.ie\/en\/\",\"name\":\"TG4\",\"description\":\"S\u00fail Eile\",\"potentialAction\":[{\"@type\":\"SearchAction\",\"target\":{\"@type\":\"EntryPoint\",\"urlTemplate\":\"https:\/\/dev.tg4.ie\/en\/?s={search_term_string}\"},\"query-input\":\"required name=search_term_string\"}],\"inLanguage\":\"ga\"}]}<\/script>\n<!-- \/ Yoast SEO plugin. -->","yoast_head_json":{"title":"Ceisteanna Coitianta - TG4","robots":{"index":"index","follow":"follow","max-snippet":"max-snippet:-1","max-image-preview":"max-image-preview:large","max-video-preview":"max-video-preview:-1"},"og_locale":"en_US","og_type":"article","og_title":"Ceisteanna Coitianta - TG4","og_description":"Abhar at\u00e1 Srianta i do Cheantar T\u00e1 srianta ceantair ar roinnt d\u2019\u00e1bhar TG4, rud a fh\u00e1gann nach f\u00e9idir linn \u00e9 a thaispe\u00e1int las muid d\u2019\u00c9irinn. L\u00e9ireoidh an leathanach sceidil c\u00e9n srianta at\u00e1 ar chl\u00e1r; feice t\u00fa siombal (\u00e9) d\u2019\u00e1bhar at\u00e1 srianta go \u00c9ire amh\u00e1in agus an siombail ? d\u2019\u00e1bhar nach bhfuil ar f\u00e1il ar chor [&hellip;]","og_url":"https:\/\/dev.tg4.ie\/ga\/eolas\/faq\/ceisteanna-coitianta\/","og_site_name":"TG4","article_publisher":"https:\/\/www.facebook.com\/TG4TV","article_modified_time":"2025-07-04T13:16:17+00:00","og_image":[{"url":"https:\/\/dev.tg4.ie\/wp-content\/uploads\/2025\/03\/App_TG4_Ioslodail_1-250x313.jpg"}],"twitter_card":"summary_large_image","twitter_site":"@TG4TV","twitter_misc":{"Est. reading time":"5 minutes"},"schema":{"@context":"https:\/\/schema.org","@graph":[{"@type":"WebPage","@id":"https:\/\/dev.tg4.ie\/ga\/eolas\/faq\/ceisteanna-coitianta\/","url":"https:\/\/dev.tg4.ie\/ga\/eolas\/faq\/ceisteanna-coitianta\/","name":"Ceisteanna Coitianta - TG4","isPartOf":{"@id":"https:\/\/dev.tg4.ie\/en\/#website"},"primaryImageOfPage":{"@id":"https:\/\/dev.tg4.ie\/ga\/eolas\/faq\/ceisteanna-coitianta\/#primaryimage"},"image":{"@id":"https:\/\/dev.tg4.ie\/ga\/eolas\/faq\/ceisteanna-coitianta\/#primaryimage"},"thumbnailUrl":"https:\/\/dev.tg4.ie\/wp-content\/uploads\/2025\/03\/App_TG4_Ioslodail_1-250x313.jpg","datePublished":"2015-08-14T09:15:01+00:00","dateModified":"2025-07-04T13:16:17+00:00","breadcrumb":{"@id":"https:\/\/dev.tg4.ie\/ga\/eolas\/faq\/ceisteanna-coitianta\/#breadcrumb"},"inLanguage":"ga","potentialAction":[{"@type":"ReadAction","target":["https:\/\/dev.tg4.ie\/ga\/eolas\/faq\/ceisteanna-coitianta\/"]}]},{"@type":"ImageObject","inLanguage":"ga","@id":"https:\/\/dev.tg4.ie\/ga\/eolas\/faq\/ceisteanna-coitianta\/#primaryimage","url":"https:\/\/dev.tg4.ie\/wp-content\/uploads\/2025\/03\/App_TG4_Ioslodail_1-250x313.jpg","contentUrl":"https:\/\/dev.tg4.ie\/wp-content\/uploads\/2025\/03\/App_TG4_Ioslodail_1-250x313.jpg"},{"@type":"BreadcrumbList","@id":"https:\/\/dev.tg4.ie\/ga\/eolas\/faq\/ceisteanna-coitianta\/#breadcrumb","itemListElement":[{"@type":"ListItem","position":1,"name":"Home","item":"https:\/\/dev.tg4.ie\/ga\/"},{"@type":"ListItem","position":2,"name":"Eolas","item":"https:\/\/dev.tg4.ie\/ga\/eolas\/"},{"@type":"ListItem","position":3,"name":"Ceisteanna Coitianta","item":"https:\/\/dev.tg4.ie\/ga\/eolas\/faq\/"},{"@type":"ListItem","position":4,"name":"Ceisteanna Coitianta"}]},{"@type":"WebSite","@id":"https:\/\/dev.tg4.ie\/en\/#website","url":"https:\/\/dev.tg4.ie\/en\/","name":"TG4","description":"S\u00fail Eile","potentialAction":[{"@type":"SearchAction","target":{"@type":"EntryPoint","urlTemplate":"https:\/\/dev.tg4.ie\/en\/?s={search_term_string}"},"query-input":"required name=search_term_string"}],"inLanguage":"ga"}]}},"_links":{"self":[{"href":"https:\/\/dev.tg4.ie\/ga\/wp-json\/wp\/v2\/pages\/1110"}],"collection":[{"href":"https:\/\/dev.tg4.ie\/ga\/wp-json\/wp\/v2\/pages"}],"about":[{"href":"https:\/\/dev.tg4.ie\/ga\/wp-json\/wp\/v2\/types\/page"}],"author":[{"embeddable":true,"href":"https:\/\/dev.tg4.ie\/ga\/wp-json\/wp\/v2\/users\/6"}],"replies":[{"embeddable":true,"href":"https:\/\/dev.tg4.ie\/ga\/wp-json\/wp\/v2\/comments?post=1110"}],"version-history":[{"count":0,"href":"https:\/\/dev.tg4.ie\/ga\/wp-json\/wp\/v2\/pages\/1110\/revisions"}],"up":[{"embeddable":true,"href":"https:\/\/dev.tg4.ie\/ga\/wp-json\/wp\/v2\/pages\/2025"}],"wp:attachment":[{"href":"https:\/\/dev.tg4.ie\/ga\/wp-json\/wp\/v2\/media?parent=1110"}],"curies":[{"name":"wp","href":"https:\/\/api.w.org\/{rel}","templated":true}]}}