{"id":111088,"date":"2019-12-04T11:09:26","date_gmt":"2019-12-04T11:09:26","guid":{"rendered":"https:\/\/dev.tg4.ie\/?page_id=111088"},"modified":"2019-12-04T11:30:57","modified_gmt":"2019-12-04T11:30:57","slug":"si-an-nollaig-i-16-scannain-ar-tg4-an-nollaig-seo","status":"publish","type":"page","link":"https:\/\/dev.tg4.ie\/ga\/eolas\/preas\/nuacht-raitis\/2019-2\/si-an-nollaig-i-16-scannain-ar-tg4-an-nollaig-seo\/","title":{"rendered":"S\u00ed an Nollaig \u00ed &#8211; 16 Scann\u00e1in ar TG4 an Nollaig seo"},"content":{"rendered":"<p><img loading=\"lazy\" decoding=\"async\" width=\"1920\" height=\"1080\" class=\"alignleft size-full wp-image-111094\" src=\"https:\/\/tg4-docs.s3.amazonaws.com\/tg4-redesign-2015\/wp-content\/uploads\/2019\/12\/Into_the_West_1_1920x1080.jpg\" alt=\"\" srcset=\"https:\/\/tg4-docs.s3.amazonaws.com\/tg4-redesign-2015\/wp-content\/uploads\/2019\/12\/Into_the_West_1_1920x1080.jpg 1920w, https:\/\/tg4-docs.s3.amazonaws.com\/tg4-redesign-2015\/wp-content\/uploads\/2019\/12\/Into_the_West_1_1920x1080-250x141.jpg 250w, https:\/\/tg4-docs.s3.amazonaws.com\/tg4-redesign-2015\/wp-content\/uploads\/2019\/12\/Into_the_West_1_1920x1080-700x394.jpg 700w, https:\/\/tg4-docs.s3.amazonaws.com\/tg4-redesign-2015\/wp-content\/uploads\/2019\/12\/Into_the_West_1_1920x1080-252x141.jpg 252w, https:\/\/tg4-docs.s3.amazonaws.com\/tg4-redesign-2015\/wp-content\/uploads\/2019\/12\/Into_the_West_1_1920x1080-1536x864.jpg 1536w, https:\/\/tg4-docs.s3.amazonaws.com\/tg4-redesign-2015\/wp-content\/uploads\/2019\/12\/Into_the_West_1_1920x1080-120x68.jpg 120w\" sizes=\"(max-width: 1920px) 100vw, 1920px\" \/><br \/>\n&nbsp;<br \/>\n<strong><span>An cuimhin leat iad seo?\u00a0<\/span><\/strong><br \/>\n<strong><span>Around the World in 80 Days \u2013 23\u00fa Nollaig 1pm<\/span><\/strong><span><br \/>\n<\/span><span>(1956, Scann\u00e1n Eachtra\u00edochta, Grinn) David Niven, Cantiflas agus Shirley MacLaine na pr\u00edomhaisteoir\u00ed sa scann\u00e1n seo faoi sti\u00fair Michael Anderson. Nuair a chuir Phileas Fogg geall go mbeadh s\u00e9 in ann dul timpeall an domhain uile in 80 l\u00e1 sa bhliain 1872, thug s\u00e9 faoin aistear ba mh\u00f3 d\u00e1 shaol. Turas a bh\u00ed l\u00e1n d\u2019eachtra\u00ed, gr\u00e1, d\u00fashl\u00e1in agus radharcanna \u00e1ille. Bunaithe ar sh\u00e1r-sc\u00e9al Jules Verne.<\/span><span><\/span><\/p>\n<p><span><\/p>\n<p><\/span><strong><span>Into the West \u2013 L\u00e1 Nollag 6:55pm\u00a0<\/span><\/strong><span><br \/>\n<\/span><span>(1992, Scann\u00e1n Eachtra\u00edochta, Fantais\u00edocht) Gabriel Byrne, Ellen Barkin agus Ciar\u00e1n Fitzgearld na pr\u00edomhaisteoir\u00ed sa scann\u00e1n seo faoi sti\u00fair Mike Newell. Tugann seanathair capall d\u00e1 gharph\u00e1ist\u00ed a choinn\u00edonn siad sa mbloc \u00e1ras\u00e1n ina bhfuil siad ina gc\u00f3na\u00ed i mBaile \u00c1tha Cliath. Nuair a goidtear an capall, t\u00e9ann na buachaill\u00ed \u00f3ga ar thuras chun \u00e9 a aimsi\u00fa.<\/span><span><\/p>\n<p><\/span><strong><span>Rear Window &#8211; 28\u00fa Nollaig 1:20pm<\/span><\/strong><b><span><br \/>\n<\/span><\/b><span>(1954, Mist\u00e9ir, Sc\u00e9ins\u00e9ir) James Stewart, Grace Kelly agus Wendell Corey na pr\u00edomhaisteoir\u00ed sa scann\u00e1n seo faoi sti\u00fair Alfred Hitchcock. Scann\u00e1n faoi fhear i gcathaoir rotha\u00ed a bh\u00edonn ag faire ar a chuid comharsan \u00f3na fhuinneog. T\u00e1 s\u00e9 cinnte go ndearna duine acu mar\u00fa.<\/span><span><\/p>\n<p><\/span><strong><span>Flight of the Doves &#8211; 29\u00fa Nollaig 1:10pm<\/span><\/strong><span><br \/>\n<\/span><span>(1971, Dr\u00e1ma) Ron Moody, Jack Wild agus Dorothy McGuire na pr\u00edomhaisteoir\u00ed sa scann\u00e1n seo faoi sti\u00fair Ralph Nelson. Bunaithe ar \u00farsc\u00e9al le Walter Macken. Sc\u00e9al faoi bheirt leana\u00ed, ar d\u00edlleachta\u00ed iad, at\u00e1 ar a dteitheadh \u00f3na n-uncail gr\u00e1nna.\u00a0<\/span><b><span><br \/>\n&nbsp;<br \/>\n<\/span><\/b><strong><span>Do na Mn\u00e1:<\/span><\/strong><span><\/span><\/p>\n<p><strong><span>Dirty Dancing &#8211; O\u00edche Nollag 11pm<\/span><\/strong><b><span><br \/>\n<\/span><\/b><span>(1987, Scann\u00e1n Gr\u00e1, Ceol) Patrick Swayze, Jennifer Grey agus Jerry Orbach na pr\u00edomhaisteoir\u00ed sa scann\u00e1n seo faoi sti\u00fair Emile Ardolino. Samhradh na bliana 1963, t\u00e1 Baby, cail\u00edn \u00f3g seacht mbliana d\u00e9ag, ar saoire lena teaghlach. Faigheann a cuid fiosrachta an ceann is fearr uirthi nuair a chloiseann s\u00ed ceol ag teacht \u00f3 l\u00f3ist\u00edn lucht oibre an ionad saoire. Is ansin a chastar Johnny uirthi, agus titeann siad go m\u00f3r i ngr\u00e1 lena ch\u00e9ile.<b><\/p>\n<p><strong>As Good as it Gets \u2013 L\u00e1 le Stiof\u00e1in 10:40pm<\/strong><br \/>\n<\/b>(1997, Scann\u00e1n Grinn, Gr\u00e1) Jack Nicholson, Helen Hunt agus Greg Kinnear na pr\u00edomhaisteoir\u00ed sa scann\u00e1n seo faoi sti\u00fair James L. Brooks. Scann\u00e1n faoi chairdeas a tharla\u00edonn gan choinne idir tri\u00far at\u00e1 an-\u00e9ags\u00fail \u00f3na ch\u00e9ile nuair a dh\u00e9antar ionsa\u00ed ar dhuine acu.<b><\/p>\n<p><strong>Juno \u2013 4\u00fa Ean\u00e1ir 9:45pm\u00a0<\/strong><br \/>\n<\/b>(2007, Scann\u00e1n Grinn, Dr\u00e1ma) Ellen Page, Michael Cera agus Jennifer Garner na pr\u00edomhaisteoir\u00ed sa scann\u00e1n seo faoi sti\u00fair Jason Reitman. D\u00e9anann bean \u00f3g at\u00e1 ag s\u00fail le p\u00e1iste gan choinne cinneadh neamhghn\u00e1ch.\u00a0<\/span><\/p>\n<p><strong><span>A Star is Born &#8211; 3\u00fa Ean\u00e1ir 1pm<\/span><\/strong><b><span><br \/>\n<\/span><\/b><span>(1937, Dr\u00e1ma) Is iad Janet Gaynor, Fredric March agus Adolphe Menjou na pr\u00edomhaisteoir\u00ed sa scann\u00e1n seo faoi sti\u00fair William A. Wellman. Tagann bean \u00f3g go Hollywood chun cl\u00fa agus c\u00e1il a bhaint amach san aisteoireacht. \u00c9ir\u00edonn l\u00e9i a haisling a thabhairt chun f\u00edre a bhu\u00edochas d&#8217;fhear at\u00e1 tugtha don \u00f3l agus a bhfuil na blianta is fearr d\u00e1 shaol caite.<\/span><\/p>\n<p>&nbsp;<\/p>\n<p><img loading=\"lazy\" decoding=\"async\" width=\"1920\" height=\"1080\" class=\"alignleft size-full wp-image-111095\" src=\"https:\/\/tg4-docs.s3.amazonaws.com\/tg4-redesign-2015\/wp-content\/uploads\/2019\/12\/Angels_and_Demons_1_1920x1080.jpg\" alt=\"\" srcset=\"https:\/\/tg4-docs.s3.amazonaws.com\/tg4-redesign-2015\/wp-content\/uploads\/2019\/12\/Angels_and_Demons_1_1920x1080.jpg 1920w, https:\/\/tg4-docs.s3.amazonaws.com\/tg4-redesign-2015\/wp-content\/uploads\/2019\/12\/Angels_and_Demons_1_1920x1080-250x141.jpg 250w, https:\/\/tg4-docs.s3.amazonaws.com\/tg4-redesign-2015\/wp-content\/uploads\/2019\/12\/Angels_and_Demons_1_1920x1080-700x394.jpg 700w, https:\/\/tg4-docs.s3.amazonaws.com\/tg4-redesign-2015\/wp-content\/uploads\/2019\/12\/Angels_and_Demons_1_1920x1080-252x141.jpg 252w, https:\/\/tg4-docs.s3.amazonaws.com\/tg4-redesign-2015\/wp-content\/uploads\/2019\/12\/Angels_and_Demons_1_1920x1080-1536x864.jpg 1536w, https:\/\/tg4-docs.s3.amazonaws.com\/tg4-redesign-2015\/wp-content\/uploads\/2019\/12\/Angels_and_Demons_1_1920x1080-120x68.jpg 120w\" sizes=\"(max-width: 1920px) 100vw, 1920px\" \/><\/p>\n<p>&nbsp;<\/p>\n<p><strong><span>Do na Fir:<\/span><\/strong><strong><span>\u00a0<\/span><\/strong><\/p>\n<p><strong><span>Angels &amp; Demons \u2013 23\u00fa Nollaig 9:30pm<\/span><\/strong><b><span><br \/>\n<\/span><\/b><span>(2009, Scann\u00e1n Sc\u00e9ins\u00e9ir, Mist\u00e9ir) Tom Hanks, Ewan McGregor, Ayelet Zurer na pr\u00edomhaisteoir\u00ed sa scann\u00e1n seo faoi sti\u00fair Ron Howard. Oibr\u00edonn saineola\u00ed siombal as Ollscoil Harvard le fisiceoir n\u00faicl\u00e9ach chun c\u00e1s d\u00fanmharaithe a r\u00e9iteach agus le cosc a chur ar ionsa\u00ed sceimhlitheoireachta ar an Vatac\u00e1in.<\/span><\/p>\n<p><strong><span>Fargo \u2013 28\u00fa Nollaig 10:20pm<\/span><\/strong><b><span><br \/>\n<\/span><\/b><span>(1996, Coir, Dr\u00e1ma, Sc\u00e9ins\u00e9ir) William H. Macy, Frances McDormand agus Steve Buscemi na pr\u00edomhaisteoir\u00ed sa scann\u00e1n seo faoi sti\u00fair Joel Coen. Fosta\u00edonn fear beirt choirpeach chun a bhean ch\u00e9ile a fhuadach ionas go mbeidh s\u00e9 in ann airgead a fh\u00e1il \u00f3na athair c\u00e9ile uirthi. T\u00e9ann c\u00farsa\u00ed in aimhr\u00e9idh, \u00e1fach, mar gheall ar na fuadaitheoir\u00ed a bheith m\u00edch\u00faramach agus ar an bhfiosr\u00fach\u00e1n at\u00e1 ar bun ag an mbleachtaire Marge Gunderson.<\/span><\/p>\n<p><strong><span>Apollo 13 &#8211; 30\u00fa Nollaig 9:30pm<\/span><\/strong><b><span><br \/>\n<\/span><\/b><span>(1995, Scann\u00e1n Eachtra\u00edochta, Staire) Tom Hanks, Bill Paxton agus Kevin Bacon pr\u00edomhaisteoir\u00ed an scann\u00e1n seo at\u00e1 faoi sti\u00fair Ron Howard. Bunaithe ar sc\u00e9al f\u00edor faoi thuras m\u00ed-\u00e1mharach Apollo 13 chun na geala\u00ed sna 1970\u00ed. Nuair a sceitheann breosla as an sp\u00e1slong tagann br\u00fa orthusan ar talamh tubaiste a sheachaint.<b><\/p>\n<p><strong>Catch-22 &#8211; L\u00e1 Caille 10:30pm\u00a0<\/strong><br \/>\n<\/b>(1970, Scann\u00e1n grinn, Dr\u00e1ma) Alan Arkin, Martin Balsam agus Richard Benjamin na pr\u00edomhaisteoir\u00ed sa scann\u00e1n seo faoi sti\u00fair Mike Nichols. Le linn an Dara Cogadh Domhanda, ligeann fear air f\u00e9in go bhfuil s\u00e9 as a mheabhair ionas go ligfear abhaile as an gcogadh \u00e9.<\/span><\/p>\n<p><strong><span>\u00a0<\/span><\/strong><\/p>\n<p><strong><span>Scann\u00e1in don Teaghlach:<\/span><\/strong><strong><span>\u00a0<\/span><\/strong><span><\/span><\/p>\n<p><strong><span>Shrek &#8211; L\u00e1 Nollag 5:20pm\u00a0<\/span><\/strong><b><span><br \/>\n<\/span><\/b><span>(2001, Beochan) Leagan Gaeilge den scann\u00e1n Shrek: Is gruagach \u00e9 Shrek a ch\u00f3na\u00edonn leis f\u00e9in sa choill agus a bhfuil fait\u00edos ag muintir Duloc ar fad roimhe. B\u00edonn suaimhneas bre\u00e1 aige go dt\u00ed go nd\u00edbr\u00edonn an Tiarna Farquaad gach a bhfuil sna sc\u00e9alta s\u00ed isteach sa choill. N\u00ed bh\u00edonn aon rogha aige ach rud \u00e9igin a dh\u00e9anamh faoi!<\/span><\/p>\n<p><strong><span>Dr Seuss The Lorax &#8211; O\u00edche Nollag 5:20pm<\/span><\/strong><br \/>\n<span>(2012, Scann\u00e1n Grinn, Eachtra\u00edochta) Zac Efron, Taylor Swift agus Danny DeVito na pr\u00edomhaisteoir\u00ed sa scann\u00e1n seo faoi sti\u00fair Chris Renaud agus Kyle Balda. F\u00e9achann buachaill \u00f3g leis an gcail\u00edn is ansa leis a mhealladh. Chun sin a dh\u00e9anamh caithfidh s\u00e9 sc\u00e9al an Lorax a fhiosr\u00fa &#8211; neach stuacach ach deas \u00e9 an Lorax a fh\u00e9achann an domhan m\u00f3rthimpeall air a chosaint.<\/span><\/p>\n<p><strong><span>Happy Feet Two &#8211; 23\u00fa Nollaig 5:20pm\u00a0<\/span><\/strong><br \/>\n<span>Leagan Gaeilge den scann\u00e1n Happy Feet Two: T\u00e1 mac ag Mumble agus ag Gloria anois darb ainm Erik. T\u00e1 Erik in amhras faoi na buanna at\u00e1 aige f\u00e9in. Ach t\u00e1 nithe eile go leor ag bagairt ar na piongain anois agus caithfidh gach uile dhuine oibri\u00fa (agus damhsa) le ch\u00e9ile chun an choil\u00edneacht a thabhairt sl\u00e1n. Leagan Gaeilge arna l\u00e9iri\u00fa ag Ab\u00fa Media.<\/span><\/p>\n<p><strong><span>Mr. Bean&#8217;s Holidays &#8211; 30\u00fa Nollaig 5:20pm<\/span><\/strong><br \/>\n<span>(2007, Scann\u00e1n Grinn) Rowan Atkinson, Willem Dafoe agus Steve Pemberton na pr\u00edomhaisteoir\u00ed sa scann\u00e1n seo faoi sti\u00fair Steve Bendelack. T\u00e9ann Mr. Bean go deisceart na Fraince ar saoire &#8211; ach mar is gn\u00e1th n\u00ed gn\u00e1thshaoire ar bith a bheidh inti.<\/span><\/p>\n<p>&nbsp;<br \/>\n&nbsp;<\/p>\n","protected":false},"excerpt":{"rendered":"<p>&nbsp; An cuimhin leat iad seo?\u00a0 Around the World in 80 Days \u2013 23\u00fa Nollaig 1pm (1956, Scann\u00e1n Eachtra\u00edochta, Grinn) David Niven, Cantiflas agus Shirley MacLaine na pr\u00edomhaisteoir\u00ed sa scann\u00e1n seo faoi sti\u00fair Michael Anderson. Nuair a chuir Phileas Fogg geall go mbeadh s\u00e9 in ann dul timpeall an domhain uile in 80 l\u00e1 sa [&hellip;]<\/p>\n","protected":false},"author":876,"featured_media":0,"parent":98830,"menu_order":46,"comment_status":"closed","ping_status":"closed","template":"page-templates\/template-pr.php","meta":{"_acf_changed":false,"footnotes":""},"acf":[],"yoast_head":"<!-- This site is optimized with the Yoast SEO plugin v22.6 - https:\/\/yoast.com\/wordpress\/plugins\/seo\/ -->\n<title>S\u00ed an Nollaig \u00ed - 16 Scann\u00e1in ar TG4 an Nollaig seo | Preas R\u00e1iteas | TG4<\/title>\n<meta name=\"robots\" content=\"index, follow, max-snippet:-1, max-image-preview:large, max-video-preview:-1\" \/>\n<meta property=\"og:locale\" content=\"en_US\" \/>\n<meta property=\"og:type\" content=\"article\" \/>\n<meta property=\"og:title\" content=\"S\u00ed an Nollaig \u00ed - 16 Scann\u00e1in ar TG4 an Nollaig seo | Preas R\u00e1iteas | TG4\" \/>\n<meta property=\"og:description\" content=\"&nbsp; An cuimhin leat iad seo?\u00a0 Around the World in 80 Days \u2013 23\u00fa Nollaig 1pm (1956, Scann\u00e1n Eachtra\u00edochta, Grinn) David Niven, Cantiflas agus Shirley MacLaine na pr\u00edomhaisteoir\u00ed sa scann\u00e1n seo faoi sti\u00fair Michael Anderson. Nuair a chuir Phileas Fogg geall go mbeadh s\u00e9 in ann dul timpeall an domhain uile in 80 l\u00e1 sa [&hellip;]\" \/>\n<meta property=\"og:url\" content=\"https:\/\/dev.tg4.ie\/ga\/eolas\/preas\/nuacht-raitis\/2019-2\/si-an-nollaig-i-16-scannain-ar-tg4-an-nollaig-seo\/\" \/>\n<meta property=\"og:site_name\" content=\"TG4\" \/>\n<meta property=\"article:publisher\" content=\"https:\/\/www.facebook.com\/TG4TV\" \/>\n<meta property=\"article:modified_time\" content=\"2019-12-04T11:30:57+00:00\" \/>\n<meta property=\"og:image\" content=\"https:\/\/tg4-docs.s3.amazonaws.com\/tg4-redesign-2015\/wp-content\/uploads\/2019\/12\/Into_the_West_1_1920x1080.jpg\" \/>\n\t<meta property=\"og:image:width\" content=\"1920\" \/>\n\t<meta property=\"og:image:height\" content=\"1080\" \/>\n\t<meta property=\"og:image:type\" content=\"image\/jpeg\" \/>\n<meta name=\"twitter:card\" content=\"summary_large_image\" \/>\n<meta name=\"twitter:image\" content=\"https:\/\/tg4-docs.s3.amazonaws.com\/tg4-redesign-2015\/wp-content\/uploads\/2019\/12\/Into_the_West_1_1920x1080.jpg\" \/>\n<meta name=\"twitter:site\" content=\"@TG4TV\" \/>\n<meta name=\"twitter:label1\" content=\"Est. reading time\" \/>\n\t<meta name=\"twitter:data1\" content=\"5 minutes\" \/>\n<script type=\"application\/ld+json\" class=\"yoast-schema-graph\">{\"@context\":\"https:\/\/schema.org\",\"@graph\":[{\"@type\":\"WebPage\",\"@id\":\"https:\/\/dev.tg4.ie\/ga\/eolas\/preas\/nuacht-raitis\/2019-2\/si-an-nollaig-i-16-scannain-ar-tg4-an-nollaig-seo\/\",\"url\":\"https:\/\/dev.tg4.ie\/ga\/eolas\/preas\/nuacht-raitis\/2019-2\/si-an-nollaig-i-16-scannain-ar-tg4-an-nollaig-seo\/\",\"name\":\"S\u00ed an Nollaig \u00ed - 16 Scann\u00e1in ar TG4 an Nollaig seo | Preas R\u00e1iteas | TG4\",\"isPartOf\":{\"@id\":\"https:\/\/dev.tg4.ie\/en\/#website\"},\"primaryImageOfPage\":{\"@id\":\"https:\/\/dev.tg4.ie\/ga\/eolas\/preas\/nuacht-raitis\/2019-2\/si-an-nollaig-i-16-scannain-ar-tg4-an-nollaig-seo\/#primaryimage\"},\"image\":{\"@id\":\"https:\/\/dev.tg4.ie\/ga\/eolas\/preas\/nuacht-raitis\/2019-2\/si-an-nollaig-i-16-scannain-ar-tg4-an-nollaig-seo\/#primaryimage\"},\"thumbnailUrl\":\"https:\/\/dev.tg4.ie\/wp-content\/uploads\/2019\/12\/Into_the_West_1_1920x1080.jpg\",\"datePublished\":\"2019-12-04T11:09:26+00:00\",\"dateModified\":\"2019-12-04T11:30:57+00:00\",\"breadcrumb\":{\"@id\":\"https:\/\/dev.tg4.ie\/ga\/eolas\/preas\/nuacht-raitis\/2019-2\/si-an-nollaig-i-16-scannain-ar-tg4-an-nollaig-seo\/#breadcrumb\"},\"inLanguage\":\"ga\",\"potentialAction\":[{\"@type\":\"ReadAction\",\"target\":[\"https:\/\/dev.tg4.ie\/ga\/eolas\/preas\/nuacht-raitis\/2019-2\/si-an-nollaig-i-16-scannain-ar-tg4-an-nollaig-seo\/\"]}]},{\"@type\":\"ImageObject\",\"inLanguage\":\"ga\",\"@id\":\"https:\/\/dev.tg4.ie\/ga\/eolas\/preas\/nuacht-raitis\/2019-2\/si-an-nollaig-i-16-scannain-ar-tg4-an-nollaig-seo\/#primaryimage\",\"url\":\"https:\/\/dev.tg4.ie\/wp-content\/uploads\/2019\/12\/Into_the_West_1_1920x1080.jpg\",\"contentUrl\":\"https:\/\/dev.tg4.ie\/wp-content\/uploads\/2019\/12\/Into_the_West_1_1920x1080.jpg\"},{\"@type\":\"BreadcrumbList\",\"@id\":\"https:\/\/dev.tg4.ie\/ga\/eolas\/preas\/nuacht-raitis\/2019-2\/si-an-nollaig-i-16-scannain-ar-tg4-an-nollaig-seo\/#breadcrumb\",\"itemListElement\":[{\"@type\":\"ListItem\",\"position\":1,\"name\":\"Home\",\"item\":\"https:\/\/dev.tg4.ie\/ga\/\"},{\"@type\":\"ListItem\",\"position\":2,\"name\":\"Eolas\",\"item\":\"https:\/\/dev.tg4.ie\/ga\/eolas\/\"},{\"@type\":\"ListItem\",\"position\":3,\"name\":\"Preas\",\"item\":\"https:\/\/dev.tg4.ie\/ga\/eolas\/preas\/\"},{\"@type\":\"ListItem\",\"position\":4,\"name\":\"Nuacht R\u00e1itis\",\"item\":\"https:\/\/dev.tg4.ie\/ga\/eolas\/preas\/nuacht-raitis\/\"},{\"@type\":\"ListItem\",\"position\":5,\"name\":\"2019\",\"item\":\"https:\/\/dev.tg4.ie\/ga\/eolas\/preas\/nuacht-raitis\/2019-2\/\"},{\"@type\":\"ListItem\",\"position\":6,\"name\":\"S\u00ed an Nollaig \u00ed &#8211; 16 Scann\u00e1in ar TG4 an Nollaig seo\"}]},{\"@type\":\"WebSite\",\"@id\":\"https:\/\/dev.tg4.ie\/en\/#website\",\"url\":\"https:\/\/dev.tg4.ie\/en\/\",\"name\":\"TG4\",\"description\":\"S\u00fail Eile\",\"potentialAction\":[{\"@type\":\"SearchAction\",\"target\":{\"@type\":\"EntryPoint\",\"urlTemplate\":\"https:\/\/dev.tg4.ie\/en\/?s={search_term_string}\"},\"query-input\":\"required name=search_term_string\"}],\"inLanguage\":\"ga\"}]}<\/script>\n<!-- \/ Yoast SEO plugin. -->","yoast_head_json":{"title":"S\u00ed an Nollaig \u00ed - 16 Scann\u00e1in ar TG4 an Nollaig seo | Preas R\u00e1iteas | TG4","robots":{"index":"index","follow":"follow","max-snippet":"max-snippet:-1","max-image-preview":"max-image-preview:large","max-video-preview":"max-video-preview:-1"},"og_locale":"en_US","og_type":"article","og_title":"S\u00ed an Nollaig \u00ed - 16 Scann\u00e1in ar TG4 an Nollaig seo | Preas R\u00e1iteas | TG4","og_description":"&nbsp; An cuimhin leat iad seo?\u00a0 Around the World in 80 Days \u2013 23\u00fa Nollaig 1pm (1956, Scann\u00e1n Eachtra\u00edochta, Grinn) David Niven, Cantiflas agus Shirley MacLaine na pr\u00edomhaisteoir\u00ed sa scann\u00e1n seo faoi sti\u00fair Michael Anderson. Nuair a chuir Phileas Fogg geall go mbeadh s\u00e9 in ann dul timpeall an domhain uile in 80 l\u00e1 sa [&hellip;]","og_url":"https:\/\/dev.tg4.ie\/ga\/eolas\/preas\/nuacht-raitis\/2019-2\/si-an-nollaig-i-16-scannain-ar-tg4-an-nollaig-seo\/","og_site_name":"TG4","article_publisher":"https:\/\/www.facebook.com\/TG4TV","article_modified_time":"2019-12-04T11:30:57+00:00","og_image":[{"width":1920,"height":1080,"url":"https:\/\/tg4-docs.s3.amazonaws.com\/tg4-redesign-2015\/wp-content\/uploads\/2019\/12\/Into_the_West_1_1920x1080.jpg","type":"image\/jpeg"}],"twitter_card":"summary_large_image","twitter_image":"https:\/\/tg4-docs.s3.amazonaws.com\/tg4-redesign-2015\/wp-content\/uploads\/2019\/12\/Into_the_West_1_1920x1080.jpg","twitter_site":"@TG4TV","twitter_misc":{"Est. reading time":"5 minutes"},"schema":{"@context":"https:\/\/schema.org","@graph":[{"@type":"WebPage","@id":"https:\/\/dev.tg4.ie\/ga\/eolas\/preas\/nuacht-raitis\/2019-2\/si-an-nollaig-i-16-scannain-ar-tg4-an-nollaig-seo\/","url":"https:\/\/dev.tg4.ie\/ga\/eolas\/preas\/nuacht-raitis\/2019-2\/si-an-nollaig-i-16-scannain-ar-tg4-an-nollaig-seo\/","name":"S\u00ed an Nollaig \u00ed - 16 Scann\u00e1in ar TG4 an Nollaig seo | Preas R\u00e1iteas | TG4","isPartOf":{"@id":"https:\/\/dev.tg4.ie\/en\/#website"},"primaryImageOfPage":{"@id":"https:\/\/dev.tg4.ie\/ga\/eolas\/preas\/nuacht-raitis\/2019-2\/si-an-nollaig-i-16-scannain-ar-tg4-an-nollaig-seo\/#primaryimage"},"image":{"@id":"https:\/\/dev.tg4.ie\/ga\/eolas\/preas\/nuacht-raitis\/2019-2\/si-an-nollaig-i-16-scannain-ar-tg4-an-nollaig-seo\/#primaryimage"},"thumbnailUrl":"https:\/\/dev.tg4.ie\/wp-content\/uploads\/2019\/12\/Into_the_West_1_1920x1080.jpg","datePublished":"2019-12-04T11:09:26+00:00","dateModified":"2019-12-04T11:30:57+00:00","breadcrumb":{"@id":"https:\/\/dev.tg4.ie\/ga\/eolas\/preas\/nuacht-raitis\/2019-2\/si-an-nollaig-i-16-scannain-ar-tg4-an-nollaig-seo\/#breadcrumb"},"inLanguage":"ga","potentialAction":[{"@type":"ReadAction","target":["https:\/\/dev.tg4.ie\/ga\/eolas\/preas\/nuacht-raitis\/2019-2\/si-an-nollaig-i-16-scannain-ar-tg4-an-nollaig-seo\/"]}]},{"@type":"ImageObject","inLanguage":"ga","@id":"https:\/\/dev.tg4.ie\/ga\/eolas\/preas\/nuacht-raitis\/2019-2\/si-an-nollaig-i-16-scannain-ar-tg4-an-nollaig-seo\/#primaryimage","url":"https:\/\/dev.tg4.ie\/wp-content\/uploads\/2019\/12\/Into_the_West_1_1920x1080.jpg","contentUrl":"https:\/\/dev.tg4.ie\/wp-content\/uploads\/2019\/12\/Into_the_West_1_1920x1080.jpg"},{"@type":"BreadcrumbList","@id":"https:\/\/dev.tg4.ie\/ga\/eolas\/preas\/nuacht-raitis\/2019-2\/si-an-nollaig-i-16-scannain-ar-tg4-an-nollaig-seo\/#breadcrumb","itemListElement":[{"@type":"ListItem","position":1,"name":"Home","item":"https:\/\/dev.tg4.ie\/ga\/"},{"@type":"ListItem","position":2,"name":"Eolas","item":"https:\/\/dev.tg4.ie\/ga\/eolas\/"},{"@type":"ListItem","position":3,"name":"Preas","item":"https:\/\/dev.tg4.ie\/ga\/eolas\/preas\/"},{"@type":"ListItem","position":4,"name":"Nuacht R\u00e1itis","item":"https:\/\/dev.tg4.ie\/ga\/eolas\/preas\/nuacht-raitis\/"},{"@type":"ListItem","position":5,"name":"2019","item":"https:\/\/dev.tg4.ie\/ga\/eolas\/preas\/nuacht-raitis\/2019-2\/"},{"@type":"ListItem","position":6,"name":"S\u00ed an Nollaig \u00ed &#8211; 16 Scann\u00e1in ar TG4 an Nollaig seo"}]},{"@type":"WebSite","@id":"https:\/\/dev.tg4.ie\/en\/#website","url":"https:\/\/dev.tg4.ie\/en\/","name":"TG4","description":"S\u00fail Eile","potentialAction":[{"@type":"SearchAction","target":{"@type":"EntryPoint","urlTemplate":"https:\/\/dev.tg4.ie\/en\/?s={search_term_string}"},"query-input":"required name=search_term_string"}],"inLanguage":"ga"}]}},"_links":{"self":[{"href":"https:\/\/dev.tg4.ie\/ga\/wp-json\/wp\/v2\/pages\/111088"}],"collection":[{"href":"https:\/\/dev.tg4.ie\/ga\/wp-json\/wp\/v2\/pages"}],"about":[{"href":"https:\/\/dev.tg4.ie\/ga\/wp-json\/wp\/v2\/types\/page"}],"author":[{"embeddable":true,"href":"https:\/\/dev.tg4.ie\/ga\/wp-json\/wp\/v2\/users\/876"}],"replies":[{"embeddable":true,"href":"https:\/\/dev.tg4.ie\/ga\/wp-json\/wp\/v2\/comments?post=111088"}],"version-history":[{"count":0,"href":"https:\/\/dev.tg4.ie\/ga\/wp-json\/wp\/v2\/pages\/111088\/revisions"}],"up":[{"embeddable":true,"href":"https:\/\/dev.tg4.ie\/ga\/wp-json\/wp\/v2\/pages\/98830"}],"wp:attachment":[{"href":"https:\/\/dev.tg4.ie\/ga\/wp-json\/wp\/v2\/media?parent=111088"}],"curies":[{"name":"wp","href":"https:\/\/api.w.org\/{rel}","templated":true}]}}