{"id":111239,"date":"2019-12-09T15:46:43","date_gmt":"2019-12-09T15:46:43","guid":{"rendered":"https:\/\/dev.tg4.ie\/?page_id=111239"},"modified":"2019-12-09T16:07:43","modified_gmt":"2019-12-09T16:07:43","slug":"faisneis-agus-ceol-nua-an-nollaig-seo-ar-tg4","status":"publish","type":"page","link":"https:\/\/dev.tg4.ie\/ga\/eolas\/preas\/nuacht-raitis\/2019-2\/faisneis-agus-ceol-nua-an-nollaig-seo-ar-tg4\/","title":{"rendered":"Faisn\u00e9is agus Ceol Nua an Nollaig seo ar TG4"},"content":{"rendered":"<p><img loading=\"lazy\" decoding=\"async\" width=\"1920\" height=\"1080\" class=\"alignleft size-full wp-image-111241\" src=\"https:\/\/tg4-docs.s3.amazonaws.com\/tg4-redesign-2015\/wp-content\/uploads\/2019\/12\/Fear_Darb_Ainm_Harris_1_Cle_1920x1080.jpg\" alt=\"\" srcset=\"https:\/\/tg4-docs.s3.amazonaws.com\/tg4-redesign-2015\/wp-content\/uploads\/2019\/12\/Fear_Darb_Ainm_Harris_1_Cle_1920x1080.jpg 1920w, https:\/\/tg4-docs.s3.amazonaws.com\/tg4-redesign-2015\/wp-content\/uploads\/2019\/12\/Fear_Darb_Ainm_Harris_1_Cle_1920x1080-250x141.jpg 250w, https:\/\/tg4-docs.s3.amazonaws.com\/tg4-redesign-2015\/wp-content\/uploads\/2019\/12\/Fear_Darb_Ainm_Harris_1_Cle_1920x1080-700x394.jpg 700w, https:\/\/tg4-docs.s3.amazonaws.com\/tg4-redesign-2015\/wp-content\/uploads\/2019\/12\/Fear_Darb_Ainm_Harris_1_Cle_1920x1080-252x141.jpg 252w, https:\/\/tg4-docs.s3.amazonaws.com\/tg4-redesign-2015\/wp-content\/uploads\/2019\/12\/Fear_Darb_Ainm_Harris_1_Cle_1920x1080-1536x864.jpg 1536w, https:\/\/tg4-docs.s3.amazonaws.com\/tg4-redesign-2015\/wp-content\/uploads\/2019\/12\/Fear_Darb_Ainm_Harris_1_Cle_1920x1080-120x68.jpg 120w\" sizes=\"(max-width: 1920px) 100vw, 1920px\" \/><\/p>\n<p>&nbsp;<\/p>\n<p>&nbsp;<\/p>\n<p><span><strong>Opry le Daniel &#8211; Margo 55 Bliain, O\u00edche Nollag 9:30pm<\/strong><\/span><br \/>\n<iframe loading=\"lazy\" width=\"560\" height=\"315\" src=\"https:\/\/www.youtube.com\/embed\/IT7XhGs_UPM\" frameborder=\"0\" allow=\"accelerometer; autoplay; encrypted-media; gyroscope; picture-in-picture\" allowfullscreen><\/iframe><br \/>\n<span>Cl\u00e1r speisialta ar O\u00edche Nollag in gcaithfear s\u00fail ar shaol agus ar shaothar Margo O&#8217;Donnell, deirfi\u00far Daniel, at\u00e1 ag ceol le 55 bliain \u00f3 bh\u00ed s\u00ed cheithre bliana d\u00e9ag.<\/span><\/p>\n<p>&nbsp;<\/p>\n<p><strong><span>Phil Coulter &#8211; Mo Shaol, L\u00e1 Nollag 9:30pm<\/span><\/strong><br \/>\n<iframe loading=\"lazy\" width=\"560\" height=\"315\" src=\"https:\/\/www.youtube.com\/embed\/ctANK6Xr0H4\" frameborder=\"0\" allow=\"accelerometer; autoplay; encrypted-media; gyroscope; picture-in-picture\" allowfullscreen><\/iframe><br \/>\n<span>Faisn\u00e9is nua, ar shaol agus saothar Phil Coulter. T\u00e1 c\u00e1il ar Phil Coulter mar amhr\u00e1na\u00ed, mar l\u00e9iritheoir agus mar chumad\u00f3ir. I measc na n-amhr\u00e1in at\u00e1 cumtha aige t\u00e1 &#8216;My Boy&#8217; (Elvis Presley), &#8216;Surround Yourself With Sorrow&#8217; a chan Cilla Black agus &#8216;Shang-A-Lang&#8217; a bh\u00ed ag na Bay City Rollers. T\u00e1 c\u00e1il faoi leith ar Coulter de bharr na n-amhr\u00e1n Eoraif\u00edse a chum s\u00e9 agus i measc na n-amhr\u00e1n is m\u00f3 aithne d\u00e1 chuid t\u00e1 &#8216;Scorn Not His Simplicity&#8217; agus &#8216;The Town I Loved So Well&#8217; a chan Luke Kelly. 50 bliain i saol an cheoil \u00e1 insint aige f\u00e9in &#8211; Phil Coulter: Mo Shaol.<br \/>\n<\/span><\/p>\n<p>&nbsp;<\/p>\n<p><strong><span>Ar Th\u00f3ir na Crown Jewels &#8211; 28\u00fa Nollaig 7:15pm<\/span><\/strong><br \/>\n<iframe loading=\"lazy\" width=\"560\" height=\"315\" src=\"https:\/\/www.youtube.com\/embed\/LsQW--mO5-4\" frameborder=\"0\" allow=\"accelerometer; autoplay; encrypted-media; gyroscope; picture-in-picture\" allowfullscreen><\/iframe><br \/>\n<span>In 1907, i gCaisle\u00e1n Bhaile \u00c1tha Cliath, thug glant\u00f3ir Mary O&#8217;Farrell faoi deara gur goideadh na Seoda Cor\u00f3nacha, gan t\u00e1sc n\u00e1\u00a0tuairisc orthu \u00f3 shin. Breis is 100 bliain n\u00edos deireana\u00ed, t\u00e1 Ois\u00edn Mist\u00e9il, gaol l\u00e9i, ag fiosr\u00fa ceann de na mist\u00e9ir is m\u00f3 i stair na h\u00c9ireann n\u00e1r r\u00e9it\u00edodh riamh, chomh maith leis an gceangal at\u00e1 ag a chlann f\u00e9in leis na siombail r\u00edoga de riail na Breataine in \u00c9irinn.<\/span><\/p>\n<p>&nbsp;<\/p>\n<p><strong><span>F\u00e1ilte 2020, O\u00edche Chinn Bliana 11:20pm\u00a0<\/span><\/strong><br \/>\n<span>Cuirfidh Hector \u00d3 hEochag\u00e1in agus Eibhl\u00edn N\u00ed Chonghaile t\u00fas spleodrach leis an mbliain nua beo \u00f3 Tigh Pheacocke i gcro\u00edl\u00e1r Chonamara. Beidh Sharon Shannon agus a banna, Frankie Gavin agus Carl Hession, Steve Cooney agus Nan Tom Teaim\u00edn, Johnny \u00d3g Connolly agus MC Muip\u00e9id i mbun an cheoil, chomh maith le scoth na n-amhr\u00e1naithe agus na ndamhs\u00f3ir\u00ed agus go leor eile beo \u00f3 chro\u00edl\u00e1r na Gaeltachta agus muid ag cur t\u00fas le Gaillimh 2020, Pr\u00edomhchathair Chult\u00fair na hEorpa ar TG4.<\/span><\/p>\n<p>&nbsp;<\/p>\n<p><strong><span>Fear Darb Ainm Harris, L\u00e1 Caille 9:30pm<\/span><\/strong><br \/>\n<iframe loading=\"lazy\" width=\"560\" height=\"315\" src=\"https:\/\/www.youtube.com\/embed\/3lJBjtGog7g\" frameborder=\"0\" allow=\"accelerometer; autoplay; encrypted-media; gyroscope; picture-in-picture\" allowfullscreen><\/iframe><br \/>\n<span>Cl\u00e1r faisn\u00e9ise nua faoin aisteoir m\u00f3r le r\u00e1 Richard Harris as Luimneach. M\u00e1 bh\u00ed c\u00e1il ar Harris de bharr a chuid aisteoireachta i scann\u00e1in mh\u00f3ra Hollywood bh\u00ed c\u00e1il freisin air de bharr a chuid \u00f3il agus ragairne. Fear \u00e9 a bh\u00ed an-bhr\u00f3d\u00fail as a th\u00edr dh\u00fachais agus ba mhinic a labhair s\u00e9 faoi \u00c9irinn agus Luimneach. D\u00e9anfar cur s\u00edos sa chl\u00e1r faisn\u00e9ise seo ar shaol Harris &#8211; sna scann\u00e1in agus ar st\u00e1itse agus ar a shaol pearsanta. I measc na bpearsana m\u00f3r le r\u00e1 a bheidh p\u00e1irteach sa chl\u00e1r beidh Clint Eastwood, Daniel Radcliffe, Ridley Scott, Jim Sheridan agus Stephen Rea.<\/span><\/p>\n<p>&nbsp;<\/p>\n<p><strong>Oireachtas 2019, 2\u00fa Ean\u00e1ir 7:30pm<\/strong><br \/>\nCl\u00e1r ina nd\u00e9antar ceili\u00faradh ar Oireachtas na Samhna, pr\u00edomhfh\u00e9ile na nGael. C\u00e9 go bhfuil an tOireachtas \u00e1 re\u00e1cht\u00e1il le os cionn c\u00e9ad bliain, n\u00edl aidhm na f\u00e9ile athraithe \u00f3n mbliain 1897 &#8211; is \u00e9 sin ard\u00e1n a thabhairt do chult\u00far na nGael. Sa tsraith seo tugtar t\u00fas \u00e1ite d&#8217;iomaitheoir\u00ed an Oireachtais agus iad ag ullmh\u00fa le tabhairt faoin st\u00e1itse. N\u00ed bh\u00edonn acu ach c\u00fapla n\u00f3im\u00e9ad ar an ard\u00e1n agus n\u00ed fheiceann an lucht f\u00e9achana ach an taispe\u00e1ntas poibl\u00ed seo. Buailfimid leis na hiomaitheoir\u00ed ag ullmh\u00fa agus ag coiri\u00fa, iad p\u00e1irteach i gceili\u00faradh m\u00f3r Gaelach na bliana, Oireachtas na Samhna 2019.<\/span><\/p>\n<p>&nbsp;<br \/>\n&nbsp;<\/p>\n<h2>Deis eile f\u00e9achaint orthu seo:\u00a0<\/h2>\n<p>&nbsp;<\/p>\n<p><img loading=\"lazy\" decoding=\"async\" width=\"1920\" height=\"1080\" class=\"alignleft size-full wp-image-111242\" src=\"https:\/\/tg4-docs.s3.amazonaws.com\/tg4-redesign-2015\/wp-content\/uploads\/2019\/12\/Seo_Man_Niall_Toibin_1_1920x1080.jpg\" alt=\"\" srcset=\"https:\/\/tg4-docs.s3.amazonaws.com\/tg4-redesign-2015\/wp-content\/uploads\/2019\/12\/Seo_Man_Niall_Toibin_1_1920x1080.jpg 1920w, https:\/\/tg4-docs.s3.amazonaws.com\/tg4-redesign-2015\/wp-content\/uploads\/2019\/12\/Seo_Man_Niall_Toibin_1_1920x1080-250x141.jpg 250w, https:\/\/tg4-docs.s3.amazonaws.com\/tg4-redesign-2015\/wp-content\/uploads\/2019\/12\/Seo_Man_Niall_Toibin_1_1920x1080-700x394.jpg 700w, https:\/\/tg4-docs.s3.amazonaws.com\/tg4-redesign-2015\/wp-content\/uploads\/2019\/12\/Seo_Man_Niall_Toibin_1_1920x1080-252x141.jpg 252w, https:\/\/tg4-docs.s3.amazonaws.com\/tg4-redesign-2015\/wp-content\/uploads\/2019\/12\/Seo_Man_Niall_Toibin_1_1920x1080-1536x864.jpg 1536w, https:\/\/tg4-docs.s3.amazonaws.com\/tg4-redesign-2015\/wp-content\/uploads\/2019\/12\/Seo_Man_Niall_Toibin_1_1920x1080-120x68.jpg 120w\" sizes=\"(max-width: 1920px) 100vw, 1920px\" \/><\/p>\n<p>&nbsp;<br \/>\n&nbsp;<\/p>\n<p><strong><span>Iomramh an Chamino, L\u00e1 Nollag 3:10pm<\/span><\/strong><br \/>\n<span>Tabharfaidh na ceolt\u00f3ir\u00ed Glen Hansard, Breand\u00e1n \u00d3 Beaglaoich, an t-eala\u00edont\u00f3ir Liam Holden chomh maith leis an saor cloiche Breand\u00e1n \u00d3 Muircheartaigh agus an file Domhnaill Mac S\u00edthigh (1951 -2017) aghaidh ar thuras an Camino &#8211; turas farraige 2,500KM as \u00c9irinn go Tuaisceart na Sp\u00e1inne.<\/span><\/p>\n<p>&nbsp;<\/p>\n<p><strong><span>A Jar with Brendan Behan, 27\u00fa Nollaig 8:30pm<\/span><\/strong><br \/>\n<span>Se\u00f3 aonair \u00f3 na 70\u00ed ina bhfuil Niall T\u00f3ib\u00edn i bp\u00e1irt Brendan Behan. Ba \u00ed Birgitta Pierre a bh\u00ed i mbun sti\u00fartha agus Godfrey Graham a l\u00e9irigh an cl\u00e1r. Bh\u00e1saigh Niall le gairid. Ar dheis D\u00e9 go raibh a anam.<\/span><\/p>\n<p>&nbsp;<\/p>\n<p><strong><span>Se\u00f3 Man &#8211; Niall T\u00f3ib\u00edn, 30\u00fa Nollaig 7:30pm<\/span><\/strong><\/b><br \/>\n<span>Aisteoir, sc\u00e9ala\u00ed, aorth\u00f3ir agus fear a raibh bua na cainte aige ab ea Niall T\u00f3ib\u00edn. Cl\u00e1r ar leith \u00e9 seo \u00f3 New Decade ina dtabharfar l\u00e9argas de chine\u00e1l eile d\u00fainn ar shaol agus ar shaothar T\u00f3ib\u00edn. I measc na rannph\u00e1irtithe beidh Eoghan Harris, Gabriel Byrne, David Kelly, Noel Pearson agus Brian Mac Lochlainn. Bh\u00e1saigh Niall le gairid. Ar dheis D\u00e9 go raibh a anam.<\/span><\/p>\n<p>&nbsp;<\/p>\n<p><strong><span>De Valera i Meirice\u00e1 &#8211; L\u00e1 le Stiof\u00e1in &amp; 27\u00fa Nollaig, 7:30pm<\/span><\/strong><br \/>\n<span>Sraith faisn\u00e9ise dh\u00e1 chl\u00e1r ina nd\u00e9antar cur s\u00edos den ch\u00e9ad uair ar an turas achrannach a thug \u00c9amon de Valera ar Mheirice\u00e1 i 1919. Tharraing an turas c\u00e9anna achrann agus deighilt i measc Gael-Mheirice\u00e1nach c\u00fapla m\u00ed sular tharla scoilt sa mbaile in \u00c9irinn faoin gConradh Angla-\u00c9ireannach. D\u00e9anfar cur s\u00edos ar mar a d&#8217;\u00e9alaigh \u00c9amon de Valera ar bh\u00e1d go Meirice\u00e1 i 1919 agus gur fh\u00f3gair s\u00e9 i bhforhalla an \u00f3st\u00e1in ba rachmasa\u00ed ar domhan gurb \u00e9 &#8220;An Ch\u00e9ad Uachtar\u00e1n ar \u00c9irinn&#8221; \u00e9.<\/span><\/p>\n<p>&nbsp;<\/p>\n<p><strong><span>Toraigh: Creag Bheag i L\u00e1r na Farraige, L\u00e1 le Stiof\u00e1in 9:30pm<\/span><\/strong><br \/>\n<span>Is \u00e1it ann f\u00e9in \u00e9 Toraigh, ceann de na hoile\u00e1in is iarg\u00falta in \u00c9irinn agus a bhfuil c\u00f3na\u00ed ar phobal Gaeltachta de ch\u00fapla c\u00e9ad duine ann. Motha\u00edonn lucht an oile\u00e1in go bhfuil siad scoite agus stoite agus i bhfad ar an imeall \u00f3 na daoine a dh\u00e9anann na cinnt\u00ed i mBaile \u00c1tha Cliath. C\u00e9n chaoi ar f\u00e9idir leis an bpobal seo, at\u00e1 ar imeall na h\u00c9ireann agus na hEorpa, an saol at\u00e1 acu a chaomhn\u00fa?<\/span><\/p>\n<p>&nbsp;<\/p>\n<p><strong><span>Gradam Ceoil 2019, O\u00edche Chinn Bliana 9:05pm<\/span><\/strong><br \/>\n<span>Gradam Ceoil TG4 2019 as Halla an Waterfront i mB\u00e9al Feirste. Tiocfaidh pl\u00far na gceolt\u00f3ir\u00ed \u00f3 gach cearn den domhan le ch\u00e9ile don \u00f3c\u00e1id speisialta seo. Ina measc Tr\u00edona N\u00ed Dhomhnaill, Catherine McEvoy, Conor Connolly, Brendan Mulkere, Nicky agus Anne McAuliffe, Four Men and a Dog, Thomas McCarthy agus go leor eile. \u00c1 chur i l\u00e1thair ag D\u00f3nal O&#8217;Connor agus Doireann N\u00ed Ghlac\u00e1in.<\/span><\/p>\n<p>&nbsp;<\/p>\n<p><strong><span>Song of Granite, 2\u00fa Ean\u00e1ir 9:30pm<\/span><\/strong><br \/>\n<span>Scann\u00e1n, a thuill moladh na l\u00e9irmheast\u00f3ir\u00ed, faoi sti\u00fair Pat Collins a thabharfaidh l\u00e9argas ar shaol Joe \u00c9inni\u00fa as Carna, Co. na Gaillimhe, duine na hamhr\u00e1naithe ab fhearr riamh i dtraidisi\u00fan na hamhr\u00e1na\u00edochta ar an sean-n\u00f3s in \u00c9irinn. Is m\u00f3r an tionchar a bh\u00ed ag na hamhr\u00e1in, na miotais agus na finsc\u00e9alta air, agus \u00e9 ag \u00e9ir\u00ed an\u00edos in iarthar na h\u00c9ireann i dt\u00fas an 20\u00fa c\u00e9ad. Tabharfar cuntas ar Joe \u00c9inni\u00fa agus an turas a rinne s\u00e9 as Conamara go Glasch\u00fa ar dt\u00fas agus ansin go Nua-Eabhrac agus an tionchar a bh\u00ed aige ar a shaol pearsanta.<\/span><\/p>\n<p>&nbsp;<\/p>\n","protected":false},"excerpt":{"rendered":"<p>&nbsp; &nbsp; Opry le Daniel &#8211; Margo 55 Bliain, O\u00edche Nollag 9:30pm Cl\u00e1r speisialta ar O\u00edche Nollag in gcaithfear s\u00fail ar shaol agus ar shaothar Margo O&#8217;Donnell, deirfi\u00far Daniel, at\u00e1 ag ceol le 55 bliain \u00f3 bh\u00ed s\u00ed cheithre bliana d\u00e9ag. &nbsp; Phil Coulter &#8211; Mo Shaol, L\u00e1 Nollag 9:30pm Faisn\u00e9is nua, ar shaol agus [&hellip;]<\/p>\n","protected":false},"author":876,"featured_media":0,"parent":98830,"menu_order":47,"comment_status":"closed","ping_status":"closed","template":"page-templates\/template-pr.php","meta":{"_acf_changed":false,"footnotes":""},"acf":[],"yoast_head":"<!-- This site is optimized with the Yoast SEO plugin v22.6 - https:\/\/yoast.com\/wordpress\/plugins\/seo\/ -->\n<title>Faisn\u00e9is agus Ceol Nua an Nollaig seo ar TG4 | Preas R\u00e1iteas | TG4<\/title>\n<meta name=\"robots\" content=\"index, follow, max-snippet:-1, max-image-preview:large, max-video-preview:-1\" \/>\n<meta property=\"og:locale\" content=\"en_US\" \/>\n<meta property=\"og:type\" content=\"article\" \/>\n<meta property=\"og:title\" content=\"Faisn\u00e9is agus Ceol Nua an Nollaig seo ar TG4 | Preas R\u00e1iteas | TG4\" \/>\n<meta property=\"og:description\" content=\"&nbsp; &nbsp; Opry le Daniel &#8211; Margo 55 Bliain, O\u00edche Nollag 9:30pm Cl\u00e1r speisialta ar O\u00edche Nollag in gcaithfear s\u00fail ar shaol agus ar shaothar Margo O&#8217;Donnell, deirfi\u00far Daniel, at\u00e1 ag ceol le 55 bliain \u00f3 bh\u00ed s\u00ed cheithre bliana d\u00e9ag. &nbsp; Phil Coulter &#8211; Mo Shaol, L\u00e1 Nollag 9:30pm Faisn\u00e9is nua, ar shaol agus [&hellip;]\" \/>\n<meta property=\"og:url\" content=\"https:\/\/dev.tg4.ie\/ga\/eolas\/preas\/nuacht-raitis\/2019-2\/faisneis-agus-ceol-nua-an-nollaig-seo-ar-tg4\/\" \/>\n<meta property=\"og:site_name\" content=\"TG4\" \/>\n<meta property=\"article:publisher\" content=\"https:\/\/www.facebook.com\/TG4TV\" \/>\n<meta property=\"article:modified_time\" content=\"2019-12-09T16:07:43+00:00\" \/>\n<meta property=\"og:image\" content=\"https:\/\/tg4-docs.s3.amazonaws.com\/tg4-redesign-2015\/wp-content\/uploads\/2019\/12\/Fear_Darb_Ainm_Harris_1_Cle_1920x1080.jpg\" \/>\n\t<meta property=\"og:image:width\" content=\"1920\" \/>\n\t<meta property=\"og:image:height\" content=\"1080\" \/>\n\t<meta property=\"og:image:type\" content=\"image\/jpeg\" \/>\n<meta name=\"twitter:card\" content=\"summary_large_image\" \/>\n<meta name=\"twitter:image\" content=\"https:\/\/tg4-docs.s3.amazonaws.com\/tg4-redesign-2015\/wp-content\/uploads\/2019\/12\/Fear_Darb_Ainm_Harris_1_Cle_1920x1080.jpg\" \/>\n<meta name=\"twitter:site\" content=\"@TG4TV\" \/>\n<meta name=\"twitter:label1\" content=\"Est. reading time\" \/>\n\t<meta name=\"twitter:data1\" content=\"6 minutes\" \/>\n<script type=\"application\/ld+json\" class=\"yoast-schema-graph\">{\"@context\":\"https:\/\/schema.org\",\"@graph\":[{\"@type\":\"WebPage\",\"@id\":\"https:\/\/dev.tg4.ie\/ga\/eolas\/preas\/nuacht-raitis\/2019-2\/faisneis-agus-ceol-nua-an-nollaig-seo-ar-tg4\/\",\"url\":\"https:\/\/dev.tg4.ie\/ga\/eolas\/preas\/nuacht-raitis\/2019-2\/faisneis-agus-ceol-nua-an-nollaig-seo-ar-tg4\/\",\"name\":\"Faisn\u00e9is agus Ceol Nua an Nollaig seo ar TG4 | Preas R\u00e1iteas | TG4\",\"isPartOf\":{\"@id\":\"https:\/\/dev.tg4.ie\/en\/#website\"},\"primaryImageOfPage\":{\"@id\":\"https:\/\/dev.tg4.ie\/ga\/eolas\/preas\/nuacht-raitis\/2019-2\/faisneis-agus-ceol-nua-an-nollaig-seo-ar-tg4\/#primaryimage\"},\"image\":{\"@id\":\"https:\/\/dev.tg4.ie\/ga\/eolas\/preas\/nuacht-raitis\/2019-2\/faisneis-agus-ceol-nua-an-nollaig-seo-ar-tg4\/#primaryimage\"},\"thumbnailUrl\":\"https:\/\/dev.tg4.ie\/wp-content\/uploads\/2019\/12\/Fear_Darb_Ainm_Harris_1_Cle_1920x1080.jpg\",\"datePublished\":\"2019-12-09T15:46:43+00:00\",\"dateModified\":\"2019-12-09T16:07:43+00:00\",\"breadcrumb\":{\"@id\":\"https:\/\/dev.tg4.ie\/ga\/eolas\/preas\/nuacht-raitis\/2019-2\/faisneis-agus-ceol-nua-an-nollaig-seo-ar-tg4\/#breadcrumb\"},\"inLanguage\":\"ga\",\"potentialAction\":[{\"@type\":\"ReadAction\",\"target\":[\"https:\/\/dev.tg4.ie\/ga\/eolas\/preas\/nuacht-raitis\/2019-2\/faisneis-agus-ceol-nua-an-nollaig-seo-ar-tg4\/\"]}]},{\"@type\":\"ImageObject\",\"inLanguage\":\"ga\",\"@id\":\"https:\/\/dev.tg4.ie\/ga\/eolas\/preas\/nuacht-raitis\/2019-2\/faisneis-agus-ceol-nua-an-nollaig-seo-ar-tg4\/#primaryimage\",\"url\":\"https:\/\/dev.tg4.ie\/wp-content\/uploads\/2019\/12\/Fear_Darb_Ainm_Harris_1_Cle_1920x1080.jpg\",\"contentUrl\":\"https:\/\/dev.tg4.ie\/wp-content\/uploads\/2019\/12\/Fear_Darb_Ainm_Harris_1_Cle_1920x1080.jpg\"},{\"@type\":\"BreadcrumbList\",\"@id\":\"https:\/\/dev.tg4.ie\/ga\/eolas\/preas\/nuacht-raitis\/2019-2\/faisneis-agus-ceol-nua-an-nollaig-seo-ar-tg4\/#breadcrumb\",\"itemListElement\":[{\"@type\":\"ListItem\",\"position\":1,\"name\":\"Home\",\"item\":\"https:\/\/dev.tg4.ie\/ga\/\"},{\"@type\":\"ListItem\",\"position\":2,\"name\":\"Eolas\",\"item\":\"https:\/\/dev.tg4.ie\/ga\/eolas\/\"},{\"@type\":\"ListItem\",\"position\":3,\"name\":\"Preas\",\"item\":\"https:\/\/dev.tg4.ie\/ga\/eolas\/preas\/\"},{\"@type\":\"ListItem\",\"position\":4,\"name\":\"Nuacht R\u00e1itis\",\"item\":\"https:\/\/dev.tg4.ie\/ga\/eolas\/preas\/nuacht-raitis\/\"},{\"@type\":\"ListItem\",\"position\":5,\"name\":\"2019\",\"item\":\"https:\/\/dev.tg4.ie\/ga\/eolas\/preas\/nuacht-raitis\/2019-2\/\"},{\"@type\":\"ListItem\",\"position\":6,\"name\":\"Faisn\u00e9is agus Ceol Nua an Nollaig seo ar TG4\"}]},{\"@type\":\"WebSite\",\"@id\":\"https:\/\/dev.tg4.ie\/en\/#website\",\"url\":\"https:\/\/dev.tg4.ie\/en\/\",\"name\":\"TG4\",\"description\":\"S\u00fail Eile\",\"potentialAction\":[{\"@type\":\"SearchAction\",\"target\":{\"@type\":\"EntryPoint\",\"urlTemplate\":\"https:\/\/dev.tg4.ie\/en\/?s={search_term_string}\"},\"query-input\":\"required name=search_term_string\"}],\"inLanguage\":\"ga\"}]}<\/script>\n<!-- \/ Yoast SEO plugin. -->","yoast_head_json":{"title":"Faisn\u00e9is agus Ceol Nua an Nollaig seo ar TG4 | Preas R\u00e1iteas | TG4","robots":{"index":"index","follow":"follow","max-snippet":"max-snippet:-1","max-image-preview":"max-image-preview:large","max-video-preview":"max-video-preview:-1"},"og_locale":"en_US","og_type":"article","og_title":"Faisn\u00e9is agus Ceol Nua an Nollaig seo ar TG4 | Preas R\u00e1iteas | TG4","og_description":"&nbsp; &nbsp; Opry le Daniel &#8211; Margo 55 Bliain, O\u00edche Nollag 9:30pm Cl\u00e1r speisialta ar O\u00edche Nollag in gcaithfear s\u00fail ar shaol agus ar shaothar Margo O&#8217;Donnell, deirfi\u00far Daniel, at\u00e1 ag ceol le 55 bliain \u00f3 bh\u00ed s\u00ed cheithre bliana d\u00e9ag. &nbsp; Phil Coulter &#8211; Mo Shaol, L\u00e1 Nollag 9:30pm Faisn\u00e9is nua, ar shaol agus [&hellip;]","og_url":"https:\/\/dev.tg4.ie\/ga\/eolas\/preas\/nuacht-raitis\/2019-2\/faisneis-agus-ceol-nua-an-nollaig-seo-ar-tg4\/","og_site_name":"TG4","article_publisher":"https:\/\/www.facebook.com\/TG4TV","article_modified_time":"2019-12-09T16:07:43+00:00","og_image":[{"width":1920,"height":1080,"url":"https:\/\/tg4-docs.s3.amazonaws.com\/tg4-redesign-2015\/wp-content\/uploads\/2019\/12\/Fear_Darb_Ainm_Harris_1_Cle_1920x1080.jpg","type":"image\/jpeg"}],"twitter_card":"summary_large_image","twitter_image":"https:\/\/tg4-docs.s3.amazonaws.com\/tg4-redesign-2015\/wp-content\/uploads\/2019\/12\/Fear_Darb_Ainm_Harris_1_Cle_1920x1080.jpg","twitter_site":"@TG4TV","twitter_misc":{"Est. reading time":"6 minutes"},"schema":{"@context":"https:\/\/schema.org","@graph":[{"@type":"WebPage","@id":"https:\/\/dev.tg4.ie\/ga\/eolas\/preas\/nuacht-raitis\/2019-2\/faisneis-agus-ceol-nua-an-nollaig-seo-ar-tg4\/","url":"https:\/\/dev.tg4.ie\/ga\/eolas\/preas\/nuacht-raitis\/2019-2\/faisneis-agus-ceol-nua-an-nollaig-seo-ar-tg4\/","name":"Faisn\u00e9is agus Ceol Nua an Nollaig seo ar TG4 | Preas R\u00e1iteas | TG4","isPartOf":{"@id":"https:\/\/dev.tg4.ie\/en\/#website"},"primaryImageOfPage":{"@id":"https:\/\/dev.tg4.ie\/ga\/eolas\/preas\/nuacht-raitis\/2019-2\/faisneis-agus-ceol-nua-an-nollaig-seo-ar-tg4\/#primaryimage"},"image":{"@id":"https:\/\/dev.tg4.ie\/ga\/eolas\/preas\/nuacht-raitis\/2019-2\/faisneis-agus-ceol-nua-an-nollaig-seo-ar-tg4\/#primaryimage"},"thumbnailUrl":"https:\/\/dev.tg4.ie\/wp-content\/uploads\/2019\/12\/Fear_Darb_Ainm_Harris_1_Cle_1920x1080.jpg","datePublished":"2019-12-09T15:46:43+00:00","dateModified":"2019-12-09T16:07:43+00:00","breadcrumb":{"@id":"https:\/\/dev.tg4.ie\/ga\/eolas\/preas\/nuacht-raitis\/2019-2\/faisneis-agus-ceol-nua-an-nollaig-seo-ar-tg4\/#breadcrumb"},"inLanguage":"ga","potentialAction":[{"@type":"ReadAction","target":["https:\/\/dev.tg4.ie\/ga\/eolas\/preas\/nuacht-raitis\/2019-2\/faisneis-agus-ceol-nua-an-nollaig-seo-ar-tg4\/"]}]},{"@type":"ImageObject","inLanguage":"ga","@id":"https:\/\/dev.tg4.ie\/ga\/eolas\/preas\/nuacht-raitis\/2019-2\/faisneis-agus-ceol-nua-an-nollaig-seo-ar-tg4\/#primaryimage","url":"https:\/\/dev.tg4.ie\/wp-content\/uploads\/2019\/12\/Fear_Darb_Ainm_Harris_1_Cle_1920x1080.jpg","contentUrl":"https:\/\/dev.tg4.ie\/wp-content\/uploads\/2019\/12\/Fear_Darb_Ainm_Harris_1_Cle_1920x1080.jpg"},{"@type":"BreadcrumbList","@id":"https:\/\/dev.tg4.ie\/ga\/eolas\/preas\/nuacht-raitis\/2019-2\/faisneis-agus-ceol-nua-an-nollaig-seo-ar-tg4\/#breadcrumb","itemListElement":[{"@type":"ListItem","position":1,"name":"Home","item":"https:\/\/dev.tg4.ie\/ga\/"},{"@type":"ListItem","position":2,"name":"Eolas","item":"https:\/\/dev.tg4.ie\/ga\/eolas\/"},{"@type":"ListItem","position":3,"name":"Preas","item":"https:\/\/dev.tg4.ie\/ga\/eolas\/preas\/"},{"@type":"ListItem","position":4,"name":"Nuacht R\u00e1itis","item":"https:\/\/dev.tg4.ie\/ga\/eolas\/preas\/nuacht-raitis\/"},{"@type":"ListItem","position":5,"name":"2019","item":"https:\/\/dev.tg4.ie\/ga\/eolas\/preas\/nuacht-raitis\/2019-2\/"},{"@type":"ListItem","position":6,"name":"Faisn\u00e9is agus Ceol Nua an Nollaig seo ar TG4"}]},{"@type":"WebSite","@id":"https:\/\/dev.tg4.ie\/en\/#website","url":"https:\/\/dev.tg4.ie\/en\/","name":"TG4","description":"S\u00fail Eile","potentialAction":[{"@type":"SearchAction","target":{"@type":"EntryPoint","urlTemplate":"https:\/\/dev.tg4.ie\/en\/?s={search_term_string}"},"query-input":"required name=search_term_string"}],"inLanguage":"ga"}]}},"_links":{"self":[{"href":"https:\/\/dev.tg4.ie\/ga\/wp-json\/wp\/v2\/pages\/111239"}],"collection":[{"href":"https:\/\/dev.tg4.ie\/ga\/wp-json\/wp\/v2\/pages"}],"about":[{"href":"https:\/\/dev.tg4.ie\/ga\/wp-json\/wp\/v2\/types\/page"}],"author":[{"embeddable":true,"href":"https:\/\/dev.tg4.ie\/ga\/wp-json\/wp\/v2\/users\/876"}],"replies":[{"embeddable":true,"href":"https:\/\/dev.tg4.ie\/ga\/wp-json\/wp\/v2\/comments?post=111239"}],"version-history":[{"count":0,"href":"https:\/\/dev.tg4.ie\/ga\/wp-json\/wp\/v2\/pages\/111239\/revisions"}],"up":[{"embeddable":true,"href":"https:\/\/dev.tg4.ie\/ga\/wp-json\/wp\/v2\/pages\/98830"}],"wp:attachment":[{"href":"https:\/\/dev.tg4.ie\/ga\/wp-json\/wp\/v2\/media?parent=111239"}],"curies":[{"name":"wp","href":"https:\/\/api.w.org\/{rel}","templated":true}]}}