{"id":111358,"date":"2019-12-16T11:21:04","date_gmt":"2019-12-16T11:21:04","guid":{"rendered":"https:\/\/dev.tg4.ie\/?page_id=111358"},"modified":"2020-01-06T12:59:01","modified_gmt":"2020-01-06T12:59:01","slug":"se-mo-laoch-ar-ais-don-10u-seasur","status":"publish","type":"page","link":"https:\/\/dev.tg4.ie\/ga\/eolas\/preas\/nuacht-raitis\/2019-2\/se-mo-laoch-ar-ais-don-10u-seasur\/","title":{"rendered":"&#8216;S\u00e9 Mo Laoch ar ais don 10\u00fa s\u00e9as\u00far"},"content":{"rendered":"<p><img loading=\"lazy\" decoding=\"async\" width=\"1920\" height=\"1080\" class=\"alignleft size-full wp-image-111359\" src=\"https:\/\/tg4-docs.s3.amazonaws.com\/tg4-redesign-2015\/wp-content\/uploads\/2019\/12\/Se_Mo_Laoch_Cooney_2_1920x1080.jpg\" alt=\"\" srcset=\"https:\/\/tg4-docs.s3.amazonaws.com\/tg4-redesign-2015\/wp-content\/uploads\/2019\/12\/Se_Mo_Laoch_Cooney_2_1920x1080.jpg 1920w, https:\/\/tg4-docs.s3.amazonaws.com\/tg4-redesign-2015\/wp-content\/uploads\/2019\/12\/Se_Mo_Laoch_Cooney_2_1920x1080-250x141.jpg 250w, https:\/\/tg4-docs.s3.amazonaws.com\/tg4-redesign-2015\/wp-content\/uploads\/2019\/12\/Se_Mo_Laoch_Cooney_2_1920x1080-700x394.jpg 700w, https:\/\/tg4-docs.s3.amazonaws.com\/tg4-redesign-2015\/wp-content\/uploads\/2019\/12\/Se_Mo_Laoch_Cooney_2_1920x1080-252x141.jpg 252w, https:\/\/tg4-docs.s3.amazonaws.com\/tg4-redesign-2015\/wp-content\/uploads\/2019\/12\/Se_Mo_Laoch_Cooney_2_1920x1080-1536x864.jpg 1536w, https:\/\/tg4-docs.s3.amazonaws.com\/tg4-redesign-2015\/wp-content\/uploads\/2019\/12\/Se_Mo_Laoch_Cooney_2_1920x1080-120x68.jpg 120w\" sizes=\"(max-width: 1920px) 100vw, 1920px\" \/><\/p>\n<p>&nbsp;<\/p>\n<p><b><span>Gach Domhnach \u00f3n 12\u00fa Ean\u00e1ir ag 9:30pm ar TG4.<\/span><\/b><span><\/span><\/p>\n<p><span>Sc\u00e9alta agus ceol mh\u00f3rlaochra an cheoil agus na hamhr\u00e1na\u00edochta traidisi\u00fanta in \u00c9irinn at\u00e1 i &#8216;S\u00e9 mo Laoch TG4.\u00a0 D\u00e9anfar cumas ceoil agus cruthaitheachta roinnt de na ceolt\u00f3ir\u00ed agus na hamhr\u00e1naithe is fearr aithne sa t\u00edr a cheili\u00faradh i ngach aon cheann de na cl\u00e1ir faisn\u00e9ise aon uair an chloig seo. L\u00e9ireofar an \u00e9ags\u00falacht mh\u00f3r at\u00e1 idir na st\u00edleanna ceoil agus idir na ceolt\u00f3ir\u00ed traidisi\u00fanta in \u00c9irinn sa tsraith seo. I measc na n-a\u00edonna, beidh an giot\u00e1ra\u00ed\u00a0<strong>Steve Cooney<\/strong>, a rugadh san Astr\u00e1il,\u00a0<strong>Paddy Glackin,<\/strong>\u00a0an fidl\u00e9ir agus craolt\u00f3ir as Baile \u00c1tha Cliath, an t-amhr\u00e1na\u00ed Oiriall &amp; an cumad\u00f3ir\u00a0<strong>P\u00e1draig\u00edn N\u00ed Uallach\u00e1in<\/strong>, fear na fead\u00f3ige m\u00f3ire as Ros Com\u00e1in\u00a0<strong>Patsy Hanly<\/strong>, agus an boscad\u00f3ir den scoth as Gaillimh,\u00a0<strong>M\u00e1irt\u00edn O&#8217;Connor<\/strong>.\u00a0\u00a0 N\u00ed mar a ch\u00e9ile at\u00e1 aon cheann de na cl\u00e1ir agus ins\u00edonn na ceolt\u00f3ir\u00ed ceannr\u00f3da\u00edocha seo a sc\u00e9al f\u00e9in ar bhealach pearsanta.<\/span><span><\/span><\/p>\n<p><span>Is \u00e9 Steve Cooney, giot\u00e1ra\u00ed \u00f3n Astr\u00e1il, a chuirfidh t\u00fas leis an tsraith ar an 12\u00fa Ean\u00e1ir ag 21:30. Rugadh agus t\u00f3gadh Steve Cooney i Melbourne na hAstr\u00e1ile agus \u00f3 bhog s\u00e9 go h\u00c9irinn in 1981 t\u00e1 tionchar faoi leith f\u00e1gtha aige ar dhomhan an cheoil thraidisi\u00fanta in \u00c9irinn.\u00a0\u00a0 L\u00e9iri\u00fa air sin iad na gr\u00fapa\u00ed a raibh Conney ag ceol leo agus na halbaim aitheanta a raibh s\u00e9 ag ceol orthu, an ch\u00e9ad cheir\u00edn \u00f3 Sharon Shannon agus &#8216;Meitheal&#8217; ceannr\u00f3da\u00edoch le S\u00e9amus Begley agus go leor eile ina measc. Go deimhin n\u00edl giot\u00e1ra\u00ed \u00f3g sa t\u00edr nach ndearna iarracht aithris a dh\u00e9anamh ar a st\u00edl. Is iad Iarla \u00d3 Lionaird, Laoise Kelly, Caoilte Cooney, Dermot Byrne, Odhr\u00e1n \u00d3 Casaide agus Colum agus Tommy Sands a bheidh ar an gcl\u00e1r leis.<\/span><\/p>\n<p><span>Amhr\u00e1in agus amhr\u00e1na\u00edocht an amhr\u00e1na\u00ed thraidisi\u00fanta Oirialla P\u00e1draig\u00edn N\u00ed Uallach\u00e1in a bheidh faoi chaibidil sa dara cl\u00e1r den tsraith 5 cl\u00e1r seo.\u00a0\u00a0 Is as Contae Ard Mhacha agus Contae L\u00fa a muintir agus t\u00f3gadh i dteaghlach ochtar gas\u00far \u00ed ina labhra\u00edt\u00ed Gaeilge.\u00a0 Ceolt\u00f3ir traidisi\u00fanta ilghn\u00e9itheach is ea \u00ed: amhr\u00e1na\u00ed gairmi\u00fail \u00f3 1999, taighdeoir, cumad\u00f3ir amhr\u00e1n, \u00fadar agus cumad\u00f3ir ceoil. Inseoidh s\u00ed a sc\u00e9al f\u00e9in ar a bealach f\u00e9in. Le Steve Cooney, D\u00f3nal O&#8217;Connor, Odhr\u00e1n \u00d3 Casaide, R\u00edoghnach Connolly, Zoe Conway, John McIntyre, Feilim\u00ed agus Siubh\u00e1n O&#8217;Connor, Darren MacAoidh agus Sylvia Crawford.<\/span><\/p>\n<p><span>Is \u00e9 fear na fead\u00f3ige m\u00f3ire a bhfuil an-mheas air Patsy Hanly as Co. Ros Com\u00e1in a bheidh faoi chaibidil sa gc\u00e9ad chl\u00e1r eile. T\u00e1 c\u00e1il i bhfad is i ngearr ar Patsy Hanly mar cheolt\u00f3ir cumasach ar an bhfead\u00f3g mh\u00f3r at\u00e1 s\u00e1ite i st\u00edl l\u00e1idir thuaisceart Chonnachta agus t\u00e1 an-tionchar aige ar ghl\u00fain de sheinnteoir\u00ed na fead\u00f3ige m\u00f3ra. Tabharfar l\u00e9iri\u00fa d\u00fainn ar a shaol agus ar a cheol le ha\u00edonna ar n\u00f3s John Carty, Catherine McEvoy, John Wynne, Rachel McGarvey, Conall \u00d3 Gr\u00e1da, Alan agus John Kelly, Tommy Guihen agus John Carlos agus le Angelina Carberry agus Dan Brouder.<\/span><\/p>\n<p><span>Saol agus gairm an fhidl\u00e9ara Paddy Glackin a bheidh sa cheathr\u00fa cl\u00e1r.\u00a0 T\u00e1 Glackin ar dhuine de na fidl\u00e9ir\u00ed traidisi\u00fanta is m\u00f3 c\u00e1il in \u00c9irinn. Rugadh i mBaile \u00c1tha Cliath \u00e9 ach t\u00e1 dl\u00fathbhaint ag a mhuintir le T\u00edr Chonaill. Iar-bhall den Bothy Band is ea \u00e9 agus t\u00e1 c\u00e1il air ina thr\u00e1chtaire agus mar l\u00e9acht\u00f3ir ar cheol na h\u00c9ireann. T\u00e1 an-t\u00f3ir ar Paddy ag seisi\u00fain cheoil agus chaith s\u00e9 blianta ina l\u00e9iritheoir sinsearach i Raidi\u00f3 RT\u00c9. Beidh ceol agus \u00e1bhar \u00f3 Robbie Hannan, Dermot McLaughlin, Kevin agus S\u00e9amus Glackin agus D\u00f3nal Lunny ar an gcl\u00e1r.<\/span><\/p>\n<p><span>Mura bhfuil ag duine ach an m\u00e9id is l\u00fa sp\u00e9ise i gceol traidisi\u00fanta fi\u00fa, t\u00e1 seans ann go bhfuil ceol an bhoscad\u00f3ra M\u00e1irt\u00edn O&#8217;Connor cloiste acu agus seans ann freisin gur bhaineadar sult as. T\u00e1 c\u00e1il i bhfad is i ngearr ar Mh\u00e1irt\u00edn mar cheolt\u00f3ir cumasach leis na gr\u00fapa\u00ed aitheanta Midnight Well, Skylark agus De Dannan &#8211; gr\u00fapa a chuidigh ceol na h\u00c9ireann a thabhairt os comhair an domhain mh\u00f3ir san 1970id\u00ed agus 1980id\u00ed. Cuirim\u00edd aithne ar a shaol agus a cheol in \u00e9ineacht le ha\u00edonna ar n\u00f3s Cathal Hayden, Seamie O&#8217;Dowd, Jimmy Higgins, Sean Keane, Donal Lunny, Zoe Conway, Garry O&#8217;Briain, Ciara O&#8217;Connor agus Sin\u00e9ad O&#8217;Connor.<\/span><span><\/span><\/p>\n<p><span>Ciar\u00e1n \u00d3 Maonaigh a sti\u00fair, D\u00f3nal O&#8217;Connor a l\u00e9irigh agus Niamh N\u00ed Bhaoill an L\u00e9iritheoir Feidhmi\u00fach\u00e1in. Aniar TV a bh\u00ed mbun l\u00e9irithe ar &#8216;S\u00e9 mo Laoch.<\/span><\/p>\n<p>&nbsp;<\/p>\n","protected":false},"excerpt":{"rendered":"<p>&nbsp; Gach Domhnach \u00f3n 12\u00fa Ean\u00e1ir ag 9:30pm ar TG4. Sc\u00e9alta agus ceol mh\u00f3rlaochra an cheoil agus na hamhr\u00e1na\u00edochta traidisi\u00fanta in \u00c9irinn at\u00e1 i &#8216;S\u00e9 mo Laoch TG4.\u00a0 D\u00e9anfar cumas ceoil agus cruthaitheachta roinnt de na ceolt\u00f3ir\u00ed agus na hamhr\u00e1naithe is fearr aithne sa t\u00edr a cheili\u00faradh i ngach aon cheann de na cl\u00e1ir faisn\u00e9ise [&hellip;]<\/p>\n","protected":false},"author":876,"featured_media":0,"parent":98830,"menu_order":49,"comment_status":"closed","ping_status":"closed","template":"page-templates\/template-pr.php","meta":{"_acf_changed":false,"footnotes":""},"acf":[],"yoast_head":"<!-- This site is optimized with the Yoast SEO plugin v22.6 - https:\/\/yoast.com\/wordpress\/plugins\/seo\/ -->\n<title>&#039;S\u00e9 Mo Laoch ar ais don 10\u00fa s\u00e9as\u00far | Preas R\u00e1iteas | TG4<\/title>\n<meta name=\"robots\" content=\"index, follow, max-snippet:-1, max-image-preview:large, max-video-preview:-1\" \/>\n<meta property=\"og:locale\" content=\"en_US\" \/>\n<meta property=\"og:type\" content=\"article\" \/>\n<meta property=\"og:title\" content=\"&#039;S\u00e9 Mo Laoch ar ais don 10\u00fa s\u00e9as\u00far | Preas R\u00e1iteas | TG4\" \/>\n<meta property=\"og:description\" content=\"&nbsp; Gach Domhnach \u00f3n 12\u00fa Ean\u00e1ir ag 9:30pm ar TG4. Sc\u00e9alta agus ceol mh\u00f3rlaochra an cheoil agus na hamhr\u00e1na\u00edochta traidisi\u00fanta in \u00c9irinn at\u00e1 i &#8216;S\u00e9 mo Laoch TG4.\u00a0 D\u00e9anfar cumas ceoil agus cruthaitheachta roinnt de na ceolt\u00f3ir\u00ed agus na hamhr\u00e1naithe is fearr aithne sa t\u00edr a cheili\u00faradh i ngach aon cheann de na cl\u00e1ir faisn\u00e9ise [&hellip;]\" \/>\n<meta property=\"og:url\" content=\"https:\/\/dev.tg4.ie\/ga\/eolas\/preas\/nuacht-raitis\/2019-2\/se-mo-laoch-ar-ais-don-10u-seasur\/\" \/>\n<meta property=\"og:site_name\" content=\"TG4\" \/>\n<meta property=\"article:publisher\" content=\"https:\/\/www.facebook.com\/TG4TV\" \/>\n<meta property=\"article:modified_time\" content=\"2020-01-06T12:59:01+00:00\" \/>\n<meta property=\"og:image\" content=\"https:\/\/tg4-docs.s3.amazonaws.com\/tg4-redesign-2015\/wp-content\/uploads\/2020\/01\/Se_Mo_Laoch-Steve_Cooney_2_1920x1080.jpg\" \/>\n\t<meta property=\"og:image:width\" content=\"1920\" \/>\n\t<meta property=\"og:image:height\" content=\"1080\" \/>\n\t<meta property=\"og:image:type\" content=\"image\/jpeg\" \/>\n<meta name=\"twitter:card\" content=\"summary_large_image\" \/>\n<meta name=\"twitter:image\" content=\"https:\/\/tg4-docs.s3.amazonaws.com\/tg4-redesign-2015\/wp-content\/uploads\/2020\/01\/Se_Mo_Laoch-Steve_Cooney_2_1920x1080.jpg\" \/>\n<meta name=\"twitter:site\" content=\"@TG4TV\" \/>\n<meta name=\"twitter:label1\" content=\"Est. reading time\" \/>\n\t<meta name=\"twitter:data1\" content=\"4 minutes\" \/>\n<script type=\"application\/ld+json\" class=\"yoast-schema-graph\">{\"@context\":\"https:\/\/schema.org\",\"@graph\":[{\"@type\":\"WebPage\",\"@id\":\"https:\/\/dev.tg4.ie\/ga\/eolas\/preas\/nuacht-raitis\/2019-2\/se-mo-laoch-ar-ais-don-10u-seasur\/\",\"url\":\"https:\/\/dev.tg4.ie\/ga\/eolas\/preas\/nuacht-raitis\/2019-2\/se-mo-laoch-ar-ais-don-10u-seasur\/\",\"name\":\"'S\u00e9 Mo Laoch ar ais don 10\u00fa s\u00e9as\u00far | Preas R\u00e1iteas | TG4\",\"isPartOf\":{\"@id\":\"https:\/\/dev.tg4.ie\/en\/#website\"},\"primaryImageOfPage\":{\"@id\":\"https:\/\/dev.tg4.ie\/ga\/eolas\/preas\/nuacht-raitis\/2019-2\/se-mo-laoch-ar-ais-don-10u-seasur\/#primaryimage\"},\"image\":{\"@id\":\"https:\/\/dev.tg4.ie\/ga\/eolas\/preas\/nuacht-raitis\/2019-2\/se-mo-laoch-ar-ais-don-10u-seasur\/#primaryimage\"},\"thumbnailUrl\":\"https:\/\/dev.tg4.ie\/wp-content\/uploads\/2019\/12\/Se_Mo_Laoch_Cooney_2_1920x1080.jpg\",\"datePublished\":\"2019-12-16T11:21:04+00:00\",\"dateModified\":\"2020-01-06T12:59:01+00:00\",\"breadcrumb\":{\"@id\":\"https:\/\/dev.tg4.ie\/ga\/eolas\/preas\/nuacht-raitis\/2019-2\/se-mo-laoch-ar-ais-don-10u-seasur\/#breadcrumb\"},\"inLanguage\":\"ga\",\"potentialAction\":[{\"@type\":\"ReadAction\",\"target\":[\"https:\/\/dev.tg4.ie\/ga\/eolas\/preas\/nuacht-raitis\/2019-2\/se-mo-laoch-ar-ais-don-10u-seasur\/\"]}]},{\"@type\":\"ImageObject\",\"inLanguage\":\"ga\",\"@id\":\"https:\/\/dev.tg4.ie\/ga\/eolas\/preas\/nuacht-raitis\/2019-2\/se-mo-laoch-ar-ais-don-10u-seasur\/#primaryimage\",\"url\":\"https:\/\/dev.tg4.ie\/wp-content\/uploads\/2019\/12\/Se_Mo_Laoch_Cooney_2_1920x1080.jpg\",\"contentUrl\":\"https:\/\/dev.tg4.ie\/wp-content\/uploads\/2019\/12\/Se_Mo_Laoch_Cooney_2_1920x1080.jpg\"},{\"@type\":\"BreadcrumbList\",\"@id\":\"https:\/\/dev.tg4.ie\/ga\/eolas\/preas\/nuacht-raitis\/2019-2\/se-mo-laoch-ar-ais-don-10u-seasur\/#breadcrumb\",\"itemListElement\":[{\"@type\":\"ListItem\",\"position\":1,\"name\":\"Home\",\"item\":\"https:\/\/dev.tg4.ie\/ga\/\"},{\"@type\":\"ListItem\",\"position\":2,\"name\":\"Eolas\",\"item\":\"https:\/\/dev.tg4.ie\/ga\/eolas\/\"},{\"@type\":\"ListItem\",\"position\":3,\"name\":\"Preas\",\"item\":\"https:\/\/dev.tg4.ie\/ga\/eolas\/preas\/\"},{\"@type\":\"ListItem\",\"position\":4,\"name\":\"Nuacht R\u00e1itis\",\"item\":\"https:\/\/dev.tg4.ie\/ga\/eolas\/preas\/nuacht-raitis\/\"},{\"@type\":\"ListItem\",\"position\":5,\"name\":\"2019\",\"item\":\"https:\/\/dev.tg4.ie\/ga\/eolas\/preas\/nuacht-raitis\/2019-2\/\"},{\"@type\":\"ListItem\",\"position\":6,\"name\":\"&#8216;S\u00e9 Mo Laoch ar ais don 10\u00fa s\u00e9as\u00far\"}]},{\"@type\":\"WebSite\",\"@id\":\"https:\/\/dev.tg4.ie\/en\/#website\",\"url\":\"https:\/\/dev.tg4.ie\/en\/\",\"name\":\"TG4\",\"description\":\"S\u00fail Eile\",\"potentialAction\":[{\"@type\":\"SearchAction\",\"target\":{\"@type\":\"EntryPoint\",\"urlTemplate\":\"https:\/\/dev.tg4.ie\/en\/?s={search_term_string}\"},\"query-input\":\"required name=search_term_string\"}],\"inLanguage\":\"ga\"}]}<\/script>\n<!-- \/ Yoast SEO plugin. -->","yoast_head_json":{"title":"'S\u00e9 Mo Laoch ar ais don 10\u00fa s\u00e9as\u00far | Preas R\u00e1iteas | TG4","robots":{"index":"index","follow":"follow","max-snippet":"max-snippet:-1","max-image-preview":"max-image-preview:large","max-video-preview":"max-video-preview:-1"},"og_locale":"en_US","og_type":"article","og_title":"'S\u00e9 Mo Laoch ar ais don 10\u00fa s\u00e9as\u00far | Preas R\u00e1iteas | TG4","og_description":"&nbsp; Gach Domhnach \u00f3n 12\u00fa Ean\u00e1ir ag 9:30pm ar TG4. Sc\u00e9alta agus ceol mh\u00f3rlaochra an cheoil agus na hamhr\u00e1na\u00edochta traidisi\u00fanta in \u00c9irinn at\u00e1 i &#8216;S\u00e9 mo Laoch TG4.\u00a0 D\u00e9anfar cumas ceoil agus cruthaitheachta roinnt de na ceolt\u00f3ir\u00ed agus na hamhr\u00e1naithe is fearr aithne sa t\u00edr a cheili\u00faradh i ngach aon cheann de na cl\u00e1ir faisn\u00e9ise [&hellip;]","og_url":"https:\/\/dev.tg4.ie\/ga\/eolas\/preas\/nuacht-raitis\/2019-2\/se-mo-laoch-ar-ais-don-10u-seasur\/","og_site_name":"TG4","article_publisher":"https:\/\/www.facebook.com\/TG4TV","article_modified_time":"2020-01-06T12:59:01+00:00","og_image":[{"width":1920,"height":1080,"url":"https:\/\/tg4-docs.s3.amazonaws.com\/tg4-redesign-2015\/wp-content\/uploads\/2020\/01\/Se_Mo_Laoch-Steve_Cooney_2_1920x1080.jpg","type":"image\/jpeg"}],"twitter_card":"summary_large_image","twitter_image":"https:\/\/tg4-docs.s3.amazonaws.com\/tg4-redesign-2015\/wp-content\/uploads\/2020\/01\/Se_Mo_Laoch-Steve_Cooney_2_1920x1080.jpg","twitter_site":"@TG4TV","twitter_misc":{"Est. reading time":"4 minutes"},"schema":{"@context":"https:\/\/schema.org","@graph":[{"@type":"WebPage","@id":"https:\/\/dev.tg4.ie\/ga\/eolas\/preas\/nuacht-raitis\/2019-2\/se-mo-laoch-ar-ais-don-10u-seasur\/","url":"https:\/\/dev.tg4.ie\/ga\/eolas\/preas\/nuacht-raitis\/2019-2\/se-mo-laoch-ar-ais-don-10u-seasur\/","name":"'S\u00e9 Mo Laoch ar ais don 10\u00fa s\u00e9as\u00far | Preas R\u00e1iteas | TG4","isPartOf":{"@id":"https:\/\/dev.tg4.ie\/en\/#website"},"primaryImageOfPage":{"@id":"https:\/\/dev.tg4.ie\/ga\/eolas\/preas\/nuacht-raitis\/2019-2\/se-mo-laoch-ar-ais-don-10u-seasur\/#primaryimage"},"image":{"@id":"https:\/\/dev.tg4.ie\/ga\/eolas\/preas\/nuacht-raitis\/2019-2\/se-mo-laoch-ar-ais-don-10u-seasur\/#primaryimage"},"thumbnailUrl":"https:\/\/dev.tg4.ie\/wp-content\/uploads\/2019\/12\/Se_Mo_Laoch_Cooney_2_1920x1080.jpg","datePublished":"2019-12-16T11:21:04+00:00","dateModified":"2020-01-06T12:59:01+00:00","breadcrumb":{"@id":"https:\/\/dev.tg4.ie\/ga\/eolas\/preas\/nuacht-raitis\/2019-2\/se-mo-laoch-ar-ais-don-10u-seasur\/#breadcrumb"},"inLanguage":"ga","potentialAction":[{"@type":"ReadAction","target":["https:\/\/dev.tg4.ie\/ga\/eolas\/preas\/nuacht-raitis\/2019-2\/se-mo-laoch-ar-ais-don-10u-seasur\/"]}]},{"@type":"ImageObject","inLanguage":"ga","@id":"https:\/\/dev.tg4.ie\/ga\/eolas\/preas\/nuacht-raitis\/2019-2\/se-mo-laoch-ar-ais-don-10u-seasur\/#primaryimage","url":"https:\/\/dev.tg4.ie\/wp-content\/uploads\/2019\/12\/Se_Mo_Laoch_Cooney_2_1920x1080.jpg","contentUrl":"https:\/\/dev.tg4.ie\/wp-content\/uploads\/2019\/12\/Se_Mo_Laoch_Cooney_2_1920x1080.jpg"},{"@type":"BreadcrumbList","@id":"https:\/\/dev.tg4.ie\/ga\/eolas\/preas\/nuacht-raitis\/2019-2\/se-mo-laoch-ar-ais-don-10u-seasur\/#breadcrumb","itemListElement":[{"@type":"ListItem","position":1,"name":"Home","item":"https:\/\/dev.tg4.ie\/ga\/"},{"@type":"ListItem","position":2,"name":"Eolas","item":"https:\/\/dev.tg4.ie\/ga\/eolas\/"},{"@type":"ListItem","position":3,"name":"Preas","item":"https:\/\/dev.tg4.ie\/ga\/eolas\/preas\/"},{"@type":"ListItem","position":4,"name":"Nuacht R\u00e1itis","item":"https:\/\/dev.tg4.ie\/ga\/eolas\/preas\/nuacht-raitis\/"},{"@type":"ListItem","position":5,"name":"2019","item":"https:\/\/dev.tg4.ie\/ga\/eolas\/preas\/nuacht-raitis\/2019-2\/"},{"@type":"ListItem","position":6,"name":"&#8216;S\u00e9 Mo Laoch ar ais don 10\u00fa s\u00e9as\u00far"}]},{"@type":"WebSite","@id":"https:\/\/dev.tg4.ie\/en\/#website","url":"https:\/\/dev.tg4.ie\/en\/","name":"TG4","description":"S\u00fail Eile","potentialAction":[{"@type":"SearchAction","target":{"@type":"EntryPoint","urlTemplate":"https:\/\/dev.tg4.ie\/en\/?s={search_term_string}"},"query-input":"required name=search_term_string"}],"inLanguage":"ga"}]}},"_links":{"self":[{"href":"https:\/\/dev.tg4.ie\/ga\/wp-json\/wp\/v2\/pages\/111358"}],"collection":[{"href":"https:\/\/dev.tg4.ie\/ga\/wp-json\/wp\/v2\/pages"}],"about":[{"href":"https:\/\/dev.tg4.ie\/ga\/wp-json\/wp\/v2\/types\/page"}],"author":[{"embeddable":true,"href":"https:\/\/dev.tg4.ie\/ga\/wp-json\/wp\/v2\/users\/876"}],"replies":[{"embeddable":true,"href":"https:\/\/dev.tg4.ie\/ga\/wp-json\/wp\/v2\/comments?post=111358"}],"version-history":[{"count":0,"href":"https:\/\/dev.tg4.ie\/ga\/wp-json\/wp\/v2\/pages\/111358\/revisions"}],"up":[{"embeddable":true,"href":"https:\/\/dev.tg4.ie\/ga\/wp-json\/wp\/v2\/pages\/98830"}],"wp:attachment":[{"href":"https:\/\/dev.tg4.ie\/ga\/wp-json\/wp\/v2\/media?parent=111358"}],"curies":[{"name":"wp","href":"https:\/\/api.w.org\/{rel}","templated":true}]}}