{"id":111415,"date":"2019-12-19T11:35:38","date_gmt":"2019-12-19T11:35:38","guid":{"rendered":"https:\/\/dev.tg4.ie\/?page_id=111415"},"modified":"2019-12-19T11:35:38","modified_gmt":"2019-12-19T11:35:38","slug":"sonrai-sceideal-clg-maidir-le-sraitheanna-allianz-2020-agus-craobhchomortais-aib-na-gclubanna-fogartha-ag-tg4","status":"publish","type":"page","link":"https:\/\/dev.tg4.ie\/ga\/eolas\/preas\/nuacht-raitis\/2019-2\/sonrai-sceideal-clg-maidir-le-sraitheanna-allianz-2020-agus-craobhchomortais-aib-na-gclubanna-fogartha-ag-tg4\/","title":{"rendered":"Sonra\u00ed Sceideal CLG maidir le Sraitheanna Allianz 2020 agus Craobhchom\u00f3rtais AIB na gClubanna f\u00f3gartha ag TG4"},"content":{"rendered":"<p><strong><span>Beidh cl\u00fadach beo agus eisiach ag GAA BEO ar gach m\u00f3r Chraobh lena n-\u00e1ir\u00edtear Cluich\u00ed Ceannais Shraith Peile Allianz, Cluiche Ceannais Shraith Iom\u00e1na Allianz agus Cluich\u00ed Ceannais Chraobh AIB na gClubanna\u00a0<\/span><\/strong><\/p>\n<p>Craolfar 30 cluiche as Sraitheanna Peile agus Iom\u00e1na Allianz.<\/p>\n<p>&nbsp;<\/p>\n<p>Sheol TG4 cl\u00fadach CLG na bliana 2020 inniu agus thug sonra\u00ed maidir leis an gcl\u00fadach cuimsitheach a dh\u00e9anfar ar chluich\u00ed CLG sna m\u00edonna at\u00e1 ag teacht. Craolfaidh n\u00f3 sruth\u00f3idh TG4 52 cluiche CLG idir seo agus t\u00fas mh\u00ed Aibre\u00e1in ag tos\u00fa le cl\u00fadach beo ar Chluich\u00ed Leathcheannais AIB na gClubanna D\u00e9 Sathairn an 4 Ean\u00e1ir.<\/p>\n<p>&nbsp;<\/p>\n<p>Cuirfear t\u00fas le cl\u00fadach na hathbhliana ar TG4 D\u00e9 Sathairn agus D\u00e9 Domhnaigh an 4 agus 5 Ean\u00e1ir le craoladh beo ar Chluich\u00ed Ceannais Peile agus Iom\u00e1na na gClubanna &#8211; Cora Fine v Raonaithe Nemo, Naomh \u00c9anna Baile Baod\u00e1in v Cill Chua, Seamr\u00f3ga Bhaile H\u00e9il v Sleacht N\u00e9ill agus Buir\u00edos \u00d3 Luigheach v Naomh Tom\u00e1s. Cuirfear t\u00fas le cl\u00fadach TG4 ar Shraitheanna Allianz D\u00e9 Domhnaigh an 26 Ean\u00e1ir nuair a thabharfaidh Port L\u00e1irge aghaidh ar Chorcaigh agus Cill Chainnigh aghaidh ar \u00c1th Cliath sa ch\u00e9ad bhabhta den tSraith Iom\u00e1na.<\/p>\n<p>&nbsp;<\/p>\n<p>Is \u00e9 GAA BEO a dh\u00e9anfadh cl\u00fadach beo agus eisiach ar gach m\u00f3r Chraobh lena n-\u00e1ir\u00edtear Cluich\u00ed Ceannais Shraith Peile Allianz, Cluiche Ceannais Shraith Iom\u00e1na Allianz, Cluich\u00ed Ceannais AIB na gClubanna, Cluich\u00ed Ceannais Sigerson, Fitzgibbon agus Dara Leibh\u00e9al Electric Ireland.<\/p>\n<p>&nbsp;<\/p>\n<p>Cuirfidh TG4 seirbh\u00eds chuimsitheach ar f\u00e1il freisin do lucht CLG ar leathanach YouTube<span>\u00a0<\/span><em><span>Sp\u00f3rt TG4<\/span><\/em><span>\u00a0<\/span>\u00e1it a mbeidh cl\u00fadach beo ar 13 imeacht agus cluiche \u00e9ags\u00fala ina measc Cluiche Ceannais Idirmhe\u00e1nach agus S\u00f3isear Peile agus Iom\u00e1na AIB na gClubanna, Babhta\u00ed Ceannais Sc\u00f3r na n\u00d3g agus Sc\u00f3r na Sinsear, Cluich\u00ed Ceannais Chorn Sigerson Electric Ireland agus Chorn Fitzgibbon, Cluiche Ceannais Chorn U\u00ed Chonch\u00fair Gourmet Food Parlour Pheil na mBan agus Cluich\u00ed Ceannais Peile agus Iom\u00e1na na gCol\u00e1ist\u00ed (Cluich\u00ed Ceannais na nIar-Bhunscoileanna).<\/p>\n<p>&nbsp;<\/p>\n<p>D\u00fairt Ceannasa\u00ed Sp\u00f3irt TG4 R\u00f3n\u00e1n \u00d3 Coistealbha:<span>\u00a0<\/span><em><span>&#8220;T\u00e1imid ag s\u00fail le s\u00e9as\u00far bre\u00e1 eile in 2020 agus cl\u00fadach ar na cluich\u00ed a chur ar f\u00e1il do lucht lean\u00fana CLG gach seachtain ar fud na t\u00edre saor go haer ar an teilif\u00eds. T\u00e1 muid br\u00f3d\u00fail go bhfuil stair fhada ag \u00e1r st\u00e1isi\u00fan cl\u00fadach cuimsitheach CLG a chur ar f\u00e1il ag an tr\u00e1th seo den bhliain.<\/span><\/em><\/p>\n<p>&nbsp;<\/p>\n<p>Is \u00e9ard a d\u00fairt Peter McKenna, Sti\u00farth\u00f3ir Tr\u00e1cht\u00e1la &amp; Staideanna CLG;<span>\u00a0<\/span><em><span>&#8220;T\u00e1 TG4 ina chomhph\u00e1irt\u00ed taca craolach\u00e1in CLG \u00f3 buna\u00edodh an st\u00e1isi\u00fan in 1996 agus d\u00e9anann s\u00e9 d\u00e1ileadh ar leith ar chl\u00fadach \u00e1r gcuid cluich\u00ed ar feadh na bliana, b\u00edodh na cluich\u00ed sin beo, iarbheo n\u00f3 ina mbuaicphoint\u00ed.\u00a0 Is comhartha maith \u00e9 craoladh an Domhnaigh chomh maith leis na craolach\u00e1in ina mbeidh tr\u00ed chluiche i gceist leo le linn Shraith Allianz go bhfuil bliain mh\u00f3r eile amach roimh an gCumann agus roimh TG4 i nd\u00e1il le cl\u00fadach 2020&#8221;.<\/span><\/em><\/p>\n<p>Nemeton TV, comhlacht l\u00e9iri\u00fach\u00e1in as Port L\u00e1irge, a l\u00e9ir\u00edonn GAA Beo agus is \u00e9 Miche\u00e1l \u00d3 Domhnaill a chuirfidh an tsraith i l\u00e1thair agus is iad Brian Tyers, Mac Dara Mac Donncha, Marcus \u00d3 Buachalla agus Cu\u00e1n \u00d3 Flatharta a bheidh i mbun tr\u00e1chtaireachta.<\/p>\n<p>Beidh GAA 2020, se\u00f3 buaicphoint\u00ed an chain\u00e9il, ar ais freisin do sh\u00e9as\u00far eile.\u00a0 Craolfar buaicphoint\u00ed eisiacha gach tr\u00e1thn\u00f3na D\u00e9 Luain ag 8 pm ag tos\u00fa ar an 6 Ean\u00e1ir.<\/p>\n<p>&nbsp;<\/p>\n<p>Seo a leanas leagan amach ioml\u00e1n na gcluich\u00ed ar TG4 sna m\u00edonna at\u00e1 romhainn:<\/p>\n<p>&nbsp;<\/p>\n<p>&nbsp;<\/p>\n<p><strong><span>D\u00e9 Sathairn an 4 Ean\u00e1ir<\/span><\/strong><\/p>\n<p>Craobhchom\u00f3rtais AIB na gClubanna &#8211; Cluich\u00ed Leathcheannais Peile na Sinsear<\/p>\n<p>Cora Fine v Raonaithe Nemo<\/p>\n<p>Naomh \u00c9anna Baile Baod\u00e1in v Cill Chua, Beo \u00f3n 1pm<\/p>\n<p>&nbsp;<\/p>\n<p>&nbsp;<\/p>\n<p><strong><span>D\u00e9 Domhnaigh an 5 Ean\u00e1ir<\/span><\/strong><\/p>\n<p>Craobhchom\u00f3rtais AIB na gClubanna &#8211; Cluich\u00ed Leathcheannais Iom\u00e1na na Sinsear<\/p>\n<p>Seamr\u00f3ga Bhaile H\u00e9il v Sleacht N\u00e9ill<\/p>\n<p>Buir\u00edos \u00d3 Luigheach v Naomh Tom\u00e1s, Beo \u00f3 1.30pm<\/p>\n<p>&nbsp;<\/p>\n<p>Craobhchom\u00f3rtais AIB na gClubanna &#8211; Cluich\u00ed Leathcheannais Iom\u00e1na na S\u00f3isear<\/p>\n<p>M\u00edche\u00e1l Breathnach v Russell Rovers, Beo ar YouTube Sp\u00f3rt TG4 \u00f3 1.25pm<\/p>\n<p>&nbsp;<\/p>\n<p>&nbsp;<\/p>\n<p><strong><span>D\u00e9 Sathairn an 18 Ean\u00e1ir<\/span><\/strong><\/p>\n<p>Craobhchom\u00f3rtais AIB na gClubanna &#8211; Cluich\u00ed Ceannais S\u00f3isear &amp; Idirmhe\u00e1nach Iom\u00e1na<\/p>\n<p>Beo ar YouTube Sp\u00f3rtTG4<\/p>\n<p>Cluiche Ceannais Chorn Mhic Cionnaith Bhanc na h\u00c9ireann, Beo ar YouTube Sp\u00f3rtTG4<\/p>\n<p>&nbsp;<\/p>\n<p><strong><span>\u00a0<\/span><\/strong><\/p>\n<p><strong><span>D\u00e9 Domhnaigh an 19 Ean\u00e1ir<\/span><\/strong><\/p>\n<p>Craobhchom\u00f3rtais AIB na gClubanna &#8211; Cluich\u00ed Ceannais Sinsear Peile &amp; Iom\u00e1na, Beo as P\u00e1irc an Chr\u00f3caigh<\/p>\n<p>&nbsp;<\/p>\n<p>&nbsp;<\/p>\n<p><strong><span>D\u00e9 Sathairn an 25\u00fa Ean\u00e1ir<\/span><\/strong><\/p>\n<p>Craobhchom\u00f3rtais AIB na gClubanna &#8211; Cluich\u00ed Ceannais S\u00f3isear &amp; Idirmhe\u00e1nach Peile<\/p>\n<p>Beo ar YouTube Sp\u00f3rtTG4<\/p>\n<p>&nbsp;<\/p>\n<p>&nbsp;<\/p>\n<p><strong><span>D\u00e9 Domhnaigh an 26 Ean\u00e1ir<\/span><\/strong><\/p>\n<p>Sraitheanna Allianz<\/p>\n<p>BEO:\u00a0 Port L\u00e1irge v Corcaigh (Iom\u00e1int)<\/p>\n<p>IARBHEO:\u00a0 Cill Chainnigh v Baile \u00c1tha Cliath (Iom\u00e1int), Beo ar TG4 \u00f3 1:30pm<\/p>\n<p>&nbsp;<\/p>\n<p>&nbsp;<\/p>\n<p><strong><span>D\u00e9 C\u00e9adaoin an 29 Ean\u00e1ir<\/span><\/strong><\/p>\n<p>Cluiche Ceannais Chorn Sigerson Electric Ireland, Beo ar YouTube Sp\u00f3rtTG4<\/p>\n<p>&nbsp;<\/p>\n<p>&nbsp;<\/p>\n<p><strong><span>D\u00e9 Sathairn an 1 Feabhra<\/span><\/strong><\/p>\n<p>Cluich\u00ed Ceannais Uile-\u00c9ireann Sc\u00f3r na n\u00d3g, Beo ar YouTube Sp\u00f3rtTG4 \u00f3 INEC i gCill Airne<\/p>\n<p>&nbsp;<\/p>\n<p>&nbsp;<\/p>\n<p><strong><span>D\u00e9 Domhnaigh an 2 Feabhra<\/span><\/strong><\/p>\n<p>Sraitheanna Allianz<\/p>\n<p>BEO:\u00a0 Luimneach v Gaillimh (Iom\u00e1int)<\/p>\n<p>IARBHEO 1:\u00a0 Loch Garman v An Cl\u00e1r (Iom\u00e1int)<\/p>\n<p>IARBHEO 2: An Mh\u00ed v D\u00fan na nGall (Peil), Beo ar TG4 \u00f3 1:30pm<\/p>\n<p>&nbsp;<\/p>\n<p>&nbsp;<\/p>\n<p><strong><span>D\u00e9 Domhnaigh an 9 Feabhra<\/span><\/strong><\/p>\n<p>Sraitheanna Allianz<\/p>\n<p>BEO\/IARBHEO:\u00a0 An Mh\u00ed v Maigh Eo (Peil)<\/p>\n<p>BEO\/IARBHEO:\u00a0 D\u00fan na nGall v Gaillimh (Peil)<\/p>\n<p>BEO\/IARBHEO: T\u00edr Eogain v Ciarra\u00ed (Peil)<\/p>\n<p>*Roghn\u00fa beo ag brath ar thortha\u00ed Bhabhta\u00ed 1 &amp; 2.\u00a0\u00a0 Beo ar TG4 \u00f3 1:30pm<\/p>\n<p>&nbsp;<\/p>\n<p>&nbsp;<\/p>\n<p><strong><span>D\u00e9 C\u00e9adaoin an 12 Feabhra<\/span><\/strong><\/p>\n<p>Cluiche Ceannais Chorn Mhic Giob\u00fain Electric Ireland<\/p>\n<p>Beo ar YouTube Sp\u00f3rtTG4<\/p>\n<p>&nbsp;<\/p>\n<p>&nbsp;<\/p>\n<p><strong><span>D\u00e9 hAoine an 14 Feabhra<\/span><\/strong><\/p>\n<p>Gradaim Uachtar\u00e1n Chumann L\u00fathchleas Gael, Beo as P\u00e1irc an Chr\u00f3caigh ag 7:30pm<\/p>\n<p>&nbsp;<\/p>\n<p>&nbsp;<\/p>\n<p><strong><span>D\u00e9 Domhnaigh an 16 Feabhra<\/span><\/strong><\/p>\n<p>BEO &amp; IARBHEO x3 chluiche:\u00a0 Sraitheanna Allianz &#8211; Iom\u00e1int Babhta 3<\/p>\n<p>Beo ar TG4 \u00f3 1:30pm<\/p>\n<p>&nbsp;<\/p>\n<p>&nbsp;<\/p>\n<p><strong><span>D\u00e9 Domhnaigh an 23 Feabhra<\/span><\/strong><\/p>\n<p>BEO &amp; IARBHEO x3 chluiche:\u00a0 Sraitheanna Allianz &#8211; Iom\u00e1int &amp; Peil Babhta 4<\/p>\n<p>Beo ar TG4 \u00f3 1:30pm<\/p>\n<p>&nbsp;<\/p>\n<p>&nbsp;<\/p>\n<p><strong><span>D\u00e9 Domhnaigh an 1 M\u00e1rta<\/span><\/strong><\/p>\n<p>BEO &amp; IARBHEO x3 chluiche:\u00a0 Sraitheanna Allianz &#8211; Iom\u00e1int &amp; Peil Babhta 5<\/p>\n<p>Beo ar TG4 \u00f3 1:30pm<\/p>\n<p>&nbsp;<\/p>\n<p>&nbsp;<\/p>\n<p><strong><span>D\u00e9 C\u00e9adaoin an 4 M\u00e1rta<\/span><\/strong><\/p>\n<p>Craobhchom\u00f3rtas Peile Eirgrid Faoi 20 &#8211; Cluiche Ceannais na Mumhan, Beo ar TG4<\/p>\n<p>&nbsp;<\/p>\n<p>&nbsp;<\/p>\n<p><strong><span>D\u00e9 hAoine an 6 M\u00e1rta<\/span><\/strong><\/p>\n<p>Craobhchom\u00f3rtas Peile Eirgrid Faoi 20 &#8211; Cluiche Ceannais Laighean, Beo ar TG4<\/p>\n<p>&nbsp;<\/p>\n<p>&nbsp;<\/p>\n<p><strong><span>7 &#8211; 8 M\u00e1rta\u00a0<\/span><\/strong><\/p>\n<p>BEO &#8211; Sraitheanna Allianz &#8211; Cluich\u00ed Ceathr\u00fa Ceannais Iom\u00e1na x2, Beo ar TG4<\/p>\n<p>&nbsp;<\/p>\n<p>&nbsp;<\/p>\n<p><strong><span>D\u00e9 Sathairn an 14 M\u00e1rta<\/span><\/strong><\/p>\n<p>Cluiche Ceannais Chorn U\u00ed Chonch\u00fair Gourmet Food Parlour Pheil na mBan<\/p>\n<p>&nbsp;<\/p>\n<p>&nbsp;<\/p>\n<p><strong><span>14-15 M\u00e1rta<\/span><\/strong><\/p>\n<p>BEO &#8211; Sraitheanna Allianz &#8211; Cluich\u00ed Leathcheannais Iom\u00e1na &amp; Peil Babhta 6<\/p>\n<p>Beo ar TG4<\/p>\n<p>&nbsp;<\/p>\n<p>&nbsp;<\/p>\n<p><strong><span>D\u00e9 M\u00e1irt an 17 M\u00e1rta<\/span><\/strong><\/p>\n<p>Craobhchom\u00f3rtas Peile Eirgrid Faoi 20 &#8211; Cluich\u00ed Leathcheannais na h\u00c9ireann<\/p>\n<p>Beo ar TG4<\/p>\n<p>&nbsp;<\/p>\n<p>&nbsp;<\/p>\n<p><strong><span>D\u00e9 Domhnaigh an 22 M\u00e1rta<\/span><\/strong><\/p>\n<p>BEO &#8211; Sraitheanna Allianz &#8211; Cluiche Ceannais Iom\u00e1na &amp; Peil Babhta 7<\/p>\n<p>Beo ar TG4<\/p>\n<p>&nbsp;<\/p>\n<p>&nbsp;<\/p>\n<p><strong><span>28-29 M\u00e1rta<\/span><\/strong><\/p>\n<p>Craobhchom\u00f3rtas Peile Eirgrid Faoi 20 &#8211; Craobh na h\u00c9ireann, Beo ar TG4<\/p>\n<p>&nbsp;<\/p>\n<p>&nbsp;<\/p>\n<p><strong><span>D\u00e9 Sathairn an 28 M\u00e1rta<\/span><\/strong><\/p>\n<p>BEO &#8211; Sraitheanna Allianz &#8211; Cluich\u00ed Ceannais Peile Sraitheanna 3&amp;4, Beo ar TG4<\/p>\n<p>&nbsp;<\/p>\n<p>Cluich\u00ed Ceannais Iom\u00e1na na nIar-Bhunscoileanna, Beo ar YouTube Sp\u00f3rtTG4<\/p>\n<p>&nbsp;<\/p>\n<p>&nbsp;<\/p>\n<p><strong><span>D\u00e9 Domhnaigh an 29 M\u00e1rta<\/span><\/strong><\/p>\n<p>BEO &#8211; Sraitheanna Allianz &#8211; Cluich\u00ed Ceannais Peile Sraitheanna 1&amp;2, Beo ar TG4<\/p>\n<p>&nbsp;<\/p>\n<p>&nbsp;<\/p>\n<p><strong><span>D\u00e9 Sathairn an 4 Aibre\u00e1n<\/span><\/strong><\/p>\n<p>Cluich\u00ed Ceannais Peile na nIar-Bhunscoileanna, Beo ar YouTube Sp\u00f3rtTG4<\/p>\n<p>&nbsp;<\/p>\n<p>&nbsp;<\/p>\n","protected":false},"excerpt":{"rendered":"<p>Beidh cl\u00fadach beo agus eisiach ag GAA BEO ar gach m\u00f3r Chraobh lena n-\u00e1ir\u00edtear Cluich\u00ed Ceannais Shraith Peile Allianz, Cluiche Ceannais Shraith Iom\u00e1na Allianz agus Cluich\u00ed Ceannais Chraobh AIB na gClubanna\u00a0 Craolfar 30 cluiche as Sraitheanna Peile agus Iom\u00e1na Allianz. &nbsp; Sheol TG4 cl\u00fadach CLG na bliana 2020 inniu agus thug sonra\u00ed maidir leis an [&hellip;]<\/p>\n","protected":false},"author":876,"featured_media":111424,"parent":98830,"menu_order":50,"comment_status":"closed","ping_status":"closed","template":"page-templates\/template-pr.php","meta":{"_acf_changed":false,"footnotes":""},"acf":[],"yoast_head":"<!-- This site is optimized with the Yoast SEO plugin v22.6 - https:\/\/yoast.com\/wordpress\/plugins\/seo\/ -->\n<title>Sonra\u00ed Sceideal CLG maidir le Sraitheanna Allianz 2020 agus Craobhchom\u00f3rtais AIB na gClubanna f\u00f3gartha ag TG4 | Preas R\u00e1iteas | TG4<\/title>\n<meta name=\"robots\" content=\"index, follow, max-snippet:-1, max-image-preview:large, max-video-preview:-1\" \/>\n<meta property=\"og:locale\" content=\"en_US\" \/>\n<meta property=\"og:type\" content=\"article\" \/>\n<meta property=\"og:title\" content=\"Sonra\u00ed Sceideal CLG maidir le Sraitheanna Allianz 2020 agus Craobhchom\u00f3rtais AIB na gClubanna f\u00f3gartha ag TG4 | Preas R\u00e1iteas | TG4\" \/>\n<meta property=\"og:description\" content=\"Beidh cl\u00fadach beo agus eisiach ag GAA BEO ar gach m\u00f3r Chraobh lena n-\u00e1ir\u00edtear Cluich\u00ed Ceannais Shraith Peile Allianz, Cluiche Ceannais Shraith Iom\u00e1na Allianz agus Cluich\u00ed Ceannais Chraobh AIB na gClubanna\u00a0 Craolfar 30 cluiche as Sraitheanna Peile agus Iom\u00e1na Allianz. &nbsp; Sheol TG4 cl\u00fadach CLG na bliana 2020 inniu agus thug sonra\u00ed maidir leis an [&hellip;]\" \/>\n<meta property=\"og:url\" content=\"https:\/\/dev.tg4.ie\/ga\/eolas\/preas\/nuacht-raitis\/2019-2\/sonrai-sceideal-clg-maidir-le-sraitheanna-allianz-2020-agus-craobhchomortais-aib-na-gclubanna-fogartha-ag-tg4\/\" \/>\n<meta property=\"og:site_name\" content=\"TG4\" \/>\n<meta property=\"article:publisher\" content=\"https:\/\/www.facebook.com\/TG4TV\" \/>\n<meta property=\"og:image\" content=\"https:\/\/tg4-docs.s3.amazonaws.com\/tg4-redesign-2015\/wp-content\/uploads\/2019\/12\/Sport_TG4_GAA_1_1920x1080.jpg\" \/>\n\t<meta property=\"og:image:width\" content=\"1920\" \/>\n\t<meta property=\"og:image:height\" content=\"1080\" \/>\n\t<meta property=\"og:image:type\" content=\"image\/jpeg\" \/>\n<meta name=\"twitter:card\" content=\"summary_large_image\" \/>\n<meta name=\"twitter:site\" content=\"@TG4TV\" \/>\n<meta name=\"twitter:label1\" content=\"Est. reading time\" \/>\n\t<meta name=\"twitter:data1\" content=\"7 minutes\" \/>\n<script type=\"application\/ld+json\" class=\"yoast-schema-graph\">{\"@context\":\"https:\/\/schema.org\",\"@graph\":[{\"@type\":\"WebPage\",\"@id\":\"https:\/\/dev.tg4.ie\/ga\/eolas\/preas\/nuacht-raitis\/2019-2\/sonrai-sceideal-clg-maidir-le-sraitheanna-allianz-2020-agus-craobhchomortais-aib-na-gclubanna-fogartha-ag-tg4\/\",\"url\":\"https:\/\/dev.tg4.ie\/ga\/eolas\/preas\/nuacht-raitis\/2019-2\/sonrai-sceideal-clg-maidir-le-sraitheanna-allianz-2020-agus-craobhchomortais-aib-na-gclubanna-fogartha-ag-tg4\/\",\"name\":\"Sonra\u00ed Sceideal CLG maidir le Sraitheanna Allianz 2020 agus Craobhchom\u00f3rtais AIB na gClubanna f\u00f3gartha ag TG4 | Preas R\u00e1iteas | TG4\",\"isPartOf\":{\"@id\":\"https:\/\/dev.tg4.ie\/en\/#website\"},\"primaryImageOfPage\":{\"@id\":\"https:\/\/dev.tg4.ie\/ga\/eolas\/preas\/nuacht-raitis\/2019-2\/sonrai-sceideal-clg-maidir-le-sraitheanna-allianz-2020-agus-craobhchomortais-aib-na-gclubanna-fogartha-ag-tg4\/#primaryimage\"},\"image\":{\"@id\":\"https:\/\/dev.tg4.ie\/ga\/eolas\/preas\/nuacht-raitis\/2019-2\/sonrai-sceideal-clg-maidir-le-sraitheanna-allianz-2020-agus-craobhchomortais-aib-na-gclubanna-fogartha-ag-tg4\/#primaryimage\"},\"thumbnailUrl\":\"https:\/\/tg4-docs.s3.amazonaws.com\/tg4-redesign-2015\/wp-content\/uploads\/2019\/12\/Sport_TG4_GAA_1_1920x1080.jpg\",\"datePublished\":\"2019-12-19T11:35:38+00:00\",\"dateModified\":\"2019-12-19T11:35:38+00:00\",\"breadcrumb\":{\"@id\":\"https:\/\/dev.tg4.ie\/ga\/eolas\/preas\/nuacht-raitis\/2019-2\/sonrai-sceideal-clg-maidir-le-sraitheanna-allianz-2020-agus-craobhchomortais-aib-na-gclubanna-fogartha-ag-tg4\/#breadcrumb\"},\"inLanguage\":\"ga\",\"potentialAction\":[{\"@type\":\"ReadAction\",\"target\":[\"https:\/\/dev.tg4.ie\/ga\/eolas\/preas\/nuacht-raitis\/2019-2\/sonrai-sceideal-clg-maidir-le-sraitheanna-allianz-2020-agus-craobhchomortais-aib-na-gclubanna-fogartha-ag-tg4\/\"]}]},{\"@type\":\"ImageObject\",\"inLanguage\":\"ga\",\"@id\":\"https:\/\/dev.tg4.ie\/ga\/eolas\/preas\/nuacht-raitis\/2019-2\/sonrai-sceideal-clg-maidir-le-sraitheanna-allianz-2020-agus-craobhchomortais-aib-na-gclubanna-fogartha-ag-tg4\/#primaryimage\",\"url\":\"https:\/\/tg4-docs.s3.amazonaws.com\/tg4-redesign-2015\/wp-content\/uploads\/2019\/12\/Sport_TG4_GAA_1_1920x1080.jpg\",\"contentUrl\":\"https:\/\/tg4-docs.s3.amazonaws.com\/tg4-redesign-2015\/wp-content\/uploads\/2019\/12\/Sport_TG4_GAA_1_1920x1080.jpg\",\"width\":1920,\"height\":1080},{\"@type\":\"BreadcrumbList\",\"@id\":\"https:\/\/dev.tg4.ie\/ga\/eolas\/preas\/nuacht-raitis\/2019-2\/sonrai-sceideal-clg-maidir-le-sraitheanna-allianz-2020-agus-craobhchomortais-aib-na-gclubanna-fogartha-ag-tg4\/#breadcrumb\",\"itemListElement\":[{\"@type\":\"ListItem\",\"position\":1,\"name\":\"Home\",\"item\":\"https:\/\/dev.tg4.ie\/ga\/\"},{\"@type\":\"ListItem\",\"position\":2,\"name\":\"Eolas\",\"item\":\"https:\/\/dev.tg4.ie\/ga\/eolas\/\"},{\"@type\":\"ListItem\",\"position\":3,\"name\":\"Preas\",\"item\":\"https:\/\/dev.tg4.ie\/ga\/eolas\/preas\/\"},{\"@type\":\"ListItem\",\"position\":4,\"name\":\"Nuacht R\u00e1itis\",\"item\":\"https:\/\/dev.tg4.ie\/ga\/eolas\/preas\/nuacht-raitis\/\"},{\"@type\":\"ListItem\",\"position\":5,\"name\":\"2019\",\"item\":\"https:\/\/dev.tg4.ie\/ga\/eolas\/preas\/nuacht-raitis\/2019-2\/\"},{\"@type\":\"ListItem\",\"position\":6,\"name\":\"Sonra\u00ed Sceideal CLG maidir le Sraitheanna Allianz 2020 agus Craobhchom\u00f3rtais AIB na gClubanna f\u00f3gartha ag TG4\"}]},{\"@type\":\"WebSite\",\"@id\":\"https:\/\/dev.tg4.ie\/en\/#website\",\"url\":\"https:\/\/dev.tg4.ie\/en\/\",\"name\":\"TG4\",\"description\":\"S\u00fail Eile\",\"potentialAction\":[{\"@type\":\"SearchAction\",\"target\":{\"@type\":\"EntryPoint\",\"urlTemplate\":\"https:\/\/dev.tg4.ie\/en\/?s={search_term_string}\"},\"query-input\":\"required name=search_term_string\"}],\"inLanguage\":\"ga\"}]}<\/script>\n<!-- \/ Yoast SEO plugin. -->","yoast_head_json":{"title":"Sonra\u00ed Sceideal CLG maidir le Sraitheanna Allianz 2020 agus Craobhchom\u00f3rtais AIB na gClubanna f\u00f3gartha ag TG4 | Preas R\u00e1iteas | TG4","robots":{"index":"index","follow":"follow","max-snippet":"max-snippet:-1","max-image-preview":"max-image-preview:large","max-video-preview":"max-video-preview:-1"},"og_locale":"en_US","og_type":"article","og_title":"Sonra\u00ed Sceideal CLG maidir le Sraitheanna Allianz 2020 agus Craobhchom\u00f3rtais AIB na gClubanna f\u00f3gartha ag TG4 | Preas R\u00e1iteas | TG4","og_description":"Beidh cl\u00fadach beo agus eisiach ag GAA BEO ar gach m\u00f3r Chraobh lena n-\u00e1ir\u00edtear Cluich\u00ed Ceannais Shraith Peile Allianz, Cluiche Ceannais Shraith Iom\u00e1na Allianz agus Cluich\u00ed Ceannais Chraobh AIB na gClubanna\u00a0 Craolfar 30 cluiche as Sraitheanna Peile agus Iom\u00e1na Allianz. &nbsp; Sheol TG4 cl\u00fadach CLG na bliana 2020 inniu agus thug sonra\u00ed maidir leis an [&hellip;]","og_url":"https:\/\/dev.tg4.ie\/ga\/eolas\/preas\/nuacht-raitis\/2019-2\/sonrai-sceideal-clg-maidir-le-sraitheanna-allianz-2020-agus-craobhchomortais-aib-na-gclubanna-fogartha-ag-tg4\/","og_site_name":"TG4","article_publisher":"https:\/\/www.facebook.com\/TG4TV","og_image":[{"width":1920,"height":1080,"url":"https:\/\/tg4-docs.s3.amazonaws.com\/tg4-redesign-2015\/wp-content\/uploads\/2019\/12\/Sport_TG4_GAA_1_1920x1080.jpg","type":"image\/jpeg"}],"twitter_card":"summary_large_image","twitter_site":"@TG4TV","twitter_misc":{"Est. reading time":"7 minutes"},"schema":{"@context":"https:\/\/schema.org","@graph":[{"@type":"WebPage","@id":"https:\/\/dev.tg4.ie\/ga\/eolas\/preas\/nuacht-raitis\/2019-2\/sonrai-sceideal-clg-maidir-le-sraitheanna-allianz-2020-agus-craobhchomortais-aib-na-gclubanna-fogartha-ag-tg4\/","url":"https:\/\/dev.tg4.ie\/ga\/eolas\/preas\/nuacht-raitis\/2019-2\/sonrai-sceideal-clg-maidir-le-sraitheanna-allianz-2020-agus-craobhchomortais-aib-na-gclubanna-fogartha-ag-tg4\/","name":"Sonra\u00ed Sceideal CLG maidir le Sraitheanna Allianz 2020 agus Craobhchom\u00f3rtais AIB na gClubanna f\u00f3gartha ag TG4 | Preas R\u00e1iteas | TG4","isPartOf":{"@id":"https:\/\/dev.tg4.ie\/en\/#website"},"primaryImageOfPage":{"@id":"https:\/\/dev.tg4.ie\/ga\/eolas\/preas\/nuacht-raitis\/2019-2\/sonrai-sceideal-clg-maidir-le-sraitheanna-allianz-2020-agus-craobhchomortais-aib-na-gclubanna-fogartha-ag-tg4\/#primaryimage"},"image":{"@id":"https:\/\/dev.tg4.ie\/ga\/eolas\/preas\/nuacht-raitis\/2019-2\/sonrai-sceideal-clg-maidir-le-sraitheanna-allianz-2020-agus-craobhchomortais-aib-na-gclubanna-fogartha-ag-tg4\/#primaryimage"},"thumbnailUrl":"https:\/\/tg4-docs.s3.amazonaws.com\/tg4-redesign-2015\/wp-content\/uploads\/2019\/12\/Sport_TG4_GAA_1_1920x1080.jpg","datePublished":"2019-12-19T11:35:38+00:00","dateModified":"2019-12-19T11:35:38+00:00","breadcrumb":{"@id":"https:\/\/dev.tg4.ie\/ga\/eolas\/preas\/nuacht-raitis\/2019-2\/sonrai-sceideal-clg-maidir-le-sraitheanna-allianz-2020-agus-craobhchomortais-aib-na-gclubanna-fogartha-ag-tg4\/#breadcrumb"},"inLanguage":"ga","potentialAction":[{"@type":"ReadAction","target":["https:\/\/dev.tg4.ie\/ga\/eolas\/preas\/nuacht-raitis\/2019-2\/sonrai-sceideal-clg-maidir-le-sraitheanna-allianz-2020-agus-craobhchomortais-aib-na-gclubanna-fogartha-ag-tg4\/"]}]},{"@type":"ImageObject","inLanguage":"ga","@id":"https:\/\/dev.tg4.ie\/ga\/eolas\/preas\/nuacht-raitis\/2019-2\/sonrai-sceideal-clg-maidir-le-sraitheanna-allianz-2020-agus-craobhchomortais-aib-na-gclubanna-fogartha-ag-tg4\/#primaryimage","url":"https:\/\/tg4-docs.s3.amazonaws.com\/tg4-redesign-2015\/wp-content\/uploads\/2019\/12\/Sport_TG4_GAA_1_1920x1080.jpg","contentUrl":"https:\/\/tg4-docs.s3.amazonaws.com\/tg4-redesign-2015\/wp-content\/uploads\/2019\/12\/Sport_TG4_GAA_1_1920x1080.jpg","width":1920,"height":1080},{"@type":"BreadcrumbList","@id":"https:\/\/dev.tg4.ie\/ga\/eolas\/preas\/nuacht-raitis\/2019-2\/sonrai-sceideal-clg-maidir-le-sraitheanna-allianz-2020-agus-craobhchomortais-aib-na-gclubanna-fogartha-ag-tg4\/#breadcrumb","itemListElement":[{"@type":"ListItem","position":1,"name":"Home","item":"https:\/\/dev.tg4.ie\/ga\/"},{"@type":"ListItem","position":2,"name":"Eolas","item":"https:\/\/dev.tg4.ie\/ga\/eolas\/"},{"@type":"ListItem","position":3,"name":"Preas","item":"https:\/\/dev.tg4.ie\/ga\/eolas\/preas\/"},{"@type":"ListItem","position":4,"name":"Nuacht R\u00e1itis","item":"https:\/\/dev.tg4.ie\/ga\/eolas\/preas\/nuacht-raitis\/"},{"@type":"ListItem","position":5,"name":"2019","item":"https:\/\/dev.tg4.ie\/ga\/eolas\/preas\/nuacht-raitis\/2019-2\/"},{"@type":"ListItem","position":6,"name":"Sonra\u00ed Sceideal CLG maidir le Sraitheanna Allianz 2020 agus Craobhchom\u00f3rtais AIB na gClubanna f\u00f3gartha ag TG4"}]},{"@type":"WebSite","@id":"https:\/\/dev.tg4.ie\/en\/#website","url":"https:\/\/dev.tg4.ie\/en\/","name":"TG4","description":"S\u00fail Eile","potentialAction":[{"@type":"SearchAction","target":{"@type":"EntryPoint","urlTemplate":"https:\/\/dev.tg4.ie\/en\/?s={search_term_string}"},"query-input":"required name=search_term_string"}],"inLanguage":"ga"}]}},"_links":{"self":[{"href":"https:\/\/dev.tg4.ie\/ga\/wp-json\/wp\/v2\/pages\/111415"}],"collection":[{"href":"https:\/\/dev.tg4.ie\/ga\/wp-json\/wp\/v2\/pages"}],"about":[{"href":"https:\/\/dev.tg4.ie\/ga\/wp-json\/wp\/v2\/types\/page"}],"author":[{"embeddable":true,"href":"https:\/\/dev.tg4.ie\/ga\/wp-json\/wp\/v2\/users\/876"}],"replies":[{"embeddable":true,"href":"https:\/\/dev.tg4.ie\/ga\/wp-json\/wp\/v2\/comments?post=111415"}],"version-history":[{"count":0,"href":"https:\/\/dev.tg4.ie\/ga\/wp-json\/wp\/v2\/pages\/111415\/revisions"}],"up":[{"embeddable":true,"href":"https:\/\/dev.tg4.ie\/ga\/wp-json\/wp\/v2\/pages\/98830"}],"wp:featuredmedia":[{"embeddable":true,"href":"https:\/\/dev.tg4.ie\/ga\/wp-json\/wp\/v2\/media\/111424"}],"wp:attachment":[{"href":"https:\/\/dev.tg4.ie\/ga\/wp-json\/wp\/v2\/media?parent=111415"}],"curies":[{"name":"wp","href":"https:\/\/api.w.org\/{rel}","templated":true}]}}