{"id":111444,"date":"2019-12-19T16:33:19","date_gmt":"2019-12-19T16:33:19","guid":{"rendered":"https:\/\/dev.tg4.ie\/?page_id=111444"},"modified":"2019-12-19T16:33:19","modified_gmt":"2019-12-19T16:33:19","slug":"i-ndil-chuimhne-arty-mcglynn","status":"publish","type":"page","link":"https:\/\/dev.tg4.ie\/ga\/eolas\/preas\/nuacht-raitis\/2019-2\/i-ndil-chuimhne-arty-mcglynn\/","title":{"rendered":"I ndil chuimhne Arty McGlynn"},"content":{"rendered":"<p><img loading=\"lazy\" decoding=\"async\" width=\"1920\" height=\"1080\" src=\"https:\/\/tg4-docs.s3.amazonaws.com\/tg4-redesign-2015\/wp-content\/uploads\/2019\/12\/Arty_McGlynn_1_1920x1080.jpg\" alt=\"\" class=\"alignleft size-full wp-image-111449\" srcset=\"https:\/\/tg4-docs.s3.amazonaws.com\/tg4-redesign-2015\/wp-content\/uploads\/2019\/12\/Arty_McGlynn_1_1920x1080.jpg 1920w, https:\/\/tg4-docs.s3.amazonaws.com\/tg4-redesign-2015\/wp-content\/uploads\/2019\/12\/Arty_McGlynn_1_1920x1080-250x141.jpg 250w, https:\/\/tg4-docs.s3.amazonaws.com\/tg4-redesign-2015\/wp-content\/uploads\/2019\/12\/Arty_McGlynn_1_1920x1080-700x394.jpg 700w, https:\/\/tg4-docs.s3.amazonaws.com\/tg4-redesign-2015\/wp-content\/uploads\/2019\/12\/Arty_McGlynn_1_1920x1080-252x141.jpg 252w, https:\/\/tg4-docs.s3.amazonaws.com\/tg4-redesign-2015\/wp-content\/uploads\/2019\/12\/Arty_McGlynn_1_1920x1080-1536x864.jpg 1536w, https:\/\/tg4-docs.s3.amazonaws.com\/tg4-redesign-2015\/wp-content\/uploads\/2019\/12\/Arty_McGlynn_1_1920x1080-120x68.jpg 120w\" sizes=\"(max-width: 1920px) 100vw, 1920px\" \/><br \/>\n&nbsp;<\/p>\n<p align=\"center\"><strong><span>Suaimhneas S\u00edora\u00ed d\u00e1 anam uasal<\/span><\/strong><b><span><br \/>\n<\/span><strong><span><a href=\"https:\/\/youtu.be\/nJcG1iSZEnI\" target=\"_blank\" rel=\"noopener noreferrer\" data-auth=\"NotApplicable\">https:\/\/youtu.be\/nJcG1iSZEnI<\/a><\/span><\/strong><\/b><\/p>\n<p><span>Is \u00fadar br\u00f3in \u00e9 b\u00e1s Arty McGlynn a bronnadh Gradam Saoil air ag Gradam Ceoil TG4 2016 do TG4.\u00a0 Bh\u00ed aithne agus ardmheas ar Arty mar ghiot\u00e1ra\u00ed ar fud na cruinne, \u00e1it ar bith a gcloistear agus a seinntear ceol traidisi\u00fanta. C\u00e9 gur duine umhal, s\u00e9imh, tostach ab ea \u00e9, bh\u00ed \u00e9acht bainte amach aige leis an ngiot\u00e1r a chur chun cinn mar ghl\u00e9as l\u00e1rnach sa cheol d\u00fachais.\u00a0 Agus n\u00ed amh\u00e1in sin, ach t\u00e1 a thionchar le haithint ar na gl\u00fanta ceolt\u00f3ir\u00ed a bhfuil s\u00e9 mar r\u00e9alt eolais agus mar laoch ceoil acu.<\/span><\/p>\n<p><span>Rugadh Arty McGlynn sa bhliain 1944 gar don \u00d3maigh i gCondae Th\u00edr Eoghain agus t\u00f3gadh \u00e9 i dteach ina raibh ceol agus amhr\u00e1na\u00edocht le cloiste\u00e1il \u00f3 dhubh go dubh. Bh\u00ed cuisle an cheoil ina thuismitheoir\u00ed, rud a thug spreagadh agus muin\u00edn do Arty agus \u00e9 ina ghas\u00far \u00f3g. Sheinn a mh\u00e1thair ar an bhfidil, agus a athair ar an bhosca ceoil agus n\u00ed haon iontas \u00e9 gur thosaigh Arty ar an bhosca nuair a bh\u00ed s\u00e9 c\u00faig bliana d\u2019aois.\u00a0 Ba ghearr go raibh smacht aige ar r\u00edleanna mar gur l\u00e9ir go raibh f\u00e9ith an cheoil go smior ann.<\/span><\/p>\n<p><span>Nuair a bh\u00ed s\u00e9 aon bhliain d\u00e9ag d\u2019aois, cheannaigh a m\u00e1thair giot\u00e1r d\u00f3, rud a spreag \u00e9 i dtreo an snagcheoil.\u00a0 Bh\u00ed s\u00e9 an-t\u00f3gtha leis an st\u00edl agus leis an chumas ceoil a chuala s\u00e9 ag leith\u00e9id\u00ed Barney Kessel agus Wes Montgomery.\u00a0 Sula raibh c\u00faig bliana d\u00e9ag d\u2019aois bainte amach ag Arty bh\u00ed s\u00e9 ag seinm go gairmi\u00fail le gr\u00fapa\u00ed ceoil.<\/span><\/p>\n<p><span>Chaith s\u00e9 seal fada ag seinm ar bhonn l\u00e1naimseartha le linn na seascaid\u00ed suas go dt\u00ed deireadh na seacht\u00f3id\u00ed, agus \u00e9 ar an bh\u00f3thar gan stad agus ag go minic sa sti\u00faideo taifeadta ag obair le gr\u00fapa\u00ed agus ceolt\u00f3ir\u00ed m\u00f3ra na linne sin.\u00a0 Ach faoi dheireadh, mheall an ceol d\u00fachais ar ais \u00e9 agus sa bhliain 1979 thaifead s\u00e9 agus d\u2019eisigh\u00a0<em>McGlynn\u2019s Fancy<\/em>, taifead a bhfuil tionchar l\u00e1idir aige go f\u00f3ill ar fhorbairt agus ar mh\u00fanla an cheoil traidisi\u00fanta. Seo an ch\u00e9ad albam riamh a raibh t\u00fas \u00e1ite ag an ghiot\u00e1r mar uirlis traidisi\u00fanta agus n\u00ed haon \u00e1ibh\u00e9il a r\u00e1 gur cloch mh\u00edle \u00e9 an ceirn\u00edn seo i bhforbairt an cheoil sa fichi\u00fa haois.<\/span><\/p>\n<p><span>Thug\u00a0<em>McGlynn\u2019s Fancy\u00a0<\/em>l\u00e9argas d\u00fainn ar dhomhan ceoil ioml\u00e1n difri\u00fail ag Arty, ceol a fuair s\u00e9 \u201c\u00f3n tobar\u201d \u00f3 leith\u00e9id\u00ed John Loughran agus Felix Kearney, chomh maith le leaganacha agus ceol \u00far d\u00e1 chuid f\u00e9in. Ina dhiaidh sin, agus an-ch\u00e1il ar Arty mar cheolt\u00f3ir aonair agus mar thionlaca\u00ed, bh\u00edodh daoine i gc\u00f3na\u00ed ar a th\u00f3ir le bheith p\u00e1irteach i ngr\u00fapa\u00ed n\u00f3 ar thaifid.\u00a0 F\u00e9ach an comhluadar a mheall s\u00e9: Liam O\u2019Flynn, Christy Moore, D\u00f3nal Lunny, Frances Black, Cathal Hayden David Hammond, Paul Brady,\u00a0<em>Patrick Street, D\u00e9 Dannan, Planxty<\/em>, Shaun Davey agus\u00a0<em>The Van Morrison Band<\/em>.\u00a0\u00a0<\/span><\/p>\n<p><span>Le blianta anuas bh\u00ed Arty agus a bhean Nollaig Casey ag seinm, an cumadh agus ag c\u00f3iri\u00fa ceoil.\u00a0 T\u00e1 dh\u00e1 cheirn\u00edn eisithe acu \u2013\u00a0<em>Lead the Knave\u00a0<\/em>agus\u00a0<em>Causeway<\/em>\u00a0&#8211;\u00a0 agus bh\u00edodh siad go minic ar camchuairt ar fud na hEorpa.\u00a0 Chomh maith t\u00e1 a saothar le cluinstin ar fhuaimrianta na scann\u00e1n\u00a0<em>Moondance<\/em>\u00a0agus\u00a0<em>Hear My Song<\/em>.<\/span><\/p>\n<p>&nbsp;<\/p>\n","protected":false},"excerpt":{"rendered":"<p>&nbsp; Suaimhneas S\u00edora\u00ed d\u00e1 anam uasal https:\/\/youtu.be\/nJcG1iSZEnI Is \u00fadar br\u00f3in \u00e9 b\u00e1s Arty McGlynn a bronnadh Gradam Saoil air ag Gradam Ceoil TG4 2016 do TG4.\u00a0 Bh\u00ed aithne agus ardmheas ar Arty mar ghiot\u00e1ra\u00ed ar fud na cruinne, \u00e1it ar bith a gcloistear agus a seinntear ceol traidisi\u00fanta. C\u00e9 gur duine umhal, s\u00e9imh, tostach ab [&hellip;]<\/p>\n","protected":false},"author":876,"featured_media":0,"parent":98830,"menu_order":51,"comment_status":"closed","ping_status":"closed","template":"page-templates\/template-pr.php","meta":{"_acf_changed":false,"footnotes":""},"acf":[],"yoast_head":"<!-- This site is optimized with the Yoast SEO plugin v22.6 - https:\/\/yoast.com\/wordpress\/plugins\/seo\/ -->\n<title>I ndil chuimhne Arty McGlynn | Preas R\u00e1iteas | TG4<\/title>\n<meta name=\"robots\" content=\"index, follow, max-snippet:-1, max-image-preview:large, max-video-preview:-1\" \/>\n<meta property=\"og:locale\" content=\"en_US\" \/>\n<meta property=\"og:type\" content=\"article\" \/>\n<meta property=\"og:title\" content=\"I ndil chuimhne Arty McGlynn | Preas R\u00e1iteas | TG4\" \/>\n<meta property=\"og:description\" content=\"&nbsp; Suaimhneas S\u00edora\u00ed d\u00e1 anam uasal https:\/\/youtu.be\/nJcG1iSZEnI Is \u00fadar br\u00f3in \u00e9 b\u00e1s Arty McGlynn a bronnadh Gradam Saoil air ag Gradam Ceoil TG4 2016 do TG4.\u00a0 Bh\u00ed aithne agus ardmheas ar Arty mar ghiot\u00e1ra\u00ed ar fud na cruinne, \u00e1it ar bith a gcloistear agus a seinntear ceol traidisi\u00fanta. C\u00e9 gur duine umhal, s\u00e9imh, tostach ab [&hellip;]\" \/>\n<meta property=\"og:url\" content=\"https:\/\/dev.tg4.ie\/ga\/eolas\/preas\/nuacht-raitis\/2019-2\/i-ndil-chuimhne-arty-mcglynn\/\" \/>\n<meta property=\"og:site_name\" content=\"TG4\" \/>\n<meta property=\"article:publisher\" content=\"https:\/\/www.facebook.com\/TG4TV\" \/>\n<meta property=\"og:image\" content=\"https:\/\/tg4-docs.s3.amazonaws.com\/tg4-redesign-2015\/wp-content\/uploads\/2019\/12\/Arty_McGlynn_1_1920x1080.jpg\" \/>\n\t<meta property=\"og:image:width\" content=\"1920\" \/>\n\t<meta property=\"og:image:height\" content=\"1080\" \/>\n\t<meta property=\"og:image:type\" content=\"image\/jpeg\" \/>\n<meta name=\"twitter:card\" content=\"summary_large_image\" \/>\n<meta name=\"twitter:image\" content=\"https:\/\/tg4-docs.s3.amazonaws.com\/tg4-redesign-2015\/wp-content\/uploads\/2019\/12\/Arty_McGlynn_1_1920x1080.jpg\" \/>\n<meta name=\"twitter:site\" content=\"@TG4TV\" \/>\n<meta name=\"twitter:label1\" content=\"Est. reading time\" \/>\n\t<meta name=\"twitter:data1\" content=\"3 minutes\" \/>\n<script type=\"application\/ld+json\" class=\"yoast-schema-graph\">{\"@context\":\"https:\/\/schema.org\",\"@graph\":[{\"@type\":\"WebPage\",\"@id\":\"https:\/\/dev.tg4.ie\/ga\/eolas\/preas\/nuacht-raitis\/2019-2\/i-ndil-chuimhne-arty-mcglynn\/\",\"url\":\"https:\/\/dev.tg4.ie\/ga\/eolas\/preas\/nuacht-raitis\/2019-2\/i-ndil-chuimhne-arty-mcglynn\/\",\"name\":\"I ndil chuimhne Arty McGlynn | Preas R\u00e1iteas | TG4\",\"isPartOf\":{\"@id\":\"https:\/\/dev.tg4.ie\/en\/#website\"},\"primaryImageOfPage\":{\"@id\":\"https:\/\/dev.tg4.ie\/ga\/eolas\/preas\/nuacht-raitis\/2019-2\/i-ndil-chuimhne-arty-mcglynn\/#primaryimage\"},\"image\":{\"@id\":\"https:\/\/dev.tg4.ie\/ga\/eolas\/preas\/nuacht-raitis\/2019-2\/i-ndil-chuimhne-arty-mcglynn\/#primaryimage\"},\"thumbnailUrl\":\"https:\/\/dev.tg4.ie\/wp-content\/uploads\/2019\/12\/Arty_McGlynn_1_1920x1080.jpg\",\"datePublished\":\"2019-12-19T16:33:19+00:00\",\"dateModified\":\"2019-12-19T16:33:19+00:00\",\"breadcrumb\":{\"@id\":\"https:\/\/dev.tg4.ie\/ga\/eolas\/preas\/nuacht-raitis\/2019-2\/i-ndil-chuimhne-arty-mcglynn\/#breadcrumb\"},\"inLanguage\":\"ga\",\"potentialAction\":[{\"@type\":\"ReadAction\",\"target\":[\"https:\/\/dev.tg4.ie\/ga\/eolas\/preas\/nuacht-raitis\/2019-2\/i-ndil-chuimhne-arty-mcglynn\/\"]}]},{\"@type\":\"ImageObject\",\"inLanguage\":\"ga\",\"@id\":\"https:\/\/dev.tg4.ie\/ga\/eolas\/preas\/nuacht-raitis\/2019-2\/i-ndil-chuimhne-arty-mcglynn\/#primaryimage\",\"url\":\"https:\/\/dev.tg4.ie\/wp-content\/uploads\/2019\/12\/Arty_McGlynn_1_1920x1080.jpg\",\"contentUrl\":\"https:\/\/dev.tg4.ie\/wp-content\/uploads\/2019\/12\/Arty_McGlynn_1_1920x1080.jpg\"},{\"@type\":\"BreadcrumbList\",\"@id\":\"https:\/\/dev.tg4.ie\/ga\/eolas\/preas\/nuacht-raitis\/2019-2\/i-ndil-chuimhne-arty-mcglynn\/#breadcrumb\",\"itemListElement\":[{\"@type\":\"ListItem\",\"position\":1,\"name\":\"Home\",\"item\":\"https:\/\/dev.tg4.ie\/ga\/\"},{\"@type\":\"ListItem\",\"position\":2,\"name\":\"Eolas\",\"item\":\"https:\/\/dev.tg4.ie\/ga\/eolas\/\"},{\"@type\":\"ListItem\",\"position\":3,\"name\":\"Preas\",\"item\":\"https:\/\/dev.tg4.ie\/ga\/eolas\/preas\/\"},{\"@type\":\"ListItem\",\"position\":4,\"name\":\"Nuacht R\u00e1itis\",\"item\":\"https:\/\/dev.tg4.ie\/ga\/eolas\/preas\/nuacht-raitis\/\"},{\"@type\":\"ListItem\",\"position\":5,\"name\":\"2019\",\"item\":\"https:\/\/dev.tg4.ie\/ga\/eolas\/preas\/nuacht-raitis\/2019-2\/\"},{\"@type\":\"ListItem\",\"position\":6,\"name\":\"I ndil chuimhne Arty McGlynn\"}]},{\"@type\":\"WebSite\",\"@id\":\"https:\/\/dev.tg4.ie\/en\/#website\",\"url\":\"https:\/\/dev.tg4.ie\/en\/\",\"name\":\"TG4\",\"description\":\"S\u00fail Eile\",\"potentialAction\":[{\"@type\":\"SearchAction\",\"target\":{\"@type\":\"EntryPoint\",\"urlTemplate\":\"https:\/\/dev.tg4.ie\/en\/?s={search_term_string}\"},\"query-input\":\"required name=search_term_string\"}],\"inLanguage\":\"ga\"}]}<\/script>\n<!-- \/ Yoast SEO plugin. -->","yoast_head_json":{"title":"I ndil chuimhne Arty McGlynn | Preas R\u00e1iteas | TG4","robots":{"index":"index","follow":"follow","max-snippet":"max-snippet:-1","max-image-preview":"max-image-preview:large","max-video-preview":"max-video-preview:-1"},"og_locale":"en_US","og_type":"article","og_title":"I ndil chuimhne Arty McGlynn | Preas R\u00e1iteas | TG4","og_description":"&nbsp; Suaimhneas S\u00edora\u00ed d\u00e1 anam uasal https:\/\/youtu.be\/nJcG1iSZEnI Is \u00fadar br\u00f3in \u00e9 b\u00e1s Arty McGlynn a bronnadh Gradam Saoil air ag Gradam Ceoil TG4 2016 do TG4.\u00a0 Bh\u00ed aithne agus ardmheas ar Arty mar ghiot\u00e1ra\u00ed ar fud na cruinne, \u00e1it ar bith a gcloistear agus a seinntear ceol traidisi\u00fanta. C\u00e9 gur duine umhal, s\u00e9imh, tostach ab [&hellip;]","og_url":"https:\/\/dev.tg4.ie\/ga\/eolas\/preas\/nuacht-raitis\/2019-2\/i-ndil-chuimhne-arty-mcglynn\/","og_site_name":"TG4","article_publisher":"https:\/\/www.facebook.com\/TG4TV","og_image":[{"width":1920,"height":1080,"url":"https:\/\/tg4-docs.s3.amazonaws.com\/tg4-redesign-2015\/wp-content\/uploads\/2019\/12\/Arty_McGlynn_1_1920x1080.jpg","type":"image\/jpeg"}],"twitter_card":"summary_large_image","twitter_image":"https:\/\/tg4-docs.s3.amazonaws.com\/tg4-redesign-2015\/wp-content\/uploads\/2019\/12\/Arty_McGlynn_1_1920x1080.jpg","twitter_site":"@TG4TV","twitter_misc":{"Est. reading time":"3 minutes"},"schema":{"@context":"https:\/\/schema.org","@graph":[{"@type":"WebPage","@id":"https:\/\/dev.tg4.ie\/ga\/eolas\/preas\/nuacht-raitis\/2019-2\/i-ndil-chuimhne-arty-mcglynn\/","url":"https:\/\/dev.tg4.ie\/ga\/eolas\/preas\/nuacht-raitis\/2019-2\/i-ndil-chuimhne-arty-mcglynn\/","name":"I ndil chuimhne Arty McGlynn | Preas R\u00e1iteas | TG4","isPartOf":{"@id":"https:\/\/dev.tg4.ie\/en\/#website"},"primaryImageOfPage":{"@id":"https:\/\/dev.tg4.ie\/ga\/eolas\/preas\/nuacht-raitis\/2019-2\/i-ndil-chuimhne-arty-mcglynn\/#primaryimage"},"image":{"@id":"https:\/\/dev.tg4.ie\/ga\/eolas\/preas\/nuacht-raitis\/2019-2\/i-ndil-chuimhne-arty-mcglynn\/#primaryimage"},"thumbnailUrl":"https:\/\/dev.tg4.ie\/wp-content\/uploads\/2019\/12\/Arty_McGlynn_1_1920x1080.jpg","datePublished":"2019-12-19T16:33:19+00:00","dateModified":"2019-12-19T16:33:19+00:00","breadcrumb":{"@id":"https:\/\/dev.tg4.ie\/ga\/eolas\/preas\/nuacht-raitis\/2019-2\/i-ndil-chuimhne-arty-mcglynn\/#breadcrumb"},"inLanguage":"ga","potentialAction":[{"@type":"ReadAction","target":["https:\/\/dev.tg4.ie\/ga\/eolas\/preas\/nuacht-raitis\/2019-2\/i-ndil-chuimhne-arty-mcglynn\/"]}]},{"@type":"ImageObject","inLanguage":"ga","@id":"https:\/\/dev.tg4.ie\/ga\/eolas\/preas\/nuacht-raitis\/2019-2\/i-ndil-chuimhne-arty-mcglynn\/#primaryimage","url":"https:\/\/dev.tg4.ie\/wp-content\/uploads\/2019\/12\/Arty_McGlynn_1_1920x1080.jpg","contentUrl":"https:\/\/dev.tg4.ie\/wp-content\/uploads\/2019\/12\/Arty_McGlynn_1_1920x1080.jpg"},{"@type":"BreadcrumbList","@id":"https:\/\/dev.tg4.ie\/ga\/eolas\/preas\/nuacht-raitis\/2019-2\/i-ndil-chuimhne-arty-mcglynn\/#breadcrumb","itemListElement":[{"@type":"ListItem","position":1,"name":"Home","item":"https:\/\/dev.tg4.ie\/ga\/"},{"@type":"ListItem","position":2,"name":"Eolas","item":"https:\/\/dev.tg4.ie\/ga\/eolas\/"},{"@type":"ListItem","position":3,"name":"Preas","item":"https:\/\/dev.tg4.ie\/ga\/eolas\/preas\/"},{"@type":"ListItem","position":4,"name":"Nuacht R\u00e1itis","item":"https:\/\/dev.tg4.ie\/ga\/eolas\/preas\/nuacht-raitis\/"},{"@type":"ListItem","position":5,"name":"2019","item":"https:\/\/dev.tg4.ie\/ga\/eolas\/preas\/nuacht-raitis\/2019-2\/"},{"@type":"ListItem","position":6,"name":"I ndil chuimhne Arty McGlynn"}]},{"@type":"WebSite","@id":"https:\/\/dev.tg4.ie\/en\/#website","url":"https:\/\/dev.tg4.ie\/en\/","name":"TG4","description":"S\u00fail Eile","potentialAction":[{"@type":"SearchAction","target":{"@type":"EntryPoint","urlTemplate":"https:\/\/dev.tg4.ie\/en\/?s={search_term_string}"},"query-input":"required name=search_term_string"}],"inLanguage":"ga"}]}},"_links":{"self":[{"href":"https:\/\/dev.tg4.ie\/ga\/wp-json\/wp\/v2\/pages\/111444"}],"collection":[{"href":"https:\/\/dev.tg4.ie\/ga\/wp-json\/wp\/v2\/pages"}],"about":[{"href":"https:\/\/dev.tg4.ie\/ga\/wp-json\/wp\/v2\/types\/page"}],"author":[{"embeddable":true,"href":"https:\/\/dev.tg4.ie\/ga\/wp-json\/wp\/v2\/users\/876"}],"replies":[{"embeddable":true,"href":"https:\/\/dev.tg4.ie\/ga\/wp-json\/wp\/v2\/comments?post=111444"}],"version-history":[{"count":0,"href":"https:\/\/dev.tg4.ie\/ga\/wp-json\/wp\/v2\/pages\/111444\/revisions"}],"up":[{"embeddable":true,"href":"https:\/\/dev.tg4.ie\/ga\/wp-json\/wp\/v2\/pages\/98830"}],"wp:attachment":[{"href":"https:\/\/dev.tg4.ie\/ga\/wp-json\/wp\/v2\/media?parent=111444"}],"curies":[{"name":"wp","href":"https:\/\/api.w.org\/{rel}","templated":true}]}}