{"id":111455,"date":"2019-12-20T10:17:55","date_gmt":"2019-12-20T10:17:55","guid":{"rendered":"https:\/\/dev.tg4.ie\/?page_id=111455"},"modified":"2019-12-20T10:17:55","modified_gmt":"2019-12-20T10:17:55","slug":"mi-eanair-do-phaisti-ar-cula4","status":"publish","type":"page","link":"https:\/\/dev.tg4.ie\/ga\/eolas\/preas\/nuacht-raitis\/2019-2\/mi-eanair-do-phaisti-ar-cula4\/","title":{"rendered":"M\u00ed Ean\u00e1ir do ph\u00e1ist\u00ed ar C\u00fala4"},"content":{"rendered":"<p><span>T\u00e1 rogha na gcl\u00e1r ar f\u00e1il do ph\u00e1ist\u00ed, tuismitheoir\u00ed agus m\u00fainteoir\u00ed an Ean\u00e1ir seo gach l\u00e1 ar C\u00fala4.\u00a0 Is f\u00e9idir teacht ar na cl\u00e1ir freisin ar aip C\u00fala4 agus ar an seinnteoir C\u00fala4.com<br \/>\n<\/span><br \/>\n&nbsp;<\/p>\n<p><strong><span>PJ MASKS NUA Luan &#8211; Aoine 3:20pm\u00a0<\/span><\/strong><\/p>\n<p><img loading=\"lazy\" decoding=\"async\" width=\"1920\" height=\"1080\" src=\"https:\/\/tg4-docs.s3.amazonaws.com\/tg4-redesign-2015\/wp-content\/uploads\/2019\/12\/PJ_Masks_Sr2_1920x1080.jpg\" alt=\"\" class=\"alignleft size-full wp-image-111458\" srcset=\"https:\/\/tg4-docs.s3.amazonaws.com\/tg4-redesign-2015\/wp-content\/uploads\/2019\/12\/PJ_Masks_Sr2_1920x1080.jpg 1920w, https:\/\/tg4-docs.s3.amazonaws.com\/tg4-redesign-2015\/wp-content\/uploads\/2019\/12\/PJ_Masks_Sr2_1920x1080-250x141.jpg 250w, https:\/\/tg4-docs.s3.amazonaws.com\/tg4-redesign-2015\/wp-content\/uploads\/2019\/12\/PJ_Masks_Sr2_1920x1080-700x394.jpg 700w, https:\/\/tg4-docs.s3.amazonaws.com\/tg4-redesign-2015\/wp-content\/uploads\/2019\/12\/PJ_Masks_Sr2_1920x1080-252x141.jpg 252w, https:\/\/tg4-docs.s3.amazonaws.com\/tg4-redesign-2015\/wp-content\/uploads\/2019\/12\/PJ_Masks_Sr2_1920x1080-1536x864.jpg 1536w, https:\/\/tg4-docs.s3.amazonaws.com\/tg4-redesign-2015\/wp-content\/uploads\/2019\/12\/PJ_Masks_Sr2_1920x1080-120x68.jpg 120w\" sizes=\"(max-width: 1920px) 100vw, 1920px\" \/><\/p>\n<p>PJ Masks ceann de na cl\u00e1ir is deise le p\u00e1ist\u00ed r\u00e9amhscoile. F\u00e9ach ar PJ Masks gach l\u00e1 as Gaeilge ar C\u00fala 4.<br \/>\nIs sraith faoi laochas \u00e9 seo. S\u00e1rlaochas. Ach t\u00e1 rud amh\u00e1in difri\u00fail faoin tsraith seo &#8211; is gas\u00fair iad na s\u00e1rloachra. I rith an lae t\u00e9ann Connor, Amaya agus Greg chuig an scoil cos\u00fail le gach gas\u00far eile, ach san o\u00edche t\u00e9ann na gas\u00fair ar mhisin chun an chathair a choinne\u00e1il sl\u00e1n. Caithfidh siad fanacht go mbeidh s\u00e9 dorcha sa chaoi agus nach n-aithneofar iad. Is s\u00e1rlaochra anois iad Catboy, Owlette agus Gekko &#8211; na PJ Masks!<\/p>\n<p><em>Blais\u00edn:<\/em><\/p>\n<div class=\"grabyo-widget\" style=\"position: relative; overflow: auto; width: 100%; padding-bottom: 56.25%;\"><iframe loading=\"lazy\" src=\"\/\/grabyo.com\/embed.jsp?shareId=cyLb7rBsM77&#038;render=playerBranding:false,&#038;mode=embed&#038;source=scribblelive&#038;medium=embed&#038;tag=videoembed\" width=\"100%\" height=\"100%\" frameborder=\"0\" scrolling=\"no\" allowFullscreen=\"true\" style=\"position: absolute; top: 0px; display: block;\"><\/iframe><\/div>\n<p>&nbsp;<br \/>\n&nbsp;<\/p>\n<p><strong>Curious George &#8211; Luan &#8211; Aoine 9:00am<\/strong><\/p>\n<p><img loading=\"lazy\" decoding=\"async\" width=\"1920\" height=\"1080\" src=\"https:\/\/tg4-docs.s3.amazonaws.com\/tg4-redesign-2015\/wp-content\/uploads\/2019\/12\/Curious_George_1_1920x1080.jpg\" alt=\"\" class=\"alignleft size-full wp-image-111457\" srcset=\"https:\/\/tg4-docs.s3.amazonaws.com\/tg4-redesign-2015\/wp-content\/uploads\/2019\/12\/Curious_George_1_1920x1080.jpg 1920w, https:\/\/tg4-docs.s3.amazonaws.com\/tg4-redesign-2015\/wp-content\/uploads\/2019\/12\/Curious_George_1_1920x1080-250x141.jpg 250w, https:\/\/tg4-docs.s3.amazonaws.com\/tg4-redesign-2015\/wp-content\/uploads\/2019\/12\/Curious_George_1_1920x1080-700x394.jpg 700w, https:\/\/tg4-docs.s3.amazonaws.com\/tg4-redesign-2015\/wp-content\/uploads\/2019\/12\/Curious_George_1_1920x1080-252x141.jpg 252w, https:\/\/tg4-docs.s3.amazonaws.com\/tg4-redesign-2015\/wp-content\/uploads\/2019\/12\/Curious_George_1_1920x1080-1536x864.jpg 1536w, https:\/\/tg4-docs.s3.amazonaws.com\/tg4-redesign-2015\/wp-content\/uploads\/2019\/12\/Curious_George_1_1920x1080-120x68.jpg 120w\" sizes=\"(max-width: 1920px) 100vw, 1920px\" \/><\/p>\n<p>Beochan \u00e9 Curious George bunaithe ar leabhair Margret agus H.A. Rey.  Will Ferrell an pr\u00edomhaisteoir sa scann\u00e1n seo faoi sti\u00fair Matthew O&#8217;Callaghan. Is fear uasal \u00e9 an fear a mb\u00edonn an hata bu\u00ed air a thugann aire d\u00e1 pheata beag &#8211; monca\u00ed &#8211; peata fiosrach agus aoibhinn a ligeann d\u00e1 dh\u00edograis an ceann is fearr a fh\u00e1il air!<\/p>\n<p>&nbsp;<br \/>\n&nbsp;<\/p>\n<p><strong>An Siopa Eala\u00edne &#8211; Gach C\u00e9adaoin 3:30pm \/ D\u00e9 Sathairn 9:50am<\/strong><\/p>\n<p><img loading=\"lazy\" decoding=\"async\" width=\"1920\" height=\"1080\" src=\"https:\/\/tg4-docs.s3.amazonaws.com\/tg4-redesign-2015\/wp-content\/uploads\/2019\/11\/Siopa_Ealaine_1_1920x1080.jpg\" alt=\"\" class=\"alignleft size-full wp-image-110736\" srcset=\"https:\/\/tg4-docs.s3.amazonaws.com\/tg4-redesign-2015\/wp-content\/uploads\/2019\/11\/Siopa_Ealaine_1_1920x1080.jpg 1920w, https:\/\/tg4-docs.s3.amazonaws.com\/tg4-redesign-2015\/wp-content\/uploads\/2019\/11\/Siopa_Ealaine_1_1920x1080-250x141.jpg 250w, https:\/\/tg4-docs.s3.amazonaws.com\/tg4-redesign-2015\/wp-content\/uploads\/2019\/11\/Siopa_Ealaine_1_1920x1080-700x394.jpg 700w, https:\/\/tg4-docs.s3.amazonaws.com\/tg4-redesign-2015\/wp-content\/uploads\/2019\/11\/Siopa_Ealaine_1_1920x1080-252x141.jpg 252w, https:\/\/tg4-docs.s3.amazonaws.com\/tg4-redesign-2015\/wp-content\/uploads\/2019\/11\/Siopa_Ealaine_1_1920x1080-1536x864.jpg 1536w, https:\/\/tg4-docs.s3.amazonaws.com\/tg4-redesign-2015\/wp-content\/uploads\/2019\/11\/Siopa_Ealaine_1_1920x1080-120x68.jpg 120w\" sizes=\"(max-width: 1920px) 100vw, 1920px\" \/><\/p>\n<p>Foirfe do laethanta b\u00e1ist\u00ed tar \u00e9is na scoile!<br \/>\nIs sraith eala\u00edne nu\u00e1lach \u00e9 Siopa Eala\u00edne at\u00e1 d\u00edrithe ar ghas\u00fair r\u00e9amhscoile. M\u00fainfidh an l\u00e1ithreoir Neasa scileanna eala\u00edne ar bhealach siams\u00fail agus spra\u00ed\u00fail as a siopa f\u00e9in i gcro\u00edl\u00e1r an phobail i mbaile beag \u00e1lainn cois farraige. Tagann a cairde ar cuairt gach l\u00e1 agus iad ag lorg comhairle eala\u00edne uirthi. Beidh neart spraoi, sp\u00f3rt agus eala\u00edon i siopa Neasa. F\u00e1ilte isteach!<\/p>\n<p>&nbsp;<br \/>\n&nbsp;<\/p>\n<h3>C\u00fala4 do Ph\u00e1ist\u00ed N\u00edos Sine<\/h3>\n<p><strong>Clarence &#8211; Luan &#8211; Aoine 4:26pm <\/strong><\/p>\n<p><img loading=\"lazy\" decoding=\"async\" width=\"1920\" height=\"1080\" src=\"https:\/\/tg4-docs.s3.amazonaws.com\/tg4-redesign-2015\/wp-content\/uploads\/2019\/12\/Clarence_20_1920x1080.jpg\" alt=\"\" class=\"alignleft size-full wp-image-111465\" srcset=\"https:\/\/tg4-docs.s3.amazonaws.com\/tg4-redesign-2015\/wp-content\/uploads\/2019\/12\/Clarence_20_1920x1080.jpg 1920w, https:\/\/tg4-docs.s3.amazonaws.com\/tg4-redesign-2015\/wp-content\/uploads\/2019\/12\/Clarence_20_1920x1080-250x141.jpg 250w, https:\/\/tg4-docs.s3.amazonaws.com\/tg4-redesign-2015\/wp-content\/uploads\/2019\/12\/Clarence_20_1920x1080-700x394.jpg 700w, https:\/\/tg4-docs.s3.amazonaws.com\/tg4-redesign-2015\/wp-content\/uploads\/2019\/12\/Clarence_20_1920x1080-252x141.jpg 252w, https:\/\/tg4-docs.s3.amazonaws.com\/tg4-redesign-2015\/wp-content\/uploads\/2019\/12\/Clarence_20_1920x1080-1536x864.jpg 1536w, https:\/\/tg4-docs.s3.amazonaws.com\/tg4-redesign-2015\/wp-content\/uploads\/2019\/12\/Clarence_20_1920x1080-120x68.jpg 120w\" sizes=\"(max-width: 1920px) 100vw, 1920px\" \/><\/p>\n<p>Beidh aithne ag p\u00e1ist\u00ed ar Clarence \u00f3n Cartoon Network.  T\u00e1 s\u00e9 le feice\u00e1il ar C\u00fala4 as Gaeilge.<br \/>\nIs buachaill l\u00e1ch, spra\u00ed\u00fail \u00e9 Clarence nach bhfuil urch\u00f3id ar bith ann agus a cheapann nach bhfuil dochar in aon duine. Sumo agus Jeff na cairde is fearr aige. T\u00e1 samhla\u00edocht ar leith aige agus is minic a tharraing\u00edonn sin triobl\u00f3id air!<\/p>\n<p>&nbsp;<br \/>\n&nbsp;<\/p>\n<p><strong>Adventure Time &#8211; D\u00e9 M\u00e1irt &#038; D\u00e9 C\u00e9adaoin 5:20pm<\/strong><\/p>\n<p><img loading=\"lazy\" decoding=\"async\" width=\"1920\" height=\"1080\" src=\"https:\/\/tg4-docs.s3.amazonaws.com\/tg4-redesign-2015\/wp-content\/uploads\/2019\/12\/Adventure_Time_1_1920x1080.jpg\" alt=\"\" class=\"alignleft size-full wp-image-111466\" srcset=\"https:\/\/tg4-docs.s3.amazonaws.com\/tg4-redesign-2015\/wp-content\/uploads\/2019\/12\/Adventure_Time_1_1920x1080.jpg 1920w, https:\/\/tg4-docs.s3.amazonaws.com\/tg4-redesign-2015\/wp-content\/uploads\/2019\/12\/Adventure_Time_1_1920x1080-250x141.jpg 250w, https:\/\/tg4-docs.s3.amazonaws.com\/tg4-redesign-2015\/wp-content\/uploads\/2019\/12\/Adventure_Time_1_1920x1080-700x394.jpg 700w, https:\/\/tg4-docs.s3.amazonaws.com\/tg4-redesign-2015\/wp-content\/uploads\/2019\/12\/Adventure_Time_1_1920x1080-252x141.jpg 252w, https:\/\/tg4-docs.s3.amazonaws.com\/tg4-redesign-2015\/wp-content\/uploads\/2019\/12\/Adventure_Time_1_1920x1080-1536x864.jpg 1536w, https:\/\/tg4-docs.s3.amazonaws.com\/tg4-redesign-2015\/wp-content\/uploads\/2019\/12\/Adventure_Time_1_1920x1080-120x68.jpg 120w\" sizes=\"(max-width: 1920px) 100vw, 1920px\" \/><\/p>\n<p>Buachaill dh\u00e1 bhliain d\u00e9ag \u00e9 Finn a bh\u00edonn ag comhrac an oilc i dT\u00edr Ooo. N\u00edl s\u00e9 gan c\u00fanamh mar go bhfuil a mhadra Jake aige, madra a bhfuil dra\u00edocht aige. Is minic gurb \u00e9 an R\u00ed Seaca, at\u00e1 ag cuardach bean le p\u00f3sadh, a bh\u00edonn le clo\u00ed ag Finn agus Jake. T\u00e1 s\u00e9 socraithe anois ag an R\u00ed an Banphrionsa Bubblegum a ph\u00f3sadh in aghaidh a tola. Caithfidh Finn, Jake agus a gcairde an banphrionsa a choinne\u00e1il sl\u00e1n uaidh!<\/p>\n<p>&nbsp;<br \/>\n&nbsp;<\/p>\n<p><strong>C.L.U.B &#8211; D\u00e9ardaoin 5:05pm<\/strong><\/p>\n<p><img loading=\"lazy\" decoding=\"async\" width=\"1920\" height=\"1080\" src=\"https:\/\/tg4-docs.s3.amazonaws.com\/tg4-redesign-2015\/wp-content\/uploads\/2019\/12\/CLUB_2_1_1920x1080.jpg\" alt=\"\" class=\"alignleft size-full wp-image-111467\" srcset=\"https:\/\/tg4-docs.s3.amazonaws.com\/tg4-redesign-2015\/wp-content\/uploads\/2019\/12\/CLUB_2_1_1920x1080.jpg 1920w, https:\/\/tg4-docs.s3.amazonaws.com\/tg4-redesign-2015\/wp-content\/uploads\/2019\/12\/CLUB_2_1_1920x1080-250x141.jpg 250w, https:\/\/tg4-docs.s3.amazonaws.com\/tg4-redesign-2015\/wp-content\/uploads\/2019\/12\/CLUB_2_1_1920x1080-700x394.jpg 700w, https:\/\/tg4-docs.s3.amazonaws.com\/tg4-redesign-2015\/wp-content\/uploads\/2019\/12\/CLUB_2_1_1920x1080-252x141.jpg 252w, https:\/\/tg4-docs.s3.amazonaws.com\/tg4-redesign-2015\/wp-content\/uploads\/2019\/12\/CLUB_2_1_1920x1080-1536x864.jpg 1536w, https:\/\/tg4-docs.s3.amazonaws.com\/tg4-redesign-2015\/wp-content\/uploads\/2019\/12\/CLUB_2_1_1920x1080-120x68.jpg 120w\" sizes=\"(max-width: 1920px) 100vw, 1920px\" \/><\/p>\n<p>Se\u00f3 spra\u00ed\u00fail, br\u00edomhar faoi chumann CLG ar fud na t\u00edre agus an spraoi a bh\u00edonn ag na daoine a bh\u00edonn p\u00e1irteach iontu. C\u00e1rthach B\u00e1n Breathnach a chuirfidh C.L.U.B. i l\u00e1thair. Tabharfaidh s\u00e9 aghaidh ar chumainn \u00e9ags\u00fala CLG \u00f3 Ghaoth Dobhair go Corcaigh, as Conamara go Baile \u00c1tha Cliath chun bualadh le himreoir\u00ed na gcumann. Rachaidh imreoir\u00ed \u00f3ga chun p\u00e1irce chun scileanna nua a chleachtadh agus beidh siad sa sti\u00faideo chun cluich\u00ed a imirt. Agus ag deireadh gach cl\u00e1ir, gheobhaidh imreoir amh\u00e1in an deis an c\u00f3its\u00e9ala\u00ed is g\u00e9ire sa chumann a thumadh sa Dunk Tank! D\u00edoltas ar nd\u00f3igh as an m\u00e9id rith a bh\u00edonn le d\u00e9anamh ag traen\u00e1il!<br \/>\n&nbsp;<\/p>\n<p><strong>Is f\u00e9idir f\u00e9achaint ar chl\u00e1ir C\u00fala4 am ar bith ag <a href=\"https:\/\/www.cula4.com\" rel=\"noopener noreferrer\" target=\"_blank\">cula4.com<\/a><\/strong><\/p>\n<p>&nbsp;<\/p>\n","protected":false},"excerpt":{"rendered":"<p>T\u00e1 rogha na gcl\u00e1r ar f\u00e1il do ph\u00e1ist\u00ed, tuismitheoir\u00ed agus m\u00fainteoir\u00ed an Ean\u00e1ir seo gach l\u00e1 ar C\u00fala4.\u00a0 Is f\u00e9idir teacht ar na cl\u00e1ir freisin ar aip C\u00fala4 agus ar an seinnteoir C\u00fala4.com &nbsp; PJ MASKS NUA Luan &#8211; Aoine 3:20pm\u00a0 PJ Masks ceann de na cl\u00e1ir is deise le p\u00e1ist\u00ed r\u00e9amhscoile. F\u00e9ach ar PJ [&hellip;]<\/p>\n","protected":false},"author":876,"featured_media":0,"parent":98830,"menu_order":52,"comment_status":"closed","ping_status":"closed","template":"page-templates\/template-pr.php","meta":{"_acf_changed":false,"footnotes":""},"acf":[],"yoast_head":"<!-- This site is optimized with the Yoast SEO plugin v22.6 - https:\/\/yoast.com\/wordpress\/plugins\/seo\/ -->\n<title>M\u00ed Ean\u00e1ir do ph\u00e1ist\u00ed ar C\u00fala4 | Preas R\u00e1iteas | TG4<\/title>\n<meta name=\"robots\" content=\"index, follow, max-snippet:-1, max-image-preview:large, max-video-preview:-1\" \/>\n<meta property=\"og:locale\" content=\"en_US\" \/>\n<meta property=\"og:type\" content=\"article\" \/>\n<meta property=\"og:title\" content=\"M\u00ed Ean\u00e1ir do ph\u00e1ist\u00ed ar C\u00fala4 | Preas R\u00e1iteas | TG4\" \/>\n<meta property=\"og:description\" content=\"T\u00e1 rogha na gcl\u00e1r ar f\u00e1il do ph\u00e1ist\u00ed, tuismitheoir\u00ed agus m\u00fainteoir\u00ed an Ean\u00e1ir seo gach l\u00e1 ar C\u00fala4.\u00a0 Is f\u00e9idir teacht ar na cl\u00e1ir freisin ar aip C\u00fala4 agus ar an seinnteoir C\u00fala4.com &nbsp; PJ MASKS NUA Luan &#8211; Aoine 3:20pm\u00a0 PJ Masks ceann de na cl\u00e1ir is deise le p\u00e1ist\u00ed r\u00e9amhscoile. F\u00e9ach ar PJ [&hellip;]\" \/>\n<meta property=\"og:url\" content=\"https:\/\/dev.tg4.ie\/ga\/eolas\/preas\/nuacht-raitis\/2019-2\/mi-eanair-do-phaisti-ar-cula4\/\" \/>\n<meta property=\"og:site_name\" content=\"TG4\" \/>\n<meta property=\"article:publisher\" content=\"https:\/\/www.facebook.com\/TG4TV\" \/>\n<meta property=\"og:image\" content=\"https:\/\/tg4-docs.s3.amazonaws.com\/tg4-redesign-2015\/wp-content\/uploads\/2019\/12\/CLUB_2_1_1920x1080.jpg\" \/>\n\t<meta property=\"og:image:width\" content=\"1920\" \/>\n\t<meta property=\"og:image:height\" content=\"1080\" \/>\n\t<meta property=\"og:image:type\" content=\"image\/jpeg\" \/>\n<meta name=\"twitter:card\" content=\"summary_large_image\" \/>\n<meta name=\"twitter:image\" content=\"https:\/\/tg4-docs.s3.amazonaws.com\/tg4-redesign-2015\/wp-content\/uploads\/2019\/12\/CLUB_2_1_1920x1080.jpg\" \/>\n<meta name=\"twitter:site\" content=\"@TG4TV\" \/>\n<meta name=\"twitter:label1\" content=\"Est. reading time\" \/>\n\t<meta name=\"twitter:data1\" content=\"3 minutes\" \/>\n<script type=\"application\/ld+json\" class=\"yoast-schema-graph\">{\"@context\":\"https:\/\/schema.org\",\"@graph\":[{\"@type\":\"WebPage\",\"@id\":\"https:\/\/dev.tg4.ie\/ga\/eolas\/preas\/nuacht-raitis\/2019-2\/mi-eanair-do-phaisti-ar-cula4\/\",\"url\":\"https:\/\/dev.tg4.ie\/ga\/eolas\/preas\/nuacht-raitis\/2019-2\/mi-eanair-do-phaisti-ar-cula4\/\",\"name\":\"M\u00ed Ean\u00e1ir do ph\u00e1ist\u00ed ar C\u00fala4 | Preas R\u00e1iteas | TG4\",\"isPartOf\":{\"@id\":\"https:\/\/dev.tg4.ie\/en\/#website\"},\"primaryImageOfPage\":{\"@id\":\"https:\/\/dev.tg4.ie\/ga\/eolas\/preas\/nuacht-raitis\/2019-2\/mi-eanair-do-phaisti-ar-cula4\/#primaryimage\"},\"image\":{\"@id\":\"https:\/\/dev.tg4.ie\/ga\/eolas\/preas\/nuacht-raitis\/2019-2\/mi-eanair-do-phaisti-ar-cula4\/#primaryimage\"},\"thumbnailUrl\":\"https:\/\/dev.tg4.ie\/wp-content\/uploads\/2019\/12\/PJ_Masks_Sr2_1920x1080.jpg\",\"datePublished\":\"2019-12-20T10:17:55+00:00\",\"dateModified\":\"2019-12-20T10:17:55+00:00\",\"breadcrumb\":{\"@id\":\"https:\/\/dev.tg4.ie\/ga\/eolas\/preas\/nuacht-raitis\/2019-2\/mi-eanair-do-phaisti-ar-cula4\/#breadcrumb\"},\"inLanguage\":\"ga\",\"potentialAction\":[{\"@type\":\"ReadAction\",\"target\":[\"https:\/\/dev.tg4.ie\/ga\/eolas\/preas\/nuacht-raitis\/2019-2\/mi-eanair-do-phaisti-ar-cula4\/\"]}]},{\"@type\":\"ImageObject\",\"inLanguage\":\"ga\",\"@id\":\"https:\/\/dev.tg4.ie\/ga\/eolas\/preas\/nuacht-raitis\/2019-2\/mi-eanair-do-phaisti-ar-cula4\/#primaryimage\",\"url\":\"https:\/\/dev.tg4.ie\/wp-content\/uploads\/2019\/12\/PJ_Masks_Sr2_1920x1080.jpg\",\"contentUrl\":\"https:\/\/dev.tg4.ie\/wp-content\/uploads\/2019\/12\/PJ_Masks_Sr2_1920x1080.jpg\"},{\"@type\":\"BreadcrumbList\",\"@id\":\"https:\/\/dev.tg4.ie\/ga\/eolas\/preas\/nuacht-raitis\/2019-2\/mi-eanair-do-phaisti-ar-cula4\/#breadcrumb\",\"itemListElement\":[{\"@type\":\"ListItem\",\"position\":1,\"name\":\"Home\",\"item\":\"https:\/\/dev.tg4.ie\/ga\/\"},{\"@type\":\"ListItem\",\"position\":2,\"name\":\"Eolas\",\"item\":\"https:\/\/dev.tg4.ie\/ga\/eolas\/\"},{\"@type\":\"ListItem\",\"position\":3,\"name\":\"Preas\",\"item\":\"https:\/\/dev.tg4.ie\/ga\/eolas\/preas\/\"},{\"@type\":\"ListItem\",\"position\":4,\"name\":\"Nuacht R\u00e1itis\",\"item\":\"https:\/\/dev.tg4.ie\/ga\/eolas\/preas\/nuacht-raitis\/\"},{\"@type\":\"ListItem\",\"position\":5,\"name\":\"2019\",\"item\":\"https:\/\/dev.tg4.ie\/ga\/eolas\/preas\/nuacht-raitis\/2019-2\/\"},{\"@type\":\"ListItem\",\"position\":6,\"name\":\"M\u00ed Ean\u00e1ir do ph\u00e1ist\u00ed ar C\u00fala4\"}]},{\"@type\":\"WebSite\",\"@id\":\"https:\/\/dev.tg4.ie\/en\/#website\",\"url\":\"https:\/\/dev.tg4.ie\/en\/\",\"name\":\"TG4\",\"description\":\"S\u00fail Eile\",\"potentialAction\":[{\"@type\":\"SearchAction\",\"target\":{\"@type\":\"EntryPoint\",\"urlTemplate\":\"https:\/\/dev.tg4.ie\/en\/?s={search_term_string}\"},\"query-input\":\"required name=search_term_string\"}],\"inLanguage\":\"ga\"}]}<\/script>\n<!-- \/ Yoast SEO plugin. -->","yoast_head_json":{"title":"M\u00ed Ean\u00e1ir do ph\u00e1ist\u00ed ar C\u00fala4 | Preas R\u00e1iteas | TG4","robots":{"index":"index","follow":"follow","max-snippet":"max-snippet:-1","max-image-preview":"max-image-preview:large","max-video-preview":"max-video-preview:-1"},"og_locale":"en_US","og_type":"article","og_title":"M\u00ed Ean\u00e1ir do ph\u00e1ist\u00ed ar C\u00fala4 | Preas R\u00e1iteas | TG4","og_description":"T\u00e1 rogha na gcl\u00e1r ar f\u00e1il do ph\u00e1ist\u00ed, tuismitheoir\u00ed agus m\u00fainteoir\u00ed an Ean\u00e1ir seo gach l\u00e1 ar C\u00fala4.\u00a0 Is f\u00e9idir teacht ar na cl\u00e1ir freisin ar aip C\u00fala4 agus ar an seinnteoir C\u00fala4.com &nbsp; PJ MASKS NUA Luan &#8211; Aoine 3:20pm\u00a0 PJ Masks ceann de na cl\u00e1ir is deise le p\u00e1ist\u00ed r\u00e9amhscoile. F\u00e9ach ar PJ [&hellip;]","og_url":"https:\/\/dev.tg4.ie\/ga\/eolas\/preas\/nuacht-raitis\/2019-2\/mi-eanair-do-phaisti-ar-cula4\/","og_site_name":"TG4","article_publisher":"https:\/\/www.facebook.com\/TG4TV","og_image":[{"width":1920,"height":1080,"url":"https:\/\/tg4-docs.s3.amazonaws.com\/tg4-redesign-2015\/wp-content\/uploads\/2019\/12\/CLUB_2_1_1920x1080.jpg","type":"image\/jpeg"}],"twitter_card":"summary_large_image","twitter_image":"https:\/\/tg4-docs.s3.amazonaws.com\/tg4-redesign-2015\/wp-content\/uploads\/2019\/12\/CLUB_2_1_1920x1080.jpg","twitter_site":"@TG4TV","twitter_misc":{"Est. reading time":"3 minutes"},"schema":{"@context":"https:\/\/schema.org","@graph":[{"@type":"WebPage","@id":"https:\/\/dev.tg4.ie\/ga\/eolas\/preas\/nuacht-raitis\/2019-2\/mi-eanair-do-phaisti-ar-cula4\/","url":"https:\/\/dev.tg4.ie\/ga\/eolas\/preas\/nuacht-raitis\/2019-2\/mi-eanair-do-phaisti-ar-cula4\/","name":"M\u00ed Ean\u00e1ir do ph\u00e1ist\u00ed ar C\u00fala4 | Preas R\u00e1iteas | TG4","isPartOf":{"@id":"https:\/\/dev.tg4.ie\/en\/#website"},"primaryImageOfPage":{"@id":"https:\/\/dev.tg4.ie\/ga\/eolas\/preas\/nuacht-raitis\/2019-2\/mi-eanair-do-phaisti-ar-cula4\/#primaryimage"},"image":{"@id":"https:\/\/dev.tg4.ie\/ga\/eolas\/preas\/nuacht-raitis\/2019-2\/mi-eanair-do-phaisti-ar-cula4\/#primaryimage"},"thumbnailUrl":"https:\/\/dev.tg4.ie\/wp-content\/uploads\/2019\/12\/PJ_Masks_Sr2_1920x1080.jpg","datePublished":"2019-12-20T10:17:55+00:00","dateModified":"2019-12-20T10:17:55+00:00","breadcrumb":{"@id":"https:\/\/dev.tg4.ie\/ga\/eolas\/preas\/nuacht-raitis\/2019-2\/mi-eanair-do-phaisti-ar-cula4\/#breadcrumb"},"inLanguage":"ga","potentialAction":[{"@type":"ReadAction","target":["https:\/\/dev.tg4.ie\/ga\/eolas\/preas\/nuacht-raitis\/2019-2\/mi-eanair-do-phaisti-ar-cula4\/"]}]},{"@type":"ImageObject","inLanguage":"ga","@id":"https:\/\/dev.tg4.ie\/ga\/eolas\/preas\/nuacht-raitis\/2019-2\/mi-eanair-do-phaisti-ar-cula4\/#primaryimage","url":"https:\/\/dev.tg4.ie\/wp-content\/uploads\/2019\/12\/PJ_Masks_Sr2_1920x1080.jpg","contentUrl":"https:\/\/dev.tg4.ie\/wp-content\/uploads\/2019\/12\/PJ_Masks_Sr2_1920x1080.jpg"},{"@type":"BreadcrumbList","@id":"https:\/\/dev.tg4.ie\/ga\/eolas\/preas\/nuacht-raitis\/2019-2\/mi-eanair-do-phaisti-ar-cula4\/#breadcrumb","itemListElement":[{"@type":"ListItem","position":1,"name":"Home","item":"https:\/\/dev.tg4.ie\/ga\/"},{"@type":"ListItem","position":2,"name":"Eolas","item":"https:\/\/dev.tg4.ie\/ga\/eolas\/"},{"@type":"ListItem","position":3,"name":"Preas","item":"https:\/\/dev.tg4.ie\/ga\/eolas\/preas\/"},{"@type":"ListItem","position":4,"name":"Nuacht R\u00e1itis","item":"https:\/\/dev.tg4.ie\/ga\/eolas\/preas\/nuacht-raitis\/"},{"@type":"ListItem","position":5,"name":"2019","item":"https:\/\/dev.tg4.ie\/ga\/eolas\/preas\/nuacht-raitis\/2019-2\/"},{"@type":"ListItem","position":6,"name":"M\u00ed Ean\u00e1ir do ph\u00e1ist\u00ed ar C\u00fala4"}]},{"@type":"WebSite","@id":"https:\/\/dev.tg4.ie\/en\/#website","url":"https:\/\/dev.tg4.ie\/en\/","name":"TG4","description":"S\u00fail Eile","potentialAction":[{"@type":"SearchAction","target":{"@type":"EntryPoint","urlTemplate":"https:\/\/dev.tg4.ie\/en\/?s={search_term_string}"},"query-input":"required name=search_term_string"}],"inLanguage":"ga"}]}},"_links":{"self":[{"href":"https:\/\/dev.tg4.ie\/ga\/wp-json\/wp\/v2\/pages\/111455"}],"collection":[{"href":"https:\/\/dev.tg4.ie\/ga\/wp-json\/wp\/v2\/pages"}],"about":[{"href":"https:\/\/dev.tg4.ie\/ga\/wp-json\/wp\/v2\/types\/page"}],"author":[{"embeddable":true,"href":"https:\/\/dev.tg4.ie\/ga\/wp-json\/wp\/v2\/users\/876"}],"replies":[{"embeddable":true,"href":"https:\/\/dev.tg4.ie\/ga\/wp-json\/wp\/v2\/comments?post=111455"}],"version-history":[{"count":0,"href":"https:\/\/dev.tg4.ie\/ga\/wp-json\/wp\/v2\/pages\/111455\/revisions"}],"up":[{"embeddable":true,"href":"https:\/\/dev.tg4.ie\/ga\/wp-json\/wp\/v2\/pages\/98830"}],"wp:attachment":[{"href":"https:\/\/dev.tg4.ie\/ga\/wp-json\/wp\/v2\/media?parent=111455"}],"curies":[{"name":"wp","href":"https:\/\/api.w.org\/{rel}","templated":true}]}}