{"id":111529,"date":"2020-01-06T10:01:08","date_gmt":"2020-01-06T10:01:08","guid":{"rendered":"https:\/\/dev.tg4.ie\/?page_id=111529"},"modified":"2020-01-06T10:01:08","modified_gmt":"2020-01-06T10:01:08","slug":"meadu-suntasach-ar-lucht-feachana-tg4-thar-threimhse-na-nollag","status":"publish","type":"page","link":"https:\/\/dev.tg4.ie\/ga\/eolas\/preas\/nuacht-raitis\/2020-2\/meadu-suntasach-ar-lucht-feachana-tg4-thar-threimhse-na-nollag\/","title":{"rendered":"M\u00e9ad\u00fa Suntasach ar Lucht F\u00e9achana TG4 thar thr\u00e9imhse na Nollag"},"content":{"rendered":"<ul>\n<li>sciar thr\u00e9imhse na Nollag (O\u00edche Nollag go L\u00e1 Caille) suas 13% v 2018<\/li>\n<li>Lucht f\u00e9achana n\u00edos airde do 7 l\u00e1 as 9 l\u00e1 sa thr\u00e9imhse v 2018<\/li>\n<li>1.9m aimsi\u00fa le linn na tr\u00e9imhse<\/li>\n<li>650,000 aimsi\u00fa ar O\u00edche Nollag agus L\u00e1 Nollag.<\/li>\n<\/ul>\n<p>Bh\u00ed TG4 ar an 6\u00fa gcain\u00e9al teilif\u00edse is m\u00f3 f\u00e9achana in \u00c9irinn i 2019, agus bh\u00ed sciar de 2.7% ag TG4 thar thr\u00e9imhse na Nollag. Bh\u00ed aimsi\u00fa laeth\u00fail de 569,000 duine agus aimsi\u00fa ioml\u00e1in de 1.9 milli\u00fan. Bh\u00ed sciar de os cionn 3% ag TG4 ar O\u00edche Nollag, an 28\u00fa Nollaig agus L\u00e1 Caille.<br \/>\nBa \u00e9 \u2018Opry le Daniel\u2019 an cl\u00e1r is m\u00f3 faire le 83,000 ar O\u00edche Nollag, agus sciar de 6.7% ag an gcl\u00e1r ceoil. An dara cl\u00e1r is m\u00f3 f\u00e9achana le 81,000 n\u00e1 \u2018Rugba\u00ed Beo\u2019 ar an 28\u00fa Nollaig, cl\u00fadach iarbheo ar an gcluiche idir Laighin v Mumha. Bh\u00ed an-t\u00f3ir ar scann\u00e1in na Nollag ar TG4 i mbliana. Ba \u00e9 \u2018Into The West\u2019 an cl\u00e1r is m\u00f3 f\u00e9achana ar L\u00e1 Nollag le 79,000 duine ag faire air, agus bh\u00ed an-t\u00f3ir ar \u2018Dirty Dancing\u2019 O\u00edche Nollag a d\u2019fh\u00e9ach 76,000 duine air agus a raibh sciar de 9% aige.<\/p>\n<p>Thaitin cl\u00e1ir nua na Nollag leis an lucht f\u00e9achana freisin. Bh\u00ed \u00f3s cionn 60,000 duine ag breathn\u00fa ar \u2018Phil Coulter &#8211; Mo Shaol\u2019 L\u00e1 Nollag agus 53,000 a d\u2019fh\u00e9ach ar \u2018Fear Darb Ainm Harris\u2019 L\u00e1 Caille. <\/p>\n<p>Bh\u00ed t\u00f3ir freisin ar \u2018F\u00e1ilte 2020\u2019 a chraoladh beo \u00f3 \u00d3st\u00e1n Tigh Pheacock ar an Teach D\u00f3ite, a raibh 43,000 ag f\u00e9achaint air agus sciar de os cionn 4% aige.<\/p>\n<p>&nbsp;<\/p>\n","protected":false},"excerpt":{"rendered":"<p>sciar thr\u00e9imhse na Nollag (O\u00edche Nollag go L\u00e1 Caille) suas 13% v 2018 Lucht f\u00e9achana n\u00edos airde do 7 l\u00e1 as 9 l\u00e1 sa thr\u00e9imhse v 2018 1.9m aimsi\u00fa le linn na tr\u00e9imhse 650,000 aimsi\u00fa ar O\u00edche Nollag agus L\u00e1 Nollag. Bh\u00ed TG4 ar an 6\u00fa gcain\u00e9al teilif\u00edse is m\u00f3 f\u00e9achana in \u00c9irinn i 2019, [&hellip;]<\/p>\n","protected":false},"author":876,"featured_media":0,"parent":111525,"menu_order":0,"comment_status":"closed","ping_status":"closed","template":"page-templates\/template-pr.php","meta":{"_acf_changed":false,"footnotes":""},"acf":[],"yoast_head":"<!-- This site is optimized with the Yoast SEO plugin v22.6 - https:\/\/yoast.com\/wordpress\/plugins\/seo\/ -->\n<title>M\u00e9ad\u00fa Suntasach ar Lucht F\u00e9achana TG4 thar thr\u00e9imhse na Nollag | Preas R\u00e1iteas | TG4<\/title>\n<meta name=\"robots\" content=\"index, follow, max-snippet:-1, max-image-preview:large, max-video-preview:-1\" \/>\n<meta property=\"og:locale\" content=\"en_US\" \/>\n<meta property=\"og:type\" content=\"article\" \/>\n<meta property=\"og:title\" content=\"M\u00e9ad\u00fa Suntasach ar Lucht F\u00e9achana TG4 thar thr\u00e9imhse na Nollag | Preas R\u00e1iteas | TG4\" \/>\n<meta property=\"og:description\" content=\"sciar thr\u00e9imhse na Nollag (O\u00edche Nollag go L\u00e1 Caille) suas 13% v 2018 Lucht f\u00e9achana n\u00edos airde do 7 l\u00e1 as 9 l\u00e1 sa thr\u00e9imhse v 2018 1.9m aimsi\u00fa le linn na tr\u00e9imhse 650,000 aimsi\u00fa ar O\u00edche Nollag agus L\u00e1 Nollag. Bh\u00ed TG4 ar an 6\u00fa gcain\u00e9al teilif\u00edse is m\u00f3 f\u00e9achana in \u00c9irinn i 2019, [&hellip;]\" \/>\n<meta property=\"og:url\" content=\"https:\/\/dev.tg4.ie\/ga\/eolas\/preas\/nuacht-raitis\/2020-2\/meadu-suntasach-ar-lucht-feachana-tg4-thar-threimhse-na-nollag\/\" \/>\n<meta property=\"og:site_name\" content=\"TG4\" \/>\n<meta property=\"article:publisher\" content=\"https:\/\/www.facebook.com\/TG4TV\" \/>\n<meta property=\"og:image\" content=\"https:\/\/tg4-docs.s3.amazonaws.com\/wp-content\/uploads\/2024\/11\/18151812\/TG4_2024_corcra_teal_1-1920x1080-1.jpg\" \/>\n\t<meta property=\"og:image:width\" content=\"1920\" \/>\n\t<meta property=\"og:image:height\" content=\"1080\" \/>\n\t<meta property=\"og:image:type\" content=\"image\/jpeg\" \/>\n<meta name=\"twitter:card\" content=\"summary_large_image\" \/>\n<meta name=\"twitter:site\" content=\"@TG4TV\" \/>\n<meta name=\"twitter:label1\" content=\"Est. reading time\" \/>\n\t<meta name=\"twitter:data1\" content=\"1 minute\" \/>\n<script type=\"application\/ld+json\" class=\"yoast-schema-graph\">{\"@context\":\"https:\/\/schema.org\",\"@graph\":[{\"@type\":\"WebPage\",\"@id\":\"https:\/\/dev.tg4.ie\/ga\/eolas\/preas\/nuacht-raitis\/2020-2\/meadu-suntasach-ar-lucht-feachana-tg4-thar-threimhse-na-nollag\/\",\"url\":\"https:\/\/dev.tg4.ie\/ga\/eolas\/preas\/nuacht-raitis\/2020-2\/meadu-suntasach-ar-lucht-feachana-tg4-thar-threimhse-na-nollag\/\",\"name\":\"M\u00e9ad\u00fa Suntasach ar Lucht F\u00e9achana TG4 thar thr\u00e9imhse na Nollag | Preas R\u00e1iteas | TG4\",\"isPartOf\":{\"@id\":\"https:\/\/dev.tg4.ie\/en\/#website\"},\"datePublished\":\"2020-01-06T10:01:08+00:00\",\"dateModified\":\"2020-01-06T10:01:08+00:00\",\"breadcrumb\":{\"@id\":\"https:\/\/dev.tg4.ie\/ga\/eolas\/preas\/nuacht-raitis\/2020-2\/meadu-suntasach-ar-lucht-feachana-tg4-thar-threimhse-na-nollag\/#breadcrumb\"},\"inLanguage\":\"ga\",\"potentialAction\":[{\"@type\":\"ReadAction\",\"target\":[\"https:\/\/dev.tg4.ie\/ga\/eolas\/preas\/nuacht-raitis\/2020-2\/meadu-suntasach-ar-lucht-feachana-tg4-thar-threimhse-na-nollag\/\"]}]},{\"@type\":\"BreadcrumbList\",\"@id\":\"https:\/\/dev.tg4.ie\/ga\/eolas\/preas\/nuacht-raitis\/2020-2\/meadu-suntasach-ar-lucht-feachana-tg4-thar-threimhse-na-nollag\/#breadcrumb\",\"itemListElement\":[{\"@type\":\"ListItem\",\"position\":1,\"name\":\"Home\",\"item\":\"https:\/\/dev.tg4.ie\/ga\/\"},{\"@type\":\"ListItem\",\"position\":2,\"name\":\"Eolas\",\"item\":\"https:\/\/dev.tg4.ie\/ga\/eolas\/\"},{\"@type\":\"ListItem\",\"position\":3,\"name\":\"Preas\",\"item\":\"https:\/\/dev.tg4.ie\/ga\/eolas\/preas\/\"},{\"@type\":\"ListItem\",\"position\":4,\"name\":\"Nuacht R\u00e1itis\",\"item\":\"https:\/\/dev.tg4.ie\/ga\/eolas\/preas\/nuacht-raitis\/\"},{\"@type\":\"ListItem\",\"position\":5,\"name\":\"2020\",\"item\":\"https:\/\/dev.tg4.ie\/ga\/eolas\/preas\/nuacht-raitis\/2020-2\/\"},{\"@type\":\"ListItem\",\"position\":6,\"name\":\"M\u00e9ad\u00fa Suntasach ar Lucht F\u00e9achana TG4 thar thr\u00e9imhse na Nollag\"}]},{\"@type\":\"WebSite\",\"@id\":\"https:\/\/dev.tg4.ie\/en\/#website\",\"url\":\"https:\/\/dev.tg4.ie\/en\/\",\"name\":\"TG4\",\"description\":\"S\u00fail Eile\",\"potentialAction\":[{\"@type\":\"SearchAction\",\"target\":{\"@type\":\"EntryPoint\",\"urlTemplate\":\"https:\/\/dev.tg4.ie\/en\/?s={search_term_string}\"},\"query-input\":\"required name=search_term_string\"}],\"inLanguage\":\"ga\"}]}<\/script>\n<!-- \/ Yoast SEO plugin. -->","yoast_head_json":{"title":"M\u00e9ad\u00fa Suntasach ar Lucht F\u00e9achana TG4 thar thr\u00e9imhse na Nollag | Preas R\u00e1iteas | TG4","robots":{"index":"index","follow":"follow","max-snippet":"max-snippet:-1","max-image-preview":"max-image-preview:large","max-video-preview":"max-video-preview:-1"},"og_locale":"en_US","og_type":"article","og_title":"M\u00e9ad\u00fa Suntasach ar Lucht F\u00e9achana TG4 thar thr\u00e9imhse na Nollag | Preas R\u00e1iteas | TG4","og_description":"sciar thr\u00e9imhse na Nollag (O\u00edche Nollag go L\u00e1 Caille) suas 13% v 2018 Lucht f\u00e9achana n\u00edos airde do 7 l\u00e1 as 9 l\u00e1 sa thr\u00e9imhse v 2018 1.9m aimsi\u00fa le linn na tr\u00e9imhse 650,000 aimsi\u00fa ar O\u00edche Nollag agus L\u00e1 Nollag. Bh\u00ed TG4 ar an 6\u00fa gcain\u00e9al teilif\u00edse is m\u00f3 f\u00e9achana in \u00c9irinn i 2019, [&hellip;]","og_url":"https:\/\/dev.tg4.ie\/ga\/eolas\/preas\/nuacht-raitis\/2020-2\/meadu-suntasach-ar-lucht-feachana-tg4-thar-threimhse-na-nollag\/","og_site_name":"TG4","article_publisher":"https:\/\/www.facebook.com\/TG4TV","og_image":[{"width":1920,"height":1080,"url":"https:\/\/tg4-docs.s3.amazonaws.com\/wp-content\/uploads\/2024\/11\/18151812\/TG4_2024_corcra_teal_1-1920x1080-1.jpg","type":"image\/jpeg"}],"twitter_card":"summary_large_image","twitter_site":"@TG4TV","twitter_misc":{"Est. reading time":"1 minute"},"schema":{"@context":"https:\/\/schema.org","@graph":[{"@type":"WebPage","@id":"https:\/\/dev.tg4.ie\/ga\/eolas\/preas\/nuacht-raitis\/2020-2\/meadu-suntasach-ar-lucht-feachana-tg4-thar-threimhse-na-nollag\/","url":"https:\/\/dev.tg4.ie\/ga\/eolas\/preas\/nuacht-raitis\/2020-2\/meadu-suntasach-ar-lucht-feachana-tg4-thar-threimhse-na-nollag\/","name":"M\u00e9ad\u00fa Suntasach ar Lucht F\u00e9achana TG4 thar thr\u00e9imhse na Nollag | Preas R\u00e1iteas | TG4","isPartOf":{"@id":"https:\/\/dev.tg4.ie\/en\/#website"},"datePublished":"2020-01-06T10:01:08+00:00","dateModified":"2020-01-06T10:01:08+00:00","breadcrumb":{"@id":"https:\/\/dev.tg4.ie\/ga\/eolas\/preas\/nuacht-raitis\/2020-2\/meadu-suntasach-ar-lucht-feachana-tg4-thar-threimhse-na-nollag\/#breadcrumb"},"inLanguage":"ga","potentialAction":[{"@type":"ReadAction","target":["https:\/\/dev.tg4.ie\/ga\/eolas\/preas\/nuacht-raitis\/2020-2\/meadu-suntasach-ar-lucht-feachana-tg4-thar-threimhse-na-nollag\/"]}]},{"@type":"BreadcrumbList","@id":"https:\/\/dev.tg4.ie\/ga\/eolas\/preas\/nuacht-raitis\/2020-2\/meadu-suntasach-ar-lucht-feachana-tg4-thar-threimhse-na-nollag\/#breadcrumb","itemListElement":[{"@type":"ListItem","position":1,"name":"Home","item":"https:\/\/dev.tg4.ie\/ga\/"},{"@type":"ListItem","position":2,"name":"Eolas","item":"https:\/\/dev.tg4.ie\/ga\/eolas\/"},{"@type":"ListItem","position":3,"name":"Preas","item":"https:\/\/dev.tg4.ie\/ga\/eolas\/preas\/"},{"@type":"ListItem","position":4,"name":"Nuacht R\u00e1itis","item":"https:\/\/dev.tg4.ie\/ga\/eolas\/preas\/nuacht-raitis\/"},{"@type":"ListItem","position":5,"name":"2020","item":"https:\/\/dev.tg4.ie\/ga\/eolas\/preas\/nuacht-raitis\/2020-2\/"},{"@type":"ListItem","position":6,"name":"M\u00e9ad\u00fa Suntasach ar Lucht F\u00e9achana TG4 thar thr\u00e9imhse na Nollag"}]},{"@type":"WebSite","@id":"https:\/\/dev.tg4.ie\/en\/#website","url":"https:\/\/dev.tg4.ie\/en\/","name":"TG4","description":"S\u00fail Eile","potentialAction":[{"@type":"SearchAction","target":{"@type":"EntryPoint","urlTemplate":"https:\/\/dev.tg4.ie\/en\/?s={search_term_string}"},"query-input":"required name=search_term_string"}],"inLanguage":"ga"}]}},"_links":{"self":[{"href":"https:\/\/dev.tg4.ie\/ga\/wp-json\/wp\/v2\/pages\/111529"}],"collection":[{"href":"https:\/\/dev.tg4.ie\/ga\/wp-json\/wp\/v2\/pages"}],"about":[{"href":"https:\/\/dev.tg4.ie\/ga\/wp-json\/wp\/v2\/types\/page"}],"author":[{"embeddable":true,"href":"https:\/\/dev.tg4.ie\/ga\/wp-json\/wp\/v2\/users\/876"}],"replies":[{"embeddable":true,"href":"https:\/\/dev.tg4.ie\/ga\/wp-json\/wp\/v2\/comments?post=111529"}],"version-history":[{"count":0,"href":"https:\/\/dev.tg4.ie\/ga\/wp-json\/wp\/v2\/pages\/111529\/revisions"}],"up":[{"embeddable":true,"href":"https:\/\/dev.tg4.ie\/ga\/wp-json\/wp\/v2\/pages\/111525"}],"wp:attachment":[{"href":"https:\/\/dev.tg4.ie\/ga\/wp-json\/wp\/v2\/media?parent=111529"}],"curies":[{"name":"wp","href":"https:\/\/api.w.org\/{rel}","templated":true}]}}