{"id":111539,"date":"2020-01-06T12:07:55","date_gmt":"2020-01-06T12:07:55","guid":{"rendered":"https:\/\/dev.tg4.ie\/?page_id=111539"},"modified":"2020-01-06T12:08:39","modified_gmt":"2020-01-06T12:08:39","slug":"bliain-nua-amach-romhainn-ar-tg4","status":"publish","type":"page","link":"https:\/\/dev.tg4.ie\/ga\/eolas\/preas\/nuacht-raitis\/2020-2\/bliain-nua-amach-romhainn-ar-tg4\/","title":{"rendered":"Bliain Nua Amach Romhainn ar TG4"},"content":{"rendered":"<p><img loading=\"lazy\" decoding=\"async\" width=\"1920\" height=\"1080\" class=\"aligncenter size-full wp-image-111543\" src=\"https:\/\/tg4-docs.s3.amazonaws.com\/tg4-redesign-2015\/wp-content\/uploads\/2020\/01\/Creative_Company_2_1920x1080.jpg\" alt=\"\" srcset=\"https:\/\/tg4-docs.s3.amazonaws.com\/tg4-redesign-2015\/wp-content\/uploads\/2020\/01\/Creative_Company_2_1920x1080.jpg 1920w, https:\/\/tg4-docs.s3.amazonaws.com\/tg4-redesign-2015\/wp-content\/uploads\/2020\/01\/Creative_Company_2_1920x1080-250x141.jpg 250w, https:\/\/tg4-docs.s3.amazonaws.com\/tg4-redesign-2015\/wp-content\/uploads\/2020\/01\/Creative_Company_2_1920x1080-700x394.jpg 700w, https:\/\/tg4-docs.s3.amazonaws.com\/tg4-redesign-2015\/wp-content\/uploads\/2020\/01\/Creative_Company_2_1920x1080-252x141.jpg 252w, https:\/\/tg4-docs.s3.amazonaws.com\/tg4-redesign-2015\/wp-content\/uploads\/2020\/01\/Creative_Company_2_1920x1080-1536x864.jpg 1536w, https:\/\/tg4-docs.s3.amazonaws.com\/tg4-redesign-2015\/wp-content\/uploads\/2020\/01\/Creative_Company_2_1920x1080-120x68.jpg 120w\" sizes=\"(max-width: 1920px) 100vw, 1920px\" \/><\/p>\n<p><span><strong>Creative Company ag tos\u00fa D\u00e9ardaoin 9:30pm\u00a0<\/strong><br \/>\n<iframe loading=\"lazy\" src=\"https:\/\/www.youtube.com\/embed\/3KuqhcW_E7s\" width=\"560\" height=\"315\" frameborder=\"0\" allowfullscreen=\"allowfullscreen\"><\/iframe><\/span><\/p>\n<p><span>T\u00e1 Pablo Picasso san Oifig.\u00a0C\u00e9 aige a mbeidh an gradam?\u00a0<\/span><\/p>\n<p><span>Sraith \u00farnua siamsa\u00edochta a bhaineann le heala\u00edon at\u00e1 i Creative Company a bheidh \u00e1 craoladh ar TG4 \u00f3n 9 Ean\u00e1ir agus a rachaidh i bhfeidhm go m\u00f3r ar shamhla\u00edocht mhuintir na t\u00edre agus ina rachfar sa t\u00f3ir ar an ionad oibre is cruthaith\u00ed in \u00c9irinn.\u00a0 An mbeidh gn\u00e1thoibrithe \u00e1balta tarraingt le ch\u00e9ile agus p\u00edosa eala\u00edne a chruth\u00fa?\u00a0 An bhf\u00e9adfadh go bhfuil lucht glantach\u00e1in an chomhlachta n\u00edos cruthaith\u00ed n\u00e1 an Pr\u00edomhfheidhmeannach? An \u00e9ireoidh le hionad oibre sa d\u00fashl\u00e1n eala\u00edne agus p\u00edosa eala\u00edne poibl\u00ed ar sc\u00e1la m\u00f3r a chruth\u00fa i gcomhar?<\/span><br \/>\n&nbsp;<br \/>\n&nbsp;<br \/>\n<strong><span>TAB\u00da &#8211; D\u00e9 C\u00e9adaoin 9:30pm<\/span><\/strong><br \/>\n<iframe loading=\"lazy\" src=\"https:\/\/www.youtube.com\/embed\/alycNNiGjPs\" width=\"560\" height=\"315\" frameborder=\"0\" allowfullscreen=\"allowfullscreen\"><\/iframe><br \/>\n<span>Sraith nua de\u00a0<\/span><strong>Tab\u00fa,<span>\u00a0<\/span><\/strong><span>sraith\u00a0faisn\u00e9ise ionraic a thabharfaidh l\u00e9argas f\u00edorsp\u00e9isi\u00fail ar \u00c9irinn sa l\u00e1 at\u00e1 inniu ann. Faoi thr\u00e1cht sa dara sraith beidh daoine, \u00e1iteanna agus \u00e1bhar a thabharfaidh l\u00e9argas sp\u00e9isi\u00fail ar shocha\u00ed na t\u00edre mar at\u00e1 sa l\u00e1 at\u00e1 inniu ann, \u00e1bhair nach nd\u00e9antar m\u00f3r\u00e1n cainte f\u00fathu. I measc an \u00e1bhair beidh Easpa D\u00eddine, P\u00e1ist\u00ed a bhfuil fadhbanna sl\u00e1inte ainsealacha acu, Aill\u00e9irg\u00ed, Sol\u00e1thar D\u00edreach, Pobal Trasinscneach na h\u00c9ireann, Oibrithe Leighis sa l\u00edne thosaigh ar fud na cruinne, D\u00fashl\u00e1n na nIascair\u00ed, An Garda C\u00f3sta agus deireadh le portaigh Bhord na M\u00f3na.\u00a0 Sa ch\u00e9ad chl\u00e1r beidh l\u00e9argas ar earn\u00e1il na hiascaireachta in \u00c9irinn. T\u00e1 an earn\u00e1il ar cheann de na hearn\u00e1lacha is m\u00f3 a bhfuil rial\u00fa d\u00e9anta uirthi in \u00c9irinn. Caitear 8 m\u00ed i dteannta iascair\u00ed as Oirdheisceart na t\u00edre at\u00e1 ar a nd\u00edcheall ag dul i ngleic le c\u00farsa\u00ed polait\u00edochta, polasaithe, c\u00f3ras na gcu\u00f3ta\u00ed gan tr\u00e1cht ar an teiscinn mh\u00f3r f\u00e9in.\u00a0<\/span><br \/>\n&nbsp;<br \/>\n&nbsp;<\/p>\n<p><strong><span>Catch-22 &#8211;\u00a0 D\u00e9 C\u00e9adaoin 10:30pm \u00f3n 8\u00fa Ean\u00e1ir<\/span><\/strong><br \/>\n<img loading=\"lazy\" decoding=\"async\" width=\"1920\" height=\"1080\" class=\"aligncenter size-full wp-image-111544\" src=\"https:\/\/tg4-docs.s3.amazonaws.com\/tg4-redesign-2015\/wp-content\/uploads\/2020\/01\/Catch_22_2_1920x1080.jpg\" alt=\"\" srcset=\"https:\/\/tg4-docs.s3.amazonaws.com\/tg4-redesign-2015\/wp-content\/uploads\/2020\/01\/Catch_22_2_1920x1080.jpg 1920w, https:\/\/tg4-docs.s3.amazonaws.com\/tg4-redesign-2015\/wp-content\/uploads\/2020\/01\/Catch_22_2_1920x1080-250x141.jpg 250w, https:\/\/tg4-docs.s3.amazonaws.com\/tg4-redesign-2015\/wp-content\/uploads\/2020\/01\/Catch_22_2_1920x1080-700x394.jpg 700w, https:\/\/tg4-docs.s3.amazonaws.com\/tg4-redesign-2015\/wp-content\/uploads\/2020\/01\/Catch_22_2_1920x1080-252x141.jpg 252w, https:\/\/tg4-docs.s3.amazonaws.com\/tg4-redesign-2015\/wp-content\/uploads\/2020\/01\/Catch_22_2_1920x1080-1536x864.jpg 1536w, https:\/\/tg4-docs.s3.amazonaws.com\/tg4-redesign-2015\/wp-content\/uploads\/2020\/01\/Catch_22_2_1920x1080-120x68.jpg 120w\" sizes=\"(max-width: 1920px) 100vw, 1920px\" \/><\/p>\n<p><iframe loading=\"lazy\" src=\"https:\/\/www.youtube.com\/embed\/FUNKSZO1pGY\" width=\"560\" height=\"315\" frameborder=\"0\" allowfullscreen=\"allowfullscreen\"><\/iframe><\/p>\n<p><span>Bunaithe ar \u00farsc\u00e9al Joseph Heller den ainm c\u00e9anna sc\u00e9al \u00e9 Catch 22 faoi Yossraian (Christopher Abbott), oifigeach in Aer Ch\u00f3r Mheirice\u00e1 le linn Chogadh Domhanda II at\u00e1 le ceangal go bhfuil na m\u00edlte duine nach bhfaca s\u00e9 riamh ag iarraidh \u00e9 a mhar\u00fa! Ach n\u00ed h\u00e9 an namhaid is measa d\u00f3 ach a arm f\u00e9in a bh\u00edonn seasta ag cur le l\u00edon na misean a chaithfidh na fir a thabhairt i gcr\u00edch sular f\u00e9idir leo \u00e9ir\u00ed as. Ach m\u00e1 sh\u00edleann Yossarian imeacht \u00f3na chuid dualgas beidh s\u00e9 ag s\u00e1r\u00fa riail ar a dtugtar Catch-22 &#8211; riail \u00e1if\u00e9iseach a bhfuil na fir idir an b\u00e1d agus an balla ceart aige. Sti\u00farth\u00f3ir George Clooney.\u00a0<\/span><br \/>\n&nbsp;<br \/>\n&nbsp;<\/p>\n<p><strong><span>Scann\u00e1n an Luain &#8211;\u00a0 Gach Luan 9:30pm<br \/>\n<\/span><\/strong><br \/>\n<strong>Atonement\u00a0 6\u00fa Ean\u00e1ir 9:30pm<\/strong><br \/>\n<span>(2007, Dr\u00e1ma) Keira Knightley, James McAvoy agus Brenda Blethyn na pr\u00edomhaisteoir\u00ed sa scann\u00e1n seo faoi sti\u00fair Jow Wright. Cuireann Briony Tallis, cail\u00edn \u00f3g tr\u00ed bliana d\u00e9ag, coir nach ndearna s\u00e9, i leith an fhir at\u00e1 ag dul in \u00e9ineacht lena deirfi\u00far. Bunaithe ar \u00farsc\u00e9al gr\u00e1 Ian McEwan.<\/span><br \/>\n<span>\u00a0<\/span><br \/>\n<strong>Criminal 13\u00fa Ean\u00e1ir 9:30pm<\/strong><br \/>\n<span>(2016, Coirsc\u00e9al Aicsin) Kevin Costner, Ryan Reynolds agus Gal Gadot na pr\u00edomhaisteoir\u00ed sa scann\u00e1n seo faoi sti\u00fair Ariel Vromen. D\u00e9antar cuimhn\u00ed, r\u00fain agus scileanna ghn\u00edomhaire CIA, at\u00e1 tar \u00e9is bh\u00e1is, a chur in inchinn phr\u00edos\u00fanach at\u00e1 le cur chun b\u00e1is.<\/span><\/p>\n<p><strong>Inside Llewyn Davis 20\u00fa Ean\u00e1ir 9:30pm<\/strong><br \/>\n<span>(2013, Scann\u00e1n Grinn, Dr\u00e1ma) Oscar Isacc, Carey Mulligan agus John Goodman na pr\u00edomhaisteoir\u00ed sa scann\u00e1n seo faoi sti\u00fair Ethan agus Joel Coen. Caitear seachtain i dteannta fonnad\u00f3ir \u00f3g &#8211; fad a bh\u00edonn s\u00e9 ag d\u00e9anamh a bhealaigh tr\u00ed Shr\u00e1idbhaile Greenwich, l\u00e1rionad an cheoil t\u00edre sna seascaid\u00ed.<\/span><\/p>\n<p><strong>American Made 27\u00fa Ean\u00e1ir 9:30pm<\/strong><br \/>\n<span>(2017, Scann\u00e1n Aicsin, Coiri\u00falacht) Earca\u00edonn an CIA p\u00edol\u00f3ta le dul i mbun cheann de na misin is m\u00f3 faoi cheilt riamh i stair Mheirice\u00e1. Sc\u00e9al Barry Seal, p\u00edol\u00f3ta as Meirice\u00e1 a bh\u00ed ina smuigl\u00e9ir druga\u00ed i misean faoi r\u00fan leis an CIA sna 1980\u00ed, misean ar a dtabharfa\u00ed an Iran-Contra Affair ina dhiaidh sin. Is iad Tom Cruise agus Domhnall Gleeson na pr\u00edomhaisteoir\u00ed.<\/span><br \/>\n&nbsp;<br \/>\n&nbsp;<\/p>\n<p><strong><span>S\u00e9 Mo Laoch D\u00e9 Domhnaigh 9:30pm ag tos\u00fa 12\u00fa Ean\u00e1ir<\/span><\/strong><br \/>\n<img loading=\"lazy\" decoding=\"async\" width=\"1920\" height=\"1080\" class=\"aligncenter size-full wp-image-111545\" src=\"https:\/\/tg4-docs.s3.amazonaws.com\/tg4-redesign-2015\/wp-content\/uploads\/2020\/01\/Se_Mo_Laoch-Steve_Cooney_2_1920x1080.jpg\" alt=\"\" srcset=\"https:\/\/tg4-docs.s3.amazonaws.com\/tg4-redesign-2015\/wp-content\/uploads\/2020\/01\/Se_Mo_Laoch-Steve_Cooney_2_1920x1080.jpg 1920w, https:\/\/tg4-docs.s3.amazonaws.com\/tg4-redesign-2015\/wp-content\/uploads\/2020\/01\/Se_Mo_Laoch-Steve_Cooney_2_1920x1080-250x141.jpg 250w, https:\/\/tg4-docs.s3.amazonaws.com\/tg4-redesign-2015\/wp-content\/uploads\/2020\/01\/Se_Mo_Laoch-Steve_Cooney_2_1920x1080-700x394.jpg 700w, https:\/\/tg4-docs.s3.amazonaws.com\/tg4-redesign-2015\/wp-content\/uploads\/2020\/01\/Se_Mo_Laoch-Steve_Cooney_2_1920x1080-252x141.jpg 252w, https:\/\/tg4-docs.s3.amazonaws.com\/tg4-redesign-2015\/wp-content\/uploads\/2020\/01\/Se_Mo_Laoch-Steve_Cooney_2_1920x1080-1536x864.jpg 1536w, https:\/\/tg4-docs.s3.amazonaws.com\/tg4-redesign-2015\/wp-content\/uploads\/2020\/01\/Se_Mo_Laoch-Steve_Cooney_2_1920x1080-120x68.jpg 120w\" sizes=\"(max-width: 1920px) 100vw, 1920px\" \/><\/p>\n<p><iframe loading=\"lazy\" src=\"https:\/\/www.youtube.com\/embed\/Z98s8hlVtXU\" width=\"560\" height=\"315\" frameborder=\"0\" allowfullscreen=\"allowfullscreen\"><\/iframe><\/p>\n<p><strong>Sraith Nua:<\/strong><span>\u00a0Sc\u00e9alta agus ceol mh\u00f3rlaochra an cheoil agus na hamhr\u00e1na\u00edochta traidisi\u00fanta in \u00c9irinn. Sraith \u00ed seo a dh\u00e9anfaidh ceili\u00faradh ar shaol agus ar shaothar roinnt de na ceolt\u00f3ir\u00ed agus na hamhr\u00e1naithe is fearr aithne sa t\u00edr agus l\u00e9ireofar an \u00e9ags\u00falacht mh\u00f3r at\u00e1 idir na st\u00edleanna ceoil agus idir na ceolt\u00f3ir\u00ed traidisi\u00fanta in \u00c9irinn. I measc na n-a\u00edonna, beidh an giot\u00e1ra\u00ed Steve Cooney, an t-amhr\u00e1na\u00ed Oiriall &amp; an cumad\u00f3ir P\u00e1draig\u00edn N\u00ed Uallach\u00e1in, fear na fead\u00f3ige m\u00f3ire Patsy Hanly, an boscad\u00f3ir den scoth M\u00e1irt\u00edn O&#8217;Connor agus craolt\u00f3ir Paddy Glackin. Is \u00e9 Steve Cooney a chuirfidh t\u00fas leis an tsraith.<\/span><\/p>\n<p>&nbsp;<br \/>\n&nbsp;<\/p>\n<p><strong>Gl\u00f3r T\u00edre ag tos\u00fa D\u00e9 M\u00e1irt 7\u00fa Ean\u00e1ir 9:30pm\u00a0<\/strong><\/p>\n<p><img loading=\"lazy\" decoding=\"async\" width=\"1920\" height=\"1080\" class=\"aligncenter size-full wp-image-111564\" src=\"https:\/\/tg4-docs.s3.amazonaws.com\/tg4-redesign-2015\/wp-content\/uploads\/2020\/01\/Glor_Tire_Aoife_1_1920x1080.jpg\" alt=\"\" srcset=\"https:\/\/tg4-docs.s3.amazonaws.com\/tg4-redesign-2015\/wp-content\/uploads\/2020\/01\/Glor_Tire_Aoife_1_1920x1080.jpg 1920w, https:\/\/tg4-docs.s3.amazonaws.com\/tg4-redesign-2015\/wp-content\/uploads\/2020\/01\/Glor_Tire_Aoife_1_1920x1080-250x141.jpg 250w, https:\/\/tg4-docs.s3.amazonaws.com\/tg4-redesign-2015\/wp-content\/uploads\/2020\/01\/Glor_Tire_Aoife_1_1920x1080-700x394.jpg 700w, https:\/\/tg4-docs.s3.amazonaws.com\/tg4-redesign-2015\/wp-content\/uploads\/2020\/01\/Glor_Tire_Aoife_1_1920x1080-252x141.jpg 252w, https:\/\/tg4-docs.s3.amazonaws.com\/tg4-redesign-2015\/wp-content\/uploads\/2020\/01\/Glor_Tire_Aoife_1_1920x1080-1536x864.jpg 1536w, https:\/\/tg4-docs.s3.amazonaws.com\/tg4-redesign-2015\/wp-content\/uploads\/2020\/01\/Glor_Tire_Aoife_1_1920x1080-120x68.jpg 120w\" sizes=\"(max-width: 1920px) 100vw, 1920px\" \/><\/p>\n<p><span>T\u00e1 TG4 ar th\u00f3ir an ch\u00e9ad r\u00e9alt eile ceoil t\u00edre. T\u00e1 an tsraithchom\u00f3rtas ceoil t\u00edre &#8216;Gl\u00f3r T\u00edre&#8217; ar ais. T\u00e1 seisear iomaitheoir\u00ed as gach cearn den t\u00edr sa t\u00f3ir ar chraobh na bliana seo. Beidh r\u00e9alta\u00ed m\u00f3ra an cheoil t\u00edre ag tac\u00fa leo le linn na sraithe agus iad sa t\u00f3ir ar v\u00f3ta\u00ed \u00f3n bpobal. Beidh molt\u00f3ir\u00ed an chl\u00e1ir &#8211; John Creedon, Caitr\u00edona N\u00ed Sh\u00failleabh\u00e1in agus J\u00f3 N\u00ed Ch\u00e9ide &#8211; ag iarraidh treoir a thabhairt do na hiomaitheoir\u00ed. \u00c1 chur i l\u00e1thair ag Aoife N\u00ed Thuairisg agus S\u00e9amus \u00d3 Scanl\u00e1in. I measc r\u00e9alta\u00ed m\u00f3ra na bliana seo beidh Patrick Feeney, Mike Denver, Trudi Lalor, John McNicholl, Ciar\u00e1n Rosney agus Jim Devine.<\/span><br \/>\n&nbsp;<br \/>\n&nbsp;<\/p>\n<p><span><strong>GAA Beo &#8211; D\u00e9 Domhnaigh 19\u00fa Ean\u00e1ir 1:30pm<br \/>\n<\/strong><\/span><span>Craobh Club AIB &#8211; Craoladh beo ar Chluich\u00ed Ceannais Sinsir na h\u00c9ireann sa pheil agus san iom\u00e1int. \u00c1 chur i l\u00e1thair ag Miche\u00e1l \u00d3 Domhnaill le tr\u00e1chtaireacht \u00f3 Brian Tyers agus Marcus \u00d3 Buachalla.\u00a0<\/span><\/p>\n<p>&nbsp;<\/p>\n<p>&nbsp;<\/p>\n","protected":false},"excerpt":{"rendered":"<p>Creative Company ag tos\u00fa D\u00e9ardaoin 9:30pm\u00a0 T\u00e1 Pablo Picasso san Oifig.\u00a0C\u00e9 aige a mbeidh an gradam?\u00a0 Sraith \u00farnua siamsa\u00edochta a bhaineann le heala\u00edon at\u00e1 i Creative Company a bheidh \u00e1 craoladh ar TG4 \u00f3n 9 Ean\u00e1ir agus a rachaidh i bhfeidhm go m\u00f3r ar shamhla\u00edocht mhuintir na t\u00edre agus ina rachfar sa t\u00f3ir ar an [&hellip;]<\/p>\n","protected":false},"author":876,"featured_media":0,"parent":111525,"menu_order":1,"comment_status":"closed","ping_status":"closed","template":"page-templates\/template-pr.php","meta":{"_acf_changed":false,"footnotes":""},"acf":[],"yoast_head":"<!-- This site is optimized with the Yoast SEO plugin v22.6 - https:\/\/yoast.com\/wordpress\/plugins\/seo\/ -->\n<title>Bliain Nua Amach Romhainn ar TG4 | Preas R\u00e1iteas | TG4<\/title>\n<meta name=\"robots\" content=\"index, follow, max-snippet:-1, max-image-preview:large, max-video-preview:-1\" \/>\n<meta property=\"og:locale\" content=\"en_US\" \/>\n<meta property=\"og:type\" content=\"article\" \/>\n<meta property=\"og:title\" content=\"Bliain Nua Amach Romhainn ar TG4 | Preas R\u00e1iteas | TG4\" \/>\n<meta property=\"og:description\" content=\"Creative Company ag tos\u00fa D\u00e9ardaoin 9:30pm\u00a0 T\u00e1 Pablo Picasso san Oifig.\u00a0C\u00e9 aige a mbeidh an gradam?\u00a0 Sraith \u00farnua siamsa\u00edochta a bhaineann le heala\u00edon at\u00e1 i Creative Company a bheidh \u00e1 craoladh ar TG4 \u00f3n 9 Ean\u00e1ir agus a rachaidh i bhfeidhm go m\u00f3r ar shamhla\u00edocht mhuintir na t\u00edre agus ina rachfar sa t\u00f3ir ar an [&hellip;]\" \/>\n<meta property=\"og:url\" content=\"https:\/\/dev.tg4.ie\/ga\/eolas\/preas\/nuacht-raitis\/2020-2\/bliain-nua-amach-romhainn-ar-tg4\/\" \/>\n<meta property=\"og:site_name\" content=\"TG4\" \/>\n<meta property=\"article:publisher\" content=\"https:\/\/www.facebook.com\/TG4TV\" \/>\n<meta property=\"article:modified_time\" content=\"2020-01-06T12:08:39+00:00\" \/>\n<meta property=\"og:image\" content=\"https:\/\/tg4-docs.s3.amazonaws.com\/tg4-redesign-2015\/wp-content\/uploads\/2020\/01\/Creative_Company_2_1920x1080.jpg\" \/>\n\t<meta property=\"og:image:width\" content=\"1920\" \/>\n\t<meta property=\"og:image:height\" content=\"1080\" \/>\n\t<meta property=\"og:image:type\" content=\"image\/jpeg\" \/>\n<meta name=\"twitter:card\" content=\"summary_large_image\" \/>\n<meta name=\"twitter:image\" content=\"https:\/\/tg4-docs.s3.amazonaws.com\/tg4-redesign-2015\/wp-content\/uploads\/2020\/01\/Creative_Company_2_1920x1080.jpg\" \/>\n<meta name=\"twitter:site\" content=\"@TG4TV\" \/>\n<meta name=\"twitter:label1\" content=\"Est. reading time\" \/>\n\t<meta name=\"twitter:data1\" content=\"5 minutes\" \/>\n<script type=\"application\/ld+json\" class=\"yoast-schema-graph\">{\"@context\":\"https:\/\/schema.org\",\"@graph\":[{\"@type\":\"WebPage\",\"@id\":\"https:\/\/dev.tg4.ie\/ga\/eolas\/preas\/nuacht-raitis\/2020-2\/bliain-nua-amach-romhainn-ar-tg4\/\",\"url\":\"https:\/\/dev.tg4.ie\/ga\/eolas\/preas\/nuacht-raitis\/2020-2\/bliain-nua-amach-romhainn-ar-tg4\/\",\"name\":\"Bliain Nua Amach Romhainn ar TG4 | Preas R\u00e1iteas | TG4\",\"isPartOf\":{\"@id\":\"https:\/\/dev.tg4.ie\/en\/#website\"},\"primaryImageOfPage\":{\"@id\":\"https:\/\/dev.tg4.ie\/ga\/eolas\/preas\/nuacht-raitis\/2020-2\/bliain-nua-amach-romhainn-ar-tg4\/#primaryimage\"},\"image\":{\"@id\":\"https:\/\/dev.tg4.ie\/ga\/eolas\/preas\/nuacht-raitis\/2020-2\/bliain-nua-amach-romhainn-ar-tg4\/#primaryimage\"},\"thumbnailUrl\":\"https:\/\/dev.tg4.ie\/wp-content\/uploads\/2020\/01\/Creative_Company_2_1920x1080.jpg\",\"datePublished\":\"2020-01-06T12:07:55+00:00\",\"dateModified\":\"2020-01-06T12:08:39+00:00\",\"breadcrumb\":{\"@id\":\"https:\/\/dev.tg4.ie\/ga\/eolas\/preas\/nuacht-raitis\/2020-2\/bliain-nua-amach-romhainn-ar-tg4\/#breadcrumb\"},\"inLanguage\":\"ga\",\"potentialAction\":[{\"@type\":\"ReadAction\",\"target\":[\"https:\/\/dev.tg4.ie\/ga\/eolas\/preas\/nuacht-raitis\/2020-2\/bliain-nua-amach-romhainn-ar-tg4\/\"]}]},{\"@type\":\"ImageObject\",\"inLanguage\":\"ga\",\"@id\":\"https:\/\/dev.tg4.ie\/ga\/eolas\/preas\/nuacht-raitis\/2020-2\/bliain-nua-amach-romhainn-ar-tg4\/#primaryimage\",\"url\":\"https:\/\/dev.tg4.ie\/wp-content\/uploads\/2020\/01\/Creative_Company_2_1920x1080.jpg\",\"contentUrl\":\"https:\/\/dev.tg4.ie\/wp-content\/uploads\/2020\/01\/Creative_Company_2_1920x1080.jpg\"},{\"@type\":\"BreadcrumbList\",\"@id\":\"https:\/\/dev.tg4.ie\/ga\/eolas\/preas\/nuacht-raitis\/2020-2\/bliain-nua-amach-romhainn-ar-tg4\/#breadcrumb\",\"itemListElement\":[{\"@type\":\"ListItem\",\"position\":1,\"name\":\"Home\",\"item\":\"https:\/\/dev.tg4.ie\/ga\/\"},{\"@type\":\"ListItem\",\"position\":2,\"name\":\"Eolas\",\"item\":\"https:\/\/dev.tg4.ie\/ga\/eolas\/\"},{\"@type\":\"ListItem\",\"position\":3,\"name\":\"Preas\",\"item\":\"https:\/\/dev.tg4.ie\/ga\/eolas\/preas\/\"},{\"@type\":\"ListItem\",\"position\":4,\"name\":\"Nuacht R\u00e1itis\",\"item\":\"https:\/\/dev.tg4.ie\/ga\/eolas\/preas\/nuacht-raitis\/\"},{\"@type\":\"ListItem\",\"position\":5,\"name\":\"2020\",\"item\":\"https:\/\/dev.tg4.ie\/ga\/eolas\/preas\/nuacht-raitis\/2020-2\/\"},{\"@type\":\"ListItem\",\"position\":6,\"name\":\"Bliain Nua Amach Romhainn ar TG4\"}]},{\"@type\":\"WebSite\",\"@id\":\"https:\/\/dev.tg4.ie\/en\/#website\",\"url\":\"https:\/\/dev.tg4.ie\/en\/\",\"name\":\"TG4\",\"description\":\"S\u00fail Eile\",\"potentialAction\":[{\"@type\":\"SearchAction\",\"target\":{\"@type\":\"EntryPoint\",\"urlTemplate\":\"https:\/\/dev.tg4.ie\/en\/?s={search_term_string}\"},\"query-input\":\"required name=search_term_string\"}],\"inLanguage\":\"ga\"}]}<\/script>\n<!-- \/ Yoast SEO plugin. -->","yoast_head_json":{"title":"Bliain Nua Amach Romhainn ar TG4 | Preas R\u00e1iteas | TG4","robots":{"index":"index","follow":"follow","max-snippet":"max-snippet:-1","max-image-preview":"max-image-preview:large","max-video-preview":"max-video-preview:-1"},"og_locale":"en_US","og_type":"article","og_title":"Bliain Nua Amach Romhainn ar TG4 | Preas R\u00e1iteas | TG4","og_description":"Creative Company ag tos\u00fa D\u00e9ardaoin 9:30pm\u00a0 T\u00e1 Pablo Picasso san Oifig.\u00a0C\u00e9 aige a mbeidh an gradam?\u00a0 Sraith \u00farnua siamsa\u00edochta a bhaineann le heala\u00edon at\u00e1 i Creative Company a bheidh \u00e1 craoladh ar TG4 \u00f3n 9 Ean\u00e1ir agus a rachaidh i bhfeidhm go m\u00f3r ar shamhla\u00edocht mhuintir na t\u00edre agus ina rachfar sa t\u00f3ir ar an [&hellip;]","og_url":"https:\/\/dev.tg4.ie\/ga\/eolas\/preas\/nuacht-raitis\/2020-2\/bliain-nua-amach-romhainn-ar-tg4\/","og_site_name":"TG4","article_publisher":"https:\/\/www.facebook.com\/TG4TV","article_modified_time":"2020-01-06T12:08:39+00:00","og_image":[{"width":1920,"height":1080,"url":"https:\/\/tg4-docs.s3.amazonaws.com\/tg4-redesign-2015\/wp-content\/uploads\/2020\/01\/Creative_Company_2_1920x1080.jpg","type":"image\/jpeg"}],"twitter_card":"summary_large_image","twitter_image":"https:\/\/tg4-docs.s3.amazonaws.com\/tg4-redesign-2015\/wp-content\/uploads\/2020\/01\/Creative_Company_2_1920x1080.jpg","twitter_site":"@TG4TV","twitter_misc":{"Est. reading time":"5 minutes"},"schema":{"@context":"https:\/\/schema.org","@graph":[{"@type":"WebPage","@id":"https:\/\/dev.tg4.ie\/ga\/eolas\/preas\/nuacht-raitis\/2020-2\/bliain-nua-amach-romhainn-ar-tg4\/","url":"https:\/\/dev.tg4.ie\/ga\/eolas\/preas\/nuacht-raitis\/2020-2\/bliain-nua-amach-romhainn-ar-tg4\/","name":"Bliain Nua Amach Romhainn ar TG4 | Preas R\u00e1iteas | TG4","isPartOf":{"@id":"https:\/\/dev.tg4.ie\/en\/#website"},"primaryImageOfPage":{"@id":"https:\/\/dev.tg4.ie\/ga\/eolas\/preas\/nuacht-raitis\/2020-2\/bliain-nua-amach-romhainn-ar-tg4\/#primaryimage"},"image":{"@id":"https:\/\/dev.tg4.ie\/ga\/eolas\/preas\/nuacht-raitis\/2020-2\/bliain-nua-amach-romhainn-ar-tg4\/#primaryimage"},"thumbnailUrl":"https:\/\/dev.tg4.ie\/wp-content\/uploads\/2020\/01\/Creative_Company_2_1920x1080.jpg","datePublished":"2020-01-06T12:07:55+00:00","dateModified":"2020-01-06T12:08:39+00:00","breadcrumb":{"@id":"https:\/\/dev.tg4.ie\/ga\/eolas\/preas\/nuacht-raitis\/2020-2\/bliain-nua-amach-romhainn-ar-tg4\/#breadcrumb"},"inLanguage":"ga","potentialAction":[{"@type":"ReadAction","target":["https:\/\/dev.tg4.ie\/ga\/eolas\/preas\/nuacht-raitis\/2020-2\/bliain-nua-amach-romhainn-ar-tg4\/"]}]},{"@type":"ImageObject","inLanguage":"ga","@id":"https:\/\/dev.tg4.ie\/ga\/eolas\/preas\/nuacht-raitis\/2020-2\/bliain-nua-amach-romhainn-ar-tg4\/#primaryimage","url":"https:\/\/dev.tg4.ie\/wp-content\/uploads\/2020\/01\/Creative_Company_2_1920x1080.jpg","contentUrl":"https:\/\/dev.tg4.ie\/wp-content\/uploads\/2020\/01\/Creative_Company_2_1920x1080.jpg"},{"@type":"BreadcrumbList","@id":"https:\/\/dev.tg4.ie\/ga\/eolas\/preas\/nuacht-raitis\/2020-2\/bliain-nua-amach-romhainn-ar-tg4\/#breadcrumb","itemListElement":[{"@type":"ListItem","position":1,"name":"Home","item":"https:\/\/dev.tg4.ie\/ga\/"},{"@type":"ListItem","position":2,"name":"Eolas","item":"https:\/\/dev.tg4.ie\/ga\/eolas\/"},{"@type":"ListItem","position":3,"name":"Preas","item":"https:\/\/dev.tg4.ie\/ga\/eolas\/preas\/"},{"@type":"ListItem","position":4,"name":"Nuacht R\u00e1itis","item":"https:\/\/dev.tg4.ie\/ga\/eolas\/preas\/nuacht-raitis\/"},{"@type":"ListItem","position":5,"name":"2020","item":"https:\/\/dev.tg4.ie\/ga\/eolas\/preas\/nuacht-raitis\/2020-2\/"},{"@type":"ListItem","position":6,"name":"Bliain Nua Amach Romhainn ar TG4"}]},{"@type":"WebSite","@id":"https:\/\/dev.tg4.ie\/en\/#website","url":"https:\/\/dev.tg4.ie\/en\/","name":"TG4","description":"S\u00fail Eile","potentialAction":[{"@type":"SearchAction","target":{"@type":"EntryPoint","urlTemplate":"https:\/\/dev.tg4.ie\/en\/?s={search_term_string}"},"query-input":"required name=search_term_string"}],"inLanguage":"ga"}]}},"_links":{"self":[{"href":"https:\/\/dev.tg4.ie\/ga\/wp-json\/wp\/v2\/pages\/111539"}],"collection":[{"href":"https:\/\/dev.tg4.ie\/ga\/wp-json\/wp\/v2\/pages"}],"about":[{"href":"https:\/\/dev.tg4.ie\/ga\/wp-json\/wp\/v2\/types\/page"}],"author":[{"embeddable":true,"href":"https:\/\/dev.tg4.ie\/ga\/wp-json\/wp\/v2\/users\/876"}],"replies":[{"embeddable":true,"href":"https:\/\/dev.tg4.ie\/ga\/wp-json\/wp\/v2\/comments?post=111539"}],"version-history":[{"count":0,"href":"https:\/\/dev.tg4.ie\/ga\/wp-json\/wp\/v2\/pages\/111539\/revisions"}],"up":[{"embeddable":true,"href":"https:\/\/dev.tg4.ie\/ga\/wp-json\/wp\/v2\/pages\/111525"}],"wp:attachment":[{"href":"https:\/\/dev.tg4.ie\/ga\/wp-json\/wp\/v2\/media?parent=111539"}],"curies":[{"name":"wp","href":"https:\/\/api.w.org\/{rel}","templated":true}]}}