{"id":111574,"date":"2020-01-06T12:29:36","date_gmt":"2020-01-06T12:29:36","guid":{"rendered":"https:\/\/dev.tg4.ie\/?page_id=111574"},"modified":"2020-01-06T12:31:04","modified_gmt":"2020-01-06T12:31:04","slug":"creative-company-sraith-nua-ar-tg4","status":"publish","type":"page","link":"https:\/\/dev.tg4.ie\/ga\/eolas\/preas\/nuacht-raitis\/2020-2\/creative-company-sraith-nua-ar-tg4\/","title":{"rendered":"Creative Company &#8211; Sraith Nua ar TG4"},"content":{"rendered":"<p><img loading=\"lazy\" decoding=\"async\" width=\"1920\" height=\"1080\" src=\"https:\/\/tg4-docs.s3.amazonaws.com\/tg4-redesign-2015\/wp-content\/uploads\/2020\/01\/Creative_Company_Preas_1_1920x1080.jpg\" alt=\"\" class=\"aligncenter size-full wp-image-111576\" srcset=\"https:\/\/tg4-docs.s3.amazonaws.com\/tg4-redesign-2015\/wp-content\/uploads\/2020\/01\/Creative_Company_Preas_1_1920x1080.jpg 1920w, https:\/\/tg4-docs.s3.amazonaws.com\/tg4-redesign-2015\/wp-content\/uploads\/2020\/01\/Creative_Company_Preas_1_1920x1080-250x141.jpg 250w, https:\/\/tg4-docs.s3.amazonaws.com\/tg4-redesign-2015\/wp-content\/uploads\/2020\/01\/Creative_Company_Preas_1_1920x1080-700x394.jpg 700w, https:\/\/tg4-docs.s3.amazonaws.com\/tg4-redesign-2015\/wp-content\/uploads\/2020\/01\/Creative_Company_Preas_1_1920x1080-252x141.jpg 252w, https:\/\/tg4-docs.s3.amazonaws.com\/tg4-redesign-2015\/wp-content\/uploads\/2020\/01\/Creative_Company_Preas_1_1920x1080-1536x864.jpg 1536w, https:\/\/tg4-docs.s3.amazonaws.com\/tg4-redesign-2015\/wp-content\/uploads\/2020\/01\/Creative_Company_Preas_1_1920x1080-120x68.jpg 120w\" sizes=\"(max-width: 1920px) 100vw, 1920px\" \/><br \/>\n&nbsp;<br \/>\n<strong>C\u00e9 aige a mbeidh an gradam \u2018Creative Company\u2019?<\/strong><\/p>\n<p><iframe loading=\"lazy\" src=\"https:\/\/www.youtube.com\/embed\/3KuqhcW_E7s\" width=\"560\" height=\"315\" frameborder=\"0\" allowfullscreen=\"allowfullscreen\"><\/iframe><br \/>\n&nbsp;<\/p>\n<p><span>Saothar m\u00f3r eala\u00edne poibl\u00ed a chruth\u00fa an d\u00fashl\u00e1n a thabharfar do dheich gcomhlacht in \u00c9irinn. T\u00e1 TG4, i gcomhar le Business to Arts, sa t\u00f3ir ar an gComhlacht is Ild\u00e1na\u00ed in \u00c9irinn.<\/span><\/p>\n<p><span>Sraith \u00farnua siamsa\u00edochta a bhaineann le heala\u00edon at\u00e1 i Creative Company a bheidh \u00e1 craoladh ar TG4 \u00f3n 9 Ean\u00e1ir agus a rachaidh i bhfeidhm go m\u00f3r ar shamhla\u00edocht mhuintir na t\u00edre agus ina rachfar sa t\u00f3ir ar an ionad oibre is cruthaith\u00ed in \u00c9irinn.<\/span><\/p>\n<p><span>An mbeidh gn\u00e1thoibrithe \u00e1balta tarraingt le ch\u00e9ile agus p\u00edosa eala\u00edne a chruth\u00fa?\u00a0 An bhf\u00e9adfadh go bhfuil lucht glantach\u00e1in an chomhlachta n\u00edos cruthaith\u00ed n\u00e1 an Pr\u00edomhfheidhmeannach? An \u00e9ireoidh le hionad oibre sa d\u00fashl\u00e1n eala\u00edne agus p\u00edosa eala\u00edne poibl\u00ed ar sc\u00e1la m\u00f3r a chruth\u00fa i gcomhar?<\/span><span>\u00a0<\/span><\/p>\n<p><span>Spreagfar oibrithe i ngach leibh\u00e9al de na heagra\u00edochta\u00ed tarraingt le ch\u00e9ile mar fhoireann agus p\u00edosa eala\u00edne a dh\u00e9anamh ar l\u00e1thair a gcuid oibre f\u00e9in \u00f3n gcoincheap go dt\u00edna cr\u00edochn\u00fa. An f\u00e9idir comharghr\u00fapa eala\u00edne a dh\u00e9anamh d&#8217;amait\u00e9araigh? An \u00e9ireoidh linn an ch\u00e9ad David Hockney n\u00f3 an ch\u00e9ad David Brent eile a aimsi\u00fa?<\/span><\/p>\n<p><span>Cuirfear eala\u00edont\u00f3ir cumasach as \u00c9irinn ag obair leis an deich gcomhlacht agus eagra\u00edocht a roghn\u00f3far. Ag obair in \u00e9ineacht leis na comhlachta\u00ed feadh an phr\u00f3isis beidh Br\u00edd Higgins N\u00ed Chinn\u00e9ide, p\u00e9int\u00e9ir at\u00e1 lonnaithe i mBaile \u00c1tha Cliath, agus Liam de Frinse, eala\u00edont\u00f3ir ildiscipl\u00edneach as B\u00e9al Feirste a bhfuil gradaim bronnta air.<\/span><span>\u00a0<\/span><\/p>\n<p><span>Is gr\u00fapa l\u00e9irmheast\u00f3ir\u00ed a bhfuil saineolas acu ar ch\u00farsa\u00ed eala\u00edne a thabharfaidh breithi\u00fanas ar an tionscadal &#8211; Evelyn O&#8217;Rourke, craolt\u00f3ir le RT\u00c9; Caomh\u00e1n Mac Con Iomaire, Gaileara\u00ed N\u00e1isi\u00fanta na h\u00c9ireann; agus Helen Carroll, Business to Arts. C\u00faig ionad oibre a bhainfidh an babhta ceannais amach. Bainfear leas as v\u00f3ta poibl\u00ed chun an t-ionad oibre a chruth\u00f3idh an p\u00edosa eala\u00edne is fearr a roghn\u00fa agus ar cheart an gradam \u2018Creative Company\u2019 a bhronnadh orthu.<\/span><\/p>\n<p><span>Is iad na comhlachta\u00ed a bheidh ag glacadh p\u00e1irte n\u00e1\u00a0<strong>Circle K, Energia, \u00d3st\u00e1n an Gleneagle, Big O Taxi&#8217;s, ETB Dh\u00fan na nGall, Mol Dhaingean U\u00ed Ch\u00fais, tigh Stand\u00fan, Donegal Yarns, Raidi\u00f3 na Life agus Maurice Ward Transport.<\/strong><\/span><\/p>\n<p><span>N\u00ed hamh\u00e1in go mbeidh an comhlacht aitheanta mar an comhlacht is cruthaith\u00ed in \u00c9irinn ach cuirfear an obair eala\u00edne ar taispe\u00e1int go poibl\u00ed ar feadh tr\u00ed mh\u00ed i CHQ Bhaile \u00c1tha Cliath i gcro\u00edl\u00e1r cheantar gn\u00f3 Bhaile \u00c1tha Cliath.<\/span><\/p>\n<p><span>\u00a0<\/span><\/p>\n<p><span>C\u00e9 aige a mbeidh an gradam \u2018Creative Company\u2019?<\/span><\/p>\n<p><span>B\u00ed linn gach o\u00edche D\u00e9ardaoin ag 9:30 ar TG4 go bhfeicfidh t\u00fa.<\/span><\/p>\n<p><span>\u00a0<\/span><\/p>\n<p><span>EZ Films a l\u00e9ireoidh\u00a0<em>Creative Company<\/em>\u00a0do TG4 i gcomhph\u00e1irt le h\u00dadar\u00e1s Craolach\u00e1in na h\u00c9ireann.<\/span><\/p>\n<p>&nbsp;<\/p>\n","protected":false},"excerpt":{"rendered":"<p>&nbsp; C\u00e9 aige a mbeidh an gradam \u2018Creative Company\u2019? &nbsp; Saothar m\u00f3r eala\u00edne poibl\u00ed a chruth\u00fa an d\u00fashl\u00e1n a thabharfar do dheich gcomhlacht in \u00c9irinn. T\u00e1 TG4, i gcomhar le Business to Arts, sa t\u00f3ir ar an gComhlacht is Ild\u00e1na\u00ed in \u00c9irinn. Sraith \u00farnua siamsa\u00edochta a bhaineann le heala\u00edon at\u00e1 i Creative Company a bheidh [&hellip;]<\/p>\n","protected":false},"author":876,"featured_media":0,"parent":111525,"menu_order":2,"comment_status":"closed","ping_status":"closed","template":"page-templates\/template-pr.php","meta":{"_acf_changed":false,"footnotes":""},"acf":[],"yoast_head":"<!-- This site is optimized with the Yoast SEO plugin v22.6 - https:\/\/yoast.com\/wordpress\/plugins\/seo\/ -->\n<title>Creative Company - Sraith Nua ar TG4 | Preas R\u00e1iteas | TG4<\/title>\n<meta name=\"robots\" content=\"index, follow, max-snippet:-1, max-image-preview:large, max-video-preview:-1\" \/>\n<meta property=\"og:locale\" content=\"en_US\" \/>\n<meta property=\"og:type\" content=\"article\" \/>\n<meta property=\"og:title\" content=\"Creative Company - Sraith Nua ar TG4 | Preas R\u00e1iteas | TG4\" \/>\n<meta property=\"og:description\" content=\"&nbsp; C\u00e9 aige a mbeidh an gradam \u2018Creative Company\u2019? &nbsp; Saothar m\u00f3r eala\u00edne poibl\u00ed a chruth\u00fa an d\u00fashl\u00e1n a thabharfar do dheich gcomhlacht in \u00c9irinn. T\u00e1 TG4, i gcomhar le Business to Arts, sa t\u00f3ir ar an gComhlacht is Ild\u00e1na\u00ed in \u00c9irinn. Sraith \u00farnua siamsa\u00edochta a bhaineann le heala\u00edon at\u00e1 i Creative Company a bheidh [&hellip;]\" \/>\n<meta property=\"og:url\" content=\"https:\/\/dev.tg4.ie\/ga\/eolas\/preas\/nuacht-raitis\/2020-2\/creative-company-sraith-nua-ar-tg4\/\" \/>\n<meta property=\"og:site_name\" content=\"TG4\" \/>\n<meta property=\"article:publisher\" content=\"https:\/\/www.facebook.com\/TG4TV\" \/>\n<meta property=\"article:modified_time\" content=\"2020-01-06T12:31:04+00:00\" \/>\n<meta property=\"og:image\" content=\"https:\/\/tg4-docs.s3.amazonaws.com\/tg4-redesign-2015\/wp-content\/uploads\/2020\/01\/Creative_Company_Preas_1_1920x1080.jpg\" \/>\n\t<meta property=\"og:image:width\" content=\"1920\" \/>\n\t<meta property=\"og:image:height\" content=\"1080\" \/>\n\t<meta property=\"og:image:type\" content=\"image\/jpeg\" \/>\n<meta name=\"twitter:card\" content=\"summary_large_image\" \/>\n<meta name=\"twitter:image\" content=\"https:\/\/tg4-docs.s3.amazonaws.com\/tg4-redesign-2015\/wp-content\/uploads\/2020\/01\/Creative_Company_Preas_1_1920x1080.jpg\" \/>\n<meta name=\"twitter:site\" content=\"@TG4TV\" \/>\n<meta name=\"twitter:label1\" content=\"Est. reading time\" \/>\n\t<meta name=\"twitter:data1\" content=\"3 minutes\" \/>\n<script type=\"application\/ld+json\" class=\"yoast-schema-graph\">{\"@context\":\"https:\/\/schema.org\",\"@graph\":[{\"@type\":\"WebPage\",\"@id\":\"https:\/\/dev.tg4.ie\/ga\/eolas\/preas\/nuacht-raitis\/2020-2\/creative-company-sraith-nua-ar-tg4\/\",\"url\":\"https:\/\/dev.tg4.ie\/ga\/eolas\/preas\/nuacht-raitis\/2020-2\/creative-company-sraith-nua-ar-tg4\/\",\"name\":\"Creative Company - Sraith Nua ar TG4 | Preas R\u00e1iteas | TG4\",\"isPartOf\":{\"@id\":\"https:\/\/dev.tg4.ie\/en\/#website\"},\"primaryImageOfPage\":{\"@id\":\"https:\/\/dev.tg4.ie\/ga\/eolas\/preas\/nuacht-raitis\/2020-2\/creative-company-sraith-nua-ar-tg4\/#primaryimage\"},\"image\":{\"@id\":\"https:\/\/dev.tg4.ie\/ga\/eolas\/preas\/nuacht-raitis\/2020-2\/creative-company-sraith-nua-ar-tg4\/#primaryimage\"},\"thumbnailUrl\":\"https:\/\/dev.tg4.ie\/wp-content\/uploads\/2020\/01\/Creative_Company_Preas_1_1920x1080.jpg\",\"datePublished\":\"2020-01-06T12:29:36+00:00\",\"dateModified\":\"2020-01-06T12:31:04+00:00\",\"breadcrumb\":{\"@id\":\"https:\/\/dev.tg4.ie\/ga\/eolas\/preas\/nuacht-raitis\/2020-2\/creative-company-sraith-nua-ar-tg4\/#breadcrumb\"},\"inLanguage\":\"ga\",\"potentialAction\":[{\"@type\":\"ReadAction\",\"target\":[\"https:\/\/dev.tg4.ie\/ga\/eolas\/preas\/nuacht-raitis\/2020-2\/creative-company-sraith-nua-ar-tg4\/\"]}]},{\"@type\":\"ImageObject\",\"inLanguage\":\"ga\",\"@id\":\"https:\/\/dev.tg4.ie\/ga\/eolas\/preas\/nuacht-raitis\/2020-2\/creative-company-sraith-nua-ar-tg4\/#primaryimage\",\"url\":\"https:\/\/dev.tg4.ie\/wp-content\/uploads\/2020\/01\/Creative_Company_Preas_1_1920x1080.jpg\",\"contentUrl\":\"https:\/\/dev.tg4.ie\/wp-content\/uploads\/2020\/01\/Creative_Company_Preas_1_1920x1080.jpg\"},{\"@type\":\"BreadcrumbList\",\"@id\":\"https:\/\/dev.tg4.ie\/ga\/eolas\/preas\/nuacht-raitis\/2020-2\/creative-company-sraith-nua-ar-tg4\/#breadcrumb\",\"itemListElement\":[{\"@type\":\"ListItem\",\"position\":1,\"name\":\"Home\",\"item\":\"https:\/\/dev.tg4.ie\/ga\/\"},{\"@type\":\"ListItem\",\"position\":2,\"name\":\"Eolas\",\"item\":\"https:\/\/dev.tg4.ie\/ga\/eolas\/\"},{\"@type\":\"ListItem\",\"position\":3,\"name\":\"Preas\",\"item\":\"https:\/\/dev.tg4.ie\/ga\/eolas\/preas\/\"},{\"@type\":\"ListItem\",\"position\":4,\"name\":\"Nuacht R\u00e1itis\",\"item\":\"https:\/\/dev.tg4.ie\/ga\/eolas\/preas\/nuacht-raitis\/\"},{\"@type\":\"ListItem\",\"position\":5,\"name\":\"2020\",\"item\":\"https:\/\/dev.tg4.ie\/ga\/eolas\/preas\/nuacht-raitis\/2020-2\/\"},{\"@type\":\"ListItem\",\"position\":6,\"name\":\"Creative Company &#8211; Sraith Nua ar TG4\"}]},{\"@type\":\"WebSite\",\"@id\":\"https:\/\/dev.tg4.ie\/en\/#website\",\"url\":\"https:\/\/dev.tg4.ie\/en\/\",\"name\":\"TG4\",\"description\":\"S\u00fail Eile\",\"potentialAction\":[{\"@type\":\"SearchAction\",\"target\":{\"@type\":\"EntryPoint\",\"urlTemplate\":\"https:\/\/dev.tg4.ie\/en\/?s={search_term_string}\"},\"query-input\":\"required name=search_term_string\"}],\"inLanguage\":\"ga\"}]}<\/script>\n<!-- \/ Yoast SEO plugin. -->","yoast_head_json":{"title":"Creative Company - Sraith Nua ar TG4 | Preas R\u00e1iteas | TG4","robots":{"index":"index","follow":"follow","max-snippet":"max-snippet:-1","max-image-preview":"max-image-preview:large","max-video-preview":"max-video-preview:-1"},"og_locale":"en_US","og_type":"article","og_title":"Creative Company - Sraith Nua ar TG4 | Preas R\u00e1iteas | TG4","og_description":"&nbsp; C\u00e9 aige a mbeidh an gradam \u2018Creative Company\u2019? &nbsp; Saothar m\u00f3r eala\u00edne poibl\u00ed a chruth\u00fa an d\u00fashl\u00e1n a thabharfar do dheich gcomhlacht in \u00c9irinn. T\u00e1 TG4, i gcomhar le Business to Arts, sa t\u00f3ir ar an gComhlacht is Ild\u00e1na\u00ed in \u00c9irinn. Sraith \u00farnua siamsa\u00edochta a bhaineann le heala\u00edon at\u00e1 i Creative Company a bheidh [&hellip;]","og_url":"https:\/\/dev.tg4.ie\/ga\/eolas\/preas\/nuacht-raitis\/2020-2\/creative-company-sraith-nua-ar-tg4\/","og_site_name":"TG4","article_publisher":"https:\/\/www.facebook.com\/TG4TV","article_modified_time":"2020-01-06T12:31:04+00:00","og_image":[{"width":1920,"height":1080,"url":"https:\/\/tg4-docs.s3.amazonaws.com\/tg4-redesign-2015\/wp-content\/uploads\/2020\/01\/Creative_Company_Preas_1_1920x1080.jpg","type":"image\/jpeg"}],"twitter_card":"summary_large_image","twitter_image":"https:\/\/tg4-docs.s3.amazonaws.com\/tg4-redesign-2015\/wp-content\/uploads\/2020\/01\/Creative_Company_Preas_1_1920x1080.jpg","twitter_site":"@TG4TV","twitter_misc":{"Est. reading time":"3 minutes"},"schema":{"@context":"https:\/\/schema.org","@graph":[{"@type":"WebPage","@id":"https:\/\/dev.tg4.ie\/ga\/eolas\/preas\/nuacht-raitis\/2020-2\/creative-company-sraith-nua-ar-tg4\/","url":"https:\/\/dev.tg4.ie\/ga\/eolas\/preas\/nuacht-raitis\/2020-2\/creative-company-sraith-nua-ar-tg4\/","name":"Creative Company - Sraith Nua ar TG4 | Preas R\u00e1iteas | TG4","isPartOf":{"@id":"https:\/\/dev.tg4.ie\/en\/#website"},"primaryImageOfPage":{"@id":"https:\/\/dev.tg4.ie\/ga\/eolas\/preas\/nuacht-raitis\/2020-2\/creative-company-sraith-nua-ar-tg4\/#primaryimage"},"image":{"@id":"https:\/\/dev.tg4.ie\/ga\/eolas\/preas\/nuacht-raitis\/2020-2\/creative-company-sraith-nua-ar-tg4\/#primaryimage"},"thumbnailUrl":"https:\/\/dev.tg4.ie\/wp-content\/uploads\/2020\/01\/Creative_Company_Preas_1_1920x1080.jpg","datePublished":"2020-01-06T12:29:36+00:00","dateModified":"2020-01-06T12:31:04+00:00","breadcrumb":{"@id":"https:\/\/dev.tg4.ie\/ga\/eolas\/preas\/nuacht-raitis\/2020-2\/creative-company-sraith-nua-ar-tg4\/#breadcrumb"},"inLanguage":"ga","potentialAction":[{"@type":"ReadAction","target":["https:\/\/dev.tg4.ie\/ga\/eolas\/preas\/nuacht-raitis\/2020-2\/creative-company-sraith-nua-ar-tg4\/"]}]},{"@type":"ImageObject","inLanguage":"ga","@id":"https:\/\/dev.tg4.ie\/ga\/eolas\/preas\/nuacht-raitis\/2020-2\/creative-company-sraith-nua-ar-tg4\/#primaryimage","url":"https:\/\/dev.tg4.ie\/wp-content\/uploads\/2020\/01\/Creative_Company_Preas_1_1920x1080.jpg","contentUrl":"https:\/\/dev.tg4.ie\/wp-content\/uploads\/2020\/01\/Creative_Company_Preas_1_1920x1080.jpg"},{"@type":"BreadcrumbList","@id":"https:\/\/dev.tg4.ie\/ga\/eolas\/preas\/nuacht-raitis\/2020-2\/creative-company-sraith-nua-ar-tg4\/#breadcrumb","itemListElement":[{"@type":"ListItem","position":1,"name":"Home","item":"https:\/\/dev.tg4.ie\/ga\/"},{"@type":"ListItem","position":2,"name":"Eolas","item":"https:\/\/dev.tg4.ie\/ga\/eolas\/"},{"@type":"ListItem","position":3,"name":"Preas","item":"https:\/\/dev.tg4.ie\/ga\/eolas\/preas\/"},{"@type":"ListItem","position":4,"name":"Nuacht R\u00e1itis","item":"https:\/\/dev.tg4.ie\/ga\/eolas\/preas\/nuacht-raitis\/"},{"@type":"ListItem","position":5,"name":"2020","item":"https:\/\/dev.tg4.ie\/ga\/eolas\/preas\/nuacht-raitis\/2020-2\/"},{"@type":"ListItem","position":6,"name":"Creative Company &#8211; Sraith Nua ar TG4"}]},{"@type":"WebSite","@id":"https:\/\/dev.tg4.ie\/en\/#website","url":"https:\/\/dev.tg4.ie\/en\/","name":"TG4","description":"S\u00fail Eile","potentialAction":[{"@type":"SearchAction","target":{"@type":"EntryPoint","urlTemplate":"https:\/\/dev.tg4.ie\/en\/?s={search_term_string}"},"query-input":"required name=search_term_string"}],"inLanguage":"ga"}]}},"_links":{"self":[{"href":"https:\/\/dev.tg4.ie\/ga\/wp-json\/wp\/v2\/pages\/111574"}],"collection":[{"href":"https:\/\/dev.tg4.ie\/ga\/wp-json\/wp\/v2\/pages"}],"about":[{"href":"https:\/\/dev.tg4.ie\/ga\/wp-json\/wp\/v2\/types\/page"}],"author":[{"embeddable":true,"href":"https:\/\/dev.tg4.ie\/ga\/wp-json\/wp\/v2\/users\/876"}],"replies":[{"embeddable":true,"href":"https:\/\/dev.tg4.ie\/ga\/wp-json\/wp\/v2\/comments?post=111574"}],"version-history":[{"count":0,"href":"https:\/\/dev.tg4.ie\/ga\/wp-json\/wp\/v2\/pages\/111574\/revisions"}],"up":[{"embeddable":true,"href":"https:\/\/dev.tg4.ie\/ga\/wp-json\/wp\/v2\/pages\/111525"}],"wp:attachment":[{"href":"https:\/\/dev.tg4.ie\/ga\/wp-json\/wp\/v2\/media?parent=111574"}],"curies":[{"name":"wp","href":"https:\/\/api.w.org\/{rel}","templated":true}]}}