{"id":111641,"date":"2020-01-13T16:27:14","date_gmt":"2020-01-13T16:27:14","guid":{"rendered":"https:\/\/dev.tg4.ie\/?page_id=111641"},"modified":"2020-01-15T12:56:07","modified_gmt":"2020-01-15T12:56:07","slug":"ta-tg4-ar-an-6u-caineal-is-mo-feachana-in-eirinn-den-chead-uair-riamh","status":"publish","type":"page","link":"https:\/\/dev.tg4.ie\/ga\/eolas\/preas\/nuacht-raitis\/2020-2\/ta-tg4-ar-an-6u-caineal-is-mo-feachana-in-eirinn-den-chead-uair-riamh\/","title":{"rendered":"T\u00e1 TG4 ar an 6\u00fa cain\u00e9al is m\u00f3 f\u00e9achana in \u00c9irinn den ch\u00e9ad uair riamh"},"content":{"rendered":"<p><span>De r\u00e9ir figi\u00fair\u00ed \u00f3 TAM Ireland, bh\u00ed TG4 ar an s\u00e9\u00fa cain\u00e9al is m\u00f3 lucht f\u00e9achana den ch\u00e9ad uair riamh in 2019, ard\u00fa \u00e1it amh\u00e1in \u00f3n seacht\u00fa h\u00e1it a bh\u00ed ag TG4 \u00f3 2014.\u00a0 Is \u00e9 seo an ch\u00e9ad uair ag TG4 a bheith ar an s\u00e9\u00fa cain\u00e9al is m\u00f3 f\u00e9achana \u00f3 buna\u00edodh \u00e9 i 1996. F\u00e9achann n\u00edos m\u00f3 daoine in \u00c9irinn anois ar TG4 n\u00e1 mar a fh\u00e9achann ar BBC Two, Virgin Media Three agus Channel 4.\u00a0 D&#8217;fh\u00e9ach 85% den daonra ar TG4 am \u00e9igin le linn 2019.\u00a0 Ba \u00e9 an 15 Me\u00e1n F\u00f3mhair, an l\u00e1 a craoladh Cluiche Ceannais Pheil na mBan idir \u00c1th Cliath agus Gaillimh,\u00a0 an l\u00e1 a raibh an lucht f\u00e9achana is airde, 787,000 duine, ag an st\u00e1isi\u00fan.\u00a0 D&#8217;fhreastail 56,114 duine ar an gcluiche i bP\u00e1irc an Chr\u00f3caigh, an lucht freastail is airde riamh ag Cluiche Ceannais Pheil na mBan.<\/span><\/p>\n<p><span>Th\u00e1inig m\u00e9ad\u00fa 3% ar sciar TG4 in 2019 c\u00e9 go raibh laghd\u00fa 6% ar an lucht f\u00e9achana in 2018.\u00a0 1.84% an me\u00e1nsciar den lucht f\u00e9achana a bh\u00ed ag TG4 in 2019. Ba \u00e9 m\u00ed an Mh\u00e1rta an mh\u00ed b&#8217;airde sa bhliain le me\u00e1nsciar 2.65% don mh\u00ed.<\/span><\/p>\n<p><span>Cluiche Ceannais Allianz, Maigh Eo v Ciarra\u00ed ar\u00a0<strong>GAA BEO<\/strong>, an cl\u00e1r ba mh\u00f3 f\u00e9achana in 2019. D\u2019fh\u00e9ach 265,000 duine ar an me\u00e1n ar an gcl\u00e1r a raibh sciar 30.4% den lucht f\u00e9achana aige.<\/span><\/p>\n<p><span>Bh\u00ed an-t\u00f3ir ar chl\u00e1ir cheoil t\u00edre ar TG4 in 2019 chomh maith, d&#8217;fh\u00e9ach breis is 83,000 duine ar\u00a0<strong>Opry le Daniel &#8211; Margo<\/strong>\u00a0ar O\u00edche Nollag. Bh\u00ed suim ar leith freisin sna cl\u00e1ir faisn\u00e9ise a craoladh ar TG4 le linn na bliana, le sraitheanna ar n\u00f3s\u00a0<strong>&#8216;Finn\u00e9&#8217;, &#8216;Laochra Gael&#8217;,<\/strong>\u00a0agus cl\u00e1ir aonair &#8216;<strong>Ucht\u00fa &#8211; Evanne N\u00ed Chuilinn&#8217;<\/strong>,<strong>\u00a0&#8216;Phil Coutler &#8211; Mo Shaol&#8217;<\/strong>\u00a0and\u00a0<strong>&#8216;Fear Darb Ainm Harris&#8217;<\/strong>, ag mealladh lucht f\u00e9achana ag amanna ioma\u00edocha sa sceideal f\u00e9achana.<\/span><\/p>\n<p><span>Mheall craoladh ar \u00f3c\u00e1id\u00ed beo ar n\u00f3s<strong>\u00a0Gradam Ceoil TG4<\/strong>,\u00a0<strong>Fleadh TV<\/strong>,\u00a0<strong>Mary From Dungloe<\/strong>\u00a0agus\u00a0<strong>The Irish Post Awards<\/strong>\u00a0lucht f\u00e9achana m\u00f3r ar aer agus ar na me\u00e1in sh\u00f3isialta.\u00a0 Mh\u00e9adaigh an l\u00edon amharc ar fh\u00edse\u00e1in ar na me\u00e1in sh\u00f3isialta \u00f3 18m in 2018 go dt\u00ed 23m in 2019.<\/span><\/p>\n<p><span>Deir Ard-Sti\u00farth\u00f3ir TG4, Alan Esslemont <em>&#8220;Cuireann TG4 an &#8216;ts\u00fail eile&#8217; i gcro\u00edl\u00e1r na f\u00edse don chraolt\u00f3ireacht seirbh\u00edse poibl\u00ed, agus is l\u00e9ir go bhfuil an fh\u00eds sin ag dul i bhfeidhm ar an lucht f\u00e9achana.\u00a0 T\u00e1 m\u00e9 f\u00edor-bhr\u00f3d\u00fail as an bhfoireann i mBaile na hAbhann agus as na foirne l\u00e9iri\u00fach\u00e1in ar fad ar fud na t\u00edre, os comhair agus taobh thiar de na ceamara\u00ed as an \u00e9acht seo a bhaint amach.&#8221;<\/em><\/span><\/p>\n<p>&nbsp;<\/p>\n<p><img loading=\"lazy\" decoding=\"async\" width=\"700\" height=\"1203\" class=\"aligncenter size-full wp-image-111646\" src=\"https:\/\/tg4-docs.s3.amazonaws.com\/tg4-redesign-2015\/wp-content\/uploads\/2020\/01\/TG4_6u_Caineal_is_Mo_Feachana_700w.jpg\" alt=\"\" srcset=\"https:\/\/tg4-docs.s3.amazonaws.com\/tg4-redesign-2015\/wp-content\/uploads\/2020\/01\/TG4_6u_Caineal_is_Mo_Feachana_700w.jpg 700w, https:\/\/tg4-docs.s3.amazonaws.com\/tg4-redesign-2015\/wp-content\/uploads\/2020\/01\/TG4_6u_Caineal_is_Mo_Feachana_700w-250x430.jpg 250w, https:\/\/tg4-docs.s3.amazonaws.com\/tg4-redesign-2015\/wp-content\/uploads\/2020\/01\/TG4_6u_Caineal_is_Mo_Feachana_700w-82x141.jpg 82w, https:\/\/tg4-docs.s3.amazonaws.com\/tg4-redesign-2015\/wp-content\/uploads\/2020\/01\/TG4_6u_Caineal_is_Mo_Feachana_700w-120x206.jpg 120w\" sizes=\"(max-width: 700px) 100vw, 700px\" \/><\/p>\n","protected":false},"excerpt":{"rendered":"<p>De r\u00e9ir figi\u00fair\u00ed \u00f3 TAM Ireland, bh\u00ed TG4 ar an s\u00e9\u00fa cain\u00e9al is m\u00f3 lucht f\u00e9achana den ch\u00e9ad uair riamh in 2019, ard\u00fa \u00e1it amh\u00e1in \u00f3n seacht\u00fa h\u00e1it a bh\u00ed ag TG4 \u00f3 2014.\u00a0 Is \u00e9 seo an ch\u00e9ad uair ag TG4 a bheith ar an s\u00e9\u00fa cain\u00e9al is m\u00f3 f\u00e9achana \u00f3 buna\u00edodh \u00e9 i [&hellip;]<\/p>\n","protected":false},"author":876,"featured_media":0,"parent":111525,"menu_order":3,"comment_status":"closed","ping_status":"closed","template":"page-templates\/template-pr.php","meta":{"_acf_changed":false,"footnotes":""},"acf":[],"yoast_head":"<!-- This site is optimized with the Yoast SEO plugin v22.6 - https:\/\/yoast.com\/wordpress\/plugins\/seo\/ -->\n<title>T\u00e1 TG4 ar an 6\u00fa cain\u00e9al is m\u00f3 f\u00e9achana in \u00c9irinn den ch\u00e9ad uair riamh | Preas R\u00e1iteas | TG4<\/title>\n<meta name=\"robots\" content=\"index, follow, max-snippet:-1, max-image-preview:large, max-video-preview:-1\" \/>\n<meta property=\"og:locale\" content=\"en_US\" \/>\n<meta property=\"og:type\" content=\"article\" \/>\n<meta property=\"og:title\" content=\"T\u00e1 TG4 ar an 6\u00fa cain\u00e9al is m\u00f3 f\u00e9achana in \u00c9irinn den ch\u00e9ad uair riamh | Preas R\u00e1iteas | TG4\" \/>\n<meta property=\"og:description\" content=\"De r\u00e9ir figi\u00fair\u00ed \u00f3 TAM Ireland, bh\u00ed TG4 ar an s\u00e9\u00fa cain\u00e9al is m\u00f3 lucht f\u00e9achana den ch\u00e9ad uair riamh in 2019, ard\u00fa \u00e1it amh\u00e1in \u00f3n seacht\u00fa h\u00e1it a bh\u00ed ag TG4 \u00f3 2014.\u00a0 Is \u00e9 seo an ch\u00e9ad uair ag TG4 a bheith ar an s\u00e9\u00fa cain\u00e9al is m\u00f3 f\u00e9achana \u00f3 buna\u00edodh \u00e9 i [&hellip;]\" \/>\n<meta property=\"og:url\" content=\"https:\/\/dev.tg4.ie\/ga\/eolas\/preas\/nuacht-raitis\/2020-2\/ta-tg4-ar-an-6u-caineal-is-mo-feachana-in-eirinn-den-chead-uair-riamh\/\" \/>\n<meta property=\"og:site_name\" content=\"TG4\" \/>\n<meta property=\"article:publisher\" content=\"https:\/\/www.facebook.com\/TG4TV\" \/>\n<meta property=\"article:modified_time\" content=\"2020-01-15T12:56:07+00:00\" \/>\n<meta property=\"og:image\" content=\"https:\/\/tg4-docs.s3.amazonaws.com\/tg4-redesign-2015\/wp-content\/uploads\/2019\/11\/TG4-Facebook-Share.jpg\" \/>\n\t<meta property=\"og:image:width\" content=\"1200\" \/>\n\t<meta property=\"og:image:height\" content=\"630\" \/>\n\t<meta property=\"og:image:type\" content=\"image\/jpeg\" \/>\n<meta name=\"twitter:card\" content=\"summary_large_image\" \/>\n<meta name=\"twitter:image\" content=\"https:\/\/tg4-docs.s3.amazonaws.com\/tg4-redesign-2015\/wp-content\/uploads\/2019\/11\/TG4-Twitter-Share1.jpg\" \/>\n<meta name=\"twitter:site\" content=\"@TG4TV\" \/>\n<meta name=\"twitter:label1\" content=\"Est. reading time\" \/>\n\t<meta name=\"twitter:data1\" content=\"2 minutes\" \/>\n<script type=\"application\/ld+json\" class=\"yoast-schema-graph\">{\"@context\":\"https:\/\/schema.org\",\"@graph\":[{\"@type\":\"WebPage\",\"@id\":\"https:\/\/dev.tg4.ie\/ga\/eolas\/preas\/nuacht-raitis\/2020-2\/ta-tg4-ar-an-6u-caineal-is-mo-feachana-in-eirinn-den-chead-uair-riamh\/\",\"url\":\"https:\/\/dev.tg4.ie\/ga\/eolas\/preas\/nuacht-raitis\/2020-2\/ta-tg4-ar-an-6u-caineal-is-mo-feachana-in-eirinn-den-chead-uair-riamh\/\",\"name\":\"T\u00e1 TG4 ar an 6\u00fa cain\u00e9al is m\u00f3 f\u00e9achana in \u00c9irinn den ch\u00e9ad uair riamh | Preas R\u00e1iteas | TG4\",\"isPartOf\":{\"@id\":\"https:\/\/dev.tg4.ie\/en\/#website\"},\"primaryImageOfPage\":{\"@id\":\"https:\/\/dev.tg4.ie\/ga\/eolas\/preas\/nuacht-raitis\/2020-2\/ta-tg4-ar-an-6u-caineal-is-mo-feachana-in-eirinn-den-chead-uair-riamh\/#primaryimage\"},\"image\":{\"@id\":\"https:\/\/dev.tg4.ie\/ga\/eolas\/preas\/nuacht-raitis\/2020-2\/ta-tg4-ar-an-6u-caineal-is-mo-feachana-in-eirinn-den-chead-uair-riamh\/#primaryimage\"},\"thumbnailUrl\":\"https:\/\/dev.tg4.ie\/wp-content\/uploads\/2020\/01\/TG4_6u_Caineal_is_Mo_Feachana_700w.jpg\",\"datePublished\":\"2020-01-13T16:27:14+00:00\",\"dateModified\":\"2020-01-15T12:56:07+00:00\",\"breadcrumb\":{\"@id\":\"https:\/\/dev.tg4.ie\/ga\/eolas\/preas\/nuacht-raitis\/2020-2\/ta-tg4-ar-an-6u-caineal-is-mo-feachana-in-eirinn-den-chead-uair-riamh\/#breadcrumb\"},\"inLanguage\":\"ga\",\"potentialAction\":[{\"@type\":\"ReadAction\",\"target\":[\"https:\/\/dev.tg4.ie\/ga\/eolas\/preas\/nuacht-raitis\/2020-2\/ta-tg4-ar-an-6u-caineal-is-mo-feachana-in-eirinn-den-chead-uair-riamh\/\"]}]},{\"@type\":\"ImageObject\",\"inLanguage\":\"ga\",\"@id\":\"https:\/\/dev.tg4.ie\/ga\/eolas\/preas\/nuacht-raitis\/2020-2\/ta-tg4-ar-an-6u-caineal-is-mo-feachana-in-eirinn-den-chead-uair-riamh\/#primaryimage\",\"url\":\"https:\/\/dev.tg4.ie\/wp-content\/uploads\/2020\/01\/TG4_6u_Caineal_is_Mo_Feachana_700w.jpg\",\"contentUrl\":\"https:\/\/dev.tg4.ie\/wp-content\/uploads\/2020\/01\/TG4_6u_Caineal_is_Mo_Feachana_700w.jpg\"},{\"@type\":\"BreadcrumbList\",\"@id\":\"https:\/\/dev.tg4.ie\/ga\/eolas\/preas\/nuacht-raitis\/2020-2\/ta-tg4-ar-an-6u-caineal-is-mo-feachana-in-eirinn-den-chead-uair-riamh\/#breadcrumb\",\"itemListElement\":[{\"@type\":\"ListItem\",\"position\":1,\"name\":\"Home\",\"item\":\"https:\/\/dev.tg4.ie\/ga\/\"},{\"@type\":\"ListItem\",\"position\":2,\"name\":\"Eolas\",\"item\":\"https:\/\/dev.tg4.ie\/ga\/eolas\/\"},{\"@type\":\"ListItem\",\"position\":3,\"name\":\"Preas\",\"item\":\"https:\/\/dev.tg4.ie\/ga\/eolas\/preas\/\"},{\"@type\":\"ListItem\",\"position\":4,\"name\":\"Nuacht R\u00e1itis\",\"item\":\"https:\/\/dev.tg4.ie\/ga\/eolas\/preas\/nuacht-raitis\/\"},{\"@type\":\"ListItem\",\"position\":5,\"name\":\"2020\",\"item\":\"https:\/\/dev.tg4.ie\/ga\/eolas\/preas\/nuacht-raitis\/2020-2\/\"},{\"@type\":\"ListItem\",\"position\":6,\"name\":\"T\u00e1 TG4 ar an 6\u00fa cain\u00e9al is m\u00f3 f\u00e9achana in \u00c9irinn den ch\u00e9ad uair riamh\"}]},{\"@type\":\"WebSite\",\"@id\":\"https:\/\/dev.tg4.ie\/en\/#website\",\"url\":\"https:\/\/dev.tg4.ie\/en\/\",\"name\":\"TG4\",\"description\":\"S\u00fail Eile\",\"potentialAction\":[{\"@type\":\"SearchAction\",\"target\":{\"@type\":\"EntryPoint\",\"urlTemplate\":\"https:\/\/dev.tg4.ie\/en\/?s={search_term_string}\"},\"query-input\":\"required name=search_term_string\"}],\"inLanguage\":\"ga\"}]}<\/script>\n<!-- \/ Yoast SEO plugin. -->","yoast_head_json":{"title":"T\u00e1 TG4 ar an 6\u00fa cain\u00e9al is m\u00f3 f\u00e9achana in \u00c9irinn den ch\u00e9ad uair riamh | Preas R\u00e1iteas | TG4","robots":{"index":"index","follow":"follow","max-snippet":"max-snippet:-1","max-image-preview":"max-image-preview:large","max-video-preview":"max-video-preview:-1"},"og_locale":"en_US","og_type":"article","og_title":"T\u00e1 TG4 ar an 6\u00fa cain\u00e9al is m\u00f3 f\u00e9achana in \u00c9irinn den ch\u00e9ad uair riamh | Preas R\u00e1iteas | TG4","og_description":"De r\u00e9ir figi\u00fair\u00ed \u00f3 TAM Ireland, bh\u00ed TG4 ar an s\u00e9\u00fa cain\u00e9al is m\u00f3 lucht f\u00e9achana den ch\u00e9ad uair riamh in 2019, ard\u00fa \u00e1it amh\u00e1in \u00f3n seacht\u00fa h\u00e1it a bh\u00ed ag TG4 \u00f3 2014.\u00a0 Is \u00e9 seo an ch\u00e9ad uair ag TG4 a bheith ar an s\u00e9\u00fa cain\u00e9al is m\u00f3 f\u00e9achana \u00f3 buna\u00edodh \u00e9 i [&hellip;]","og_url":"https:\/\/dev.tg4.ie\/ga\/eolas\/preas\/nuacht-raitis\/2020-2\/ta-tg4-ar-an-6u-caineal-is-mo-feachana-in-eirinn-den-chead-uair-riamh\/","og_site_name":"TG4","article_publisher":"https:\/\/www.facebook.com\/TG4TV","article_modified_time":"2020-01-15T12:56:07+00:00","og_image":[{"width":1200,"height":630,"url":"https:\/\/tg4-docs.s3.amazonaws.com\/tg4-redesign-2015\/wp-content\/uploads\/2019\/11\/TG4-Facebook-Share.jpg","type":"image\/jpeg"}],"twitter_card":"summary_large_image","twitter_image":"https:\/\/tg4-docs.s3.amazonaws.com\/tg4-redesign-2015\/wp-content\/uploads\/2019\/11\/TG4-Twitter-Share1.jpg","twitter_site":"@TG4TV","twitter_misc":{"Est. reading time":"2 minutes"},"schema":{"@context":"https:\/\/schema.org","@graph":[{"@type":"WebPage","@id":"https:\/\/dev.tg4.ie\/ga\/eolas\/preas\/nuacht-raitis\/2020-2\/ta-tg4-ar-an-6u-caineal-is-mo-feachana-in-eirinn-den-chead-uair-riamh\/","url":"https:\/\/dev.tg4.ie\/ga\/eolas\/preas\/nuacht-raitis\/2020-2\/ta-tg4-ar-an-6u-caineal-is-mo-feachana-in-eirinn-den-chead-uair-riamh\/","name":"T\u00e1 TG4 ar an 6\u00fa cain\u00e9al is m\u00f3 f\u00e9achana in \u00c9irinn den ch\u00e9ad uair riamh | Preas R\u00e1iteas | TG4","isPartOf":{"@id":"https:\/\/dev.tg4.ie\/en\/#website"},"primaryImageOfPage":{"@id":"https:\/\/dev.tg4.ie\/ga\/eolas\/preas\/nuacht-raitis\/2020-2\/ta-tg4-ar-an-6u-caineal-is-mo-feachana-in-eirinn-den-chead-uair-riamh\/#primaryimage"},"image":{"@id":"https:\/\/dev.tg4.ie\/ga\/eolas\/preas\/nuacht-raitis\/2020-2\/ta-tg4-ar-an-6u-caineal-is-mo-feachana-in-eirinn-den-chead-uair-riamh\/#primaryimage"},"thumbnailUrl":"https:\/\/dev.tg4.ie\/wp-content\/uploads\/2020\/01\/TG4_6u_Caineal_is_Mo_Feachana_700w.jpg","datePublished":"2020-01-13T16:27:14+00:00","dateModified":"2020-01-15T12:56:07+00:00","breadcrumb":{"@id":"https:\/\/dev.tg4.ie\/ga\/eolas\/preas\/nuacht-raitis\/2020-2\/ta-tg4-ar-an-6u-caineal-is-mo-feachana-in-eirinn-den-chead-uair-riamh\/#breadcrumb"},"inLanguage":"ga","potentialAction":[{"@type":"ReadAction","target":["https:\/\/dev.tg4.ie\/ga\/eolas\/preas\/nuacht-raitis\/2020-2\/ta-tg4-ar-an-6u-caineal-is-mo-feachana-in-eirinn-den-chead-uair-riamh\/"]}]},{"@type":"ImageObject","inLanguage":"ga","@id":"https:\/\/dev.tg4.ie\/ga\/eolas\/preas\/nuacht-raitis\/2020-2\/ta-tg4-ar-an-6u-caineal-is-mo-feachana-in-eirinn-den-chead-uair-riamh\/#primaryimage","url":"https:\/\/dev.tg4.ie\/wp-content\/uploads\/2020\/01\/TG4_6u_Caineal_is_Mo_Feachana_700w.jpg","contentUrl":"https:\/\/dev.tg4.ie\/wp-content\/uploads\/2020\/01\/TG4_6u_Caineal_is_Mo_Feachana_700w.jpg"},{"@type":"BreadcrumbList","@id":"https:\/\/dev.tg4.ie\/ga\/eolas\/preas\/nuacht-raitis\/2020-2\/ta-tg4-ar-an-6u-caineal-is-mo-feachana-in-eirinn-den-chead-uair-riamh\/#breadcrumb","itemListElement":[{"@type":"ListItem","position":1,"name":"Home","item":"https:\/\/dev.tg4.ie\/ga\/"},{"@type":"ListItem","position":2,"name":"Eolas","item":"https:\/\/dev.tg4.ie\/ga\/eolas\/"},{"@type":"ListItem","position":3,"name":"Preas","item":"https:\/\/dev.tg4.ie\/ga\/eolas\/preas\/"},{"@type":"ListItem","position":4,"name":"Nuacht R\u00e1itis","item":"https:\/\/dev.tg4.ie\/ga\/eolas\/preas\/nuacht-raitis\/"},{"@type":"ListItem","position":5,"name":"2020","item":"https:\/\/dev.tg4.ie\/ga\/eolas\/preas\/nuacht-raitis\/2020-2\/"},{"@type":"ListItem","position":6,"name":"T\u00e1 TG4 ar an 6\u00fa cain\u00e9al is m\u00f3 f\u00e9achana in \u00c9irinn den ch\u00e9ad uair riamh"}]},{"@type":"WebSite","@id":"https:\/\/dev.tg4.ie\/en\/#website","url":"https:\/\/dev.tg4.ie\/en\/","name":"TG4","description":"S\u00fail Eile","potentialAction":[{"@type":"SearchAction","target":{"@type":"EntryPoint","urlTemplate":"https:\/\/dev.tg4.ie\/en\/?s={search_term_string}"},"query-input":"required name=search_term_string"}],"inLanguage":"ga"}]}},"_links":{"self":[{"href":"https:\/\/dev.tg4.ie\/ga\/wp-json\/wp\/v2\/pages\/111641"}],"collection":[{"href":"https:\/\/dev.tg4.ie\/ga\/wp-json\/wp\/v2\/pages"}],"about":[{"href":"https:\/\/dev.tg4.ie\/ga\/wp-json\/wp\/v2\/types\/page"}],"author":[{"embeddable":true,"href":"https:\/\/dev.tg4.ie\/ga\/wp-json\/wp\/v2\/users\/876"}],"replies":[{"embeddable":true,"href":"https:\/\/dev.tg4.ie\/ga\/wp-json\/wp\/v2\/comments?post=111641"}],"version-history":[{"count":0,"href":"https:\/\/dev.tg4.ie\/ga\/wp-json\/wp\/v2\/pages\/111641\/revisions"}],"up":[{"embeddable":true,"href":"https:\/\/dev.tg4.ie\/ga\/wp-json\/wp\/v2\/pages\/111525"}],"wp:attachment":[{"href":"https:\/\/dev.tg4.ie\/ga\/wp-json\/wp\/v2\/media?parent=111641"}],"curies":[{"name":"wp","href":"https:\/\/api.w.org\/{rel}","templated":true}]}}