{"id":111712,"date":"2020-01-16T10:02:15","date_gmt":"2020-01-16T10:02:15","guid":{"rendered":"https:\/\/dev.tg4.ie\/?page_id=111712"},"modified":"2020-01-16T10:02:15","modified_gmt":"2020-01-16T10:02:15","slug":"vota-2020-6-chlar-eisiach-ar-tg4-roimh-an-olltoghchan","status":"publish","type":"page","link":"https:\/\/dev.tg4.ie\/ga\/eolas\/preas\/nuacht-raitis\/2020-2\/vota-2020-6-chlar-eisiach-ar-tg4-roimh-an-olltoghchan\/","title":{"rendered":"V\u00f3ta 2020 &#8211; 6 chl\u00e1r eisiach ar TG4 roimh an Olltoghch\u00e1n"},"content":{"rendered":"<p><img loading=\"lazy\" decoding=\"async\" width=\"700\" height=\"394\" class=\"aligncenter size-large wp-image-111713\" src=\"https:\/\/tg4-docs.s3.amazonaws.com\/tg4-redesign-2015\/wp-content\/uploads\/2020\/01\/Vota_2020_1_1920x1080-700x394.jpeg\" alt=\"\" srcset=\"https:\/\/tg4-docs.s3.amazonaws.com\/tg4-redesign-2015\/wp-content\/uploads\/2020\/01\/Vota_2020_1_1920x1080-700x394.jpeg 700w, https:\/\/tg4-docs.s3.amazonaws.com\/tg4-redesign-2015\/wp-content\/uploads\/2020\/01\/Vota_2020_1_1920x1080-250x141.jpeg 250w, https:\/\/tg4-docs.s3.amazonaws.com\/tg4-redesign-2015\/wp-content\/uploads\/2020\/01\/Vota_2020_1_1920x1080-252x141.jpeg 252w, https:\/\/tg4-docs.s3.amazonaws.com\/tg4-redesign-2015\/wp-content\/uploads\/2020\/01\/Vota_2020_1_1920x1080-1536x864.jpeg 1536w, https:\/\/tg4-docs.s3.amazonaws.com\/tg4-redesign-2015\/wp-content\/uploads\/2020\/01\/Vota_2020_1_1920x1080-120x68.jpeg 120w, https:\/\/tg4-docs.s3.amazonaws.com\/tg4-redesign-2015\/wp-content\/uploads\/2020\/01\/Vota_2020_1_1920x1080.jpeg 1920w\" sizes=\"(max-width: 700px) 100vw, 700px\" \/><br \/>\n&nbsp;<br \/>\n<span>Beidh s\u00e9 chl\u00e1r uair a chloig ar fhad, &#8216;<strong>V\u00f3ta 2020&#8242;<\/strong>\u00a0\u00e1 chraoladh ar TG4 le linn an fheachtais Olltoghch\u00e1in gach M\u00e1irt agus D\u00e9ardaoin, ag tos\u00fa D\u00e9 M\u00e1irt seo chugainn ar an 21\u00fa Ean\u00e1ir.\u00a0<\/span><br \/>\n&nbsp;<br \/>\n<span>Beidh pobalbhreitheanna eisiacha coimisi\u00fanaithe ag TG4 le IPSOS MRBI as D\u00e1ilcheantair Dh\u00fan na nGall, Ghaillimh Thiar agus Chiarra\u00ed.\u00a0<\/span><br \/>\n&nbsp;<br \/>\n<span>Craolfar an ch\u00e9ad phobalbreith as D\u00fan na nGall ar an D\u00e9ardaoin 23\u00fa Ean\u00e1ir, a bheidh \u00e1 chur i l\u00e1thair ag Eimear N\u00ed Chonaola.\u00a0 Ar an M\u00e1irt, 28\u00fa Ean\u00e1ir, beidh craoladh ar thortha\u00ed phobalbhreith Ghaillimh Thiar, agus beidh cl\u00e1r beo ar\u00a0an 30\u00fa Ean\u00e1ir as Maigh Eo. Beidh Si\u00fan Nic Gearailt beo as D\u00e1ilcheantar Chiarra\u00ed le tortha\u00ed an phobhalbhreith ar an M\u00e1irt 4\u00fa Feabhra.<br \/>\n&nbsp;<br \/>\nAr<\/span><span>\u00a0an D\u00e9ardaoin roimh an toghch\u00e1n, beidh anail\u00eds agus pl\u00e9 ar ch\u00farsa\u00ed Olltoghch\u00e1in curtha i l\u00e1thair ag P\u00e1id\u00ed \u00d3 Lion\u00e1ird.<\/span><br \/>\n&nbsp;<br \/>\n<span>Beidh beochraoladh ar thortha\u00ed an Olltoghch\u00e1in D\u00e9 Domhnaigh an 9\u00fa Feabhra agus D\u00e9 Luain an 10\u00fa Feabhra ar an gcl\u00e1r &#8216;V\u00f3ta 2020&#8217; as toghcheantair ar fud na t\u00edre, le hanail\u00eds \u00f3 phain\u00e9al saineolaithe sa sti\u00faideo i mBaile na hAbhann agus cl\u00fadach cuimsitheach ar na hard\u00e1in sh\u00f3isialta le linn an chomhairimh.<\/span><br \/>\n&nbsp;<\/p>\n","protected":false},"excerpt":{"rendered":"<p>&nbsp; Beidh s\u00e9 chl\u00e1r uair a chloig ar fhad, &#8216;V\u00f3ta 2020&#8242;\u00a0\u00e1 chraoladh ar TG4 le linn an fheachtais Olltoghch\u00e1in gach M\u00e1irt agus D\u00e9ardaoin, ag tos\u00fa D\u00e9 M\u00e1irt seo chugainn ar an 21\u00fa Ean\u00e1ir.\u00a0 &nbsp; Beidh pobalbhreitheanna eisiacha coimisi\u00fanaithe ag TG4 le IPSOS MRBI as D\u00e1ilcheantair Dh\u00fan na nGall, Ghaillimh Thiar agus Chiarra\u00ed.\u00a0 &nbsp; Craolfar an [&hellip;]<\/p>\n","protected":false},"author":876,"featured_media":0,"parent":111525,"menu_order":4,"comment_status":"closed","ping_status":"closed","template":"page-templates\/template-pr.php","meta":{"_acf_changed":false,"footnotes":""},"acf":[],"yoast_head":"<!-- This site is optimized with the Yoast SEO plugin v22.6 - https:\/\/yoast.com\/wordpress\/plugins\/seo\/ -->\n<title>V\u00f3ta 2020 - 6 chl\u00e1r eisiach ar TG4 roimh an Olltoghch\u00e1n | Preas R\u00e1iteas | TG4<\/title>\n<meta name=\"robots\" content=\"index, follow, max-snippet:-1, max-image-preview:large, max-video-preview:-1\" \/>\n<meta property=\"og:locale\" content=\"en_US\" \/>\n<meta property=\"og:type\" content=\"article\" \/>\n<meta property=\"og:title\" content=\"V\u00f3ta 2020 - 6 chl\u00e1r eisiach ar TG4 roimh an Olltoghch\u00e1n | Preas R\u00e1iteas | TG4\" \/>\n<meta property=\"og:description\" content=\"&nbsp; Beidh s\u00e9 chl\u00e1r uair a chloig ar fhad, &#8216;V\u00f3ta 2020&#8242;\u00a0\u00e1 chraoladh ar TG4 le linn an fheachtais Olltoghch\u00e1in gach M\u00e1irt agus D\u00e9ardaoin, ag tos\u00fa D\u00e9 M\u00e1irt seo chugainn ar an 21\u00fa Ean\u00e1ir.\u00a0 &nbsp; Beidh pobalbhreitheanna eisiacha coimisi\u00fanaithe ag TG4 le IPSOS MRBI as D\u00e1ilcheantair Dh\u00fan na nGall, Ghaillimh Thiar agus Chiarra\u00ed.\u00a0 &nbsp; Craolfar an [&hellip;]\" \/>\n<meta property=\"og:url\" content=\"https:\/\/dev.tg4.ie\/ga\/eolas\/preas\/nuacht-raitis\/2020-2\/vota-2020-6-chlar-eisiach-ar-tg4-roimh-an-olltoghchan\/\" \/>\n<meta property=\"og:site_name\" content=\"TG4\" \/>\n<meta property=\"article:publisher\" content=\"https:\/\/www.facebook.com\/TG4TV\" \/>\n<meta property=\"og:image\" content=\"https:\/\/tg4-docs.s3.amazonaws.com\/tg4-redesign-2015\/wp-content\/uploads\/2020\/01\/Vota_2020_1_1920x1080.jpeg\" \/>\n\t<meta property=\"og:image:width\" content=\"1920\" \/>\n\t<meta property=\"og:image:height\" content=\"1080\" \/>\n\t<meta property=\"og:image:type\" content=\"image\/jpeg\" \/>\n<meta name=\"twitter:card\" content=\"summary_large_image\" \/>\n<meta name=\"twitter:image\" content=\"https:\/\/tg4-docs.s3.amazonaws.com\/tg4-redesign-2015\/wp-content\/uploads\/2020\/01\/Vota_2020_1_1920x1080.jpeg\" \/>\n<meta name=\"twitter:site\" content=\"@TG4TV\" \/>\n<meta name=\"twitter:label1\" content=\"Est. reading time\" \/>\n\t<meta name=\"twitter:data1\" content=\"1 minute\" \/>\n<script type=\"application\/ld+json\" class=\"yoast-schema-graph\">{\"@context\":\"https:\/\/schema.org\",\"@graph\":[{\"@type\":\"WebPage\",\"@id\":\"https:\/\/dev.tg4.ie\/ga\/eolas\/preas\/nuacht-raitis\/2020-2\/vota-2020-6-chlar-eisiach-ar-tg4-roimh-an-olltoghchan\/\",\"url\":\"https:\/\/dev.tg4.ie\/ga\/eolas\/preas\/nuacht-raitis\/2020-2\/vota-2020-6-chlar-eisiach-ar-tg4-roimh-an-olltoghchan\/\",\"name\":\"V\u00f3ta 2020 - 6 chl\u00e1r eisiach ar TG4 roimh an Olltoghch\u00e1n | Preas R\u00e1iteas | TG4\",\"isPartOf\":{\"@id\":\"https:\/\/dev.tg4.ie\/en\/#website\"},\"primaryImageOfPage\":{\"@id\":\"https:\/\/dev.tg4.ie\/ga\/eolas\/preas\/nuacht-raitis\/2020-2\/vota-2020-6-chlar-eisiach-ar-tg4-roimh-an-olltoghchan\/#primaryimage\"},\"image\":{\"@id\":\"https:\/\/dev.tg4.ie\/ga\/eolas\/preas\/nuacht-raitis\/2020-2\/vota-2020-6-chlar-eisiach-ar-tg4-roimh-an-olltoghchan\/#primaryimage\"},\"thumbnailUrl\":\"https:\/\/dev.tg4.ie\/wp-content\/uploads\/2020\/01\/Vota_2020_1_1920x1080-700x394.jpeg\",\"datePublished\":\"2020-01-16T10:02:15+00:00\",\"dateModified\":\"2020-01-16T10:02:15+00:00\",\"breadcrumb\":{\"@id\":\"https:\/\/dev.tg4.ie\/ga\/eolas\/preas\/nuacht-raitis\/2020-2\/vota-2020-6-chlar-eisiach-ar-tg4-roimh-an-olltoghchan\/#breadcrumb\"},\"inLanguage\":\"ga\",\"potentialAction\":[{\"@type\":\"ReadAction\",\"target\":[\"https:\/\/dev.tg4.ie\/ga\/eolas\/preas\/nuacht-raitis\/2020-2\/vota-2020-6-chlar-eisiach-ar-tg4-roimh-an-olltoghchan\/\"]}]},{\"@type\":\"ImageObject\",\"inLanguage\":\"ga\",\"@id\":\"https:\/\/dev.tg4.ie\/ga\/eolas\/preas\/nuacht-raitis\/2020-2\/vota-2020-6-chlar-eisiach-ar-tg4-roimh-an-olltoghchan\/#primaryimage\",\"url\":\"https:\/\/dev.tg4.ie\/wp-content\/uploads\/2020\/01\/Vota_2020_1_1920x1080-700x394.jpeg\",\"contentUrl\":\"https:\/\/dev.tg4.ie\/wp-content\/uploads\/2020\/01\/Vota_2020_1_1920x1080-700x394.jpeg\"},{\"@type\":\"BreadcrumbList\",\"@id\":\"https:\/\/dev.tg4.ie\/ga\/eolas\/preas\/nuacht-raitis\/2020-2\/vota-2020-6-chlar-eisiach-ar-tg4-roimh-an-olltoghchan\/#breadcrumb\",\"itemListElement\":[{\"@type\":\"ListItem\",\"position\":1,\"name\":\"Home\",\"item\":\"https:\/\/dev.tg4.ie\/ga\/\"},{\"@type\":\"ListItem\",\"position\":2,\"name\":\"Eolas\",\"item\":\"https:\/\/dev.tg4.ie\/ga\/eolas\/\"},{\"@type\":\"ListItem\",\"position\":3,\"name\":\"Preas\",\"item\":\"https:\/\/dev.tg4.ie\/ga\/eolas\/preas\/\"},{\"@type\":\"ListItem\",\"position\":4,\"name\":\"Nuacht R\u00e1itis\",\"item\":\"https:\/\/dev.tg4.ie\/ga\/eolas\/preas\/nuacht-raitis\/\"},{\"@type\":\"ListItem\",\"position\":5,\"name\":\"2020\",\"item\":\"https:\/\/dev.tg4.ie\/ga\/eolas\/preas\/nuacht-raitis\/2020-2\/\"},{\"@type\":\"ListItem\",\"position\":6,\"name\":\"V\u00f3ta 2020 &#8211; 6 chl\u00e1r eisiach ar TG4 roimh an Olltoghch\u00e1n\"}]},{\"@type\":\"WebSite\",\"@id\":\"https:\/\/dev.tg4.ie\/en\/#website\",\"url\":\"https:\/\/dev.tg4.ie\/en\/\",\"name\":\"TG4\",\"description\":\"S\u00fail Eile\",\"potentialAction\":[{\"@type\":\"SearchAction\",\"target\":{\"@type\":\"EntryPoint\",\"urlTemplate\":\"https:\/\/dev.tg4.ie\/en\/?s={search_term_string}\"},\"query-input\":\"required name=search_term_string\"}],\"inLanguage\":\"ga\"}]}<\/script>\n<!-- \/ Yoast SEO plugin. -->","yoast_head_json":{"title":"V\u00f3ta 2020 - 6 chl\u00e1r eisiach ar TG4 roimh an Olltoghch\u00e1n | Preas R\u00e1iteas | TG4","robots":{"index":"index","follow":"follow","max-snippet":"max-snippet:-1","max-image-preview":"max-image-preview:large","max-video-preview":"max-video-preview:-1"},"og_locale":"en_US","og_type":"article","og_title":"V\u00f3ta 2020 - 6 chl\u00e1r eisiach ar TG4 roimh an Olltoghch\u00e1n | Preas R\u00e1iteas | TG4","og_description":"&nbsp; Beidh s\u00e9 chl\u00e1r uair a chloig ar fhad, &#8216;V\u00f3ta 2020&#8242;\u00a0\u00e1 chraoladh ar TG4 le linn an fheachtais Olltoghch\u00e1in gach M\u00e1irt agus D\u00e9ardaoin, ag tos\u00fa D\u00e9 M\u00e1irt seo chugainn ar an 21\u00fa Ean\u00e1ir.\u00a0 &nbsp; Beidh pobalbhreitheanna eisiacha coimisi\u00fanaithe ag TG4 le IPSOS MRBI as D\u00e1ilcheantair Dh\u00fan na nGall, Ghaillimh Thiar agus Chiarra\u00ed.\u00a0 &nbsp; Craolfar an [&hellip;]","og_url":"https:\/\/dev.tg4.ie\/ga\/eolas\/preas\/nuacht-raitis\/2020-2\/vota-2020-6-chlar-eisiach-ar-tg4-roimh-an-olltoghchan\/","og_site_name":"TG4","article_publisher":"https:\/\/www.facebook.com\/TG4TV","og_image":[{"width":1920,"height":1080,"url":"https:\/\/tg4-docs.s3.amazonaws.com\/tg4-redesign-2015\/wp-content\/uploads\/2020\/01\/Vota_2020_1_1920x1080.jpeg","type":"image\/jpeg"}],"twitter_card":"summary_large_image","twitter_image":"https:\/\/tg4-docs.s3.amazonaws.com\/tg4-redesign-2015\/wp-content\/uploads\/2020\/01\/Vota_2020_1_1920x1080.jpeg","twitter_site":"@TG4TV","twitter_misc":{"Est. reading time":"1 minute"},"schema":{"@context":"https:\/\/schema.org","@graph":[{"@type":"WebPage","@id":"https:\/\/dev.tg4.ie\/ga\/eolas\/preas\/nuacht-raitis\/2020-2\/vota-2020-6-chlar-eisiach-ar-tg4-roimh-an-olltoghchan\/","url":"https:\/\/dev.tg4.ie\/ga\/eolas\/preas\/nuacht-raitis\/2020-2\/vota-2020-6-chlar-eisiach-ar-tg4-roimh-an-olltoghchan\/","name":"V\u00f3ta 2020 - 6 chl\u00e1r eisiach ar TG4 roimh an Olltoghch\u00e1n | Preas R\u00e1iteas | TG4","isPartOf":{"@id":"https:\/\/dev.tg4.ie\/en\/#website"},"primaryImageOfPage":{"@id":"https:\/\/dev.tg4.ie\/ga\/eolas\/preas\/nuacht-raitis\/2020-2\/vota-2020-6-chlar-eisiach-ar-tg4-roimh-an-olltoghchan\/#primaryimage"},"image":{"@id":"https:\/\/dev.tg4.ie\/ga\/eolas\/preas\/nuacht-raitis\/2020-2\/vota-2020-6-chlar-eisiach-ar-tg4-roimh-an-olltoghchan\/#primaryimage"},"thumbnailUrl":"https:\/\/dev.tg4.ie\/wp-content\/uploads\/2020\/01\/Vota_2020_1_1920x1080-700x394.jpeg","datePublished":"2020-01-16T10:02:15+00:00","dateModified":"2020-01-16T10:02:15+00:00","breadcrumb":{"@id":"https:\/\/dev.tg4.ie\/ga\/eolas\/preas\/nuacht-raitis\/2020-2\/vota-2020-6-chlar-eisiach-ar-tg4-roimh-an-olltoghchan\/#breadcrumb"},"inLanguage":"ga","potentialAction":[{"@type":"ReadAction","target":["https:\/\/dev.tg4.ie\/ga\/eolas\/preas\/nuacht-raitis\/2020-2\/vota-2020-6-chlar-eisiach-ar-tg4-roimh-an-olltoghchan\/"]}]},{"@type":"ImageObject","inLanguage":"ga","@id":"https:\/\/dev.tg4.ie\/ga\/eolas\/preas\/nuacht-raitis\/2020-2\/vota-2020-6-chlar-eisiach-ar-tg4-roimh-an-olltoghchan\/#primaryimage","url":"https:\/\/dev.tg4.ie\/wp-content\/uploads\/2020\/01\/Vota_2020_1_1920x1080-700x394.jpeg","contentUrl":"https:\/\/dev.tg4.ie\/wp-content\/uploads\/2020\/01\/Vota_2020_1_1920x1080-700x394.jpeg"},{"@type":"BreadcrumbList","@id":"https:\/\/dev.tg4.ie\/ga\/eolas\/preas\/nuacht-raitis\/2020-2\/vota-2020-6-chlar-eisiach-ar-tg4-roimh-an-olltoghchan\/#breadcrumb","itemListElement":[{"@type":"ListItem","position":1,"name":"Home","item":"https:\/\/dev.tg4.ie\/ga\/"},{"@type":"ListItem","position":2,"name":"Eolas","item":"https:\/\/dev.tg4.ie\/ga\/eolas\/"},{"@type":"ListItem","position":3,"name":"Preas","item":"https:\/\/dev.tg4.ie\/ga\/eolas\/preas\/"},{"@type":"ListItem","position":4,"name":"Nuacht R\u00e1itis","item":"https:\/\/dev.tg4.ie\/ga\/eolas\/preas\/nuacht-raitis\/"},{"@type":"ListItem","position":5,"name":"2020","item":"https:\/\/dev.tg4.ie\/ga\/eolas\/preas\/nuacht-raitis\/2020-2\/"},{"@type":"ListItem","position":6,"name":"V\u00f3ta 2020 &#8211; 6 chl\u00e1r eisiach ar TG4 roimh an Olltoghch\u00e1n"}]},{"@type":"WebSite","@id":"https:\/\/dev.tg4.ie\/en\/#website","url":"https:\/\/dev.tg4.ie\/en\/","name":"TG4","description":"S\u00fail Eile","potentialAction":[{"@type":"SearchAction","target":{"@type":"EntryPoint","urlTemplate":"https:\/\/dev.tg4.ie\/en\/?s={search_term_string}"},"query-input":"required name=search_term_string"}],"inLanguage":"ga"}]}},"_links":{"self":[{"href":"https:\/\/dev.tg4.ie\/ga\/wp-json\/wp\/v2\/pages\/111712"}],"collection":[{"href":"https:\/\/dev.tg4.ie\/ga\/wp-json\/wp\/v2\/pages"}],"about":[{"href":"https:\/\/dev.tg4.ie\/ga\/wp-json\/wp\/v2\/types\/page"}],"author":[{"embeddable":true,"href":"https:\/\/dev.tg4.ie\/ga\/wp-json\/wp\/v2\/users\/876"}],"replies":[{"embeddable":true,"href":"https:\/\/dev.tg4.ie\/ga\/wp-json\/wp\/v2\/comments?post=111712"}],"version-history":[{"count":0,"href":"https:\/\/dev.tg4.ie\/ga\/wp-json\/wp\/v2\/pages\/111712\/revisions"}],"up":[{"embeddable":true,"href":"https:\/\/dev.tg4.ie\/ga\/wp-json\/wp\/v2\/pages\/111525"}],"wp:attachment":[{"href":"https:\/\/dev.tg4.ie\/ga\/wp-json\/wp\/v2\/media?parent=111712"}],"curies":[{"name":"wp","href":"https:\/\/api.w.org\/{rel}","templated":true}]}}