{"id":111748,"date":"2020-01-17T11:05:00","date_gmt":"2020-01-17T11:05:28","guid":{"rendered":"https:\/\/dev.tg4.ie\/?page_id=111748"},"modified":"2025-06-23T12:12:06","modified_gmt":"2025-06-23T11:12:06","slug":"sport-beo","status":"publish","type":"page","link":"https:\/\/dev.tg4.ie\/ga\/sceideal\/sport-beo\/","title":{"rendered":"Sp\u00f3rt Beo"},"content":{"rendered":"<div id=\"bg\"><img loading=\"lazy\" decoding=\"async\" width=\"1920\" height=\"1080\" src=\"https:\/\/tg4-docs.s3.amazonaws.com\/wp-content\/uploads\/2025\/03\/12124516\/Sport_Beo_BG_1920x1080.jpg\" alt=\"\" class=\"aligncenter size-full wp-image-241636\" srcset=\"https:\/\/tg4-docs.s3.amazonaws.com\/wp-content\/uploads\/2025\/03\/12124516\/Sport_Beo_BG_1920x1080.jpg 1920w, https:\/\/tg4-docs.s3.amazonaws.com\/wp-content\/uploads\/2025\/03\/12124516\/Sport_Beo_BG_1920x1080-250x141.jpg 250w, https:\/\/tg4-docs.s3.amazonaws.com\/wp-content\/uploads\/2025\/03\/12124516\/Sport_Beo_BG_1920x1080-700x394.jpg 700w, https:\/\/tg4-docs.s3.amazonaws.com\/wp-content\/uploads\/2025\/03\/12124516\/Sport_Beo_BG_1920x1080-252x141.jpg 252w, https:\/\/tg4-docs.s3.amazonaws.com\/wp-content\/uploads\/2025\/03\/12124516\/Sport_Beo_BG_1920x1080-1536x864.jpg 1536w, https:\/\/tg4-docs.s3.amazonaws.com\/wp-content\/uploads\/2025\/03\/12124516\/Sport_Beo_BG_1920x1080-120x68.jpg 120w\" sizes=\"(max-width: 1920px) 100vw, 1920px\" \/><\/div>\n<div id=\"overlay\">\n<center><img loading=\"lazy\" decoding=\"async\" width=\"700\" height=\"394\" src=\"https:\/\/tg4-docs.s3.amazonaws.com\/wp-content\/uploads\/2025\/03\/12124633\/Sport_Beo_Sport_TG4_Logo-1920x1080-1-700x394.png\" alt=\"\" class=\"aligncenter size-large wp-image-241637\" srcset=\"https:\/\/tg4-docs.s3.amazonaws.com\/wp-content\/uploads\/2025\/03\/12124633\/Sport_Beo_Sport_TG4_Logo-1920x1080-1-700x394.png 700w, https:\/\/tg4-docs.s3.amazonaws.com\/wp-content\/uploads\/2025\/03\/12124633\/Sport_Beo_Sport_TG4_Logo-1920x1080-1-250x141.png 250w, https:\/\/tg4-docs.s3.amazonaws.com\/wp-content\/uploads\/2025\/03\/12124633\/Sport_Beo_Sport_TG4_Logo-1920x1080-1-252x141.png 252w, https:\/\/tg4-docs.s3.amazonaws.com\/wp-content\/uploads\/2025\/03\/12124633\/Sport_Beo_Sport_TG4_Logo-1920x1080-1-1536x864.png 1536w, https:\/\/tg4-docs.s3.amazonaws.com\/wp-content\/uploads\/2025\/03\/12124633\/Sport_Beo_Sport_TG4_Logo-1920x1080-1-120x68.png 120w, https:\/\/tg4-docs.s3.amazonaws.com\/wp-content\/uploads\/2025\/03\/12124633\/Sport_Beo_Sport_TG4_Logo-1920x1080-1.png 1920w\" sizes=\"(max-width: 700px) 100vw, 700px\" \/><\/center><\/p>\n<ul class=\"comm-eqlink\">\n          <a style=\"color:white\" href=\"#fothai\"><\/p>\n<li class=\"page_item\">Fotha\u00ed<\/li>\n<p><\/a><br \/>\n          <a style=\"color:white\" href=\"#sceideal\"><\/p>\n<li class=\"page_item\">Sceideal Sp\u00f3rt Beo<\/li>\n<p><\/a><br \/>\n          <a style=\"color:white\" href=\"#faq\"><\/p>\n<li class=\"page_item\">Ceisteanna Coitianta<\/li>\n<p><\/a>\n<\/ul>\n<p>&nbsp;<br \/>\n<a name=\"fothai\"><\/a><\/p>\n<h1 class=\"textBox1\" style=\"color: #f4821f;\">Sp\u00f3rt Beo<\/h1>\n<div class=\"plyr_divs-wrapper\">\n<section class=\"mod-1\">\n<h2 class=\"textBox1\" style=\"color: #f4821f;\">TG4 TV Beo<\/h2>\n<div style=\"position:relative; display:block; padding-top:56.25%;\"><iframe src=\"https:\/\/players.brightcove.net\/1555966122001\/HJlOg6KUz_default\/index.html?videoId=6365126767112\" allowfullscreen=\"\" allow=\"encrypted-media\" style=\"position:absolute; top:0px; right:0px; bottom:0px; left:0px; width:100%; height:100%; border:none;\"><\/iframe><\/div>\n<\/section>\n<\/div>\n<p>&nbsp;<br \/>\n<!-- \n\n<div class=\"plyr_divs-wrapper\">\n    \n\n<section class=\"mod-1\">\n        \n\n<h2 class=\"textBox1\" style=\"color: #f4821f;\">Peil na mBan Beo - Ard Mhacha v Cill Dara \u2013 Craobh TG4 Babhta 3<\/h2>\n\n\n        \n\n<div style=\"position:relative; display:block; padding-top:56.25%;\"><iframe src=\"https:\/\/www.youtube.com\/embed\/FrmDxGpSy6k\" frameborder=\"0\" allowfullscreen style=\"position:absolute; top:0; left:0; width:100%; height:100%; border:none;\"><\/iframe><\/div>\n\n\n    <\/section>\n\n\n    \n\n<section class=\"mod-1\">\n        \n\n<h2 class=\"textBox1\" style=\"color: #f4821f;\">Peil na mBan Beo - Liatroim v Port L\u00e1irge \u2013 Craobh TG4 Babhta 3<\/h2>\n\n\n        \n\n<div style=\"position:relative; display:block; padding-top:56.25%;\"><iframe src=\"https:\/\/www.youtube.com\/embed\/Jlp8rGLNX2I\" frameborder=\"0\" allowfullscreen style=\"position:absolute; top:0; left:0; width:100%; height:100%; border:none;\"><\/iframe><\/div>\n\n\n    <\/section>\n\n\n<\/div>\n\n --><\/p>\n<p>&nbsp;<br \/>\n&nbsp;<\/p>\n<p><a name=\"sceideal\"><\/a><\/p>\n<h2 class=\"textBox1\" style=\"color: #f4821f;\">Sp\u00f3rt Beo na Seachtaine 16\/06 \u2013 22\/06<\/h2>\n<table border=\"1\" style=\"background-color:#1f1f1f; color:#ffffff;\">\n<thead style=\"color: #f4821f;\">\n<th>D\u00e1ta \/ Am<\/th>\n<th>Cl\u00e1r<\/th>\n<th>Cluiche<\/th>\n<th>\u00c1rd\u00e1n<\/th>\n<th>R\u00e9igi\u00fan<\/th>\n<\/thead>\n<tr>\n<th style=\"color: #f4821f;\" colspan=\"5\">27\/06\/2025<\/th>\n<\/tr>\n<tr>\n<td>17:10<\/td>\n<td>R\u00e1sa\u00ed Beo 2025<\/td>\n<td>R\u00e1sa\u00ed capall beo \u00f3n Irish Derby Festival sa gCurrach, Co. Chill Dara.<\/td>\n<td><a href=\"https:\/\/dev.tg4.ie\/player\/feach-beo\/baile\/\" rel=\"noopener\" target=\"_blank\" style=\"color: #f4821f;\">TG4 &#128279;<\/a><\/td>\n<td>\u00c9irinn Amh\u00e1in<\/td>\n<\/tr>\n<tr><\/tr>\n<tr>\n<th style=\"color: #f4821f;\" colspan=\"5\">28\/06\/2025<\/th>\n<\/tr>\n<tr>\n<td>15:20<\/td>\n<td>Drift Masters European Championship<\/td>\n<td>Craoladh beo ar Chraobhchom\u00f3rtas Drift Masters na hEorpa in Mondello Park i gContae Chill Dara.<\/td>\n<td><a href=\"https:\/\/dev.tg4.ie\/player\/feach-beo\/baile\/\" rel=\"noopener\" target=\"_blank\" style=\"color: #f4821f;\">TG4 &#128279;<\/a><\/td>\n<td>\u00c9irinn Amh\u00e1in<\/td>\n<\/tr>\n<tr><\/tr>\n<tr>\n<td>16:45<\/td>\n<td>GAA Beo<\/td>\n<td>Craoladh beo ar Chluiche Ceannais Mion\u00far Iom\u00e1na na h\u00c9ireann Electric Ireland.<\/td>\n<td><a href=\"https:\/\/dev.tg4.ie\/player\/feach-beo\/baile\/\" rel=\"noopener\" target=\"_blank\" style=\"color: #f4821f;\">TG4 &#128279;<\/a><\/td>\n<td>\u00c9irinn Amh\u00e1in<\/td>\n<\/tr>\n<tr><\/tr>\n<p><!-- \n\n<tr>\n\n<th style=\"color: #f4821f;\" colspan=\"5\">D\u00e9 Sathairn 21\/06<\/th>\n\n<\/tr>\n\n\n\n\n<tr>\n\n\n<td>09:30<\/td>\n\n\n\n\n<td>Hockey Beo 2025<\/td>\n\n\n\n\n<td>\u00c9ire v An Sp\u00e1inn - FIH Men's Pro League<\/td>\n\n\n\n\n<td><a href=\"https:\/\/nasc.tg4.tv\/C2\" rel=\"noopener\" target=\"_blank\" style=\"color: #f4821f;\">TG4 Cain\u00e9al 2 &#128279;<\/a><\/td>\n\n\n\n\n<td>\u00c9irinn Amh\u00e1in<\/td>\n\n\n<\/tr>\n\n\n\n\n<tr>\n\n\n<td>12:45<\/td>\n\n\n\n\n<td>Peil na mBan Beo<\/td>\n\n\n\n\n<td>Tiobraid \u00c1rann v D\u00fan na nGall - Craobh TG4 Babhta 3<\/td>\n\n\n\n\n<td><a href=\"https:\/\/dev.tg4.ie\/player\/feach-beo\/baile\/\" rel=\"noopener\" target=\"_blank\" style=\"color: #f4821f;\">TG4 &#128279;<\/a><\/td>\n\n\n\n\n<td>Domhanda<\/td>\n\n\n<\/tr>\n\n\n\n\n<tr>\n\n\n<td>13:55<\/td>\n\n\n\n\n<td>Peil na mBan Beo<\/td>\n\n\n\n\n<td>Ard Mhacha v Cill Dara - Craobh TG4 Babhta 3<\/td>\n\n\n\n\n<td><a href=\"https:\/\/www.youtube.com\/watch?v=FrmDxGpSy6k\" rel=\"noopener\" target=\"_blank\" style=\"color: #f4821f;\">YouTube Sp\u00f3rt TG4 &#128279;<\/a><\/td>\n\n\n\n\n<td>Domhanda<\/td>\n\n\n<\/tr>\n\n\n\n\n<tr>\n\n\n<td>13:55<\/td>\n\n\n\n\n<td>Peil na mBan Beo<\/td>\n\n\n\n\n<td>Liatroim v Port L\u00e1irge - Craobh TG4 Babhta 3<\/td>\n\n\n\n\n<td><a href=\"https:\/\/www.youtube.com\/watch?v=Jlp8rGLNX2I\" rel=\"noopener\" target=\"_blank\" style=\"color: #f4821f;\">YouTube Sp\u00f3rt TG4 &#128279;<\/a><\/td>\n\n\n\n\n<td>Domhanda<\/td>\n\n\n<\/tr>\n\n\n\n\n<tr>\n\n\n<td>14:45<\/td>\n\n\n\n\n<td>Peil na mBan Beo<\/td>\n\n\n\n\n<td>Maigh Eo v Corcaigh - Craobh TG4 Babhta 3<\/td>\n\n\n\n\n<td><a href=\"https:\/\/dev.tg4.ie\/player\/feach-beo\/baile\/\" rel=\"noopener\" target=\"_blank\" style=\"color: #f4821f;\">TG4 &#128279;<\/a><\/td>\n\n\n\n\n<td>Domhanda<\/td>\n\n\n<\/tr>\n\n\n\n\n<tr><\/tr>\n\n\n\n\n<tr>\n\n<th style=\"color: #f4821f;\" colspan=\"5\">D\u00e9 Domhnaigh 22\/06<\/th>\n\n<\/tr>\n\n\n\n\n<tr>\n\n\n<td>09:30<\/td>\n\n\n\n\n<td>Hockey Beo 2025<\/td>\n\n\n\n\n<td>An Sp\u00e1inn v \u00c9ire - FIH Men's Pro League<\/td>\n\n\n\n\n<td><a href=\"https:\/\/nasc.tg4.tv\/C2\" rel=\"noopener\" target=\"_blank\" style=\"color: #f4821f;\">TG4 Cain\u00e9al 2 &#128279;<\/a><\/td>\n\n\n\n\n<td>\u00c9irinn Amh\u00e1in<\/td>\n\n\n<\/tr>\n\n\n\n\n<tr>\n\n\n<td>10:00<\/td>\n\n\n\n\n<td>Liathr\u00f3id L\u00e1imhe Beo<\/td>\n\n\n\n\n<td>Cluich\u00ed Leathcheannais 60 x 30<\/td>\n\n\n\n\n<td><a href=\"https:\/\/www.youtube.com\/@SportTG4\/streams\" rel=\"noopener\" target=\"_blank\" style=\"color: #f4821f;\">Sp\u00f3rt TG4 YouTube &#128279;<\/a><\/td>\n\n\n\n\n<td>Domhanda<\/td>\n\n\n<\/tr>\n\n\n\n\n<tr>\n\n\n<td>13:15<\/td>\n\n\n\n\n<td>GAA Beo<\/td>\n\n\n\n\n<td>Ros Com\u00e1in v T\u00edr Eoghain - C.L.C. Peile na Mion\u00far<\/td>\n\n\n\n\n<td><a href=\"https:\/\/dev.tg4.ie\/player\/feach-beo\/baile\/\" rel=\"noopener\" target=\"_blank\" style=\"color: #f4821f;\">TG4 &#128279;<\/a><\/td>\n\n\n\n\n<td>\u00c9irinn Amh\u00e1in<\/td>\n\n\n<\/tr>\n\n\n\n\n<tr>\n\n\n<td>15:15<\/td>\n\n\n\n\n<td>GAA Beo<\/td>\n\n\n\n\n<td>Ciarra\u00ed v Maigh Eo - C.L.C. Peile na Mion\u00far<\/td>\n\n\n\n\n<td><a href=\"https:\/\/dev.tg4.ie\/player\/feach-beo\/baile\/\" rel=\"noopener\" target=\"_blank\" style=\"color: #f4821f;\">TG4 &#128279;<\/a><\/td>\n\n\n\n\n<td>\u00c9irinn Amh\u00e1in<\/td>\n\n\n<\/tr>\n\n --><br \/>\n<\/table>\n<p>&nbsp;<br \/>\n<!--form>\n<input style=\"width: 100%; padding: 20px; cursor: pointer; box-shadow: 6px 6px 5px; #999; -webkit-box-shadow: 6px 6px 5px #999; -moz-box-shadow: 6px 6px 5px #999; font-weight: bold; background: #1f8347; color: #ffffff; border-radius: 10px; border: 1px solid #f2c301; font-size: 150%;\" type=\"button\" value=\"Cluich\u00ed Com\u00f3rtas Peile na Gaeltachta 2025 - Br\u00fa ANSEO\" onclick=\"window.location.href='https:\/\/dev.tg4.ie\/sceideal\/comortas-peile-2025\/'\" \/>\n<\/form-->\n&nbsp;<br \/>\n<a name=\"faq\"><\/a><\/p>\n<h2 class=\"textBox1\" style=\"color:#f4821f;\">Ceisteanna Coitianta<\/h2>\n<div style=\"padding:10px\">\n<p style=\"color:#f4821f;\">Ba mhaith liom seice\u00e1il c\u00e9n cluich\u00ed at\u00e1 TG4 ag taispe\u00e1int an tseachtain seo<\/p>\n<ul style=\"color:#ffffff;\">\n<li>\n<p>T\u00e1 cluich\u00ed sp\u00f3irt beo na seachtaine uilig liost\u00e1ilte ar an t\u00e1bla thuas<\/p>\n<\/li>\n<li>\n<p>Sa col\u00fan &#8216;R\u00e9igi\u00fan&#8217; feicfidh t\u00fa m\u00e1 t\u00e1 an cluiche ar f\u00e1il i do r\u00e9igi\u00fan fh\u00e9in<\/p>\n<\/li>\n<\/ul>\n<p style=\"color:#f4821f;\">N\u00ed f\u00e9idir liom theacht ar c\u00e9n \u00e1it le breathn\u00fa ar cluiche \u00e1irithe<\/p>\n<ul style=\"color:#ffffff;\">\n<li>\n<p>T\u00e1 cluich\u00ed sp\u00f3irt beo na seachtaine uilig liost\u00e1ilte ar an t\u00e1bla thuas<\/p>\n<\/li>\n<li>\n<p>Sa col\u00fan &#8216;\u00c1rd\u00e1n&#8217; feicfidh t\u00fa c\u00e9n \u00e1it is f\u00e9idir breathn\u00fa ar an cluiche (TG4 Teilif\u00eds, Aip, n\u00f3 YouTube)<\/p>\n<\/li>\n<\/ul>\n<p style=\"color:#f4821f;\">N\u00ed f\u00e9idir liom breathn\u00fa ar cluiche \u00f3 Tuaisceart \u00c9ireann<\/p>\n<ol style=\"color:#ffffff;\">\n<li>\n<p>D\u00e9an Aip TG4 a \u00edosl\u00f3d\u00e1il ar do ghuth\u00e1n cliste <a href=\"https:\/\/dev.tg4.ie\/eolas\/aip-seinnteoir-tg4\/\" rel=\"noopener\" target=\"_blank\" style=\"color: #f4821f;\">&#128279;<\/a> <\/p>\n<\/li>\n<li>\n<p>D\u00e9an cinnte go bhfuil &#8216;location services&#8217; casta air ar do f\u00f3n<\/p>\n<\/li>\n<li>\n<p>F\u00e9ach ar do f\u00f3n n\u00f3 d\u00e9an sruth\u00fa \/ &#8216;casting&#8217; chuig do theilif\u00eds cliste<\/p>\n<\/li>\n<\/ol>\n<p style=\"color:#f4821f;\">N\u00edl Seinnteoir TG4 ag obair dom<\/p>\n<ol style=\"color:#ffffff;\">\n<li>\n<p>D\u00e9an Aip TG4 a \u00edosl\u00f3d\u00e1il ar do ghuth\u00e1n cliste <a href=\"https:\/\/dev.tg4.ie\/eolas\/aip-seinnteoir-tg4\/\" rel=\"noopener\" target=\"_blank\" style=\"color: #f4821f;\">&#128279;<\/a> <\/p>\n<\/li>\n<li>\n<p>D\u00e9an cinnte go bhfuil &#8216;location services&#8217; casta air ar do f\u00f3n<\/p>\n<\/li>\n<li>\n<p>F\u00e9ach ar do f\u00f3n n\u00f3 d\u00e9an sruth\u00fa \/ &#8216;casting&#8217; chuig do theilif\u00eds cliste<\/p>\n<\/li>\n<\/ol>\n<\/div>\n<p>&nbsp;<br \/>\n&nbsp;<\/p>\n","protected":false},"excerpt":{"rendered":"<p>Fotha\u00ed Sceideal Sp\u00f3rt Beo Ceisteanna Coitianta &nbsp; Sp\u00f3rt Beo TG4 TV Beo &nbsp; &nbsp; &nbsp; Sp\u00f3rt Beo na Seachtaine 16\/06 \u2013 22\/06 D\u00e1ta \/ Am Cl\u00e1r Cluiche \u00c1rd\u00e1n R\u00e9igi\u00fan 27\/06\/2025 17:10 R\u00e1sa\u00ed Beo 2025 R\u00e1sa\u00ed capall beo \u00f3n Irish Derby Festival sa gCurrach, Co. Chill Dara. TG4 &#128279; \u00c9irinn Amh\u00e1in 28\/06\/2025 15:20 Drift Masters European [&hellip;]<\/p>\n","protected":false},"author":876,"featured_media":0,"parent":128,"menu_order":3,"comment_status":"closed","ping_status":"closed","template":"page-templates\/template-plain.php","meta":{"_acf_changed":false,"footnotes":""},"acf":[],"yoast_head":"<!-- This site is optimized with the Yoast SEO plugin v22.6 - https:\/\/yoast.com\/wordpress\/plugins\/seo\/ -->\n<title>Sp\u00f3rt Beo | Sp\u00f3rt TG4 | TG4<\/title>\n<meta name=\"robots\" content=\"index, follow, max-snippet:-1, max-image-preview:large, max-video-preview:-1\" \/>\n<meta property=\"og:locale\" content=\"en_US\" \/>\n<meta property=\"og:type\" content=\"article\" \/>\n<meta property=\"og:title\" content=\"Sp\u00f3rt Beo | Sp\u00f3rt TG4 | TG4\" \/>\n<meta property=\"og:description\" content=\"Fotha\u00ed Sceideal Sp\u00f3rt Beo Ceisteanna Coitianta &nbsp; Sp\u00f3rt Beo TG4 TV Beo &nbsp; &nbsp; &nbsp; Sp\u00f3rt Beo na Seachtaine 16\/06 \u2013 22\/06 D\u00e1ta \/ Am Cl\u00e1r Cluiche \u00c1rd\u00e1n R\u00e9igi\u00fan 27\/06\/2025 17:10 R\u00e1sa\u00ed Beo 2025 R\u00e1sa\u00ed capall beo \u00f3n Irish Derby Festival sa gCurrach, Co. Chill Dara. TG4 &#128279; \u00c9irinn Amh\u00e1in 28\/06\/2025 15:20 Drift Masters European [&hellip;]\" \/>\n<meta property=\"og:url\" content=\"https:\/\/dev.tg4.ie\/ga\/sceideal\/sport-beo\/\" \/>\n<meta property=\"og:site_name\" content=\"TG4\" \/>\n<meta property=\"article:publisher\" content=\"https:\/\/www.facebook.com\/TG4TV\" \/>\n<meta property=\"article:modified_time\" content=\"2025-06-23T11:12:06+00:00\" \/>\n<meta property=\"og:image\" content=\"https:\/\/tg4-docs.s3.amazonaws.com\/tg4-redesign-2015\/wp-content\/uploads\/2019\/12\/Sport_TG4_GAA_1_1920x1080.jpg\" \/>\n\t<meta property=\"og:image:width\" content=\"1920\" \/>\n\t<meta property=\"og:image:height\" content=\"1080\" \/>\n\t<meta property=\"og:image:type\" content=\"image\/jpeg\" \/>\n<meta name=\"twitter:card\" content=\"summary_large_image\" \/>\n<meta name=\"twitter:image\" content=\"https:\/\/tg4-docs.s3.amazonaws.com\/tg4-redesign-2015\/wp-content\/uploads\/2019\/12\/Sport_TG4_GAA_1_1920x1080.jpg\" \/>\n<meta name=\"twitter:site\" content=\"@TG4TV\" \/>\n<meta name=\"twitter:label1\" content=\"Est. reading time\" \/>\n\t<meta name=\"twitter:data1\" content=\"2 minutes\" \/>\n<script type=\"application\/ld+json\" class=\"yoast-schema-graph\">{\"@context\":\"https:\/\/schema.org\",\"@graph\":[{\"@type\":\"WebPage\",\"@id\":\"https:\/\/dev.tg4.ie\/ga\/sceideal\/sport-beo\/\",\"url\":\"https:\/\/dev.tg4.ie\/ga\/sceideal\/sport-beo\/\",\"name\":\"Sp\u00f3rt Beo | Sp\u00f3rt TG4 | TG4\",\"isPartOf\":{\"@id\":\"https:\/\/dev.tg4.ie\/en\/#website\"},\"primaryImageOfPage\":{\"@id\":\"https:\/\/dev.tg4.ie\/ga\/sceideal\/sport-beo\/#primaryimage\"},\"image\":{\"@id\":\"https:\/\/dev.tg4.ie\/ga\/sceideal\/sport-beo\/#primaryimage\"},\"thumbnailUrl\":\"https:\/\/dev.tg4.ie\/wp-content\/uploads\/2025\/03\/Sport_Beo_BG_1920x1080.jpg\",\"datePublished\":\"2020-01-17T11:05:28+00:00\",\"dateModified\":\"2025-06-23T11:12:06+00:00\",\"breadcrumb\":{\"@id\":\"https:\/\/dev.tg4.ie\/ga\/sceideal\/sport-beo\/#breadcrumb\"},\"inLanguage\":\"ga\",\"potentialAction\":[{\"@type\":\"ReadAction\",\"target\":[\"https:\/\/dev.tg4.ie\/ga\/sceideal\/sport-beo\/\"]}]},{\"@type\":\"ImageObject\",\"inLanguage\":\"ga\",\"@id\":\"https:\/\/dev.tg4.ie\/ga\/sceideal\/sport-beo\/#primaryimage\",\"url\":\"https:\/\/dev.tg4.ie\/wp-content\/uploads\/2025\/03\/Sport_Beo_BG_1920x1080.jpg\",\"contentUrl\":\"https:\/\/dev.tg4.ie\/wp-content\/uploads\/2025\/03\/Sport_Beo_BG_1920x1080.jpg\"},{\"@type\":\"BreadcrumbList\",\"@id\":\"https:\/\/dev.tg4.ie\/ga\/sceideal\/sport-beo\/#breadcrumb\",\"itemListElement\":[{\"@type\":\"ListItem\",\"position\":1,\"name\":\"Home\",\"item\":\"https:\/\/dev.tg4.ie\/ga\/\"},{\"@type\":\"ListItem\",\"position\":2,\"name\":\"Sceideal\",\"item\":\"https:\/\/dev.tg4.ie\/ga\/sceideal\/\"},{\"@type\":\"ListItem\",\"position\":3,\"name\":\"Sp\u00f3rt Beo\"}]},{\"@type\":\"WebSite\",\"@id\":\"https:\/\/dev.tg4.ie\/en\/#website\",\"url\":\"https:\/\/dev.tg4.ie\/en\/\",\"name\":\"TG4\",\"description\":\"S\u00fail Eile\",\"potentialAction\":[{\"@type\":\"SearchAction\",\"target\":{\"@type\":\"EntryPoint\",\"urlTemplate\":\"https:\/\/dev.tg4.ie\/en\/?s={search_term_string}\"},\"query-input\":\"required name=search_term_string\"}],\"inLanguage\":\"ga\"}]}<\/script>\n<!-- \/ Yoast SEO plugin. -->","yoast_head_json":{"title":"Sp\u00f3rt Beo | Sp\u00f3rt TG4 | TG4","robots":{"index":"index","follow":"follow","max-snippet":"max-snippet:-1","max-image-preview":"max-image-preview:large","max-video-preview":"max-video-preview:-1"},"og_locale":"en_US","og_type":"article","og_title":"Sp\u00f3rt Beo | Sp\u00f3rt TG4 | TG4","og_description":"Fotha\u00ed Sceideal Sp\u00f3rt Beo Ceisteanna Coitianta &nbsp; Sp\u00f3rt Beo TG4 TV Beo &nbsp; &nbsp; &nbsp; Sp\u00f3rt Beo na Seachtaine 16\/06 \u2013 22\/06 D\u00e1ta \/ Am Cl\u00e1r Cluiche \u00c1rd\u00e1n R\u00e9igi\u00fan 27\/06\/2025 17:10 R\u00e1sa\u00ed Beo 2025 R\u00e1sa\u00ed capall beo \u00f3n Irish Derby Festival sa gCurrach, Co. Chill Dara. TG4 &#128279; \u00c9irinn Amh\u00e1in 28\/06\/2025 15:20 Drift Masters European [&hellip;]","og_url":"https:\/\/dev.tg4.ie\/ga\/sceideal\/sport-beo\/","og_site_name":"TG4","article_publisher":"https:\/\/www.facebook.com\/TG4TV","article_modified_time":"2025-06-23T11:12:06+00:00","og_image":[{"width":1920,"height":1080,"url":"https:\/\/tg4-docs.s3.amazonaws.com\/tg4-redesign-2015\/wp-content\/uploads\/2019\/12\/Sport_TG4_GAA_1_1920x1080.jpg","type":"image\/jpeg"}],"twitter_card":"summary_large_image","twitter_image":"https:\/\/tg4-docs.s3.amazonaws.com\/tg4-redesign-2015\/wp-content\/uploads\/2019\/12\/Sport_TG4_GAA_1_1920x1080.jpg","twitter_site":"@TG4TV","twitter_misc":{"Est. reading time":"2 minutes"},"schema":{"@context":"https:\/\/schema.org","@graph":[{"@type":"WebPage","@id":"https:\/\/dev.tg4.ie\/ga\/sceideal\/sport-beo\/","url":"https:\/\/dev.tg4.ie\/ga\/sceideal\/sport-beo\/","name":"Sp\u00f3rt Beo | Sp\u00f3rt TG4 | TG4","isPartOf":{"@id":"https:\/\/dev.tg4.ie\/en\/#website"},"primaryImageOfPage":{"@id":"https:\/\/dev.tg4.ie\/ga\/sceideal\/sport-beo\/#primaryimage"},"image":{"@id":"https:\/\/dev.tg4.ie\/ga\/sceideal\/sport-beo\/#primaryimage"},"thumbnailUrl":"https:\/\/dev.tg4.ie\/wp-content\/uploads\/2025\/03\/Sport_Beo_BG_1920x1080.jpg","datePublished":"2020-01-17T11:05:28+00:00","dateModified":"2025-06-23T11:12:06+00:00","breadcrumb":{"@id":"https:\/\/dev.tg4.ie\/ga\/sceideal\/sport-beo\/#breadcrumb"},"inLanguage":"ga","potentialAction":[{"@type":"ReadAction","target":["https:\/\/dev.tg4.ie\/ga\/sceideal\/sport-beo\/"]}]},{"@type":"ImageObject","inLanguage":"ga","@id":"https:\/\/dev.tg4.ie\/ga\/sceideal\/sport-beo\/#primaryimage","url":"https:\/\/dev.tg4.ie\/wp-content\/uploads\/2025\/03\/Sport_Beo_BG_1920x1080.jpg","contentUrl":"https:\/\/dev.tg4.ie\/wp-content\/uploads\/2025\/03\/Sport_Beo_BG_1920x1080.jpg"},{"@type":"BreadcrumbList","@id":"https:\/\/dev.tg4.ie\/ga\/sceideal\/sport-beo\/#breadcrumb","itemListElement":[{"@type":"ListItem","position":1,"name":"Home","item":"https:\/\/dev.tg4.ie\/ga\/"},{"@type":"ListItem","position":2,"name":"Sceideal","item":"https:\/\/dev.tg4.ie\/ga\/sceideal\/"},{"@type":"ListItem","position":3,"name":"Sp\u00f3rt Beo"}]},{"@type":"WebSite","@id":"https:\/\/dev.tg4.ie\/en\/#website","url":"https:\/\/dev.tg4.ie\/en\/","name":"TG4","description":"S\u00fail Eile","potentialAction":[{"@type":"SearchAction","target":{"@type":"EntryPoint","urlTemplate":"https:\/\/dev.tg4.ie\/en\/?s={search_term_string}"},"query-input":"required name=search_term_string"}],"inLanguage":"ga"}]}},"_links":{"self":[{"href":"https:\/\/dev.tg4.ie\/ga\/wp-json\/wp\/v2\/pages\/111748"}],"collection":[{"href":"https:\/\/dev.tg4.ie\/ga\/wp-json\/wp\/v2\/pages"}],"about":[{"href":"https:\/\/dev.tg4.ie\/ga\/wp-json\/wp\/v2\/types\/page"}],"author":[{"embeddable":true,"href":"https:\/\/dev.tg4.ie\/ga\/wp-json\/wp\/v2\/users\/876"}],"replies":[{"embeddable":true,"href":"https:\/\/dev.tg4.ie\/ga\/wp-json\/wp\/v2\/comments?post=111748"}],"version-history":[{"count":0,"href":"https:\/\/dev.tg4.ie\/ga\/wp-json\/wp\/v2\/pages\/111748\/revisions"}],"up":[{"embeddable":true,"href":"https:\/\/dev.tg4.ie\/ga\/wp-json\/wp\/v2\/pages\/128"}],"wp:attachment":[{"href":"https:\/\/dev.tg4.ie\/ga\/wp-json\/wp\/v2\/media?parent=111748"}],"curies":[{"name":"wp","href":"https:\/\/api.w.org\/{rel}","templated":true}]}}