{"id":111770,"date":"2020-01-17T15:36:33","date_gmt":"2020-01-17T15:36:33","guid":{"rendered":"https:\/\/dev.tg4.ie\/?page_id=111770"},"modified":"2020-01-21T16:21:30","modified_gmt":"2020-01-21T16:21:30","slug":"junior-eurovision-2020","status":"publish","type":"page","link":"https:\/\/dev.tg4.ie\/ga\/eolas\/preas\/nuacht-raitis\/2020-2\/junior-eurovision-2020\/","title":{"rendered":"Junior Eurovision 2020 &#8211; D\u00e9an Iarratas Anois!"},"content":{"rendered":"<p><strong>T\u00e1 JUNIOR EUROVISION ar ais!<\/strong><\/p>\n<p><strong>An bhfuil t\u00fa in ann aige?<\/strong><\/p>\n<p><strong>An amhr\u00e1na\u00ed den scoth th\u00fa?<\/strong><\/p>\n<p><strong>An mbeidh t\u00fa idir 9 agus 14 bliana d\u2019aois An F\u00f3mhar seo chugainn?<\/strong><\/p>\n<p><strong>T\u00e1imid ANOIS ag glacadh iarratas do CHOM\u00d3RTAS AMHR\u00c1NA\u00cdOCHTA JUNIOR EUROVISION 2020.\u00a0 <\/strong><\/p>\n<p>Seo do dheis a bheith san ioma\u00edocht seasamh thar ceann na h\u00c9ireann sa CHOM\u00d3RTAS AMHR\u00c1NA\u00cdOCHTA JUNIOR EUROVISION 2020 agus canadh os comhair na milli\u00fain lucht f\u00e9achana ar fud na hEorpa. Caithfidh an buaiteoir 7 l\u00e1 roimh r\u00e9 san Eoraip ag ullmh\u00fa don o\u00edche mh\u00f3r.<\/p>\n<p>Anuraidh chuir Anna Kearney muintir na hEorpa faoi gheasa, lena guth agus a hamhr\u00e1n <em>\u2018Banshee\u2019 <\/em>sa Ph\u00f3lainn.<\/p>\n<p>C\u00e9 a dh\u00e9anfaidh an beart i 2020? An tusa a bheidh ann? Seo do sheans!<\/p>\n<p>Chun iarratas a dh\u00e9anamh, n\u00edl ag teast\u00e1il ach guth iontach! T\u00e1 f\u00e1ilte roimh amhr\u00e1naithe aonair agus grupa\u00ed chomh m\u00f3r le seisear.<\/p>\n<p>An spriocd\u00e1ta chun iarratas a dh\u00e9anamh n\u00e1 an 14 Feabhra 2020.<\/p>\n<p>T\u00e9igh chuig ar <a href=\"https:\/\/dev.tg4.ie\/junioreurovision\" target=\"_blank\" rel=\"noopener noreferrer\">www.tg4.ie\/junioreurovision<\/a> anois chun iarratas a dh\u00e9anamh.<\/p>\n<p>Le tuilleadh eolas a fh\u00e1il glaoigh ar 01 2843877 \/\u00a0 T\u00c9ACS 083 0580229 \/\u00a0 R\u00edomhphoist <a href=\"mailto:Lucinda@adareproductions.ie\" target=\"_blank\" rel=\"noopener noreferrer\">Lucinda@adareproductions.ie<\/a><\/p>\n<p>&nbsp;<\/p>\n<p>&nbsp;<br \/>\n<a href=\"https:\/\/dev.tg4.ie\/junioreurovision\" rel=\"noopener noreferrer\" target=\"_blank\"><img loading=\"lazy\" decoding=\"async\" width=\"700\" height=\"990\" src=\"https:\/\/tg4-docs.s3.amazonaws.com\/tg4-redesign-2015\/wp-content\/uploads\/2020\/01\/JESC-2020_Flyer_1_1920x1080-700x990.jpg\" alt=\"\" class=\"aligncenter size-large wp-image-111772\" srcset=\"https:\/\/tg4-docs.s3.amazonaws.com\/tg4-redesign-2015\/wp-content\/uploads\/2020\/01\/JESC-2020_Flyer_1_1920x1080-700x990.jpg 700w, https:\/\/tg4-docs.s3.amazonaws.com\/tg4-redesign-2015\/wp-content\/uploads\/2020\/01\/JESC-2020_Flyer_1_1920x1080-250x354.jpg 250w, https:\/\/tg4-docs.s3.amazonaws.com\/tg4-redesign-2015\/wp-content\/uploads\/2020\/01\/JESC-2020_Flyer_1_1920x1080-100x141.jpg 100w, https:\/\/tg4-docs.s3.amazonaws.com\/tg4-redesign-2015\/wp-content\/uploads\/2020\/01\/JESC-2020_Flyer_1_1920x1080-120x170.jpg 120w, https:\/\/tg4-docs.s3.amazonaws.com\/tg4-redesign-2015\/wp-content\/uploads\/2020\/01\/JESC-2020_Flyer_1_1920x1080.jpg 905w\" sizes=\"(max-width: 700px) 100vw, 700px\" \/><\/a><\/p>\n","protected":false},"excerpt":{"rendered":"<p>T\u00e1 JUNIOR EUROVISION ar ais! An bhfuil t\u00fa in ann aige? An amhr\u00e1na\u00ed den scoth th\u00fa? An mbeidh t\u00fa idir 9 agus 14 bliana d\u2019aois An F\u00f3mhar seo chugainn? T\u00e1imid ANOIS ag glacadh iarratas do CHOM\u00d3RTAS AMHR\u00c1NA\u00cdOCHTA JUNIOR EUROVISION 2020.\u00a0 Seo do dheis a bheith san ioma\u00edocht seasamh thar ceann na h\u00c9ireann sa CHOM\u00d3RTAS AMHR\u00c1NA\u00cdOCHTA [&hellip;]<\/p>\n","protected":false},"author":876,"featured_media":103430,"parent":111525,"menu_order":5,"comment_status":"closed","ping_status":"closed","template":"page-templates\/template-pr.php","meta":{"_acf_changed":false,"footnotes":""},"acf":[],"yoast_head":"<!-- This site is optimized with the Yoast SEO plugin v22.6 - https:\/\/yoast.com\/wordpress\/plugins\/seo\/ -->\n<title>Junior Eurovision TG4 2020 | Preas R\u00e1iteas | TG4<\/title>\n<meta name=\"robots\" content=\"index, follow, max-snippet:-1, max-image-preview:large, max-video-preview:-1\" \/>\n<meta property=\"og:locale\" content=\"en_US\" \/>\n<meta property=\"og:type\" content=\"article\" \/>\n<meta property=\"og:title\" content=\"Junior Eurovision TG4 2020 | Preas R\u00e1iteas | TG4\" \/>\n<meta property=\"og:description\" content=\"T\u00e1 JUNIOR EUROVISION ar ais! An bhfuil t\u00fa in ann aige? An amhr\u00e1na\u00ed den scoth th\u00fa? An mbeidh t\u00fa idir 9 agus 14 bliana d\u2019aois An F\u00f3mhar seo chugainn? T\u00e1imid ANOIS ag glacadh iarratas do CHOM\u00d3RTAS AMHR\u00c1NA\u00cdOCHTA JUNIOR EUROVISION 2020.\u00a0 Seo do dheis a bheith san ioma\u00edocht seasamh thar ceann na h\u00c9ireann sa CHOM\u00d3RTAS AMHR\u00c1NA\u00cdOCHTA [&hellip;]\" \/>\n<meta property=\"og:url\" content=\"https:\/\/dev.tg4.ie\/ga\/eolas\/preas\/nuacht-raitis\/2020-2\/junior-eurovision-2020\/\" \/>\n<meta property=\"og:site_name\" content=\"TG4\" \/>\n<meta property=\"article:publisher\" content=\"https:\/\/www.facebook.com\/TG4TV\" \/>\n<meta property=\"article:modified_time\" content=\"2020-01-21T16:21:30+00:00\" \/>\n<meta property=\"og:image\" content=\"https:\/\/tg4-docs.s3.amazonaws.com\/tg4-redesign-2015\/wp-content\/uploads\/2019\/11\/THE_CHAMPION_Anna_Kearney_from_Foxrock_Co._Dublin_will_sing_for_Ireland_at_the_Junior_Eurovision_Song_Contest_Sunday_24_November_2019_in_Poland_elf9di-1.jpg\" \/>\n\t<meta property=\"og:image:width\" content=\"1920\" \/>\n\t<meta property=\"og:image:height\" content=\"1080\" \/>\n\t<meta property=\"og:image:type\" content=\"image\/jpeg\" \/>\n<meta name=\"twitter:card\" content=\"summary_large_image\" \/>\n<meta name=\"twitter:site\" content=\"@TG4TV\" \/>\n<meta name=\"twitter:label1\" content=\"Est. reading time\" \/>\n\t<meta name=\"twitter:data1\" content=\"1 minute\" \/>\n<script type=\"application\/ld+json\" class=\"yoast-schema-graph\">{\"@context\":\"https:\/\/schema.org\",\"@graph\":[{\"@type\":\"WebPage\",\"@id\":\"https:\/\/dev.tg4.ie\/ga\/eolas\/preas\/nuacht-raitis\/2020-2\/junior-eurovision-2020\/\",\"url\":\"https:\/\/dev.tg4.ie\/ga\/eolas\/preas\/nuacht-raitis\/2020-2\/junior-eurovision-2020\/\",\"name\":\"Junior Eurovision TG4 2020 | Preas R\u00e1iteas | TG4\",\"isPartOf\":{\"@id\":\"https:\/\/dev.tg4.ie\/en\/#website\"},\"primaryImageOfPage\":{\"@id\":\"https:\/\/dev.tg4.ie\/ga\/eolas\/preas\/nuacht-raitis\/2020-2\/junior-eurovision-2020\/#primaryimage\"},\"image\":{\"@id\":\"https:\/\/dev.tg4.ie\/ga\/eolas\/preas\/nuacht-raitis\/2020-2\/junior-eurovision-2020\/#primaryimage\"},\"thumbnailUrl\":\"https:\/\/tg4-docs.s3.amazonaws.com\/tg4-redesign-2015\/wp-content\/uploads\/2019\/11\/THE_CHAMPION_Anna_Kearney_from_Foxrock_Co._Dublin_will_sing_for_Ireland_at_the_Junior_Eurovision_Song_Contest_Sunday_24_November_2019_in_Poland_elf9di-1.jpg\",\"datePublished\":\"2020-01-17T15:36:33+00:00\",\"dateModified\":\"2020-01-21T16:21:30+00:00\",\"breadcrumb\":{\"@id\":\"https:\/\/dev.tg4.ie\/ga\/eolas\/preas\/nuacht-raitis\/2020-2\/junior-eurovision-2020\/#breadcrumb\"},\"inLanguage\":\"ga\",\"potentialAction\":[{\"@type\":\"ReadAction\",\"target\":[\"https:\/\/dev.tg4.ie\/ga\/eolas\/preas\/nuacht-raitis\/2020-2\/junior-eurovision-2020\/\"]}]},{\"@type\":\"ImageObject\",\"inLanguage\":\"ga\",\"@id\":\"https:\/\/dev.tg4.ie\/ga\/eolas\/preas\/nuacht-raitis\/2020-2\/junior-eurovision-2020\/#primaryimage\",\"url\":\"https:\/\/tg4-docs.s3.amazonaws.com\/tg4-redesign-2015\/wp-content\/uploads\/2019\/11\/THE_CHAMPION_Anna_Kearney_from_Foxrock_Co._Dublin_will_sing_for_Ireland_at_the_Junior_Eurovision_Song_Contest_Sunday_24_November_2019_in_Poland_elf9di-1.jpg\",\"contentUrl\":\"https:\/\/tg4-docs.s3.amazonaws.com\/tg4-redesign-2015\/wp-content\/uploads\/2019\/11\/THE_CHAMPION_Anna_Kearney_from_Foxrock_Co._Dublin_will_sing_for_Ireland_at_the_Junior_Eurovision_Song_Contest_Sunday_24_November_2019_in_Poland_elf9di-1.jpg\",\"width\":1920,\"height\":1080},{\"@type\":\"BreadcrumbList\",\"@id\":\"https:\/\/dev.tg4.ie\/ga\/eolas\/preas\/nuacht-raitis\/2020-2\/junior-eurovision-2020\/#breadcrumb\",\"itemListElement\":[{\"@type\":\"ListItem\",\"position\":1,\"name\":\"Home\",\"item\":\"https:\/\/dev.tg4.ie\/ga\/\"},{\"@type\":\"ListItem\",\"position\":2,\"name\":\"Eolas\",\"item\":\"https:\/\/dev.tg4.ie\/ga\/eolas\/\"},{\"@type\":\"ListItem\",\"position\":3,\"name\":\"Preas\",\"item\":\"https:\/\/dev.tg4.ie\/ga\/eolas\/preas\/\"},{\"@type\":\"ListItem\",\"position\":4,\"name\":\"Nuacht R\u00e1itis\",\"item\":\"https:\/\/dev.tg4.ie\/ga\/eolas\/preas\/nuacht-raitis\/\"},{\"@type\":\"ListItem\",\"position\":5,\"name\":\"2020\",\"item\":\"https:\/\/dev.tg4.ie\/ga\/eolas\/preas\/nuacht-raitis\/2020-2\/\"},{\"@type\":\"ListItem\",\"position\":6,\"name\":\"Junior Eurovision 2020 &#8211; D\u00e9an Iarratas Anois!\"}]},{\"@type\":\"WebSite\",\"@id\":\"https:\/\/dev.tg4.ie\/en\/#website\",\"url\":\"https:\/\/dev.tg4.ie\/en\/\",\"name\":\"TG4\",\"description\":\"S\u00fail Eile\",\"potentialAction\":[{\"@type\":\"SearchAction\",\"target\":{\"@type\":\"EntryPoint\",\"urlTemplate\":\"https:\/\/dev.tg4.ie\/en\/?s={search_term_string}\"},\"query-input\":\"required name=search_term_string\"}],\"inLanguage\":\"ga\"}]}<\/script>\n<!-- \/ Yoast SEO plugin. -->","yoast_head_json":{"title":"Junior Eurovision TG4 2020 | Preas R\u00e1iteas | TG4","robots":{"index":"index","follow":"follow","max-snippet":"max-snippet:-1","max-image-preview":"max-image-preview:large","max-video-preview":"max-video-preview:-1"},"og_locale":"en_US","og_type":"article","og_title":"Junior Eurovision TG4 2020 | Preas R\u00e1iteas | TG4","og_description":"T\u00e1 JUNIOR EUROVISION ar ais! An bhfuil t\u00fa in ann aige? An amhr\u00e1na\u00ed den scoth th\u00fa? An mbeidh t\u00fa idir 9 agus 14 bliana d\u2019aois An F\u00f3mhar seo chugainn? T\u00e1imid ANOIS ag glacadh iarratas do CHOM\u00d3RTAS AMHR\u00c1NA\u00cdOCHTA JUNIOR EUROVISION 2020.\u00a0 Seo do dheis a bheith san ioma\u00edocht seasamh thar ceann na h\u00c9ireann sa CHOM\u00d3RTAS AMHR\u00c1NA\u00cdOCHTA [&hellip;]","og_url":"https:\/\/dev.tg4.ie\/ga\/eolas\/preas\/nuacht-raitis\/2020-2\/junior-eurovision-2020\/","og_site_name":"TG4","article_publisher":"https:\/\/www.facebook.com\/TG4TV","article_modified_time":"2020-01-21T16:21:30+00:00","og_image":[{"width":1920,"height":1080,"url":"https:\/\/tg4-docs.s3.amazonaws.com\/tg4-redesign-2015\/wp-content\/uploads\/2019\/11\/THE_CHAMPION_Anna_Kearney_from_Foxrock_Co._Dublin_will_sing_for_Ireland_at_the_Junior_Eurovision_Song_Contest_Sunday_24_November_2019_in_Poland_elf9di-1.jpg","type":"image\/jpeg"}],"twitter_card":"summary_large_image","twitter_site":"@TG4TV","twitter_misc":{"Est. reading time":"1 minute"},"schema":{"@context":"https:\/\/schema.org","@graph":[{"@type":"WebPage","@id":"https:\/\/dev.tg4.ie\/ga\/eolas\/preas\/nuacht-raitis\/2020-2\/junior-eurovision-2020\/","url":"https:\/\/dev.tg4.ie\/ga\/eolas\/preas\/nuacht-raitis\/2020-2\/junior-eurovision-2020\/","name":"Junior Eurovision TG4 2020 | Preas R\u00e1iteas | TG4","isPartOf":{"@id":"https:\/\/dev.tg4.ie\/en\/#website"},"primaryImageOfPage":{"@id":"https:\/\/dev.tg4.ie\/ga\/eolas\/preas\/nuacht-raitis\/2020-2\/junior-eurovision-2020\/#primaryimage"},"image":{"@id":"https:\/\/dev.tg4.ie\/ga\/eolas\/preas\/nuacht-raitis\/2020-2\/junior-eurovision-2020\/#primaryimage"},"thumbnailUrl":"https:\/\/tg4-docs.s3.amazonaws.com\/tg4-redesign-2015\/wp-content\/uploads\/2019\/11\/THE_CHAMPION_Anna_Kearney_from_Foxrock_Co._Dublin_will_sing_for_Ireland_at_the_Junior_Eurovision_Song_Contest_Sunday_24_November_2019_in_Poland_elf9di-1.jpg","datePublished":"2020-01-17T15:36:33+00:00","dateModified":"2020-01-21T16:21:30+00:00","breadcrumb":{"@id":"https:\/\/dev.tg4.ie\/ga\/eolas\/preas\/nuacht-raitis\/2020-2\/junior-eurovision-2020\/#breadcrumb"},"inLanguage":"ga","potentialAction":[{"@type":"ReadAction","target":["https:\/\/dev.tg4.ie\/ga\/eolas\/preas\/nuacht-raitis\/2020-2\/junior-eurovision-2020\/"]}]},{"@type":"ImageObject","inLanguage":"ga","@id":"https:\/\/dev.tg4.ie\/ga\/eolas\/preas\/nuacht-raitis\/2020-2\/junior-eurovision-2020\/#primaryimage","url":"https:\/\/tg4-docs.s3.amazonaws.com\/tg4-redesign-2015\/wp-content\/uploads\/2019\/11\/THE_CHAMPION_Anna_Kearney_from_Foxrock_Co._Dublin_will_sing_for_Ireland_at_the_Junior_Eurovision_Song_Contest_Sunday_24_November_2019_in_Poland_elf9di-1.jpg","contentUrl":"https:\/\/tg4-docs.s3.amazonaws.com\/tg4-redesign-2015\/wp-content\/uploads\/2019\/11\/THE_CHAMPION_Anna_Kearney_from_Foxrock_Co._Dublin_will_sing_for_Ireland_at_the_Junior_Eurovision_Song_Contest_Sunday_24_November_2019_in_Poland_elf9di-1.jpg","width":1920,"height":1080},{"@type":"BreadcrumbList","@id":"https:\/\/dev.tg4.ie\/ga\/eolas\/preas\/nuacht-raitis\/2020-2\/junior-eurovision-2020\/#breadcrumb","itemListElement":[{"@type":"ListItem","position":1,"name":"Home","item":"https:\/\/dev.tg4.ie\/ga\/"},{"@type":"ListItem","position":2,"name":"Eolas","item":"https:\/\/dev.tg4.ie\/ga\/eolas\/"},{"@type":"ListItem","position":3,"name":"Preas","item":"https:\/\/dev.tg4.ie\/ga\/eolas\/preas\/"},{"@type":"ListItem","position":4,"name":"Nuacht R\u00e1itis","item":"https:\/\/dev.tg4.ie\/ga\/eolas\/preas\/nuacht-raitis\/"},{"@type":"ListItem","position":5,"name":"2020","item":"https:\/\/dev.tg4.ie\/ga\/eolas\/preas\/nuacht-raitis\/2020-2\/"},{"@type":"ListItem","position":6,"name":"Junior Eurovision 2020 &#8211; D\u00e9an Iarratas Anois!"}]},{"@type":"WebSite","@id":"https:\/\/dev.tg4.ie\/en\/#website","url":"https:\/\/dev.tg4.ie\/en\/","name":"TG4","description":"S\u00fail Eile","potentialAction":[{"@type":"SearchAction","target":{"@type":"EntryPoint","urlTemplate":"https:\/\/dev.tg4.ie\/en\/?s={search_term_string}"},"query-input":"required name=search_term_string"}],"inLanguage":"ga"}]}},"_links":{"self":[{"href":"https:\/\/dev.tg4.ie\/ga\/wp-json\/wp\/v2\/pages\/111770"}],"collection":[{"href":"https:\/\/dev.tg4.ie\/ga\/wp-json\/wp\/v2\/pages"}],"about":[{"href":"https:\/\/dev.tg4.ie\/ga\/wp-json\/wp\/v2\/types\/page"}],"author":[{"embeddable":true,"href":"https:\/\/dev.tg4.ie\/ga\/wp-json\/wp\/v2\/users\/876"}],"replies":[{"embeddable":true,"href":"https:\/\/dev.tg4.ie\/ga\/wp-json\/wp\/v2\/comments?post=111770"}],"version-history":[{"count":0,"href":"https:\/\/dev.tg4.ie\/ga\/wp-json\/wp\/v2\/pages\/111770\/revisions"}],"up":[{"embeddable":true,"href":"https:\/\/dev.tg4.ie\/ga\/wp-json\/wp\/v2\/pages\/111525"}],"wp:featuredmedia":[{"embeddable":true,"href":"https:\/\/dev.tg4.ie\/ga\/wp-json\/wp\/v2\/media\/103430"}],"wp:attachment":[{"href":"https:\/\/dev.tg4.ie\/ga\/wp-json\/wp\/v2\/media?parent=111770"}],"curies":[{"name":"wp","href":"https:\/\/api.w.org\/{rel}","templated":true}]}}