{"id":111844,"date":"2020-01-23T19:05:59","date_gmt":"2020-01-23T19:05:59","guid":{"rendered":"https:\/\/dev.tg4.ie\/?page_id=111844"},"modified":"2020-01-24T09:49:33","modified_gmt":"2020-01-24T09:49:33","slug":"vota-2020-ipsos-mrbi-dun-na-ngall","status":"publish","type":"page","link":"https:\/\/dev.tg4.ie\/ga\/eolas\/preas\/nuacht-raitis\/2020-2\/vota-2020-ipsos-mrbi-dun-na-ngall\/","title":{"rendered":"V\u00f3ta 2020 &#8211; Pobalbhreith Ipsos MRBI D\u00fan na nGall"},"content":{"rendered":"<p><strong>P\u00e1draig Mac Lochlainn le filleadh ar an D\u00e1il agus n\u00ed cos\u00fail go mbeidh su\u00edoch\u00e1n ag Peter Casey de r\u00e9ir thortha\u00ed phobalbhreith Ipsos MRBI do TG4. <\/strong><\/p>\n<p>&nbsp;<\/p>\n<p>L\u00e9ir\u00edonn tortha\u00ed phobalbhreith TG4\/Ipsos MRBI do \u2018V\u00f3ta 2020\u2019 ar TG4, go bhf\u00e9adfadh Pearse Doherty cu\u00f3ta go leith a fh\u00e1il le 27% den v\u00f3ta c\u00e9adrogha i nD\u00e1ilcheantar Dh\u00fan na nGall.\u00a0 T\u00e1 Joe Mc Hugh, Fine Gael go l\u00e1idir sa dara h\u00e1it le 17% de na v\u00f3ta\u00ed c\u00e9adrogha. L\u00e9ir\u00edonn tortha\u00ed na pobalbreithe freisin go bhfuil seans l\u00e1idir ag P\u00e1draig Mac Lochlainn, an su\u00edoch\u00e1n a chaill s\u00e9 in Olltoghch\u00e1n 2016 a fh\u00e1il ar ais \u00f3 v\u00f3ta\u00ed aistrithe Pearse Doherty. D\u2019fh\u00e9adfadh Fianna F\u00e1il 2 shu\u00edoch\u00e1n as an 5 shu\u00edoch\u00e1n a bhaint amach sa D\u00e1ilcheantar. Beidh s\u00e9 ina chogadh dearg do na su\u00edoch\u00e1in deiridh \u00f3 v\u00f3ta\u00ed aistrithe nuair a dh\u00e1ilfear na v\u00f3ta\u00ed idir ionada\u00ed amh\u00e1in \u00f3 Fhianna F\u00e1il agus an Teachta D\u00e1la neamhsple\u00e1ch Thomas Pringle.\u00a0 Sa phobalbhreith seo n\u00edl ach 2% den v\u00f3ta ag Peter Casey neamhsple\u00e1ch, agus t\u00e1 4% ag Michael White \u00f3 Chomhaontas Glas.<\/p>\n<p>Rinneadh na hagallaimh don phobalbhreith do Dh\u00e1ilcheantar Dh\u00fan na nGall D\u00e9 Luain agus D\u00e9 M\u00e1irt an 20 agus 21 Ean\u00e1ir. Sampla 550 duine a bh\u00ed sa phobalbhreith a rinne an comhlacht Ipsos MRBI do TG4. B\u00edonn l\u00e1mh\u00e1il earr\u00e1ide m\u00f3ide\/l\u00faide 4% i gceist le suirbh\u00e9 bunaithe ar shampla 550 duine.\u00a0 T\u00e1 cu\u00f3ta 17% le baint amach ag iarrth\u00f3ir\u00ed a bheidh tofa sa d\u00e1ilcheantar 5 shu\u00edoch\u00e1n i nD\u00fan na nGall.<\/p>\n<p>L\u00e9ir\u00edonn na figi\u00fair\u00ed gur d\u00f3igh go dtoghfar an tAire Oideachais Joe McHugh d\u2019Fhine Gael le 17% den v\u00f3ta ar an gc\u00e9ad chomhaireamh agus go gcoinneoidh s\u00e9 a shu\u00edoch\u00e1n, toghfar Pearse Doherty freisin ar gc\u00e9ad chomhaireamh le cu\u00f3ta go leith. Beidh s\u00e9 ina dhianchoimhlint don tr\u00ed shu\u00edoch\u00e1n deiridh.<br \/>\n&nbsp;<br \/>\n&nbsp;<\/p>\n<p><strong>Taca\u00edocht na nIarrth\u00f3ir\u00ed\u00a0i nD\u00e1ilcheantar Dh\u00fan na nGall\u00a0\u00a0<\/strong>(V\u00f3ta Uimhir 1)<\/p>\n<p><strong>\u00a0<\/strong><\/p>\n<table width=\"469\">\n<tbody>\n<tr>\n<td width=\"260\"><\/td>\n<td width=\"70\"><strong><em>Pobalbhreith<\/em><\/strong><\/p>\n<p><strong><em>&#8217;20<\/em><\/strong><\/td>\n<td width=\"70\"><strong><em>Olltoghch\u00e1n <\/em><\/strong><strong><em>\u00a0&#8217;16<\/em><\/strong><\/td>\n<td width=\"70\"><\/td>\n<\/tr>\n<tr>\n<td width=\"260\">Pearse Doherty &#8211; Sinn F\u00e9in<\/td>\n<td width=\"70\"><strong><em>27%<\/em><\/strong><\/td>\n<td width=\"70\">14%<\/td>\n<td width=\"70\"><\/td>\n<\/tr>\n<tr>\n<td width=\"260\">Joe McHugh &#8211; Fine Gael<\/td>\n<td width=\"70\"><strong><em>17%<\/em><\/strong><\/td>\n<td width=\"70\">11%<\/td>\n<td width=\"70\"><\/td>\n<\/tr>\n<tr>\n<td width=\"260\">Charlie McConalogue &#8211; Fianna F\u00e1il<\/td>\n<td width=\"70\"><strong><em>12%<\/em><\/strong><\/td>\n<td width=\"70\">17%<\/td>\n<td width=\"70\"><\/td>\n<\/tr>\n<tr>\n<td width=\"260\">P\u00e1draig Mac Lochlainn &#8211; Sinn F\u00e9in<\/td>\n<td width=\"70\"><strong><em>12%<\/em><\/strong><\/td>\n<td width=\"70\">8%<\/td>\n<td width=\"70\"><\/td>\n<\/tr>\n<tr>\n<td width=\"260\">Pat \u2018The Cope\u2019 Gallagher &#8211; Fianna F\u00e1il<\/td>\n<td width=\"70\"><strong><em>10%<\/em><\/strong><\/td>\n<td width=\"70\">14%<\/td>\n<td width=\"70\"><\/td>\n<\/tr>\n<tr>\n<td width=\"260\">Thomas Pringle \u2013 Neamhsple\u00e1ch<\/td>\n<td width=\"70\"><strong><em>6%<\/em><\/strong><\/td>\n<td width=\"70\">8%<\/td>\n<td width=\"70\"><\/td>\n<\/tr>\n<tr>\n<td width=\"260\">John O\u2019Donnell &#8211; Neamhsple\u00e1ch<\/td>\n<td width=\"70\"><strong><em>4%<\/em><\/strong><\/td>\n<td width=\"70\"><\/td>\n<td width=\"70\"><\/td>\n<\/tr>\n<tr>\n<td width=\"260\">Michael White \u2013 Comhaontas Glas<\/td>\n<td width=\"70\"><strong><em>4%<\/em><\/strong><\/td>\n<td width=\"70\"><\/td>\n<td width=\"70\"><\/td>\n<\/tr>\n<tr>\n<td width=\"260\">Mary T Sweeney &#8212; Aont\u00fa<\/td>\n<td width=\"70\"><strong><em>3%<\/em><\/strong><\/td>\n<td width=\"70\"><\/td>\n<td width=\"70\"><\/td>\n<\/tr>\n<tr>\n<td width=\"260\">Martin Harley &#8212; Fine Gael<\/td>\n<td width=\"70\"><strong><em>3%<\/em><\/strong><\/td>\n<td width=\"70\"><\/td>\n<td width=\"70\"><\/td>\n<\/tr>\n<tr>\n<td width=\"260\">Peter Casey &#8211; Neamhsple\u00e1ch<\/td>\n<td width=\"70\"><strong><em>2%<\/em><\/strong><\/td>\n<td width=\"70\"><\/td>\n<td width=\"70\"><\/td>\n<\/tr>\n<tr>\n<td width=\"260\">Niall McConnell &#8211; Neamhsple\u00e1ch<\/td>\n<td width=\"70\"><strong><em>1%<\/em><\/strong><\/td>\n<td width=\"70\"><\/td>\n<td width=\"70\"><\/td>\n<\/tr>\n<\/tbody>\n<\/table>\n<p>&nbsp;<\/p>\n<p>&nbsp;<\/p>\n<p><strong>Taca\u00edocht na bP\u00e1irtithe i nD\u00e1ilcheantar Dh\u00fan na nGall\u00a0<\/strong>(V\u00f3ta Uimhir 1)<\/p>\n<p>Sinn F\u00e9in \u00a0\u00a0\u00a0\u00a0\u00a0\u00a0\u00a0\u00a0\u00a0\u00a0\u00a0\u00a0\u00a0\u00a0\u00a0\u00a0\u00a0\u00a0\u00a0\u00a0\u00a0\u00a0\u00a0\u00a0\u00a0\u00a0\u00a0 38%<\/p>\n<p>Fine Gael\u00a0\u00a0\u00a0\u00a0\u00a0\u00a0\u00a0\u00a0\u00a0\u00a0\u00a0\u00a0\u00a0\u00a0\u00a0\u00a0\u00a0\u00a0\u00a0\u00a0\u00a0\u00a0\u00a0\u00a0\u00a0\u00a0\u00a0\u00a0 20%<\/p>\n<p>Fianna F\u00e1il\u00a0\u00a0\u00a0\u00a0\u00a0\u00a0\u00a0\u00a0\u00a0\u00a0\u00a0\u00a0\u00a0\u00a0\u00a0\u00a0\u00a0\u00a0\u00a0\u00a0\u00a0\u00a0\u00a0\u00a0\u00a0\u00a0 22%<\/p>\n<p>Neamhsple\u00e1ch *\u00a0\u00a0\u00a0\u00a0\u00a0\u00a0\u00a0\u00a0\u00a0\u00a0\u00a0\u00a0\u00a0\u00a0\u00a0\u00a0\u00a0\u00a0\u00a0\u00a019%<\/p>\n<p><em>(*Comhaontas Glas &amp; Aont\u00fa ina measc) <\/em><\/p>\n<p>&nbsp;<\/p>\n<p>Nuair a chuirtear c\u00e9atad\u00e1n v\u00f3ta Charlie McConalogue le c\u00e9atad\u00e1n Pat \u2019The Cope\u2019 Gallagher, t\u00e1 22% den v\u00f3ta ag Fianna F\u00e1il sa d\u00e1ilcheantar, bunaithe ar na figi\u00fair\u00ed sin, d\u2019fh\u00e9adfadh Fianna F\u00e1il dh\u00e1 shu\u00edoch\u00e1n a bhaint amach ag braith ar aistrithe \u00f3 iarrth\u00f3ir\u00ed eile.\u00a0 T\u00e1 Charlie McConalogue 5% faoi bhun an chu\u00f3ta ag 12% agus Pat \u2018the Cope\u2019 Gallagher ag 10%<\/p>\n<p>Nuair a chuirfear na p\u00e1irtithe beaga agus na neamhsple\u00e1igh as an \u00e1ireamh d\u2019fh\u00e9adfadh go seasfadh a st\u00e1das neamhsple\u00e1ch le Thomas Pringle, c\u00e9 go mbeidh go leor le d\u00e9anamh aige chun an ceann is fearr a fh\u00e1il ar dara iarrth\u00f3ir Shinn F\u00e9in agus ar dara iarrth\u00f3ir Fhianna F\u00e1il.<\/p>\n<p>In 2016, d\u2019\u00e9irigh le Fianna F\u00e1il dh\u00e1 iarrth\u00f3ir a thoghadh, Charlie McConalogue agus Pat \u2018The Cope\u2019 Gallagher. Ba \u00e9 Joe McHugh a fuair su\u00edoch\u00e1n amh\u00e1in d\u2019Fhine Gael in 2016. Toghadh Pearse Doherty Shinn F\u00e9in agus is beag a bh\u00ed idir P\u00e1draig Mac Lochlainn agus Thomas Pringle a th\u00f3g an c\u00faigi\u00fa su\u00edoch\u00e1n ar deiridh.<\/p>\n<p>&nbsp;<\/p>\n<p>D\u2019fh\u00e9adfadh \u00e1fach iarrth\u00f3ir Chomhaontas Glas Michael White n\u00f3 Peter Casey Neamhple\u00e1ch a bheith f\u00f3s san ioma\u00edocht ag deireadh an chomhairimh.<\/p>\n<p><strong>\u00a0<\/strong><\/p>\n<p><strong>N\u00f3ta d\u2019Eagarth\u00f3ir\u00ed:<\/strong><\/p>\n<p>Is \u00e9 seo an ch\u00e9ad cheann de 3 phobalbhreith at\u00e1 coimisi\u00fanaithe ag TG4 le Ipsos MRBI do V\u00f3ta 2020. D\u00e9 M\u00e1irt seo chugainn an 28 Ean\u00e1ir, beidh tortha\u00ed phobalbhreith Ghaillimh Thiar agus ar an M\u00e1irt d\u00e1r gcionn, an 4 Feabhra, tortha\u00ed phobalbhreith Chiarra\u00ed ar f\u00e1il.\u00a0 Nuair a rinneadh na hagallaimh, n\u00ed raibh s\u00e9 curtha in i\u00fal ag Peter Casey go mbeadh s\u00e9 ag seasamh in Iarthar Bhaile \u00c1tha Cliath chomh maith. N\u00ed raibh Arthur McGuinness curtha san \u00e1ireamh ar an bp\u00e1ip\u00e9ar ball\u00f3ide againn.<\/p>\n<p>&nbsp;<br \/>\n<img loading=\"lazy\" decoding=\"async\" width=\"1920\" height=\"1080\" src=\"https:\/\/tg4-docs.s3.amazonaws.com\/tg4-redesign-2015\/wp-content\/uploads\/2020\/01\/PobalBhreith_16_9_Iarrthoiri.jpg\" alt=\"\" class=\"aligncenter size-full wp-image-111870\" srcset=\"https:\/\/tg4-docs.s3.amazonaws.com\/tg4-redesign-2015\/wp-content\/uploads\/2020\/01\/PobalBhreith_16_9_Iarrthoiri.jpg 1920w, https:\/\/tg4-docs.s3.amazonaws.com\/tg4-redesign-2015\/wp-content\/uploads\/2020\/01\/PobalBhreith_16_9_Iarrthoiri-250x141.jpg 250w, https:\/\/tg4-docs.s3.amazonaws.com\/tg4-redesign-2015\/wp-content\/uploads\/2020\/01\/PobalBhreith_16_9_Iarrthoiri-700x394.jpg 700w, https:\/\/tg4-docs.s3.amazonaws.com\/tg4-redesign-2015\/wp-content\/uploads\/2020\/01\/PobalBhreith_16_9_Iarrthoiri-252x141.jpg 252w, https:\/\/tg4-docs.s3.amazonaws.com\/tg4-redesign-2015\/wp-content\/uploads\/2020\/01\/PobalBhreith_16_9_Iarrthoiri-1536x864.jpg 1536w, https:\/\/tg4-docs.s3.amazonaws.com\/tg4-redesign-2015\/wp-content\/uploads\/2020\/01\/PobalBhreith_16_9_Iarrthoiri-120x68.jpg 120w\" sizes=\"(max-width: 1920px) 100vw, 1920px\" \/><br \/>\n&nbsp;<br \/>\n<img loading=\"lazy\" decoding=\"async\" width=\"1920\" height=\"1080\" src=\"https:\/\/tg4-docs.s3.amazonaws.com\/tg4-redesign-2015\/wp-content\/uploads\/2020\/01\/PobalBhreith_16_9_1.jpg\" alt=\"\" class=\"aligncenter size-full wp-image-111871\" srcset=\"https:\/\/tg4-docs.s3.amazonaws.com\/tg4-redesign-2015\/wp-content\/uploads\/2020\/01\/PobalBhreith_16_9_1.jpg 1920w, https:\/\/tg4-docs.s3.amazonaws.com\/tg4-redesign-2015\/wp-content\/uploads\/2020\/01\/PobalBhreith_16_9_1-250x141.jpg 250w, https:\/\/tg4-docs.s3.amazonaws.com\/tg4-redesign-2015\/wp-content\/uploads\/2020\/01\/PobalBhreith_16_9_1-700x394.jpg 700w, https:\/\/tg4-docs.s3.amazonaws.com\/tg4-redesign-2015\/wp-content\/uploads\/2020\/01\/PobalBhreith_16_9_1-252x141.jpg 252w, https:\/\/tg4-docs.s3.amazonaws.com\/tg4-redesign-2015\/wp-content\/uploads\/2020\/01\/PobalBhreith_16_9_1-1536x864.jpg 1536w, https:\/\/tg4-docs.s3.amazonaws.com\/tg4-redesign-2015\/wp-content\/uploads\/2020\/01\/PobalBhreith_16_9_1-120x68.jpg 120w\" sizes=\"(max-width: 1920px) 100vw, 1920px\" \/><br \/>\n&nbsp;<br \/>\n<img loading=\"lazy\" decoding=\"async\" width=\"1920\" height=\"1080\" src=\"https:\/\/tg4-docs.s3.amazonaws.com\/tg4-redesign-2015\/wp-content\/uploads\/2020\/01\/PobalBhreith_16_9_2.jpg\" alt=\"\" class=\"aligncenter size-full wp-image-111869\" srcset=\"https:\/\/tg4-docs.s3.amazonaws.com\/tg4-redesign-2015\/wp-content\/uploads\/2020\/01\/PobalBhreith_16_9_2.jpg 1920w, https:\/\/tg4-docs.s3.amazonaws.com\/tg4-redesign-2015\/wp-content\/uploads\/2020\/01\/PobalBhreith_16_9_2-250x141.jpg 250w, https:\/\/tg4-docs.s3.amazonaws.com\/tg4-redesign-2015\/wp-content\/uploads\/2020\/01\/PobalBhreith_16_9_2-700x394.jpg 700w, https:\/\/tg4-docs.s3.amazonaws.com\/tg4-redesign-2015\/wp-content\/uploads\/2020\/01\/PobalBhreith_16_9_2-252x141.jpg 252w, https:\/\/tg4-docs.s3.amazonaws.com\/tg4-redesign-2015\/wp-content\/uploads\/2020\/01\/PobalBhreith_16_9_2-1536x864.jpg 1536w, https:\/\/tg4-docs.s3.amazonaws.com\/tg4-redesign-2015\/wp-content\/uploads\/2020\/01\/PobalBhreith_16_9_2-120x68.jpg 120w\" sizes=\"(max-width: 1920px) 100vw, 1920px\" \/><br \/>\n&nbsp;<br \/>\n<img loading=\"lazy\" decoding=\"async\" width=\"1920\" height=\"1080\" src=\"https:\/\/tg4-docs.s3.amazonaws.com\/tg4-redesign-2015\/wp-content\/uploads\/2020\/01\/PobalBhreith_16_9_3.jpg\" alt=\"\" class=\"aligncenter size-full wp-image-111868\" srcset=\"https:\/\/tg4-docs.s3.amazonaws.com\/tg4-redesign-2015\/wp-content\/uploads\/2020\/01\/PobalBhreith_16_9_3.jpg 1920w, https:\/\/tg4-docs.s3.amazonaws.com\/tg4-redesign-2015\/wp-content\/uploads\/2020\/01\/PobalBhreith_16_9_3-250x141.jpg 250w, https:\/\/tg4-docs.s3.amazonaws.com\/tg4-redesign-2015\/wp-content\/uploads\/2020\/01\/PobalBhreith_16_9_3-700x394.jpg 700w, https:\/\/tg4-docs.s3.amazonaws.com\/tg4-redesign-2015\/wp-content\/uploads\/2020\/01\/PobalBhreith_16_9_3-252x141.jpg 252w, https:\/\/tg4-docs.s3.amazonaws.com\/tg4-redesign-2015\/wp-content\/uploads\/2020\/01\/PobalBhreith_16_9_3-1536x864.jpg 1536w, https:\/\/tg4-docs.s3.amazonaws.com\/tg4-redesign-2015\/wp-content\/uploads\/2020\/01\/PobalBhreith_16_9_3-120x68.jpg 120w\" sizes=\"(max-width: 1920px) 100vw, 1920px\" \/><br \/>\n&nbsp;<br \/>\n<img loading=\"lazy\" decoding=\"async\" width=\"1920\" height=\"1080\" src=\"https:\/\/tg4-docs.s3.amazonaws.com\/tg4-redesign-2015\/wp-content\/uploads\/2020\/01\/PobalBhreith_16_9_4.jpg\" alt=\"\" class=\"aligncenter size-full wp-image-111867\" srcset=\"https:\/\/tg4-docs.s3.amazonaws.com\/tg4-redesign-2015\/wp-content\/uploads\/2020\/01\/PobalBhreith_16_9_4.jpg 1920w, https:\/\/tg4-docs.s3.amazonaws.com\/tg4-redesign-2015\/wp-content\/uploads\/2020\/01\/PobalBhreith_16_9_4-250x141.jpg 250w, https:\/\/tg4-docs.s3.amazonaws.com\/tg4-redesign-2015\/wp-content\/uploads\/2020\/01\/PobalBhreith_16_9_4-700x394.jpg 700w, https:\/\/tg4-docs.s3.amazonaws.com\/tg4-redesign-2015\/wp-content\/uploads\/2020\/01\/PobalBhreith_16_9_4-252x141.jpg 252w, https:\/\/tg4-docs.s3.amazonaws.com\/tg4-redesign-2015\/wp-content\/uploads\/2020\/01\/PobalBhreith_16_9_4-1536x864.jpg 1536w, https:\/\/tg4-docs.s3.amazonaws.com\/tg4-redesign-2015\/wp-content\/uploads\/2020\/01\/PobalBhreith_16_9_4-120x68.jpg 120w\" sizes=\"(max-width: 1920px) 100vw, 1920px\" \/><br \/>\n&nbsp;<\/p>\n","protected":false},"excerpt":{"rendered":"<p>P\u00e1draig Mac Lochlainn le filleadh ar an D\u00e1il agus n\u00ed cos\u00fail go mbeidh su\u00edoch\u00e1n ag Peter Casey de r\u00e9ir thortha\u00ed phobalbhreith Ipsos MRBI do TG4. &nbsp; L\u00e9ir\u00edonn tortha\u00ed phobalbhreith TG4\/Ipsos MRBI do \u2018V\u00f3ta 2020\u2019 ar TG4, go bhf\u00e9adfadh Pearse Doherty cu\u00f3ta go leith a fh\u00e1il le 27% den v\u00f3ta c\u00e9adrogha i nD\u00e1ilcheantar Dh\u00fan na nGall.\u00a0 [&hellip;]<\/p>\n","protected":false},"author":876,"featured_media":111713,"parent":111525,"menu_order":6,"comment_status":"closed","ping_status":"closed","template":"page-templates\/template-pr.php","meta":{"_acf_changed":false,"footnotes":""},"acf":[],"yoast_head":"<!-- This site is optimized with the Yoast SEO plugin v22.6 - https:\/\/yoast.com\/wordpress\/plugins\/seo\/ -->\n<title>V\u00f3ta 2020 - Pobalbhreith Ipsos MRBI D\u00fan na nGall | Preas R\u00e1iteas | TG4<\/title>\n<meta name=\"robots\" content=\"index, follow, max-snippet:-1, max-image-preview:large, max-video-preview:-1\" \/>\n<meta property=\"og:locale\" content=\"en_US\" \/>\n<meta property=\"og:type\" content=\"article\" \/>\n<meta property=\"og:title\" content=\"V\u00f3ta 2020 - Pobalbhreith Ipsos MRBI D\u00fan na nGall | Preas R\u00e1iteas | TG4\" \/>\n<meta property=\"og:description\" content=\"P\u00e1draig Mac Lochlainn le filleadh ar an D\u00e1il agus n\u00ed cos\u00fail go mbeidh su\u00edoch\u00e1n ag Peter Casey de r\u00e9ir thortha\u00ed phobalbhreith Ipsos MRBI do TG4. &nbsp; L\u00e9ir\u00edonn tortha\u00ed phobalbhreith TG4\/Ipsos MRBI do \u2018V\u00f3ta 2020\u2019 ar TG4, go bhf\u00e9adfadh Pearse Doherty cu\u00f3ta go leith a fh\u00e1il le 27% den v\u00f3ta c\u00e9adrogha i nD\u00e1ilcheantar Dh\u00fan na nGall.\u00a0 [&hellip;]\" \/>\n<meta property=\"og:url\" content=\"https:\/\/dev.tg4.ie\/ga\/eolas\/preas\/nuacht-raitis\/2020-2\/vota-2020-ipsos-mrbi-dun-na-ngall\/\" \/>\n<meta property=\"og:site_name\" content=\"TG4\" \/>\n<meta property=\"article:publisher\" content=\"https:\/\/www.facebook.com\/TG4TV\" \/>\n<meta property=\"article:modified_time\" content=\"2020-01-24T09:49:33+00:00\" \/>\n<meta property=\"og:image\" content=\"https:\/\/tg4-docs.s3.amazonaws.com\/tg4-redesign-2015\/wp-content\/uploads\/2020\/01\/Vota_2020_1_1920x1080.jpeg\" \/>\n\t<meta property=\"og:image:width\" content=\"1920\" \/>\n\t<meta property=\"og:image:height\" content=\"1080\" \/>\n\t<meta property=\"og:image:type\" content=\"image\/jpeg\" \/>\n<meta name=\"twitter:card\" content=\"summary_large_image\" \/>\n<meta name=\"twitter:site\" content=\"@TG4TV\" \/>\n<meta name=\"twitter:label1\" content=\"Est. reading time\" \/>\n\t<meta name=\"twitter:data1\" content=\"4 minutes\" \/>\n<script type=\"application\/ld+json\" class=\"yoast-schema-graph\">{\"@context\":\"https:\/\/schema.org\",\"@graph\":[{\"@type\":\"WebPage\",\"@id\":\"https:\/\/dev.tg4.ie\/ga\/eolas\/preas\/nuacht-raitis\/2020-2\/vota-2020-ipsos-mrbi-dun-na-ngall\/\",\"url\":\"https:\/\/dev.tg4.ie\/ga\/eolas\/preas\/nuacht-raitis\/2020-2\/vota-2020-ipsos-mrbi-dun-na-ngall\/\",\"name\":\"V\u00f3ta 2020 - Pobalbhreith Ipsos MRBI D\u00fan na nGall | Preas R\u00e1iteas | TG4\",\"isPartOf\":{\"@id\":\"https:\/\/dev.tg4.ie\/en\/#website\"},\"primaryImageOfPage\":{\"@id\":\"https:\/\/dev.tg4.ie\/ga\/eolas\/preas\/nuacht-raitis\/2020-2\/vota-2020-ipsos-mrbi-dun-na-ngall\/#primaryimage\"},\"image\":{\"@id\":\"https:\/\/dev.tg4.ie\/ga\/eolas\/preas\/nuacht-raitis\/2020-2\/vota-2020-ipsos-mrbi-dun-na-ngall\/#primaryimage\"},\"thumbnailUrl\":\"https:\/\/tg4-docs.s3.amazonaws.com\/tg4-redesign-2015\/wp-content\/uploads\/2020\/01\/Vota_2020_1_1920x1080.jpeg\",\"datePublished\":\"2020-01-23T19:05:59+00:00\",\"dateModified\":\"2020-01-24T09:49:33+00:00\",\"breadcrumb\":{\"@id\":\"https:\/\/dev.tg4.ie\/ga\/eolas\/preas\/nuacht-raitis\/2020-2\/vota-2020-ipsos-mrbi-dun-na-ngall\/#breadcrumb\"},\"inLanguage\":\"ga\",\"potentialAction\":[{\"@type\":\"ReadAction\",\"target\":[\"https:\/\/dev.tg4.ie\/ga\/eolas\/preas\/nuacht-raitis\/2020-2\/vota-2020-ipsos-mrbi-dun-na-ngall\/\"]}]},{\"@type\":\"ImageObject\",\"inLanguage\":\"ga\",\"@id\":\"https:\/\/dev.tg4.ie\/ga\/eolas\/preas\/nuacht-raitis\/2020-2\/vota-2020-ipsos-mrbi-dun-na-ngall\/#primaryimage\",\"url\":\"https:\/\/tg4-docs.s3.amazonaws.com\/tg4-redesign-2015\/wp-content\/uploads\/2020\/01\/Vota_2020_1_1920x1080.jpeg\",\"contentUrl\":\"https:\/\/tg4-docs.s3.amazonaws.com\/tg4-redesign-2015\/wp-content\/uploads\/2020\/01\/Vota_2020_1_1920x1080.jpeg\",\"width\":1920,\"height\":1080},{\"@type\":\"BreadcrumbList\",\"@id\":\"https:\/\/dev.tg4.ie\/ga\/eolas\/preas\/nuacht-raitis\/2020-2\/vota-2020-ipsos-mrbi-dun-na-ngall\/#breadcrumb\",\"itemListElement\":[{\"@type\":\"ListItem\",\"position\":1,\"name\":\"Home\",\"item\":\"https:\/\/dev.tg4.ie\/ga\/\"},{\"@type\":\"ListItem\",\"position\":2,\"name\":\"Eolas\",\"item\":\"https:\/\/dev.tg4.ie\/ga\/eolas\/\"},{\"@type\":\"ListItem\",\"position\":3,\"name\":\"Preas\",\"item\":\"https:\/\/dev.tg4.ie\/ga\/eolas\/preas\/\"},{\"@type\":\"ListItem\",\"position\":4,\"name\":\"Nuacht R\u00e1itis\",\"item\":\"https:\/\/dev.tg4.ie\/ga\/eolas\/preas\/nuacht-raitis\/\"},{\"@type\":\"ListItem\",\"position\":5,\"name\":\"2020\",\"item\":\"https:\/\/dev.tg4.ie\/ga\/eolas\/preas\/nuacht-raitis\/2020-2\/\"},{\"@type\":\"ListItem\",\"position\":6,\"name\":\"V\u00f3ta 2020 &#8211; Pobalbhreith Ipsos MRBI D\u00fan na nGall\"}]},{\"@type\":\"WebSite\",\"@id\":\"https:\/\/dev.tg4.ie\/en\/#website\",\"url\":\"https:\/\/dev.tg4.ie\/en\/\",\"name\":\"TG4\",\"description\":\"S\u00fail Eile\",\"potentialAction\":[{\"@type\":\"SearchAction\",\"target\":{\"@type\":\"EntryPoint\",\"urlTemplate\":\"https:\/\/dev.tg4.ie\/en\/?s={search_term_string}\"},\"query-input\":\"required name=search_term_string\"}],\"inLanguage\":\"ga\"}]}<\/script>\n<!-- \/ Yoast SEO plugin. -->","yoast_head_json":{"title":"V\u00f3ta 2020 - Pobalbhreith Ipsos MRBI D\u00fan na nGall | Preas R\u00e1iteas | TG4","robots":{"index":"index","follow":"follow","max-snippet":"max-snippet:-1","max-image-preview":"max-image-preview:large","max-video-preview":"max-video-preview:-1"},"og_locale":"en_US","og_type":"article","og_title":"V\u00f3ta 2020 - Pobalbhreith Ipsos MRBI D\u00fan na nGall | Preas R\u00e1iteas | TG4","og_description":"P\u00e1draig Mac Lochlainn le filleadh ar an D\u00e1il agus n\u00ed cos\u00fail go mbeidh su\u00edoch\u00e1n ag Peter Casey de r\u00e9ir thortha\u00ed phobalbhreith Ipsos MRBI do TG4. &nbsp; L\u00e9ir\u00edonn tortha\u00ed phobalbhreith TG4\/Ipsos MRBI do \u2018V\u00f3ta 2020\u2019 ar TG4, go bhf\u00e9adfadh Pearse Doherty cu\u00f3ta go leith a fh\u00e1il le 27% den v\u00f3ta c\u00e9adrogha i nD\u00e1ilcheantar Dh\u00fan na nGall.\u00a0 [&hellip;]","og_url":"https:\/\/dev.tg4.ie\/ga\/eolas\/preas\/nuacht-raitis\/2020-2\/vota-2020-ipsos-mrbi-dun-na-ngall\/","og_site_name":"TG4","article_publisher":"https:\/\/www.facebook.com\/TG4TV","article_modified_time":"2020-01-24T09:49:33+00:00","og_image":[{"width":1920,"height":1080,"url":"https:\/\/tg4-docs.s3.amazonaws.com\/tg4-redesign-2015\/wp-content\/uploads\/2020\/01\/Vota_2020_1_1920x1080.jpeg","type":"image\/jpeg"}],"twitter_card":"summary_large_image","twitter_site":"@TG4TV","twitter_misc":{"Est. reading time":"4 minutes"},"schema":{"@context":"https:\/\/schema.org","@graph":[{"@type":"WebPage","@id":"https:\/\/dev.tg4.ie\/ga\/eolas\/preas\/nuacht-raitis\/2020-2\/vota-2020-ipsos-mrbi-dun-na-ngall\/","url":"https:\/\/dev.tg4.ie\/ga\/eolas\/preas\/nuacht-raitis\/2020-2\/vota-2020-ipsos-mrbi-dun-na-ngall\/","name":"V\u00f3ta 2020 - Pobalbhreith Ipsos MRBI D\u00fan na nGall | Preas R\u00e1iteas | TG4","isPartOf":{"@id":"https:\/\/dev.tg4.ie\/en\/#website"},"primaryImageOfPage":{"@id":"https:\/\/dev.tg4.ie\/ga\/eolas\/preas\/nuacht-raitis\/2020-2\/vota-2020-ipsos-mrbi-dun-na-ngall\/#primaryimage"},"image":{"@id":"https:\/\/dev.tg4.ie\/ga\/eolas\/preas\/nuacht-raitis\/2020-2\/vota-2020-ipsos-mrbi-dun-na-ngall\/#primaryimage"},"thumbnailUrl":"https:\/\/tg4-docs.s3.amazonaws.com\/tg4-redesign-2015\/wp-content\/uploads\/2020\/01\/Vota_2020_1_1920x1080.jpeg","datePublished":"2020-01-23T19:05:59+00:00","dateModified":"2020-01-24T09:49:33+00:00","breadcrumb":{"@id":"https:\/\/dev.tg4.ie\/ga\/eolas\/preas\/nuacht-raitis\/2020-2\/vota-2020-ipsos-mrbi-dun-na-ngall\/#breadcrumb"},"inLanguage":"ga","potentialAction":[{"@type":"ReadAction","target":["https:\/\/dev.tg4.ie\/ga\/eolas\/preas\/nuacht-raitis\/2020-2\/vota-2020-ipsos-mrbi-dun-na-ngall\/"]}]},{"@type":"ImageObject","inLanguage":"ga","@id":"https:\/\/dev.tg4.ie\/ga\/eolas\/preas\/nuacht-raitis\/2020-2\/vota-2020-ipsos-mrbi-dun-na-ngall\/#primaryimage","url":"https:\/\/tg4-docs.s3.amazonaws.com\/tg4-redesign-2015\/wp-content\/uploads\/2020\/01\/Vota_2020_1_1920x1080.jpeg","contentUrl":"https:\/\/tg4-docs.s3.amazonaws.com\/tg4-redesign-2015\/wp-content\/uploads\/2020\/01\/Vota_2020_1_1920x1080.jpeg","width":1920,"height":1080},{"@type":"BreadcrumbList","@id":"https:\/\/dev.tg4.ie\/ga\/eolas\/preas\/nuacht-raitis\/2020-2\/vota-2020-ipsos-mrbi-dun-na-ngall\/#breadcrumb","itemListElement":[{"@type":"ListItem","position":1,"name":"Home","item":"https:\/\/dev.tg4.ie\/ga\/"},{"@type":"ListItem","position":2,"name":"Eolas","item":"https:\/\/dev.tg4.ie\/ga\/eolas\/"},{"@type":"ListItem","position":3,"name":"Preas","item":"https:\/\/dev.tg4.ie\/ga\/eolas\/preas\/"},{"@type":"ListItem","position":4,"name":"Nuacht R\u00e1itis","item":"https:\/\/dev.tg4.ie\/ga\/eolas\/preas\/nuacht-raitis\/"},{"@type":"ListItem","position":5,"name":"2020","item":"https:\/\/dev.tg4.ie\/ga\/eolas\/preas\/nuacht-raitis\/2020-2\/"},{"@type":"ListItem","position":6,"name":"V\u00f3ta 2020 &#8211; Pobalbhreith Ipsos MRBI D\u00fan na nGall"}]},{"@type":"WebSite","@id":"https:\/\/dev.tg4.ie\/en\/#website","url":"https:\/\/dev.tg4.ie\/en\/","name":"TG4","description":"S\u00fail Eile","potentialAction":[{"@type":"SearchAction","target":{"@type":"EntryPoint","urlTemplate":"https:\/\/dev.tg4.ie\/en\/?s={search_term_string}"},"query-input":"required name=search_term_string"}],"inLanguage":"ga"}]}},"_links":{"self":[{"href":"https:\/\/dev.tg4.ie\/ga\/wp-json\/wp\/v2\/pages\/111844"}],"collection":[{"href":"https:\/\/dev.tg4.ie\/ga\/wp-json\/wp\/v2\/pages"}],"about":[{"href":"https:\/\/dev.tg4.ie\/ga\/wp-json\/wp\/v2\/types\/page"}],"author":[{"embeddable":true,"href":"https:\/\/dev.tg4.ie\/ga\/wp-json\/wp\/v2\/users\/876"}],"replies":[{"embeddable":true,"href":"https:\/\/dev.tg4.ie\/ga\/wp-json\/wp\/v2\/comments?post=111844"}],"version-history":[{"count":0,"href":"https:\/\/dev.tg4.ie\/ga\/wp-json\/wp\/v2\/pages\/111844\/revisions"}],"up":[{"embeddable":true,"href":"https:\/\/dev.tg4.ie\/ga\/wp-json\/wp\/v2\/pages\/111525"}],"wp:featuredmedia":[{"embeddable":true,"href":"https:\/\/dev.tg4.ie\/ga\/wp-json\/wp\/v2\/media\/111713"}],"wp:attachment":[{"href":"https:\/\/dev.tg4.ie\/ga\/wp-json\/wp\/v2\/media?parent=111844"}],"curies":[{"name":"wp","href":"https:\/\/api.w.org\/{rel}","templated":true}]}}