{"id":112261,"date":"2020-02-21T12:53:50","date_gmt":"2020-02-21T12:53:50","guid":{"rendered":"https:\/\/dev.tg4.ie\/?page_id=112261"},"modified":"2020-02-21T13:48:12","modified_gmt":"2020-02-21T13:48:12","slug":"gradam-ceoil-tg4-le-craoladh-beo-ar-bbc-alba-de-domhnaigh","status":"publish","type":"page","link":"https:\/\/dev.tg4.ie\/ga\/eolas\/preas\/nuacht-raitis\/2020-2\/gradam-ceoil-tg4-le-craoladh-beo-ar-bbc-alba-de-domhnaigh\/","title":{"rendered":"Gradam Ceoil TG4 le craoladh beo ar BBC ALBA D\u00e9 Domhnaigh"},"content":{"rendered":"<p><span>T\u00e1 r\u00edm\u00e9ad ar TG4 a bheith ag obair i gcomhar le BBC Alba chun go mbeidh teacht ag teaghlaigh ar fud an hAlban agus na R\u00edochta Aontaithe ar shearmanas bliant\u00fail gradam agus se\u00f3thaispe\u00e1ntas Cheol Traidisi\u00fanta na h\u00c9ireann, GRADAM CEOIL TG4, den ch\u00e9ad uair.\u00a0 D\u00e9anfar Gradam Ceoil TG4 a chraoladh Beo ar an teilif\u00eds ar TG4 agus ar BBC ALBA araon ag 9:30pm tr\u00e1thn\u00f3na D\u00e9 Domhnaigh, as Halla Waterfront Bh\u00e9al Feirste agus beidh deis f\u00e9achaint air ina dhiaidh sin ar an BBC iPlayer\u00a0<a href=\"https:\/\/www.bbc.co.uk\/programmes\/m000ft8x\" target=\"_blank\" rel=\"noopener noreferrer\" data-auth=\"NotApplicable\">https:\/\/www.bbc.co.uk\/programmes\/m000ft8x<\/a>\u00a0agus do dhaoine ar fud an domhain ar sheinnteoir TG4, <a href=\"https:\/\/dev.tg4.ie\/player\/catagoir\/ceol\/?series=Gradam%20Ceoil%20TG4%202020&#038;genre=Ceol\" rel=\"noopener noreferrer\" target=\"_blank\">www.TG4.ie<\/a><\/span><\/p>\n<p><span>\u00a0<\/span><\/p>\n<p><span>Chuir\u00a0<b>Ard-Sti\u00farth\u00f3ir TG4, Alan Esslemont<\/b>, f\u00e1ilte roimh an obair i gcomhar seo idir TG4 agus BBC\u00a0<\/span><span>ALBA<\/span><span>.<\/span><span>\u00a0<\/span><i><span>\u2018<\/span><\/i><i><span>Is \u00e9 TG4 craolt\u00f3ir seirbh\u00edse Poibl\u00ed Gaeilge na h\u00c9ireann agus t\u00e1 s\u00e9 mar aidhm aige an m\u00e9id daoine a bhfuil teacht acu ar \u00e1bhar cult\u00fair agus Gaeilge TG4 ar fud an domhain a mh\u00e9ad\u00fa.\u00a0 Is deis a bheidh sa chomhoibri\u00fa seo le BBC A<\/span><\/i><i><span>LBA<\/span><\/i><i><span>\u00a0i mbliana don lucht f\u00e9achana in Albain agus sa R\u00edocht Aontaithe an scoth de cheol traidisi\u00fanta na h\u00c9ireann a bheidh Beo ar an o\u00edche a cheili\u00faradh<\/span><\/i><i><span>\u2019.<\/span><\/i><span><\/span><\/p>\n<p><span>\u00a0<\/span><\/p>\n<p><span>D\u00fairt\u00a0<b>Eagarth\u00f3ir Cain\u00e9il BBC A<\/b><\/span><b><span>LBA<\/span><\/b><b><span>, Margaret Cameron<\/span><\/b><span>\u00a0<\/span><i><span>\u2018<\/span><\/i><i><span>Bhain BBC\u00a0<\/span><\/i><i><span>ALBA<\/span><\/i><i><span>\u00a0agus TG4 leas as an obair i gcomhar ar chomhl\u00e9iri\u00fach\u00e1in \u00e9ags\u00fala i gcaitheamh na mblianta agus is \u00e9 seo an ch\u00e9ad imeacht beo ceoil a bheimid ag craoladh ag an am c\u00e9anna. T\u00e1imid ag s\u00fail le ho\u00edche spleodrach de cheol traidisi\u00fanta na h\u00c9ireann a chur ar f\u00e1il don lucht f\u00e9achana ar fud na R\u00edochta Aontaithe.&#8221;<\/span><\/i><span><\/span><\/p>\n<p><span>\u00a0<\/span><\/p>\n<p><span>Is \u00e9 TG4 an bealach teilif\u00edse Gaeilge agus is eintiteas neamhsple\u00e1ch reacht\u00fail \u00e9 (Teilif\u00eds na Gaeilge). T\u00e1 craoladh \u00e1 dh\u00e9anamh aige \u00f3n gcuid deiridh den bhliain 1996. Is bealach teilif\u00edse saor go haer \u00e9 TG4 agus t\u00e1 bonn l\u00e1idir lucht f\u00e9achana aige ar fud oile\u00e1n na h\u00c9ireann. Is \u00e9 an 6\u00fa cain\u00e9al is m\u00f3 a bhreathna\u00edtear air in \u00c9irinn faoi l\u00e1thair, chun tosaigh ar BB2 agus ar Channel 4.<\/span><\/p>\n<p><span>\u00a0<\/span><\/p>\n<p><span>Cain\u00e9al comhph\u00e1irt\u00edochta \u00e9 BBC ALBA, cain\u00e9al Ghaidhlig na hAlba sa R\u00edocht Aontaithe, idir MG ALBA agus an BBC, agus t\u00e1 an cain\u00e9al i mbun feidhmi\u00fach\u00e1in \u00f3n mbliain 2008.<\/span><\/p>\n<p><span>\u00a0<\/span><\/p>\n<p><span>Is iad na mn\u00e1 a bheidh i mbun ceannr\u00f3da\u00edochta i mbliana maidir leis na gradaim agus is ar phl\u00far na gceolt\u00f3ir\u00ed mn\u00e1 a bhronnfar &#8216;Ceolt\u00f3ir na Bliana&#8217;, &#8216;Ceolt\u00f3ir \u00d3g na Bliana&#8217; agus &#8216;Cumad\u00f3ir na Bliana&#8217;. Is as Cathair na Mart \u00ed an cruitire\u00a0<b>Laoise Kelly<\/b>,\u00a0<a href=\"https:\/\/youtu.be\/A7qvbcoy_uc\" target=\"_blank\" rel=\"noopener noreferrer\" data-auth=\"NotApplicable\">https:\/\/youtu.be\/A7qvbcoy_uc<\/a><\/span><span>\u00a0<\/span><span>buaiteoir &#8216;Cheolt\u00f3ir na Bliana&#8217; TG4 na bliana seo agus is \u00ed an buaiteoir is \u00f3ige \u00ed a bhfuil an pr\u00edomhghradam tugtha l\u00e9i aici go dt\u00ed seo. Is as Cill Fhionn\u00farach, Co. an Chl\u00e1ir, an fidl\u00e9ir agus dordveidhlead\u00f3ir\u00a0<b>Sharon Howley<\/b>\u00a0at\u00e1 roghnaithe mar Cheolt\u00f3ir \u00d3g na Bliana do 2019, at\u00e1 b\u00e1ite sa cheol traidisi\u00fanta \u00f3 bh\u00ed s\u00ed ina cail\u00edn \u00f3g agus saibhreas an cheoil go l\u00e1idir ina sliocht roimpi.<\/span><\/p>\n<p><span>\u00a0<\/span><\/p>\n<p><span>T\u00e1 Corn U\u00ed Riada buaite ag\u00a0<b>Lillis \u00d3 Laoire<\/b>\u00a0faoi dh\u00f3, pr\u00edomhdhuais an Oireachtais don amhr\u00e1na\u00edocht ar an sean-n\u00f3s, in 1991 agus ar\u00eds in 1994 agus is air a bhronnfar Amhr\u00e1na\u00ed na Bliana.<\/span><\/p>\n<p><span>\u00a0<\/span><\/p>\n<p><span>Is iad na ceolt\u00f3ir\u00ed eile a mbronnfar gradaim orthu\u00a0<b>S\u00e9amus Connolly<\/b>\u00a0ar a mbronnfar Gradam Saoil,\u00a0<b>Ned Kelly<\/b>\u00a0an Aonaigh ar a mbronnfar Gradam Comaoine agus bronnfar Cumad\u00f3ir na Bliana ar\u00a0<b>Josephine Marsh<\/b>.<\/span><\/p>\n<p><span>\u00a0<\/span><\/p>\n<p><span>Is \u00e9 Gradam Ceoil TG4 pr\u00edomhsc\u00e9im bhliant\u00fail na ngradam ceoil thraidisi\u00fanta agus craolfar gradam na bliana seo beo \u00f3 Bh\u00e9al Feirste ar TG4 D\u00e9 Domhnaigh an 23 Feabhra a bhu\u00edochas do thaca\u00edocht Chiste Craolt\u00f3ireachta Gaeilge Sc\u00e1ile\u00e1n Thuaisceart \u00c9ireann. Tiocfaidh cuid de r\u00e9alta\u00ed m\u00f3ra na t\u00edre, idir r\u00e9alta\u00ed an cheoil, na scann\u00e1na\u00edochta, an sp\u00f3irt agus \u00f3n tsocha\u00ed shibhialta, le ch\u00e9ile i mB\u00e9al Feirste an deireadh seachtaine seo do Ghradam Ceoil 2020, a bheidh ar si\u00fal ag Halla an Waterfront D\u00e9 Domhnaigh an 23 Feabhra. Cuirfear f\u00e1ilte roimh a\u00edonna m\u00f3ra le r\u00e1 chuig searmanas bronnta an cheoil thraidisi\u00fanta a bhfuil c\u00e1il mh\u00f3r idirn\u00e1isi\u00fanta air, i measc na n-a\u00edonna sin beidh Adrian Dunbar \u00f3 Line of Duty, Iarrth\u00f3ir d&#8217;Uachtar\u00e1nacht an CLG Jarlath Burns agus Aire Pobal Thuaisceart \u00c9ireann Deirdre Hargey. Rachaidh Beoga, a bhfuil cl\u00fa agus c\u00e1il orthu de bhar a gcuid ceoil thraidisi\u00fanta agus a raibh baint acu le hamhr\u00e1n m\u00f3r-r\u00e1chairte Ed Sheeran &#8216;Galway Girl&#8217;, chun st\u00e1itse chomh maith le buaiteoir\u00ed na ngradam agus is cinnte go mbeidh s\u00e9 seo ar an nGradam Ceoil is m\u00f3 go dt\u00ed seo.<\/span><\/p>\n<p><span>\u00a0<\/span><\/p>\n<p><span>Labhair Beoga faoi a bheith ag dul i mbun ceoil i mB\u00e9al Feirste agus faoi fhilleadh ar an gCathair:<\/span><\/p>\n<p><span>&#8220;T\u00e1 r\u00edm\u00e9ad orainn go bhfuil muid ag glacadh p\u00e1irt sa cheili\u00faradh ar an gceol traidisi\u00fanta seo, 23\u00fa Gradam Ceoil TG4. Is orainn at\u00e1 an br\u00f3d go bhfuil baint againn leis an imeacht m\u00f3r le r\u00e1 seo a dh\u00e9anann pl\u00far na gceolt\u00f3ir\u00ed as \u00c9irinn agus pl\u00far na gceolt\u00f3ir\u00ed idirn\u00e1isi\u00fanta a cheili\u00faradh agus is fada linn go dtabharfaidh muid faoin st\u00e1itse iontach i Halla an Waterfront ar an 23\u00fa l\u00e1 de mh\u00ed Feabhra.&#8221;<\/span><\/p>\n<p><span>&#8220;T\u00e1 cos\u00falacht air anois go cuirfear\u00a0 taispe\u00e1ntas dochreidte ar cheol thraidisi\u00fanta na t\u00edre i l\u00e1thair agus t\u00e1imid ag s\u00fail go m\u00f3r len\u00e1r gceol a sheinm i mB\u00e9al Feirste ar an o\u00edche \u00fad.&#8221;<\/span><\/p>\n<p><span>\u00a0<\/span><\/p>\n<p><span>Cuirfear t\u00fas leis an se\u00f3thaispe\u00e1ntas le hiliomad imeacht ar an imeall SAOR IN AISCE ar fud Bh\u00e9al Feirste idir D\u00e9ardaoin agus D\u00e9 Domhnaigh an 20 &#8211; 23 Feabhra:<\/span><\/p>\n<p><span>I measc imeachta\u00ed na gcl\u00e1r scr\u00fad\u00f3far fil\u00edocht na mbard \u00e1 r\u00e1 le ceol comhaimseartha na h\u00c9ireann ar an gcruit \u00f3 Lauren O&#8217;Neill ag teach t\u00e1bhairne Sunflower a bhfuil an-ch\u00e1il air. Beidh na daoine a bheidh ag freastal ar imeachta\u00ed \u00e1balta tabhairt faoi thuras sa sp\u00e1s amuigh ina bhfoghlaimeoidh p\u00e1ist\u00ed amhr\u00e1in agus damhsa\u00ed \u00fara sa Chult\u00farlann agus bheidh siad \u00e1balta sult a bhaint as ceol binn na gceolt\u00f3ir\u00ed \u00f3ga traidisi\u00fanta ag Margadh Naomh Seoirse. Beidh rud \u00e9igin ag imeacht ar an imeall na bliana seo do ch\u00e1ch, idir thurais, slite an cheoil thraidisi\u00fanta, seisi\u00fain ceoil, cheadail, thaispe\u00e1ntais agus go leor leor eile.<\/span><\/p>\n<p><span>\u00a0<\/span><\/p>\n<p><span>Chun tuilleadh eolais a fh\u00e1il t\u00e9igh chuig\u00a0<\/span><span><a href=\"http:\/\/www.gradam.ie\/\" target=\"_blank\" rel=\"noopener noreferrer\" data-auth=\"NotApplicable\">www.gradam.ie<\/a>\u00a0<\/span><span>n\u00f3 chuig Facebook agus Twitter <a href=\"https:\/\/twitter.com\/GradamCeoil\" target=\"_blank\" rel=\"noopener noreferrer\">@GradamCeoil<\/a> <a href=\"https:\/\/twitter.com\/search?q=%23gradam&amp;src=typed_query\" target=\"_blank\" rel=\"noopener noreferrer\">#Gradam<\/a><\/span><\/p>\n","protected":false},"excerpt":{"rendered":"<p>T\u00e1 r\u00edm\u00e9ad ar TG4 a bheith ag obair i gcomhar le BBC Alba chun go mbeidh teacht ag teaghlaigh ar fud an hAlban agus na R\u00edochta Aontaithe ar shearmanas bliant\u00fail gradam agus se\u00f3thaispe\u00e1ntas Cheol Traidisi\u00fanta na h\u00c9ireann, GRADAM CEOIL TG4, den ch\u00e9ad uair.\u00a0 D\u00e9anfar Gradam Ceoil TG4 a chraoladh Beo ar an teilif\u00eds ar TG4 [&hellip;]<\/p>\n","protected":false},"author":876,"featured_media":112265,"parent":111525,"menu_order":9,"comment_status":"closed","ping_status":"closed","template":"page-templates\/template-pr.php","meta":{"_acf_changed":false,"footnotes":""},"acf":[],"yoast_head":"<!-- This site is optimized with the Yoast SEO plugin v22.6 - https:\/\/yoast.com\/wordpress\/plugins\/seo\/ -->\n<title>Gradam Ceoil TG4 le craoladh beo ar BBC ALBA D\u00e9 Domhnaigh | Preas R\u00e1iteas | TG4<\/title>\n<meta name=\"robots\" content=\"index, follow, max-snippet:-1, max-image-preview:large, max-video-preview:-1\" \/>\n<meta property=\"og:locale\" content=\"en_US\" \/>\n<meta property=\"og:type\" content=\"article\" \/>\n<meta property=\"og:title\" content=\"Gradam Ceoil TG4 le craoladh beo ar BBC ALBA D\u00e9 Domhnaigh | Preas R\u00e1iteas | TG4\" \/>\n<meta property=\"og:description\" content=\"T\u00e1 r\u00edm\u00e9ad ar TG4 a bheith ag obair i gcomhar le BBC Alba chun go mbeidh teacht ag teaghlaigh ar fud an hAlban agus na R\u00edochta Aontaithe ar shearmanas bliant\u00fail gradam agus se\u00f3thaispe\u00e1ntas Cheol Traidisi\u00fanta na h\u00c9ireann, GRADAM CEOIL TG4, den ch\u00e9ad uair.\u00a0 D\u00e9anfar Gradam Ceoil TG4 a chraoladh Beo ar an teilif\u00eds ar TG4 [&hellip;]\" \/>\n<meta property=\"og:url\" content=\"https:\/\/dev.tg4.ie\/ga\/eolas\/preas\/nuacht-raitis\/2020-2\/gradam-ceoil-tg4-le-craoladh-beo-ar-bbc-alba-de-domhnaigh\/\" \/>\n<meta property=\"og:site_name\" content=\"TG4\" \/>\n<meta property=\"article:publisher\" content=\"https:\/\/www.facebook.com\/TG4TV\" \/>\n<meta property=\"article:modified_time\" content=\"2020-02-21T13:48:12+00:00\" \/>\n<meta property=\"og:image\" content=\"https:\/\/tg4-docs.s3.amazonaws.com\/tg4-redesign-2015\/wp-content\/uploads\/2020\/02\/Gradam-Ceoil-TG4_2020-1920x1080-1.jpg\" \/>\n\t<meta property=\"og:image:width\" content=\"1920\" \/>\n\t<meta property=\"og:image:height\" content=\"1080\" \/>\n\t<meta property=\"og:image:type\" content=\"image\/jpeg\" \/>\n<meta name=\"twitter:card\" content=\"summary_large_image\" \/>\n<meta name=\"twitter:site\" content=\"@TG4TV\" \/>\n<meta name=\"twitter:label1\" content=\"Est. reading time\" \/>\n\t<meta name=\"twitter:data1\" content=\"6 minutes\" \/>\n<script type=\"application\/ld+json\" class=\"yoast-schema-graph\">{\"@context\":\"https:\/\/schema.org\",\"@graph\":[{\"@type\":\"WebPage\",\"@id\":\"https:\/\/dev.tg4.ie\/ga\/eolas\/preas\/nuacht-raitis\/2020-2\/gradam-ceoil-tg4-le-craoladh-beo-ar-bbc-alba-de-domhnaigh\/\",\"url\":\"https:\/\/dev.tg4.ie\/ga\/eolas\/preas\/nuacht-raitis\/2020-2\/gradam-ceoil-tg4-le-craoladh-beo-ar-bbc-alba-de-domhnaigh\/\",\"name\":\"Gradam Ceoil TG4 le craoladh beo ar BBC ALBA D\u00e9 Domhnaigh | Preas R\u00e1iteas | TG4\",\"isPartOf\":{\"@id\":\"https:\/\/dev.tg4.ie\/en\/#website\"},\"primaryImageOfPage\":{\"@id\":\"https:\/\/dev.tg4.ie\/ga\/eolas\/preas\/nuacht-raitis\/2020-2\/gradam-ceoil-tg4-le-craoladh-beo-ar-bbc-alba-de-domhnaigh\/#primaryimage\"},\"image\":{\"@id\":\"https:\/\/dev.tg4.ie\/ga\/eolas\/preas\/nuacht-raitis\/2020-2\/gradam-ceoil-tg4-le-craoladh-beo-ar-bbc-alba-de-domhnaigh\/#primaryimage\"},\"thumbnailUrl\":\"https:\/\/tg4-docs.s3.amazonaws.com\/tg4-redesign-2015\/wp-content\/uploads\/2020\/02\/Gradam-Ceoil-TG4_2020-1920x1080-1.jpg\",\"datePublished\":\"2020-02-21T12:53:50+00:00\",\"dateModified\":\"2020-02-21T13:48:12+00:00\",\"breadcrumb\":{\"@id\":\"https:\/\/dev.tg4.ie\/ga\/eolas\/preas\/nuacht-raitis\/2020-2\/gradam-ceoil-tg4-le-craoladh-beo-ar-bbc-alba-de-domhnaigh\/#breadcrumb\"},\"inLanguage\":\"ga\",\"potentialAction\":[{\"@type\":\"ReadAction\",\"target\":[\"https:\/\/dev.tg4.ie\/ga\/eolas\/preas\/nuacht-raitis\/2020-2\/gradam-ceoil-tg4-le-craoladh-beo-ar-bbc-alba-de-domhnaigh\/\"]}]},{\"@type\":\"ImageObject\",\"inLanguage\":\"ga\",\"@id\":\"https:\/\/dev.tg4.ie\/ga\/eolas\/preas\/nuacht-raitis\/2020-2\/gradam-ceoil-tg4-le-craoladh-beo-ar-bbc-alba-de-domhnaigh\/#primaryimage\",\"url\":\"https:\/\/tg4-docs.s3.amazonaws.com\/tg4-redesign-2015\/wp-content\/uploads\/2020\/02\/Gradam-Ceoil-TG4_2020-1920x1080-1.jpg\",\"contentUrl\":\"https:\/\/tg4-docs.s3.amazonaws.com\/tg4-redesign-2015\/wp-content\/uploads\/2020\/02\/Gradam-Ceoil-TG4_2020-1920x1080-1.jpg\",\"width\":1920,\"height\":1080},{\"@type\":\"BreadcrumbList\",\"@id\":\"https:\/\/dev.tg4.ie\/ga\/eolas\/preas\/nuacht-raitis\/2020-2\/gradam-ceoil-tg4-le-craoladh-beo-ar-bbc-alba-de-domhnaigh\/#breadcrumb\",\"itemListElement\":[{\"@type\":\"ListItem\",\"position\":1,\"name\":\"Home\",\"item\":\"https:\/\/dev.tg4.ie\/ga\/\"},{\"@type\":\"ListItem\",\"position\":2,\"name\":\"Eolas\",\"item\":\"https:\/\/dev.tg4.ie\/ga\/eolas\/\"},{\"@type\":\"ListItem\",\"position\":3,\"name\":\"Preas\",\"item\":\"https:\/\/dev.tg4.ie\/ga\/eolas\/preas\/\"},{\"@type\":\"ListItem\",\"position\":4,\"name\":\"Nuacht R\u00e1itis\",\"item\":\"https:\/\/dev.tg4.ie\/ga\/eolas\/preas\/nuacht-raitis\/\"},{\"@type\":\"ListItem\",\"position\":5,\"name\":\"2020\",\"item\":\"https:\/\/dev.tg4.ie\/ga\/eolas\/preas\/nuacht-raitis\/2020-2\/\"},{\"@type\":\"ListItem\",\"position\":6,\"name\":\"Gradam Ceoil TG4 le craoladh beo ar BBC ALBA D\u00e9 Domhnaigh\"}]},{\"@type\":\"WebSite\",\"@id\":\"https:\/\/dev.tg4.ie\/en\/#website\",\"url\":\"https:\/\/dev.tg4.ie\/en\/\",\"name\":\"TG4\",\"description\":\"S\u00fail Eile\",\"potentialAction\":[{\"@type\":\"SearchAction\",\"target\":{\"@type\":\"EntryPoint\",\"urlTemplate\":\"https:\/\/dev.tg4.ie\/en\/?s={search_term_string}\"},\"query-input\":\"required name=search_term_string\"}],\"inLanguage\":\"ga\"}]}<\/script>\n<!-- \/ Yoast SEO plugin. -->","yoast_head_json":{"title":"Gradam Ceoil TG4 le craoladh beo ar BBC ALBA D\u00e9 Domhnaigh | Preas R\u00e1iteas | TG4","robots":{"index":"index","follow":"follow","max-snippet":"max-snippet:-1","max-image-preview":"max-image-preview:large","max-video-preview":"max-video-preview:-1"},"og_locale":"en_US","og_type":"article","og_title":"Gradam Ceoil TG4 le craoladh beo ar BBC ALBA D\u00e9 Domhnaigh | Preas R\u00e1iteas | TG4","og_description":"T\u00e1 r\u00edm\u00e9ad ar TG4 a bheith ag obair i gcomhar le BBC Alba chun go mbeidh teacht ag teaghlaigh ar fud an hAlban agus na R\u00edochta Aontaithe ar shearmanas bliant\u00fail gradam agus se\u00f3thaispe\u00e1ntas Cheol Traidisi\u00fanta na h\u00c9ireann, GRADAM CEOIL TG4, den ch\u00e9ad uair.\u00a0 D\u00e9anfar Gradam Ceoil TG4 a chraoladh Beo ar an teilif\u00eds ar TG4 [&hellip;]","og_url":"https:\/\/dev.tg4.ie\/ga\/eolas\/preas\/nuacht-raitis\/2020-2\/gradam-ceoil-tg4-le-craoladh-beo-ar-bbc-alba-de-domhnaigh\/","og_site_name":"TG4","article_publisher":"https:\/\/www.facebook.com\/TG4TV","article_modified_time":"2020-02-21T13:48:12+00:00","og_image":[{"width":1920,"height":1080,"url":"https:\/\/tg4-docs.s3.amazonaws.com\/tg4-redesign-2015\/wp-content\/uploads\/2020\/02\/Gradam-Ceoil-TG4_2020-1920x1080-1.jpg","type":"image\/jpeg"}],"twitter_card":"summary_large_image","twitter_site":"@TG4TV","twitter_misc":{"Est. reading time":"6 minutes"},"schema":{"@context":"https:\/\/schema.org","@graph":[{"@type":"WebPage","@id":"https:\/\/dev.tg4.ie\/ga\/eolas\/preas\/nuacht-raitis\/2020-2\/gradam-ceoil-tg4-le-craoladh-beo-ar-bbc-alba-de-domhnaigh\/","url":"https:\/\/dev.tg4.ie\/ga\/eolas\/preas\/nuacht-raitis\/2020-2\/gradam-ceoil-tg4-le-craoladh-beo-ar-bbc-alba-de-domhnaigh\/","name":"Gradam Ceoil TG4 le craoladh beo ar BBC ALBA D\u00e9 Domhnaigh | Preas R\u00e1iteas | TG4","isPartOf":{"@id":"https:\/\/dev.tg4.ie\/en\/#website"},"primaryImageOfPage":{"@id":"https:\/\/dev.tg4.ie\/ga\/eolas\/preas\/nuacht-raitis\/2020-2\/gradam-ceoil-tg4-le-craoladh-beo-ar-bbc-alba-de-domhnaigh\/#primaryimage"},"image":{"@id":"https:\/\/dev.tg4.ie\/ga\/eolas\/preas\/nuacht-raitis\/2020-2\/gradam-ceoil-tg4-le-craoladh-beo-ar-bbc-alba-de-domhnaigh\/#primaryimage"},"thumbnailUrl":"https:\/\/tg4-docs.s3.amazonaws.com\/tg4-redesign-2015\/wp-content\/uploads\/2020\/02\/Gradam-Ceoil-TG4_2020-1920x1080-1.jpg","datePublished":"2020-02-21T12:53:50+00:00","dateModified":"2020-02-21T13:48:12+00:00","breadcrumb":{"@id":"https:\/\/dev.tg4.ie\/ga\/eolas\/preas\/nuacht-raitis\/2020-2\/gradam-ceoil-tg4-le-craoladh-beo-ar-bbc-alba-de-domhnaigh\/#breadcrumb"},"inLanguage":"ga","potentialAction":[{"@type":"ReadAction","target":["https:\/\/dev.tg4.ie\/ga\/eolas\/preas\/nuacht-raitis\/2020-2\/gradam-ceoil-tg4-le-craoladh-beo-ar-bbc-alba-de-domhnaigh\/"]}]},{"@type":"ImageObject","inLanguage":"ga","@id":"https:\/\/dev.tg4.ie\/ga\/eolas\/preas\/nuacht-raitis\/2020-2\/gradam-ceoil-tg4-le-craoladh-beo-ar-bbc-alba-de-domhnaigh\/#primaryimage","url":"https:\/\/tg4-docs.s3.amazonaws.com\/tg4-redesign-2015\/wp-content\/uploads\/2020\/02\/Gradam-Ceoil-TG4_2020-1920x1080-1.jpg","contentUrl":"https:\/\/tg4-docs.s3.amazonaws.com\/tg4-redesign-2015\/wp-content\/uploads\/2020\/02\/Gradam-Ceoil-TG4_2020-1920x1080-1.jpg","width":1920,"height":1080},{"@type":"BreadcrumbList","@id":"https:\/\/dev.tg4.ie\/ga\/eolas\/preas\/nuacht-raitis\/2020-2\/gradam-ceoil-tg4-le-craoladh-beo-ar-bbc-alba-de-domhnaigh\/#breadcrumb","itemListElement":[{"@type":"ListItem","position":1,"name":"Home","item":"https:\/\/dev.tg4.ie\/ga\/"},{"@type":"ListItem","position":2,"name":"Eolas","item":"https:\/\/dev.tg4.ie\/ga\/eolas\/"},{"@type":"ListItem","position":3,"name":"Preas","item":"https:\/\/dev.tg4.ie\/ga\/eolas\/preas\/"},{"@type":"ListItem","position":4,"name":"Nuacht R\u00e1itis","item":"https:\/\/dev.tg4.ie\/ga\/eolas\/preas\/nuacht-raitis\/"},{"@type":"ListItem","position":5,"name":"2020","item":"https:\/\/dev.tg4.ie\/ga\/eolas\/preas\/nuacht-raitis\/2020-2\/"},{"@type":"ListItem","position":6,"name":"Gradam Ceoil TG4 le craoladh beo ar BBC ALBA D\u00e9 Domhnaigh"}]},{"@type":"WebSite","@id":"https:\/\/dev.tg4.ie\/en\/#website","url":"https:\/\/dev.tg4.ie\/en\/","name":"TG4","description":"S\u00fail Eile","potentialAction":[{"@type":"SearchAction","target":{"@type":"EntryPoint","urlTemplate":"https:\/\/dev.tg4.ie\/en\/?s={search_term_string}"},"query-input":"required name=search_term_string"}],"inLanguage":"ga"}]}},"_links":{"self":[{"href":"https:\/\/dev.tg4.ie\/ga\/wp-json\/wp\/v2\/pages\/112261"}],"collection":[{"href":"https:\/\/dev.tg4.ie\/ga\/wp-json\/wp\/v2\/pages"}],"about":[{"href":"https:\/\/dev.tg4.ie\/ga\/wp-json\/wp\/v2\/types\/page"}],"author":[{"embeddable":true,"href":"https:\/\/dev.tg4.ie\/ga\/wp-json\/wp\/v2\/users\/876"}],"replies":[{"embeddable":true,"href":"https:\/\/dev.tg4.ie\/ga\/wp-json\/wp\/v2\/comments?post=112261"}],"version-history":[{"count":0,"href":"https:\/\/dev.tg4.ie\/ga\/wp-json\/wp\/v2\/pages\/112261\/revisions"}],"up":[{"embeddable":true,"href":"https:\/\/dev.tg4.ie\/ga\/wp-json\/wp\/v2\/pages\/111525"}],"wp:featuredmedia":[{"embeddable":true,"href":"https:\/\/dev.tg4.ie\/ga\/wp-json\/wp\/v2\/media\/112265"}],"wp:attachment":[{"href":"https:\/\/dev.tg4.ie\/ga\/wp-json\/wp\/v2\/media?parent=112261"}],"curies":[{"name":"wp","href":"https:\/\/api.w.org\/{rel}","templated":true}]}}