{"id":112571,"date":"2020-03-20T15:29:58","date_gmt":"2020-03-20T15:29:58","guid":{"rendered":"https:\/\/dev.tg4.ie\/?page_id=112571"},"modified":"2020-03-20T15:40:30","modified_gmt":"2020-03-20T15:40:30","slug":"cluichi-all-ireland-gold-ag-teacht-ar-tg4","status":"publish","type":"page","link":"https:\/\/dev.tg4.ie\/ga\/eolas\/preas\/nuacht-raitis\/2020-2\/cluichi-all-ireland-gold-ag-teacht-ar-tg4\/","title":{"rendered":"Cluich\u00ed All-Ireland Gold ag teacht ar TG4"},"content":{"rendered":"<p><img loading=\"lazy\" decoding=\"async\" width=\"1080\" height=\"1350\" class=\"aligncenter size-full wp-image-112576\" src=\"https:\/\/tg4-docs.s3.amazonaws.com\/tg4-redesign-2015\/wp-content\/uploads\/2020\/03\/Graific-1-4x5-1.jpg\" alt=\"\" srcset=\"https:\/\/tg4-docs.s3.amazonaws.com\/tg4-redesign-2015\/wp-content\/uploads\/2020\/03\/Graific-1-4x5-1.jpg 1080w, https:\/\/tg4-docs.s3.amazonaws.com\/tg4-redesign-2015\/wp-content\/uploads\/2020\/03\/Graific-1-4x5-1-250x313.jpg 250w, https:\/\/tg4-docs.s3.amazonaws.com\/tg4-redesign-2015\/wp-content\/uploads\/2020\/03\/Graific-1-4x5-1-700x875.jpg 700w, https:\/\/tg4-docs.s3.amazonaws.com\/tg4-redesign-2015\/wp-content\/uploads\/2020\/03\/Graific-1-4x5-1-113x141.jpg 113w, https:\/\/tg4-docs.s3.amazonaws.com\/tg4-redesign-2015\/wp-content\/uploads\/2020\/03\/Graific-1-4x5-1-120x150.jpg 120w\" sizes=\"(max-width: 1080px) 100vw, 1080px\" \/><br \/>\n&nbsp;<br \/>\n<span><b>D\u00e9 Domhnaigh 22\/3\/20<\/b><\/span><\/p>\n<p><span><b>14:45\u00a0\u00a0<\/b>Cill Chainnigh v Tiobraid \u00c1rann 2014. Cluiche ceannais iom\u00e1na na h\u00c9ireann a chr\u00edochnaigh ar chomhsc\u00f3r don tri\u00fa bliain as a ch\u00e9ile.<\/span><\/p>\n<p>&nbsp;<\/p>\n<p><span><b>D\u00e9 Domhnaigh 29\/3\/20<\/b><\/span><\/p>\n<p><span><b>13:50\u00a0 \u00a0<\/b>Cluiche Ceannais Iom\u00e1na na h\u00c9ireann 1980\u00a0 Luimneach v Gaillimh.<\/span><\/p>\n<p>&nbsp;<\/p>\n<p><b><span>D\u00e9 Domhnaigh, 5\/4\/2<\/span><span>0<\/span><\/b><span><\/span><\/p>\n<table width=\"605\">\n<tbody>\n<tr>\n<td width=\"50\"><span><b>14:00<\/b><\/span><\/td>\n<td><b><span>All Ireland Gold<\/span><span><\/span><\/b><\/td>\n<td width=\"309\"><b>\u00a0<\/b><\/td>\n<\/tr>\n<tr>\n<td><\/td>\n<td colspan=\"2\" width=\"546\"><span>Cluiche Ceannais Iom\u00e1na na h\u00c9ireann idir Corcaigh agus Gaillimh i 1990.<\/span><\/td>\n<\/tr>\n<tr>\n<td width=\"50\"><span><b>15:25<\/b><\/span><\/td>\n<td><strong>All Ireland Gold<\/strong><span><\/span><\/td>\n<td width=\"309\"><\/td>\n<\/tr>\n<tr>\n<td><\/td>\n<td colspan=\"2\" width=\"546\"><span>S\u00fail siar ar Chluiche Leathcheannais Peile na h\u00c9ireann 2013 idir \u00c1th Cliath agus Ciarra\u00ed ar Ph\u00e1irc an Chr\u00f3caigh. Aonghus \u00d3 hEochaidh a bheidh i mbun tr\u00e1chtaireachta.<\/span><\/td>\n<\/tr>\n<\/tbody>\n<\/table>\n<p>&nbsp;<\/p>\n<p><span><b>D\u00e9 Luain, 6\/4\/20<\/b><\/span><span><\/span><\/p>\n<table width=\"600\">\n<tbody>\n<tr>\n<td width=\"50\"><span><b>20:00<\/b><\/span><\/td>\n<td><strong>Cluich\u00ed na Bliana<\/strong><span><\/span><\/td>\n<td><\/td>\n<\/tr>\n<tr>\n<td><\/td>\n<td colspan=\"2\"><b><span>Tiobraid \u00c1rann v Loch Garman:\u00a0<\/span><\/b><span>Deis eile ceann de chluich\u00ed m\u00f3ra na bliana a fheice\u00e1il. Cluiche Leathcheannais na h\u00c9ireann idir Tiobraid \u00c1rann agus Loch Garman.<\/span><\/td>\n<\/tr>\n<tr>\n<td><\/td>\n<td colspan=\"2\"><\/td>\n<\/tr>\n<\/tbody>\n<\/table>\n<p><span>\u00a0<\/span><\/p>\n<p><span><b>D\u00e9 Domhnaigh, 12\/4\/20<\/b><\/span><span><\/span><\/p>\n<table width=\"600\">\n<tbody>\n<tr>\n<td width=\"50\"><span><b>14:00<\/b><\/span><\/td>\n<td><strong>All Ireland Gold<\/strong><span><\/span><\/td>\n<td><\/td>\n<\/tr>\n<tr>\n<td><\/td>\n<td colspan=\"2\"><b><span>2004 Cluiche Ceannais Iom\u00e1na na Mumhan:\u00a0<\/span><\/b><span>Seo do dheis Cluiche Ceannais Iom\u00e1na na Mumhan 2004 idir Port L\u00e1irge agus Corcaigh a himr\u00edodh i nDurlas a fheice\u00e1il. Bh\u00ed s\u00fail ag Port L\u00e1irge a dhara Chraobh na Mumhan le deich mbliana a bhaint amach. Bh\u00ed an-chluiche go deo ann le neart c\u00fal agus duine a chur den ph\u00e1irc.<\/span><\/td>\n<\/tr>\n<tr>\n<td><\/td>\n<\/tr>\n<tr>\n<td width=\"50\"><span><b>15:25<\/b><\/span><\/td>\n<td><strong>All Ireland Gold<\/strong><span><\/span><\/td>\n<td><\/td>\n<\/tr>\n<tr>\n<td><\/td>\n<td colspan=\"2\"><span>S\u00fail siar ar Chluiche Ceannais Peile 2012 idir D\u00fan na nGall agus Maigh Eo ar Ph\u00e1irc an Chr\u00f3caigh. Garry Mac Donncha a bheidh i mbun tr\u00e1chtaireachta. Phl\u00f3daigh 82,269 duine P\u00e1irc an Chr\u00f3caigh le go bhfeicfeadh siad an mbeadh D\u00fan na nGall in ann a gc\u00e9ad Chraobh a thabhairt leo \u00f3 1992.<\/span><\/td>\n<\/tr>\n<\/tbody>\n<\/table>\n<p>&nbsp;<\/p>\n<p><span><b>D\u00e9 Luain, 13\/4\/20<\/b><\/span><span><\/span><\/p>\n<table width=\"600\">\n<tbody>\n<tr>\n<td width=\"50\"><span><b>19:45<\/b><\/span><\/td>\n<td><strong>Cluich\u00ed na Bliana<\/strong><span><\/span><\/td>\n<td><\/td>\n<\/tr>\n<tr>\n<td><\/td>\n<td colspan=\"2\"><b><span>Cill Chainnigh v Luimneach:\u00a0<\/span><\/b><span>Deis eile ceann de chluich\u00ed m\u00f3ra na bliana a fheice\u00e1il. Cluiche Leathcheannais na h\u00c9ireann idir Cill Chainnigh agus Luimneach.<\/span><\/td>\n<\/tr>\n<tr>\n<td><\/td>\n<td colspan=\"2\"><\/td>\n<\/tr>\n<\/tbody>\n<\/table>\n<p><span>\u00a0<\/span><\/p>\n<p><span><b>D\u00e9 Domhnaigh, 19\/4\/20<\/b><\/span><span><\/span><\/p>\n<table width=\"600\">\n<tbody>\n<tr>\n<td width=\"50\"><span><b>14:00<\/b><\/span><\/td>\n<td><strong>All Ireland Gold<\/strong><span><\/span><\/td>\n<td><\/td>\n<\/tr>\n<tr>\n<td><\/td>\n<td colspan=\"2\"><span>S\u00fail siar ar Chluiche Leathcheannais Iom\u00e1na na h\u00c9ireann 1995 idir An Cl\u00e1r agus Gaillimh.<\/span><\/td>\n<\/tr>\n<tr>\n<td><\/td>\n<\/tr>\n<tr>\n<td width=\"50\"><span><b>15:35<\/b><\/span><\/td>\n<td><strong>All Ireland Gold<\/strong><span><\/span><\/td>\n<td><\/td>\n<\/tr>\n<tr>\n<td><\/td>\n<td colspan=\"2\"><b><span>Ciarra\u00ed v D\u00fan na nGall:\u00a0<\/span><\/b><span>S\u00fail siar ar Chluiche Ceannais Peile na h\u00c9ireann idir Ciarra\u00ed agus D\u00fan na nGall ar Ph\u00e1irc an Chr\u00f3caigh. Fuair D\u00fan na nGall an ceann is fearr ar \u00c1tha Cliath sa chluiche leathcheannais agus ba iad Ciarra\u00ed a thug leo an l\u00e1 i gcoinne Mhaigh Eo sa chluiche leathcheannais eile. Seo \u00e9 an ch\u00e9ad uair ag an d\u00e1 fhoireann seo a bheith ag imirt i gcoinne a ch\u00e9ile i gCluiche Ceannais Peile na h\u00c9ireann. Beidh Garry Mac Donncha i mbun tr\u00e1chtaireachta.<\/span><\/td>\n<\/tr>\n<tr>\n<td><\/td>\n<td colspan=\"2\"><\/td>\n<\/tr>\n<\/tbody>\n<\/table>\n<p>&nbsp;<\/p>\n<p><span><b>D\u00e9 Luain, 20\/4\/20<\/b><\/span><span><\/span><\/p>\n<table width=\"600\">\n<tbody>\n<tr>\n<td width=\"50\"><span><b>20:00<\/b><\/span><\/td>\n<td><strong>Cluich\u00ed na Bliana<\/strong><span><\/span><\/td>\n<td><\/td>\n<\/tr>\n<tr>\n<td><\/td>\n<td colspan=\"2\"><span>Deis eile ceann de chluich\u00ed m\u00f3ra na bliana a fheice\u00e1il. Corcaigh v Gaillimh i gCluiche Ceannais Peile Mion\u00far na h\u00c9ireann urraithe ag Electric Ireland.<\/span><\/td>\n<\/tr>\n<tr>\n<td><\/td>\n<td colspan=\"2\"><\/td>\n<\/tr>\n<\/tbody>\n<\/table>\n<p>&nbsp;<\/p>\n<p><span><b>D\u00e9 Domhnaigh, 26\/4\/20<\/b><\/span><span><\/span><\/p>\n<table width=\"\">\n<tbody>\n<tr>\n<td width=\"50\"><span><b>14:00<\/b><\/span><\/td>\n<td><strong>All Ireland Gold<\/strong><span><\/span><\/td>\n<td><\/td>\n<\/tr>\n<tr>\n<td><\/td>\n<td colspan=\"2\"><span>Deis eile Cluiche Ceannais Iom\u00e1na Sinsear na h\u00c9ireann na bliana seo idir Gaillimh agus Port L\u00e1irge a fheice\u00e1il ar Ph\u00e1irc an Chr\u00f3caigh. Garry Mac Donncha a bheidh i mbun tr\u00e1chtaireachta.<\/span><\/td>\n<\/tr>\n<tr>\n<td><\/td>\n<td colspan=\"2\"><\/td>\n<\/tr>\n<tr>\n<td width=\"50\"><span><b>15:35<\/b><\/span><\/td>\n<td><strong>All Ireland Gold<\/strong><span><\/span><\/td>\n<\/tr>\n<tr>\n<td><\/td>\n<td colspan=\"2\"><span>Doire v An D\u00fan i gCraobh Peile Uladh &#8211; An Ch\u00e9ad Bhabhta i 1994.<\/span><\/td>\n<\/tr>\n<tr>\n<td><\/td>\n<td colspan=\"2\"><\/td>\n<\/tr>\n<\/tbody>\n<\/table>\n<p>&nbsp;<\/p>\n<p><span><b>D\u00e9 Luain, 27\/4\/20<\/b><\/span><span><\/span><\/p>\n<table width=\"600\">\n<tbody>\n<tr>\n<td width=\"50\"><span><b>20:00<\/b><\/span><\/td>\n<td><strong>Cluich\u00ed na Bliana<\/strong><span><\/span><\/td>\n<td><\/td>\n<\/tr>\n<tr>\n<td><\/td>\n<td colspan=\"2\"><b><span>Tiobraid \u00c1rann v Corcaigh:\u00a0<\/span><\/b><span>Deis eile ceann de chluich\u00ed m\u00f3ra na bliana a fheice\u00e1il. Tiobraid \u00c1rann v Corcaigh i gCluiche Ceannais Iom\u00e1na Faoi 20 Bhord G\u00e1is Energy.<\/span><\/td>\n<\/tr>\n<\/tbody>\n<\/table>\n<p>&nbsp;<\/p>\n","protected":false},"excerpt":{"rendered":"<p>&nbsp; D\u00e9 Domhnaigh 22\/3\/20 14:45\u00a0\u00a0Cill Chainnigh v Tiobraid \u00c1rann 2014. Cluiche ceannais iom\u00e1na na h\u00c9ireann a chr\u00edochnaigh ar chomhsc\u00f3r don tri\u00fa bliain as a ch\u00e9ile. &nbsp; D\u00e9 Domhnaigh 29\/3\/20 13:50\u00a0 \u00a0Cluiche Ceannais Iom\u00e1na na h\u00c9ireann 1980\u00a0 Luimneach v Gaillimh. &nbsp; D\u00e9 Domhnaigh, 5\/4\/20 14:00 All Ireland Gold \u00a0 Cluiche Ceannais Iom\u00e1na na h\u00c9ireann idir Corcaigh [&hellip;]<\/p>\n","protected":false},"author":876,"featured_media":0,"parent":111525,"menu_order":12,"comment_status":"closed","ping_status":"closed","template":"page-templates\/template-pr.php","meta":{"_acf_changed":false,"footnotes":""},"acf":[],"yoast_head":"<!-- This site is optimized with the Yoast SEO plugin v22.6 - https:\/\/yoast.com\/wordpress\/plugins\/seo\/ -->\n<title>Cluich\u00ed All-Ireland Gold ag teacht ar TG4 | Preas R\u00e1iteas | TG4<\/title>\n<meta name=\"robots\" content=\"index, follow, max-snippet:-1, max-image-preview:large, max-video-preview:-1\" \/>\n<meta property=\"og:locale\" content=\"en_US\" \/>\n<meta property=\"og:type\" content=\"article\" \/>\n<meta property=\"og:title\" content=\"Cluich\u00ed All-Ireland Gold ag teacht ar TG4 | Preas R\u00e1iteas | TG4\" \/>\n<meta property=\"og:description\" content=\"&nbsp; D\u00e9 Domhnaigh 22\/3\/20 14:45\u00a0\u00a0Cill Chainnigh v Tiobraid \u00c1rann 2014. Cluiche ceannais iom\u00e1na na h\u00c9ireann a chr\u00edochnaigh ar chomhsc\u00f3r don tri\u00fa bliain as a ch\u00e9ile. &nbsp; D\u00e9 Domhnaigh 29\/3\/20 13:50\u00a0 \u00a0Cluiche Ceannais Iom\u00e1na na h\u00c9ireann 1980\u00a0 Luimneach v Gaillimh. &nbsp; D\u00e9 Domhnaigh, 5\/4\/20 14:00 All Ireland Gold \u00a0 Cluiche Ceannais Iom\u00e1na na h\u00c9ireann idir Corcaigh [&hellip;]\" \/>\n<meta property=\"og:url\" content=\"https:\/\/dev.tg4.ie\/ga\/eolas\/preas\/nuacht-raitis\/2020-2\/cluichi-all-ireland-gold-ag-teacht-ar-tg4\/\" \/>\n<meta property=\"og:site_name\" content=\"TG4\" \/>\n<meta property=\"article:publisher\" content=\"https:\/\/www.facebook.com\/TG4TV\" \/>\n<meta property=\"article:modified_time\" content=\"2020-03-20T15:40:30+00:00\" \/>\n<meta property=\"og:image\" content=\"https:\/\/tg4-docs.s3.amazonaws.com\/tg4-redesign-2015\/wp-content\/uploads\/2020\/03\/Graific16.9-0320.jpg\" \/>\n\t<meta property=\"og:image:width\" content=\"1920\" \/>\n\t<meta property=\"og:image:height\" content=\"1080\" \/>\n\t<meta property=\"og:image:type\" content=\"image\/jpeg\" \/>\n<meta name=\"twitter:card\" content=\"summary_large_image\" \/>\n<meta name=\"twitter:image\" content=\"https:\/\/tg4-docs.s3.amazonaws.com\/tg4-redesign-2015\/wp-content\/uploads\/2020\/03\/Graific16.9-0320.jpg\" \/>\n<meta name=\"twitter:site\" content=\"@TG4TV\" \/>\n<meta name=\"twitter:label1\" content=\"Est. reading time\" \/>\n\t<meta name=\"twitter:data1\" content=\"3 minutes\" \/>\n<script type=\"application\/ld+json\" class=\"yoast-schema-graph\">{\"@context\":\"https:\/\/schema.org\",\"@graph\":[{\"@type\":\"WebPage\",\"@id\":\"https:\/\/dev.tg4.ie\/ga\/eolas\/preas\/nuacht-raitis\/2020-2\/cluichi-all-ireland-gold-ag-teacht-ar-tg4\/\",\"url\":\"https:\/\/dev.tg4.ie\/ga\/eolas\/preas\/nuacht-raitis\/2020-2\/cluichi-all-ireland-gold-ag-teacht-ar-tg4\/\",\"name\":\"Cluich\u00ed All-Ireland Gold ag teacht ar TG4 | Preas R\u00e1iteas | TG4\",\"isPartOf\":{\"@id\":\"https:\/\/dev.tg4.ie\/en\/#website\"},\"primaryImageOfPage\":{\"@id\":\"https:\/\/dev.tg4.ie\/ga\/eolas\/preas\/nuacht-raitis\/2020-2\/cluichi-all-ireland-gold-ag-teacht-ar-tg4\/#primaryimage\"},\"image\":{\"@id\":\"https:\/\/dev.tg4.ie\/ga\/eolas\/preas\/nuacht-raitis\/2020-2\/cluichi-all-ireland-gold-ag-teacht-ar-tg4\/#primaryimage\"},\"thumbnailUrl\":\"https:\/\/dev.tg4.ie\/wp-content\/uploads\/2020\/03\/Graific-1-4x5-1.jpg\",\"datePublished\":\"2020-03-20T15:29:58+00:00\",\"dateModified\":\"2020-03-20T15:40:30+00:00\",\"breadcrumb\":{\"@id\":\"https:\/\/dev.tg4.ie\/ga\/eolas\/preas\/nuacht-raitis\/2020-2\/cluichi-all-ireland-gold-ag-teacht-ar-tg4\/#breadcrumb\"},\"inLanguage\":\"ga\",\"potentialAction\":[{\"@type\":\"ReadAction\",\"target\":[\"https:\/\/dev.tg4.ie\/ga\/eolas\/preas\/nuacht-raitis\/2020-2\/cluichi-all-ireland-gold-ag-teacht-ar-tg4\/\"]}]},{\"@type\":\"ImageObject\",\"inLanguage\":\"ga\",\"@id\":\"https:\/\/dev.tg4.ie\/ga\/eolas\/preas\/nuacht-raitis\/2020-2\/cluichi-all-ireland-gold-ag-teacht-ar-tg4\/#primaryimage\",\"url\":\"https:\/\/dev.tg4.ie\/wp-content\/uploads\/2020\/03\/Graific-1-4x5-1.jpg\",\"contentUrl\":\"https:\/\/dev.tg4.ie\/wp-content\/uploads\/2020\/03\/Graific-1-4x5-1.jpg\"},{\"@type\":\"BreadcrumbList\",\"@id\":\"https:\/\/dev.tg4.ie\/ga\/eolas\/preas\/nuacht-raitis\/2020-2\/cluichi-all-ireland-gold-ag-teacht-ar-tg4\/#breadcrumb\",\"itemListElement\":[{\"@type\":\"ListItem\",\"position\":1,\"name\":\"Home\",\"item\":\"https:\/\/dev.tg4.ie\/ga\/\"},{\"@type\":\"ListItem\",\"position\":2,\"name\":\"Eolas\",\"item\":\"https:\/\/dev.tg4.ie\/ga\/eolas\/\"},{\"@type\":\"ListItem\",\"position\":3,\"name\":\"Preas\",\"item\":\"https:\/\/dev.tg4.ie\/ga\/eolas\/preas\/\"},{\"@type\":\"ListItem\",\"position\":4,\"name\":\"Nuacht R\u00e1itis\",\"item\":\"https:\/\/dev.tg4.ie\/ga\/eolas\/preas\/nuacht-raitis\/\"},{\"@type\":\"ListItem\",\"position\":5,\"name\":\"2020\",\"item\":\"https:\/\/dev.tg4.ie\/ga\/eolas\/preas\/nuacht-raitis\/2020-2\/\"},{\"@type\":\"ListItem\",\"position\":6,\"name\":\"Cluich\u00ed All-Ireland Gold ag teacht ar TG4\"}]},{\"@type\":\"WebSite\",\"@id\":\"https:\/\/dev.tg4.ie\/en\/#website\",\"url\":\"https:\/\/dev.tg4.ie\/en\/\",\"name\":\"TG4\",\"description\":\"S\u00fail Eile\",\"potentialAction\":[{\"@type\":\"SearchAction\",\"target\":{\"@type\":\"EntryPoint\",\"urlTemplate\":\"https:\/\/dev.tg4.ie\/en\/?s={search_term_string}\"},\"query-input\":\"required name=search_term_string\"}],\"inLanguage\":\"ga\"}]}<\/script>\n<!-- \/ Yoast SEO plugin. -->","yoast_head_json":{"title":"Cluich\u00ed All-Ireland Gold ag teacht ar TG4 | Preas R\u00e1iteas | TG4","robots":{"index":"index","follow":"follow","max-snippet":"max-snippet:-1","max-image-preview":"max-image-preview:large","max-video-preview":"max-video-preview:-1"},"og_locale":"en_US","og_type":"article","og_title":"Cluich\u00ed All-Ireland Gold ag teacht ar TG4 | Preas R\u00e1iteas | TG4","og_description":"&nbsp; D\u00e9 Domhnaigh 22\/3\/20 14:45\u00a0\u00a0Cill Chainnigh v Tiobraid \u00c1rann 2014. Cluiche ceannais iom\u00e1na na h\u00c9ireann a chr\u00edochnaigh ar chomhsc\u00f3r don tri\u00fa bliain as a ch\u00e9ile. &nbsp; D\u00e9 Domhnaigh 29\/3\/20 13:50\u00a0 \u00a0Cluiche Ceannais Iom\u00e1na na h\u00c9ireann 1980\u00a0 Luimneach v Gaillimh. &nbsp; D\u00e9 Domhnaigh, 5\/4\/20 14:00 All Ireland Gold \u00a0 Cluiche Ceannais Iom\u00e1na na h\u00c9ireann idir Corcaigh [&hellip;]","og_url":"https:\/\/dev.tg4.ie\/ga\/eolas\/preas\/nuacht-raitis\/2020-2\/cluichi-all-ireland-gold-ag-teacht-ar-tg4\/","og_site_name":"TG4","article_publisher":"https:\/\/www.facebook.com\/TG4TV","article_modified_time":"2020-03-20T15:40:30+00:00","og_image":[{"width":1920,"height":1080,"url":"https:\/\/tg4-docs.s3.amazonaws.com\/tg4-redesign-2015\/wp-content\/uploads\/2020\/03\/Graific16.9-0320.jpg","type":"image\/jpeg"}],"twitter_card":"summary_large_image","twitter_image":"https:\/\/tg4-docs.s3.amazonaws.com\/tg4-redesign-2015\/wp-content\/uploads\/2020\/03\/Graific16.9-0320.jpg","twitter_site":"@TG4TV","twitter_misc":{"Est. reading time":"3 minutes"},"schema":{"@context":"https:\/\/schema.org","@graph":[{"@type":"WebPage","@id":"https:\/\/dev.tg4.ie\/ga\/eolas\/preas\/nuacht-raitis\/2020-2\/cluichi-all-ireland-gold-ag-teacht-ar-tg4\/","url":"https:\/\/dev.tg4.ie\/ga\/eolas\/preas\/nuacht-raitis\/2020-2\/cluichi-all-ireland-gold-ag-teacht-ar-tg4\/","name":"Cluich\u00ed All-Ireland Gold ag teacht ar TG4 | Preas R\u00e1iteas | TG4","isPartOf":{"@id":"https:\/\/dev.tg4.ie\/en\/#website"},"primaryImageOfPage":{"@id":"https:\/\/dev.tg4.ie\/ga\/eolas\/preas\/nuacht-raitis\/2020-2\/cluichi-all-ireland-gold-ag-teacht-ar-tg4\/#primaryimage"},"image":{"@id":"https:\/\/dev.tg4.ie\/ga\/eolas\/preas\/nuacht-raitis\/2020-2\/cluichi-all-ireland-gold-ag-teacht-ar-tg4\/#primaryimage"},"thumbnailUrl":"https:\/\/dev.tg4.ie\/wp-content\/uploads\/2020\/03\/Graific-1-4x5-1.jpg","datePublished":"2020-03-20T15:29:58+00:00","dateModified":"2020-03-20T15:40:30+00:00","breadcrumb":{"@id":"https:\/\/dev.tg4.ie\/ga\/eolas\/preas\/nuacht-raitis\/2020-2\/cluichi-all-ireland-gold-ag-teacht-ar-tg4\/#breadcrumb"},"inLanguage":"ga","potentialAction":[{"@type":"ReadAction","target":["https:\/\/dev.tg4.ie\/ga\/eolas\/preas\/nuacht-raitis\/2020-2\/cluichi-all-ireland-gold-ag-teacht-ar-tg4\/"]}]},{"@type":"ImageObject","inLanguage":"ga","@id":"https:\/\/dev.tg4.ie\/ga\/eolas\/preas\/nuacht-raitis\/2020-2\/cluichi-all-ireland-gold-ag-teacht-ar-tg4\/#primaryimage","url":"https:\/\/dev.tg4.ie\/wp-content\/uploads\/2020\/03\/Graific-1-4x5-1.jpg","contentUrl":"https:\/\/dev.tg4.ie\/wp-content\/uploads\/2020\/03\/Graific-1-4x5-1.jpg"},{"@type":"BreadcrumbList","@id":"https:\/\/dev.tg4.ie\/ga\/eolas\/preas\/nuacht-raitis\/2020-2\/cluichi-all-ireland-gold-ag-teacht-ar-tg4\/#breadcrumb","itemListElement":[{"@type":"ListItem","position":1,"name":"Home","item":"https:\/\/dev.tg4.ie\/ga\/"},{"@type":"ListItem","position":2,"name":"Eolas","item":"https:\/\/dev.tg4.ie\/ga\/eolas\/"},{"@type":"ListItem","position":3,"name":"Preas","item":"https:\/\/dev.tg4.ie\/ga\/eolas\/preas\/"},{"@type":"ListItem","position":4,"name":"Nuacht R\u00e1itis","item":"https:\/\/dev.tg4.ie\/ga\/eolas\/preas\/nuacht-raitis\/"},{"@type":"ListItem","position":5,"name":"2020","item":"https:\/\/dev.tg4.ie\/ga\/eolas\/preas\/nuacht-raitis\/2020-2\/"},{"@type":"ListItem","position":6,"name":"Cluich\u00ed All-Ireland Gold ag teacht ar TG4"}]},{"@type":"WebSite","@id":"https:\/\/dev.tg4.ie\/en\/#website","url":"https:\/\/dev.tg4.ie\/en\/","name":"TG4","description":"S\u00fail Eile","potentialAction":[{"@type":"SearchAction","target":{"@type":"EntryPoint","urlTemplate":"https:\/\/dev.tg4.ie\/en\/?s={search_term_string}"},"query-input":"required name=search_term_string"}],"inLanguage":"ga"}]}},"_links":{"self":[{"href":"https:\/\/dev.tg4.ie\/ga\/wp-json\/wp\/v2\/pages\/112571"}],"collection":[{"href":"https:\/\/dev.tg4.ie\/ga\/wp-json\/wp\/v2\/pages"}],"about":[{"href":"https:\/\/dev.tg4.ie\/ga\/wp-json\/wp\/v2\/types\/page"}],"author":[{"embeddable":true,"href":"https:\/\/dev.tg4.ie\/ga\/wp-json\/wp\/v2\/users\/876"}],"replies":[{"embeddable":true,"href":"https:\/\/dev.tg4.ie\/ga\/wp-json\/wp\/v2\/comments?post=112571"}],"version-history":[{"count":0,"href":"https:\/\/dev.tg4.ie\/ga\/wp-json\/wp\/v2\/pages\/112571\/revisions"}],"up":[{"embeddable":true,"href":"https:\/\/dev.tg4.ie\/ga\/wp-json\/wp\/v2\/pages\/111525"}],"wp:attachment":[{"href":"https:\/\/dev.tg4.ie\/ga\/wp-json\/wp\/v2\/media?parent=112571"}],"curies":[{"name":"wp","href":"https:\/\/api.w.org\/{rel}","templated":true}]}}