{"id":112722,"date":"2020-04-09T17:02:57","date_gmt":"2020-04-09T16:02:57","guid":{"rendered":"https:\/\/dev.tg4.ie\/?page_id=112722"},"modified":"2020-04-09T17:02:57","modified_gmt":"2020-04-09T16:02:57","slug":"cula4-ar-scoil-ag-tosu-ar-an-20-aibrean-ar-tg4","status":"publish","type":"page","link":"https:\/\/dev.tg4.ie\/ga\/eolas\/preas\/nuacht-raitis\/2020-2\/cula4-ar-scoil-ag-tosu-ar-an-20-aibrean-ar-tg4\/","title":{"rendered":"C\u00fala4 ar Scoil ag tos\u00fa ar an 20 Aibre\u00e1n ar TG4"},"content":{"rendered":"<p><img loading=\"lazy\" decoding=\"async\" width=\"1920\" height=\"1080\" class=\"aligncenter size-full wp-image-112723\" src=\"https:\/\/tg4-docs.s3.amazonaws.com\/tg4-redesign-2015\/wp-content\/uploads\/2020\/04\/cula4_ar_scoil_1920x1080.jpg\" alt=\"\" srcset=\"https:\/\/tg4-docs.s3.amazonaws.com\/tg4-redesign-2015\/wp-content\/uploads\/2020\/04\/cula4_ar_scoil_1920x1080.jpg 1920w, https:\/\/tg4-docs.s3.amazonaws.com\/tg4-redesign-2015\/wp-content\/uploads\/2020\/04\/cula4_ar_scoil_1920x1080-250x141.jpg 250w, https:\/\/tg4-docs.s3.amazonaws.com\/tg4-redesign-2015\/wp-content\/uploads\/2020\/04\/cula4_ar_scoil_1920x1080-700x394.jpg 700w, https:\/\/tg4-docs.s3.amazonaws.com\/tg4-redesign-2015\/wp-content\/uploads\/2020\/04\/cula4_ar_scoil_1920x1080-252x141.jpg 252w, https:\/\/tg4-docs.s3.amazonaws.com\/tg4-redesign-2015\/wp-content\/uploads\/2020\/04\/cula4_ar_scoil_1920x1080-1536x864.jpg 1536w, https:\/\/tg4-docs.s3.amazonaws.com\/tg4-redesign-2015\/wp-content\/uploads\/2020\/04\/cula4_ar_scoil_1920x1080-120x68.jpg 120w\" sizes=\"(max-width: 1920px) 100vw, 1920px\" \/><br \/>\n&nbsp;<\/p>\n<h2>C\u00fala4 ar Scoil<br \/>\nAg tos\u00fa D\u00e9 Luain 20 Aibre\u00e1n ag 10:00 a.m. ar TG4<\/h2>\n<p>T\u00e1 \u00e1thas ar TG4 a fh\u00f3gairt go mbeidh t\u00fas \u00e1 chur le cl\u00e1r nua<span>\u00a0<\/span><strong>C\u00fala4 ar Scoil<\/strong><span>\u00a0<\/span>ar an Luan, an 20 Aibre\u00e1n, a chraolfar gach maidin ag a 10 a.m. T\u00e1 gach scoil d\u00fanta faoi l\u00e1thair de bharr na srianta a bhaineann le Covid-19. Beidh an cl\u00e1r seo d\u00edrithe ar dhalta\u00ed bunscoile Gaeltachta agus Gaelscoile sa ch\u00e1s go gcuirtear s\u00edneadh le bearta sl\u00e1inte an phobail agus go mbeidh na scoileanna d\u00fanta ar feadh tr\u00e9imhse bhreise.<br \/>\n&nbsp;<br \/>\nIs cl\u00e1r leathuaire \u00e9 seo a bheidh \u00e1 chraoladh \u00f3 10.00 a.m. go 10.30 a.m \u00f3 Scoil na bhForbacha i nGaeltacht Chonamara. Is iad Caitr\u00edona N\u00ed Chual\u00e1in agus Fiachra \u00d3 Dubhghaill na m\u00fainteoir\u00ed a bheidh i mbun na ranganna, agus beidh ceachtanna breise \u00f3 mh\u00fainteoir\u00ed agus \u00e1isitheoir\u00ed eile ar fud na t\u00edre, le r\u00e9imse can\u00faint\u00ed.<br \/>\n&nbsp;<br \/>\nCuirfidh an cl\u00e1r b\u00e9im ar th\u00e9ama ar leith gach seachtain agus beidh ceachtanna agus form\u00e1id bhr\u00edomhar spreag\u00fail sa chur chuige, a bheidh ag teacht le spriocanna agus tortha\u00ed foghlamtha an churaclaim na bunscoile.\u00a0 Cl\u00fad\u00f3far cro\u00ed-\u00e1bhair an churaclaim ar n\u00f3s: Gaeilge, Matamatic, Stair agus T\u00edreola\u00edocht, ach cuirfear b\u00e9im freisin ar an gcruthaitheacht, na heala\u00edona b\u00e9il agus ar ch\u00farsa\u00ed sl\u00e1inte agus foll\u00e1ine.<br \/>\n&nbsp;<br \/>\nCuirfear f\u00e1ilte roimh rannph\u00e1irt\u00edocht na bp\u00e1ist\u00ed sa bhaile le linn an chl\u00e1ir C\u00fala4 ar Scoil; agus is f\u00e9idir picti\u00fair n\u00f3 f\u00edse\u00e1in a sheoladh isteach chuig an gcl\u00e1r. Beidh an t-\u00e1bhar ar f\u00e1il freisin ar l\u00edne ar cula4.com agus ar youtube C\u00fala4.<br \/>\n&nbsp;<br \/>\nBeidh sceideal breise \u00e1 chraoladh ag TG4 roimh agus i ndiaidh C\u00fala4 ar Scoil \u00f3 9:30 a.m. go 11 a.m. gach l\u00e1, mar a mbeidh cl\u00e1ir eile a bhfuil t\u00e9ama\u00ed oideachas\u00fala ag baint leo, macasamhail<span>\u00a0<\/span><em>\u2018Bia Linn\u2019<\/em>,<span>\u00a0<\/span><em>\u2018\u00c1r Sc\u00e9al\u2019<\/em>,<span>\u00a0<\/span><em>\u2018<\/em><em>Am Foghlama le Timmy\u2019<\/em><strong><em>,<\/em><\/strong><span>\u00a0<\/span><em>\u2018Is Eola\u00ed M\u00e9\u2019<\/em><span>\u00a0<\/span>agus<span>\u00a0<\/span><em>\u2018WAC\u2019.<\/em><br \/>\n&nbsp;<br \/>\nIs \u00e9 an comhlacht l\u00e9irithe \u2018F\u00edb\u00edn\u2019 a bheidh i mbun an l\u00e9irithe; comhlacht a bhfuil aitheantas agus gradaim bainte amach aige do shraitheanna cos\u00fail le<em><span>\u00a0<\/span>Is Eola\u00ed M\u00e9, Is Mise<\/em><span>\u00a0<\/span>agus<span>\u00a0<\/span><em>Saol faoi Shr\u00e1id<span>\u00a0<\/span><\/em>do dhaoine \u00f3ga.\u00a0 Is \u00e9 Darach \u00d3 Tuairisc l\u00e9iritheoir na sraithe agus Ethel Burke, m\u00fainteoir bunscoile a bhfuil taith\u00ed st\u00e1itse, teilif\u00edse agus aisteoireachta aici a bheidh i mbun an l\u00e9irithe; agus beidh cri\u00fa Telegael i mbun an taifeadta.<br \/>\n&nbsp;<br \/>\nT\u00e1 an cl\u00e1r seo \u00e1 chur \u00e1 l\u00e9iri\u00fa le maoini\u00fa \u00f3 TG4 agus le comhairle faoin \u00e1bhar oideachais agus curaclaim \u00f3n Roinn Oideachais agus Scileanna, Col\u00e1iste Mhuire gan Sm\u00e1l, an Chomhairle um Oideachas Gaeltachta agus Gaelscola\u00edochta (COGG), An tSeirbh\u00eds Um Fhorbairt Ghairmi\u00fail do Mh\u00fainteoir\u00ed (PDST) agus Gaeloideachas. T\u00e1 saintaith\u00ed agus comhairle Thuismitheoir\u00ed na Gaeltachta curtha san \u00e1ireamh sa chur chuige a bheidh sa chl\u00e1r freisin.<br \/>\n&nbsp;<br \/>\nChuir Joe McHugh TD, An tAire Oideachais agus Scileanna f\u00e1ilte roimh an tionscadal seo:<br \/>\n\u2018<em>Is creidi\u00faint do TG4 an togra seo a chur ar si\u00fal le freastal ar dhalta\u00ed bunscoile na Gaeltachta agus na nGaelscoileanna at\u00e1 ag staid\u00e9ar sa bhaile faoi l\u00e1thair de bharr srianta Covid 19.\u00a0 Gabhaim m\u00f3rbhu\u00edochas leis na m\u00fainteoir\u00ed agus an l\u00edonra daoine a bhfuil \u00e9acht d\u00e9anta acu t\u00fas a chur leis an tiosnscadal seo faoi bhr\u00fa ama sna c\u00fains\u00ed reatha.\u00a0 Cuirfidh an cl\u00e1r seo le saibhri\u00fa na foghlama sa bhaile, agus beidh s\u00e9 mar thaca bresie foghlama do na dalta\u00ed\u2019.<\/em><br \/>\n&nbsp;<br \/>\nD\u2019fh\u00e1iltigh Muireann N\u00ed Mh\u00f3r\u00e1in, COGG, roimh cheapach\u00e1n an chomhlachta F\u00edb\u00edn le tabhairt faoin tsraith cl\u00e1r do TG4,<span>\u00a0<\/span><em>\u2018Is iontach go bhfuil comhlacht a bhfuil saineolas agus taith\u00ed aige, mar at\u00e1 ag foireann F\u00edb\u00edn, i mbun an togra seo. Beidh COGG ag tabhairt gach taca\u00edochta is f\u00e9idir do TG4 leis\u2019.<\/em><br \/>\n&nbsp;<br \/>\nDeir Siobh\u00e1n N\u00ed Bhr\u00e1daigh, Eagarth\u00f3ir Coimisi\u00fanaithe na n\u00d3g ag TG4:<br \/>\n<em>\u2018T\u00e1 TG4 go m\u00f3r faoi chomaoin ag an taca\u00edocht a fuair siad sa togra seo \u00f3 na heagrais oideachais (An Roinn Oideachais agus Scileanna, COGG, PDST agus Gaeloideachas) agus \u00f3 Thuismitheoir\u00ed na Gaeltachta, agus \u00f3 gach duine eile sa phobal a rinne teagmh\u00e1il linn i TG4 faoi seo, t\u00e1 s\u00fail ag TG4 freastal f\u00f3nta a dh\u00e9anamh ar ph\u00e1ist\u00ed a bhfuil ag f\u00e1il a gcuid scola\u00edochta tr\u00ed Ghaeilge agus t\u00e1 s\u00fail againn go mbeidh C\u00fala4 ar Scoil cabhrach do na teaghlaigh go l\u00e9ir ag an am seo\u2019.<\/em><br \/>\n&nbsp;<br \/>\nD\u2019fh\u00e1iltigh Bl\u00e1thnaid N\u00ed Ghr\u00e9ach\u00e1in<strong>,<span>\u00a0<\/span><\/strong>Ardfheidhmeannach Gaeloideachas go m\u00f3r roimh an tionscadail seo:<span>\u00a0<\/span><em>\u2018Cruth\u00f3idh an cl\u00e1r seo su\u00edomh taitneamnach foghlama sa bhaile tr\u00ed mhe\u00e1n na Gaeilge do ph\u00e1ist\u00ed at\u00e1 i dtaith\u00ed ar bheith tumtha sa teanga. Cabhr\u00f3idh s\u00e9 go m\u00f3r leo eisp\u00e9aras dearfach a bheith acu agus iad ag foghlaim agus cruth\u00f3far deiseanna iontacha freisin do mh\u00fainteoir\u00ed leas a bhaint as \u00e1bhar an chl\u00e1ir agus iad ag cur pleananna le ch\u00e9ile don obair sa \u00a0bhaile do na p\u00e1ist\u00ed faoina gc\u00faram.\u2019<\/em><br \/>\n&nbsp;<br \/>\nDeir Sorcha N\u00ed Ch\u00e9illeachair, Ceannasa\u00ed Tuismitheoir\u00ed na Gaeltachta:<span>\u00a0<\/span><em>&#8216;Is\u00a0aitheantas \u00e9 seo ar th\u00e1bhacht an ch\u00f3rais oideachais Gaeltachta agus l\u00e1n-Ghaeilge agus t\u00e1imid thar a bheith s\u00e1sta go mbeidh a leith\u00e9id de chl\u00e1r \u00e1 chraoladh ar TG4. \u00c1rd\u00fa cro\u00ed a bheidh ann do thuismitheoir\u00ed at\u00e1 ag t\u00f3g\u00e1il a gclann le Gaeilge ag am a bhfuil an t-\u00e1rd\u00fa cro\u00ed sin ag teast\u00e1il go g\u00e9ar.&#8217;<\/em><em>\u00a0<\/em><\/p>\n<p>&nbsp;<br \/>\n&nbsp;<br \/>\n<strong>Eolas faoi na M\u00fainteoir\u00ed<\/strong><\/p>\n<p><strong>\u00a0<\/strong><\/p>\n<p><strong>Caitr\u00edona N\u00ed Chual\u00e1in\u00a0<\/strong><br \/>\n<img loading=\"lazy\" decoding=\"async\" width=\"250\" height=\"141\" src=\"https:\/\/tg4-docs.s3.amazonaws.com\/tg4-redesign-2015\/wp-content\/uploads\/2020\/04\/Caitriona_Ni_Chualain_1920x1080-250x141.jpg\" alt=\"\" class=\"aligncenter size-medium wp-image-112724\" srcset=\"https:\/\/tg4-docs.s3.amazonaws.com\/tg4-redesign-2015\/wp-content\/uploads\/2020\/04\/Caitriona_Ni_Chualain_1920x1080-250x141.jpg 250w, https:\/\/tg4-docs.s3.amazonaws.com\/tg4-redesign-2015\/wp-content\/uploads\/2020\/04\/Caitriona_Ni_Chualain_1920x1080-700x394.jpg 700w, https:\/\/tg4-docs.s3.amazonaws.com\/tg4-redesign-2015\/wp-content\/uploads\/2020\/04\/Caitriona_Ni_Chualain_1920x1080-252x141.jpg 252w, https:\/\/tg4-docs.s3.amazonaws.com\/tg4-redesign-2015\/wp-content\/uploads\/2020\/04\/Caitriona_Ni_Chualain_1920x1080-1536x864.jpg 1536w, https:\/\/tg4-docs.s3.amazonaws.com\/tg4-redesign-2015\/wp-content\/uploads\/2020\/04\/Caitriona_Ni_Chualain_1920x1080-120x68.jpg 120w, https:\/\/tg4-docs.s3.amazonaws.com\/tg4-redesign-2015\/wp-content\/uploads\/2020\/04\/Caitriona_Ni_Chualain_1920x1080.jpg 1920w\" sizes=\"(max-width: 250px) 100vw, 250px\" \/><br \/>\nIs m\u00fainteoir bunscoile as Indreabh\u00e1n, Conamara \u00ed Caitr\u00edona N\u00ed Chual\u00e1in\u00a0agus t\u00e1 s\u00ed ag m\u00faineadh le ceithre bliana anuas i nGaelscoil U\u00ed Fhiaich i Maigh Nuad. Is scoil iontach ceolmhar \u00ed agus t\u00e1 an-ghr\u00e1 ag an scoil don Ghaeilge agus don chult\u00far Gaelach agus t\u00e1 an t-\u00e1dh uirthi go bhfuil s\u00ed ann. B\u00edonn s\u00ed ag obair go p\u00e1irt aimseartha do TG4 mar l\u00e1ithreoir aimsire agus lean\u00fanachais chomh maith, rud a bhaineann s\u00ed an-sult as.<\/p>\n<p>&nbsp;<br \/>\n&nbsp;<\/p>\n<p><strong>Fiachra \u00d3 Dubhghaill<\/strong><br \/>\n<img loading=\"lazy\" decoding=\"async\" width=\"250\" height=\"141\" src=\"https:\/\/tg4-docs.s3.amazonaws.com\/tg4-redesign-2015\/wp-content\/uploads\/2020\/04\/Fiachra_O_Dubhghaill_1920x1080-250x141.jpg\" alt=\"\" class=\"aligncenter size-medium wp-image-112725\" srcset=\"https:\/\/tg4-docs.s3.amazonaws.com\/tg4-redesign-2015\/wp-content\/uploads\/2020\/04\/Fiachra_O_Dubhghaill_1920x1080-250x141.jpg 250w, https:\/\/tg4-docs.s3.amazonaws.com\/tg4-redesign-2015\/wp-content\/uploads\/2020\/04\/Fiachra_O_Dubhghaill_1920x1080-700x394.jpg 700w, https:\/\/tg4-docs.s3.amazonaws.com\/tg4-redesign-2015\/wp-content\/uploads\/2020\/04\/Fiachra_O_Dubhghaill_1920x1080-252x141.jpg 252w, https:\/\/tg4-docs.s3.amazonaws.com\/tg4-redesign-2015\/wp-content\/uploads\/2020\/04\/Fiachra_O_Dubhghaill_1920x1080-1536x864.jpg 1536w, https:\/\/tg4-docs.s3.amazonaws.com\/tg4-redesign-2015\/wp-content\/uploads\/2020\/04\/Fiachra_O_Dubhghaill_1920x1080-120x68.jpg 120w, https:\/\/tg4-docs.s3.amazonaws.com\/tg4-redesign-2015\/wp-content\/uploads\/2020\/04\/Fiachra_O_Dubhghaill_1920x1080.jpg 1920w\" sizes=\"(max-width: 250px) 100vw, 250px\" \/><br \/>\nIs as Corcaigh \u00e9 Fiachra \u00d3 Dubhghaill agus t\u00e1 s\u00e9 ina mh\u00fainteoir i nGaelscoil Mhic Amhlaigh i nGaillimh \u00f3 2002.\u00a0 I rith an tr\u00e9imhse sin rinne s\u00e9 M\u00e1istreacht i nDr\u00e1ma\u00edocht agus Staid\u00e9ar Amharclainne i O\u00c9G agus bh\u00ed s\u00e9 ina oili\u00fan\u00f3ir do mh\u00fainteoir\u00ed ar an gcuraclam nua Dr\u00e1ma\u00edochta nuair a th\u00e1inig s\u00e9 amach ar dt\u00fas.\u00a0 Chaith s\u00e9 tr\u00e9imhse mar aisteoir chomh maith i ndr\u00e1ma\u00ed ar n\u00f3s Married to the Sea agus An Triail ar st\u00e1itse agus Ros na R\u00fan agus Corp agus Anam ar an teilif\u00eds.\u00a0 T\u00e1 suim faoi leith aige i sp\u00f3rt agus ceol.<\/p>\n<p>&nbsp;<br \/>\n&nbsp;<\/p>\n","protected":false},"excerpt":{"rendered":"<p>&nbsp; C\u00fala4 ar Scoil Ag tos\u00fa D\u00e9 Luain 20 Aibre\u00e1n ag 10:00 a.m. ar TG4 T\u00e1 \u00e1thas ar TG4 a fh\u00f3gairt go mbeidh t\u00fas \u00e1 chur le cl\u00e1r nua\u00a0C\u00fala4 ar Scoil\u00a0ar an Luan, an 20 Aibre\u00e1n, a chraolfar gach maidin ag a 10 a.m. T\u00e1 gach scoil d\u00fanta faoi l\u00e1thair de bharr na srianta a [&hellip;]<\/p>\n","protected":false},"author":876,"featured_media":0,"parent":111525,"menu_order":13,"comment_status":"closed","ping_status":"closed","template":"page-templates\/template-pr.php","meta":{"_acf_changed":false,"footnotes":""},"acf":[],"yoast_head":"<!-- This site is optimized with the Yoast SEO plugin v22.6 - https:\/\/yoast.com\/wordpress\/plugins\/seo\/ -->\n<title>C\u00fala4 ar Scoil ag tos\u00fa ar an 20 Aibre\u00e1n ar TG4 | Preas R\u00e1iteas | TG4<\/title>\n<meta name=\"robots\" content=\"index, follow, max-snippet:-1, max-image-preview:large, max-video-preview:-1\" \/>\n<meta property=\"og:locale\" content=\"en_US\" \/>\n<meta property=\"og:type\" content=\"article\" \/>\n<meta property=\"og:title\" content=\"C\u00fala4 ar Scoil ag tos\u00fa ar an 20 Aibre\u00e1n ar TG4 | Preas R\u00e1iteas | TG4\" \/>\n<meta property=\"og:description\" content=\"&nbsp; C\u00fala4 ar Scoil Ag tos\u00fa D\u00e9 Luain 20 Aibre\u00e1n ag 10:00 a.m. ar TG4 T\u00e1 \u00e1thas ar TG4 a fh\u00f3gairt go mbeidh t\u00fas \u00e1 chur le cl\u00e1r nua\u00a0C\u00fala4 ar Scoil\u00a0ar an Luan, an 20 Aibre\u00e1n, a chraolfar gach maidin ag a 10 a.m. T\u00e1 gach scoil d\u00fanta faoi l\u00e1thair de bharr na srianta a [&hellip;]\" \/>\n<meta property=\"og:url\" content=\"https:\/\/dev.tg4.ie\/ga\/eolas\/preas\/nuacht-raitis\/2020-2\/cula4-ar-scoil-ag-tosu-ar-an-20-aibrean-ar-tg4\/\" \/>\n<meta property=\"og:site_name\" content=\"TG4\" \/>\n<meta property=\"article:publisher\" content=\"https:\/\/www.facebook.com\/TG4TV\" \/>\n<meta property=\"og:image\" content=\"https:\/\/tg4-docs.s3.amazonaws.com\/tg4-redesign-2015\/wp-content\/uploads\/2020\/04\/cula4_ar_scoil_1920x1080.jpg\" \/>\n\t<meta property=\"og:image:width\" content=\"1920\" \/>\n\t<meta property=\"og:image:height\" content=\"1080\" \/>\n\t<meta property=\"og:image:type\" content=\"image\/jpeg\" \/>\n<meta name=\"twitter:card\" content=\"summary_large_image\" \/>\n<meta name=\"twitter:image\" content=\"https:\/\/tg4-docs.s3.amazonaws.com\/tg4-redesign-2015\/wp-content\/uploads\/2020\/04\/cula4_ar_scoil_1920x1080.jpg\" \/>\n<meta name=\"twitter:site\" content=\"@TG4TV\" \/>\n<meta name=\"twitter:label1\" content=\"Est. reading time\" \/>\n\t<meta name=\"twitter:data1\" content=\"6 minutes\" \/>\n<script type=\"application\/ld+json\" class=\"yoast-schema-graph\">{\"@context\":\"https:\/\/schema.org\",\"@graph\":[{\"@type\":\"WebPage\",\"@id\":\"https:\/\/dev.tg4.ie\/ga\/eolas\/preas\/nuacht-raitis\/2020-2\/cula4-ar-scoil-ag-tosu-ar-an-20-aibrean-ar-tg4\/\",\"url\":\"https:\/\/dev.tg4.ie\/ga\/eolas\/preas\/nuacht-raitis\/2020-2\/cula4-ar-scoil-ag-tosu-ar-an-20-aibrean-ar-tg4\/\",\"name\":\"C\u00fala4 ar Scoil ag tos\u00fa ar an 20 Aibre\u00e1n ar TG4 | Preas R\u00e1iteas | TG4\",\"isPartOf\":{\"@id\":\"https:\/\/dev.tg4.ie\/en\/#website\"},\"primaryImageOfPage\":{\"@id\":\"https:\/\/dev.tg4.ie\/ga\/eolas\/preas\/nuacht-raitis\/2020-2\/cula4-ar-scoil-ag-tosu-ar-an-20-aibrean-ar-tg4\/#primaryimage\"},\"image\":{\"@id\":\"https:\/\/dev.tg4.ie\/ga\/eolas\/preas\/nuacht-raitis\/2020-2\/cula4-ar-scoil-ag-tosu-ar-an-20-aibrean-ar-tg4\/#primaryimage\"},\"thumbnailUrl\":\"https:\/\/dev.tg4.ie\/wp-content\/uploads\/2020\/04\/cula4_ar_scoil_1920x1080.jpg\",\"datePublished\":\"2020-04-09T16:02:57+00:00\",\"dateModified\":\"2020-04-09T16:02:57+00:00\",\"breadcrumb\":{\"@id\":\"https:\/\/dev.tg4.ie\/ga\/eolas\/preas\/nuacht-raitis\/2020-2\/cula4-ar-scoil-ag-tosu-ar-an-20-aibrean-ar-tg4\/#breadcrumb\"},\"inLanguage\":\"ga\",\"potentialAction\":[{\"@type\":\"ReadAction\",\"target\":[\"https:\/\/dev.tg4.ie\/ga\/eolas\/preas\/nuacht-raitis\/2020-2\/cula4-ar-scoil-ag-tosu-ar-an-20-aibrean-ar-tg4\/\"]}]},{\"@type\":\"ImageObject\",\"inLanguage\":\"ga\",\"@id\":\"https:\/\/dev.tg4.ie\/ga\/eolas\/preas\/nuacht-raitis\/2020-2\/cula4-ar-scoil-ag-tosu-ar-an-20-aibrean-ar-tg4\/#primaryimage\",\"url\":\"https:\/\/dev.tg4.ie\/wp-content\/uploads\/2020\/04\/cula4_ar_scoil_1920x1080.jpg\",\"contentUrl\":\"https:\/\/dev.tg4.ie\/wp-content\/uploads\/2020\/04\/cula4_ar_scoil_1920x1080.jpg\"},{\"@type\":\"BreadcrumbList\",\"@id\":\"https:\/\/dev.tg4.ie\/ga\/eolas\/preas\/nuacht-raitis\/2020-2\/cula4-ar-scoil-ag-tosu-ar-an-20-aibrean-ar-tg4\/#breadcrumb\",\"itemListElement\":[{\"@type\":\"ListItem\",\"position\":1,\"name\":\"Home\",\"item\":\"https:\/\/dev.tg4.ie\/ga\/\"},{\"@type\":\"ListItem\",\"position\":2,\"name\":\"Eolas\",\"item\":\"https:\/\/dev.tg4.ie\/ga\/eolas\/\"},{\"@type\":\"ListItem\",\"position\":3,\"name\":\"Preas\",\"item\":\"https:\/\/dev.tg4.ie\/ga\/eolas\/preas\/\"},{\"@type\":\"ListItem\",\"position\":4,\"name\":\"Nuacht R\u00e1itis\",\"item\":\"https:\/\/dev.tg4.ie\/ga\/eolas\/preas\/nuacht-raitis\/\"},{\"@type\":\"ListItem\",\"position\":5,\"name\":\"2020\",\"item\":\"https:\/\/dev.tg4.ie\/ga\/eolas\/preas\/nuacht-raitis\/2020-2\/\"},{\"@type\":\"ListItem\",\"position\":6,\"name\":\"C\u00fala4 ar Scoil ag tos\u00fa ar an 20 Aibre\u00e1n ar TG4\"}]},{\"@type\":\"WebSite\",\"@id\":\"https:\/\/dev.tg4.ie\/en\/#website\",\"url\":\"https:\/\/dev.tg4.ie\/en\/\",\"name\":\"TG4\",\"description\":\"S\u00fail Eile\",\"potentialAction\":[{\"@type\":\"SearchAction\",\"target\":{\"@type\":\"EntryPoint\",\"urlTemplate\":\"https:\/\/dev.tg4.ie\/en\/?s={search_term_string}\"},\"query-input\":\"required name=search_term_string\"}],\"inLanguage\":\"ga\"}]}<\/script>\n<!-- \/ Yoast SEO plugin. -->","yoast_head_json":{"title":"C\u00fala4 ar Scoil ag tos\u00fa ar an 20 Aibre\u00e1n ar TG4 | Preas R\u00e1iteas | TG4","robots":{"index":"index","follow":"follow","max-snippet":"max-snippet:-1","max-image-preview":"max-image-preview:large","max-video-preview":"max-video-preview:-1"},"og_locale":"en_US","og_type":"article","og_title":"C\u00fala4 ar Scoil ag tos\u00fa ar an 20 Aibre\u00e1n ar TG4 | Preas R\u00e1iteas | TG4","og_description":"&nbsp; C\u00fala4 ar Scoil Ag tos\u00fa D\u00e9 Luain 20 Aibre\u00e1n ag 10:00 a.m. ar TG4 T\u00e1 \u00e1thas ar TG4 a fh\u00f3gairt go mbeidh t\u00fas \u00e1 chur le cl\u00e1r nua\u00a0C\u00fala4 ar Scoil\u00a0ar an Luan, an 20 Aibre\u00e1n, a chraolfar gach maidin ag a 10 a.m. T\u00e1 gach scoil d\u00fanta faoi l\u00e1thair de bharr na srianta a [&hellip;]","og_url":"https:\/\/dev.tg4.ie\/ga\/eolas\/preas\/nuacht-raitis\/2020-2\/cula4-ar-scoil-ag-tosu-ar-an-20-aibrean-ar-tg4\/","og_site_name":"TG4","article_publisher":"https:\/\/www.facebook.com\/TG4TV","og_image":[{"width":1920,"height":1080,"url":"https:\/\/tg4-docs.s3.amazonaws.com\/tg4-redesign-2015\/wp-content\/uploads\/2020\/04\/cula4_ar_scoil_1920x1080.jpg","type":"image\/jpeg"}],"twitter_card":"summary_large_image","twitter_image":"https:\/\/tg4-docs.s3.amazonaws.com\/tg4-redesign-2015\/wp-content\/uploads\/2020\/04\/cula4_ar_scoil_1920x1080.jpg","twitter_site":"@TG4TV","twitter_misc":{"Est. reading time":"6 minutes"},"schema":{"@context":"https:\/\/schema.org","@graph":[{"@type":"WebPage","@id":"https:\/\/dev.tg4.ie\/ga\/eolas\/preas\/nuacht-raitis\/2020-2\/cula4-ar-scoil-ag-tosu-ar-an-20-aibrean-ar-tg4\/","url":"https:\/\/dev.tg4.ie\/ga\/eolas\/preas\/nuacht-raitis\/2020-2\/cula4-ar-scoil-ag-tosu-ar-an-20-aibrean-ar-tg4\/","name":"C\u00fala4 ar Scoil ag tos\u00fa ar an 20 Aibre\u00e1n ar TG4 | Preas R\u00e1iteas | TG4","isPartOf":{"@id":"https:\/\/dev.tg4.ie\/en\/#website"},"primaryImageOfPage":{"@id":"https:\/\/dev.tg4.ie\/ga\/eolas\/preas\/nuacht-raitis\/2020-2\/cula4-ar-scoil-ag-tosu-ar-an-20-aibrean-ar-tg4\/#primaryimage"},"image":{"@id":"https:\/\/dev.tg4.ie\/ga\/eolas\/preas\/nuacht-raitis\/2020-2\/cula4-ar-scoil-ag-tosu-ar-an-20-aibrean-ar-tg4\/#primaryimage"},"thumbnailUrl":"https:\/\/dev.tg4.ie\/wp-content\/uploads\/2020\/04\/cula4_ar_scoil_1920x1080.jpg","datePublished":"2020-04-09T16:02:57+00:00","dateModified":"2020-04-09T16:02:57+00:00","breadcrumb":{"@id":"https:\/\/dev.tg4.ie\/ga\/eolas\/preas\/nuacht-raitis\/2020-2\/cula4-ar-scoil-ag-tosu-ar-an-20-aibrean-ar-tg4\/#breadcrumb"},"inLanguage":"ga","potentialAction":[{"@type":"ReadAction","target":["https:\/\/dev.tg4.ie\/ga\/eolas\/preas\/nuacht-raitis\/2020-2\/cula4-ar-scoil-ag-tosu-ar-an-20-aibrean-ar-tg4\/"]}]},{"@type":"ImageObject","inLanguage":"ga","@id":"https:\/\/dev.tg4.ie\/ga\/eolas\/preas\/nuacht-raitis\/2020-2\/cula4-ar-scoil-ag-tosu-ar-an-20-aibrean-ar-tg4\/#primaryimage","url":"https:\/\/dev.tg4.ie\/wp-content\/uploads\/2020\/04\/cula4_ar_scoil_1920x1080.jpg","contentUrl":"https:\/\/dev.tg4.ie\/wp-content\/uploads\/2020\/04\/cula4_ar_scoil_1920x1080.jpg"},{"@type":"BreadcrumbList","@id":"https:\/\/dev.tg4.ie\/ga\/eolas\/preas\/nuacht-raitis\/2020-2\/cula4-ar-scoil-ag-tosu-ar-an-20-aibrean-ar-tg4\/#breadcrumb","itemListElement":[{"@type":"ListItem","position":1,"name":"Home","item":"https:\/\/dev.tg4.ie\/ga\/"},{"@type":"ListItem","position":2,"name":"Eolas","item":"https:\/\/dev.tg4.ie\/ga\/eolas\/"},{"@type":"ListItem","position":3,"name":"Preas","item":"https:\/\/dev.tg4.ie\/ga\/eolas\/preas\/"},{"@type":"ListItem","position":4,"name":"Nuacht R\u00e1itis","item":"https:\/\/dev.tg4.ie\/ga\/eolas\/preas\/nuacht-raitis\/"},{"@type":"ListItem","position":5,"name":"2020","item":"https:\/\/dev.tg4.ie\/ga\/eolas\/preas\/nuacht-raitis\/2020-2\/"},{"@type":"ListItem","position":6,"name":"C\u00fala4 ar Scoil ag tos\u00fa ar an 20 Aibre\u00e1n ar TG4"}]},{"@type":"WebSite","@id":"https:\/\/dev.tg4.ie\/en\/#website","url":"https:\/\/dev.tg4.ie\/en\/","name":"TG4","description":"S\u00fail Eile","potentialAction":[{"@type":"SearchAction","target":{"@type":"EntryPoint","urlTemplate":"https:\/\/dev.tg4.ie\/en\/?s={search_term_string}"},"query-input":"required name=search_term_string"}],"inLanguage":"ga"}]}},"_links":{"self":[{"href":"https:\/\/dev.tg4.ie\/ga\/wp-json\/wp\/v2\/pages\/112722"}],"collection":[{"href":"https:\/\/dev.tg4.ie\/ga\/wp-json\/wp\/v2\/pages"}],"about":[{"href":"https:\/\/dev.tg4.ie\/ga\/wp-json\/wp\/v2\/types\/page"}],"author":[{"embeddable":true,"href":"https:\/\/dev.tg4.ie\/ga\/wp-json\/wp\/v2\/users\/876"}],"replies":[{"embeddable":true,"href":"https:\/\/dev.tg4.ie\/ga\/wp-json\/wp\/v2\/comments?post=112722"}],"version-history":[{"count":0,"href":"https:\/\/dev.tg4.ie\/ga\/wp-json\/wp\/v2\/pages\/112722\/revisions"}],"up":[{"embeddable":true,"href":"https:\/\/dev.tg4.ie\/ga\/wp-json\/wp\/v2\/pages\/111525"}],"wp:attachment":[{"href":"https:\/\/dev.tg4.ie\/ga\/wp-json\/wp\/v2\/media?parent=112722"}],"curies":[{"name":"wp","href":"https:\/\/api.w.org\/{rel}","templated":true}]}}