{"id":112740,"date":"2020-04-16T11:55:01","date_gmt":"2020-04-16T10:55:01","guid":{"rendered":"https:\/\/dev.tg4.ie\/?page_id=112740"},"modified":"2020-04-16T16:43:56","modified_gmt":"2020-04-16T15:43:56","slug":"all-ireland-gold-cluichi-ar-tg4-i-mi-bealtaine","status":"publish","type":"page","link":"https:\/\/dev.tg4.ie\/ga\/eolas\/preas\/nuacht-raitis\/2020-2\/all-ireland-gold-cluichi-ar-tg4-i-mi-bealtaine\/","title":{"rendered":"All Ireland Gold &#8211; Cluich\u00ed ar TG4 i m\u00ed Bealtaine"},"content":{"rendered":"<p>Blais\u00edn:<\/p>\n<div style=\"position:relative;padding-top:56.25%;\"><iframe src=\"https:\/\/www.youtube.com\/embed\/A-33F9nyG4Q\" frameborder=\"0\" allowfullscreen style=\"position:absolute;top:0;left:0;width:100%;height:100%;\"><\/iframe><\/div>\n<p>&nbsp;<br \/>\n<strong><a href=\"https:\/\/twitter.com\/search?q=%23AllIrelandGold&#038;src=typed_query&#038;f=live\" rel=\"noopener noreferrer\" target=\"_blank\">#AllIrelandGold<\/a><\/strong><br \/>\n&nbsp;<br \/>\n<img loading=\"lazy\" decoding=\"async\" width=\"1920\" height=\"1080\" class=\"aligncenter size-full wp-image-112741\" src=\"https:\/\/tg4-docs.s3.amazonaws.com\/tg4-redesign-2015\/wp-content\/uploads\/2020\/04\/AIG_Bealtaine.jpg\" alt=\"\" srcset=\"https:\/\/tg4-docs.s3.amazonaws.com\/tg4-redesign-2015\/wp-content\/uploads\/2020\/04\/AIG_Bealtaine.jpg 1920w, https:\/\/tg4-docs.s3.amazonaws.com\/tg4-redesign-2015\/wp-content\/uploads\/2020\/04\/AIG_Bealtaine-250x141.jpg 250w, https:\/\/tg4-docs.s3.amazonaws.com\/tg4-redesign-2015\/wp-content\/uploads\/2020\/04\/AIG_Bealtaine-700x394.jpg 700w, https:\/\/tg4-docs.s3.amazonaws.com\/tg4-redesign-2015\/wp-content\/uploads\/2020\/04\/AIG_Bealtaine-252x141.jpg 252w, https:\/\/tg4-docs.s3.amazonaws.com\/tg4-redesign-2015\/wp-content\/uploads\/2020\/04\/AIG_Bealtaine-1536x864.jpg 1536w, https:\/\/tg4-docs.s3.amazonaws.com\/tg4-redesign-2015\/wp-content\/uploads\/2020\/04\/AIG_Bealtaine-120x68.jpg 120w\" sizes=\"(max-width: 1920px) 100vw, 1920px\" \/><\/p>\n<p>&nbsp;<\/p>\n<p><span><strong>D\u00e9 Domhnaigh an 3 Bealtaine<\/strong><\/span><br \/>\n<span><strong>14:25\u00a0<\/strong>\u00a0 \u00a0 \u00a0 \u00a0 \u00a0 \u00a0 \u00a0 \u00a0 \u00a0<strong>Cluiche Leathcheannais Chraobh Sinsear Peile Laighean 1997 \u00a0<\/strong><\/span><\/p>\n<p><span>Deis eile an athimirt ar Chluiche Leathcheannais Chraobh Sinsear Peile Laighean in 1997 a fheice\u00e1il idir Cill Dara agus An Mh\u00ed ar Ph\u00e1irc an Chr\u00f3caigh. Bh\u00ed \u00c1th Cliath buailte ag an Mh\u00ed, seaimp\u00edn\u00ed na h\u00c9ireann ag an am faoi sti\u00fair Se\u00e1n Boylan, i gcluiche ceathr\u00fa ceannais na Craoibhe agus ba \u00ed foireann Chill Dara faoi sti\u00fair Mick O\u2019Dwyer a bh\u00ed rompu sa chluiche leathcheannais. \u00a0<\/span><\/p>\n<p>&nbsp;<\/p>\n<p><span><strong>16:20<\/strong>\u00a0 \u00a0 \u00a0 \u00a0 \u00a0 \u00a0 \u00a0 \u00a0 \u00a0<strong>Craobh na h\u00c9ireann i bPeil na mBan 1996 Muineach\u00e1n v Laois<\/strong>\u00a0<\/span><\/p>\n<p><span>Deis eile an athimirt ar chluiche Ceannais Chraobh na h\u00c9ireann i bPeil na mBan a fheice\u00e1il nuair a thug Muineach\u00e1n aghaidh ar Laois ar Ph\u00e1irc an Chr\u00f3caigh. Ba \u00ed an bhliain sin an 23\u00fa bliain de Chraobh na h\u00c9ireann i bPeil na mBan agus bh\u00ed an d\u00e1 fhoireann ar chomhsc\u00f3r an tseachtain roimhe sin ag 2-09 an fhoireann.<\/span><\/p>\n<p>&nbsp;<br \/>\n&nbsp;<\/p>\n<p><span><strong>D\u00e9 Domhnaigh an 10 Bealtaine\u00a0\u00a0<\/strong><\/span><\/p>\n<p><span><strong>14:40\u00a0 \u00a0 \u00a0 \u00a0 \u00a0 \u00a0 \u00a0 \u00a0 \u00a0\u00a0 Cluiche Leathcheannais Chraobh Peile na h\u00c9ireann 2002\u00a0\u00c1th Cliath v Ard Mhacha\u00a0<\/strong><\/span><\/p>\n<p><span>79,386 duine a bh\u00ed i l\u00e1thair an l\u00e1 a raibh s\u00fail ag foireann Ard Mhacha faoi sti\u00fair Joe Kernan c\u00e1ili\u00fa do chluiche ceannais Chraobh na h\u00c9ireann den ch\u00e9ad uair \u00f3 1977.<\/span><\/p>\n<p>&nbsp;<\/p>\n<p><span><strong>16:10\u00a0 \u00a0 \u00a0 \u00a0 \u00a0 \u00a0 \u00a0 \u00a0 \u00a0 \u00a0 Cluiche Ceannais Chraobh Iom\u00e1na na h\u00c9ireann 1988 Gaillimh V Tiobraid \u00c1rann\u00a0<\/strong><\/span><\/p>\n<p><span>Bh\u00ed s\u00fail ag fir na Gaillimhe, a bh\u00ed faoi ch\u00faram Cyril Farrell, an chraobh a thabhairt ar ais ar\u00eds an l\u00e1 ar thug siad aghaidh ar fhoireann Thiobraid \u00c1rann a raibh Michael \u201cBabs\u201d Keating ina bhainisteoir orthu.<\/span><\/p>\n<p>&nbsp;<br \/>\n&nbsp;<\/p>\n<p><span><strong>D\u00e9 Domhnaigh an 17 Bealtaine<\/strong><\/span><\/p>\n<p><span><strong>14:40\u00a0 \u00a0 \u00a0 \u00a0 \u00a0 \u00a0 \u00a0 \u00a0 \u00a0 Rogha an Lucht F\u00e9achana Cluiche Ceannais Chraobh Peile na h\u00c9ireann 2013\u00a0 \u00c1th Cliath v Maigh Eo\u00a0<\/strong><strong>\u00a0<\/strong><\/span><\/p>\n<p><span>Bh\u00ed \u00c1th Cliath ag s\u00fail Craobh na h\u00c9ireann a bhuachan an dara babhta le tr\u00ed bliana. Chuaigh Maigh Eo chun catha in 2013 agus gan Craobh na h\u00c9ireann buaite acu \u00f3 1951.<\/span><\/p>\n<p>&nbsp;<\/p>\n<p><span><strong>16:10\u00a0 \u00a0 \u00a0 \u00a0 \u00a0 \u00a0 \u00a0 \u00a0 \u00a0 Cluiche Ceannais Chraobh Iom\u00e1na na h\u00c9ireann\u00a0 2009\u00a0Cill Chainnigh V Tiobraid \u00c1rann<\/strong><\/span><\/p>\n<p><span>Ba \u00ed seo an ch\u00e9ad uair ar thug an d\u00e1 fhoireann seo aghaidh ar a ch\u00e9ile i gcraobh na h\u00c9ireann \u00f3 1991. Bh\u00ed s\u00fail ag Cill Chainnigh an Chraobh a bhuachan ceithre bliana as a ch\u00e9ile os comhair an 82,106 duine a bh\u00ed i l\u00e1thair.<\/span><\/p>\n<p>&nbsp;<br \/>\n&nbsp;<\/p>\n<p><span><strong>D\u00e9 Domhnaigh an 24 Bealtaine<\/strong><\/span><span><strong><br \/>\n14:40\u00a0 \u00a0 \u00a0 \u00a0 \u00a0 \u00a0 \u00a0 \u00a0 \u00a0 Rogha an Lucht F\u00e9achana \u00a0Cluiche Ceannais Chraobh Iom\u00e1na na h\u00c9ireann 1968 Tiobraid \u00c1rann V Loch Garman\u00a0<\/strong><\/span><br \/>\n<span>Deis eile Loch Garman a fheice\u00e1il le Tiobraid \u00c1rann i gCluiche Ceannais Chraobh Sinsear Iom\u00e1na na h\u00c9ireann\u00a0 ar Ph\u00e1irc an Chr\u00f3caigh. I measc na n-imreoir\u00ed den r\u00e9 iom\u00e1na sin a d\u2019imir in 81\u00fa Craobh Iom\u00e1na na h\u00c9ireann bh\u00ed Tony Doran, Paul Lynch, Jack Berry, Ned Colfer, Jimmy Doyle, John Doyle agus Michael Keating.<\/span><\/p>\n<p>&nbsp;<\/p>\n<p><span><strong>16:05\u00a0 \u00a0 \u00a0 \u00a0 \u00a0 \u00a0 \u00a0 \u00a0 \u00a0 Rogha an Lucht F\u00e9achana\u00a0 &#8211; Cluiche Leathcheannais Chraobh na h\u00c9ireann 1977 \u00c1th Cliath V Ciarra\u00ed<\/strong><\/span><br \/>\n<span>Bh\u00ed an cluiche seo ar cheann de na cluich\u00ed peile ba ionta\u00ed agus ab fhearr a imr\u00edodh sna 70\u00ed nuair a thug foirne m\u00f3ra \u00c1tha Cliath agus Chiarra\u00ed aghaidh ar a ch\u00e9ile i gcluiche den ch\u00e9ad scoth.\u00a0 I measc imreoir\u00ed m\u00f3ra \u00c1tha Cliath bh\u00ed Brian Mullins, Anton O\u2019Toole, Tony Hanahoe, David Hickey, Sean Doherty agus Bernard Brogan. Michael O&#8217;Hehir a bh\u00ed i mbun tr\u00e1chtaireachta.<\/span><\/p>\n<p>&nbsp;<br \/>\n&nbsp;<\/p>\n<p><span><strong>D\u00e9 Domhnaigh an 31 Bealtaine\u00a0<\/strong><\/span><\/p>\n<p><span><strong>14:25\u00a0 \u00a0 \u00a0 \u00a0 \u00a0 \u00a0 \u00a0 \u00a0 \u00a0 \u00a0 \u00a0 Cluiche Leathcheannais Iom\u00e1na F21 2009 An Cl\u00e1r v Gaillimh<\/strong><\/span><\/p>\n<p><span>Deis eile An Cl\u00e1r v Gaillimh a fheice\u00e1il i gcluiche leathcheannais Chraobh Iom\u00e1na na h\u00c9ireann F21 i Staid Semple,\u00a0 Durlas. Ba \u00ed an ch\u00e9ad uair ag an gCl\u00e1r i gcluiche leathcheannais Chraobh Iom\u00e1na na h\u00c9ireann F21. I measc na r\u00e9alta\u00ed ar na foirne F21 seo bh\u00ed Darach Honan, John Conlon, David Burke, Joe Canning, Aidan Harte agus James Skehill.<\/span><\/p>\n<p>&nbsp;<\/p>\n<p><span><strong>16:10\u00a0 \u00a0 \u00a0 \u00a0 \u00a0 \u00a0 \u00a0 \u00a0 \u00a0 Cluiche Ceannais Chraobh Peile na h\u00c9ireann 2005\u00a0 T\u00edr Eoghain V Ciarra\u00ed\u00a0<\/strong><\/span><\/p>\n<p><span>Deis eile T\u00edr Eoghain V Ciarra\u00ed a fheice\u00e1il in 2005 i gCluiche Ceannais Chraobh Peile na h\u00c9ireann ar Ph\u00e1irc an Chr\u00f3caigh. Bh\u00ed s\u00fail ag foireann Th\u00edr Eoghain faoi ch\u00faram Mickey Harte an Chraobh a bhuachan ar\u00eds, an dara huair \u00f3 2003. Ach ba iad foireann Jack O\u2019Connor Chiarra\u00ed a bh\u00ed ina seaimp\u00edn\u00ed ag an am agus ba iontach go deo an cluiche craoibhe a bh\u00ed ann.<\/span><\/p>\n<p>&nbsp;<br \/>\n&nbsp;<\/p>\n","protected":false},"excerpt":{"rendered":"<p>Blais\u00edn: &nbsp; #AllIrelandGold &nbsp; &nbsp; D\u00e9 Domhnaigh an 3 Bealtaine 14:25\u00a0\u00a0 \u00a0 \u00a0 \u00a0 \u00a0 \u00a0 \u00a0 \u00a0 \u00a0Cluiche Leathcheannais Chraobh Sinsear Peile Laighean 1997 \u00a0 Deis eile an athimirt ar Chluiche Leathcheannais Chraobh Sinsear Peile Laighean in 1997 a fheice\u00e1il idir Cill Dara agus An Mh\u00ed ar Ph\u00e1irc an Chr\u00f3caigh. Bh\u00ed \u00c1th Cliath buailte [&hellip;]<\/p>\n","protected":false},"author":876,"featured_media":0,"parent":111525,"menu_order":14,"comment_status":"closed","ping_status":"closed","template":"page-templates\/template-pr.php","meta":{"_acf_changed":false,"footnotes":""},"acf":[],"yoast_head":"<!-- This site is optimized with the Yoast SEO plugin v22.6 - https:\/\/yoast.com\/wordpress\/plugins\/seo\/ -->\n<title>All Ireland Gold - Cluich\u00ed ar TG4 i m\u00ed Bealtaine | Preas R\u00e1iteas | TG4<\/title>\n<meta name=\"robots\" content=\"index, follow, max-snippet:-1, max-image-preview:large, max-video-preview:-1\" \/>\n<meta property=\"og:locale\" content=\"en_US\" \/>\n<meta property=\"og:type\" content=\"article\" \/>\n<meta property=\"og:title\" content=\"All Ireland Gold - Cluich\u00ed ar TG4 i m\u00ed Bealtaine | Preas R\u00e1iteas | TG4\" \/>\n<meta property=\"og:description\" content=\"Blais\u00edn: &nbsp; #AllIrelandGold &nbsp; &nbsp; D\u00e9 Domhnaigh an 3 Bealtaine 14:25\u00a0\u00a0 \u00a0 \u00a0 \u00a0 \u00a0 \u00a0 \u00a0 \u00a0 \u00a0Cluiche Leathcheannais Chraobh Sinsear Peile Laighean 1997 \u00a0 Deis eile an athimirt ar Chluiche Leathcheannais Chraobh Sinsear Peile Laighean in 1997 a fheice\u00e1il idir Cill Dara agus An Mh\u00ed ar Ph\u00e1irc an Chr\u00f3caigh. Bh\u00ed \u00c1th Cliath buailte [&hellip;]\" \/>\n<meta property=\"og:url\" content=\"https:\/\/dev.tg4.ie\/ga\/eolas\/preas\/nuacht-raitis\/2020-2\/all-ireland-gold-cluichi-ar-tg4-i-mi-bealtaine\/\" \/>\n<meta property=\"og:site_name\" content=\"TG4\" \/>\n<meta property=\"article:publisher\" content=\"https:\/\/www.facebook.com\/TG4TV\" \/>\n<meta property=\"article:modified_time\" content=\"2020-04-16T15:43:56+00:00\" \/>\n<meta property=\"og:image\" content=\"https:\/\/tg4-docs.s3.amazonaws.com\/tg4-redesign-2015\/wp-content\/uploads\/2020\/04\/AIG_Bealtaine.jpg\" \/>\n\t<meta property=\"og:image:width\" content=\"1920\" \/>\n\t<meta property=\"og:image:height\" content=\"1080\" \/>\n\t<meta property=\"og:image:type\" content=\"image\/jpeg\" \/>\n<meta name=\"twitter:card\" content=\"summary_large_image\" \/>\n<meta name=\"twitter:image\" content=\"https:\/\/tg4-docs.s3.amazonaws.com\/tg4-redesign-2015\/wp-content\/uploads\/2020\/04\/AIG_Bealtaine.jpg\" \/>\n<meta name=\"twitter:site\" content=\"@TG4TV\" \/>\n<meta name=\"twitter:label1\" content=\"Est. reading time\" \/>\n\t<meta name=\"twitter:data1\" content=\"4 minutes\" \/>\n<script type=\"application\/ld+json\" class=\"yoast-schema-graph\">{\"@context\":\"https:\/\/schema.org\",\"@graph\":[{\"@type\":\"WebPage\",\"@id\":\"https:\/\/dev.tg4.ie\/ga\/eolas\/preas\/nuacht-raitis\/2020-2\/all-ireland-gold-cluichi-ar-tg4-i-mi-bealtaine\/\",\"url\":\"https:\/\/dev.tg4.ie\/ga\/eolas\/preas\/nuacht-raitis\/2020-2\/all-ireland-gold-cluichi-ar-tg4-i-mi-bealtaine\/\",\"name\":\"All Ireland Gold - Cluich\u00ed ar TG4 i m\u00ed Bealtaine | Preas R\u00e1iteas | TG4\",\"isPartOf\":{\"@id\":\"https:\/\/dev.tg4.ie\/en\/#website\"},\"primaryImageOfPage\":{\"@id\":\"https:\/\/dev.tg4.ie\/ga\/eolas\/preas\/nuacht-raitis\/2020-2\/all-ireland-gold-cluichi-ar-tg4-i-mi-bealtaine\/#primaryimage\"},\"image\":{\"@id\":\"https:\/\/dev.tg4.ie\/ga\/eolas\/preas\/nuacht-raitis\/2020-2\/all-ireland-gold-cluichi-ar-tg4-i-mi-bealtaine\/#primaryimage\"},\"thumbnailUrl\":\"https:\/\/dev.tg4.ie\/wp-content\/uploads\/2020\/04\/AIG_Bealtaine.jpg\",\"datePublished\":\"2020-04-16T10:55:01+00:00\",\"dateModified\":\"2020-04-16T15:43:56+00:00\",\"breadcrumb\":{\"@id\":\"https:\/\/dev.tg4.ie\/ga\/eolas\/preas\/nuacht-raitis\/2020-2\/all-ireland-gold-cluichi-ar-tg4-i-mi-bealtaine\/#breadcrumb\"},\"inLanguage\":\"ga\",\"potentialAction\":[{\"@type\":\"ReadAction\",\"target\":[\"https:\/\/dev.tg4.ie\/ga\/eolas\/preas\/nuacht-raitis\/2020-2\/all-ireland-gold-cluichi-ar-tg4-i-mi-bealtaine\/\"]}]},{\"@type\":\"ImageObject\",\"inLanguage\":\"ga\",\"@id\":\"https:\/\/dev.tg4.ie\/ga\/eolas\/preas\/nuacht-raitis\/2020-2\/all-ireland-gold-cluichi-ar-tg4-i-mi-bealtaine\/#primaryimage\",\"url\":\"https:\/\/dev.tg4.ie\/wp-content\/uploads\/2020\/04\/AIG_Bealtaine.jpg\",\"contentUrl\":\"https:\/\/dev.tg4.ie\/wp-content\/uploads\/2020\/04\/AIG_Bealtaine.jpg\"},{\"@type\":\"BreadcrumbList\",\"@id\":\"https:\/\/dev.tg4.ie\/ga\/eolas\/preas\/nuacht-raitis\/2020-2\/all-ireland-gold-cluichi-ar-tg4-i-mi-bealtaine\/#breadcrumb\",\"itemListElement\":[{\"@type\":\"ListItem\",\"position\":1,\"name\":\"Home\",\"item\":\"https:\/\/dev.tg4.ie\/ga\/\"},{\"@type\":\"ListItem\",\"position\":2,\"name\":\"Eolas\",\"item\":\"https:\/\/dev.tg4.ie\/ga\/eolas\/\"},{\"@type\":\"ListItem\",\"position\":3,\"name\":\"Preas\",\"item\":\"https:\/\/dev.tg4.ie\/ga\/eolas\/preas\/\"},{\"@type\":\"ListItem\",\"position\":4,\"name\":\"Nuacht R\u00e1itis\",\"item\":\"https:\/\/dev.tg4.ie\/ga\/eolas\/preas\/nuacht-raitis\/\"},{\"@type\":\"ListItem\",\"position\":5,\"name\":\"2020\",\"item\":\"https:\/\/dev.tg4.ie\/ga\/eolas\/preas\/nuacht-raitis\/2020-2\/\"},{\"@type\":\"ListItem\",\"position\":6,\"name\":\"All Ireland Gold &#8211; Cluich\u00ed ar TG4 i m\u00ed Bealtaine\"}]},{\"@type\":\"WebSite\",\"@id\":\"https:\/\/dev.tg4.ie\/en\/#website\",\"url\":\"https:\/\/dev.tg4.ie\/en\/\",\"name\":\"TG4\",\"description\":\"S\u00fail Eile\",\"potentialAction\":[{\"@type\":\"SearchAction\",\"target\":{\"@type\":\"EntryPoint\",\"urlTemplate\":\"https:\/\/dev.tg4.ie\/en\/?s={search_term_string}\"},\"query-input\":\"required name=search_term_string\"}],\"inLanguage\":\"ga\"}]}<\/script>\n<!-- \/ Yoast SEO plugin. -->","yoast_head_json":{"title":"All Ireland Gold - Cluich\u00ed ar TG4 i m\u00ed Bealtaine | Preas R\u00e1iteas | TG4","robots":{"index":"index","follow":"follow","max-snippet":"max-snippet:-1","max-image-preview":"max-image-preview:large","max-video-preview":"max-video-preview:-1"},"og_locale":"en_US","og_type":"article","og_title":"All Ireland Gold - Cluich\u00ed ar TG4 i m\u00ed Bealtaine | Preas R\u00e1iteas | TG4","og_description":"Blais\u00edn: &nbsp; #AllIrelandGold &nbsp; &nbsp; D\u00e9 Domhnaigh an 3 Bealtaine 14:25\u00a0\u00a0 \u00a0 \u00a0 \u00a0 \u00a0 \u00a0 \u00a0 \u00a0 \u00a0Cluiche Leathcheannais Chraobh Sinsear Peile Laighean 1997 \u00a0 Deis eile an athimirt ar Chluiche Leathcheannais Chraobh Sinsear Peile Laighean in 1997 a fheice\u00e1il idir Cill Dara agus An Mh\u00ed ar Ph\u00e1irc an Chr\u00f3caigh. Bh\u00ed \u00c1th Cliath buailte [&hellip;]","og_url":"https:\/\/dev.tg4.ie\/ga\/eolas\/preas\/nuacht-raitis\/2020-2\/all-ireland-gold-cluichi-ar-tg4-i-mi-bealtaine\/","og_site_name":"TG4","article_publisher":"https:\/\/www.facebook.com\/TG4TV","article_modified_time":"2020-04-16T15:43:56+00:00","og_image":[{"width":1920,"height":1080,"url":"https:\/\/tg4-docs.s3.amazonaws.com\/tg4-redesign-2015\/wp-content\/uploads\/2020\/04\/AIG_Bealtaine.jpg","type":"image\/jpeg"}],"twitter_card":"summary_large_image","twitter_image":"https:\/\/tg4-docs.s3.amazonaws.com\/tg4-redesign-2015\/wp-content\/uploads\/2020\/04\/AIG_Bealtaine.jpg","twitter_site":"@TG4TV","twitter_misc":{"Est. reading time":"4 minutes"},"schema":{"@context":"https:\/\/schema.org","@graph":[{"@type":"WebPage","@id":"https:\/\/dev.tg4.ie\/ga\/eolas\/preas\/nuacht-raitis\/2020-2\/all-ireland-gold-cluichi-ar-tg4-i-mi-bealtaine\/","url":"https:\/\/dev.tg4.ie\/ga\/eolas\/preas\/nuacht-raitis\/2020-2\/all-ireland-gold-cluichi-ar-tg4-i-mi-bealtaine\/","name":"All Ireland Gold - Cluich\u00ed ar TG4 i m\u00ed Bealtaine | Preas R\u00e1iteas | TG4","isPartOf":{"@id":"https:\/\/dev.tg4.ie\/en\/#website"},"primaryImageOfPage":{"@id":"https:\/\/dev.tg4.ie\/ga\/eolas\/preas\/nuacht-raitis\/2020-2\/all-ireland-gold-cluichi-ar-tg4-i-mi-bealtaine\/#primaryimage"},"image":{"@id":"https:\/\/dev.tg4.ie\/ga\/eolas\/preas\/nuacht-raitis\/2020-2\/all-ireland-gold-cluichi-ar-tg4-i-mi-bealtaine\/#primaryimage"},"thumbnailUrl":"https:\/\/dev.tg4.ie\/wp-content\/uploads\/2020\/04\/AIG_Bealtaine.jpg","datePublished":"2020-04-16T10:55:01+00:00","dateModified":"2020-04-16T15:43:56+00:00","breadcrumb":{"@id":"https:\/\/dev.tg4.ie\/ga\/eolas\/preas\/nuacht-raitis\/2020-2\/all-ireland-gold-cluichi-ar-tg4-i-mi-bealtaine\/#breadcrumb"},"inLanguage":"ga","potentialAction":[{"@type":"ReadAction","target":["https:\/\/dev.tg4.ie\/ga\/eolas\/preas\/nuacht-raitis\/2020-2\/all-ireland-gold-cluichi-ar-tg4-i-mi-bealtaine\/"]}]},{"@type":"ImageObject","inLanguage":"ga","@id":"https:\/\/dev.tg4.ie\/ga\/eolas\/preas\/nuacht-raitis\/2020-2\/all-ireland-gold-cluichi-ar-tg4-i-mi-bealtaine\/#primaryimage","url":"https:\/\/dev.tg4.ie\/wp-content\/uploads\/2020\/04\/AIG_Bealtaine.jpg","contentUrl":"https:\/\/dev.tg4.ie\/wp-content\/uploads\/2020\/04\/AIG_Bealtaine.jpg"},{"@type":"BreadcrumbList","@id":"https:\/\/dev.tg4.ie\/ga\/eolas\/preas\/nuacht-raitis\/2020-2\/all-ireland-gold-cluichi-ar-tg4-i-mi-bealtaine\/#breadcrumb","itemListElement":[{"@type":"ListItem","position":1,"name":"Home","item":"https:\/\/dev.tg4.ie\/ga\/"},{"@type":"ListItem","position":2,"name":"Eolas","item":"https:\/\/dev.tg4.ie\/ga\/eolas\/"},{"@type":"ListItem","position":3,"name":"Preas","item":"https:\/\/dev.tg4.ie\/ga\/eolas\/preas\/"},{"@type":"ListItem","position":4,"name":"Nuacht R\u00e1itis","item":"https:\/\/dev.tg4.ie\/ga\/eolas\/preas\/nuacht-raitis\/"},{"@type":"ListItem","position":5,"name":"2020","item":"https:\/\/dev.tg4.ie\/ga\/eolas\/preas\/nuacht-raitis\/2020-2\/"},{"@type":"ListItem","position":6,"name":"All Ireland Gold &#8211; Cluich\u00ed ar TG4 i m\u00ed Bealtaine"}]},{"@type":"WebSite","@id":"https:\/\/dev.tg4.ie\/en\/#website","url":"https:\/\/dev.tg4.ie\/en\/","name":"TG4","description":"S\u00fail Eile","potentialAction":[{"@type":"SearchAction","target":{"@type":"EntryPoint","urlTemplate":"https:\/\/dev.tg4.ie\/en\/?s={search_term_string}"},"query-input":"required name=search_term_string"}],"inLanguage":"ga"}]}},"_links":{"self":[{"href":"https:\/\/dev.tg4.ie\/ga\/wp-json\/wp\/v2\/pages\/112740"}],"collection":[{"href":"https:\/\/dev.tg4.ie\/ga\/wp-json\/wp\/v2\/pages"}],"about":[{"href":"https:\/\/dev.tg4.ie\/ga\/wp-json\/wp\/v2\/types\/page"}],"author":[{"embeddable":true,"href":"https:\/\/dev.tg4.ie\/ga\/wp-json\/wp\/v2\/users\/876"}],"replies":[{"embeddable":true,"href":"https:\/\/dev.tg4.ie\/ga\/wp-json\/wp\/v2\/comments?post=112740"}],"version-history":[{"count":0,"href":"https:\/\/dev.tg4.ie\/ga\/wp-json\/wp\/v2\/pages\/112740\/revisions"}],"up":[{"embeddable":true,"href":"https:\/\/dev.tg4.ie\/ga\/wp-json\/wp\/v2\/pages\/111525"}],"wp:attachment":[{"href":"https:\/\/dev.tg4.ie\/ga\/wp-json\/wp\/v2\/media?parent=112740"}],"curies":[{"name":"wp","href":"https:\/\/api.w.org\/{rel}","templated":true}]}}