{"id":112801,"date":"2020-04-23T13:15:13","date_gmt":"2020-04-23T12:15:13","guid":{"rendered":"https:\/\/dev.tg4.ie\/?page_id=112801"},"modified":"2020-04-23T13:15:13","modified_gmt":"2020-04-23T12:15:13","slug":"fograionn-tg4-tri-bhabhta-eile-coimisiunaithe","status":"publish","type":"page","link":"https:\/\/dev.tg4.ie\/ga\/eolas\/preas\/nuacht-raitis\/2020-2\/fograionn-tg4-tri-bhabhta-eile-coimisiunaithe\/","title":{"rendered":"F\u00f3gra\u00edonn TG4 tr\u00ed bhabhta eile coimisi\u00fanaithe don Earn\u00e1il Neamhsple\u00e1ch L\u00e9iri\u00fach\u00e1in"},"content":{"rendered":"<p><img loading=\"lazy\" decoding=\"async\" width=\"1920\" height=\"1080\" class=\"aligncenter size-full wp-image-112805\" src=\"https:\/\/tg4-docs.s3.amazonaws.com\/tg4-redesign-2015\/wp-content\/uploads\/2020\/04\/Caitriona_Ar_Scoil.jpg\" alt=\"\" srcset=\"https:\/\/tg4-docs.s3.amazonaws.com\/tg4-redesign-2015\/wp-content\/uploads\/2020\/04\/Caitriona_Ar_Scoil.jpg 1920w, https:\/\/tg4-docs.s3.amazonaws.com\/tg4-redesign-2015\/wp-content\/uploads\/2020\/04\/Caitriona_Ar_Scoil-250x141.jpg 250w, https:\/\/tg4-docs.s3.amazonaws.com\/tg4-redesign-2015\/wp-content\/uploads\/2020\/04\/Caitriona_Ar_Scoil-700x394.jpg 700w, https:\/\/tg4-docs.s3.amazonaws.com\/tg4-redesign-2015\/wp-content\/uploads\/2020\/04\/Caitriona_Ar_Scoil-252x141.jpg 252w, https:\/\/tg4-docs.s3.amazonaws.com\/tg4-redesign-2015\/wp-content\/uploads\/2020\/04\/Caitriona_Ar_Scoil-1536x864.jpg 1536w, https:\/\/tg4-docs.s3.amazonaws.com\/tg4-redesign-2015\/wp-content\/uploads\/2020\/04\/Caitriona_Ar_Scoil-120x68.jpg 120w\" sizes=\"(max-width: 1920px) 100vw, 1920px\" \/><br \/>\n&nbsp;<br \/>\nTr\u00ed bhabhta eile coimisi\u00fanaithe d&#8217;Earn\u00e1il na L\u00e9iri\u00fach\u00e1n Neamhsple\u00e1ch f\u00f3gartha ag TG4 chun tac\u00fa leis an earn\u00e1il closamhairc le linn gh\u00e9arch\u00e9im Covid-19.\u00a0Is f\u00e9idir tuilleadh eolais a fh\u00e1il anseo:<br \/>\n<strong><a href=\"https:\/\/dev.tg4.ie\/en\/commissioning\/commissioning\/\" rel=\"noopener noreferrer\" target=\"_blank\">https:\/\/dev.tg4.ie\/en\/commissioning\/commissioning\/<\/a><\/strong><br \/>\n&nbsp;<\/p>\n<p><strong>Babhta Forbartha Cl\u00e1r<\/strong><strong><br \/>\n<\/strong>F\u00e1ilteoidh TG4 roimh iarratais \u00f3 Earn\u00e1il na L\u00e9iri\u00fach\u00e1n Neamhsple\u00e1ch chun tionscadail a fhorbairt do na babhta\u00ed maoini\u00fach\u00e1in n\u00e1isi\u00fanta agus idirn\u00e1isi\u00fanta a bheidh ann go luath mar Sc\u00e9im F\u00eds agus Fuaim an BAI, an Ciste Craolt\u00f3ireachta Gaeilge, an Ciste Idirn\u00e1isi\u00fanta Ceilteach, cist\u00ed EBU agus\/n\u00f3 deiseanna comhl\u00e9irithe a d&#8217;fh\u00e9adfadh a bheith ann.<br \/>\n&nbsp;<\/p>\n<p><strong>&#8216;Pota Ollsol\u00e1thair Ilbhliant\u00fail&#8217; Breise<\/strong><br \/>\nT\u00e1 pota ollsol\u00e1thair ilbhliant\u00fail breise ar fi\u00fa \u20ac400,000 in aghaidh na bliana \u00e9 ar feadh ceithre bliana f\u00f3gartha.\u00a0 \u00a0T\u00e1 iarratais \u00e1 lorg ar cheann de na se\u00e1nra\u00ed seo a leanas; F\u00edorasach, Stair Fh\u00edorasach, Siamsa\u00edocht Fh\u00edorasach, agus Siamsa\u00edocht Cheoil Thraidisi\u00fanta.<br \/>\n&nbsp;<\/p>\n<p><strong>Cine 4 &#8211; An C\u00faigi\u00fa Babhta<\/strong><br \/>\nT\u00e1 an 5\u00fa babhta den sc\u00e9im rath\u00fail &#8216;Cine4&#8217; f\u00f3gartha. Tionscnamh idir TG4, F\u00eds \u00c9ireann agus \u00dadar\u00e1s Craolach\u00e1in na h\u00c9ireann \u00e9 &#8216;Cine4&#8217; chun fadscann\u00e1in Ghaeilge bhunaidh a fhorbairt.\u00a0Spreagann &#8216;Cine4&#8217; dea-sc\u00e9ala\u00edocht, cumas f\u00edsi\u00fail agus ardluachanna l\u00e9iri\u00fach\u00e1in at\u00e1 oiri\u00fanach don sc\u00e1ile\u00e1n m\u00f3r. T\u00e1 ocht gcinn d&#8217;fhadscann\u00e1in Ghaeilge coimisi\u00fanaithe agus forbartha go dt\u00ed seo.\u00a0 Taispe\u00e1nadh &#8216;Arracht&#8217; agus &#8216;Finky&#8217;, an ch\u00e9ad d\u00e1 scann\u00e1n a ndearnadh iad a l\u00e9iri\u00fa faoin sc\u00e9im, ag f\u00e9ilte idirn\u00e1isi\u00fanta scann\u00e1n le roinnt m\u00edonna anuas.\u00a0 Bronnadh an Scann\u00e1n \u00c9ireannach is Fearr ar Arracht ag F\u00e9ile Idirn\u00e1isi\u00fanta Scann\u00e1n Virgin Media Bhaile \u00c1tha Cliath i m\u00ed M\u00e1rta.<br \/>\n&nbsp;<\/p>\n<p>D\u00e9antar na babhta\u00ed nua at\u00e1 f\u00f3gartha inniu a fh\u00f3gairt i ndiaidh dh\u00e1 ghlao eile ar iarratais a rinne TG4 in Aibre\u00e1n.\u00a0\u00a0D&#8217;fh\u00f3gair TG4 babhta coimisi\u00fanaithe i m\u00ed Aibre\u00e1in mar thoradh ar shrianta Covid-19 ar an earn\u00e1il, inar lorga\u00edodh smaointe ar \u00e1bhar ag freagairt don gh\u00e9arch\u00e9im chomh maith le smaointe ar thionscadail a d&#8217;fh\u00e9adfa\u00ed a fhorbairt le linn na tr\u00e9imhse seo. \u00a0 Chuir l\u00e9iritheoir\u00ed f\u00e1ilte mh\u00f3r roimh an mbabhta agus cuireadh l\u00edon m\u00f3r iarratas ar aghaidh.\u00a0 Tion\u00f3ladh babhta coimisi\u00fanaithe teoranta ar leith le haghaidh cl\u00e1r scoileanna TG4 mar gheall ar iarrata\u00ed a rinne tuismitheoir\u00ed agus gr\u00fapa\u00ed sp\u00e9ise ar fud na t\u00edre sraith shonrach oideachais do leana\u00ed at\u00e1 ag freastal ar Ghaelscoileanna agus ar Scoileanna sa Ghaeltacht a chur ar f\u00e1il. Ba \u00e9 &#8216;C\u00fala4 ar Scoil&#8217; an toradh a bh\u00ed ar an mbabhta sin agus tosa\u00edodh \u00e1 chraoladh D\u00e9 Luain seo caite an 20 Aibre\u00e1n. Leanfar den chl\u00e1r a chraoladh c\u00faig l\u00e1 sa tseachtain go dt\u00ed go bhfillfidh na leana\u00ed ar an scoil.<br \/>\n&nbsp;<\/p>\n<p>D&#8217;fh\u00f3gair Ciste Craolt\u00f3ireachta Gaeilge Sc\u00e1ile\u00e1n Thuaisceart \u00c9ireann (ILBF) na cinnt\u00ed maoini\u00fach\u00e1in is d\u00e9ana\u00ed at\u00e1 d\u00e9anta acu an tseachtain seo chomh maith. Bronnadh maoini\u00fa ar fud r\u00e9imse leathan se\u00e1nra\u00ed d&#8217;\u00e1bhar teilif\u00edse agus ar l\u00edne agus d&#8217;\u00e9irigh le 11 togra le TG4 as an 16 thogra ar fad a raibh iarratas d\u00e9anta acu maoini\u00fa a fh\u00e1il.\u00a0 Is \u00e9 an aidhm at\u00e1 leis an ILBF l\u00e9iri\u00fa agus craoladh \u00e1bhair Gaeilge ar ardchaighde\u00e1n a chur chun cinn don lucht f\u00e9achana i dTuaisceart \u00c9ireann agus n\u00edos faide i gc\u00e9in chomh maith le cuidi\u00fa an earn\u00e1il l\u00e9iri\u00fach\u00e1in Gaeilge i dTuaisceart \u00c9ireann a fh\u00e1s.<\/p>\n<p>&nbsp;<\/p>\n<p>D\u00fairt Alan Esslemont, Ard-Sti\u00farth\u00f3ir TG4:\u00a0<span>\u00a0<\/span><em>&#8220;Mar thaca\u00edocht d\u00f3ibh sin go l\u00e9ir at\u00e1 ag troid i gcoinne COVID-19, t\u00e1 gach l\u00e9iri\u00fa cl\u00e1r nach bhfuil riachtanach curtha ar fionra\u00ed ag TG4 agus t\u00e1 d\u00e9anta cinnte againn go nd\u00e9antar cl\u00e1ir riachtanacha lena n-\u00e1ir\u00edtear &#8216;Nuacht TG4&#8217; (Nuacht) agus &#8216;C\u00fala4 ar Scoil&#8217; (Oideachas) a l\u00e9iri\u00fa ar bhealach sl\u00e1n s\u00e1bh\u00e1ilte.\u00a0Tuigimid go maith go bhfuil tionchar ollmh\u00f3r ag l\u00e9iri\u00fach\u00e1in a bheith curtha ar fionra\u00ed ar earn\u00e1il an sc\u00e1ile\u00e1in chruthaithigh in \u00c9irinn agus i dTuaisceart \u00c9ireann agus go mb\u00edonn an tr\u00ed\u00fa cuid den earn\u00e1il sin ag obair go rialta le TG4.\u00a0D\u00e1 bhr\u00ed sin, chun go mbeifear \u00e1balta an geilleagar sc\u00e1ile\u00e1in neamhsple\u00e1ch a choinne\u00e1il ag imeacht, t\u00e1 TG4 ag cur rafta de bhearta dl\u00fathph\u00e1irt\u00edochta ar fi\u00fa \u20ac3m ar a laghad iad i bhfeidhm.\u00a0\u00c1ir\u00edtear orthu sin babhta\u00ed forbartha le haghaidh cl\u00e1racha teilif\u00edse agus fadscann\u00e1n, cearta a cheannach ar ais agus \u00e1bhar fadfoirme agus gearrfhoirme a choimisi\u00fan\u00fa ar f\u00e9idir \u00e9 a l\u00e9iri\u00fa go s\u00e1bh\u00e1ilte.\u00a0 T\u00e1im thar a bheith bu\u00edoch d&#8217;fhoireann coimisi\u00fanaithe go l\u00e9ir TG4 agus do na l\u00e9iritheoir\u00ed neamhsple\u00e1cha ar fad as an tsl\u00ed a bhfuil oibrithe acu le ch\u00e9ile f\u00e9achaint le tionchar geilleagrach COVID-19 a laghd\u00fa, agus an bh\u00e9im a choinne\u00e1il ar an lucht f\u00e9achana a bhfuil, in am seo na h\u00e9igeand\u00e1la, craolt\u00f3ireacht seirbh\u00edse poibl\u00ed n\u00edos t\u00e1bhachta\u00ed n\u00e1 riamh.&#8221;<\/em><br \/>\n&nbsp;<\/p>\n<p>T\u00e1 f\u00e1s agus forbairt earn\u00e1il na L\u00e9iri\u00fach\u00e1n Neamhsple\u00e1ch chomh maith le fosta\u00edocht ar ardchaighde\u00e1n a choinne\u00e1il ag cro\u00edl\u00e1r strait\u00e9is TG4. T\u00e9ann breis is 77% de mhaoini\u00fa an chain\u00e9il i dtreo chl\u00e1racha Gaeilge.\u00a0 Is ionann infheist\u00edocht TG4 sna deiseanna nua coimisi\u00fanaithe seo chomh maith le lean\u00faint de na pota\u00ed ollsol\u00e1thair ilbhliant\u00fala seo agus infheist\u00edocht \u20ac23.4 milli\u00fan in Earn\u00e1il na L\u00e9iri\u00fach\u00e1n Neamhsple\u00e1ch.\u00a0 T\u00e1 tionchar m\u00f3r imeartha ag treoirl\u00ednte an Rialtais agus an FSS le linn gh\u00e9arch\u00e9im Covid-19 ar an earn\u00e1il neamhsple\u00e1ch closamhairc, mar at\u00e1 ar earn\u00e1lacha eile chomh maith.\u00a0 T\u00e1 TG4 ag obair i gcomhar le cuideachta\u00ed chun lean\u00fanachas fosta\u00edochta a choinne\u00e1il agus chun treoir agus maoini\u00fa a chur ar f\u00e1il le linn na g\u00e9arch\u00e9ime seo.\u00a0 Cuideoidh na bearta nua at\u00e1 f\u00f3gartha inniu a chinnti\u00fa go mbeidh an earn\u00e1il sl\u00e1n faoi l\u00e1thair agus chun go mbeidh s\u00ed r\u00e9idh don tr\u00e9imhse t\u00e9arnaimh, nuair a thos\u00f3idh s\u00ed.<br \/>\n&nbsp;<\/p>\n<p>T\u00e1 TG4 ag aimsi\u00fa deiseanna oili\u00fana at\u00e1 chun sochair don earn\u00e1il chomh maith, d&#8217;fhonn lean\u00faint de scileanna agus daoine cumasacha a fhorbairt, agus t\u00e1thar ag iarraidh comhlachta\u00ed l\u00e9iri\u00fach\u00e1in a spreagadh le leas a bhaint as go leor de na c\u00farsa\u00ed oili\u00fana saor in aisce at\u00e1 \u00e1 gcur ar f\u00e1il ag Screen Skills Ireland agus Gr\u00e9as\u00e1n na Me\u00e1n.<\/p>\n<p>&nbsp;<\/p>\n<p>T\u00e1 pota\u00ed ollsol\u00e1thair ilbhliant\u00fala ag TG4 faoi l\u00e1thair le s\u00e9 cinn d\u00e9ag de chuideachta\u00ed l\u00e9iri\u00fach\u00e1in a mbeidh deireadh leo sa bhliain 2021.\u00a0 F\u00f3gr\u00f3far pota nua ilbhliant\u00fail ollsol\u00e1thair n\u00edos d\u00e9ana\u00ed i mbliana, don tr\u00e9imhse 2022 &#8211; 2026.<br \/>\n&nbsp;<\/p>\n<p><strong>Tuilleadh eolais faoi na Babhta\u00ed Coimisi\u00fanaithe:\u00a0<\/strong><br \/>\nMary Ellen N\u00ed Chual\u00e1in<br \/>\nBainisteoir Coimisi\u00fanaithe<br \/>\n<a href=\"mailto:maryellen.ni.chualain@dev.tg4.ie\" rel=\"noopener noreferrer\" target=\"_blank\">maryellen.ni.chualain@dev.tg4.ie<\/a><\/p>\n<p>&nbsp;<\/p>\n","protected":false},"excerpt":{"rendered":"<p>&nbsp; Tr\u00ed bhabhta eile coimisi\u00fanaithe d&#8217;Earn\u00e1il na L\u00e9iri\u00fach\u00e1n Neamhsple\u00e1ch f\u00f3gartha ag TG4 chun tac\u00fa leis an earn\u00e1il closamhairc le linn gh\u00e9arch\u00e9im Covid-19.\u00a0Is f\u00e9idir tuilleadh eolais a fh\u00e1il anseo: https:\/\/dev.tg4.ie\/en\/commissioning\/commissioning\/ &nbsp; Babhta Forbartha Cl\u00e1r F\u00e1ilteoidh TG4 roimh iarratais \u00f3 Earn\u00e1il na L\u00e9iri\u00fach\u00e1n Neamhsple\u00e1ch chun tionscadail a fhorbairt do na babhta\u00ed maoini\u00fach\u00e1in n\u00e1isi\u00fanta agus idirn\u00e1isi\u00fanta a bheidh [&hellip;]<\/p>\n","protected":false},"author":876,"featured_media":0,"parent":111525,"menu_order":15,"comment_status":"closed","ping_status":"closed","template":"page-templates\/template-pr.php","meta":{"_acf_changed":false,"footnotes":""},"acf":[],"yoast_head":"<!-- This site is optimized with the Yoast SEO plugin v22.6 - https:\/\/yoast.com\/wordpress\/plugins\/seo\/ -->\n<title>F\u00f3gra\u00edonn TG4 tr\u00ed bhabhta eile coimisi\u00fanaithe | Preas R\u00e1iteas | TG4<\/title>\n<meta name=\"robots\" content=\"index, follow, max-snippet:-1, max-image-preview:large, max-video-preview:-1\" \/>\n<meta property=\"og:locale\" content=\"en_US\" \/>\n<meta property=\"og:type\" content=\"article\" \/>\n<meta property=\"og:title\" content=\"F\u00f3gra\u00edonn TG4 tr\u00ed bhabhta eile coimisi\u00fanaithe | Preas R\u00e1iteas | TG4\" \/>\n<meta property=\"og:description\" content=\"&nbsp; Tr\u00ed bhabhta eile coimisi\u00fanaithe d&#8217;Earn\u00e1il na L\u00e9iri\u00fach\u00e1n Neamhsple\u00e1ch f\u00f3gartha ag TG4 chun tac\u00fa leis an earn\u00e1il closamhairc le linn gh\u00e9arch\u00e9im Covid-19.\u00a0Is f\u00e9idir tuilleadh eolais a fh\u00e1il anseo: https:\/\/dev.tg4.ie\/en\/commissioning\/commissioning\/ &nbsp; Babhta Forbartha Cl\u00e1r F\u00e1ilteoidh TG4 roimh iarratais \u00f3 Earn\u00e1il na L\u00e9iri\u00fach\u00e1n Neamhsple\u00e1ch chun tionscadail a fhorbairt do na babhta\u00ed maoini\u00fach\u00e1in n\u00e1isi\u00fanta agus idirn\u00e1isi\u00fanta a bheidh [&hellip;]\" \/>\n<meta property=\"og:url\" content=\"https:\/\/dev.tg4.ie\/ga\/eolas\/preas\/nuacht-raitis\/2020-2\/fograionn-tg4-tri-bhabhta-eile-coimisiunaithe\/\" \/>\n<meta property=\"og:site_name\" content=\"TG4\" \/>\n<meta property=\"article:publisher\" content=\"https:\/\/www.facebook.com\/TG4TV\" \/>\n<meta property=\"og:image\" content=\"https:\/\/tg4-docs.s3.amazonaws.com\/tg4-redesign-2015\/wp-content\/uploads\/2020\/04\/Caitriona_Ar_Scoil.jpg\" \/>\n\t<meta property=\"og:image:width\" content=\"1920\" \/>\n\t<meta property=\"og:image:height\" content=\"1080\" \/>\n\t<meta property=\"og:image:type\" content=\"image\/jpeg\" \/>\n<meta name=\"twitter:card\" content=\"summary_large_image\" \/>\n<meta name=\"twitter:image\" content=\"https:\/\/tg4-docs.s3.amazonaws.com\/tg4-redesign-2015\/wp-content\/uploads\/2020\/04\/Caitriona_Ar_Scoil.jpg\" \/>\n<meta name=\"twitter:site\" content=\"@TG4TV\" \/>\n<meta name=\"twitter:label1\" content=\"Est. reading time\" \/>\n\t<meta name=\"twitter:data1\" content=\"6 minutes\" \/>\n<script type=\"application\/ld+json\" class=\"yoast-schema-graph\">{\"@context\":\"https:\/\/schema.org\",\"@graph\":[{\"@type\":\"WebPage\",\"@id\":\"https:\/\/dev.tg4.ie\/ga\/eolas\/preas\/nuacht-raitis\/2020-2\/fograionn-tg4-tri-bhabhta-eile-coimisiunaithe\/\",\"url\":\"https:\/\/dev.tg4.ie\/ga\/eolas\/preas\/nuacht-raitis\/2020-2\/fograionn-tg4-tri-bhabhta-eile-coimisiunaithe\/\",\"name\":\"F\u00f3gra\u00edonn TG4 tr\u00ed bhabhta eile coimisi\u00fanaithe | Preas R\u00e1iteas | TG4\",\"isPartOf\":{\"@id\":\"https:\/\/dev.tg4.ie\/en\/#website\"},\"primaryImageOfPage\":{\"@id\":\"https:\/\/dev.tg4.ie\/ga\/eolas\/preas\/nuacht-raitis\/2020-2\/fograionn-tg4-tri-bhabhta-eile-coimisiunaithe\/#primaryimage\"},\"image\":{\"@id\":\"https:\/\/dev.tg4.ie\/ga\/eolas\/preas\/nuacht-raitis\/2020-2\/fograionn-tg4-tri-bhabhta-eile-coimisiunaithe\/#primaryimage\"},\"thumbnailUrl\":\"https:\/\/dev.tg4.ie\/wp-content\/uploads\/2020\/04\/Caitriona_Ar_Scoil.jpg\",\"datePublished\":\"2020-04-23T12:15:13+00:00\",\"dateModified\":\"2020-04-23T12:15:13+00:00\",\"breadcrumb\":{\"@id\":\"https:\/\/dev.tg4.ie\/ga\/eolas\/preas\/nuacht-raitis\/2020-2\/fograionn-tg4-tri-bhabhta-eile-coimisiunaithe\/#breadcrumb\"},\"inLanguage\":\"ga\",\"potentialAction\":[{\"@type\":\"ReadAction\",\"target\":[\"https:\/\/dev.tg4.ie\/ga\/eolas\/preas\/nuacht-raitis\/2020-2\/fograionn-tg4-tri-bhabhta-eile-coimisiunaithe\/\"]}]},{\"@type\":\"ImageObject\",\"inLanguage\":\"ga\",\"@id\":\"https:\/\/dev.tg4.ie\/ga\/eolas\/preas\/nuacht-raitis\/2020-2\/fograionn-tg4-tri-bhabhta-eile-coimisiunaithe\/#primaryimage\",\"url\":\"https:\/\/dev.tg4.ie\/wp-content\/uploads\/2020\/04\/Caitriona_Ar_Scoil.jpg\",\"contentUrl\":\"https:\/\/dev.tg4.ie\/wp-content\/uploads\/2020\/04\/Caitriona_Ar_Scoil.jpg\"},{\"@type\":\"BreadcrumbList\",\"@id\":\"https:\/\/dev.tg4.ie\/ga\/eolas\/preas\/nuacht-raitis\/2020-2\/fograionn-tg4-tri-bhabhta-eile-coimisiunaithe\/#breadcrumb\",\"itemListElement\":[{\"@type\":\"ListItem\",\"position\":1,\"name\":\"Home\",\"item\":\"https:\/\/dev.tg4.ie\/ga\/\"},{\"@type\":\"ListItem\",\"position\":2,\"name\":\"Eolas\",\"item\":\"https:\/\/dev.tg4.ie\/ga\/eolas\/\"},{\"@type\":\"ListItem\",\"position\":3,\"name\":\"Preas\",\"item\":\"https:\/\/dev.tg4.ie\/ga\/eolas\/preas\/\"},{\"@type\":\"ListItem\",\"position\":4,\"name\":\"Nuacht R\u00e1itis\",\"item\":\"https:\/\/dev.tg4.ie\/ga\/eolas\/preas\/nuacht-raitis\/\"},{\"@type\":\"ListItem\",\"position\":5,\"name\":\"2020\",\"item\":\"https:\/\/dev.tg4.ie\/ga\/eolas\/preas\/nuacht-raitis\/2020-2\/\"},{\"@type\":\"ListItem\",\"position\":6,\"name\":\"F\u00f3gra\u00edonn TG4 tr\u00ed bhabhta eile coimisi\u00fanaithe don Earn\u00e1il Neamhsple\u00e1ch L\u00e9iri\u00fach\u00e1in\"}]},{\"@type\":\"WebSite\",\"@id\":\"https:\/\/dev.tg4.ie\/en\/#website\",\"url\":\"https:\/\/dev.tg4.ie\/en\/\",\"name\":\"TG4\",\"description\":\"S\u00fail Eile\",\"potentialAction\":[{\"@type\":\"SearchAction\",\"target\":{\"@type\":\"EntryPoint\",\"urlTemplate\":\"https:\/\/dev.tg4.ie\/en\/?s={search_term_string}\"},\"query-input\":\"required name=search_term_string\"}],\"inLanguage\":\"ga\"}]}<\/script>\n<!-- \/ Yoast SEO plugin. -->","yoast_head_json":{"title":"F\u00f3gra\u00edonn TG4 tr\u00ed bhabhta eile coimisi\u00fanaithe | Preas R\u00e1iteas | TG4","robots":{"index":"index","follow":"follow","max-snippet":"max-snippet:-1","max-image-preview":"max-image-preview:large","max-video-preview":"max-video-preview:-1"},"og_locale":"en_US","og_type":"article","og_title":"F\u00f3gra\u00edonn TG4 tr\u00ed bhabhta eile coimisi\u00fanaithe | Preas R\u00e1iteas | TG4","og_description":"&nbsp; Tr\u00ed bhabhta eile coimisi\u00fanaithe d&#8217;Earn\u00e1il na L\u00e9iri\u00fach\u00e1n Neamhsple\u00e1ch f\u00f3gartha ag TG4 chun tac\u00fa leis an earn\u00e1il closamhairc le linn gh\u00e9arch\u00e9im Covid-19.\u00a0Is f\u00e9idir tuilleadh eolais a fh\u00e1il anseo: https:\/\/dev.tg4.ie\/en\/commissioning\/commissioning\/ &nbsp; Babhta Forbartha Cl\u00e1r F\u00e1ilteoidh TG4 roimh iarratais \u00f3 Earn\u00e1il na L\u00e9iri\u00fach\u00e1n Neamhsple\u00e1ch chun tionscadail a fhorbairt do na babhta\u00ed maoini\u00fach\u00e1in n\u00e1isi\u00fanta agus idirn\u00e1isi\u00fanta a bheidh [&hellip;]","og_url":"https:\/\/dev.tg4.ie\/ga\/eolas\/preas\/nuacht-raitis\/2020-2\/fograionn-tg4-tri-bhabhta-eile-coimisiunaithe\/","og_site_name":"TG4","article_publisher":"https:\/\/www.facebook.com\/TG4TV","og_image":[{"width":1920,"height":1080,"url":"https:\/\/tg4-docs.s3.amazonaws.com\/tg4-redesign-2015\/wp-content\/uploads\/2020\/04\/Caitriona_Ar_Scoil.jpg","type":"image\/jpeg"}],"twitter_card":"summary_large_image","twitter_image":"https:\/\/tg4-docs.s3.amazonaws.com\/tg4-redesign-2015\/wp-content\/uploads\/2020\/04\/Caitriona_Ar_Scoil.jpg","twitter_site":"@TG4TV","twitter_misc":{"Est. reading time":"6 minutes"},"schema":{"@context":"https:\/\/schema.org","@graph":[{"@type":"WebPage","@id":"https:\/\/dev.tg4.ie\/ga\/eolas\/preas\/nuacht-raitis\/2020-2\/fograionn-tg4-tri-bhabhta-eile-coimisiunaithe\/","url":"https:\/\/dev.tg4.ie\/ga\/eolas\/preas\/nuacht-raitis\/2020-2\/fograionn-tg4-tri-bhabhta-eile-coimisiunaithe\/","name":"F\u00f3gra\u00edonn TG4 tr\u00ed bhabhta eile coimisi\u00fanaithe | Preas R\u00e1iteas | TG4","isPartOf":{"@id":"https:\/\/dev.tg4.ie\/en\/#website"},"primaryImageOfPage":{"@id":"https:\/\/dev.tg4.ie\/ga\/eolas\/preas\/nuacht-raitis\/2020-2\/fograionn-tg4-tri-bhabhta-eile-coimisiunaithe\/#primaryimage"},"image":{"@id":"https:\/\/dev.tg4.ie\/ga\/eolas\/preas\/nuacht-raitis\/2020-2\/fograionn-tg4-tri-bhabhta-eile-coimisiunaithe\/#primaryimage"},"thumbnailUrl":"https:\/\/dev.tg4.ie\/wp-content\/uploads\/2020\/04\/Caitriona_Ar_Scoil.jpg","datePublished":"2020-04-23T12:15:13+00:00","dateModified":"2020-04-23T12:15:13+00:00","breadcrumb":{"@id":"https:\/\/dev.tg4.ie\/ga\/eolas\/preas\/nuacht-raitis\/2020-2\/fograionn-tg4-tri-bhabhta-eile-coimisiunaithe\/#breadcrumb"},"inLanguage":"ga","potentialAction":[{"@type":"ReadAction","target":["https:\/\/dev.tg4.ie\/ga\/eolas\/preas\/nuacht-raitis\/2020-2\/fograionn-tg4-tri-bhabhta-eile-coimisiunaithe\/"]}]},{"@type":"ImageObject","inLanguage":"ga","@id":"https:\/\/dev.tg4.ie\/ga\/eolas\/preas\/nuacht-raitis\/2020-2\/fograionn-tg4-tri-bhabhta-eile-coimisiunaithe\/#primaryimage","url":"https:\/\/dev.tg4.ie\/wp-content\/uploads\/2020\/04\/Caitriona_Ar_Scoil.jpg","contentUrl":"https:\/\/dev.tg4.ie\/wp-content\/uploads\/2020\/04\/Caitriona_Ar_Scoil.jpg"},{"@type":"BreadcrumbList","@id":"https:\/\/dev.tg4.ie\/ga\/eolas\/preas\/nuacht-raitis\/2020-2\/fograionn-tg4-tri-bhabhta-eile-coimisiunaithe\/#breadcrumb","itemListElement":[{"@type":"ListItem","position":1,"name":"Home","item":"https:\/\/dev.tg4.ie\/ga\/"},{"@type":"ListItem","position":2,"name":"Eolas","item":"https:\/\/dev.tg4.ie\/ga\/eolas\/"},{"@type":"ListItem","position":3,"name":"Preas","item":"https:\/\/dev.tg4.ie\/ga\/eolas\/preas\/"},{"@type":"ListItem","position":4,"name":"Nuacht R\u00e1itis","item":"https:\/\/dev.tg4.ie\/ga\/eolas\/preas\/nuacht-raitis\/"},{"@type":"ListItem","position":5,"name":"2020","item":"https:\/\/dev.tg4.ie\/ga\/eolas\/preas\/nuacht-raitis\/2020-2\/"},{"@type":"ListItem","position":6,"name":"F\u00f3gra\u00edonn TG4 tr\u00ed bhabhta eile coimisi\u00fanaithe don Earn\u00e1il Neamhsple\u00e1ch L\u00e9iri\u00fach\u00e1in"}]},{"@type":"WebSite","@id":"https:\/\/dev.tg4.ie\/en\/#website","url":"https:\/\/dev.tg4.ie\/en\/","name":"TG4","description":"S\u00fail Eile","potentialAction":[{"@type":"SearchAction","target":{"@type":"EntryPoint","urlTemplate":"https:\/\/dev.tg4.ie\/en\/?s={search_term_string}"},"query-input":"required name=search_term_string"}],"inLanguage":"ga"}]}},"_links":{"self":[{"href":"https:\/\/dev.tg4.ie\/ga\/wp-json\/wp\/v2\/pages\/112801"}],"collection":[{"href":"https:\/\/dev.tg4.ie\/ga\/wp-json\/wp\/v2\/pages"}],"about":[{"href":"https:\/\/dev.tg4.ie\/ga\/wp-json\/wp\/v2\/types\/page"}],"author":[{"embeddable":true,"href":"https:\/\/dev.tg4.ie\/ga\/wp-json\/wp\/v2\/users\/876"}],"replies":[{"embeddable":true,"href":"https:\/\/dev.tg4.ie\/ga\/wp-json\/wp\/v2\/comments?post=112801"}],"version-history":[{"count":0,"href":"https:\/\/dev.tg4.ie\/ga\/wp-json\/wp\/v2\/pages\/112801\/revisions"}],"up":[{"embeddable":true,"href":"https:\/\/dev.tg4.ie\/ga\/wp-json\/wp\/v2\/pages\/111525"}],"wp:attachment":[{"href":"https:\/\/dev.tg4.ie\/ga\/wp-json\/wp\/v2\/media?parent=112801"}],"curies":[{"name":"wp","href":"https:\/\/api.w.org\/{rel}","templated":true}]}}