{"id":112812,"date":"2020-04-23T13:04:36","date_gmt":"2020-04-23T12:04:36","guid":{"rendered":"https:\/\/dev.tg4.ie\/?page_id=112812"},"modified":"2020-04-23T13:04:36","modified_gmt":"2020-04-23T12:04:36","slug":"sraith-world-cup-gold-soccer-ag-tosu-ar-tg4","status":"publish","type":"page","link":"https:\/\/dev.tg4.ie\/ga\/eolas\/preas\/nuacht-raitis\/2020-2\/sraith-world-cup-gold-soccer-ag-tosu-ar-tg4\/","title":{"rendered":"Sraith World Cup Gold Soccer ag tos\u00fa ar TG4 agus seanchluich\u00ed den ch\u00e9ad scoth le craoladh \u00f3n gcartlann"},"content":{"rendered":"<p><img loading=\"lazy\" decoding=\"async\" width=\"1920\" height=\"1080\" src=\"https:\/\/tg4-docs.s3.amazonaws.com\/tg4-redesign-2015\/wp-content\/uploads\/2020\/04\/World_Cup_Gold-0105-IREvENG90_1920x1080.jpg\" alt=\"\" class=\"aligncenter size-full wp-image-112825\" srcset=\"https:\/\/tg4-docs.s3.amazonaws.com\/tg4-redesign-2015\/wp-content\/uploads\/2020\/04\/World_Cup_Gold-0105-IREvENG90_1920x1080.jpg 1920w, https:\/\/tg4-docs.s3.amazonaws.com\/tg4-redesign-2015\/wp-content\/uploads\/2020\/04\/World_Cup_Gold-0105-IREvENG90_1920x1080-250x141.jpg 250w, https:\/\/tg4-docs.s3.amazonaws.com\/tg4-redesign-2015\/wp-content\/uploads\/2020\/04\/World_Cup_Gold-0105-IREvENG90_1920x1080-700x394.jpg 700w, https:\/\/tg4-docs.s3.amazonaws.com\/tg4-redesign-2015\/wp-content\/uploads\/2020\/04\/World_Cup_Gold-0105-IREvENG90_1920x1080-252x141.jpg 252w, https:\/\/tg4-docs.s3.amazonaws.com\/tg4-redesign-2015\/wp-content\/uploads\/2020\/04\/World_Cup_Gold-0105-IREvENG90_1920x1080-1536x864.jpg 1536w, https:\/\/tg4-docs.s3.amazonaws.com\/tg4-redesign-2015\/wp-content\/uploads\/2020\/04\/World_Cup_Gold-0105-IREvENG90_1920x1080-120x68.jpg 120w\" sizes=\"(max-width: 1920px) 100vw, 1920px\" \/><br \/>\n&nbsp;<br \/>\nT\u00e1 s\u00e9 f\u00f3gartha ag TG4 go gcraolfaidh an st\u00e1isi\u00fan cluich\u00ed sacair den scoth \u00f3n gcartlann ag tos\u00fa le Corn Domhanda FIFA 1990.<\/p>\n<p>D\u00e9 hAoine an 1 Bealtaine ag an 7.30pm a chraolfar an ch\u00e9ad chluiche sa tsraith ar TG4, an cluiche idir Poblacht na h\u00c9ireann agus Sasana \u00f3 Chorn an Domhain &#8217;90 san Iod\u00e1il.<\/p>\n<p>Beidh lucht f\u00e9achana \u00e1balta s\u00fail siar a chaitheamh ar mar a d&#8217;\u00e9irigh le foireann Jack Charlton nuair a ghlac Poblacht na h\u00c9ireann p\u00e1irt i gCorn Domhanda FIFA den ch\u00e9ad uair riamh in 1990.<\/p>\n<p>I measc na gcluich\u00ed eile i sraith <em>World Cup Gold<\/em> beidh Poblacht na h\u00c9ireann v An Iod\u00e1il (Corn Domhanda FIFA 1994 sna St\u00e1it Aontaithe), cluich\u00ed na hAirgint\u00edne in aghaidh Shasana agus Iarthar na Gearm\u00e1ine i gCorn Domhanda FIFA i Meicsiceo in 1986.<\/p>\n<p>Gach tr\u00e1thn\u00f3na Aoine ag 7.30pm craolfar World Cup Gold ar TG4.<\/p>\n<p><span>\u00a0<\/span><\/p>\n<table>\n<tr>\n<td><strong>D\u00e1ta<\/strong><\/td>\n<td><strong>Cluiche<\/strong><\/td>\n<tr>\n<tr><\/tr>\n<tr>\n<td>D\u00e9 hAoine an 1 Bealtaine ag 7.30pm<\/td>\n<td><strong>Poblacht na h\u00c9ireann v Sasana<\/strong>,<br \/>\nCorn Domhanda FIFA 1990, Babhta na nGr\u00fapa\u00ed<br \/>\nIonad: Stadio Sant&#8217;Elia, Cagliari<\/td>\n<\/tr>\n<tr><\/tr>\n<tr>\n<td>D\u00e9 hAoine an 8 Bealtaine ag 7.30pm<\/td>\n<td><strong>Poblacht na h\u00c9ireann v An \u00cdsilt\u00edr<\/strong>,<br \/>\nCorn Domhanda FIFA 1990, Babhta na nGr\u00fapa\u00ed<br \/>\nIonad: Stadio La Favorita, Palermo<\/td>\n<\/tr>\n<tr><\/tr>\n<tr>\n<td>D\u00e9 hAoine an 15 Bealtaine ag 7.30pm<\/td>\n<td><strong>Poblacht na h\u00c9ireann v An R\u00f3m\u00e1in<\/strong>,<br \/>\nCorn Domhanda FIFA\u00a0 1990, An Dara Babhta<br \/>\nIonad: Stadio Luigi Ferraris, Genoa<\/td>\n<\/tr>\n<tr><\/tr>\n<tr>\n<td>D\u00e9 hAoine an 22 Bealtaine ag 7.30pm<\/td>\n<td><strong>Poblacht na h\u00c9ireann v An Iod\u00e1il<\/strong>,<br \/>\nCluiche Ceathr\u00fa Ceannais Chorn Domhanda FIFA 1990\u00a0<br \/>\nIonad: Stadio Olimpico, An R\u00f3imh<\/td>\n<\/tr>\n<tr><\/tr>\n<tr>\n<td>D\u00e9 hAoine an 29 Bealtaine ag 7.30pm<\/td>\n<td><strong>Poblacht na h\u00c9ireann v Tuaisceart na h\u00c9ireann<\/strong>,<br \/>\nBabhta C\u00e1ilithe Chorn Domhanda FIFA 1993,\u00a0<br \/>\nIonad: B\u00f3thar Lansd\u00fan<\/td>\n<\/tr>\n<tr><\/tr>\n<tr>\n<td>D\u00e9 hAoine an 5 Meitheamh ag 7.30pm<\/td>\n<td><strong>Poblacht na h\u00c9ireann v An Iod\u00e1il<\/strong>,<br \/>\nCorn Domhanda FIFA 1994, Babhta na nGr\u00fapa\u00ed<br \/>\nIonad: Giants Stadium, New Jersey<\/td>\n<\/tr>\n<tr><\/tr>\n<tr>\n<td>D\u00e9 hAoine an 12 Meitheamh ag 7.30pm<\/td>\n<td><strong>Tuaisceart na h\u00c9ireann v An Sp\u00e1inn<\/strong>,<br \/>\nCorn Domhanda FIFA 1982, Babhta na nGr\u00fapa\u00ed<br \/>\nIonad: Estadio Luis Casanova, Valencia<\/td>\n<\/tr>\n<tr><\/tr>\n<tr>\n<td>D\u00e9 hAoine an 19 Meitheamh ag 7.30pm<\/td>\n<td><strong>An Airgint\u00edn v Sasana<\/strong>,<br \/>\nCluiche Ceathr\u00fa Ceannais Chorn Domhanda FIFA 1986,<br \/>\nIonad: Estadio Azteca, Cathair Mheicsiceo<\/td>\n<\/tr>\n<tr><\/tr>\n<tr>\n<td>D\u00e9 hAoine an 26 Meitheamh ag 7.30pm<\/td>\n<td><strong>An Airgint\u00edn v Iarthar na Gearm\u00e1ine<\/strong>,<br \/>\nCluiche Ceannais Chorn Domhanda FIFA 1986,<br \/>\nIonad: Estadio Azteca, Cathair Mheicsiceo<\/td>\n<\/tr>\n<tr><\/tr>\n<\/table>\n<ul>\n<li>Deimhneofar tuilleadh cluich\u00ed i Meitheamh.<\/li>\n<\/ul>\n<p>&nbsp;<\/p>\n","protected":false},"excerpt":{"rendered":"<p>&nbsp; T\u00e1 s\u00e9 f\u00f3gartha ag TG4 go gcraolfaidh an st\u00e1isi\u00fan cluich\u00ed sacair den scoth \u00f3n gcartlann ag tos\u00fa le Corn Domhanda FIFA 1990. D\u00e9 hAoine an 1 Bealtaine ag an 7.30pm a chraolfar an ch\u00e9ad chluiche sa tsraith ar TG4, an cluiche idir Poblacht na h\u00c9ireann agus Sasana \u00f3 Chorn an Domhain &#8217;90 san Iod\u00e1il. [&hellip;]<\/p>\n","protected":false},"author":876,"featured_media":0,"parent":111525,"menu_order":16,"comment_status":"closed","ping_status":"closed","template":"page-templates\/template-pr.php","meta":{"_acf_changed":false,"footnotes":""},"acf":[],"yoast_head":"<!-- This site is optimized with the Yoast SEO plugin v22.6 - https:\/\/yoast.com\/wordpress\/plugins\/seo\/ -->\n<title>Sraith World Cup Gold Soccer ag tos\u00fa ar TG4 | Preas R\u00e1iteas | TG4<\/title>\n<meta name=\"robots\" content=\"index, follow, max-snippet:-1, max-image-preview:large, max-video-preview:-1\" \/>\n<meta property=\"og:locale\" content=\"en_US\" \/>\n<meta property=\"og:type\" content=\"article\" \/>\n<meta property=\"og:title\" content=\"Sraith World Cup Gold Soccer ag tos\u00fa ar TG4 | Preas R\u00e1iteas | TG4\" \/>\n<meta property=\"og:description\" content=\"&nbsp; T\u00e1 s\u00e9 f\u00f3gartha ag TG4 go gcraolfaidh an st\u00e1isi\u00fan cluich\u00ed sacair den scoth \u00f3n gcartlann ag tos\u00fa le Corn Domhanda FIFA 1990. D\u00e9 hAoine an 1 Bealtaine ag an 7.30pm a chraolfar an ch\u00e9ad chluiche sa tsraith ar TG4, an cluiche idir Poblacht na h\u00c9ireann agus Sasana \u00f3 Chorn an Domhain &#8217;90 san Iod\u00e1il. [&hellip;]\" \/>\n<meta property=\"og:url\" content=\"https:\/\/dev.tg4.ie\/ga\/eolas\/preas\/nuacht-raitis\/2020-2\/sraith-world-cup-gold-soccer-ag-tosu-ar-tg4\/\" \/>\n<meta property=\"og:site_name\" content=\"TG4\" \/>\n<meta property=\"article:publisher\" content=\"https:\/\/www.facebook.com\/TG4TV\" \/>\n<meta property=\"og:image\" content=\"https:\/\/tg4-docs.s3.amazonaws.com\/tg4-redesign-2015\/wp-content\/uploads\/2020\/04\/World_Cup_Gold-0105-IREvENG90_1920x1080.jpg\" \/>\n\t<meta property=\"og:image:width\" content=\"1920\" \/>\n\t<meta property=\"og:image:height\" content=\"1080\" \/>\n\t<meta property=\"og:image:type\" content=\"image\/jpeg\" \/>\n<meta name=\"twitter:card\" content=\"summary_large_image\" \/>\n<meta name=\"twitter:image\" content=\"https:\/\/tg4-docs.s3.amazonaws.com\/tg4-redesign-2015\/wp-content\/uploads\/2020\/04\/World_Cup_Gold-0105-IREvENG90_1920x1080.jpg\" \/>\n<meta name=\"twitter:site\" content=\"@TG4TV\" \/>\n<meta name=\"twitter:label1\" content=\"Est. reading time\" \/>\n\t<meta name=\"twitter:data1\" content=\"2 minutes\" \/>\n<script type=\"application\/ld+json\" class=\"yoast-schema-graph\">{\"@context\":\"https:\/\/schema.org\",\"@graph\":[{\"@type\":\"WebPage\",\"@id\":\"https:\/\/dev.tg4.ie\/ga\/eolas\/preas\/nuacht-raitis\/2020-2\/sraith-world-cup-gold-soccer-ag-tosu-ar-tg4\/\",\"url\":\"https:\/\/dev.tg4.ie\/ga\/eolas\/preas\/nuacht-raitis\/2020-2\/sraith-world-cup-gold-soccer-ag-tosu-ar-tg4\/\",\"name\":\"Sraith World Cup Gold Soccer ag tos\u00fa ar TG4 | Preas R\u00e1iteas | TG4\",\"isPartOf\":{\"@id\":\"https:\/\/dev.tg4.ie\/en\/#website\"},\"primaryImageOfPage\":{\"@id\":\"https:\/\/dev.tg4.ie\/ga\/eolas\/preas\/nuacht-raitis\/2020-2\/sraith-world-cup-gold-soccer-ag-tosu-ar-tg4\/#primaryimage\"},\"image\":{\"@id\":\"https:\/\/dev.tg4.ie\/ga\/eolas\/preas\/nuacht-raitis\/2020-2\/sraith-world-cup-gold-soccer-ag-tosu-ar-tg4\/#primaryimage\"},\"thumbnailUrl\":\"https:\/\/dev.tg4.ie\/wp-content\/uploads\/2020\/04\/World_Cup_Gold-0105-IREvENG90_1920x1080.jpg\",\"datePublished\":\"2020-04-23T12:04:36+00:00\",\"dateModified\":\"2020-04-23T12:04:36+00:00\",\"breadcrumb\":{\"@id\":\"https:\/\/dev.tg4.ie\/ga\/eolas\/preas\/nuacht-raitis\/2020-2\/sraith-world-cup-gold-soccer-ag-tosu-ar-tg4\/#breadcrumb\"},\"inLanguage\":\"ga\",\"potentialAction\":[{\"@type\":\"ReadAction\",\"target\":[\"https:\/\/dev.tg4.ie\/ga\/eolas\/preas\/nuacht-raitis\/2020-2\/sraith-world-cup-gold-soccer-ag-tosu-ar-tg4\/\"]}]},{\"@type\":\"ImageObject\",\"inLanguage\":\"ga\",\"@id\":\"https:\/\/dev.tg4.ie\/ga\/eolas\/preas\/nuacht-raitis\/2020-2\/sraith-world-cup-gold-soccer-ag-tosu-ar-tg4\/#primaryimage\",\"url\":\"https:\/\/dev.tg4.ie\/wp-content\/uploads\/2020\/04\/World_Cup_Gold-0105-IREvENG90_1920x1080.jpg\",\"contentUrl\":\"https:\/\/dev.tg4.ie\/wp-content\/uploads\/2020\/04\/World_Cup_Gold-0105-IREvENG90_1920x1080.jpg\"},{\"@type\":\"BreadcrumbList\",\"@id\":\"https:\/\/dev.tg4.ie\/ga\/eolas\/preas\/nuacht-raitis\/2020-2\/sraith-world-cup-gold-soccer-ag-tosu-ar-tg4\/#breadcrumb\",\"itemListElement\":[{\"@type\":\"ListItem\",\"position\":1,\"name\":\"Home\",\"item\":\"https:\/\/dev.tg4.ie\/ga\/\"},{\"@type\":\"ListItem\",\"position\":2,\"name\":\"Eolas\",\"item\":\"https:\/\/dev.tg4.ie\/ga\/eolas\/\"},{\"@type\":\"ListItem\",\"position\":3,\"name\":\"Preas\",\"item\":\"https:\/\/dev.tg4.ie\/ga\/eolas\/preas\/\"},{\"@type\":\"ListItem\",\"position\":4,\"name\":\"Nuacht R\u00e1itis\",\"item\":\"https:\/\/dev.tg4.ie\/ga\/eolas\/preas\/nuacht-raitis\/\"},{\"@type\":\"ListItem\",\"position\":5,\"name\":\"2020\",\"item\":\"https:\/\/dev.tg4.ie\/ga\/eolas\/preas\/nuacht-raitis\/2020-2\/\"},{\"@type\":\"ListItem\",\"position\":6,\"name\":\"Sraith World Cup Gold Soccer ag tos\u00fa ar TG4 agus seanchluich\u00ed den ch\u00e9ad scoth le craoladh \u00f3n gcartlann\"}]},{\"@type\":\"WebSite\",\"@id\":\"https:\/\/dev.tg4.ie\/en\/#website\",\"url\":\"https:\/\/dev.tg4.ie\/en\/\",\"name\":\"TG4\",\"description\":\"S\u00fail Eile\",\"potentialAction\":[{\"@type\":\"SearchAction\",\"target\":{\"@type\":\"EntryPoint\",\"urlTemplate\":\"https:\/\/dev.tg4.ie\/en\/?s={search_term_string}\"},\"query-input\":\"required name=search_term_string\"}],\"inLanguage\":\"ga\"}]}<\/script>\n<!-- \/ Yoast SEO plugin. -->","yoast_head_json":{"title":"Sraith World Cup Gold Soccer ag tos\u00fa ar TG4 | Preas R\u00e1iteas | TG4","robots":{"index":"index","follow":"follow","max-snippet":"max-snippet:-1","max-image-preview":"max-image-preview:large","max-video-preview":"max-video-preview:-1"},"og_locale":"en_US","og_type":"article","og_title":"Sraith World Cup Gold Soccer ag tos\u00fa ar TG4 | Preas R\u00e1iteas | TG4","og_description":"&nbsp; T\u00e1 s\u00e9 f\u00f3gartha ag TG4 go gcraolfaidh an st\u00e1isi\u00fan cluich\u00ed sacair den scoth \u00f3n gcartlann ag tos\u00fa le Corn Domhanda FIFA 1990. D\u00e9 hAoine an 1 Bealtaine ag an 7.30pm a chraolfar an ch\u00e9ad chluiche sa tsraith ar TG4, an cluiche idir Poblacht na h\u00c9ireann agus Sasana \u00f3 Chorn an Domhain &#8217;90 san Iod\u00e1il. [&hellip;]","og_url":"https:\/\/dev.tg4.ie\/ga\/eolas\/preas\/nuacht-raitis\/2020-2\/sraith-world-cup-gold-soccer-ag-tosu-ar-tg4\/","og_site_name":"TG4","article_publisher":"https:\/\/www.facebook.com\/TG4TV","og_image":[{"width":1920,"height":1080,"url":"https:\/\/tg4-docs.s3.amazonaws.com\/tg4-redesign-2015\/wp-content\/uploads\/2020\/04\/World_Cup_Gold-0105-IREvENG90_1920x1080.jpg","type":"image\/jpeg"}],"twitter_card":"summary_large_image","twitter_image":"https:\/\/tg4-docs.s3.amazonaws.com\/tg4-redesign-2015\/wp-content\/uploads\/2020\/04\/World_Cup_Gold-0105-IREvENG90_1920x1080.jpg","twitter_site":"@TG4TV","twitter_misc":{"Est. reading time":"2 minutes"},"schema":{"@context":"https:\/\/schema.org","@graph":[{"@type":"WebPage","@id":"https:\/\/dev.tg4.ie\/ga\/eolas\/preas\/nuacht-raitis\/2020-2\/sraith-world-cup-gold-soccer-ag-tosu-ar-tg4\/","url":"https:\/\/dev.tg4.ie\/ga\/eolas\/preas\/nuacht-raitis\/2020-2\/sraith-world-cup-gold-soccer-ag-tosu-ar-tg4\/","name":"Sraith World Cup Gold Soccer ag tos\u00fa ar TG4 | Preas R\u00e1iteas | TG4","isPartOf":{"@id":"https:\/\/dev.tg4.ie\/en\/#website"},"primaryImageOfPage":{"@id":"https:\/\/dev.tg4.ie\/ga\/eolas\/preas\/nuacht-raitis\/2020-2\/sraith-world-cup-gold-soccer-ag-tosu-ar-tg4\/#primaryimage"},"image":{"@id":"https:\/\/dev.tg4.ie\/ga\/eolas\/preas\/nuacht-raitis\/2020-2\/sraith-world-cup-gold-soccer-ag-tosu-ar-tg4\/#primaryimage"},"thumbnailUrl":"https:\/\/dev.tg4.ie\/wp-content\/uploads\/2020\/04\/World_Cup_Gold-0105-IREvENG90_1920x1080.jpg","datePublished":"2020-04-23T12:04:36+00:00","dateModified":"2020-04-23T12:04:36+00:00","breadcrumb":{"@id":"https:\/\/dev.tg4.ie\/ga\/eolas\/preas\/nuacht-raitis\/2020-2\/sraith-world-cup-gold-soccer-ag-tosu-ar-tg4\/#breadcrumb"},"inLanguage":"ga","potentialAction":[{"@type":"ReadAction","target":["https:\/\/dev.tg4.ie\/ga\/eolas\/preas\/nuacht-raitis\/2020-2\/sraith-world-cup-gold-soccer-ag-tosu-ar-tg4\/"]}]},{"@type":"ImageObject","inLanguage":"ga","@id":"https:\/\/dev.tg4.ie\/ga\/eolas\/preas\/nuacht-raitis\/2020-2\/sraith-world-cup-gold-soccer-ag-tosu-ar-tg4\/#primaryimage","url":"https:\/\/dev.tg4.ie\/wp-content\/uploads\/2020\/04\/World_Cup_Gold-0105-IREvENG90_1920x1080.jpg","contentUrl":"https:\/\/dev.tg4.ie\/wp-content\/uploads\/2020\/04\/World_Cup_Gold-0105-IREvENG90_1920x1080.jpg"},{"@type":"BreadcrumbList","@id":"https:\/\/dev.tg4.ie\/ga\/eolas\/preas\/nuacht-raitis\/2020-2\/sraith-world-cup-gold-soccer-ag-tosu-ar-tg4\/#breadcrumb","itemListElement":[{"@type":"ListItem","position":1,"name":"Home","item":"https:\/\/dev.tg4.ie\/ga\/"},{"@type":"ListItem","position":2,"name":"Eolas","item":"https:\/\/dev.tg4.ie\/ga\/eolas\/"},{"@type":"ListItem","position":3,"name":"Preas","item":"https:\/\/dev.tg4.ie\/ga\/eolas\/preas\/"},{"@type":"ListItem","position":4,"name":"Nuacht R\u00e1itis","item":"https:\/\/dev.tg4.ie\/ga\/eolas\/preas\/nuacht-raitis\/"},{"@type":"ListItem","position":5,"name":"2020","item":"https:\/\/dev.tg4.ie\/ga\/eolas\/preas\/nuacht-raitis\/2020-2\/"},{"@type":"ListItem","position":6,"name":"Sraith World Cup Gold Soccer ag tos\u00fa ar TG4 agus seanchluich\u00ed den ch\u00e9ad scoth le craoladh \u00f3n gcartlann"}]},{"@type":"WebSite","@id":"https:\/\/dev.tg4.ie\/en\/#website","url":"https:\/\/dev.tg4.ie\/en\/","name":"TG4","description":"S\u00fail Eile","potentialAction":[{"@type":"SearchAction","target":{"@type":"EntryPoint","urlTemplate":"https:\/\/dev.tg4.ie\/en\/?s={search_term_string}"},"query-input":"required name=search_term_string"}],"inLanguage":"ga"}]}},"_links":{"self":[{"href":"https:\/\/dev.tg4.ie\/ga\/wp-json\/wp\/v2\/pages\/112812"}],"collection":[{"href":"https:\/\/dev.tg4.ie\/ga\/wp-json\/wp\/v2\/pages"}],"about":[{"href":"https:\/\/dev.tg4.ie\/ga\/wp-json\/wp\/v2\/types\/page"}],"author":[{"embeddable":true,"href":"https:\/\/dev.tg4.ie\/ga\/wp-json\/wp\/v2\/users\/876"}],"replies":[{"embeddable":true,"href":"https:\/\/dev.tg4.ie\/ga\/wp-json\/wp\/v2\/comments?post=112812"}],"version-history":[{"count":0,"href":"https:\/\/dev.tg4.ie\/ga\/wp-json\/wp\/v2\/pages\/112812\/revisions"}],"up":[{"embeddable":true,"href":"https:\/\/dev.tg4.ie\/ga\/wp-json\/wp\/v2\/pages\/111525"}],"wp:attachment":[{"href":"https:\/\/dev.tg4.ie\/ga\/wp-json\/wp\/v2\/media?parent=112812"}],"curies":[{"name":"wp","href":"https:\/\/api.w.org\/{rel}","templated":true}]}}