{"id":112916,"date":"2020-05-08T17:19:20","date_gmt":"2020-05-08T16:19:20","guid":{"rendered":"https:\/\/dev.tg4.ie\/?page_id=112916"},"modified":"2020-05-08T17:19:20","modified_gmt":"2020-05-08T16:19:20","slug":"cuig-ghradam-eile-buaite-ag-arracht-ag-feile-scannan-idirnaisiunta-american-golden-picture","status":"publish","type":"page","link":"https:\/\/dev.tg4.ie\/ga\/eolas\/preas\/nuacht-raitis\/2020-2\/cuig-ghradam-eile-buaite-ag-arracht-ag-feile-scannan-idirnaisiunta-american-golden-picture\/","title":{"rendered":"C\u00faig Ghradam eile buaite ag Arracht ag F\u00e9ile Scann\u00e1n Idirn\u00e1isi\u00fanta American Golden Picture"},"content":{"rendered":"<div style=\"position:relative;padding-top:56.25%;\"><iframe src=\"https:\/\/www.youtube.com\/embed\/HBUqJPP28Kk\" frameborder=\"0\" allowfullscreen style=\"position:absolute;top:0;left:0;width:100%;height:100%;\"><\/iframe><\/div>\n<p>&nbsp;<br \/>\n<img loading=\"lazy\" decoding=\"async\" width=\"1300\" height=\"1300\" class=\"aligncenter size-full wp-image-112917\" src=\"https:\/\/tg4-docs.s3.amazonaws.com\/tg4-redesign-2015\/wp-content\/uploads\/2020\/05\/Arracht_x5_Duais_1300x1300.jpg\" alt=\"\" srcset=\"https:\/\/tg4-docs.s3.amazonaws.com\/tg4-redesign-2015\/wp-content\/uploads\/2020\/05\/Arracht_x5_Duais_1300x1300.jpg 1300w, https:\/\/tg4-docs.s3.amazonaws.com\/tg4-redesign-2015\/wp-content\/uploads\/2020\/05\/Arracht_x5_Duais_1300x1300-250x250.jpg 250w, https:\/\/tg4-docs.s3.amazonaws.com\/tg4-redesign-2015\/wp-content\/uploads\/2020\/05\/Arracht_x5_Duais_1300x1300-700x700.jpg 700w, https:\/\/tg4-docs.s3.amazonaws.com\/tg4-redesign-2015\/wp-content\/uploads\/2020\/05\/Arracht_x5_Duais_1300x1300-141x141.jpg 141w, https:\/\/tg4-docs.s3.amazonaws.com\/tg4-redesign-2015\/wp-content\/uploads\/2020\/05\/Arracht_x5_Duais_1300x1300-120x120.jpg 120w\" sizes=\"(max-width: 1300px) 100vw, 1300px\" \/><br \/>\n&nbsp;<br \/>\n<strong>Arracht,<\/strong>\u00a0fadscann\u00e1n Gaeilge a rinneadh mar chuid den tionscnamh\u00a0<strong>Cine4<\/strong>\u00a0\u00f3 TG4, F\u00eds \u00c9ireann agus \u00dadar\u00e1s Craolach\u00e1in na h\u00c9ireann (BAI). Tionscnamh nua \u00e9 Cine4 chun fadscann\u00e1in \u00farnua Ghaeilge a fhorbairt. Taispe\u00e1nadh Arracht den ch\u00e9ad uair ar domhan ag an 23\u00fa F\u00e9ile Scann\u00e1n Tallin Black Nights, san East\u00f3in i m\u00ed na Samhna seo caite. Taispe\u00e1nadh den ch\u00e9ad uair in \u00c9irinn \u00e9 ag F\u00e9ile Scann\u00e1n Idirn\u00e1isi\u00fanta Bhaile \u00c1tha Cliath Virgin Media i m\u00ed Feabhra agus ag F\u00e9ile Scann\u00e1n Ghlasch\u00fa a taispe\u00e1nadh don ch\u00e9ad uair \u00e9 in Albain i M\u00ed M\u00e1rta.\u00a0 T\u00e1 moladh m\u00f3r faighte ag an scann\u00e1n go dt\u00ed seo.<br \/>\n&nbsp;<br \/>\nT\u00e1 c\u00faig ghradam eile bronnta ar an scann\u00e1n ag an bhF\u00e9ile Scann\u00e1n Idirn\u00e1isi\u00fanta &#8216;American Golden Picture&#8217;.<\/p>\n<ul>\n<li>Fadscann\u00e1n is Fearr<\/li>\n<li>Sti\u00farth\u00f3ir is Fearr &#8211; Tom Sullivan<\/li>\n<li>Cineamatagrafad\u00f3ir is Fearr &#8211; Kate McCullough<\/li>\n<li>Aisteoir \u00d3g is Fearr &#8211; Saise N\u00ed Chuinn<\/li>\n<li>Aisteoir is Fearr &#8211; D\u00f3nall \u00d3 H\u00e9ala\u00ed<\/li>\n<\/ul>\n<p>&nbsp;<\/p>\n<p>Scann\u00e1n l\u00e1nfhada \u00f3 Tom Sullivan is ea Arracht arna l\u00e9iri\u00fa ag C\u00fa\u00e1n Mac Conghail do Macalla Teo agus ina bhfuil\u00a0D\u00f3nall \u00d3 H\u00e9ala\u00ed\u00a0sa phr\u00edomhph\u00e1irt.\u00a0\u00a0In \u00c9irinn sa bhliain 1845 at\u00e1 an scann\u00e1n seo suite agus ins\u00edtear sc\u00e9al Cholm\u00e1n Sharkey, iascaire, fear at\u00e1 p\u00f3sta agus a bhfuil clann aige, a thugann d\u00eddean d&#8217;fhear strains\u00e9ara ar ord\u00fa \u00f3n sagart. N\u00ed bh\u00edonn Patsy, iarshaighdi\u00fair, i bhfad sa t\u00edr nuair a bhuaileann &#8216;an d\u00fachan\u2019 na fata\u00ed. An Gorta M\u00f3r a thoradh uirthi agus caitheann na milli\u00fain daoine imeacht as an \u00e1it n\u00f3 b\u00e1s a fh\u00e1il.<\/p>\n<p>&nbsp;<\/p>\n<p>D\u00fairt Ard-Sti\u00farth\u00f3ir TG4, Alan Esslemont &#8220;<em>Tr\u00e9asla\u00edonn TG4 le Arracht an t-aitheantas at\u00e1 faighte aige \u00f3 lucht f\u00e9achana idirn\u00e1isi\u00fanta.\u00a0<\/em><\/span><span><em>T\u00e1 \u00e1bhar Gaeilge a shol\u00e1thar ar gach ard\u00e1n i gcro\u00edl\u00e1r fh\u00eds TG4 don lucht f\u00e9achana agus cuirtear scann\u00e1in Ghaeilge de scoth ar f\u00e1il le maoini\u00fa Cine 4.\u00a0 T\u00e1 moladh m\u00f3r faighte ag Arracht \u00f3 taispe\u00e1nadh den ch\u00e9ad uair \u00e9 ag F\u00e9ile Scann\u00e1n Tallinn i m\u00ed na Samhna a thugann aitheantas do chumas agus do scileanna na foirne l\u00e9iri\u00fach\u00e1in i margadh closamhairc domhanda.<\/em>&#8221;<\/p>\n<p>&nbsp;<\/p>\n","protected":false},"excerpt":{"rendered":"<p>&nbsp; &nbsp; Arracht,\u00a0fadscann\u00e1n Gaeilge a rinneadh mar chuid den tionscnamh\u00a0Cine4\u00a0\u00f3 TG4, F\u00eds \u00c9ireann agus \u00dadar\u00e1s Craolach\u00e1in na h\u00c9ireann (BAI). Tionscnamh nua \u00e9 Cine4 chun fadscann\u00e1in \u00farnua Ghaeilge a fhorbairt. Taispe\u00e1nadh Arracht den ch\u00e9ad uair ar domhan ag an 23\u00fa F\u00e9ile Scann\u00e1n Tallin Black Nights, san East\u00f3in i m\u00ed na Samhna seo caite. Taispe\u00e1nadh den ch\u00e9ad [&hellip;]<\/p>\n","protected":false},"author":876,"featured_media":0,"parent":111525,"menu_order":17,"comment_status":"closed","ping_status":"closed","template":"page-templates\/template-pr.php","meta":{"_acf_changed":false,"footnotes":""},"acf":[],"yoast_head":"<!-- This site is optimized with the Yoast SEO plugin v22.6 - https:\/\/yoast.com\/wordpress\/plugins\/seo\/ -->\n<title>C\u00faig Ghradam eile buaite ag Arracht ag F\u00e9ile Scann\u00e1n Idirn\u00e1isi\u00fanta American Golden Picture | Preas R\u00e1iteas | TG4<\/title>\n<meta name=\"robots\" content=\"index, follow, max-snippet:-1, max-image-preview:large, max-video-preview:-1\" \/>\n<meta property=\"og:locale\" content=\"en_US\" \/>\n<meta property=\"og:type\" content=\"article\" \/>\n<meta property=\"og:title\" content=\"C\u00faig Ghradam eile buaite ag Arracht ag F\u00e9ile Scann\u00e1n Idirn\u00e1isi\u00fanta American Golden Picture | Preas R\u00e1iteas | TG4\" \/>\n<meta property=\"og:description\" content=\"&nbsp; &nbsp; Arracht,\u00a0fadscann\u00e1n Gaeilge a rinneadh mar chuid den tionscnamh\u00a0Cine4\u00a0\u00f3 TG4, F\u00eds \u00c9ireann agus \u00dadar\u00e1s Craolach\u00e1in na h\u00c9ireann (BAI). Tionscnamh nua \u00e9 Cine4 chun fadscann\u00e1in \u00farnua Ghaeilge a fhorbairt. Taispe\u00e1nadh Arracht den ch\u00e9ad uair ar domhan ag an 23\u00fa F\u00e9ile Scann\u00e1n Tallin Black Nights, san East\u00f3in i m\u00ed na Samhna seo caite. Taispe\u00e1nadh den ch\u00e9ad [&hellip;]\" \/>\n<meta property=\"og:url\" content=\"https:\/\/dev.tg4.ie\/ga\/eolas\/preas\/nuacht-raitis\/2020-2\/cuig-ghradam-eile-buaite-ag-arracht-ag-feile-scannan-idirnaisiunta-american-golden-picture\/\" \/>\n<meta property=\"og:site_name\" content=\"TG4\" \/>\n<meta property=\"article:publisher\" content=\"https:\/\/www.facebook.com\/TG4TV\" \/>\n<meta property=\"og:image\" content=\"https:\/\/tg4-docs.s3.amazonaws.com\/tg4-redesign-2015\/wp-content\/uploads\/2020\/05\/Arracht_x5_Duais_1920x1080.jpg\" \/>\n\t<meta property=\"og:image:width\" content=\"1920\" \/>\n\t<meta property=\"og:image:height\" content=\"1080\" \/>\n\t<meta property=\"og:image:type\" content=\"image\/jpeg\" \/>\n<meta name=\"twitter:card\" content=\"summary_large_image\" \/>\n<meta name=\"twitter:image\" content=\"https:\/\/tg4-docs.s3.amazonaws.com\/tg4-redesign-2015\/wp-content\/uploads\/2020\/05\/Arracht_x5_Duais_1920x1080.jpg\" \/>\n<meta name=\"twitter:site\" content=\"@TG4TV\" \/>\n<meta name=\"twitter:label1\" content=\"Est. reading time\" \/>\n\t<meta name=\"twitter:data1\" content=\"2 minutes\" \/>\n<script type=\"application\/ld+json\" class=\"yoast-schema-graph\">{\"@context\":\"https:\/\/schema.org\",\"@graph\":[{\"@type\":\"WebPage\",\"@id\":\"https:\/\/dev.tg4.ie\/ga\/eolas\/preas\/nuacht-raitis\/2020-2\/cuig-ghradam-eile-buaite-ag-arracht-ag-feile-scannan-idirnaisiunta-american-golden-picture\/\",\"url\":\"https:\/\/dev.tg4.ie\/ga\/eolas\/preas\/nuacht-raitis\/2020-2\/cuig-ghradam-eile-buaite-ag-arracht-ag-feile-scannan-idirnaisiunta-american-golden-picture\/\",\"name\":\"C\u00faig Ghradam eile buaite ag Arracht ag F\u00e9ile Scann\u00e1n Idirn\u00e1isi\u00fanta American Golden Picture | Preas R\u00e1iteas | TG4\",\"isPartOf\":{\"@id\":\"https:\/\/dev.tg4.ie\/en\/#website\"},\"primaryImageOfPage\":{\"@id\":\"https:\/\/dev.tg4.ie\/ga\/eolas\/preas\/nuacht-raitis\/2020-2\/cuig-ghradam-eile-buaite-ag-arracht-ag-feile-scannan-idirnaisiunta-american-golden-picture\/#primaryimage\"},\"image\":{\"@id\":\"https:\/\/dev.tg4.ie\/ga\/eolas\/preas\/nuacht-raitis\/2020-2\/cuig-ghradam-eile-buaite-ag-arracht-ag-feile-scannan-idirnaisiunta-american-golden-picture\/#primaryimage\"},\"thumbnailUrl\":\"https:\/\/dev.tg4.ie\/wp-content\/uploads\/2020\/05\/Arracht_x5_Duais_1300x1300.jpg\",\"datePublished\":\"2020-05-08T16:19:20+00:00\",\"dateModified\":\"2020-05-08T16:19:20+00:00\",\"breadcrumb\":{\"@id\":\"https:\/\/dev.tg4.ie\/ga\/eolas\/preas\/nuacht-raitis\/2020-2\/cuig-ghradam-eile-buaite-ag-arracht-ag-feile-scannan-idirnaisiunta-american-golden-picture\/#breadcrumb\"},\"inLanguage\":\"ga\",\"potentialAction\":[{\"@type\":\"ReadAction\",\"target\":[\"https:\/\/dev.tg4.ie\/ga\/eolas\/preas\/nuacht-raitis\/2020-2\/cuig-ghradam-eile-buaite-ag-arracht-ag-feile-scannan-idirnaisiunta-american-golden-picture\/\"]}]},{\"@type\":\"ImageObject\",\"inLanguage\":\"ga\",\"@id\":\"https:\/\/dev.tg4.ie\/ga\/eolas\/preas\/nuacht-raitis\/2020-2\/cuig-ghradam-eile-buaite-ag-arracht-ag-feile-scannan-idirnaisiunta-american-golden-picture\/#primaryimage\",\"url\":\"https:\/\/dev.tg4.ie\/wp-content\/uploads\/2020\/05\/Arracht_x5_Duais_1300x1300.jpg\",\"contentUrl\":\"https:\/\/dev.tg4.ie\/wp-content\/uploads\/2020\/05\/Arracht_x5_Duais_1300x1300.jpg\"},{\"@type\":\"BreadcrumbList\",\"@id\":\"https:\/\/dev.tg4.ie\/ga\/eolas\/preas\/nuacht-raitis\/2020-2\/cuig-ghradam-eile-buaite-ag-arracht-ag-feile-scannan-idirnaisiunta-american-golden-picture\/#breadcrumb\",\"itemListElement\":[{\"@type\":\"ListItem\",\"position\":1,\"name\":\"Home\",\"item\":\"https:\/\/dev.tg4.ie\/ga\/\"},{\"@type\":\"ListItem\",\"position\":2,\"name\":\"Eolas\",\"item\":\"https:\/\/dev.tg4.ie\/ga\/eolas\/\"},{\"@type\":\"ListItem\",\"position\":3,\"name\":\"Preas\",\"item\":\"https:\/\/dev.tg4.ie\/ga\/eolas\/preas\/\"},{\"@type\":\"ListItem\",\"position\":4,\"name\":\"Nuacht R\u00e1itis\",\"item\":\"https:\/\/dev.tg4.ie\/ga\/eolas\/preas\/nuacht-raitis\/\"},{\"@type\":\"ListItem\",\"position\":5,\"name\":\"2020\",\"item\":\"https:\/\/dev.tg4.ie\/ga\/eolas\/preas\/nuacht-raitis\/2020-2\/\"},{\"@type\":\"ListItem\",\"position\":6,\"name\":\"C\u00faig Ghradam eile buaite ag Arracht ag F\u00e9ile Scann\u00e1n Idirn\u00e1isi\u00fanta American Golden Picture\"}]},{\"@type\":\"WebSite\",\"@id\":\"https:\/\/dev.tg4.ie\/en\/#website\",\"url\":\"https:\/\/dev.tg4.ie\/en\/\",\"name\":\"TG4\",\"description\":\"S\u00fail Eile\",\"potentialAction\":[{\"@type\":\"SearchAction\",\"target\":{\"@type\":\"EntryPoint\",\"urlTemplate\":\"https:\/\/dev.tg4.ie\/en\/?s={search_term_string}\"},\"query-input\":\"required name=search_term_string\"}],\"inLanguage\":\"ga\"}]}<\/script>\n<!-- \/ Yoast SEO plugin. -->","yoast_head_json":{"title":"C\u00faig Ghradam eile buaite ag Arracht ag F\u00e9ile Scann\u00e1n Idirn\u00e1isi\u00fanta American Golden Picture | Preas R\u00e1iteas | TG4","robots":{"index":"index","follow":"follow","max-snippet":"max-snippet:-1","max-image-preview":"max-image-preview:large","max-video-preview":"max-video-preview:-1"},"og_locale":"en_US","og_type":"article","og_title":"C\u00faig Ghradam eile buaite ag Arracht ag F\u00e9ile Scann\u00e1n Idirn\u00e1isi\u00fanta American Golden Picture | Preas R\u00e1iteas | TG4","og_description":"&nbsp; &nbsp; Arracht,\u00a0fadscann\u00e1n Gaeilge a rinneadh mar chuid den tionscnamh\u00a0Cine4\u00a0\u00f3 TG4, F\u00eds \u00c9ireann agus \u00dadar\u00e1s Craolach\u00e1in na h\u00c9ireann (BAI). Tionscnamh nua \u00e9 Cine4 chun fadscann\u00e1in \u00farnua Ghaeilge a fhorbairt. Taispe\u00e1nadh Arracht den ch\u00e9ad uair ar domhan ag an 23\u00fa F\u00e9ile Scann\u00e1n Tallin Black Nights, san East\u00f3in i m\u00ed na Samhna seo caite. Taispe\u00e1nadh den ch\u00e9ad [&hellip;]","og_url":"https:\/\/dev.tg4.ie\/ga\/eolas\/preas\/nuacht-raitis\/2020-2\/cuig-ghradam-eile-buaite-ag-arracht-ag-feile-scannan-idirnaisiunta-american-golden-picture\/","og_site_name":"TG4","article_publisher":"https:\/\/www.facebook.com\/TG4TV","og_image":[{"width":1920,"height":1080,"url":"https:\/\/tg4-docs.s3.amazonaws.com\/tg4-redesign-2015\/wp-content\/uploads\/2020\/05\/Arracht_x5_Duais_1920x1080.jpg","type":"image\/jpeg"}],"twitter_card":"summary_large_image","twitter_image":"https:\/\/tg4-docs.s3.amazonaws.com\/tg4-redesign-2015\/wp-content\/uploads\/2020\/05\/Arracht_x5_Duais_1920x1080.jpg","twitter_site":"@TG4TV","twitter_misc":{"Est. reading time":"2 minutes"},"schema":{"@context":"https:\/\/schema.org","@graph":[{"@type":"WebPage","@id":"https:\/\/dev.tg4.ie\/ga\/eolas\/preas\/nuacht-raitis\/2020-2\/cuig-ghradam-eile-buaite-ag-arracht-ag-feile-scannan-idirnaisiunta-american-golden-picture\/","url":"https:\/\/dev.tg4.ie\/ga\/eolas\/preas\/nuacht-raitis\/2020-2\/cuig-ghradam-eile-buaite-ag-arracht-ag-feile-scannan-idirnaisiunta-american-golden-picture\/","name":"C\u00faig Ghradam eile buaite ag Arracht ag F\u00e9ile Scann\u00e1n Idirn\u00e1isi\u00fanta American Golden Picture | Preas R\u00e1iteas | TG4","isPartOf":{"@id":"https:\/\/dev.tg4.ie\/en\/#website"},"primaryImageOfPage":{"@id":"https:\/\/dev.tg4.ie\/ga\/eolas\/preas\/nuacht-raitis\/2020-2\/cuig-ghradam-eile-buaite-ag-arracht-ag-feile-scannan-idirnaisiunta-american-golden-picture\/#primaryimage"},"image":{"@id":"https:\/\/dev.tg4.ie\/ga\/eolas\/preas\/nuacht-raitis\/2020-2\/cuig-ghradam-eile-buaite-ag-arracht-ag-feile-scannan-idirnaisiunta-american-golden-picture\/#primaryimage"},"thumbnailUrl":"https:\/\/dev.tg4.ie\/wp-content\/uploads\/2020\/05\/Arracht_x5_Duais_1300x1300.jpg","datePublished":"2020-05-08T16:19:20+00:00","dateModified":"2020-05-08T16:19:20+00:00","breadcrumb":{"@id":"https:\/\/dev.tg4.ie\/ga\/eolas\/preas\/nuacht-raitis\/2020-2\/cuig-ghradam-eile-buaite-ag-arracht-ag-feile-scannan-idirnaisiunta-american-golden-picture\/#breadcrumb"},"inLanguage":"ga","potentialAction":[{"@type":"ReadAction","target":["https:\/\/dev.tg4.ie\/ga\/eolas\/preas\/nuacht-raitis\/2020-2\/cuig-ghradam-eile-buaite-ag-arracht-ag-feile-scannan-idirnaisiunta-american-golden-picture\/"]}]},{"@type":"ImageObject","inLanguage":"ga","@id":"https:\/\/dev.tg4.ie\/ga\/eolas\/preas\/nuacht-raitis\/2020-2\/cuig-ghradam-eile-buaite-ag-arracht-ag-feile-scannan-idirnaisiunta-american-golden-picture\/#primaryimage","url":"https:\/\/dev.tg4.ie\/wp-content\/uploads\/2020\/05\/Arracht_x5_Duais_1300x1300.jpg","contentUrl":"https:\/\/dev.tg4.ie\/wp-content\/uploads\/2020\/05\/Arracht_x5_Duais_1300x1300.jpg"},{"@type":"BreadcrumbList","@id":"https:\/\/dev.tg4.ie\/ga\/eolas\/preas\/nuacht-raitis\/2020-2\/cuig-ghradam-eile-buaite-ag-arracht-ag-feile-scannan-idirnaisiunta-american-golden-picture\/#breadcrumb","itemListElement":[{"@type":"ListItem","position":1,"name":"Home","item":"https:\/\/dev.tg4.ie\/ga\/"},{"@type":"ListItem","position":2,"name":"Eolas","item":"https:\/\/dev.tg4.ie\/ga\/eolas\/"},{"@type":"ListItem","position":3,"name":"Preas","item":"https:\/\/dev.tg4.ie\/ga\/eolas\/preas\/"},{"@type":"ListItem","position":4,"name":"Nuacht R\u00e1itis","item":"https:\/\/dev.tg4.ie\/ga\/eolas\/preas\/nuacht-raitis\/"},{"@type":"ListItem","position":5,"name":"2020","item":"https:\/\/dev.tg4.ie\/ga\/eolas\/preas\/nuacht-raitis\/2020-2\/"},{"@type":"ListItem","position":6,"name":"C\u00faig Ghradam eile buaite ag Arracht ag F\u00e9ile Scann\u00e1n Idirn\u00e1isi\u00fanta American Golden Picture"}]},{"@type":"WebSite","@id":"https:\/\/dev.tg4.ie\/en\/#website","url":"https:\/\/dev.tg4.ie\/en\/","name":"TG4","description":"S\u00fail Eile","potentialAction":[{"@type":"SearchAction","target":{"@type":"EntryPoint","urlTemplate":"https:\/\/dev.tg4.ie\/en\/?s={search_term_string}"},"query-input":"required name=search_term_string"}],"inLanguage":"ga"}]}},"_links":{"self":[{"href":"https:\/\/dev.tg4.ie\/ga\/wp-json\/wp\/v2\/pages\/112916"}],"collection":[{"href":"https:\/\/dev.tg4.ie\/ga\/wp-json\/wp\/v2\/pages"}],"about":[{"href":"https:\/\/dev.tg4.ie\/ga\/wp-json\/wp\/v2\/types\/page"}],"author":[{"embeddable":true,"href":"https:\/\/dev.tg4.ie\/ga\/wp-json\/wp\/v2\/users\/876"}],"replies":[{"embeddable":true,"href":"https:\/\/dev.tg4.ie\/ga\/wp-json\/wp\/v2\/comments?post=112916"}],"version-history":[{"count":0,"href":"https:\/\/dev.tg4.ie\/ga\/wp-json\/wp\/v2\/pages\/112916\/revisions"}],"up":[{"embeddable":true,"href":"https:\/\/dev.tg4.ie\/ga\/wp-json\/wp\/v2\/pages\/111525"}],"wp:attachment":[{"href":"https:\/\/dev.tg4.ie\/ga\/wp-json\/wp\/v2\/media?parent=112916"}],"curies":[{"name":"wp","href":"https:\/\/api.w.org\/{rel}","templated":true}]}}