{"id":112992,"date":"2020-05-19T13:16:08","date_gmt":"2020-05-19T12:16:08","guid":{"rendered":"https:\/\/dev.tg4.ie\/?page_id=112992"},"modified":"2020-05-19T13:17:38","modified_gmt":"2020-05-19T12:17:38","slug":"saol-ella-sraith-dramaiochta-do-dhaoine-oga-roghnaithe-ag-tg4-on-sceim-forbartha-dramaiochta","status":"publish","type":"page","link":"https:\/\/dev.tg4.ie\/ga\/eolas\/preas\/nuacht-raitis\/2020-2\/saol-ella-sraith-dramaiochta-do-dhaoine-oga-roghnaithe-ag-tg4-on-sceim-forbartha-dramaiochta\/","title":{"rendered":"&#8216;Saol Ella&#8217; &#8211; Sraith dr\u00e1ma\u00edochta do Dhaoine \u00d3ga roghnaithe ag TG4 \u00f3n Sc\u00e9im Forbartha Dr\u00e1ma\u00edochta"},"content":{"rendered":"<p>T\u00e1 an tsraith dr\u00e1ma\u00edochta do dhaoine \u00f3ga,\u00a0<strong><em>\u2018Saol Ella\u2019<\/em><\/strong>\u00a0le Dan\u00fa Media, a scr\u00edobh Gemma Breathnach agus Ailbhe Nic Giolla Bhr\u00edghde, roghnaithe ag TG4 le\u00a0cur ar aghaidh faoin gc\u00e9ad bhabhta eile de chiste\u00a0<em>F\u00eds agus Fuaim<\/em>\u00a0\u00dadar\u00e1s Craolach\u00e1in na h\u00c9ireann (BAI).<br \/>\n&nbsp;<br \/>\nD&#8217;fh\u00f3gair TG4 an\u00a0<em>Sc\u00e9im<\/em>\u00a0<em>Forbartha\u00a0Dr\u00e1ma\u00edochta do\u00a0Dhaoine\u00a0\u00d3ga<\/em>\u00a0in 2019, chun sraith a fhorbairt ina mbeadh dr\u00e1ma\u00edocht agus sc\u00e9ala\u00edocht l\u00e1idir, samhla\u00edocht fh\u00edsi\u00fail agus luachanna arda l\u00e9irithe ann.\u00a0 T\u00e1 an\u00a0<em>Sc\u00e9im Forbartha Dr\u00e1ma\u00edochta do Dhaoine \u00d3ga\u00a0<\/em>maoinithe ag TG4, an ciste WRAP, \u00dadar\u00e1s Craolach\u00e1in na h\u00c9ireann (BAI) agus F\u00eds \u00c9irinn chun forbairt a dh\u00e9anamh ar shraith dr\u00e1ma\u00edochta i nGaeilge at\u00e1 d\u00edrithe ar dhaoine \u00f3ga agus ar theaghlaigh.\u00a0\u00a0Beidh buis\u00e9ad suas le \u20ac1.2 milli\u00fan ag an tsraith m\u00e1 l\u00e9ir\u00edtear \u00ed.<br \/>\n&nbsp;<br \/>\nSa tsraith at\u00e1 roghnaithe, ins\u00edtear sc\u00e9al Ella, cail\u00edn \u00f3g as an nGaeltacht a gcuirtear an saol tr\u00edna ch\u00e9ile nuair a shocra\u00edonn a hathair Gaeilgeoir\u00ed a choinne\u00e1il.\u00a0\u00a0\u00c1it a raibh ord roimhe seo, t\u00e1 anord anois.\u00a0 \u00a0N\u00ed hamh\u00e1in go bhfuil ar Ella dul i ngleic leis an gc\u00edor thuathail at\u00e1 anois sa teach, ach t\u00e1 a namhaid, Saorla, i ndiaidh post a fh\u00e1il b\u00e9al dorais ag cuidi\u00fa le M\u00e1ir\u00edn, bean an t\u00ed\u00a0<em>extraordinaire<\/em>.\u00a0 Is cail\u00edn tr\u00ed bliana d\u00e9ag \u00ed Ella arb \u00e9 mian a cro\u00ed don samhradh seo buachaill a aimsi\u00fa agus a c\u00e9ad ph\u00f3g a fh\u00e1il. D\u00fashl\u00e1n nach mbeidh deacair a sh\u00e1r\u00fa m\u00e1s f\u00edor d\u00e1 cuid cairde \u00e9, Treasa agus Naoise, mar go bhfuil teach l\u00e1n le buachaill\u00ed b\u00e9al dorais ag M\u00e1ir\u00edn, a bhu\u00edochas don Chol\u00e1iste Samhraidh i Maigh Rua.<br \/>\n&nbsp;<br \/>\nDeir Siobh\u00e1n N\u00ed Bhr\u00e1daigh, Eagarth\u00f3ir Daoine \u00d3ga TG4:\u00a0<em>&#8220;Is \u00e9 seo an ch\u00e9ad togra dr\u00e1ma\u00edochta do ghas\u00fair bunscoile agus d\u00e9ag\u00f3ir\u00ed \u00f3 l\u00e9ir\u00edodh &#8216;Aifric&#8217;. T\u00e1imid ag s\u00fail go gcuirfear dr\u00e1ma\u00edocht snasta, tharraingteach ar f\u00e1il don lucht f\u00e9achana an bhliain seo chugainn&#8221;.<\/em><br \/>\n&nbsp;<\/p>\n","protected":false},"excerpt":{"rendered":"<p>T\u00e1 an tsraith dr\u00e1ma\u00edochta do dhaoine \u00f3ga,\u00a0\u2018Saol Ella\u2019\u00a0le Dan\u00fa Media, a scr\u00edobh Gemma Breathnach agus Ailbhe Nic Giolla Bhr\u00edghde, roghnaithe ag TG4 le\u00a0cur ar aghaidh faoin gc\u00e9ad bhabhta eile de chiste\u00a0F\u00eds agus Fuaim\u00a0\u00dadar\u00e1s Craolach\u00e1in na h\u00c9ireann (BAI). &nbsp; D&#8217;fh\u00f3gair TG4 an\u00a0Sc\u00e9im\u00a0Forbartha\u00a0Dr\u00e1ma\u00edochta do\u00a0Dhaoine\u00a0\u00d3ga\u00a0in 2019, chun sraith a fhorbairt ina mbeadh dr\u00e1ma\u00edocht agus sc\u00e9ala\u00edocht l\u00e1idir, samhla\u00edocht fh\u00edsi\u00fail [&hellip;]<\/p>\n","protected":false},"author":876,"featured_media":0,"parent":111525,"menu_order":19,"comment_status":"closed","ping_status":"closed","template":"page-templates\/template-pr.php","meta":{"_acf_changed":false,"footnotes":""},"acf":[],"yoast_head":"<!-- This site is optimized with the Yoast SEO plugin v22.6 - https:\/\/yoast.com\/wordpress\/plugins\/seo\/ -->\n<title>&#039;Saol Ella&#039; - Sraith dr\u00e1ma\u00edochta do Dhaoine \u00d3ga roghnaithe ag TG4 \u00f3n Sc\u00e9im Forbartha Dr\u00e1ma\u00edochta | Preas R\u00e1iteas | TG4<\/title>\n<meta name=\"robots\" content=\"index, follow, max-snippet:-1, max-image-preview:large, max-video-preview:-1\" \/>\n<meta property=\"og:locale\" content=\"en_US\" \/>\n<meta property=\"og:type\" content=\"article\" \/>\n<meta property=\"og:title\" content=\"&#039;Saol Ella&#039; - Sraith dr\u00e1ma\u00edochta do Dhaoine \u00d3ga roghnaithe ag TG4 \u00f3n Sc\u00e9im Forbartha Dr\u00e1ma\u00edochta | Preas R\u00e1iteas | TG4\" \/>\n<meta property=\"og:description\" content=\"T\u00e1 an tsraith dr\u00e1ma\u00edochta do dhaoine \u00f3ga,\u00a0\u2018Saol Ella\u2019\u00a0le Dan\u00fa Media, a scr\u00edobh Gemma Breathnach agus Ailbhe Nic Giolla Bhr\u00edghde, roghnaithe ag TG4 le\u00a0cur ar aghaidh faoin gc\u00e9ad bhabhta eile de chiste\u00a0F\u00eds agus Fuaim\u00a0\u00dadar\u00e1s Craolach\u00e1in na h\u00c9ireann (BAI). &nbsp; D&#8217;fh\u00f3gair TG4 an\u00a0Sc\u00e9im\u00a0Forbartha\u00a0Dr\u00e1ma\u00edochta do\u00a0Dhaoine\u00a0\u00d3ga\u00a0in 2019, chun sraith a fhorbairt ina mbeadh dr\u00e1ma\u00edocht agus sc\u00e9ala\u00edocht l\u00e1idir, samhla\u00edocht fh\u00edsi\u00fail [&hellip;]\" \/>\n<meta property=\"og:url\" content=\"https:\/\/dev.tg4.ie\/ga\/eolas\/preas\/nuacht-raitis\/2020-2\/saol-ella-sraith-dramaiochta-do-dhaoine-oga-roghnaithe-ag-tg4-on-sceim-forbartha-dramaiochta\/\" \/>\n<meta property=\"og:site_name\" content=\"TG4\" \/>\n<meta property=\"article:publisher\" content=\"https:\/\/www.facebook.com\/TG4TV\" \/>\n<meta property=\"article:modified_time\" content=\"2020-05-19T12:17:38+00:00\" \/>\n<meta property=\"og:image\" content=\"https:\/\/tg4-docs.s3.amazonaws.com\/wp-content\/uploads\/2024\/11\/18151812\/TG4_2024_corcra_teal_1-1920x1080-1.jpg\" \/>\n\t<meta property=\"og:image:width\" content=\"1920\" \/>\n\t<meta property=\"og:image:height\" content=\"1080\" \/>\n\t<meta property=\"og:image:type\" content=\"image\/jpeg\" \/>\n<meta name=\"twitter:card\" content=\"summary_large_image\" \/>\n<meta name=\"twitter:site\" content=\"@TG4TV\" \/>\n<meta name=\"twitter:label1\" content=\"Est. reading time\" \/>\n\t<meta name=\"twitter:data1\" content=\"2 minutes\" \/>\n<script type=\"application\/ld+json\" class=\"yoast-schema-graph\">{\"@context\":\"https:\/\/schema.org\",\"@graph\":[{\"@type\":\"WebPage\",\"@id\":\"https:\/\/dev.tg4.ie\/ga\/eolas\/preas\/nuacht-raitis\/2020-2\/saol-ella-sraith-dramaiochta-do-dhaoine-oga-roghnaithe-ag-tg4-on-sceim-forbartha-dramaiochta\/\",\"url\":\"https:\/\/dev.tg4.ie\/ga\/eolas\/preas\/nuacht-raitis\/2020-2\/saol-ella-sraith-dramaiochta-do-dhaoine-oga-roghnaithe-ag-tg4-on-sceim-forbartha-dramaiochta\/\",\"name\":\"'Saol Ella' - Sraith dr\u00e1ma\u00edochta do Dhaoine \u00d3ga roghnaithe ag TG4 \u00f3n Sc\u00e9im Forbartha Dr\u00e1ma\u00edochta | Preas R\u00e1iteas | TG4\",\"isPartOf\":{\"@id\":\"https:\/\/dev.tg4.ie\/en\/#website\"},\"datePublished\":\"2020-05-19T12:16:08+00:00\",\"dateModified\":\"2020-05-19T12:17:38+00:00\",\"breadcrumb\":{\"@id\":\"https:\/\/dev.tg4.ie\/ga\/eolas\/preas\/nuacht-raitis\/2020-2\/saol-ella-sraith-dramaiochta-do-dhaoine-oga-roghnaithe-ag-tg4-on-sceim-forbartha-dramaiochta\/#breadcrumb\"},\"inLanguage\":\"ga\",\"potentialAction\":[{\"@type\":\"ReadAction\",\"target\":[\"https:\/\/dev.tg4.ie\/ga\/eolas\/preas\/nuacht-raitis\/2020-2\/saol-ella-sraith-dramaiochta-do-dhaoine-oga-roghnaithe-ag-tg4-on-sceim-forbartha-dramaiochta\/\"]}]},{\"@type\":\"BreadcrumbList\",\"@id\":\"https:\/\/dev.tg4.ie\/ga\/eolas\/preas\/nuacht-raitis\/2020-2\/saol-ella-sraith-dramaiochta-do-dhaoine-oga-roghnaithe-ag-tg4-on-sceim-forbartha-dramaiochta\/#breadcrumb\",\"itemListElement\":[{\"@type\":\"ListItem\",\"position\":1,\"name\":\"Home\",\"item\":\"https:\/\/dev.tg4.ie\/ga\/\"},{\"@type\":\"ListItem\",\"position\":2,\"name\":\"Eolas\",\"item\":\"https:\/\/dev.tg4.ie\/ga\/eolas\/\"},{\"@type\":\"ListItem\",\"position\":3,\"name\":\"Preas\",\"item\":\"https:\/\/dev.tg4.ie\/ga\/eolas\/preas\/\"},{\"@type\":\"ListItem\",\"position\":4,\"name\":\"Nuacht R\u00e1itis\",\"item\":\"https:\/\/dev.tg4.ie\/ga\/eolas\/preas\/nuacht-raitis\/\"},{\"@type\":\"ListItem\",\"position\":5,\"name\":\"2020\",\"item\":\"https:\/\/dev.tg4.ie\/ga\/eolas\/preas\/nuacht-raitis\/2020-2\/\"},{\"@type\":\"ListItem\",\"position\":6,\"name\":\"&#8216;Saol Ella&#8217; &#8211; Sraith dr\u00e1ma\u00edochta do Dhaoine \u00d3ga roghnaithe ag TG4 \u00f3n Sc\u00e9im Forbartha Dr\u00e1ma\u00edochta\"}]},{\"@type\":\"WebSite\",\"@id\":\"https:\/\/dev.tg4.ie\/en\/#website\",\"url\":\"https:\/\/dev.tg4.ie\/en\/\",\"name\":\"TG4\",\"description\":\"S\u00fail Eile\",\"potentialAction\":[{\"@type\":\"SearchAction\",\"target\":{\"@type\":\"EntryPoint\",\"urlTemplate\":\"https:\/\/dev.tg4.ie\/en\/?s={search_term_string}\"},\"query-input\":\"required name=search_term_string\"}],\"inLanguage\":\"ga\"}]}<\/script>\n<!-- \/ Yoast SEO plugin. -->","yoast_head_json":{"title":"'Saol Ella' - Sraith dr\u00e1ma\u00edochta do Dhaoine \u00d3ga roghnaithe ag TG4 \u00f3n Sc\u00e9im Forbartha Dr\u00e1ma\u00edochta | Preas R\u00e1iteas | TG4","robots":{"index":"index","follow":"follow","max-snippet":"max-snippet:-1","max-image-preview":"max-image-preview:large","max-video-preview":"max-video-preview:-1"},"og_locale":"en_US","og_type":"article","og_title":"'Saol Ella' - Sraith dr\u00e1ma\u00edochta do Dhaoine \u00d3ga roghnaithe ag TG4 \u00f3n Sc\u00e9im Forbartha Dr\u00e1ma\u00edochta | Preas R\u00e1iteas | TG4","og_description":"T\u00e1 an tsraith dr\u00e1ma\u00edochta do dhaoine \u00f3ga,\u00a0\u2018Saol Ella\u2019\u00a0le Dan\u00fa Media, a scr\u00edobh Gemma Breathnach agus Ailbhe Nic Giolla Bhr\u00edghde, roghnaithe ag TG4 le\u00a0cur ar aghaidh faoin gc\u00e9ad bhabhta eile de chiste\u00a0F\u00eds agus Fuaim\u00a0\u00dadar\u00e1s Craolach\u00e1in na h\u00c9ireann (BAI). &nbsp; D&#8217;fh\u00f3gair TG4 an\u00a0Sc\u00e9im\u00a0Forbartha\u00a0Dr\u00e1ma\u00edochta do\u00a0Dhaoine\u00a0\u00d3ga\u00a0in 2019, chun sraith a fhorbairt ina mbeadh dr\u00e1ma\u00edocht agus sc\u00e9ala\u00edocht l\u00e1idir, samhla\u00edocht fh\u00edsi\u00fail [&hellip;]","og_url":"https:\/\/dev.tg4.ie\/ga\/eolas\/preas\/nuacht-raitis\/2020-2\/saol-ella-sraith-dramaiochta-do-dhaoine-oga-roghnaithe-ag-tg4-on-sceim-forbartha-dramaiochta\/","og_site_name":"TG4","article_publisher":"https:\/\/www.facebook.com\/TG4TV","article_modified_time":"2020-05-19T12:17:38+00:00","og_image":[{"width":1920,"height":1080,"url":"https:\/\/tg4-docs.s3.amazonaws.com\/wp-content\/uploads\/2024\/11\/18151812\/TG4_2024_corcra_teal_1-1920x1080-1.jpg","type":"image\/jpeg"}],"twitter_card":"summary_large_image","twitter_site":"@TG4TV","twitter_misc":{"Est. reading time":"2 minutes"},"schema":{"@context":"https:\/\/schema.org","@graph":[{"@type":"WebPage","@id":"https:\/\/dev.tg4.ie\/ga\/eolas\/preas\/nuacht-raitis\/2020-2\/saol-ella-sraith-dramaiochta-do-dhaoine-oga-roghnaithe-ag-tg4-on-sceim-forbartha-dramaiochta\/","url":"https:\/\/dev.tg4.ie\/ga\/eolas\/preas\/nuacht-raitis\/2020-2\/saol-ella-sraith-dramaiochta-do-dhaoine-oga-roghnaithe-ag-tg4-on-sceim-forbartha-dramaiochta\/","name":"'Saol Ella' - Sraith dr\u00e1ma\u00edochta do Dhaoine \u00d3ga roghnaithe ag TG4 \u00f3n Sc\u00e9im Forbartha Dr\u00e1ma\u00edochta | Preas R\u00e1iteas | TG4","isPartOf":{"@id":"https:\/\/dev.tg4.ie\/en\/#website"},"datePublished":"2020-05-19T12:16:08+00:00","dateModified":"2020-05-19T12:17:38+00:00","breadcrumb":{"@id":"https:\/\/dev.tg4.ie\/ga\/eolas\/preas\/nuacht-raitis\/2020-2\/saol-ella-sraith-dramaiochta-do-dhaoine-oga-roghnaithe-ag-tg4-on-sceim-forbartha-dramaiochta\/#breadcrumb"},"inLanguage":"ga","potentialAction":[{"@type":"ReadAction","target":["https:\/\/dev.tg4.ie\/ga\/eolas\/preas\/nuacht-raitis\/2020-2\/saol-ella-sraith-dramaiochta-do-dhaoine-oga-roghnaithe-ag-tg4-on-sceim-forbartha-dramaiochta\/"]}]},{"@type":"BreadcrumbList","@id":"https:\/\/dev.tg4.ie\/ga\/eolas\/preas\/nuacht-raitis\/2020-2\/saol-ella-sraith-dramaiochta-do-dhaoine-oga-roghnaithe-ag-tg4-on-sceim-forbartha-dramaiochta\/#breadcrumb","itemListElement":[{"@type":"ListItem","position":1,"name":"Home","item":"https:\/\/dev.tg4.ie\/ga\/"},{"@type":"ListItem","position":2,"name":"Eolas","item":"https:\/\/dev.tg4.ie\/ga\/eolas\/"},{"@type":"ListItem","position":3,"name":"Preas","item":"https:\/\/dev.tg4.ie\/ga\/eolas\/preas\/"},{"@type":"ListItem","position":4,"name":"Nuacht R\u00e1itis","item":"https:\/\/dev.tg4.ie\/ga\/eolas\/preas\/nuacht-raitis\/"},{"@type":"ListItem","position":5,"name":"2020","item":"https:\/\/dev.tg4.ie\/ga\/eolas\/preas\/nuacht-raitis\/2020-2\/"},{"@type":"ListItem","position":6,"name":"&#8216;Saol Ella&#8217; &#8211; Sraith dr\u00e1ma\u00edochta do Dhaoine \u00d3ga roghnaithe ag TG4 \u00f3n Sc\u00e9im Forbartha Dr\u00e1ma\u00edochta"}]},{"@type":"WebSite","@id":"https:\/\/dev.tg4.ie\/en\/#website","url":"https:\/\/dev.tg4.ie\/en\/","name":"TG4","description":"S\u00fail Eile","potentialAction":[{"@type":"SearchAction","target":{"@type":"EntryPoint","urlTemplate":"https:\/\/dev.tg4.ie\/en\/?s={search_term_string}"},"query-input":"required name=search_term_string"}],"inLanguage":"ga"}]}},"_links":{"self":[{"href":"https:\/\/dev.tg4.ie\/ga\/wp-json\/wp\/v2\/pages\/112992"}],"collection":[{"href":"https:\/\/dev.tg4.ie\/ga\/wp-json\/wp\/v2\/pages"}],"about":[{"href":"https:\/\/dev.tg4.ie\/ga\/wp-json\/wp\/v2\/types\/page"}],"author":[{"embeddable":true,"href":"https:\/\/dev.tg4.ie\/ga\/wp-json\/wp\/v2\/users\/876"}],"replies":[{"embeddable":true,"href":"https:\/\/dev.tg4.ie\/ga\/wp-json\/wp\/v2\/comments?post=112992"}],"version-history":[{"count":0,"href":"https:\/\/dev.tg4.ie\/ga\/wp-json\/wp\/v2\/pages\/112992\/revisions"}],"up":[{"embeddable":true,"href":"https:\/\/dev.tg4.ie\/ga\/wp-json\/wp\/v2\/pages\/111525"}],"wp:attachment":[{"href":"https:\/\/dev.tg4.ie\/ga\/wp-json\/wp\/v2\/media?parent=112992"}],"curies":[{"name":"wp","href":"https:\/\/api.w.org\/{rel}","templated":true}]}}