{"id":113053,"date":"2020-05-29T10:58:18","date_gmt":"2020-05-29T09:58:18","guid":{"rendered":"https:\/\/dev.tg4.ie\/?page_id=113053"},"modified":"2020-05-29T10:58:18","modified_gmt":"2020-05-29T09:58:18","slug":"all-ireland-gold-i-mi-meitheamh","status":"publish","type":"page","link":"https:\/\/dev.tg4.ie\/ga\/eolas\/preas\/nuacht-raitis\/2020-2\/all-ireland-gold-i-mi-meitheamh\/","title":{"rendered":"All Ireland Gold i M\u00ed Meitheamh"},"content":{"rendered":"<p><strong>#AllIrelandGold<\/strong><br \/>\n&nbsp;<\/p>\n<p><strong><u>D\u00e9 Domhnaigh an 7 Meitheamh<\/u><\/strong><\/p>\n<p>All Ireland Gold<\/p>\n<p>Deis eile Ciarra\u00ed V U\u00edbh Fhail\u00ed a fheice\u00e1il i gCluiche Leathcheannais Chraobh Peile na h\u00c9ireann 1980. An 24 L\u00fanasa 1980 a imr\u00edodh an cluiche seo ar Ph\u00e1irc an Chr\u00f3caigh agus cuireadh taispe\u00e1ntas d\u00e1ir\u00edre peile ar f\u00e1il don lucht lean\u00fana. \u00a0Ba \u00e9 Mick O&#8217;Dwyer an ceann feadhna ar Chiarra\u00ed agus i measc r\u00e9alta\u00ed m\u00f3ra na R\u00edochta bh\u00ed Pat Spillane, Mikey Sheehy, Eoin Liston, John Egan, Ger Power, Ogie Moran agus Imreoir na Bliana 1980 Jack O&#8217;Shea. Eugene McGee a bh\u00ed ina shaoiste ar pheilead\u00f3ir\u00ed U\u00edbh Fhail\u00ed agus ar an bhfoireann sin bh\u00ed Gerry Carroll, Richie Connor agus Matt Connor a bh\u00ed ar dhuine de fir sp\u00f3irt is fearr a th\u00e1inig as an gcontae sin riamh. Ba \u00e9 Matt Connor ba mh\u00f3 a raibh sc\u00f3ranna faighte aige sa tsraith i 1980 agus bh\u00ed Gradam All-Star Peile CLG buaite ag an bhliain sin, an t-aon cheann a chuaigh go hU\u00edbh Fhail\u00ed. \u00a0Bh\u00ed misneach maith ag U\u00edbh Fhail\u00ed ag dul isteach sa chluiche leathcheannais.\u00a0\u00a0 Ba iad Seaimp\u00edn\u00ed Peile Laighean iad ar nd\u00f3igh agus \u00c1th Cliath buailte acu &#8211; bh\u00ed \u00c1th Cliath ag dr\u00e9im leis an seacht\u00fa Craobh Laighean as a ch\u00e9ile.<\/p>\n<p>&nbsp;<\/p>\n<p>GAA Gold<\/p>\n<p>Deis eile Luimneach V Gaillimh a fheice\u00e1il i gCluiche Ceannais Chraobh Sinsear Iom\u00e1na na h\u00c9ireann 2018 ar Ph\u00e1irc an Chr\u00f3caigh. Bh\u00ed 82,300 i l\u00e1thair i gceanncheathr\u00fa CLG chun an 131\u00fa Craobh na h\u00c9ireann san Iom\u00e1int a fheice\u00e1il.\u00a0 Ba iad Gaillimh a bhuaigh an Chraobh an bhliain roimhe sin agus bh\u00ed s\u00fail acu Craobh na h\u00c9ireann a bhuachan den s\u00e9\u00fa huair.\u00a0 Ba \u00e9 John Kiely bainisteoir fhoireann Luimnigh, foireann a bh\u00ed sa gcluiche ceannais den ch\u00e9ad uair \u00f3 2007 agus a raibh s\u00fail acu an Chraobh a bhuachan an t-ocht\u00fa babhta &#8211; ba i 1973 a bhuaigh siad go deiridh \u00e9.\u00a0 Faoi dh\u00f3 cheana a thug d\u00e1 chontae aghaidh ar\u00a0 ch\u00e9ile sa gcluiche ceannais: i 1923 agus i 1980 &#8211; bhuaigh Gaillimh an d\u00e1 bhabhta acu. \u00a0Tr\u00e1chtaireacht le Garry Mac Donncha.<\/p>\n<p>&nbsp;<\/p>\n<p>&nbsp;<\/p>\n<p>&nbsp;<\/p>\n<p><strong><u>D\u00e9 Domhnaigh an 14 Meitheamh<\/u><\/strong><\/p>\n<p>All Ireland Gold<\/p>\n<p>Deis eile Aontroim V U\u00edbh Fhail\u00ed a fheice\u00e1il i gCluiche Leathcheannais Chraobh Sinsear Iom\u00e1na na h\u00c9ireann 1989 ar Ph\u00e1irc an Chr\u00f3caigh. Bh\u00ed an cluiche seo ar cheann de na cluich\u00ed ba mh\u00f3 san iom\u00e1na\u00edocht sna hocht\u00f3id\u00ed.<\/p>\n<p>Bh\u00ed Cill Chainnigh buailte ag U\u00edbh Fhail\u00ed i gCraobh Laighean agus thug aghaidh ansin ar Aontroim, a raibh Craobh Uladh sciobtha acu \u00f3 Chontae an D\u00fain.\u00a0Bh\u00ed s\u00fail ag Jim Nelson, bainisteoir Aontroma, agus a fhoireann Cluiche Ceannais Chraobh na h\u00c9ireann a bhaint amach den ch\u00e9ad uair le 46 bliain le himreoir\u00ed mar Terence McNaughton, Olcan McFetridge, Aidan McCarry, Danny McNaughton agus an captaen Ciaran Barr.\u00a0An 6 L\u00fanasa 1989 ab ea an d\u00e1ta agus chruinnigh 64,127 duine i bP\u00e1irc an Chr\u00f3caigh chun iad a fheice\u00e1il.<\/p>\n<p>&nbsp;<\/p>\n<p>GAA Gold<\/p>\n<p>An t-aicsean ar fad idir \u00c1th Cliath v Maigh Eo\u00a0 i gCluiche Ceannais Chraobh Sinsear Peile na h\u00c9ireann 2017 ar Ph\u00e1irc an Chr\u00f3caigh. Ba \u00e9 seo an ceathr\u00fa babhta ar casadh an d\u00e1 chontae seo ar a ch\u00e9ile sa chluiche ceannais &#8211; d\u2019imir siad a ch\u00e9ile cheana i 1921, 2013 agus in 2016. Bh\u00ed foireann \u00c1tha Cliath faoi sti\u00fair Jim Gavin ag s\u00fail Craobh na h\u00c9ireann a thabhairt leo den tr\u00ed\u00fa huair as a ch\u00e9ile fad is a bh\u00ed Maigh Eo, faoi bhainist\u00edocht Stephen Rochford ag dr\u00e9im Craobh na h\u00c9ireann a bhuachan den ch\u00e9ad uair \u00f3 1951.\u00a0\u00a082,243 duine a thug aghaidh ar Ph\u00e1irc an Chr\u00f3caigh an 17 Me\u00e1n F\u00f3mhair chun an cluiche a fheice\u00e1il.<\/p>\n<p>&nbsp;<\/p>\n<p>&nbsp;<\/p>\n<p>&nbsp;<\/p>\n<p><strong><u>D\u00e9 Domhnaigh an 21 Meitheamh<\/u><\/strong><\/p>\n<p>All Ireland Gold<\/p>\n<p>Deis eile D\u00fan na nGall V \u00c1th Cliath a fheice\u00e1il i gCluiche Ceannais Chraobh Sinsear Peile na h\u00c9ireann i 1992 ar Ph\u00e1irc an Chr\u00f3caigh. Ba \u00e9 Brian McEniff an fear a bh\u00ed i gceannas ar fhoireann na gConallach ar a raibh Martin and James McHugh, Brian Murray, Declan Bonner, Matt Gallagher, Manus Boyle agus Anthony Molloy ina chaptaen orthu. Bh\u00ed bar\u00fail mh\u00f3r d\u2019\u00c1th Cliath, gur leo a bheadh an l\u00e1 a d\u2019fh\u00e1gfadh Craobh na h\u00c9ireann acu den 22 uair &#8211; an ch\u00e9ad uair \u00f3 1983. Bh\u00ed s\u00fail ag D\u00fan na nGall Craobh na h\u00c9ireann a thabhairt leo den ch\u00e9ad uair. An 20 Me\u00e1n F\u00f3mhair 1992 a imr\u00edodh an 105\u00fa Craobh Peile na h\u00c9ireann.<\/p>\n<p>&nbsp;<\/p>\n<p>GAA Gold<\/p>\n<p>An t-aicsean ar fad idir Gaillimh v Cill Chainnigh i gCluiche Ceannais Chraobh Sinsear Cam\u00f3ga\u00edochta na h\u00c9ireann 2019 ar Ph\u00e1irc an Chr\u00f3caigh. Bh\u00ed r\u00fan ag Gaillimh Craobh na h\u00c9ireann sa Cham\u00f3ga\u00edocht a thabhairt siar den tr\u00ed\u00fa huair &#8211; \u00ed buaite roimhe sin acu i 1996 agus in 2013. Bh\u00ed Cill Chainnigh ar thriail na Craoibhe den cheathr\u00fa babhta\u00a0 d\u00e9ag ach den ch\u00e9ad uair \u00f3 2016. N\u00edor casadh na foirne ar a ch\u00e9ile ach aon uair amh\u00e1in roimhe sin &#8211; in 2013 nuair a bh\u00ed an l\u00e1 le Gaillimh. Bh\u00ed Tiobraid \u00c1rann buailte ag Cill Chainnigh i gcluiche leathcheannais a raibh lear m\u00f3r sc\u00f3r\u00e1la ann.\u00a0\u00a0 Corcaigh a bh\u00ed clo\u00edte ag Gaillimh sa chluiche leathcheannais eile. An 8 Me\u00e1n F\u00f3mhair 2019 a imr\u00edodh an 88\u00fa Craobh na h\u00c9ireann sa Cham\u00f3ga\u00edocht.<\/p>\n<p>&nbsp;<\/p>\n<p>&nbsp;<\/p>\n<p>&nbsp;<\/p>\n<p><strong><u>D\u00e9 Domhnaigh an 28 Meitheamh<\/u><\/strong><\/p>\n<p>All Ireland Gold<\/p>\n<p>Deis eile Corcaigh V Loch Garman a fheice\u00e1il i gCluiche Ceannais Chraobh Sinsear Iom\u00e1na na h\u00c9ireann i 1976 ar Ph\u00e1irc an Chr\u00f3caigh.\u00a0\u00a0Bh\u00ed s\u00fail ag Loch Garman Craobh na h\u00c9ireann a bhuachan den ch\u00e9ad uair \u00f3 1968 agus ba i 1970 a bhuaigh Corcaigh \u00e9.<\/p>\n<p>An tAthair Bertie Troy a bh\u00ed i gceannas ar fhoireann Chorca\u00ed agus i measc na n-imreoir\u00ed bh\u00ed Jimmy Barry Murphy, Seanie O&#8217;Leary, Charlie McCarthy agus an captaen Ray Cummins a bh\u00ed ag imirt sna l\u00e1ntosaithe agus bh\u00ed ar an gc\u00e9ad imreoir riamh gradam All Star a bhuachan san iom\u00e1int agus sa pheil.\u00a0Tom Neville ab ea bainisteoir Loch Garman agus i measc a chuid fear bh\u00ed Willie Murphy, John agus Martin Quigley, Mick Jacob, Colm Doran, John Nolan, Mick Butler agus Imreoir na Bliana Texaco Tony Doran.\u00a0 \u00a0An 5 Me\u00e1n F\u00f3mhair 1976 a imr\u00edodh an 90\u00fa Craobh Iom\u00e1na na h\u00c9ireann.<\/p>\n<p>&nbsp;<\/p>\n<p>&nbsp;<\/p>\n<p>GAA Gold<\/p>\n<p>Athimirt ar Chraobh Peile na h\u00c9ireann 2019<\/p>\n<p>Deis eile \u00c1th Cliath V Ciarra\u00ed a fheice\u00e1il san athimirt ar Chluiche Ceannais Chraobh Peile na h\u00c9ireann ar Ph\u00e1irc an Chr\u00f3caigh in 2019. Bh\u00ed an d\u00e1 fhoireann ar ais i gCeanncheathr\u00fa CLG de bharr iad a bheith ar chomhsc\u00f3r, 1-16 an taobh, coic\u00eds roimhe sin i gcluiche den ch\u00e9ad scoth.\u00a0\u00a0Chruinnigh 82,300 d\u00e1 lucht lean\u00fana i bP\u00e1irc an Chr\u00f3caigh tr\u00e1thn\u00f3na Sathairn chun an cluiche stairi\u00fail seo a fheice\u00e1il a imr\u00edodh faoi shoilse. Bh\u00ed s\u00fail ag \u00c1th Cliath an chraobh a thabhairt leo c\u00faig bliana as a ch\u00e9ile, rud nach raibh d\u00e9anta ag aon fhoireann.<sup>\u00a0<\/sup>13 uair ar fad a chas Ciarra\u00ed agus \u00c1th Cliath ar a ch\u00e9ile i gCraobh na h\u00c9ireann roimhe sin, an l\u00e1 le Ciarra\u00ed 8 mbabhta d\u00edobh agus an Chraobh ag dul abhaile ag \u00c1th Cliath c\u00faig bhabhta.<\/p>\n<p>&nbsp;<\/p>\n<p><img loading=\"lazy\" decoding=\"async\" width=\"657\" height=\"369\" src=\"https:\/\/tg4-docs.s3.amazonaws.com\/tg4-redesign-2015\/wp-content\/uploads\/2020\/05\/AIG_Meitheamh_1.jpg\" alt=\"\" class=\"aligncenter size-full wp-image-113056\" srcset=\"https:\/\/tg4-docs.s3.amazonaws.com\/tg4-redesign-2015\/wp-content\/uploads\/2020\/05\/AIG_Meitheamh_1.jpg 657w, https:\/\/tg4-docs.s3.amazonaws.com\/tg4-redesign-2015\/wp-content\/uploads\/2020\/05\/AIG_Meitheamh_1-250x140.jpg 250w, https:\/\/tg4-docs.s3.amazonaws.com\/tg4-redesign-2015\/wp-content\/uploads\/2020\/05\/AIG_Meitheamh_1-252x141.jpg 252w, https:\/\/tg4-docs.s3.amazonaws.com\/tg4-redesign-2015\/wp-content\/uploads\/2020\/05\/AIG_Meitheamh_1-120x67.jpg 120w\" sizes=\"(max-width: 657px) 100vw, 657px\" \/><br \/>\n&nbsp;<\/p>\n","protected":false},"excerpt":{"rendered":"<p>#AllIrelandGold &nbsp; D\u00e9 Domhnaigh an 7 Meitheamh All Ireland Gold Deis eile Ciarra\u00ed V U\u00edbh Fhail\u00ed a fheice\u00e1il i gCluiche Leathcheannais Chraobh Peile na h\u00c9ireann 1980. An 24 L\u00fanasa 1980 a imr\u00edodh an cluiche seo ar Ph\u00e1irc an Chr\u00f3caigh agus cuireadh taispe\u00e1ntas d\u00e1ir\u00edre peile ar f\u00e1il don lucht lean\u00fana. \u00a0Ba \u00e9 Mick O&#8217;Dwyer an ceann [&hellip;]<\/p>\n","protected":false},"author":876,"featured_media":0,"parent":111525,"menu_order":20,"comment_status":"closed","ping_status":"closed","template":"page-templates\/template-pr.php","meta":{"_acf_changed":false,"footnotes":""},"acf":[],"yoast_head":"<!-- This site is optimized with the Yoast SEO plugin v22.6 - https:\/\/yoast.com\/wordpress\/plugins\/seo\/ -->\n<title>All Ireland Gold i M\u00ed Meitheamh | Preas R\u00e1iteas | TG4<\/title>\n<meta name=\"robots\" content=\"index, follow, max-snippet:-1, max-image-preview:large, max-video-preview:-1\" \/>\n<meta property=\"og:locale\" content=\"en_US\" \/>\n<meta property=\"og:type\" content=\"article\" \/>\n<meta property=\"og:title\" content=\"All Ireland Gold i M\u00ed Meitheamh | Preas R\u00e1iteas | TG4\" \/>\n<meta property=\"og:description\" content=\"#AllIrelandGold &nbsp; D\u00e9 Domhnaigh an 7 Meitheamh All Ireland Gold Deis eile Ciarra\u00ed V U\u00edbh Fhail\u00ed a fheice\u00e1il i gCluiche Leathcheannais Chraobh Peile na h\u00c9ireann 1980. An 24 L\u00fanasa 1980 a imr\u00edodh an cluiche seo ar Ph\u00e1irc an Chr\u00f3caigh agus cuireadh taispe\u00e1ntas d\u00e1ir\u00edre peile ar f\u00e1il don lucht lean\u00fana. \u00a0Ba \u00e9 Mick O&#8217;Dwyer an ceann [&hellip;]\" \/>\n<meta property=\"og:url\" content=\"https:\/\/dev.tg4.ie\/ga\/eolas\/preas\/nuacht-raitis\/2020-2\/all-ireland-gold-i-mi-meitheamh\/\" \/>\n<meta property=\"og:site_name\" content=\"TG4\" \/>\n<meta property=\"article:publisher\" content=\"https:\/\/www.facebook.com\/TG4TV\" \/>\n<meta property=\"og:image\" content=\"https:\/\/tg4-docs.s3.amazonaws.com\/tg4-redesign-2015\/wp-content\/uploads\/2020\/05\/AIG_Meitheamh_1.jpg\" \/>\n\t<meta property=\"og:image:width\" content=\"657\" \/>\n\t<meta property=\"og:image:height\" content=\"369\" \/>\n\t<meta property=\"og:image:type\" content=\"image\/jpeg\" \/>\n<meta name=\"twitter:card\" content=\"summary_large_image\" \/>\n<meta name=\"twitter:image\" content=\"https:\/\/tg4-docs.s3.amazonaws.com\/tg4-redesign-2015\/wp-content\/uploads\/2020\/05\/AIG_Meitheamh_1.jpg\" \/>\n<meta name=\"twitter:site\" content=\"@TG4TV\" \/>\n<meta name=\"twitter:label1\" content=\"Est. reading time\" \/>\n\t<meta name=\"twitter:data1\" content=\"6 minutes\" \/>\n<script type=\"application\/ld+json\" class=\"yoast-schema-graph\">{\"@context\":\"https:\/\/schema.org\",\"@graph\":[{\"@type\":\"WebPage\",\"@id\":\"https:\/\/dev.tg4.ie\/ga\/eolas\/preas\/nuacht-raitis\/2020-2\/all-ireland-gold-i-mi-meitheamh\/\",\"url\":\"https:\/\/dev.tg4.ie\/ga\/eolas\/preas\/nuacht-raitis\/2020-2\/all-ireland-gold-i-mi-meitheamh\/\",\"name\":\"All Ireland Gold i M\u00ed Meitheamh | Preas R\u00e1iteas | TG4\",\"isPartOf\":{\"@id\":\"https:\/\/dev.tg4.ie\/en\/#website\"},\"primaryImageOfPage\":{\"@id\":\"https:\/\/dev.tg4.ie\/ga\/eolas\/preas\/nuacht-raitis\/2020-2\/all-ireland-gold-i-mi-meitheamh\/#primaryimage\"},\"image\":{\"@id\":\"https:\/\/dev.tg4.ie\/ga\/eolas\/preas\/nuacht-raitis\/2020-2\/all-ireland-gold-i-mi-meitheamh\/#primaryimage\"},\"thumbnailUrl\":\"https:\/\/dev.tg4.ie\/wp-content\/uploads\/2020\/05\/AIG_Meitheamh_1.jpg\",\"datePublished\":\"2020-05-29T09:58:18+00:00\",\"dateModified\":\"2020-05-29T09:58:18+00:00\",\"breadcrumb\":{\"@id\":\"https:\/\/dev.tg4.ie\/ga\/eolas\/preas\/nuacht-raitis\/2020-2\/all-ireland-gold-i-mi-meitheamh\/#breadcrumb\"},\"inLanguage\":\"ga\",\"potentialAction\":[{\"@type\":\"ReadAction\",\"target\":[\"https:\/\/dev.tg4.ie\/ga\/eolas\/preas\/nuacht-raitis\/2020-2\/all-ireland-gold-i-mi-meitheamh\/\"]}]},{\"@type\":\"ImageObject\",\"inLanguage\":\"ga\",\"@id\":\"https:\/\/dev.tg4.ie\/ga\/eolas\/preas\/nuacht-raitis\/2020-2\/all-ireland-gold-i-mi-meitheamh\/#primaryimage\",\"url\":\"https:\/\/dev.tg4.ie\/wp-content\/uploads\/2020\/05\/AIG_Meitheamh_1.jpg\",\"contentUrl\":\"https:\/\/dev.tg4.ie\/wp-content\/uploads\/2020\/05\/AIG_Meitheamh_1.jpg\"},{\"@type\":\"BreadcrumbList\",\"@id\":\"https:\/\/dev.tg4.ie\/ga\/eolas\/preas\/nuacht-raitis\/2020-2\/all-ireland-gold-i-mi-meitheamh\/#breadcrumb\",\"itemListElement\":[{\"@type\":\"ListItem\",\"position\":1,\"name\":\"Home\",\"item\":\"https:\/\/dev.tg4.ie\/ga\/\"},{\"@type\":\"ListItem\",\"position\":2,\"name\":\"Eolas\",\"item\":\"https:\/\/dev.tg4.ie\/ga\/eolas\/\"},{\"@type\":\"ListItem\",\"position\":3,\"name\":\"Preas\",\"item\":\"https:\/\/dev.tg4.ie\/ga\/eolas\/preas\/\"},{\"@type\":\"ListItem\",\"position\":4,\"name\":\"Nuacht R\u00e1itis\",\"item\":\"https:\/\/dev.tg4.ie\/ga\/eolas\/preas\/nuacht-raitis\/\"},{\"@type\":\"ListItem\",\"position\":5,\"name\":\"2020\",\"item\":\"https:\/\/dev.tg4.ie\/ga\/eolas\/preas\/nuacht-raitis\/2020-2\/\"},{\"@type\":\"ListItem\",\"position\":6,\"name\":\"All Ireland Gold i M\u00ed Meitheamh\"}]},{\"@type\":\"WebSite\",\"@id\":\"https:\/\/dev.tg4.ie\/en\/#website\",\"url\":\"https:\/\/dev.tg4.ie\/en\/\",\"name\":\"TG4\",\"description\":\"S\u00fail Eile\",\"potentialAction\":[{\"@type\":\"SearchAction\",\"target\":{\"@type\":\"EntryPoint\",\"urlTemplate\":\"https:\/\/dev.tg4.ie\/en\/?s={search_term_string}\"},\"query-input\":\"required name=search_term_string\"}],\"inLanguage\":\"ga\"}]}<\/script>\n<!-- \/ Yoast SEO plugin. -->","yoast_head_json":{"title":"All Ireland Gold i M\u00ed Meitheamh | Preas R\u00e1iteas | TG4","robots":{"index":"index","follow":"follow","max-snippet":"max-snippet:-1","max-image-preview":"max-image-preview:large","max-video-preview":"max-video-preview:-1"},"og_locale":"en_US","og_type":"article","og_title":"All Ireland Gold i M\u00ed Meitheamh | Preas R\u00e1iteas | TG4","og_description":"#AllIrelandGold &nbsp; D\u00e9 Domhnaigh an 7 Meitheamh All Ireland Gold Deis eile Ciarra\u00ed V U\u00edbh Fhail\u00ed a fheice\u00e1il i gCluiche Leathcheannais Chraobh Peile na h\u00c9ireann 1980. An 24 L\u00fanasa 1980 a imr\u00edodh an cluiche seo ar Ph\u00e1irc an Chr\u00f3caigh agus cuireadh taispe\u00e1ntas d\u00e1ir\u00edre peile ar f\u00e1il don lucht lean\u00fana. \u00a0Ba \u00e9 Mick O&#8217;Dwyer an ceann [&hellip;]","og_url":"https:\/\/dev.tg4.ie\/ga\/eolas\/preas\/nuacht-raitis\/2020-2\/all-ireland-gold-i-mi-meitheamh\/","og_site_name":"TG4","article_publisher":"https:\/\/www.facebook.com\/TG4TV","og_image":[{"width":657,"height":369,"url":"https:\/\/tg4-docs.s3.amazonaws.com\/tg4-redesign-2015\/wp-content\/uploads\/2020\/05\/AIG_Meitheamh_1.jpg","type":"image\/jpeg"}],"twitter_card":"summary_large_image","twitter_image":"https:\/\/tg4-docs.s3.amazonaws.com\/tg4-redesign-2015\/wp-content\/uploads\/2020\/05\/AIG_Meitheamh_1.jpg","twitter_site":"@TG4TV","twitter_misc":{"Est. reading time":"6 minutes"},"schema":{"@context":"https:\/\/schema.org","@graph":[{"@type":"WebPage","@id":"https:\/\/dev.tg4.ie\/ga\/eolas\/preas\/nuacht-raitis\/2020-2\/all-ireland-gold-i-mi-meitheamh\/","url":"https:\/\/dev.tg4.ie\/ga\/eolas\/preas\/nuacht-raitis\/2020-2\/all-ireland-gold-i-mi-meitheamh\/","name":"All Ireland Gold i M\u00ed Meitheamh | Preas R\u00e1iteas | TG4","isPartOf":{"@id":"https:\/\/dev.tg4.ie\/en\/#website"},"primaryImageOfPage":{"@id":"https:\/\/dev.tg4.ie\/ga\/eolas\/preas\/nuacht-raitis\/2020-2\/all-ireland-gold-i-mi-meitheamh\/#primaryimage"},"image":{"@id":"https:\/\/dev.tg4.ie\/ga\/eolas\/preas\/nuacht-raitis\/2020-2\/all-ireland-gold-i-mi-meitheamh\/#primaryimage"},"thumbnailUrl":"https:\/\/dev.tg4.ie\/wp-content\/uploads\/2020\/05\/AIG_Meitheamh_1.jpg","datePublished":"2020-05-29T09:58:18+00:00","dateModified":"2020-05-29T09:58:18+00:00","breadcrumb":{"@id":"https:\/\/dev.tg4.ie\/ga\/eolas\/preas\/nuacht-raitis\/2020-2\/all-ireland-gold-i-mi-meitheamh\/#breadcrumb"},"inLanguage":"ga","potentialAction":[{"@type":"ReadAction","target":["https:\/\/dev.tg4.ie\/ga\/eolas\/preas\/nuacht-raitis\/2020-2\/all-ireland-gold-i-mi-meitheamh\/"]}]},{"@type":"ImageObject","inLanguage":"ga","@id":"https:\/\/dev.tg4.ie\/ga\/eolas\/preas\/nuacht-raitis\/2020-2\/all-ireland-gold-i-mi-meitheamh\/#primaryimage","url":"https:\/\/dev.tg4.ie\/wp-content\/uploads\/2020\/05\/AIG_Meitheamh_1.jpg","contentUrl":"https:\/\/dev.tg4.ie\/wp-content\/uploads\/2020\/05\/AIG_Meitheamh_1.jpg"},{"@type":"BreadcrumbList","@id":"https:\/\/dev.tg4.ie\/ga\/eolas\/preas\/nuacht-raitis\/2020-2\/all-ireland-gold-i-mi-meitheamh\/#breadcrumb","itemListElement":[{"@type":"ListItem","position":1,"name":"Home","item":"https:\/\/dev.tg4.ie\/ga\/"},{"@type":"ListItem","position":2,"name":"Eolas","item":"https:\/\/dev.tg4.ie\/ga\/eolas\/"},{"@type":"ListItem","position":3,"name":"Preas","item":"https:\/\/dev.tg4.ie\/ga\/eolas\/preas\/"},{"@type":"ListItem","position":4,"name":"Nuacht R\u00e1itis","item":"https:\/\/dev.tg4.ie\/ga\/eolas\/preas\/nuacht-raitis\/"},{"@type":"ListItem","position":5,"name":"2020","item":"https:\/\/dev.tg4.ie\/ga\/eolas\/preas\/nuacht-raitis\/2020-2\/"},{"@type":"ListItem","position":6,"name":"All Ireland Gold i M\u00ed Meitheamh"}]},{"@type":"WebSite","@id":"https:\/\/dev.tg4.ie\/en\/#website","url":"https:\/\/dev.tg4.ie\/en\/","name":"TG4","description":"S\u00fail Eile","potentialAction":[{"@type":"SearchAction","target":{"@type":"EntryPoint","urlTemplate":"https:\/\/dev.tg4.ie\/en\/?s={search_term_string}"},"query-input":"required name=search_term_string"}],"inLanguage":"ga"}]}},"_links":{"self":[{"href":"https:\/\/dev.tg4.ie\/ga\/wp-json\/wp\/v2\/pages\/113053"}],"collection":[{"href":"https:\/\/dev.tg4.ie\/ga\/wp-json\/wp\/v2\/pages"}],"about":[{"href":"https:\/\/dev.tg4.ie\/ga\/wp-json\/wp\/v2\/types\/page"}],"author":[{"embeddable":true,"href":"https:\/\/dev.tg4.ie\/ga\/wp-json\/wp\/v2\/users\/876"}],"replies":[{"embeddable":true,"href":"https:\/\/dev.tg4.ie\/ga\/wp-json\/wp\/v2\/comments?post=113053"}],"version-history":[{"count":0,"href":"https:\/\/dev.tg4.ie\/ga\/wp-json\/wp\/v2\/pages\/113053\/revisions"}],"up":[{"embeddable":true,"href":"https:\/\/dev.tg4.ie\/ga\/wp-json\/wp\/v2\/pages\/111525"}],"wp:attachment":[{"href":"https:\/\/dev.tg4.ie\/ga\/wp-json\/wp\/v2\/media?parent=113053"}],"curies":[{"name":"wp","href":"https:\/\/api.w.org\/{rel}","templated":true}]}}