{"id":113110,"date":"2020-05-29T15:57:44","date_gmt":"2020-05-29T14:57:44","guid":{"rendered":"https:\/\/dev.tg4.ie\/?page_id=113110"},"modified":"2020-06-02T12:02:54","modified_gmt":"2020-06-02T11:02:54","slug":"tg4-ar-an-2u-caineal-is-mo-feachana-sa-tir-le-linn-cula4-ar-scoil","status":"publish","type":"page","link":"https:\/\/dev.tg4.ie\/ga\/eolas\/preas\/nuacht-raitis\/2020-2\/tg4-ar-an-2u-caineal-is-mo-feachana-sa-tir-le-linn-cula4-ar-scoil\/","title":{"rendered":"TG4 ar an 2\u00fa cain\u00e9al is m\u00f3 f\u00e9achana sa t\u00edr le linn &#8216;C\u00fala4 ar Scoil&#8217;"},"content":{"rendered":"<p><img loading=\"lazy\" decoding=\"async\" width=\"1920\" height=\"1080\" src=\"https:\/\/tg4-docs.s3.amazonaws.com\/tg4-redesign-2015\/wp-content\/uploads\/2020\/05\/Cula4_Bealtaine_1_1920x1080.jpg\" alt=\"\" class=\"aligncenter size-full wp-image-113082\" srcset=\"https:\/\/tg4-docs.s3.amazonaws.com\/tg4-redesign-2015\/wp-content\/uploads\/2020\/05\/Cula4_Bealtaine_1_1920x1080.jpg 1920w, https:\/\/tg4-docs.s3.amazonaws.com\/tg4-redesign-2015\/wp-content\/uploads\/2020\/05\/Cula4_Bealtaine_1_1920x1080-250x141.jpg 250w, https:\/\/tg4-docs.s3.amazonaws.com\/tg4-redesign-2015\/wp-content\/uploads\/2020\/05\/Cula4_Bealtaine_1_1920x1080-700x394.jpg 700w, https:\/\/tg4-docs.s3.amazonaws.com\/tg4-redesign-2015\/wp-content\/uploads\/2020\/05\/Cula4_Bealtaine_1_1920x1080-252x141.jpg 252w, https:\/\/tg4-docs.s3.amazonaws.com\/tg4-redesign-2015\/wp-content\/uploads\/2020\/05\/Cula4_Bealtaine_1_1920x1080-1536x864.jpg 1536w, https:\/\/tg4-docs.s3.amazonaws.com\/tg4-redesign-2015\/wp-content\/uploads\/2020\/05\/Cula4_Bealtaine_1_1920x1080-120x68.jpg 120w\" sizes=\"(max-width: 1920px) 100vw, 1920px\" \/><br \/>\n&nbsp;<\/p>\n<p><iframe loading=\"lazy\" width=\"560\" height=\"315\" src=\"https:\/\/www.youtube.com\/embed\/tI-J6YYHWeM\" frameborder=\"0\" allow=\"accelerometer; autoplay; encrypted-media; gyroscope; picture-in-picture\" allowfullscreen><\/iframe><br \/>\n&nbsp;<br \/>\nDe\u00a0r\u00e9ir\u00a0fhigi\u00fair\u00ed\u00a0TAM Ireland\/Nielsen,\u00a0bh\u00ed\u00a0TG4\u00a0ar\u00a0an 2\u00fa\u00a0cain\u00e9al is m\u00f3 f\u00e9achana sa\u00a0t\u00edr\u00a0agus\u00a0<strong>C\u00fala4\u00a0ar Scoil<\/strong> ar aer, thar an ch\u00e9ad cheithre seachtaine den tsraith. T\u00e1\u00a0m\u00e9ad\u00fa\u00a0faoi\u00a0deich\u00a0tagtha\u00a0ar\u00a0ghn\u00e1th\u00a0scair\u00a0lucht\u00a0f\u00e9achana\u00a0do\u00a0dhaoine\u00a0\u00f3ga\u00a0ar\u00a0TG4 mar\u00a0gheall\u00a0ar\u00a0C\u00fala4\u00a0ar\u00a0Scoil.\u00a0\u00a0B\u00edonn\u00a08%\u00a0sciar\u00a0den\u00a0lucht\u00a0f\u00e9achana\u00a0ar\u00a0an\u00a0me\u00e1n\u00a0ag C\u00fala4\u00a0ar\u00a0Scoil\u00a0gach\u00a0l\u00e1,\u00a0agus ba sciar\u00a0de 16%,\u00a0an\u00a0sciar\u00a0is\u00a0airde\u00a0a\u00a0fuair\u00a0an\u00a0cl\u00e1r\u00a0\u00f3\u00a0cuireadh\u00a0t\u00fas\u00a0leis tar\u00a0\u00e9is\u00a0saoire\u00a0na\u00a0C\u00e1sca\u00a0ar\u00a0an 20\u00a0Aibre\u00e1n.\u00a0 T\u00e1 aimsi\u00fa ioml\u00e1n de 85,000 duine tar \u00e9is f\u00e9achaint ar C\u00fala4 ar Scoil \u00f3 th\u00fas na sraithe, agus t\u00e1 aimsi\u00fa seachtaini\u00fail de 30,000 aige.<\/p>\n<p>&nbsp;<\/p>\n<p>T\u00e1\u00a0C\u00fala4\u00a0ar\u00a0Scoil\u00a0ag\u00a0tarraingt\u00a0lucht\u00a0f\u00e9achana\u00a0chuig\u00a0seinnteoir\u00a0TG4\u00a0freisin.\u00a0T\u00e1\u00a0os\u00a0cionn\u00a036,500\u00a0amharc\u00a0f\u00edse\u00a0ar\u00a0C\u00fala4 ar\u00a0Scoil\u00a0go\u00a0dt\u00ed\u00a0seo ar tg4.ie. T\u00e1\u00a049% den\u00a0lucht\u00a0f\u00e9achana\u00a0a\u00a0fh\u00e9achann\u00a0ar\u00a0an\u00a0seinnteoir\u00a0anois, ag\u00a0f\u00e9achaint\u00a0ar\u00a0\u00e1bhair\u00a0do\u00a0ph\u00e1ist\u00ed. T\u00e1 144,000 amharc f\u00edse ar chl\u00e1ir do dhaoine \u00f3ga ar an seinnteoir \u00f3 cuireadh t\u00fas le C\u00fala4 ar Scoil.<br \/>\n&nbsp;<br \/>\nT\u00e1 ceachtanna \u00f3 C\u00fala4 ar Scoil ar f\u00e1il ar\u00a0YouTube C\u00fala4, \u00e1it a bhfuil m\u00e9ad\u00fa 114% ar amharcanna f\u00edse \u00f3 th\u00fas na sraithe.\u00a0 Go dt\u00ed seo t\u00e1 11,176 amharc f\u00edse a ar fh\u00edse\u00e1in a bhaineann le C\u00fala4 ar Scoil ar YouTube C\u00fala4 agus t\u00e1 m\u00e9ad\u00fa ar \u00e1bhair eile at\u00e1 ar f\u00e1il ar an gcain\u00e9al YouTube, cos\u00fail le Sc\u00e9al an Lae. Ina ioml\u00e1n \u00f3 cuireadh t\u00fas le C\u00fala4 ar Scoil, t\u00e1 85,400 amharc f\u00edse ar YouTube C\u00fala4.\u00a0 T\u00e1 an-t\u00f3ir freisin ar \u00e1bhair a bhaineann leis an tsraith\u00a0ar na hard\u00e1in sh\u00f3isialta eile, ar Twitter agus Facebook ach go h\u00e1irithe.<br \/>\n&nbsp;<br \/>\nCuireadh t\u00fas le C\u00fala4 ar Scoil ar an 20 Aibre\u00e1n chun tac\u00fa le dalta\u00ed bunscoile Gaeltachta agus gaelscoile agus a dtuismitheoir\u00ed at\u00e1 sa bhaile faoi l\u00e1thair de bharr srianta a bhaineann le Covid-19. Leanfar ar aghaidh leis go dt\u00ed an 26\u00fa Meitheamh. Craoltar\u00a0an\u00a0cl\u00e1r\u00a0\u00f3 Luan go\u00a0hAoine\u00a0idir\u00a0a 10:00a.m go 10:30a.m.\u00a0Is\u00a0iad\u00a0Caitr\u00edona N\u00ed Chual\u00e1in\u00a0agus\u00a0Fiachra \u00d3 Dubhghaill na\u00a0m\u00fainteoir\u00ed\u00a0at\u00e1\u00a0i\u00a0i\u00a0mbun\u00a0na\u00a0ranganna.\u00a0Cl\u00fada\u00edtear\u00a0cro\u00ed-\u00e1bhair\u00a0an\u00a0churaclaim\u00a0ar\u00a0n\u00f3s:\u00a0Gaeilge,\u00a0Matamatic, Stair\u00a0agus\u00a0T\u00edreola\u00edocht, ach\u00a0t\u00e1\u00a0b\u00e9im\u00a0freisin\u00a0ar\u00a0an\u00a0gcruthaitheacht, na\u00a0heala\u00edona\u00a0b\u00e9il\u00a0agus\u00a0ar\u00a0ch\u00farsa\u00ed\u00a0sl\u00e1inte\u00a0agus\u00a0foll\u00e1ine.<br \/>\n&nbsp;<br \/>\nIs \u00e9 an comhlacht l\u00e9\u00edrithe &#8216;F\u00edb\u00edn&#8217; at\u00e1 in a mbun; comhlacht a bhfuil aitheantas agus gradaim bainte amach aige do shraitheanna cos\u00fail le &#8216;Is Eola\u00ed M\u00e9&#8217;, &#8216;Is Mise&#8217;, agus &#8216;Saol faoi Shr\u00e1id&#8217; do dhaoine \u00f3ga.\u00a0\u00a0Is \u00e9 Darach \u00d3 Tuairisg l\u00e9iritheoir na sraithe agus Ethel Burke, m\u00fainteoir bunscoile a bhfuil taith\u00ed st\u00e1itse, teilif\u00edse agus aisteoireachta aici at\u00e1 i mbun an l\u00e9irithe agus cri\u00fa Telegael i mbun an taifeadta.\u00a0 T\u00e1 an cl\u00e1r \u00e1 l\u00e9iri\u00fa le maoini\u00fa \u00f3 TG4, agus le comhairle faoin \u00e1bhar oideachtais agus curaclaim \u00f3n Roinn Oideachais agus Scileanna, Col\u00e1iste Mhuire gan Sm\u00e1l, An Comhairle um Oideachas Gaeltachta agus Gaelscola\u00edochta (COGG), An tSeirbh\u00eds um Fhorbairt Ghairmi\u00fail do Mh\u00fainteoir\u00ed (PDST), agus Gaeloideachas.\u00a0 T\u00e1 sainthaith\u00ed agus comhairle Thuismitheoir\u00ed na Gaeltachta curtha san \u00e1ireamh sa chur chuige at\u00e1 sa chl\u00e1r freisin.<br \/>\n&nbsp;<\/p>\n<p>Deir Siobh\u00e1n N\u00ed Bhr\u00e1daigh,\u00a0Eagarth\u00f3ir Daoine\u00a0\u00d3ga TG4:<em>\u00a0&#8220;Is bre\u00e1 linn go bhfuil ceangal laeth\u00fail leis an lucht f\u00e9achana agus go bhfuilimid ag tac\u00fa le tuismitheoir\u00ed agus le m\u00fainteoir\u00ed sa tr\u00e9imhse seo, agus is l\u00e9ir \u00f3 na figi\u00fair\u00ed seo go bhfuil an lucht f\u00e9achana ag baint taitneamh as freisin.&#8221;\u00a0<\/em><\/p>\n<p>&nbsp;<\/p>\n","protected":false},"excerpt":{"rendered":"<p>&nbsp; &nbsp; De\u00a0r\u00e9ir\u00a0fhigi\u00fair\u00ed\u00a0TAM Ireland\/Nielsen,\u00a0bh\u00ed\u00a0TG4\u00a0ar\u00a0an 2\u00fa\u00a0cain\u00e9al is m\u00f3 f\u00e9achana sa\u00a0t\u00edr\u00a0agus\u00a0C\u00fala4\u00a0ar Scoil ar aer, thar an ch\u00e9ad cheithre seachtaine den tsraith. T\u00e1\u00a0m\u00e9ad\u00fa\u00a0faoi\u00a0deich\u00a0tagtha\u00a0ar\u00a0ghn\u00e1th\u00a0scair\u00a0lucht\u00a0f\u00e9achana\u00a0do\u00a0dhaoine\u00a0\u00f3ga\u00a0ar\u00a0TG4 mar\u00a0gheall\u00a0ar\u00a0C\u00fala4\u00a0ar\u00a0Scoil.\u00a0\u00a0B\u00edonn\u00a08%\u00a0sciar\u00a0den\u00a0lucht\u00a0f\u00e9achana\u00a0ar\u00a0an\u00a0me\u00e1n\u00a0ag C\u00fala4\u00a0ar\u00a0Scoil\u00a0gach\u00a0l\u00e1,\u00a0agus ba sciar\u00a0de 16%,\u00a0an\u00a0sciar\u00a0is\u00a0airde\u00a0a\u00a0fuair\u00a0an\u00a0cl\u00e1r\u00a0\u00f3\u00a0cuireadh\u00a0t\u00fas\u00a0leis tar\u00a0\u00e9is\u00a0saoire\u00a0na\u00a0C\u00e1sca\u00a0ar\u00a0an 20\u00a0Aibre\u00e1n.\u00a0 T\u00e1 aimsi\u00fa ioml\u00e1n de 85,000 duine tar \u00e9is f\u00e9achaint ar C\u00fala4 ar Scoil \u00f3 th\u00fas na sraithe, agus t\u00e1 aimsi\u00fa seachtaini\u00fail de 30,000 aige. &nbsp; T\u00e1\u00a0C\u00fala4\u00a0ar\u00a0Scoil\u00a0ag\u00a0tarraingt\u00a0lucht\u00a0f\u00e9achana\u00a0chuig\u00a0seinnteoir\u00a0TG4\u00a0freisin.\u00a0T\u00e1\u00a0os\u00a0cionn\u00a036,500\u00a0amharc\u00a0f\u00edse\u00a0ar\u00a0C\u00fala4 ar\u00a0Scoil\u00a0go\u00a0dt\u00ed\u00a0seo ar [&hellip;]<\/p>\n","protected":false},"author":876,"featured_media":0,"parent":111525,"menu_order":21,"comment_status":"closed","ping_status":"closed","template":"page-templates\/template-pr.php","meta":{"_acf_changed":false,"footnotes":""},"acf":[],"yoast_head":"<!-- This site is optimized with the Yoast SEO plugin v22.6 - https:\/\/yoast.com\/wordpress\/plugins\/seo\/ -->\n<title>TG4 ar an 2\u00fa cain\u00e9al is m\u00f3 f\u00e9achana sa t\u00edr le linn &#039;C\u00fala4 ar Scoil&#039; | Preas R\u00e1iteas | TG4<\/title>\n<meta name=\"robots\" content=\"index, follow, max-snippet:-1, max-image-preview:large, max-video-preview:-1\" \/>\n<meta property=\"og:locale\" content=\"en_US\" \/>\n<meta property=\"og:type\" content=\"article\" \/>\n<meta property=\"og:title\" content=\"TG4 ar an 2\u00fa cain\u00e9al is m\u00f3 f\u00e9achana sa t\u00edr le linn &#039;C\u00fala4 ar Scoil&#039; | Preas R\u00e1iteas | TG4\" \/>\n<meta property=\"og:description\" content=\"&nbsp; &nbsp; De\u00a0r\u00e9ir\u00a0fhigi\u00fair\u00ed\u00a0TAM Ireland\/Nielsen,\u00a0bh\u00ed\u00a0TG4\u00a0ar\u00a0an 2\u00fa\u00a0cain\u00e9al is m\u00f3 f\u00e9achana sa\u00a0t\u00edr\u00a0agus\u00a0C\u00fala4\u00a0ar Scoil ar aer, thar an ch\u00e9ad cheithre seachtaine den tsraith. T\u00e1\u00a0m\u00e9ad\u00fa\u00a0faoi\u00a0deich\u00a0tagtha\u00a0ar\u00a0ghn\u00e1th\u00a0scair\u00a0lucht\u00a0f\u00e9achana\u00a0do\u00a0dhaoine\u00a0\u00f3ga\u00a0ar\u00a0TG4 mar\u00a0gheall\u00a0ar\u00a0C\u00fala4\u00a0ar\u00a0Scoil.\u00a0\u00a0B\u00edonn\u00a08%\u00a0sciar\u00a0den\u00a0lucht\u00a0f\u00e9achana\u00a0ar\u00a0an\u00a0me\u00e1n\u00a0ag C\u00fala4\u00a0ar\u00a0Scoil\u00a0gach\u00a0l\u00e1,\u00a0agus ba sciar\u00a0de 16%,\u00a0an\u00a0sciar\u00a0is\u00a0airde\u00a0a\u00a0fuair\u00a0an\u00a0cl\u00e1r\u00a0\u00f3\u00a0cuireadh\u00a0t\u00fas\u00a0leis tar\u00a0\u00e9is\u00a0saoire\u00a0na\u00a0C\u00e1sca\u00a0ar\u00a0an 20\u00a0Aibre\u00e1n.\u00a0 T\u00e1 aimsi\u00fa ioml\u00e1n de 85,000 duine tar \u00e9is f\u00e9achaint ar C\u00fala4 ar Scoil \u00f3 th\u00fas na sraithe, agus t\u00e1 aimsi\u00fa seachtaini\u00fail de 30,000 aige. &nbsp; T\u00e1\u00a0C\u00fala4\u00a0ar\u00a0Scoil\u00a0ag\u00a0tarraingt\u00a0lucht\u00a0f\u00e9achana\u00a0chuig\u00a0seinnteoir\u00a0TG4\u00a0freisin.\u00a0T\u00e1\u00a0os\u00a0cionn\u00a036,500\u00a0amharc\u00a0f\u00edse\u00a0ar\u00a0C\u00fala4 ar\u00a0Scoil\u00a0go\u00a0dt\u00ed\u00a0seo ar [&hellip;]\" \/>\n<meta property=\"og:url\" content=\"https:\/\/dev.tg4.ie\/ga\/eolas\/preas\/nuacht-raitis\/2020-2\/tg4-ar-an-2u-caineal-is-mo-feachana-sa-tir-le-linn-cula4-ar-scoil\/\" \/>\n<meta property=\"og:site_name\" content=\"TG4\" \/>\n<meta property=\"article:publisher\" content=\"https:\/\/www.facebook.com\/TG4TV\" \/>\n<meta property=\"article:modified_time\" content=\"2020-06-02T11:02:54+00:00\" \/>\n<meta property=\"og:image\" content=\"https:\/\/tg4-docs.s3.amazonaws.com\/tg4-redesign-2015\/wp-content\/uploads\/2020\/05\/Cula4_Bealtaine_1_1920x1080.jpg\" \/>\n\t<meta property=\"og:image:width\" content=\"1920\" \/>\n\t<meta property=\"og:image:height\" content=\"1080\" \/>\n\t<meta property=\"og:image:type\" content=\"image\/jpeg\" \/>\n<meta name=\"twitter:card\" content=\"summary_large_image\" \/>\n<meta name=\"twitter:image\" content=\"https:\/\/tg4-docs.s3.amazonaws.com\/tg4-redesign-2015\/wp-content\/uploads\/2020\/05\/Cula4_Bealtaine_1_1920x1080.jpg\" \/>\n<meta name=\"twitter:site\" content=\"@TG4TV\" \/>\n<meta name=\"twitter:label1\" content=\"Est. reading time\" \/>\n\t<meta name=\"twitter:data1\" content=\"3 minutes\" \/>\n<script type=\"application\/ld+json\" class=\"yoast-schema-graph\">{\"@context\":\"https:\/\/schema.org\",\"@graph\":[{\"@type\":\"WebPage\",\"@id\":\"https:\/\/dev.tg4.ie\/ga\/eolas\/preas\/nuacht-raitis\/2020-2\/tg4-ar-an-2u-caineal-is-mo-feachana-sa-tir-le-linn-cula4-ar-scoil\/\",\"url\":\"https:\/\/dev.tg4.ie\/ga\/eolas\/preas\/nuacht-raitis\/2020-2\/tg4-ar-an-2u-caineal-is-mo-feachana-sa-tir-le-linn-cula4-ar-scoil\/\",\"name\":\"TG4 ar an 2\u00fa cain\u00e9al is m\u00f3 f\u00e9achana sa t\u00edr le linn 'C\u00fala4 ar Scoil' | Preas R\u00e1iteas | TG4\",\"isPartOf\":{\"@id\":\"https:\/\/dev.tg4.ie\/en\/#website\"},\"primaryImageOfPage\":{\"@id\":\"https:\/\/dev.tg4.ie\/ga\/eolas\/preas\/nuacht-raitis\/2020-2\/tg4-ar-an-2u-caineal-is-mo-feachana-sa-tir-le-linn-cula4-ar-scoil\/#primaryimage\"},\"image\":{\"@id\":\"https:\/\/dev.tg4.ie\/ga\/eolas\/preas\/nuacht-raitis\/2020-2\/tg4-ar-an-2u-caineal-is-mo-feachana-sa-tir-le-linn-cula4-ar-scoil\/#primaryimage\"},\"thumbnailUrl\":\"https:\/\/dev.tg4.ie\/wp-content\/uploads\/2020\/05\/Cula4_Bealtaine_1_1920x1080.jpg\",\"datePublished\":\"2020-05-29T14:57:44+00:00\",\"dateModified\":\"2020-06-02T11:02:54+00:00\",\"breadcrumb\":{\"@id\":\"https:\/\/dev.tg4.ie\/ga\/eolas\/preas\/nuacht-raitis\/2020-2\/tg4-ar-an-2u-caineal-is-mo-feachana-sa-tir-le-linn-cula4-ar-scoil\/#breadcrumb\"},\"inLanguage\":\"ga\",\"potentialAction\":[{\"@type\":\"ReadAction\",\"target\":[\"https:\/\/dev.tg4.ie\/ga\/eolas\/preas\/nuacht-raitis\/2020-2\/tg4-ar-an-2u-caineal-is-mo-feachana-sa-tir-le-linn-cula4-ar-scoil\/\"]}]},{\"@type\":\"ImageObject\",\"inLanguage\":\"ga\",\"@id\":\"https:\/\/dev.tg4.ie\/ga\/eolas\/preas\/nuacht-raitis\/2020-2\/tg4-ar-an-2u-caineal-is-mo-feachana-sa-tir-le-linn-cula4-ar-scoil\/#primaryimage\",\"url\":\"https:\/\/dev.tg4.ie\/wp-content\/uploads\/2020\/05\/Cula4_Bealtaine_1_1920x1080.jpg\",\"contentUrl\":\"https:\/\/dev.tg4.ie\/wp-content\/uploads\/2020\/05\/Cula4_Bealtaine_1_1920x1080.jpg\"},{\"@type\":\"BreadcrumbList\",\"@id\":\"https:\/\/dev.tg4.ie\/ga\/eolas\/preas\/nuacht-raitis\/2020-2\/tg4-ar-an-2u-caineal-is-mo-feachana-sa-tir-le-linn-cula4-ar-scoil\/#breadcrumb\",\"itemListElement\":[{\"@type\":\"ListItem\",\"position\":1,\"name\":\"Home\",\"item\":\"https:\/\/dev.tg4.ie\/ga\/\"},{\"@type\":\"ListItem\",\"position\":2,\"name\":\"Eolas\",\"item\":\"https:\/\/dev.tg4.ie\/ga\/eolas\/\"},{\"@type\":\"ListItem\",\"position\":3,\"name\":\"Preas\",\"item\":\"https:\/\/dev.tg4.ie\/ga\/eolas\/preas\/\"},{\"@type\":\"ListItem\",\"position\":4,\"name\":\"Nuacht R\u00e1itis\",\"item\":\"https:\/\/dev.tg4.ie\/ga\/eolas\/preas\/nuacht-raitis\/\"},{\"@type\":\"ListItem\",\"position\":5,\"name\":\"2020\",\"item\":\"https:\/\/dev.tg4.ie\/ga\/eolas\/preas\/nuacht-raitis\/2020-2\/\"},{\"@type\":\"ListItem\",\"position\":6,\"name\":\"TG4 ar an 2\u00fa cain\u00e9al is m\u00f3 f\u00e9achana sa t\u00edr le linn &#8216;C\u00fala4 ar Scoil&#8217;\"}]},{\"@type\":\"WebSite\",\"@id\":\"https:\/\/dev.tg4.ie\/en\/#website\",\"url\":\"https:\/\/dev.tg4.ie\/en\/\",\"name\":\"TG4\",\"description\":\"S\u00fail Eile\",\"potentialAction\":[{\"@type\":\"SearchAction\",\"target\":{\"@type\":\"EntryPoint\",\"urlTemplate\":\"https:\/\/dev.tg4.ie\/en\/?s={search_term_string}\"},\"query-input\":\"required name=search_term_string\"}],\"inLanguage\":\"ga\"}]}<\/script>\n<!-- \/ Yoast SEO plugin. -->","yoast_head_json":{"title":"TG4 ar an 2\u00fa cain\u00e9al is m\u00f3 f\u00e9achana sa t\u00edr le linn 'C\u00fala4 ar Scoil' | Preas R\u00e1iteas | TG4","robots":{"index":"index","follow":"follow","max-snippet":"max-snippet:-1","max-image-preview":"max-image-preview:large","max-video-preview":"max-video-preview:-1"},"og_locale":"en_US","og_type":"article","og_title":"TG4 ar an 2\u00fa cain\u00e9al is m\u00f3 f\u00e9achana sa t\u00edr le linn 'C\u00fala4 ar Scoil' | Preas R\u00e1iteas | TG4","og_description":"&nbsp; &nbsp; De\u00a0r\u00e9ir\u00a0fhigi\u00fair\u00ed\u00a0TAM Ireland\/Nielsen,\u00a0bh\u00ed\u00a0TG4\u00a0ar\u00a0an 2\u00fa\u00a0cain\u00e9al is m\u00f3 f\u00e9achana sa\u00a0t\u00edr\u00a0agus\u00a0C\u00fala4\u00a0ar Scoil ar aer, thar an ch\u00e9ad cheithre seachtaine den tsraith. T\u00e1\u00a0m\u00e9ad\u00fa\u00a0faoi\u00a0deich\u00a0tagtha\u00a0ar\u00a0ghn\u00e1th\u00a0scair\u00a0lucht\u00a0f\u00e9achana\u00a0do\u00a0dhaoine\u00a0\u00f3ga\u00a0ar\u00a0TG4 mar\u00a0gheall\u00a0ar\u00a0C\u00fala4\u00a0ar\u00a0Scoil.\u00a0\u00a0B\u00edonn\u00a08%\u00a0sciar\u00a0den\u00a0lucht\u00a0f\u00e9achana\u00a0ar\u00a0an\u00a0me\u00e1n\u00a0ag C\u00fala4\u00a0ar\u00a0Scoil\u00a0gach\u00a0l\u00e1,\u00a0agus ba sciar\u00a0de 16%,\u00a0an\u00a0sciar\u00a0is\u00a0airde\u00a0a\u00a0fuair\u00a0an\u00a0cl\u00e1r\u00a0\u00f3\u00a0cuireadh\u00a0t\u00fas\u00a0leis tar\u00a0\u00e9is\u00a0saoire\u00a0na\u00a0C\u00e1sca\u00a0ar\u00a0an 20\u00a0Aibre\u00e1n.\u00a0 T\u00e1 aimsi\u00fa ioml\u00e1n de 85,000 duine tar \u00e9is f\u00e9achaint ar C\u00fala4 ar Scoil \u00f3 th\u00fas na sraithe, agus t\u00e1 aimsi\u00fa seachtaini\u00fail de 30,000 aige. &nbsp; T\u00e1\u00a0C\u00fala4\u00a0ar\u00a0Scoil\u00a0ag\u00a0tarraingt\u00a0lucht\u00a0f\u00e9achana\u00a0chuig\u00a0seinnteoir\u00a0TG4\u00a0freisin.\u00a0T\u00e1\u00a0os\u00a0cionn\u00a036,500\u00a0amharc\u00a0f\u00edse\u00a0ar\u00a0C\u00fala4 ar\u00a0Scoil\u00a0go\u00a0dt\u00ed\u00a0seo ar [&hellip;]","og_url":"https:\/\/dev.tg4.ie\/ga\/eolas\/preas\/nuacht-raitis\/2020-2\/tg4-ar-an-2u-caineal-is-mo-feachana-sa-tir-le-linn-cula4-ar-scoil\/","og_site_name":"TG4","article_publisher":"https:\/\/www.facebook.com\/TG4TV","article_modified_time":"2020-06-02T11:02:54+00:00","og_image":[{"width":1920,"height":1080,"url":"https:\/\/tg4-docs.s3.amazonaws.com\/tg4-redesign-2015\/wp-content\/uploads\/2020\/05\/Cula4_Bealtaine_1_1920x1080.jpg","type":"image\/jpeg"}],"twitter_card":"summary_large_image","twitter_image":"https:\/\/tg4-docs.s3.amazonaws.com\/tg4-redesign-2015\/wp-content\/uploads\/2020\/05\/Cula4_Bealtaine_1_1920x1080.jpg","twitter_site":"@TG4TV","twitter_misc":{"Est. reading time":"3 minutes"},"schema":{"@context":"https:\/\/schema.org","@graph":[{"@type":"WebPage","@id":"https:\/\/dev.tg4.ie\/ga\/eolas\/preas\/nuacht-raitis\/2020-2\/tg4-ar-an-2u-caineal-is-mo-feachana-sa-tir-le-linn-cula4-ar-scoil\/","url":"https:\/\/dev.tg4.ie\/ga\/eolas\/preas\/nuacht-raitis\/2020-2\/tg4-ar-an-2u-caineal-is-mo-feachana-sa-tir-le-linn-cula4-ar-scoil\/","name":"TG4 ar an 2\u00fa cain\u00e9al is m\u00f3 f\u00e9achana sa t\u00edr le linn 'C\u00fala4 ar Scoil' | Preas R\u00e1iteas | TG4","isPartOf":{"@id":"https:\/\/dev.tg4.ie\/en\/#website"},"primaryImageOfPage":{"@id":"https:\/\/dev.tg4.ie\/ga\/eolas\/preas\/nuacht-raitis\/2020-2\/tg4-ar-an-2u-caineal-is-mo-feachana-sa-tir-le-linn-cula4-ar-scoil\/#primaryimage"},"image":{"@id":"https:\/\/dev.tg4.ie\/ga\/eolas\/preas\/nuacht-raitis\/2020-2\/tg4-ar-an-2u-caineal-is-mo-feachana-sa-tir-le-linn-cula4-ar-scoil\/#primaryimage"},"thumbnailUrl":"https:\/\/dev.tg4.ie\/wp-content\/uploads\/2020\/05\/Cula4_Bealtaine_1_1920x1080.jpg","datePublished":"2020-05-29T14:57:44+00:00","dateModified":"2020-06-02T11:02:54+00:00","breadcrumb":{"@id":"https:\/\/dev.tg4.ie\/ga\/eolas\/preas\/nuacht-raitis\/2020-2\/tg4-ar-an-2u-caineal-is-mo-feachana-sa-tir-le-linn-cula4-ar-scoil\/#breadcrumb"},"inLanguage":"ga","potentialAction":[{"@type":"ReadAction","target":["https:\/\/dev.tg4.ie\/ga\/eolas\/preas\/nuacht-raitis\/2020-2\/tg4-ar-an-2u-caineal-is-mo-feachana-sa-tir-le-linn-cula4-ar-scoil\/"]}]},{"@type":"ImageObject","inLanguage":"ga","@id":"https:\/\/dev.tg4.ie\/ga\/eolas\/preas\/nuacht-raitis\/2020-2\/tg4-ar-an-2u-caineal-is-mo-feachana-sa-tir-le-linn-cula4-ar-scoil\/#primaryimage","url":"https:\/\/dev.tg4.ie\/wp-content\/uploads\/2020\/05\/Cula4_Bealtaine_1_1920x1080.jpg","contentUrl":"https:\/\/dev.tg4.ie\/wp-content\/uploads\/2020\/05\/Cula4_Bealtaine_1_1920x1080.jpg"},{"@type":"BreadcrumbList","@id":"https:\/\/dev.tg4.ie\/ga\/eolas\/preas\/nuacht-raitis\/2020-2\/tg4-ar-an-2u-caineal-is-mo-feachana-sa-tir-le-linn-cula4-ar-scoil\/#breadcrumb","itemListElement":[{"@type":"ListItem","position":1,"name":"Home","item":"https:\/\/dev.tg4.ie\/ga\/"},{"@type":"ListItem","position":2,"name":"Eolas","item":"https:\/\/dev.tg4.ie\/ga\/eolas\/"},{"@type":"ListItem","position":3,"name":"Preas","item":"https:\/\/dev.tg4.ie\/ga\/eolas\/preas\/"},{"@type":"ListItem","position":4,"name":"Nuacht R\u00e1itis","item":"https:\/\/dev.tg4.ie\/ga\/eolas\/preas\/nuacht-raitis\/"},{"@type":"ListItem","position":5,"name":"2020","item":"https:\/\/dev.tg4.ie\/ga\/eolas\/preas\/nuacht-raitis\/2020-2\/"},{"@type":"ListItem","position":6,"name":"TG4 ar an 2\u00fa cain\u00e9al is m\u00f3 f\u00e9achana sa t\u00edr le linn &#8216;C\u00fala4 ar Scoil&#8217;"}]},{"@type":"WebSite","@id":"https:\/\/dev.tg4.ie\/en\/#website","url":"https:\/\/dev.tg4.ie\/en\/","name":"TG4","description":"S\u00fail Eile","potentialAction":[{"@type":"SearchAction","target":{"@type":"EntryPoint","urlTemplate":"https:\/\/dev.tg4.ie\/en\/?s={search_term_string}"},"query-input":"required name=search_term_string"}],"inLanguage":"ga"}]}},"_links":{"self":[{"href":"https:\/\/dev.tg4.ie\/ga\/wp-json\/wp\/v2\/pages\/113110"}],"collection":[{"href":"https:\/\/dev.tg4.ie\/ga\/wp-json\/wp\/v2\/pages"}],"about":[{"href":"https:\/\/dev.tg4.ie\/ga\/wp-json\/wp\/v2\/types\/page"}],"author":[{"embeddable":true,"href":"https:\/\/dev.tg4.ie\/ga\/wp-json\/wp\/v2\/users\/876"}],"replies":[{"embeddable":true,"href":"https:\/\/dev.tg4.ie\/ga\/wp-json\/wp\/v2\/comments?post=113110"}],"version-history":[{"count":0,"href":"https:\/\/dev.tg4.ie\/ga\/wp-json\/wp\/v2\/pages\/113110\/revisions"}],"up":[{"embeddable":true,"href":"https:\/\/dev.tg4.ie\/ga\/wp-json\/wp\/v2\/pages\/111525"}],"wp:attachment":[{"href":"https:\/\/dev.tg4.ie\/ga\/wp-json\/wp\/v2\/media?parent=113110"}],"curies":[{"name":"wp","href":"https:\/\/api.w.org\/{rel}","templated":true}]}}