{"id":113153,"date":"2020-06-11T12:16:25","date_gmt":"2020-06-11T11:16:25","guid":{"rendered":"https:\/\/dev.tg4.ie\/?page_id=113153"},"modified":"2025-02-05T12:18:02","modified_gmt":"2025-02-05T12:18:02","slug":"saorail-faisneise","status":"publish","type":"page","link":"https:\/\/dev.tg4.ie\/ga\/corporate\/saorail-faisneise\/","title":{"rendered":"Saor\u00e1il Faisn\u00e9ise"},"content":{"rendered":"<h2>F\u00e1ilte chuig leathanach Saor\u00e1la Faisn\u00e9ise TG4<\/h2>\n<p>Is de r\u00e9ir cheanglais an Achta um Shaor\u00e1il Faisn\u00e9ise, 1997, (Acht FOI) a fhoils\u00edtear an treoir seo maidir le TG4 agus a pholasaithe. Ceangla\u00edonn Alt 15 ar gach comhlacht poibl\u00ed treoir maidir lena strucht\u00far, a chuid feidhmeanna agus a sheirbh\u00eds\u00ed a fhoilsi\u00fa. Faoi Alt 16 den Acht n\u00ed m\u00f3r do gach comhlacht poibl\u00ed na n\u00f3sanna imeachta agus na cleachtais faoina nd\u00e9anann s\u00e9 cinnt\u00ed a fhoilsi\u00fa.<\/p>\n<p>D\u00e9antar p\u00e1irtmhaoini\u00fa ar TG4 le hairgead poibl\u00ed \u00f3n t\u00e1ille cead\u00fanais agus creidimidne gur ch\u00f3ir polasaithe agus oibr\u00edochta\u00ed TG4 a bheith ar f\u00e1il lena scr\u00fad\u00fa go poibl\u00ed agus gur l\u00e9iri\u00fa go bhfuil teacht ag an bpobal ar \u00e1r dtaifid go gcomhl\u00edonaimid an fhreagracht seirbh\u00edse poibl\u00ed at\u00e1 orainn go coinsiasach agus go hionraic.<\/p>\n<p>T\u00e1 eolas ar an leathanach seo maidir leis na nithe seo a leanas:<\/p>\n<ul>\n<li>Cearta saor\u00e1la faisn\u00e9ise faoin Acht um Shaor\u00e1il Faisn\u00e9ise 2014<\/li>\n<li>Faisn\u00e9is at\u00e1 ar f\u00e1il faoin Sc\u00e9im Foilseach\u00e1in<\/li>\n<li>Conas iarratas a dh\u00e9anamh<\/li>\n<li>T\u00e1ill\u00ed agus Achomhairc<\/li>\n<li>Loga Nochta SF<\/li>\n<\/ul>\n<p><strong>Cearta saor\u00e1la faisn\u00e9ise faoin Acht um Shaor\u00e1il Faisn\u00e9ise 2014<\/strong><\/p>\n<p>For\u00e1lann an tAcht um Shaor\u00e1il Faisn\u00e9ise, 2014, do na cearta reacht\u00fala a leanas:<\/p>\n<ul>\n<li>Ceart dl\u00edthi\u00fail do gach duine chun rochtain a fh\u00e1il ar fhaisn\u00e9is at\u00e1 \u00e1 coime\u00e1d ag comhlachta\u00ed poibl\u00ed lena mbaineann an reachta\u00edocht um shaor\u00e1il faisn\u00e9ise<\/li>\n<li>Ceart dl\u00edthi\u00fail do gach duine go gcearta\u00edtear faisn\u00e9is oifigi\u00fail a bhaineann leis\/l\u00e9i f\u00e9in sa ch\u00e1s go bhfuil s\u00ed neamhioml\u00e1n, m\u00edcheart n\u00f3 m\u00edthreorach<\/li>\n<li>Ceart dl\u00edthi\u00fail chun c\u00faiseanna a fh\u00e1il a bh\u00ed le cinnt\u00ed a d\u2019imir tionchar ar dhuine.<\/li>\n<li>F\u00e9adfaidh t\u00fa na taifid a leanas a iarraidh:<\/li>\n<li>Aon taifid a bhaineann leat f\u00e9in go pearsanta, cib\u00e9 uair a crutha\u00edodh iad<\/li>\n<li>Gach taifead eile a crutha\u00edodh i ndiaidh an 21 Aibre\u00e1n 1998<\/li>\n<\/ul>\n<p>F\u00e9adfaidh c\u00e1ip\u00e9is ph\u00e1ip\u00e9ir n\u00f3 faisn\u00e9is a choime\u00e1dtar ar r\u00edomhaire a bheith i gceist le taifead. \u00c1ir\u00edtear leis seo, mar shampla, asphrionta\u00ed, l\u00e9arsc\u00e1ileanna, pleananna, micreascann\u00e1in, \u00e1bhar closamhairc, diosca\u00ed agus t\u00e9ipeanna.<\/p>\n<p>T\u00e1 eolas maidir le conas iarraidh a dh\u00e9anamh agus na r\u00e1ta\u00ed a bhaineann leis ar f\u00e1il th\u00edos.<\/p>\n<p><strong>Faisn\u00e9is at\u00e1 ar f\u00e1il faoin Sc\u00e9im Foilseach\u00e1in<\/strong><\/p>\n<p>\u00c9il\u00edtear i gCuid 8 den Acht um Shaor\u00e1il Faisn\u00e9ise 2014 ar chomhlachta\u00ed um Shaor\u00e1il Faisn\u00e9ise sc\u00e9im a r\u00e9iteach agus a fhoilsi\u00fa maidir le foilseach\u00e1n faisn\u00e9ise ag an gcomhlacht chun clo\u00ed le sc\u00e9im foilseach\u00e1in n\u00f3 treoirl\u00ednte a dh\u00e9anann an tAire Caiteachais Phoibl\u00ed agus Athch\u00f3irithe. Faoin Sc\u00e9im Foilseach\u00e1in, d\u00e9anfaidh gach comhlacht um Shaor\u00e1il Faisn\u00e9ise:<\/p>\n<ul>\n<li>Faisn\u00e9is a leagan amach le cuidi\u00fa le baill an phobail ina dtuiscint ar an gcomhlacht agus a feidhmeanna<\/li>\n<li>An fhaisn\u00e9is at\u00e1 aige a fhoilsi\u00fa gr\u00fap\u00e1ilte faoi na ceannteidil arna leagan amach sa t\u00e1bla th\u00edos;<br \/>\nagus<\/li>\n<li>Na n\u00f3sanna imeachta chun rochtain a fh\u00e1il ar fhaisn\u00e9is a mh\u00edni\u00fa n\u00f3 chun an cine\u00e1l faisn\u00e9ise at\u00e1 ag an gcomhlacht a mh\u00edni\u00fa.<\/li>\n<\/ul>\n<p>T\u00e1 faisn\u00e9is foilsithe ag TG4 ar leathanaigh \u00e9ags\u00fala ar an su\u00edomh seo. T\u00e1 an fhaisn\u00e9is agus naisc chuig na leathanaigh gr\u00fap\u00e1ilte faoi na ceannteidil arna leagan amach sa t\u00e1bla th\u00edos faoin Sc\u00e9im Foilseach\u00e1in. Is f\u00e9idir ceannteideal a roghn\u00fa chun teacht ar an bhfaisn\u00e9is faoin rann\u00f3g sin.<\/p>\n<p><strong>Eolas faoi TG4<\/strong><\/p>\n<ul>\n<li><a href=\"https:\/\/dev.tg4.ie\/corporate\/buneolas\/\" target=\"_new\" rel=\"noopener noreferrer\">Buneolas<\/a><\/li>\n<li><a href=\"https:\/\/dev.tg4.ie\/corporate\/bord-tg4\/\" target=\"_new\" rel=\"noopener noreferrer\">Bord TG4<\/a><\/li>\n<li><a href=\"https:\/\/dev.tg4.ie\/corporate\/rialachas-corparaideach\/\" target=\"_new\" rel=\"noopener noreferrer\">Rialachas Corpar\u00e1ideach<\/a><\/li>\n<li><a href=\"https:\/\/dev.tg4.ie\/corporate\/foireann-tg4\/\" target=\"_new\" rel=\"noopener noreferrer\">Foireann TG4<\/a><\/li>\n<li><a href=\"https:\/\/dev.tg4.ie\/eolas\/priobhaideachas\/\" target=\"_new\" rel=\"noopener noreferrer\">R\u00e1iteas Pr\u00edobh\u00e1ideachais<\/a><\/li>\n<li><a href=\"https:\/\/dev.tg4.ie\/eolas\/tearmai\/\" target=\"_new\" rel=\"noopener noreferrer\">T\u00e9arma\u00ed &amp; Coinn\u00edollacha<\/a><\/li>\n<li><a href=\"https:\/\/dev.tg4.ie\/corporate\/rialachas-corparaideach\/\" target=\"_new\" rel=\"noopener noreferrer\">C\u00f3id &amp; R\u00e1itis<\/a><\/li>\n<li><a href=\"https:\/\/dev.tg4.ie\/corporate\/rialachas-corparaideach\/\" target=\"_new\" rel=\"noopener noreferrer\">Tuarasc\u00e1il Bhliant\u00fail<\/a><\/li>\n<li><a href=\"https:\/\/dev.tg4.ie\/eolas\/contact-us\/\" target=\"_new\" rel=\"noopener noreferrer\">L\u00e1ithreacha agus Sonra\u00ed Teagmh\u00e1la don Eagra\u00edocht<\/a><\/li>\n<\/ul>\n<p><strong>Sol\u00e1thar<\/strong><\/p>\n<ul>\n<li><a href=\"https:\/\/dev.tg4.ie\/coimisiuin\/coimisiunu\/\" target=\"_new\" rel=\"noopener noreferrer\">Eolas faoin bProis\u00e9as Coimisi\u00fanaithe<\/a><\/li>\n<li><a href=\"https:\/\/dev.tg4.ie\/coimisiuin\/treoirlinte\/\" target=\"_new\" rel=\"noopener noreferrer\">Treoirl\u00ednte L\u00e9iri\u00fach\u00e1in<\/a><\/li>\n<li><a href=\"https:\/\/dev.tg4.ie\/corporate\/tairiscinti\/\" target=\"_new\" rel=\"noopener noreferrer\">Eolas faoi Thairiscint\u00ed<\/a><\/li>\n<li><a href=\"https:\/\/dev.tg4.ie\/corporate\/diolachain\/\" target=\"_new\" rel=\"noopener noreferrer\">Eolas faoi Dh\u00edolach\u00e1in<\/a><\/li>\n<li><a href=\"https:\/\/dev.tg4.ie\/corporate\/foluntais\/\" target=\"_new\" rel=\"noopener noreferrer\">Eolas faoi Fhol\u00fantais<\/a><\/li>\n<\/ul>\n<p><strong>Faisn\u00e9is eile at\u00e1 le Foilsi\u00fa go Rialta<\/strong><\/p>\n<p>De r\u00e9ir Alt 8 den Acht um Shaor\u00e1il Faisn\u00e9ise (faisn\u00e9is i dtaobh comhlachta\u00ed saor\u00e1la faisn\u00e9ise a fhoilsi\u00fa), t\u00e1 s\u00e9 de dhualgas ar an eagra\u00edocht seo loga nochta Saor\u00e1la Faisn\u00e9ise a fhoilsi\u00fa ar a su\u00edomh f\u00e9in. Cuirfear sonra\u00ed ar f\u00e1il sa loga nochta maidir le hiarrata\u00ed \u00e1irithe Saor\u00e1la Faisn\u00e9ise nach mbaineann le hiarrata\u00ed ar fhaisn\u00e9is phearsanta, ina measc:<\/p>\n<ul>\n<li>D\u00e1ta an Iarrata<\/li>\n<li>Catag\u00f3ir an Iarrth\u00f3ra (m.sh. iriseoir, baill den phobal, ball de ghr\u00fapa gn\u00f3\/leasghr\u00fapa, ball den Oireachtas, comhalta d\u2019\u00fadar\u00e1s \u00e1iti\u00fail, &amp;rl)<\/li>\n<li>Tuairisc achoimre ar an iarraidh um Shaor\u00e1il Faisn\u00e9ise<\/li>\n<li>An cinneadh agus, sa ch\u00e1s go ndeon\u00f3far an iarraidh, an d\u00e1ta a scaoilfear na taifid<\/li>\n<\/ul>\n<p>D\u00e1 r\u00e9ir, cuirtear an t-iarratas\u00f3ir ar an eolas faoin bpolasa\u00ed seo nuair a bh\u00edtear ag tabhairt admh\u00e1il ar iarraidh Saor\u00e1la Faisn\u00e9ise.<\/p>\n<p>D\u00e9anfar sonra\u00ed maidir le hiarrata\u00ed Saor\u00e1la Faisn\u00e9ise a fuarthas \u00f3 Aibre\u00e1n 2016 ar aghaidh a fhoilsi\u00fa, mar is cu\u00ed, i loga nochta Saor\u00e1la Faisn\u00e9ise na heagra\u00edochta ar a su\u00edomh.<\/p>\n<ul>\n<li>Loga Nochta Saor\u00e1la Faisn\u00e9ise<\/li>\n<\/ul>\n<p>Mura bhfuil an fhaisn\u00e9is at\u00e1 uait le f\u00e1il anseo, f\u00e9adfaidh t\u00fa an su\u00edomh a chuardach leis an mbosca \u2018Cuardaigh\u2019 ar bharr an leathanaigh n\u00f3 tr\u00ed theagmh\u00e1il a dh\u00e9anamh linn ag an seoladh r\u00edomhphoist <a href=\"mailto:asf@dev.tg4.ie\" target=\"_blank\" rel=\"noopener noreferrer\">asf@dev.tg4.ie<\/a><\/p>\n<p><strong>Conas iarraidh a dh\u00e9anamh<\/strong><\/p>\n<p>Mura bhfuil an fhaisn\u00e9is at\u00e1 uait ar f\u00e1il ar na beala\u00ed thuasluaite, f\u00e9adfaidh t\u00fa iarraidh a dh\u00e9anamh faoin Acht um Shaor\u00e1il Faisn\u00e9ise 2014.<\/p>\n<p>N\u00ed m\u00f3r na nithe seo a leanas a bheith san \u00e1ireamh i d\u2019iarraidh Saor\u00e1la Faisn\u00e9ise:<\/p>\n<ul>\n<li>dearbh\u00fa gur faoin Acht um Shaor\u00e1il Faisn\u00e9ise at\u00e1 t\u00fa ag d\u00e9anamh an iarrata<\/li>\n<li>oiread sonra\u00ed agus is f\u00e9idir a thabhairt faoi na taifid at\u00e1 \u00e1 n-iarraidh<\/li>\n<li>an fhorm\u00e1id ar mian leat aon taifid a scaoilf\u00ed a fh\u00e1il (m.sh. sa phost, ar r\u00edomhphost srl.)<\/li>\n<li>do chuid sonra\u00ed teagmh\u00e1la<\/li>\n<\/ul>\n<p><span style=\"text-decoration: underline;\">Tabhair ar aird go bhfuil cruth\u00fanas ar ch\u00e9annacht de dh\u00edth sa ch\u00e1s is gur iarraidh Saor\u00e1la Faisn\u00e9ise ar fhaisn\u00e9is phearsanta at\u00e1 i gceist.<\/span><br \/>\nIs ceart iarrata\u00ed i dtaca le Saor\u00e1il Faisn\u00e9ise a dh\u00e9anamh tr\u00edd <!-- an bhFoirm Iarrata um Shaor\u00e1il Faisn\u00e9ise ar an su\u00edomh seo n\u00f3 --> \u00e9 a sheoladh i scr\u00edbhinn chuig:<\/p>\n<p>An tOifigeach um Shaor\u00e1il Faisn\u00e9ise<br \/>\nTG4<br \/>\nBaile na hAbhann<br \/>\nCo. na Gaillimhe<br \/>\n<a href=\"mailto:asf@dev.tg4.ie\" target=\"_blank\" rel=\"noopener noreferrer\">asf@dev.tg4.ie<\/a><br \/>\nCaithfear a lua san iarraidh gur faoin Acht um Shaor\u00e1il Faisn\u00e9ise at\u00e1 an iarraidh \u00e1 d\u00e9anamh.<\/p>\n<p><strong>N\u00f3ta:<\/strong><\/p>\n<ul>\n<li>T\u00e1 ceangal ar TG4 a admh\u00e1il go bhfuarthas iarraidh faoin Acht laistigh de 10 l\u00e1 oibre agus t\u00e1 dualgas air freagra a thabhairt ar an iarraidh laistigh de 20 l\u00e1 oibre (t\u00e1 eisceachta\u00ed faoi leith a cheada\u00edonn s\u00edneadh a chur leis seo).<\/li>\n<li>M\u00e1 t\u00e1 faisn\u00e9is ag teast\u00e1il i bhfoirm \u00e1irithe (e.g. f\u00f3tach\u00f3ip, diosca r\u00edomhaire, etc.), is ceart sin a lua i d\u2019iarraidh.<\/li>\n<li>Tabhair an oiread faisn\u00e9ise agus is f\u00e9idir le do thoil chun cur ar chumas na foirne an taifead a aithint.<\/li>\n<\/ul>\n<p><em>C\u00e9 chomh fada siar a fh\u00e9adfaidh m\u00e9 dul?<\/em><br \/>\nGo ginear\u00e1lta, taifid \u00f3 Aibre\u00e1n 1998 ar aghaidh a bhaineann. N\u00edl aon teorainn ama ar thaifid phearsanta.<\/p>\n<p><em>Cad a chosna\u00edonn s\u00e9?<\/em><br \/>\n\u20ac15 (\u20ac10 ar shealbh\u00f3ir\u00ed c\u00e1rta leighis) a chosna\u00edonn iarraidh de ghn\u00e1th. N\u00ed bh\u00edonn aon t\u00e1ille i gceist m\u00e1s iarraidh ar thaifid phearsanta at\u00e1 i gceist.<\/p>\n<p><em>Cad nach mb\u00edonn san \u00e1ireamh?<\/em><br \/>\nN\u00edl cead taifid iriseoireachta faoi r\u00fan n\u00e1 taifid at\u00e1 \u00edogaireach ar bhonn tr\u00e1cht\u00e1la, n\u00e1 pearsanta a roinnt. N\u00edl n\u00f3ta\u00ed tuairisceoir\u00ed n\u00e1 r\u00e1itis nach raibh ar an taifead, cib\u00e9 ar craoladh iad n\u00f3 n\u00e1r craoladh, san \u00e1ireamh. N\u00edl athbhreithnithe inmhe\u00e1nacha TG4 n\u00e1 anail\u00eds ar chl\u00e1ir craolach\u00e1in san \u00e1ireamh ach oiread.<\/p>\n<p><strong>Achomhairc<\/strong><\/p>\n<p>Mura bhfuil t\u00fa s\u00e1sta leis an bhfreagra, f\u00e9adfaidh t\u00fa athbhreithni\u00fa a lorg ar an gcinneadh. Mura mbeidh t\u00fa s\u00e1sta ina dhiaidh sin leis an gcinneadh, t\u00e1 an ceart agat achomharc a dh\u00e9anamh ar an gcinneadh leis an gCoimisin\u00e9ir Faisn\u00e9ise. Imscr\u00fada\u00edonn an Coimisin\u00e9ir Faisn\u00e9ise gear\u00e1in i leith neamhchomhl\u00edonadh na reachta\u00edochta um shaor\u00e1il faisn\u00e9ise agus cuireann s\u00e9\/s\u00ed cult\u00far um shaor\u00e1il faisn\u00e9ise chun cinn sa tseirbh\u00eds phoibl\u00ed.<\/p>\n<p>Oifig an Choimisin\u00e9ara Faisn\u00e9ise:\u202f<a href=\"https:\/\/www.oic.ie\/index.xml?&amp;Language=ga\" target=\"_blank\" rel=\"noopener noreferrer\">www.oic.gov.ie<\/a><br \/>\nL\u00e1rionad Beartas Saor\u00e1la Faisn\u00e9ise:\u202f<a href=\"https:\/\/foi.gov.ie\/\" target=\"_blank\" rel=\"noopener noreferrer\">www.foi.gov.ie<\/a><br \/>\n&nbsp;<\/p>\n<hr>\n<p>&nbsp;<br \/>\nLog\u00e1il Nochtadh Saor\u00e1il Faisn\u00e9ise 2020  <a href=\"https:\/\/tg4-docs.s3.amazonaws.com\/tg4-redesign-2015\/wp-content\/uploads\/2021\/01\/Logail_Nochtadh_Saorail_Faisneise_2020.pdf\" rel=\"noopener\" target=\"_blank\"><em>&#8230;Br\u00fa Anseo&#8230;<\/em><\/a><br \/>\n&nbsp;<br \/>\nLog\u00e1il Nochtadh Saor\u00e1il Faisn\u00e9ise 2021  <a href=\"https:\/\/tg4-docs.s3.amazonaws.com\/wp-content\/uploads\/2023\/01\/18142559\/Logail-Nochtadh-Saorail-Faisneise-2021.pdf\" rel=\"noopener\" target=\"_blank\"><em>&#8230;Br\u00fa Anseo&#8230;<\/em><\/a><br \/>\n&nbsp;<br \/>\nLog\u00e1il Nochtadh Saor\u00e1il Faisn\u00e9ise 2022  <a href=\"https:\/\/tg4-docs.s3.amazonaws.com\/wp-content\/uploads\/2023\/01\/18142600\/Logail-Nochtadh-Saorail-Faisneise-2022.pdf\" rel=\"noopener\" target=\"_blank\"><em>&#8230;Br\u00fa Anseo&#8230;<\/em><\/a><br \/>\n&nbsp;<\/p>\n","protected":false},"excerpt":{"rendered":"<p>F\u00e1ilte chuig leathanach Saor\u00e1la Faisn\u00e9ise TG4 Is de r\u00e9ir cheanglais an Achta um Shaor\u00e1il Faisn\u00e9ise, 1997, (Acht FOI) a fhoils\u00edtear an treoir seo maidir le TG4 agus a pholasaithe. Ceangla\u00edonn Alt 15 ar gach comhlacht poibl\u00ed treoir maidir lena strucht\u00far, a chuid feidhmeanna agus a sheirbh\u00eds\u00ed a fhoilsi\u00fa. Faoi Alt 16 den Acht n\u00ed m\u00f3r [&hellip;]<\/p>\n","protected":false},"author":999,"featured_media":0,"parent":660,"menu_order":9,"comment_status":"closed","ping_status":"closed","template":"page-templates\/template-corporate.php","meta":{"_acf_changed":false,"footnotes":""},"acf":[],"yoast_head":"<!-- This site is optimized with the Yoast SEO plugin v22.6 - https:\/\/yoast.com\/wordpress\/plugins\/seo\/ -->\n<title>Saor\u00e1il Faisn\u00e9ise - TG4<\/title>\n<meta name=\"robots\" content=\"index, follow, max-snippet:-1, max-image-preview:large, max-video-preview:-1\" \/>\n<meta property=\"og:locale\" content=\"en_US\" \/>\n<meta property=\"og:type\" content=\"article\" \/>\n<meta property=\"og:title\" content=\"Saor\u00e1il Faisn\u00e9ise - TG4\" \/>\n<meta property=\"og:description\" content=\"F\u00e1ilte chuig leathanach Saor\u00e1la Faisn\u00e9ise TG4 Is de r\u00e9ir cheanglais an Achta um Shaor\u00e1il Faisn\u00e9ise, 1997, (Acht FOI) a fhoils\u00edtear an treoir seo maidir le TG4 agus a pholasaithe. Ceangla\u00edonn Alt 15 ar gach comhlacht poibl\u00ed treoir maidir lena strucht\u00far, a chuid feidhmeanna agus a sheirbh\u00eds\u00ed a fhoilsi\u00fa. Faoi Alt 16 den Acht n\u00ed m\u00f3r [&hellip;]\" \/>\n<meta property=\"og:url\" content=\"https:\/\/dev.tg4.ie\/ga\/corporate\/saorail-faisneise\/\" \/>\n<meta property=\"og:site_name\" content=\"TG4\" \/>\n<meta property=\"article:publisher\" content=\"https:\/\/www.facebook.com\/TG4TV\" \/>\n<meta property=\"article:modified_time\" content=\"2025-02-05T12:18:02+00:00\" \/>\n<meta property=\"og:image\" content=\"https:\/\/tg4-docs.s3.amazonaws.com\/wp-content\/uploads\/2024\/11\/18151812\/TG4_2024_corcra_teal_1-1920x1080-1.jpg\" \/>\n\t<meta property=\"og:image:width\" content=\"1920\" \/>\n\t<meta property=\"og:image:height\" content=\"1080\" \/>\n\t<meta property=\"og:image:type\" content=\"image\/jpeg\" \/>\n<meta name=\"twitter:card\" content=\"summary_large_image\" \/>\n<meta name=\"twitter:site\" content=\"@TG4TV\" \/>\n<meta name=\"twitter:label1\" content=\"Est. reading time\" \/>\n\t<meta name=\"twitter:data1\" content=\"6 minutes\" \/>\n<script type=\"application\/ld+json\" class=\"yoast-schema-graph\">{\"@context\":\"https:\/\/schema.org\",\"@graph\":[{\"@type\":\"WebPage\",\"@id\":\"https:\/\/dev.tg4.ie\/ga\/corporate\/saorail-faisneise\/\",\"url\":\"https:\/\/dev.tg4.ie\/ga\/corporate\/saorail-faisneise\/\",\"name\":\"Saor\u00e1il Faisn\u00e9ise - TG4\",\"isPartOf\":{\"@id\":\"https:\/\/dev.tg4.ie\/en\/#website\"},\"datePublished\":\"2020-06-11T11:16:25+00:00\",\"dateModified\":\"2025-02-05T12:18:02+00:00\",\"breadcrumb\":{\"@id\":\"https:\/\/dev.tg4.ie\/ga\/corporate\/saorail-faisneise\/#breadcrumb\"},\"inLanguage\":\"ga\",\"potentialAction\":[{\"@type\":\"ReadAction\",\"target\":[\"https:\/\/dev.tg4.ie\/ga\/corporate\/saorail-faisneise\/\"]}]},{\"@type\":\"BreadcrumbList\",\"@id\":\"https:\/\/dev.tg4.ie\/ga\/corporate\/saorail-faisneise\/#breadcrumb\",\"itemListElement\":[{\"@type\":\"ListItem\",\"position\":1,\"name\":\"Home\",\"item\":\"https:\/\/dev.tg4.ie\/ga\/\"},{\"@type\":\"ListItem\",\"position\":2,\"name\":\"Corpar\u00e1ideach\",\"item\":\"https:\/\/dev.tg4.ie\/ga\/corporate\/\"},{\"@type\":\"ListItem\",\"position\":3,\"name\":\"Saor\u00e1il Faisn\u00e9ise\"}]},{\"@type\":\"WebSite\",\"@id\":\"https:\/\/dev.tg4.ie\/en\/#website\",\"url\":\"https:\/\/dev.tg4.ie\/en\/\",\"name\":\"TG4\",\"description\":\"S\u00fail Eile\",\"potentialAction\":[{\"@type\":\"SearchAction\",\"target\":{\"@type\":\"EntryPoint\",\"urlTemplate\":\"https:\/\/dev.tg4.ie\/en\/?s={search_term_string}\"},\"query-input\":\"required name=search_term_string\"}],\"inLanguage\":\"ga\"}]}<\/script>\n<!-- \/ Yoast SEO plugin. -->","yoast_head_json":{"title":"Saor\u00e1il Faisn\u00e9ise - TG4","robots":{"index":"index","follow":"follow","max-snippet":"max-snippet:-1","max-image-preview":"max-image-preview:large","max-video-preview":"max-video-preview:-1"},"og_locale":"en_US","og_type":"article","og_title":"Saor\u00e1il Faisn\u00e9ise - TG4","og_description":"F\u00e1ilte chuig leathanach Saor\u00e1la Faisn\u00e9ise TG4 Is de r\u00e9ir cheanglais an Achta um Shaor\u00e1il Faisn\u00e9ise, 1997, (Acht FOI) a fhoils\u00edtear an treoir seo maidir le TG4 agus a pholasaithe. Ceangla\u00edonn Alt 15 ar gach comhlacht poibl\u00ed treoir maidir lena strucht\u00far, a chuid feidhmeanna agus a sheirbh\u00eds\u00ed a fhoilsi\u00fa. Faoi Alt 16 den Acht n\u00ed m\u00f3r [&hellip;]","og_url":"https:\/\/dev.tg4.ie\/ga\/corporate\/saorail-faisneise\/","og_site_name":"TG4","article_publisher":"https:\/\/www.facebook.com\/TG4TV","article_modified_time":"2025-02-05T12:18:02+00:00","og_image":[{"width":1920,"height":1080,"url":"https:\/\/tg4-docs.s3.amazonaws.com\/wp-content\/uploads\/2024\/11\/18151812\/TG4_2024_corcra_teal_1-1920x1080-1.jpg","type":"image\/jpeg"}],"twitter_card":"summary_large_image","twitter_site":"@TG4TV","twitter_misc":{"Est. reading time":"6 minutes"},"schema":{"@context":"https:\/\/schema.org","@graph":[{"@type":"WebPage","@id":"https:\/\/dev.tg4.ie\/ga\/corporate\/saorail-faisneise\/","url":"https:\/\/dev.tg4.ie\/ga\/corporate\/saorail-faisneise\/","name":"Saor\u00e1il Faisn\u00e9ise - TG4","isPartOf":{"@id":"https:\/\/dev.tg4.ie\/en\/#website"},"datePublished":"2020-06-11T11:16:25+00:00","dateModified":"2025-02-05T12:18:02+00:00","breadcrumb":{"@id":"https:\/\/dev.tg4.ie\/ga\/corporate\/saorail-faisneise\/#breadcrumb"},"inLanguage":"ga","potentialAction":[{"@type":"ReadAction","target":["https:\/\/dev.tg4.ie\/ga\/corporate\/saorail-faisneise\/"]}]},{"@type":"BreadcrumbList","@id":"https:\/\/dev.tg4.ie\/ga\/corporate\/saorail-faisneise\/#breadcrumb","itemListElement":[{"@type":"ListItem","position":1,"name":"Home","item":"https:\/\/dev.tg4.ie\/ga\/"},{"@type":"ListItem","position":2,"name":"Corpar\u00e1ideach","item":"https:\/\/dev.tg4.ie\/ga\/corporate\/"},{"@type":"ListItem","position":3,"name":"Saor\u00e1il Faisn\u00e9ise"}]},{"@type":"WebSite","@id":"https:\/\/dev.tg4.ie\/en\/#website","url":"https:\/\/dev.tg4.ie\/en\/","name":"TG4","description":"S\u00fail Eile","potentialAction":[{"@type":"SearchAction","target":{"@type":"EntryPoint","urlTemplate":"https:\/\/dev.tg4.ie\/en\/?s={search_term_string}"},"query-input":"required name=search_term_string"}],"inLanguage":"ga"}]}},"_links":{"self":[{"href":"https:\/\/dev.tg4.ie\/ga\/wp-json\/wp\/v2\/pages\/113153"}],"collection":[{"href":"https:\/\/dev.tg4.ie\/ga\/wp-json\/wp\/v2\/pages"}],"about":[{"href":"https:\/\/dev.tg4.ie\/ga\/wp-json\/wp\/v2\/types\/page"}],"author":[{"embeddable":true,"href":"https:\/\/dev.tg4.ie\/ga\/wp-json\/wp\/v2\/users\/999"}],"replies":[{"embeddable":true,"href":"https:\/\/dev.tg4.ie\/ga\/wp-json\/wp\/v2\/comments?post=113153"}],"version-history":[{"count":0,"href":"https:\/\/dev.tg4.ie\/ga\/wp-json\/wp\/v2\/pages\/113153\/revisions"}],"up":[{"embeddable":true,"href":"https:\/\/dev.tg4.ie\/ga\/wp-json\/wp\/v2\/pages\/660"}],"wp:attachment":[{"href":"https:\/\/dev.tg4.ie\/ga\/wp-json\/wp\/v2\/media?parent=113153"}],"curies":[{"name":"wp","href":"https:\/\/api.w.org\/{rel}","templated":true}]}}