{"id":113169,"date":"2020-06-12T15:35:00","date_gmt":"2020-06-12T14:35:00","guid":{"rendered":"https:\/\/dev.tg4.ie\/?page_id=113169"},"modified":"2020-06-15T13:53:29","modified_gmt":"2020-06-15T12:53:29","slug":"cuig-seachtaine-de-champai-samhraidh-le-craoladh-sa-tsraith-nua-campai-cula4","status":"publish","type":"page","link":"https:\/\/dev.tg4.ie\/ga\/eolas\/preas\/nuacht-raitis\/2020-2\/cuig-seachtaine-de-champai-samhraidh-le-craoladh-sa-tsraith-nua-campai-cula4\/","title":{"rendered":"C\u00faig Seachtaine de Champa\u00ed Samhraidh le Craoladh sa tSraith Nua &#8216;Campa\u00ed C\u00fala4&#8217;"},"content":{"rendered":"<p><a href=\"https:\/\/tg4-docs.s3.amazonaws.com\/tg4-redesign-2015\/wp-content\/uploads\/2020\/06\/C4Campai-5Laithreoiri.jpg\"><img loading=\"lazy\" decoding=\"async\" width=\"1200\" height=\"360\" src=\"https:\/\/tg4-docs.s3.amazonaws.com\/tg4-redesign-2015\/wp-content\/uploads\/2020\/06\/C4Campai-5Laithreoiri.jpg\" alt=\"\" class=\"aligncenter size-full wp-image-113199\" srcset=\"https:\/\/tg4-docs.s3.amazonaws.com\/tg4-redesign-2015\/wp-content\/uploads\/2020\/06\/C4Campai-5Laithreoiri.jpg 1200w, https:\/\/tg4-docs.s3.amazonaws.com\/tg4-redesign-2015\/wp-content\/uploads\/2020\/06\/C4Campai-5Laithreoiri-250x75.jpg 250w, https:\/\/tg4-docs.s3.amazonaws.com\/tg4-redesign-2015\/wp-content\/uploads\/2020\/06\/C4Campai-5Laithreoiri-700x210.jpg 700w, https:\/\/tg4-docs.s3.amazonaws.com\/tg4-redesign-2015\/wp-content\/uploads\/2020\/06\/C4Campai-5Laithreoiri-252x76.jpg 252w, https:\/\/tg4-docs.s3.amazonaws.com\/tg4-redesign-2015\/wp-content\/uploads\/2020\/06\/C4Campai-5Laithreoiri-120x36.jpg 120w\" sizes=\"(max-width: 1200px) 100vw, 1200px\" \/><\/a><\/p>\n<p><!--sup>(\u00d3 Cl\u00e9 go Dheis - Caitl\u00edn Nic Aoidh, Jules N\u00ed Chonchubhair, Diarmuid \u00d3 Math\u00fana , M\u00e1ire Treasa N\u00ed Dhubhghaill & Orla N\u00ed Fhinneadha) <\/sup--><br \/>\n&nbsp;<br \/>\n<span>Nuair a chr\u00edochn\u00f3idh &#8216;C\u00fala4\u00a0ar Scoil&#8217; ag deireadh na m\u00edosa seo agus saoire an tSamhraidh ag tos\u00fa go hoifigi\u00fail, beidh c\u00faig seachtaine de Campa\u00ed C\u00fala4 \u00e1 chraoladh ar TG4 chun p\u00e1ist\u00ed a choinne\u00e1il gn\u00f3thach agus s\u00e1sta fad is at\u00e1\u00a0an t\u00edr f\u00f3s ag dul i ngleic leis na srianta at\u00e1 orainn de bharr Covid-19.\u00a0 Go hiond\u00fail gach Samhradh, b\u00edonn rogha campa\u00ed samhraidh ar f\u00e1il do ph\u00e1ist\u00ed agus iad saor \u00f3n scoil.\u00a0Agus \u00e9 idir dh\u00e1 cheann na me\u00e1 an mbeifear in ann dul ar aghaidh le campa\u00ed samhraidh ar chor ar bith i m\u00ed I\u00fail n\u00e1 ina dhiaidh sin de bharr COVID-19,\u00a0\u00a0cabhr\u00f3idh\u00a0 &#8216;Campa\u00ed C\u00fala4&#8217;\u00a0 chun an bhearna sin a mhaol\u00fa do ph\u00e1ist\u00ed le Gaeilge ar fud na t\u00edre.<\/span><span><\/span><\/p>\n<p><span>Is \u00e9 an comhlacht l\u00e9irithe &#8216;Meangadh F\u00edb\u00edn&#8217;<\/span><span>\u00a0a bheidh i mbun an l\u00e9irithe, agus is iad a l\u00e9irigh &#8216;C\u00fala4 ar Scoil&#8217;, sraith a bhfuil an-t\u00f3ir air \u00f3 cuireadh t\u00fas leis tar \u00e9is saoire na C\u00e1sca. T\u00e1 &#8216;C\u00fala4 ar Scoil&#8217; d\u00edrithe ar ph\u00e1ist\u00ed Gaeltachta agus gaelscoile a bh\u00ed ag foghlaim sa bhaile de bharr scoileanna a bheith d\u00fanta \u00f3 mh\u00ed M\u00e1rta. T\u00e1 c\u00e1il ar F\u00edb\u00edn freisin d\u00e1 gcuid l\u00e9iri\u00fach\u00e1in eile, &#8216;Is Eola\u00ed M\u00e9&#8217;, &#8216;Is Mise&#8217; agus &#8216;Saol faoi Shr\u00e1id&#8217;.\u00a0<\/span><\/p>\n<p><span>Beidh c\u00faig champa le t\u00e9ama\u00ed \u00e9ags\u00fala \u00e1 reacht\u00e1il ag Campa\u00ed C\u00fala4, a thabharfaidh deis do ph\u00e1ist\u00ed r\u00e9imse leathan suimeanna a chur i gcleachtadh. Beidh l\u00e1ithreoir difri\u00fail ar gach campa freisin, l\u00e1ithreoir\u00ed iad a bhfuil saineolas acu ar \u00e1bhair an champa.<\/span><br \/>\n&nbsp;<br \/>\n<span><strong>Campa a hAon &#8211; Na hEala\u00edona Traidisi\u00fanta.\u00a0<\/strong><\/span><\/b><span>\u00a0Beidh Orla N\u00ed Fhinneadha, l\u00e1itheoir aimsire le TG4 agus m\u00fainteoir bunscoile i mbun an ch\u00e9ad champa a bheidh d\u00edrithe ar na hEala\u00edona traidisi\u00fanta.\u00a0 Is m\u00fainteoir bunscoile as Conamara \u00ed Orla N\u00ed Fhinneadha le B.Oid, M.Oid agus DGCS. T\u00e1 duaiseanna amhr\u00e1na\u00edochta buaite aici ag an Oireachtas agus ag an bhFleadh Cheoil. Oibr\u00edonn s\u00ed go crua chun na heala\u00edona traidisi\u00fanta a chur chun cinn i measc gl\u00fain \u00f3g i gConamara.\u00a0<\/span><span><\/span><\/p>\n<p><span>Beidh gach gn\u00e9 de na hEala\u00edona Traidisi\u00fanta \u00e1 chur i l\u00e1thair ag Orla sa champa, \u00f3 amhr\u00e1in ar an sean-n\u00f3s, st\u00edleanna \u00e9ags\u00fala damhsa, fill\u00edocht, luib\u00edn\u00ed agus rap fi\u00fa. Beidh a\u00edonna ar n\u00f3s Cillian \u00f3 Donnchadha ag cur comhairle faoi dhr\u00e1ma\u00edocht agus scileanna aisteoireachta, Se\u00f3na a bheidh ag m\u00faineadh poirt ar an bhfead\u00f3g i gc\u00faig cheacht i gcaitheamh na seachtaine. Seachtain spra\u00ed\u00fail, cheolmhar a bheidh ann agus spreagfaidh s\u00ed gach duine againn le dul i mbun cumad\u00f3ireachta.<\/span><span><br \/>\n&nbsp;<br \/>\n<\/span><strong><span>Campa a D\u00f3 &#8211; Bia, Foll\u00e1ine &amp; An N\u00e1d\u00far &#8211;<\/span><\/strong><span>\u00a0T\u00e1 Diarmuid \u00d3 Math\u00fana ar ais!! An Corca\u00edocht a mheall gach duine lena chuid oideas gach seachtain ar C\u00fala4 ar Scoil. \u00a0Is aoibheann leis a bheith ag ithe. Is mar sin a chaitheann s\u00e9 a chuid ama ar fad, istigh sa chistin ag r\u00e9iteach agus ag ithe bia. Nuair nach mb\u00edonn s\u00e9 ag ithe n\u00f3 ag r\u00e9iteach bia b\u00edonn s\u00e9 ag smaoineamh faoi, ag caint faoi n\u00f3 ag scr\u00edobh faoi bhia.\u00a0 Beidh Diarmuid ag cur miasanna blasta eile os \u00e1r gcomhair agus cuirfidh s\u00e9 bia eile \u00f3 \u00e1iteanna \u00e9ags\u00fala ar fud an domhain os \u00e1r gcomhair chomh maith. Feicfimid mar shampla an turas a dh\u00e9anann bia \u00f3 fheirm i Meirice\u00e1 thas go pl\u00e1ta in Inis O\u00edrr! Beidh c\u00fapla aoi speisialta eile aige ag cur s\u00edos ar bhia agus ar an d\u00falra thart timpeall na h\u00c9ireann agus beimid ag foghlaim faoi champ\u00e1il amuigh faoin aer.<\/span><span><br \/>\n&nbsp;<br \/>\n<\/span><strong><span>Campa a Tr\u00ed &#8211; An Teicneola\u00edocht &amp; an Chruthaitheacht (STEAM)<\/span><\/strong><span>\u00a0\u2013\u00a0 Beidh Jules N\u00ed Chonchubhair \u00f3 Techspace i mbun an champa teicneola\u00edochta agus cruthaitheachta.\u00a0 T\u00e1 c\u00falra ag Jules le hinnealt\u00f3ireacht fuaime agus le r\u00edomhair\u00ed. Is bre\u00e1 l\u00e9i beala\u00ed nua cruthaitheacha a aimsi\u00fa chun oili\u00faint STEAM a thabhairt do ch\u00e1ch. T\u00e1 sp\u00e9is ar leith aici timpeallacht chuimsitheach a chruth\u00fa d\u2019oideachas STEAM.\u00a0 \u00a0I gcomhth\u00e9acs an domhain a bhfuil c\u00f3na\u00ed orainn sa l\u00e1 at\u00e1 inniu ann,\u00a0 \u00e1it a bhfuil gach duine ag brath ar an teicneola\u00edocht le nasc a choime\u00e1d lena ch\u00e9ile, cuirfidh Jules seachtain siams\u00fail a fhreagr\u00f3idh an &#8220;c\u00e9n f\u00e1th, c\u00e9n chaoi agus c\u00e9n uair&#8221; tr\u00ed fhiosr\u00fach\u00e1n agus spraoi. \u00d3 theicneola\u00edocht go innealt\u00f3ireacht, beidh muid ag foghlaim faoin domhan thart orainn.<\/span><span><br \/>\n&nbsp;<br \/>\n<\/span><strong><span>Campa a Ceathair &#8211;<\/span><\/strong><span>\u00a0<\/span><span><strong>Sp\u00f3rt &amp; Acla\u00edocht<\/strong><\/span><span>\u00a0&#8211; Cuirfidh M\u00e1ire Treasa N\u00ed Dhubhghaill an campa sp\u00f3irt agus aclaiochta i l\u00e1thair.\u00a0 \u00a0<\/span><span>Is \u00ed M\u00e1ire Treasa aghaidh aitheanta \u201cRugba\u00ed Beo\u201d ar TG4.\u00a0\u00a0<\/span><span>Beidh fonn ar ph\u00e1ist\u00ed \u00e9ir\u00ed \u00f3 na su\u00edoch\u00e1in agus p\u00e1irt a ghlacadh san acla\u00edocht le M\u00e1ire Treasa. Foghlaimeoimid conas fanacht sl\u00e1inti\u00fail agus foll\u00e1in sa bhaile agus feicfimid na sp\u00f3irt ar fad is f\u00e9idir linn a imirt. Beidh a\u00edonna \u00e9ags\u00fala in a teannta ag cur s\u00edos ar gach r\u00e9imse sp\u00f3irt \u00f3 pheil, j\u00fad\u00f3 go seolt\u00f3ireacht. Seachtain spra\u00ed\u00fail sp\u00f3irti\u00fa\u00edl \u00ed seo agus l\u00e1n d&#8217;fhuinneamh.<\/span><br \/>\n&nbsp;<br \/>\n<strong><span>Seachtain a C\u00faig &#8211; Na Me\u00e1in Chumars\u00e1ide<\/span><\/strong><span>\u00a0(teilif\u00eds, raidio, podchraolta\u00ed, vlog\u00e1il, scr\u00edbhneoireacht) \u2013 t\u00e1 deis anseo nascadh isteach le RnaG, Tuairisc, Iriseoir\u00ed Gaeilge &amp;rl. N\u00ed raibh t\u00e1bhacht riamh leis na me\u00e1in mar at\u00e1 anois. Agus muid ag fanacht sa bhaile, t\u00e1 muid ag brath ar na me\u00e1in ar bhealach amh\u00e1in n\u00f3 ar bhealach eile chun nuacht a fh\u00e1il, le fanacht i dteagmh\u00e1il lena ch\u00e9ile agus chun siamsa\u00edocht a chur ar f\u00e1il. Beidh meabhr\u00fach\u00e1in rialta maidir leis an tsl\u00ed ba ch\u00f3ir fanacht s\u00e1bh\u00e1ilte ar l\u00edne agus conas nithe a roinnt go s\u00e1bh\u00e1ilte. Foghlaimeoimid conas cl\u00e1r raidi\u00f3 a chur le ch\u00e9ile, conas nuacht\u00e1n a chur in eagar.\u00a0\u00a0Beidh Caitl\u00edn Nic Aoidh ag l\u00e1ithri\u00fa seachtain shuimi\u00fail agus na gn\u00e9ithe \u00e9ags\u00fala a bhaineann leis na me\u00e1in \u00e1 chur i l\u00e1thair aici. Is as Cloich Cheannfhaola i nGaeltacht Th\u00edr Chonaill do Chaitl\u00edn. Chaith s\u00ed c\u00fapla bliain ag m\u00fainteoireacht sula ndeachaigh s\u00ed i dtreo na me\u00e1in. T\u00e1 s\u00ed ag obair le TG4 \u00f3 bh\u00ed 2015 ann mar l\u00e1ithreoir aimsire agus lean\u00fanachais agus t\u00e1 r\u00e9imse cl\u00e1ir d\u00e9anta \u00f3 cl\u00e1ir beo go cl\u00e1ir r\u00e9amhthaifeadta aici. T\u00e1 taith\u00ed aici ar na me\u00e1in sh\u00f3isialta agus na me\u00e1in dhigiteach chomh maith le bheith os comhair an cheamara.\u00a0<\/span><span>\u00a0<\/span><span><\/span><\/p>\n<p><span>T\u00e1 an t-sraith cl\u00e1ir campa\u00ed \u00e1 l\u00e9iri\u00fa le taca\u00edocht maoinithe \u00f3n Roinn Cult\u00fair, Oidhreachta agus Gaeltachta agus \u00f3 Fhoras na Gaeilge agus ar leas fheidhmi\u00fa an\u00a0<\/span><strong><span>Phlean Gn\u00edomha\u00edochta 2018-2022<\/span><\/strong><span>\u00a0don Ghaeilge.<\/span><\/p>\n<p><span>\u00a0<\/span><\/p>\n<p><span>D\u00fairt an tAire St\u00e1it don Ghaeilge, don Ghaeltacht agus do na hoile\u00e1in, an Seanad\u00f3ir Se\u00e1n Kyne:\u00a0<\/span><em><span>&#8220;Is \u00fadar \u00e1thais dom go bhfuil an mo Roinn\u00a0in ann tac\u00fa leis an tionscnamh spreag\u00fail seo. \u00a0Beart praictici\u00fail is ea an tsraith seo Campa\u00ed C\u00fala4. Beidh\u00a0s\u00e9\u00a0 mar\u00a0thaca breise do ph\u00e1ist\u00ed fud fad na t\u00edre ag an tr\u00e1th seo agus ar nd\u00f3igh do theaghlaigh at\u00e1 ag t\u00f3g\u00e1il clainne le Gaeilge.\u00a0Lu\u00edann\u00a0s\u00e9 isteach chomh maith leis an Strait\u00e9is 20 Bliain don Ghaeilge 2010-2030 agus\u00a0leis an obair fh\u00f3nta at\u00e1 ar bun ag leith\u00e9id\u00ed Eala\u00edn na G<\/span><span>\u200b<\/span><span>aeltachta, TechSpace, Tuismitheoir\u00ed na Gaeltachta\u00a0agus eagra\u00edochta\u00ed Gaeilge eile a bh\u00edonn ag pl\u00e9 leis an nGaeilge i measc an aosa \u00f3ig mar chuid den Strait\u00e9is. N\u00edl aon amhras\u00a0orm\u00a0ach go mbainfidh\u00a0p\u00e1ist\u00ed an-sult as an tsraith.&#8221;<\/span><\/em><span><\/span><\/p>\n<p><span>\u00a0<\/span><\/p>\n<p><span>D\u00fairt Siobh\u00e1n N\u00ed Bhr\u00e1daigh, Eagarth\u00f3ir Daoine \u00d3ga TG4:\u00a0<\/span><em><span>&#8220;T\u00e1 s\u00fail againn go mbainfidh p\u00e1ist\u00ed taitneamh agus spraoi as na Campa\u00ed Samhraidh a bheidh \u00e1 chraoladh ar feadh 5 seachtaine ar TG4.\u00a0 Treiseoidh na campa\u00ed leis an m\u00e9id a bh\u00ed ar bun ar\u00a0C\u00fala4 ar Scoil\u00a0le 2 mh\u00ed anuas agus tabharfaidh siad blaise de r\u00e9ims\u00ed ar leith gach seachtain, idir Eala\u00edon, C\u00f3caireacht, Acla\u00edocht, Cumars\u00e1id agus STEAM.&#8221;<\/span><\/em><\/p>\n<p>&nbsp;<\/p>\n<p>&nbsp;<\/p>\n<p>&nbsp;<\/p>\n","protected":false},"excerpt":{"rendered":"<p>&nbsp; Nuair a chr\u00edochn\u00f3idh &#8216;C\u00fala4\u00a0ar Scoil&#8217; ag deireadh na m\u00edosa seo agus saoire an tSamhraidh ag tos\u00fa go hoifigi\u00fail, beidh c\u00faig seachtaine de Campa\u00ed C\u00fala4 \u00e1 chraoladh ar TG4 chun p\u00e1ist\u00ed a choinne\u00e1il gn\u00f3thach agus s\u00e1sta fad is at\u00e1\u00a0an t\u00edr f\u00f3s ag dul i ngleic leis na srianta at\u00e1 orainn de bharr Covid-19.\u00a0 Go hiond\u00fail [&hellip;]<\/p>\n","protected":false},"author":876,"featured_media":0,"parent":111525,"menu_order":22,"comment_status":"closed","ping_status":"closed","template":"page-templates\/template-pr.php","meta":{"_acf_changed":false,"footnotes":""},"acf":[],"yoast_head":"<!-- This site is optimized with the Yoast SEO plugin v22.6 - https:\/\/yoast.com\/wordpress\/plugins\/seo\/ -->\n<title>C\u00faig Seachtaine de Champa\u00ed Samhraidh le Craoladh sa tSraith Nua &#039;Campa\u00ed C\u00fala4&#039; | Preas R\u00e1iteas | TG4<\/title>\n<meta name=\"robots\" content=\"index, follow, max-snippet:-1, max-image-preview:large, max-video-preview:-1\" \/>\n<meta property=\"og:locale\" content=\"en_US\" \/>\n<meta property=\"og:type\" content=\"article\" \/>\n<meta property=\"og:title\" content=\"C\u00faig Seachtaine de Champa\u00ed Samhraidh le Craoladh sa tSraith Nua &#039;Campa\u00ed C\u00fala4&#039; | Preas R\u00e1iteas | TG4\" \/>\n<meta property=\"og:description\" content=\"&nbsp; Nuair a chr\u00edochn\u00f3idh &#8216;C\u00fala4\u00a0ar Scoil&#8217; ag deireadh na m\u00edosa seo agus saoire an tSamhraidh ag tos\u00fa go hoifigi\u00fail, beidh c\u00faig seachtaine de Campa\u00ed C\u00fala4 \u00e1 chraoladh ar TG4 chun p\u00e1ist\u00ed a choinne\u00e1il gn\u00f3thach agus s\u00e1sta fad is at\u00e1\u00a0an t\u00edr f\u00f3s ag dul i ngleic leis na srianta at\u00e1 orainn de bharr Covid-19.\u00a0 Go hiond\u00fail [&hellip;]\" \/>\n<meta property=\"og:url\" content=\"https:\/\/dev.tg4.ie\/ga\/eolas\/preas\/nuacht-raitis\/2020-2\/cuig-seachtaine-de-champai-samhraidh-le-craoladh-sa-tsraith-nua-campai-cula4\/\" \/>\n<meta property=\"og:site_name\" content=\"TG4\" \/>\n<meta property=\"article:publisher\" content=\"https:\/\/www.facebook.com\/TG4TV\" \/>\n<meta property=\"article:modified_time\" content=\"2020-06-15T12:53:29+00:00\" \/>\n<meta property=\"og:image\" content=\"https:\/\/tg4-docs.s3.amazonaws.com\/tg4-redesign-2015\/wp-content\/uploads\/2020\/06\/C4Campai-5Laithreoiri_pad.jpg\" \/>\n\t<meta property=\"og:image:width\" content=\"1200\" \/>\n\t<meta property=\"og:image:height\" content=\"630\" \/>\n\t<meta property=\"og:image:type\" content=\"image\/jpeg\" \/>\n<meta name=\"twitter:card\" content=\"summary_large_image\" \/>\n<meta name=\"twitter:image\" content=\"https:\/\/tg4-docs.s3.amazonaws.com\/tg4-redesign-2015\/wp-content\/uploads\/2020\/06\/C4Campai-5Laithreoiri_pad.jpg\" \/>\n<meta name=\"twitter:site\" content=\"@TG4TV\" \/>\n<meta name=\"twitter:label1\" content=\"Est. reading time\" \/>\n\t<meta name=\"twitter:data1\" content=\"7 minutes\" \/>\n<script type=\"application\/ld+json\" class=\"yoast-schema-graph\">{\"@context\":\"https:\/\/schema.org\",\"@graph\":[{\"@type\":\"WebPage\",\"@id\":\"https:\/\/dev.tg4.ie\/ga\/eolas\/preas\/nuacht-raitis\/2020-2\/cuig-seachtaine-de-champai-samhraidh-le-craoladh-sa-tsraith-nua-campai-cula4\/\",\"url\":\"https:\/\/dev.tg4.ie\/ga\/eolas\/preas\/nuacht-raitis\/2020-2\/cuig-seachtaine-de-champai-samhraidh-le-craoladh-sa-tsraith-nua-campai-cula4\/\",\"name\":\"C\u00faig Seachtaine de Champa\u00ed Samhraidh le Craoladh sa tSraith Nua 'Campa\u00ed C\u00fala4' | Preas R\u00e1iteas | TG4\",\"isPartOf\":{\"@id\":\"https:\/\/dev.tg4.ie\/en\/#website\"},\"primaryImageOfPage\":{\"@id\":\"https:\/\/dev.tg4.ie\/ga\/eolas\/preas\/nuacht-raitis\/2020-2\/cuig-seachtaine-de-champai-samhraidh-le-craoladh-sa-tsraith-nua-campai-cula4\/#primaryimage\"},\"image\":{\"@id\":\"https:\/\/dev.tg4.ie\/ga\/eolas\/preas\/nuacht-raitis\/2020-2\/cuig-seachtaine-de-champai-samhraidh-le-craoladh-sa-tsraith-nua-campai-cula4\/#primaryimage\"},\"thumbnailUrl\":\"https:\/\/dev.tg4.ie\/wp-content\/uploads\/2020\/06\/C4Campai-5Laithreoiri.jpg\",\"datePublished\":\"2020-06-12T14:35:00+00:00\",\"dateModified\":\"2020-06-15T12:53:29+00:00\",\"breadcrumb\":{\"@id\":\"https:\/\/dev.tg4.ie\/ga\/eolas\/preas\/nuacht-raitis\/2020-2\/cuig-seachtaine-de-champai-samhraidh-le-craoladh-sa-tsraith-nua-campai-cula4\/#breadcrumb\"},\"inLanguage\":\"ga\",\"potentialAction\":[{\"@type\":\"ReadAction\",\"target\":[\"https:\/\/dev.tg4.ie\/ga\/eolas\/preas\/nuacht-raitis\/2020-2\/cuig-seachtaine-de-champai-samhraidh-le-craoladh-sa-tsraith-nua-campai-cula4\/\"]}]},{\"@type\":\"ImageObject\",\"inLanguage\":\"ga\",\"@id\":\"https:\/\/dev.tg4.ie\/ga\/eolas\/preas\/nuacht-raitis\/2020-2\/cuig-seachtaine-de-champai-samhraidh-le-craoladh-sa-tsraith-nua-campai-cula4\/#primaryimage\",\"url\":\"https:\/\/dev.tg4.ie\/wp-content\/uploads\/2020\/06\/C4Campai-5Laithreoiri.jpg\",\"contentUrl\":\"https:\/\/dev.tg4.ie\/wp-content\/uploads\/2020\/06\/C4Campai-5Laithreoiri.jpg\"},{\"@type\":\"BreadcrumbList\",\"@id\":\"https:\/\/dev.tg4.ie\/ga\/eolas\/preas\/nuacht-raitis\/2020-2\/cuig-seachtaine-de-champai-samhraidh-le-craoladh-sa-tsraith-nua-campai-cula4\/#breadcrumb\",\"itemListElement\":[{\"@type\":\"ListItem\",\"position\":1,\"name\":\"Home\",\"item\":\"https:\/\/dev.tg4.ie\/ga\/\"},{\"@type\":\"ListItem\",\"position\":2,\"name\":\"Eolas\",\"item\":\"https:\/\/dev.tg4.ie\/ga\/eolas\/\"},{\"@type\":\"ListItem\",\"position\":3,\"name\":\"Preas\",\"item\":\"https:\/\/dev.tg4.ie\/ga\/eolas\/preas\/\"},{\"@type\":\"ListItem\",\"position\":4,\"name\":\"Nuacht R\u00e1itis\",\"item\":\"https:\/\/dev.tg4.ie\/ga\/eolas\/preas\/nuacht-raitis\/\"},{\"@type\":\"ListItem\",\"position\":5,\"name\":\"2020\",\"item\":\"https:\/\/dev.tg4.ie\/ga\/eolas\/preas\/nuacht-raitis\/2020-2\/\"},{\"@type\":\"ListItem\",\"position\":6,\"name\":\"C\u00faig Seachtaine de Champa\u00ed Samhraidh le Craoladh sa tSraith Nua &#8216;Campa\u00ed C\u00fala4&#8217;\"}]},{\"@type\":\"WebSite\",\"@id\":\"https:\/\/dev.tg4.ie\/en\/#website\",\"url\":\"https:\/\/dev.tg4.ie\/en\/\",\"name\":\"TG4\",\"description\":\"S\u00fail Eile\",\"potentialAction\":[{\"@type\":\"SearchAction\",\"target\":{\"@type\":\"EntryPoint\",\"urlTemplate\":\"https:\/\/dev.tg4.ie\/en\/?s={search_term_string}\"},\"query-input\":\"required name=search_term_string\"}],\"inLanguage\":\"ga\"}]}<\/script>\n<!-- \/ Yoast SEO plugin. -->","yoast_head_json":{"title":"C\u00faig Seachtaine de Champa\u00ed Samhraidh le Craoladh sa tSraith Nua 'Campa\u00ed C\u00fala4' | Preas R\u00e1iteas | TG4","robots":{"index":"index","follow":"follow","max-snippet":"max-snippet:-1","max-image-preview":"max-image-preview:large","max-video-preview":"max-video-preview:-1"},"og_locale":"en_US","og_type":"article","og_title":"C\u00faig Seachtaine de Champa\u00ed Samhraidh le Craoladh sa tSraith Nua 'Campa\u00ed C\u00fala4' | Preas R\u00e1iteas | TG4","og_description":"&nbsp; Nuair a chr\u00edochn\u00f3idh &#8216;C\u00fala4\u00a0ar Scoil&#8217; ag deireadh na m\u00edosa seo agus saoire an tSamhraidh ag tos\u00fa go hoifigi\u00fail, beidh c\u00faig seachtaine de Campa\u00ed C\u00fala4 \u00e1 chraoladh ar TG4 chun p\u00e1ist\u00ed a choinne\u00e1il gn\u00f3thach agus s\u00e1sta fad is at\u00e1\u00a0an t\u00edr f\u00f3s ag dul i ngleic leis na srianta at\u00e1 orainn de bharr Covid-19.\u00a0 Go hiond\u00fail [&hellip;]","og_url":"https:\/\/dev.tg4.ie\/ga\/eolas\/preas\/nuacht-raitis\/2020-2\/cuig-seachtaine-de-champai-samhraidh-le-craoladh-sa-tsraith-nua-campai-cula4\/","og_site_name":"TG4","article_publisher":"https:\/\/www.facebook.com\/TG4TV","article_modified_time":"2020-06-15T12:53:29+00:00","og_image":[{"width":1200,"height":630,"url":"https:\/\/tg4-docs.s3.amazonaws.com\/tg4-redesign-2015\/wp-content\/uploads\/2020\/06\/C4Campai-5Laithreoiri_pad.jpg","type":"image\/jpeg"}],"twitter_card":"summary_large_image","twitter_image":"https:\/\/tg4-docs.s3.amazonaws.com\/tg4-redesign-2015\/wp-content\/uploads\/2020\/06\/C4Campai-5Laithreoiri_pad.jpg","twitter_site":"@TG4TV","twitter_misc":{"Est. reading time":"7 minutes"},"schema":{"@context":"https:\/\/schema.org","@graph":[{"@type":"WebPage","@id":"https:\/\/dev.tg4.ie\/ga\/eolas\/preas\/nuacht-raitis\/2020-2\/cuig-seachtaine-de-champai-samhraidh-le-craoladh-sa-tsraith-nua-campai-cula4\/","url":"https:\/\/dev.tg4.ie\/ga\/eolas\/preas\/nuacht-raitis\/2020-2\/cuig-seachtaine-de-champai-samhraidh-le-craoladh-sa-tsraith-nua-campai-cula4\/","name":"C\u00faig Seachtaine de Champa\u00ed Samhraidh le Craoladh sa tSraith Nua 'Campa\u00ed C\u00fala4' | Preas R\u00e1iteas | TG4","isPartOf":{"@id":"https:\/\/dev.tg4.ie\/en\/#website"},"primaryImageOfPage":{"@id":"https:\/\/dev.tg4.ie\/ga\/eolas\/preas\/nuacht-raitis\/2020-2\/cuig-seachtaine-de-champai-samhraidh-le-craoladh-sa-tsraith-nua-campai-cula4\/#primaryimage"},"image":{"@id":"https:\/\/dev.tg4.ie\/ga\/eolas\/preas\/nuacht-raitis\/2020-2\/cuig-seachtaine-de-champai-samhraidh-le-craoladh-sa-tsraith-nua-campai-cula4\/#primaryimage"},"thumbnailUrl":"https:\/\/dev.tg4.ie\/wp-content\/uploads\/2020\/06\/C4Campai-5Laithreoiri.jpg","datePublished":"2020-06-12T14:35:00+00:00","dateModified":"2020-06-15T12:53:29+00:00","breadcrumb":{"@id":"https:\/\/dev.tg4.ie\/ga\/eolas\/preas\/nuacht-raitis\/2020-2\/cuig-seachtaine-de-champai-samhraidh-le-craoladh-sa-tsraith-nua-campai-cula4\/#breadcrumb"},"inLanguage":"ga","potentialAction":[{"@type":"ReadAction","target":["https:\/\/dev.tg4.ie\/ga\/eolas\/preas\/nuacht-raitis\/2020-2\/cuig-seachtaine-de-champai-samhraidh-le-craoladh-sa-tsraith-nua-campai-cula4\/"]}]},{"@type":"ImageObject","inLanguage":"ga","@id":"https:\/\/dev.tg4.ie\/ga\/eolas\/preas\/nuacht-raitis\/2020-2\/cuig-seachtaine-de-champai-samhraidh-le-craoladh-sa-tsraith-nua-campai-cula4\/#primaryimage","url":"https:\/\/dev.tg4.ie\/wp-content\/uploads\/2020\/06\/C4Campai-5Laithreoiri.jpg","contentUrl":"https:\/\/dev.tg4.ie\/wp-content\/uploads\/2020\/06\/C4Campai-5Laithreoiri.jpg"},{"@type":"BreadcrumbList","@id":"https:\/\/dev.tg4.ie\/ga\/eolas\/preas\/nuacht-raitis\/2020-2\/cuig-seachtaine-de-champai-samhraidh-le-craoladh-sa-tsraith-nua-campai-cula4\/#breadcrumb","itemListElement":[{"@type":"ListItem","position":1,"name":"Home","item":"https:\/\/dev.tg4.ie\/ga\/"},{"@type":"ListItem","position":2,"name":"Eolas","item":"https:\/\/dev.tg4.ie\/ga\/eolas\/"},{"@type":"ListItem","position":3,"name":"Preas","item":"https:\/\/dev.tg4.ie\/ga\/eolas\/preas\/"},{"@type":"ListItem","position":4,"name":"Nuacht R\u00e1itis","item":"https:\/\/dev.tg4.ie\/ga\/eolas\/preas\/nuacht-raitis\/"},{"@type":"ListItem","position":5,"name":"2020","item":"https:\/\/dev.tg4.ie\/ga\/eolas\/preas\/nuacht-raitis\/2020-2\/"},{"@type":"ListItem","position":6,"name":"C\u00faig Seachtaine de Champa\u00ed Samhraidh le Craoladh sa tSraith Nua &#8216;Campa\u00ed C\u00fala4&#8217;"}]},{"@type":"WebSite","@id":"https:\/\/dev.tg4.ie\/en\/#website","url":"https:\/\/dev.tg4.ie\/en\/","name":"TG4","description":"S\u00fail Eile","potentialAction":[{"@type":"SearchAction","target":{"@type":"EntryPoint","urlTemplate":"https:\/\/dev.tg4.ie\/en\/?s={search_term_string}"},"query-input":"required name=search_term_string"}],"inLanguage":"ga"}]}},"_links":{"self":[{"href":"https:\/\/dev.tg4.ie\/ga\/wp-json\/wp\/v2\/pages\/113169"}],"collection":[{"href":"https:\/\/dev.tg4.ie\/ga\/wp-json\/wp\/v2\/pages"}],"about":[{"href":"https:\/\/dev.tg4.ie\/ga\/wp-json\/wp\/v2\/types\/page"}],"author":[{"embeddable":true,"href":"https:\/\/dev.tg4.ie\/ga\/wp-json\/wp\/v2\/users\/876"}],"replies":[{"embeddable":true,"href":"https:\/\/dev.tg4.ie\/ga\/wp-json\/wp\/v2\/comments?post=113169"}],"version-history":[{"count":0,"href":"https:\/\/dev.tg4.ie\/ga\/wp-json\/wp\/v2\/pages\/113169\/revisions"}],"up":[{"embeddable":true,"href":"https:\/\/dev.tg4.ie\/ga\/wp-json\/wp\/v2\/pages\/111525"}],"wp:attachment":[{"href":"https:\/\/dev.tg4.ie\/ga\/wp-json\/wp\/v2\/media?parent=113169"}],"curies":[{"name":"wp","href":"https:\/\/api.w.org\/{rel}","templated":true}]}}