{"id":113212,"date":"2020-06-17T10:04:19","date_gmt":"2020-06-17T09:04:19","guid":{"rendered":"https:\/\/dev.tg4.ie\/?page_id=113212"},"modified":"2020-06-17T20:41:04","modified_gmt":"2020-06-17T19:41:04","slug":"na-campai-gaa-cul-camps-le-craoladh-ar-tg4","status":"publish","type":"page","link":"https:\/\/dev.tg4.ie\/ga\/eolas\/preas\/nuacht-raitis\/2020-2\/na-campai-gaa-cul-camps-le-craoladh-ar-tg4\/","title":{"rendered":"Na campa\u00ed &#8216;GAA C\u00fal Camps&#8217; le craoladh ar TG4"},"content":{"rendered":"<p><a href=\"https:\/\/tg4-docs.s3.amazonaws.com\/tg4-redesign-2015\/wp-content\/uploads\/2020\/06\/Grainne-Cul_Camps_2_1920x1080.jpg\"><img loading=\"lazy\" decoding=\"async\" width=\"1920\" height=\"1080\" src=\"https:\/\/tg4-docs.s3.amazonaws.com\/tg4-redesign-2015\/wp-content\/uploads\/2020\/06\/Grainne-Cul_Camps_2_1920x1080.jpg\" alt=\"\" class=\"aligncenter size-full wp-image-113216\" srcset=\"https:\/\/tg4-docs.s3.amazonaws.com\/tg4-redesign-2015\/wp-content\/uploads\/2020\/06\/Grainne-Cul_Camps_2_1920x1080.jpg 1920w, https:\/\/tg4-docs.s3.amazonaws.com\/tg4-redesign-2015\/wp-content\/uploads\/2020\/06\/Grainne-Cul_Camps_2_1920x1080-250x141.jpg 250w, https:\/\/tg4-docs.s3.amazonaws.com\/tg4-redesign-2015\/wp-content\/uploads\/2020\/06\/Grainne-Cul_Camps_2_1920x1080-700x394.jpg 700w, https:\/\/tg4-docs.s3.amazonaws.com\/tg4-redesign-2015\/wp-content\/uploads\/2020\/06\/Grainne-Cul_Camps_2_1920x1080-252x141.jpg 252w, https:\/\/tg4-docs.s3.amazonaws.com\/tg4-redesign-2015\/wp-content\/uploads\/2020\/06\/Grainne-Cul_Camps_2_1920x1080-1536x864.jpg 1536w, https:\/\/tg4-docs.s3.amazonaws.com\/tg4-redesign-2015\/wp-content\/uploads\/2020\/06\/Grainne-Cul_Camps_2_1920x1080-120x68.jpg 120w\" sizes=\"(max-width: 1920px) 100vw, 1920px\" \/><\/a><\/p>\n<p>&nbsp;<br \/>\nC\u00fais \u00e1thais do Chumann L\u00fathchleas Gael, i gcomhar le Kellogg&#8217;s agus TG4, a gcuid pleananna maidir le Kellogg\u2019s GAA C\u00fal Camps 2020 a fh\u00f3gairt. Cuirfear t\u00fas leis na campa\u00ed f\u00e9in ar 20 I\u00fail, ach idir an d\u00e1 linn agus leis na himreoir\u00ed \u00f3ga a r\u00e9iteach do na campa\u00ed, craolfar an sraith teilif\u00edse <strong>&#8216;GAA C\u00fal Camps&#8217;<\/strong> ar TG4 \u00f3n 29 Meitheamh ar aghaidh. <\/p>\n<p>Craolfar an cl\u00e1r \u00f3 Luan go hAoine ag 10.25 ar feadh tr\u00ed seachtaine \u00f3n 29 Meitheamh go dt\u00ed 17 I\u00fail. Craolfar an cl\u00e1r ar\u00eds tr\u00e1thn\u00f3na ar 5.15 agus beidh f\u00e1il air ar sheinnteoir TG4 ag TG4.ie agus ar Cula4.com.  Is \u00ed Gr\u00e1inne Bleasdale a chuirfidh an cl\u00e1r i l\u00e1thair. Bh\u00ed Gr\u00e1inne p\u00e1irteach san fheachtas m\u00f3r acla\u00edochta do <em>Operation Transformation &#8211; 10@10<\/em>, b\u00edonn s\u00ed ag aisteoireacht i bp\u00e1irt Michelle ar Ros na R\u00fan agus bh\u00ed s\u00ed p\u00e1irteach sna sraitheanna &#8216;An Saol Faoi Sh\u00e1id&#8217; agus go leor eile. <\/p>\n<p>Beidh roinnt m\u00edreanna sa chl\u00e1r le r\u00e9alta sp\u00f3irt, leith\u00e9id\u00ed Rena Buckley (Corcaigh), Liam Rushe (\u00c1th Cliath) agus Caoimh\u00edn \u00d3 Casaide (D\u00fan na nGall)<br \/>\nIs iad an chomhlacht teilif\u00edse Nemeton a l\u00e9ireoidh an tsraith.  <\/p>\n<p>De r\u00e9ir threoirl\u00ednte CLG maidir leis na cluich\u00ed Gaelacha a chur ar si\u00fal ar\u00eds go s\u00e1bh\u00e1ilte, is f\u00e9idir a fh\u00f3gairt go mbeidh na Kellogg&#8217;s C\u00fal Camps \u00e1 gcur ar si\u00fal i gclubanna fud fad na t\u00edre tar \u00e9is 20 I\u00fail. Foilseofar liosta de na clubanna ina mbeidh siad ar si\u00fal ar shu\u00edomh idirl\u00edn an Chumainn ar 22 Meitheamh <a href=\"https:\/\/www.kelloggsculcamps.gaa.ie\/as-gaeilge\" rel=\"noopener noreferrer\" target=\"_blank\">https:\/\/www.kelloggsculcamps.gaa.ie\/as-gaeilge<\/a> agus beidh an m\u00f3rphobal in ann sp\u00e1sanna a chur in \u00e1irithe \u00f3n d\u00e1ta sin ar aghaidh. T\u00e1 gach eolas faoi na C\u00fal Camps ar f\u00e1il ag an nasc sin, freisin.<\/p>\n<p>De bharr na paind\u00e9ime d&#8217;fh\u00e9adfadh s\u00e9 tarl\u00fa go laghd\u00f3far ar an l\u00edon daoine at\u00e1 in ann p\u00e1irt a ghlacadh sna campa\u00ed i gcontaetha \u00e1irithe. D\u00e1 bhr\u00ed sin, socra\u00edodh go mbeadh feisteas na Kellogg&#8217;s GAA C\u00fal Camps ar f\u00e1il le ceannach ar l\u00edne ag an nasc seo a leanas <a href=\"https:\/\/www.kelloggsculcamps.gaa.ie\/\" rel=\"noopener noreferrer\" target=\"_blank\">https:\/\/www.kelloggsculcamps.gaa.ie\/<\/a><\/p>\n<p>Rinneadh teagmh\u00e1il leis an 4,000 duine a bh\u00ed tar \u00e9is cl\u00e1r\u00fa do na campa\u00ed i mbliana sular th\u00e1inig an phaind\u00e9im agus tugadh tr\u00ed rogha d\u00f3ibh; 1.) Ais\u00edoc ioml\u00e1n 2.) Feisteas na C\u00fal Camps a fh\u00e1il sa phost chomh maith le hais\u00edoc ar an m\u00e9id a bh\u00ed ag seasamh amach ina dhiaidh sin 3.) Sp\u00e1s a fh\u00e1il ar cheann de na campa\u00ed a athschocra\u00edodh.<\/p>\n<p>De bharr na mbeartas sl\u00e1inte agus s\u00e1bh\u00e1ilteachta at\u00e1 i bhfeidhm faoi l\u00e1thair, d\u2019fh\u00e9adfadh s\u00e9 tarl\u00fa nach mbeidh clubanna \u00e1irithe in ann an l\u00edon c\u00e9anna p\u00e1ist\u00ed a th\u00f3g\u00e1il ar a gcuid campa\u00ed i mbliana. D\u00e1 bhr\u00ed sin moltar do dhaoine sp\u00e1sanna a chur in \u00e1irithe chomh luath agus is f\u00e9idir.<\/p>\n<p>D\u00fairt <strong>Uachtar\u00e1n Chumann L\u00fathchleas Gael, Sean \u00d3 h\u00d3r\u00e1in<\/strong>, go raibh r\u00edm\u00e9ad air go raibh s\u00e9 in ann pleananna an Chumainn do na C\u00fal Camps a fh\u00f3gairt.<\/p>\n<p>Thug <strong>Ruth Hughes, Ceannasa\u00ed Marga\u00edochta Kellogg&#8217;s in \u00c9irinn<\/strong>, le fios go raibh s\u00ed an-s\u00e1sta go mbeadh na C\u00fal Camps ag gabh\u00e1il ar aghaidh i mbliana agus go mbeadh gn\u00e9 de na campa\u00ed le feice\u00e1il ar an teilif\u00eds i mbliana.<\/p>\n<p>D\u00fairt <strong>R\u00f3n\u00e1n \u00d3 Coisdealbha, Ceannasa\u00ed Sp\u00f3irt TG4<\/strong>, <em>&#8220;T\u00e1 TG4 ar b\u00eds go mbeadh na Kellogg&#8217;s GAA C\u00fal Camps \u00e1 chraoladh ar TG4 agus go mbeidh deis ag gas\u00fair \u00f3ga a scileanna a fheabhs\u00fa agus iad sa bhaile.  Gach maidin, ar feadh uair a chloig ar C\u00fala4, beidh Campa C\u00fala4, agus d\u00edreach in a dhiaidh, craolfar na GAA C\u00fal Camps.  Beidh neart siamsa\u00edochta agus spraoi ann do na gas\u00fair an Samhradh seo ar TG4.&#8221; <\/em><\/p>\n<p>&nbsp;<br \/>\n<a href=\"https:\/\/tg4-docs.s3.amazonaws.com\/tg4-redesign-2015\/wp-content\/uploads\/2020\/06\/Kellogg_s_GAA_Cul_Camps_2020-2_1000x1000.jpg\"><img loading=\"lazy\" decoding=\"async\" width=\"141\" height=\"141\" src=\"https:\/\/tg4-docs.s3.amazonaws.com\/tg4-redesign-2015\/wp-content\/uploads\/2020\/06\/Kellogg_s_GAA_Cul_Camps_2020-2_1000x1000-141x141.jpg\" alt=\"\" class=\"aligncenter size-thumbnail wp-image-113220\" srcset=\"https:\/\/tg4-docs.s3.amazonaws.com\/tg4-redesign-2015\/wp-content\/uploads\/2020\/06\/Kellogg_s_GAA_Cul_Camps_2020-2_1000x1000-141x141.jpg 141w, https:\/\/tg4-docs.s3.amazonaws.com\/tg4-redesign-2015\/wp-content\/uploads\/2020\/06\/Kellogg_s_GAA_Cul_Camps_2020-2_1000x1000-250x250.jpg 250w, https:\/\/tg4-docs.s3.amazonaws.com\/tg4-redesign-2015\/wp-content\/uploads\/2020\/06\/Kellogg_s_GAA_Cul_Camps_2020-2_1000x1000-700x700.jpg 700w, https:\/\/tg4-docs.s3.amazonaws.com\/tg4-redesign-2015\/wp-content\/uploads\/2020\/06\/Kellogg_s_GAA_Cul_Camps_2020-2_1000x1000-120x120.jpg 120w, https:\/\/tg4-docs.s3.amazonaws.com\/tg4-redesign-2015\/wp-content\/uploads\/2020\/06\/Kellogg_s_GAA_Cul_Camps_2020-2_1000x1000.jpg 1000w\" sizes=\"(max-width: 141px) 100vw, 141px\" \/><\/a> <a href=\"https:\/\/tg4-docs.s3.amazonaws.com\/tg4-redesign-2015\/wp-content\/uploads\/2020\/06\/Kelloggs_GAA_Cl_Camps_logo_1000x1000.jpg\"><img loading=\"lazy\" decoding=\"async\" width=\"141\" height=\"141\" src=\"https:\/\/tg4-docs.s3.amazonaws.com\/tg4-redesign-2015\/wp-content\/uploads\/2020\/06\/Kelloggs_GAA_Cl_Camps_logo_1000x1000-141x141.jpg\" alt=\"\" class=\"aligncenter size-thumbnail wp-image-113219\" srcset=\"https:\/\/tg4-docs.s3.amazonaws.com\/tg4-redesign-2015\/wp-content\/uploads\/2020\/06\/Kelloggs_GAA_Cl_Camps_logo_1000x1000-141x141.jpg 141w, https:\/\/tg4-docs.s3.amazonaws.com\/tg4-redesign-2015\/wp-content\/uploads\/2020\/06\/Kelloggs_GAA_Cl_Camps_logo_1000x1000-250x250.jpg 250w, https:\/\/tg4-docs.s3.amazonaws.com\/tg4-redesign-2015\/wp-content\/uploads\/2020\/06\/Kelloggs_GAA_Cl_Camps_logo_1000x1000-700x700.jpg 700w, https:\/\/tg4-docs.s3.amazonaws.com\/tg4-redesign-2015\/wp-content\/uploads\/2020\/06\/Kelloggs_GAA_Cl_Camps_logo_1000x1000-120x120.jpg 120w, https:\/\/tg4-docs.s3.amazonaws.com\/tg4-redesign-2015\/wp-content\/uploads\/2020\/06\/Kelloggs_GAA_Cl_Camps_logo_1000x1000.jpg 1000w\" sizes=\"(max-width: 141px) 100vw, 141px\" \/><\/a> <a href=\"https:\/\/tg4-docs.s3.amazonaws.com\/tg4-redesign-2015\/wp-content\/uploads\/2020\/06\/Kellogg_s_GAA_Cul_Camps_2020-1_1000x1000.jpg\"><img loading=\"lazy\" decoding=\"async\" width=\"141\" height=\"141\" src=\"https:\/\/tg4-docs.s3.amazonaws.com\/tg4-redesign-2015\/wp-content\/uploads\/2020\/06\/Kellogg_s_GAA_Cul_Camps_2020-1_1000x1000-141x141.jpg\" alt=\"\" class=\"aligncenter size-thumbnail wp-image-113218\" srcset=\"https:\/\/tg4-docs.s3.amazonaws.com\/tg4-redesign-2015\/wp-content\/uploads\/2020\/06\/Kellogg_s_GAA_Cul_Camps_2020-1_1000x1000-141x141.jpg 141w, https:\/\/tg4-docs.s3.amazonaws.com\/tg4-redesign-2015\/wp-content\/uploads\/2020\/06\/Kellogg_s_GAA_Cul_Camps_2020-1_1000x1000-250x250.jpg 250w, https:\/\/tg4-docs.s3.amazonaws.com\/tg4-redesign-2015\/wp-content\/uploads\/2020\/06\/Kellogg_s_GAA_Cul_Camps_2020-1_1000x1000-700x700.jpg 700w, https:\/\/tg4-docs.s3.amazonaws.com\/tg4-redesign-2015\/wp-content\/uploads\/2020\/06\/Kellogg_s_GAA_Cul_Camps_2020-1_1000x1000-120x120.jpg 120w, https:\/\/tg4-docs.s3.amazonaws.com\/tg4-redesign-2015\/wp-content\/uploads\/2020\/06\/Kellogg_s_GAA_Cul_Camps_2020-1_1000x1000.jpg 1000w\" sizes=\"(max-width: 141px) 100vw, 141px\" \/><\/a> <a href=\"https:\/\/tg4-docs.s3.amazonaws.com\/tg4-redesign-2015\/wp-content\/uploads\/2020\/06\/2020_C%C3%BAl_Camps_Kit_1000x1000.jpg\"><img decoding=\"async\" src=\"https:\/\/tg4-docs.s3.amazonaws.com\/tg4-redesign-2015\/wp-content\/uploads\/2020\/06\/2020_C%C3%BAl_Camps_Kit_1000x1000-141x141.jpg\" alt=\"\" class=\"aligncenter size-thumbnail wp-image-113221\" \/><\/a><\/p>\n<p>&nbsp;<\/p>\n","protected":false},"excerpt":{"rendered":"<p>&nbsp; C\u00fais \u00e1thais do Chumann L\u00fathchleas Gael, i gcomhar le Kellogg&#8217;s agus TG4, a gcuid pleananna maidir le Kellogg\u2019s GAA C\u00fal Camps 2020 a fh\u00f3gairt. Cuirfear t\u00fas leis na campa\u00ed f\u00e9in ar 20 I\u00fail, ach idir an d\u00e1 linn agus leis na himreoir\u00ed \u00f3ga a r\u00e9iteach do na campa\u00ed, craolfar an sraith teilif\u00edse &#8216;GAA C\u00fal [&hellip;]<\/p>\n","protected":false},"author":876,"featured_media":0,"parent":111525,"menu_order":23,"comment_status":"closed","ping_status":"closed","template":"page-templates\/template-pr.php","meta":{"_acf_changed":false,"footnotes":""},"acf":[],"yoast_head":"<!-- This site is optimized with the Yoast SEO plugin v22.6 - https:\/\/yoast.com\/wordpress\/plugins\/seo\/ -->\n<title>Na campa\u00ed &#039;GAA C\u00fal Camps&#039; le craoladh ar TG4 | Preas R\u00e1iteas | TG4<\/title>\n<meta name=\"robots\" content=\"index, follow, max-snippet:-1, max-image-preview:large, max-video-preview:-1\" \/>\n<meta property=\"og:locale\" content=\"en_US\" \/>\n<meta property=\"og:type\" content=\"article\" \/>\n<meta property=\"og:title\" content=\"Na campa\u00ed &#039;GAA C\u00fal Camps&#039; le craoladh ar TG4 | Preas R\u00e1iteas | TG4\" \/>\n<meta property=\"og:description\" content=\"&nbsp; C\u00fais \u00e1thais do Chumann L\u00fathchleas Gael, i gcomhar le Kellogg&#8217;s agus TG4, a gcuid pleananna maidir le Kellogg\u2019s GAA C\u00fal Camps 2020 a fh\u00f3gairt. Cuirfear t\u00fas leis na campa\u00ed f\u00e9in ar 20 I\u00fail, ach idir an d\u00e1 linn agus leis na himreoir\u00ed \u00f3ga a r\u00e9iteach do na campa\u00ed, craolfar an sraith teilif\u00edse &#8216;GAA C\u00fal [&hellip;]\" \/>\n<meta property=\"og:url\" content=\"https:\/\/dev.tg4.ie\/ga\/eolas\/preas\/nuacht-raitis\/2020-2\/na-campai-gaa-cul-camps-le-craoladh-ar-tg4\/\" \/>\n<meta property=\"og:site_name\" content=\"TG4\" \/>\n<meta property=\"article:publisher\" content=\"https:\/\/www.facebook.com\/TG4TV\" \/>\n<meta property=\"article:modified_time\" content=\"2020-06-17T19:41:04+00:00\" \/>\n<meta property=\"og:image\" content=\"https:\/\/tg4-docs.s3.amazonaws.com\/tg4-redesign-2015\/wp-content\/uploads\/2020\/06\/Grainne-Cul_Camps_2_1920x1080.jpg\" \/>\n\t<meta property=\"og:image:width\" content=\"1920\" \/>\n\t<meta property=\"og:image:height\" content=\"1080\" \/>\n\t<meta property=\"og:image:type\" content=\"image\/jpeg\" \/>\n<meta name=\"twitter:card\" content=\"summary_large_image\" \/>\n<meta name=\"twitter:image\" content=\"https:\/\/tg4-docs.s3.amazonaws.com\/tg4-redesign-2015\/wp-content\/uploads\/2020\/06\/Grainne-Cul_Camps_2_1920x1080.jpg\" \/>\n<meta name=\"twitter:site\" content=\"@TG4TV\" \/>\n<meta name=\"twitter:label1\" content=\"Est. reading time\" \/>\n\t<meta name=\"twitter:data1\" content=\"3 minutes\" \/>\n<script type=\"application\/ld+json\" class=\"yoast-schema-graph\">{\"@context\":\"https:\/\/schema.org\",\"@graph\":[{\"@type\":\"WebPage\",\"@id\":\"https:\/\/dev.tg4.ie\/ga\/eolas\/preas\/nuacht-raitis\/2020-2\/na-campai-gaa-cul-camps-le-craoladh-ar-tg4\/\",\"url\":\"https:\/\/dev.tg4.ie\/ga\/eolas\/preas\/nuacht-raitis\/2020-2\/na-campai-gaa-cul-camps-le-craoladh-ar-tg4\/\",\"name\":\"Na campa\u00ed 'GAA C\u00fal Camps' le craoladh ar TG4 | Preas R\u00e1iteas | TG4\",\"isPartOf\":{\"@id\":\"https:\/\/dev.tg4.ie\/en\/#website\"},\"primaryImageOfPage\":{\"@id\":\"https:\/\/dev.tg4.ie\/ga\/eolas\/preas\/nuacht-raitis\/2020-2\/na-campai-gaa-cul-camps-le-craoladh-ar-tg4\/#primaryimage\"},\"image\":{\"@id\":\"https:\/\/dev.tg4.ie\/ga\/eolas\/preas\/nuacht-raitis\/2020-2\/na-campai-gaa-cul-camps-le-craoladh-ar-tg4\/#primaryimage\"},\"thumbnailUrl\":\"https:\/\/dev.tg4.ie\/wp-content\/uploads\/2020\/06\/Grainne-Cul_Camps_2_1920x1080.jpg\",\"datePublished\":\"2020-06-17T09:04:19+00:00\",\"dateModified\":\"2020-06-17T19:41:04+00:00\",\"breadcrumb\":{\"@id\":\"https:\/\/dev.tg4.ie\/ga\/eolas\/preas\/nuacht-raitis\/2020-2\/na-campai-gaa-cul-camps-le-craoladh-ar-tg4\/#breadcrumb\"},\"inLanguage\":\"ga\",\"potentialAction\":[{\"@type\":\"ReadAction\",\"target\":[\"https:\/\/dev.tg4.ie\/ga\/eolas\/preas\/nuacht-raitis\/2020-2\/na-campai-gaa-cul-camps-le-craoladh-ar-tg4\/\"]}]},{\"@type\":\"ImageObject\",\"inLanguage\":\"ga\",\"@id\":\"https:\/\/dev.tg4.ie\/ga\/eolas\/preas\/nuacht-raitis\/2020-2\/na-campai-gaa-cul-camps-le-craoladh-ar-tg4\/#primaryimage\",\"url\":\"https:\/\/dev.tg4.ie\/wp-content\/uploads\/2020\/06\/Grainne-Cul_Camps_2_1920x1080.jpg\",\"contentUrl\":\"https:\/\/dev.tg4.ie\/wp-content\/uploads\/2020\/06\/Grainne-Cul_Camps_2_1920x1080.jpg\"},{\"@type\":\"BreadcrumbList\",\"@id\":\"https:\/\/dev.tg4.ie\/ga\/eolas\/preas\/nuacht-raitis\/2020-2\/na-campai-gaa-cul-camps-le-craoladh-ar-tg4\/#breadcrumb\",\"itemListElement\":[{\"@type\":\"ListItem\",\"position\":1,\"name\":\"Home\",\"item\":\"https:\/\/dev.tg4.ie\/ga\/\"},{\"@type\":\"ListItem\",\"position\":2,\"name\":\"Eolas\",\"item\":\"https:\/\/dev.tg4.ie\/ga\/eolas\/\"},{\"@type\":\"ListItem\",\"position\":3,\"name\":\"Preas\",\"item\":\"https:\/\/dev.tg4.ie\/ga\/eolas\/preas\/\"},{\"@type\":\"ListItem\",\"position\":4,\"name\":\"Nuacht R\u00e1itis\",\"item\":\"https:\/\/dev.tg4.ie\/ga\/eolas\/preas\/nuacht-raitis\/\"},{\"@type\":\"ListItem\",\"position\":5,\"name\":\"2020\",\"item\":\"https:\/\/dev.tg4.ie\/ga\/eolas\/preas\/nuacht-raitis\/2020-2\/\"},{\"@type\":\"ListItem\",\"position\":6,\"name\":\"Na campa\u00ed &#8216;GAA C\u00fal Camps&#8217; le craoladh ar TG4\"}]},{\"@type\":\"WebSite\",\"@id\":\"https:\/\/dev.tg4.ie\/en\/#website\",\"url\":\"https:\/\/dev.tg4.ie\/en\/\",\"name\":\"TG4\",\"description\":\"S\u00fail Eile\",\"potentialAction\":[{\"@type\":\"SearchAction\",\"target\":{\"@type\":\"EntryPoint\",\"urlTemplate\":\"https:\/\/dev.tg4.ie\/en\/?s={search_term_string}\"},\"query-input\":\"required name=search_term_string\"}],\"inLanguage\":\"ga\"}]}<\/script>\n<!-- \/ Yoast SEO plugin. -->","yoast_head_json":{"title":"Na campa\u00ed 'GAA C\u00fal Camps' le craoladh ar TG4 | Preas R\u00e1iteas | TG4","robots":{"index":"index","follow":"follow","max-snippet":"max-snippet:-1","max-image-preview":"max-image-preview:large","max-video-preview":"max-video-preview:-1"},"og_locale":"en_US","og_type":"article","og_title":"Na campa\u00ed 'GAA C\u00fal Camps' le craoladh ar TG4 | Preas R\u00e1iteas | TG4","og_description":"&nbsp; C\u00fais \u00e1thais do Chumann L\u00fathchleas Gael, i gcomhar le Kellogg&#8217;s agus TG4, a gcuid pleananna maidir le Kellogg\u2019s GAA C\u00fal Camps 2020 a fh\u00f3gairt. Cuirfear t\u00fas leis na campa\u00ed f\u00e9in ar 20 I\u00fail, ach idir an d\u00e1 linn agus leis na himreoir\u00ed \u00f3ga a r\u00e9iteach do na campa\u00ed, craolfar an sraith teilif\u00edse &#8216;GAA C\u00fal [&hellip;]","og_url":"https:\/\/dev.tg4.ie\/ga\/eolas\/preas\/nuacht-raitis\/2020-2\/na-campai-gaa-cul-camps-le-craoladh-ar-tg4\/","og_site_name":"TG4","article_publisher":"https:\/\/www.facebook.com\/TG4TV","article_modified_time":"2020-06-17T19:41:04+00:00","og_image":[{"width":1920,"height":1080,"url":"https:\/\/tg4-docs.s3.amazonaws.com\/tg4-redesign-2015\/wp-content\/uploads\/2020\/06\/Grainne-Cul_Camps_2_1920x1080.jpg","type":"image\/jpeg"}],"twitter_card":"summary_large_image","twitter_image":"https:\/\/tg4-docs.s3.amazonaws.com\/tg4-redesign-2015\/wp-content\/uploads\/2020\/06\/Grainne-Cul_Camps_2_1920x1080.jpg","twitter_site":"@TG4TV","twitter_misc":{"Est. reading time":"3 minutes"},"schema":{"@context":"https:\/\/schema.org","@graph":[{"@type":"WebPage","@id":"https:\/\/dev.tg4.ie\/ga\/eolas\/preas\/nuacht-raitis\/2020-2\/na-campai-gaa-cul-camps-le-craoladh-ar-tg4\/","url":"https:\/\/dev.tg4.ie\/ga\/eolas\/preas\/nuacht-raitis\/2020-2\/na-campai-gaa-cul-camps-le-craoladh-ar-tg4\/","name":"Na campa\u00ed 'GAA C\u00fal Camps' le craoladh ar TG4 | Preas R\u00e1iteas | TG4","isPartOf":{"@id":"https:\/\/dev.tg4.ie\/en\/#website"},"primaryImageOfPage":{"@id":"https:\/\/dev.tg4.ie\/ga\/eolas\/preas\/nuacht-raitis\/2020-2\/na-campai-gaa-cul-camps-le-craoladh-ar-tg4\/#primaryimage"},"image":{"@id":"https:\/\/dev.tg4.ie\/ga\/eolas\/preas\/nuacht-raitis\/2020-2\/na-campai-gaa-cul-camps-le-craoladh-ar-tg4\/#primaryimage"},"thumbnailUrl":"https:\/\/dev.tg4.ie\/wp-content\/uploads\/2020\/06\/Grainne-Cul_Camps_2_1920x1080.jpg","datePublished":"2020-06-17T09:04:19+00:00","dateModified":"2020-06-17T19:41:04+00:00","breadcrumb":{"@id":"https:\/\/dev.tg4.ie\/ga\/eolas\/preas\/nuacht-raitis\/2020-2\/na-campai-gaa-cul-camps-le-craoladh-ar-tg4\/#breadcrumb"},"inLanguage":"ga","potentialAction":[{"@type":"ReadAction","target":["https:\/\/dev.tg4.ie\/ga\/eolas\/preas\/nuacht-raitis\/2020-2\/na-campai-gaa-cul-camps-le-craoladh-ar-tg4\/"]}]},{"@type":"ImageObject","inLanguage":"ga","@id":"https:\/\/dev.tg4.ie\/ga\/eolas\/preas\/nuacht-raitis\/2020-2\/na-campai-gaa-cul-camps-le-craoladh-ar-tg4\/#primaryimage","url":"https:\/\/dev.tg4.ie\/wp-content\/uploads\/2020\/06\/Grainne-Cul_Camps_2_1920x1080.jpg","contentUrl":"https:\/\/dev.tg4.ie\/wp-content\/uploads\/2020\/06\/Grainne-Cul_Camps_2_1920x1080.jpg"},{"@type":"BreadcrumbList","@id":"https:\/\/dev.tg4.ie\/ga\/eolas\/preas\/nuacht-raitis\/2020-2\/na-campai-gaa-cul-camps-le-craoladh-ar-tg4\/#breadcrumb","itemListElement":[{"@type":"ListItem","position":1,"name":"Home","item":"https:\/\/dev.tg4.ie\/ga\/"},{"@type":"ListItem","position":2,"name":"Eolas","item":"https:\/\/dev.tg4.ie\/ga\/eolas\/"},{"@type":"ListItem","position":3,"name":"Preas","item":"https:\/\/dev.tg4.ie\/ga\/eolas\/preas\/"},{"@type":"ListItem","position":4,"name":"Nuacht R\u00e1itis","item":"https:\/\/dev.tg4.ie\/ga\/eolas\/preas\/nuacht-raitis\/"},{"@type":"ListItem","position":5,"name":"2020","item":"https:\/\/dev.tg4.ie\/ga\/eolas\/preas\/nuacht-raitis\/2020-2\/"},{"@type":"ListItem","position":6,"name":"Na campa\u00ed &#8216;GAA C\u00fal Camps&#8217; le craoladh ar TG4"}]},{"@type":"WebSite","@id":"https:\/\/dev.tg4.ie\/en\/#website","url":"https:\/\/dev.tg4.ie\/en\/","name":"TG4","description":"S\u00fail Eile","potentialAction":[{"@type":"SearchAction","target":{"@type":"EntryPoint","urlTemplate":"https:\/\/dev.tg4.ie\/en\/?s={search_term_string}"},"query-input":"required name=search_term_string"}],"inLanguage":"ga"}]}},"_links":{"self":[{"href":"https:\/\/dev.tg4.ie\/ga\/wp-json\/wp\/v2\/pages\/113212"}],"collection":[{"href":"https:\/\/dev.tg4.ie\/ga\/wp-json\/wp\/v2\/pages"}],"about":[{"href":"https:\/\/dev.tg4.ie\/ga\/wp-json\/wp\/v2\/types\/page"}],"author":[{"embeddable":true,"href":"https:\/\/dev.tg4.ie\/ga\/wp-json\/wp\/v2\/users\/876"}],"replies":[{"embeddable":true,"href":"https:\/\/dev.tg4.ie\/ga\/wp-json\/wp\/v2\/comments?post=113212"}],"version-history":[{"count":0,"href":"https:\/\/dev.tg4.ie\/ga\/wp-json\/wp\/v2\/pages\/113212\/revisions"}],"up":[{"embeddable":true,"href":"https:\/\/dev.tg4.ie\/ga\/wp-json\/wp\/v2\/pages\/111525"}],"wp:attachment":[{"href":"https:\/\/dev.tg4.ie\/ga\/wp-json\/wp\/v2\/media?parent=113212"}],"curies":[{"name":"wp","href":"https:\/\/api.w.org\/{rel}","templated":true}]}}