{"id":113319,"date":"2020-06-30T13:23:44","date_gmt":"2020-06-30T12:23:44","guid":{"rendered":"https:\/\/dev.tg4.ie\/?page_id=113319"},"modified":"2020-06-30T13:25:16","modified_gmt":"2020-06-30T12:25:16","slug":"failtionn-tg4-roimh-cheapuchan-chatherine-martin-td-mar-aire-mean-turasoireachta-ealaion-spoirt-agus-gaeltachta","status":"publish","type":"page","link":"https:\/\/dev.tg4.ie\/ga\/eolas\/preas\/nuacht-raitis\/2020-2\/failtionn-tg4-roimh-cheapuchan-chatherine-martin-td-mar-aire-mean-turasoireachta-ealaion-spoirt-agus-gaeltachta\/","title":{"rendered":"F\u00e1ilt\u00edonn TG4 roimh cheap\u00fach\u00e1n Chatherine Martin T.D. mar Aire Me\u00e1n, Turas\u00f3ireachta, Eala\u00edon, Sp\u00f3irt agus Gaeltachta"},"content":{"rendered":"<p><a href=\"https:\/\/tg4-docs.s3.amazonaws.com\/tg4-redesign-2015\/wp-content\/uploads\/2020\/06\/Alan_Esslemont_TG4_1_1920x1080.jpg\"><img loading=\"lazy\" decoding=\"async\" width=\"1920\" height=\"1080\" src=\"https:\/\/tg4-docs.s3.amazonaws.com\/tg4-redesign-2015\/wp-content\/uploads\/2020\/06\/Alan_Esslemont_TG4_1_1920x1080.jpg\" alt=\"Alan Esslemont, TG4\" class=\"aligncenter size-full wp-image-113320\" srcset=\"https:\/\/tg4-docs.s3.amazonaws.com\/tg4-redesign-2015\/wp-content\/uploads\/2020\/06\/Alan_Esslemont_TG4_1_1920x1080.jpg 1920w, https:\/\/tg4-docs.s3.amazonaws.com\/tg4-redesign-2015\/wp-content\/uploads\/2020\/06\/Alan_Esslemont_TG4_1_1920x1080-250x141.jpg 250w, https:\/\/tg4-docs.s3.amazonaws.com\/tg4-redesign-2015\/wp-content\/uploads\/2020\/06\/Alan_Esslemont_TG4_1_1920x1080-700x394.jpg 700w, https:\/\/tg4-docs.s3.amazonaws.com\/tg4-redesign-2015\/wp-content\/uploads\/2020\/06\/Alan_Esslemont_TG4_1_1920x1080-252x141.jpg 252w, https:\/\/tg4-docs.s3.amazonaws.com\/tg4-redesign-2015\/wp-content\/uploads\/2020\/06\/Alan_Esslemont_TG4_1_1920x1080-1536x864.jpg 1536w, https:\/\/tg4-docs.s3.amazonaws.com\/tg4-redesign-2015\/wp-content\/uploads\/2020\/06\/Alan_Esslemont_TG4_1_1920x1080-120x68.jpg 120w\" sizes=\"(max-width: 1920px) 100vw, 1920px\" \/><\/a><\/p>\n<p>&nbsp;<br \/>\nD\u00fairt Ardsti\u00farth\u00f3ir TG4, Alan Esslemont: <em>&#8216;Cuirim f\u00e1ilte roimh cheapach\u00e1n Chatherine Martin T.D. mar an t-Aire Me\u00e1n, Turas\u00f3ireachta, Eala\u00edon, Sp\u00f3irt agus Gaeltachta. T\u00e1 an chuid is m\u00f3 den tallann neamhsple\u00e1ch a oibr\u00edonn i gcomhp\u00e1irt\u00edocht le TG4 lonnaithe i r\u00e9igi\u00fain na h\u00c9ireann, agus d\u00e1 bhr\u00ed sin t\u00e1 tionchar an-suntasach ag TG4 ar an ngeilleagar cruthaitheach ar fud an oile\u00e1in. T\u00e1 TG4 uaillmhianach d\u00f3 f\u00e9in, don earn\u00e1il chruthaitheach agus don Ghaeilge agus t\u00e1 muid ag iarraidh r\u00f3l na Gaeilge agus na cruthaitheachta a athshamhl\u00fa i socha\u00ed na h\u00c9ireann. T\u00e1 muid ag s\u00fail go m\u00f3r le bheith ag obair leis an Aire nua sna blianta at\u00e1 romhainn.&#8217;<\/em><br \/>\n&nbsp;<\/p>\n<p>T\u00e1 comhph\u00e1irt\u00edocht an-l\u00e1idir ag TG4 le heagrais eile a thagann faoi ch\u00faram na Roinne nua, ar n\u00f3s F\u00eds \u00c9ireann, Screen Producers Ireland, An Chomhairle Eala\u00edon, Peil na mBan, an Cumann L\u00fathchleas Gael, Comhaltas Ceolt\u00f3ir\u00ed \u00c9ireann chomh maith le h\u00dadar\u00e1s na Gaeltachta, Foras na Gaeilge agus na ceanneagra\u00edochta\u00ed Gaeilge &#8211; Conradh na Gaeilge, An tOireachtas, Gael Linn, Gaeloideachas, Cumann na bhFiann, Gl\u00f3r na nGael agus iliomad eagra\u00edochta\u00ed Gaeilge agus Gaeltachta eile.<br \/>\n&nbsp;<\/p>\n<p>T\u00e1 TG4 ag tn\u00fath go m\u00f3r le bheith ag obair leis an Roinn nua sna seachtain\u00ed agus na m\u00edonna at\u00e1 romhainn.<br \/>\n&nbsp;<\/p>\n","protected":false},"excerpt":{"rendered":"<p>&nbsp; D\u00fairt Ardsti\u00farth\u00f3ir TG4, Alan Esslemont: &#8216;Cuirim f\u00e1ilte roimh cheapach\u00e1n Chatherine Martin T.D. mar an t-Aire Me\u00e1n, Turas\u00f3ireachta, Eala\u00edon, Sp\u00f3irt agus Gaeltachta. T\u00e1 an chuid is m\u00f3 den tallann neamhsple\u00e1ch a oibr\u00edonn i gcomhp\u00e1irt\u00edocht le TG4 lonnaithe i r\u00e9igi\u00fain na h\u00c9ireann, agus d\u00e1 bhr\u00ed sin t\u00e1 tionchar an-suntasach ag TG4 ar an ngeilleagar cruthaitheach ar [&hellip;]<\/p>\n","protected":false},"author":876,"featured_media":0,"parent":111525,"menu_order":24,"comment_status":"closed","ping_status":"closed","template":"page-templates\/template-pr.php","meta":{"_acf_changed":false,"footnotes":""},"acf":[],"yoast_head":"<!-- This site is optimized with the Yoast SEO plugin v22.6 - https:\/\/yoast.com\/wordpress\/plugins\/seo\/ -->\n<title>F\u00e1ilt\u00edonn TG4 roimh cheap\u00fach\u00e1n Chatherine Martin T.D. mar Aire Me\u00e1n, Turas\u00f3ireachta, Eala\u00edon, Sp\u00f3irt agus Gaeltachta | Preas R\u00e1iteas | TG4<\/title>\n<meta name=\"robots\" content=\"index, follow, max-snippet:-1, max-image-preview:large, max-video-preview:-1\" \/>\n<meta property=\"og:locale\" content=\"en_US\" \/>\n<meta property=\"og:type\" content=\"article\" \/>\n<meta property=\"og:title\" content=\"F\u00e1ilt\u00edonn TG4 roimh cheap\u00fach\u00e1n Chatherine Martin T.D. mar Aire Me\u00e1n, Turas\u00f3ireachta, Eala\u00edon, Sp\u00f3irt agus Gaeltachta | Preas R\u00e1iteas | TG4\" \/>\n<meta property=\"og:description\" content=\"&nbsp; D\u00fairt Ardsti\u00farth\u00f3ir TG4, Alan Esslemont: &#8216;Cuirim f\u00e1ilte roimh cheapach\u00e1n Chatherine Martin T.D. mar an t-Aire Me\u00e1n, Turas\u00f3ireachta, Eala\u00edon, Sp\u00f3irt agus Gaeltachta. T\u00e1 an chuid is m\u00f3 den tallann neamhsple\u00e1ch a oibr\u00edonn i gcomhp\u00e1irt\u00edocht le TG4 lonnaithe i r\u00e9igi\u00fain na h\u00c9ireann, agus d\u00e1 bhr\u00ed sin t\u00e1 tionchar an-suntasach ag TG4 ar an ngeilleagar cruthaitheach ar [&hellip;]\" \/>\n<meta property=\"og:url\" content=\"https:\/\/dev.tg4.ie\/ga\/eolas\/preas\/nuacht-raitis\/2020-2\/failtionn-tg4-roimh-cheapuchan-chatherine-martin-td-mar-aire-mean-turasoireachta-ealaion-spoirt-agus-gaeltachta\/\" \/>\n<meta property=\"og:site_name\" content=\"TG4\" \/>\n<meta property=\"article:publisher\" content=\"https:\/\/www.facebook.com\/TG4TV\" \/>\n<meta property=\"article:modified_time\" content=\"2020-06-30T12:25:16+00:00\" \/>\n<meta property=\"og:image\" content=\"https:\/\/tg4-docs.s3.amazonaws.com\/tg4-redesign-2015\/wp-content\/uploads\/2020\/06\/Alan_Esslemont_TG4_1_1920x1080.jpg\" \/>\n\t<meta property=\"og:image:width\" content=\"1920\" \/>\n\t<meta property=\"og:image:height\" content=\"1080\" \/>\n\t<meta property=\"og:image:type\" content=\"image\/jpeg\" \/>\n<meta name=\"twitter:card\" content=\"summary_large_image\" \/>\n<meta name=\"twitter:image\" content=\"https:\/\/tg4-docs.s3.amazonaws.com\/tg4-redesign-2015\/wp-content\/uploads\/2020\/06\/Alan_Esslemont_TG4_1_1920x1080.jpg\" \/>\n<meta name=\"twitter:site\" content=\"@TG4TV\" \/>\n<meta name=\"twitter:label1\" content=\"Est. reading time\" \/>\n\t<meta name=\"twitter:data1\" content=\"1 minute\" \/>\n<script type=\"application\/ld+json\" class=\"yoast-schema-graph\">{\"@context\":\"https:\/\/schema.org\",\"@graph\":[{\"@type\":\"WebPage\",\"@id\":\"https:\/\/dev.tg4.ie\/ga\/eolas\/preas\/nuacht-raitis\/2020-2\/failtionn-tg4-roimh-cheapuchan-chatherine-martin-td-mar-aire-mean-turasoireachta-ealaion-spoirt-agus-gaeltachta\/\",\"url\":\"https:\/\/dev.tg4.ie\/ga\/eolas\/preas\/nuacht-raitis\/2020-2\/failtionn-tg4-roimh-cheapuchan-chatherine-martin-td-mar-aire-mean-turasoireachta-ealaion-spoirt-agus-gaeltachta\/\",\"name\":\"F\u00e1ilt\u00edonn TG4 roimh cheap\u00fach\u00e1n Chatherine Martin T.D. mar Aire Me\u00e1n, Turas\u00f3ireachta, Eala\u00edon, Sp\u00f3irt agus Gaeltachta | Preas R\u00e1iteas | TG4\",\"isPartOf\":{\"@id\":\"https:\/\/dev.tg4.ie\/en\/#website\"},\"primaryImageOfPage\":{\"@id\":\"https:\/\/dev.tg4.ie\/ga\/eolas\/preas\/nuacht-raitis\/2020-2\/failtionn-tg4-roimh-cheapuchan-chatherine-martin-td-mar-aire-mean-turasoireachta-ealaion-spoirt-agus-gaeltachta\/#primaryimage\"},\"image\":{\"@id\":\"https:\/\/dev.tg4.ie\/ga\/eolas\/preas\/nuacht-raitis\/2020-2\/failtionn-tg4-roimh-cheapuchan-chatherine-martin-td-mar-aire-mean-turasoireachta-ealaion-spoirt-agus-gaeltachta\/#primaryimage\"},\"thumbnailUrl\":\"https:\/\/dev.tg4.ie\/wp-content\/uploads\/2020\/06\/Alan_Esslemont_TG4_1_1920x1080.jpg\",\"datePublished\":\"2020-06-30T12:23:44+00:00\",\"dateModified\":\"2020-06-30T12:25:16+00:00\",\"breadcrumb\":{\"@id\":\"https:\/\/dev.tg4.ie\/ga\/eolas\/preas\/nuacht-raitis\/2020-2\/failtionn-tg4-roimh-cheapuchan-chatherine-martin-td-mar-aire-mean-turasoireachta-ealaion-spoirt-agus-gaeltachta\/#breadcrumb\"},\"inLanguage\":\"ga\",\"potentialAction\":[{\"@type\":\"ReadAction\",\"target\":[\"https:\/\/dev.tg4.ie\/ga\/eolas\/preas\/nuacht-raitis\/2020-2\/failtionn-tg4-roimh-cheapuchan-chatherine-martin-td-mar-aire-mean-turasoireachta-ealaion-spoirt-agus-gaeltachta\/\"]}]},{\"@type\":\"ImageObject\",\"inLanguage\":\"ga\",\"@id\":\"https:\/\/dev.tg4.ie\/ga\/eolas\/preas\/nuacht-raitis\/2020-2\/failtionn-tg4-roimh-cheapuchan-chatherine-martin-td-mar-aire-mean-turasoireachta-ealaion-spoirt-agus-gaeltachta\/#primaryimage\",\"url\":\"https:\/\/dev.tg4.ie\/wp-content\/uploads\/2020\/06\/Alan_Esslemont_TG4_1_1920x1080.jpg\",\"contentUrl\":\"https:\/\/dev.tg4.ie\/wp-content\/uploads\/2020\/06\/Alan_Esslemont_TG4_1_1920x1080.jpg\"},{\"@type\":\"BreadcrumbList\",\"@id\":\"https:\/\/dev.tg4.ie\/ga\/eolas\/preas\/nuacht-raitis\/2020-2\/failtionn-tg4-roimh-cheapuchan-chatherine-martin-td-mar-aire-mean-turasoireachta-ealaion-spoirt-agus-gaeltachta\/#breadcrumb\",\"itemListElement\":[{\"@type\":\"ListItem\",\"position\":1,\"name\":\"Home\",\"item\":\"https:\/\/dev.tg4.ie\/ga\/\"},{\"@type\":\"ListItem\",\"position\":2,\"name\":\"Eolas\",\"item\":\"https:\/\/dev.tg4.ie\/ga\/eolas\/\"},{\"@type\":\"ListItem\",\"position\":3,\"name\":\"Preas\",\"item\":\"https:\/\/dev.tg4.ie\/ga\/eolas\/preas\/\"},{\"@type\":\"ListItem\",\"position\":4,\"name\":\"Nuacht R\u00e1itis\",\"item\":\"https:\/\/dev.tg4.ie\/ga\/eolas\/preas\/nuacht-raitis\/\"},{\"@type\":\"ListItem\",\"position\":5,\"name\":\"2020\",\"item\":\"https:\/\/dev.tg4.ie\/ga\/eolas\/preas\/nuacht-raitis\/2020-2\/\"},{\"@type\":\"ListItem\",\"position\":6,\"name\":\"F\u00e1ilt\u00edonn TG4 roimh cheap\u00fach\u00e1n Chatherine Martin T.D. mar Aire Me\u00e1n, Turas\u00f3ireachta, Eala\u00edon, Sp\u00f3irt agus Gaeltachta\"}]},{\"@type\":\"WebSite\",\"@id\":\"https:\/\/dev.tg4.ie\/en\/#website\",\"url\":\"https:\/\/dev.tg4.ie\/en\/\",\"name\":\"TG4\",\"description\":\"S\u00fail Eile\",\"potentialAction\":[{\"@type\":\"SearchAction\",\"target\":{\"@type\":\"EntryPoint\",\"urlTemplate\":\"https:\/\/dev.tg4.ie\/en\/?s={search_term_string}\"},\"query-input\":\"required name=search_term_string\"}],\"inLanguage\":\"ga\"}]}<\/script>\n<!-- \/ Yoast SEO plugin. -->","yoast_head_json":{"title":"F\u00e1ilt\u00edonn TG4 roimh cheap\u00fach\u00e1n Chatherine Martin T.D. mar Aire Me\u00e1n, Turas\u00f3ireachta, Eala\u00edon, Sp\u00f3irt agus Gaeltachta | Preas R\u00e1iteas | TG4","robots":{"index":"index","follow":"follow","max-snippet":"max-snippet:-1","max-image-preview":"max-image-preview:large","max-video-preview":"max-video-preview:-1"},"og_locale":"en_US","og_type":"article","og_title":"F\u00e1ilt\u00edonn TG4 roimh cheap\u00fach\u00e1n Chatherine Martin T.D. mar Aire Me\u00e1n, Turas\u00f3ireachta, Eala\u00edon, Sp\u00f3irt agus Gaeltachta | Preas R\u00e1iteas | TG4","og_description":"&nbsp; D\u00fairt Ardsti\u00farth\u00f3ir TG4, Alan Esslemont: &#8216;Cuirim f\u00e1ilte roimh cheapach\u00e1n Chatherine Martin T.D. mar an t-Aire Me\u00e1n, Turas\u00f3ireachta, Eala\u00edon, Sp\u00f3irt agus Gaeltachta. T\u00e1 an chuid is m\u00f3 den tallann neamhsple\u00e1ch a oibr\u00edonn i gcomhp\u00e1irt\u00edocht le TG4 lonnaithe i r\u00e9igi\u00fain na h\u00c9ireann, agus d\u00e1 bhr\u00ed sin t\u00e1 tionchar an-suntasach ag TG4 ar an ngeilleagar cruthaitheach ar [&hellip;]","og_url":"https:\/\/dev.tg4.ie\/ga\/eolas\/preas\/nuacht-raitis\/2020-2\/failtionn-tg4-roimh-cheapuchan-chatherine-martin-td-mar-aire-mean-turasoireachta-ealaion-spoirt-agus-gaeltachta\/","og_site_name":"TG4","article_publisher":"https:\/\/www.facebook.com\/TG4TV","article_modified_time":"2020-06-30T12:25:16+00:00","og_image":[{"width":1920,"height":1080,"url":"https:\/\/tg4-docs.s3.amazonaws.com\/tg4-redesign-2015\/wp-content\/uploads\/2020\/06\/Alan_Esslemont_TG4_1_1920x1080.jpg","type":"image\/jpeg"}],"twitter_card":"summary_large_image","twitter_image":"https:\/\/tg4-docs.s3.amazonaws.com\/tg4-redesign-2015\/wp-content\/uploads\/2020\/06\/Alan_Esslemont_TG4_1_1920x1080.jpg","twitter_site":"@TG4TV","twitter_misc":{"Est. reading time":"1 minute"},"schema":{"@context":"https:\/\/schema.org","@graph":[{"@type":"WebPage","@id":"https:\/\/dev.tg4.ie\/ga\/eolas\/preas\/nuacht-raitis\/2020-2\/failtionn-tg4-roimh-cheapuchan-chatherine-martin-td-mar-aire-mean-turasoireachta-ealaion-spoirt-agus-gaeltachta\/","url":"https:\/\/dev.tg4.ie\/ga\/eolas\/preas\/nuacht-raitis\/2020-2\/failtionn-tg4-roimh-cheapuchan-chatherine-martin-td-mar-aire-mean-turasoireachta-ealaion-spoirt-agus-gaeltachta\/","name":"F\u00e1ilt\u00edonn TG4 roimh cheap\u00fach\u00e1n Chatherine Martin T.D. mar Aire Me\u00e1n, Turas\u00f3ireachta, Eala\u00edon, Sp\u00f3irt agus Gaeltachta | Preas R\u00e1iteas | TG4","isPartOf":{"@id":"https:\/\/dev.tg4.ie\/en\/#website"},"primaryImageOfPage":{"@id":"https:\/\/dev.tg4.ie\/ga\/eolas\/preas\/nuacht-raitis\/2020-2\/failtionn-tg4-roimh-cheapuchan-chatherine-martin-td-mar-aire-mean-turasoireachta-ealaion-spoirt-agus-gaeltachta\/#primaryimage"},"image":{"@id":"https:\/\/dev.tg4.ie\/ga\/eolas\/preas\/nuacht-raitis\/2020-2\/failtionn-tg4-roimh-cheapuchan-chatherine-martin-td-mar-aire-mean-turasoireachta-ealaion-spoirt-agus-gaeltachta\/#primaryimage"},"thumbnailUrl":"https:\/\/dev.tg4.ie\/wp-content\/uploads\/2020\/06\/Alan_Esslemont_TG4_1_1920x1080.jpg","datePublished":"2020-06-30T12:23:44+00:00","dateModified":"2020-06-30T12:25:16+00:00","breadcrumb":{"@id":"https:\/\/dev.tg4.ie\/ga\/eolas\/preas\/nuacht-raitis\/2020-2\/failtionn-tg4-roimh-cheapuchan-chatherine-martin-td-mar-aire-mean-turasoireachta-ealaion-spoirt-agus-gaeltachta\/#breadcrumb"},"inLanguage":"ga","potentialAction":[{"@type":"ReadAction","target":["https:\/\/dev.tg4.ie\/ga\/eolas\/preas\/nuacht-raitis\/2020-2\/failtionn-tg4-roimh-cheapuchan-chatherine-martin-td-mar-aire-mean-turasoireachta-ealaion-spoirt-agus-gaeltachta\/"]}]},{"@type":"ImageObject","inLanguage":"ga","@id":"https:\/\/dev.tg4.ie\/ga\/eolas\/preas\/nuacht-raitis\/2020-2\/failtionn-tg4-roimh-cheapuchan-chatherine-martin-td-mar-aire-mean-turasoireachta-ealaion-spoirt-agus-gaeltachta\/#primaryimage","url":"https:\/\/dev.tg4.ie\/wp-content\/uploads\/2020\/06\/Alan_Esslemont_TG4_1_1920x1080.jpg","contentUrl":"https:\/\/dev.tg4.ie\/wp-content\/uploads\/2020\/06\/Alan_Esslemont_TG4_1_1920x1080.jpg"},{"@type":"BreadcrumbList","@id":"https:\/\/dev.tg4.ie\/ga\/eolas\/preas\/nuacht-raitis\/2020-2\/failtionn-tg4-roimh-cheapuchan-chatherine-martin-td-mar-aire-mean-turasoireachta-ealaion-spoirt-agus-gaeltachta\/#breadcrumb","itemListElement":[{"@type":"ListItem","position":1,"name":"Home","item":"https:\/\/dev.tg4.ie\/ga\/"},{"@type":"ListItem","position":2,"name":"Eolas","item":"https:\/\/dev.tg4.ie\/ga\/eolas\/"},{"@type":"ListItem","position":3,"name":"Preas","item":"https:\/\/dev.tg4.ie\/ga\/eolas\/preas\/"},{"@type":"ListItem","position":4,"name":"Nuacht R\u00e1itis","item":"https:\/\/dev.tg4.ie\/ga\/eolas\/preas\/nuacht-raitis\/"},{"@type":"ListItem","position":5,"name":"2020","item":"https:\/\/dev.tg4.ie\/ga\/eolas\/preas\/nuacht-raitis\/2020-2\/"},{"@type":"ListItem","position":6,"name":"F\u00e1ilt\u00edonn TG4 roimh cheap\u00fach\u00e1n Chatherine Martin T.D. mar Aire Me\u00e1n, Turas\u00f3ireachta, Eala\u00edon, Sp\u00f3irt agus Gaeltachta"}]},{"@type":"WebSite","@id":"https:\/\/dev.tg4.ie\/en\/#website","url":"https:\/\/dev.tg4.ie\/en\/","name":"TG4","description":"S\u00fail Eile","potentialAction":[{"@type":"SearchAction","target":{"@type":"EntryPoint","urlTemplate":"https:\/\/dev.tg4.ie\/en\/?s={search_term_string}"},"query-input":"required name=search_term_string"}],"inLanguage":"ga"}]}},"_links":{"self":[{"href":"https:\/\/dev.tg4.ie\/ga\/wp-json\/wp\/v2\/pages\/113319"}],"collection":[{"href":"https:\/\/dev.tg4.ie\/ga\/wp-json\/wp\/v2\/pages"}],"about":[{"href":"https:\/\/dev.tg4.ie\/ga\/wp-json\/wp\/v2\/types\/page"}],"author":[{"embeddable":true,"href":"https:\/\/dev.tg4.ie\/ga\/wp-json\/wp\/v2\/users\/876"}],"replies":[{"embeddable":true,"href":"https:\/\/dev.tg4.ie\/ga\/wp-json\/wp\/v2\/comments?post=113319"}],"version-history":[{"count":0,"href":"https:\/\/dev.tg4.ie\/ga\/wp-json\/wp\/v2\/pages\/113319\/revisions"}],"up":[{"embeddable":true,"href":"https:\/\/dev.tg4.ie\/ga\/wp-json\/wp\/v2\/pages\/111525"}],"wp:attachment":[{"href":"https:\/\/dev.tg4.ie\/ga\/wp-json\/wp\/v2\/media?parent=113319"}],"curies":[{"name":"wp","href":"https:\/\/api.w.org\/{rel}","templated":true}]}}