{"id":113420,"date":"2020-07-03T17:59:09","date_gmt":"2020-07-03T16:59:09","guid":{"rendered":"https:\/\/dev.tg4.ie\/?page_id=113420"},"modified":"2020-07-03T18:07:21","modified_gmt":"2020-07-03T17:07:21","slug":"bliain-rathuil-a-bhi-i-2019-do-tg4-mar-a-leiritear-sa-tuarascail-bhliaintiuil","status":"publish","type":"page","link":"https:\/\/dev.tg4.ie\/ga\/eolas\/preas\/nuacht-raitis\/2020-2\/bliain-rathuil-a-bhi-i-2019-do-tg4-mar-a-leiritear-sa-tuarascail-bhliaintiuil\/","title":{"rendered":"Bliain rath\u00fail a bh\u00ed i 2019 do TG4 mar a l\u00e9ir\u00edtear sa Tuarasc\u00e1il Bhliainti\u00fail"},"content":{"rendered":"<p><a href=\"https:\/\/tg4-docs.s3.amazonaws.com\/tg4-redesign-2015\/wp-content\/uploads\/2020\/07\/TG4_2020_1920x1080.jpg\"><img loading=\"lazy\" decoding=\"async\" width=\"1920\" height=\"1080\" class=\"aligncenter size-full wp-image-113421\" src=\"https:\/\/tg4-docs.s3.amazonaws.com\/tg4-redesign-2015\/wp-content\/uploads\/2020\/07\/TG4_2020_1920x1080.jpg\" alt=\"\" srcset=\"https:\/\/tg4-docs.s3.amazonaws.com\/tg4-redesign-2015\/wp-content\/uploads\/2020\/07\/TG4_2020_1920x1080.jpg 1920w, https:\/\/tg4-docs.s3.amazonaws.com\/tg4-redesign-2015\/wp-content\/uploads\/2020\/07\/TG4_2020_1920x1080-250x141.jpg 250w, https:\/\/tg4-docs.s3.amazonaws.com\/tg4-redesign-2015\/wp-content\/uploads\/2020\/07\/TG4_2020_1920x1080-700x394.jpg 700w, https:\/\/tg4-docs.s3.amazonaws.com\/tg4-redesign-2015\/wp-content\/uploads\/2020\/07\/TG4_2020_1920x1080-252x141.jpg 252w, https:\/\/tg4-docs.s3.amazonaws.com\/tg4-redesign-2015\/wp-content\/uploads\/2020\/07\/TG4_2020_1920x1080-1536x864.jpg 1536w, https:\/\/tg4-docs.s3.amazonaws.com\/tg4-redesign-2015\/wp-content\/uploads\/2020\/07\/TG4_2020_1920x1080-120x68.jpg 120w\" sizes=\"(max-width: 1920px) 100vw, 1920px\" \/><\/a><br \/>\n&nbsp;<br \/>\n<strong>Den ch\u00e9ad uair riamh, bh\u00ed TG4 ar an 6\u00fa cain\u00e9al is m\u00f3 f\u00e9achana in \u00c9irinn. D&#8217;aimsigh TG4 71% de phobal labhartha na Gaeilge sa lucht f\u00e9achana, leibh\u00e9al an-ard rannph\u00e1irt\u00edochta. Caitheadh \u20ac26.3m ar \u00e1bhair Ghaeilge i 2019.<\/strong><br \/>\n&nbsp;<\/p>\n<ul>\n<li><span><strong>An 6\u00fa cain\u00e9al is m\u00f3 lucht f\u00e9achana in \u00c9irinn\u00a0<\/strong><\/span><\/li>\n<li><span><strong>24% M\u00e9ad\u00fa ar amhairc f\u00edse ar sheinnteoir TG4.\u00a0<\/strong><\/span><\/li>\n<li><span><strong>174% M\u00e9ad\u00fa ar amhairc f\u00edse ar na me\u00e1in sh\u00f3isialta\u00a0<\/strong><\/span><\/li>\n<li><span><strong>\u20ac26.3m caite ar \u00e1bhar Gaeilge<\/strong><\/span><\/li>\n<li><span><strong>\u20ac23m caite ar earn\u00e1il na l\u00e9iri\u00fach\u00e1n neamhsple\u00e1ch<\/strong><\/span><\/li>\n<li><span><strong>1,023 post cruthaithe go n\u00e1isi\u00fanta.\u00a0<\/strong><\/span><\/li>\n<\/ul>\n<p><span>Lean TG4 le cult\u00far agus cruthaitheacht na h\u00c9ireann a chur chun cinn, tallann nua a choth\u00fa agus tionscnaimh nua dhigiteacha a sheoladh.\u00a0 Th\u00e1inig m\u00e9ad\u00fa ar lucht f\u00e9achana TG4 ar aer agus ar na hard\u00e1in neamhl\u00edneacha. Chuir TG4 le geilleagar na t\u00edre tr\u00edd an taca\u00edocht a tugadh don earn\u00e1il l\u00e9iri\u00fach\u00e1n neamhsple\u00e1ch. L\u00e9ir\u00edonn an bh\u00e9im at\u00e1 ag TG4 ar an gcult\u00far, ceol agus na heala\u00edona agus ar chur chun cinn na Gaeilge mar theanga bheo an t\u00e1bhacht at\u00e1 leis an gcain\u00e9al mar an chraolt\u00f3ir seirbh\u00edse n\u00e1isi\u00fanta Gaeilge\u00a0agus\u00a0an\u00a0t-seirbh\u00eds a chuireann TG4 ar f\u00e1il do lucht f\u00e9achana na h\u00c9ireann agus don diasp\u00f3ra ar fud an domhain.<\/span><\/p>\n<p><span>Th\u00e1inig m\u00e9ad\u00fa ar sciar lucht f\u00e9achana n\u00e1isi\u00fanta TG4 i 2019 go 1.84%\u00a0<em>(comhdhl\u00faite, 2.02% beo)<\/em>\u00a0agus den ch\u00e9ad uair riamh, bh\u00ed TG4 ar an 6\u00fa cain\u00e9al is m\u00f3 lucht f\u00e9achana i margadh teilif\u00edse na h\u00c9ireann.\u00a0 \u00a0Aims\u00edodh 71% de phobal labhartha na Gaeilge sa lucht f\u00e9achana i 2019, leibh\u00e9al an-ard rannph\u00e1irt\u00edochta leis an gcro\u00ed lucht f\u00e9achana.\u00a0 Th\u00e1inig m\u00e9ad\u00fa m\u00f3r ar lucht f\u00e9achana ar an seinnteoir le linn 2019. Bh\u00ed m\u00e9ad\u00fa ar rannph\u00e1irt\u00edocht agus ar amhairc f\u00edse ar fud ard\u00e1in me\u00e1n s\u00f3isialta TG4 freisin.\u00a0<\/span><\/p>\n<p><span>Spreagann TG4 an earn\u00e1il l\u00e9iri\u00fach\u00e1n neamhsple\u00e1ch sna r\u00e9igi\u00fain, i gceantair Ghaeltachta go h\u00e1irithe. I 2019, rinne TG4 infheist\u00edocht \u20ac23m san earn\u00e1il l\u00e9iri\u00fach\u00e1n neamhsple\u00e1ch in \u00c9irinn, \u20ac21m de sin a caitheadh ar chomlachta\u00ed l\u00e9iri\u00fach\u00e1n neamhsple\u00e1ch sna r\u00e9igi\u00fain. De bharr comhph\u00e1irt\u00edocht TG4 le h\u00dadar\u00e1s Craolach\u00e1in na h\u00c9ireann, F\u00eds \u00c9ireann agus an Ciste Craolt\u00f3ireachta Gaeilge i dTuaisceart \u00c9ireann, cuireadh l\u00e9iri\u00fach\u00e1in Ghaeilge ar ardchaighde\u00e1n ar f\u00e1il. Leagann TG4 b\u00e9im mh\u00f3r ar thac\u00fa le tallann nua a thabhairt chun cinn sa tionscal. Thionscain TG4 sc\u00e9im forbartha oili\u00fana i gcomhph\u00e1irt le h\u00dadar\u00e1s an Gaeltachta agus leis an earn\u00e1il neamhsple\u00e1ch l\u00e9iri\u00fach\u00e1n chun cabhr\u00fa le daoine a bheadh ag dul ag obair sa tionscal den ch\u00e9ad uair taith\u00ed phraitici\u00fail a fh\u00e1il.<\/span><\/p>\n<p><span>Ba iad cl\u00e1racha sp\u00f3irt, faisn\u00e9ise, ceoil thraidisi\u00fanta, \u00e1bhar do leana\u00ed na bunchlocha a bh\u00ed sa sceideal craolach\u00e1in ar TG4 i 2019. I measc bhuaicphoint\u00ed na bliana, bh\u00ed an t-sraith faisn\u00e9ise &#8216;Finn\u00e9&#8217;, a thug l\u00e9iri\u00fa ar an teacht aniar at\u00e1 i ndaoine i gc\u00fains\u00ed anr\u00f3iteacha; &#8216;Tab\u00fa&#8217;, a chumhdaigh \u00e1bhair mar easpa d\u00eddine, an c\u00f3ras sol\u00e1thair dh\u00edrigh agus trasinscne in \u00c9irinn; agus &#8216;Ucht\u00fa \u2013 Evanne N\u00ed Chuilinn&#8217;, a thug l\u00e9argas ar sc\u00e9al an uchtaithe in \u00c9irinn. Sraitheanna nua eile a thug l\u00e9iri\u00fa ar shaol na Gaeltachta n\u00e1 &#8216;Bailte&#8217;, ina bhfiosra\u00edodh bailte fearainn agus pobail in \u00c9irinn agus &#8216;B\u00e1d\u00f3ir\u00ed&#8217; faoi sheacht dteaghlach a thugann faoi gheallta b\u00e1d na H\u00faic\u00e9ir\u00ed. Bh\u00ed an-t\u00f3ir ar\u00eds i 2019 ar Nuacht TG4 agus ar Ros na R\u00fan i measc an chro\u00edlucht f\u00e9achana.\u00a0<\/span><\/p>\n<p><span>Lean TG4 d&#8217;\u00e1bhar a chur ar f\u00e1il le linn na bliana 2019 a thugann l\u00e9iri\u00fa ar shaol agus ar chult\u00far na h\u00c9ireann. Ba \u00fadar ceili\u00fartha do TG4 go raibh 56,114 duine i l\u00e1thair i bP\u00e1irc an Chr\u00f3caigh do Chraobh Pheil na mBan i m\u00ed Mhe\u00e1n F\u00f3mhair, an l\u00edon is m\u00f3 riamh. Chinntigh an cl\u00fadach cuimsitheach a rinneadh ar \u00f3c\u00e1id\u00ed sp\u00f3irt eile ar n\u00f3s Craobhchom\u00f3rtais na gClubanna, Faoi 20 agus\u00a0Com\u00f3rtas Peile na Gaeltachta agus ar imeachta\u00ed cult\u00fair Oireachtas na Gaeilge, Fleadh Cheoil na h\u00c9ireann agus Gradam Ceoil TG4 go raibh TG4 i gcro\u00edl\u00e1r imeachta\u00ed n\u00e1isi\u00fanta.<\/span><\/p>\n<p><span>Rinne TG4 infheist\u00edocht \u20ac1.85 milli\u00fan in \u00e1bhar do ph\u00e1ist\u00ed sa bhliain 2019, as a d&#8217;eascair cl\u00e1ir nua coimisi\u00fanaithe, &#8216;IS MISE&#8217; agus &#8216;\u00c1r gClub&#8217; ina measc.\u00a0 D\u2019fh\u00e9ach TG4 le freastal ar dh\u00e1 phobal f\u00e9achana \u00e9ags\u00fala tr\u00edd na branda\u00ed &#8216;Molsc\u00e9al&#8217; agus &#8216;BLOC&#8217;. D\u00edr\u00edonn &#8216;Molsc\u00e9al&#8217; ar \u00e1bhar digiteach don chro\u00edlucht f\u00e9achana Gaeilge agus d\u00edr\u00edonn &#8216;BLOC&#8217; ar \u00e1bhar don lucht f\u00e9achana \u00f3g ar l\u00edne.\u00a0 Chomh maith leis sin rinne TG4 infheist\u00edochta i bhfadscann\u00e1in Ghaeilge rud a spreagfaidh lucht f\u00e9achana d\u2019\u00e1bhar Gaeilge sna picti\u00farlanna. Seoladh &#8216;Finky&#8217;,\u00a0an ch\u00e9ad fhadscann\u00e1n de chuid Cine4, ag Fleadh Scann\u00e1n na Gaillimhe 2019 agus taispe\u00e1nadh &#8216;Arracht&#8217; den ch\u00e9ad uair sa bhf\u00f3mhar ag F\u00e9ile Scann\u00e1n Tallinn san East\u00f3in. Bh\u00edothas i mbun l\u00e9iri\u00fach\u00e1in ar dh\u00e1 scann\u00e1n eile sa bhliain 2019 agus bh\u00ed p\u00e9ire eile \u00e1 fhorbairt.<\/span><\/p>\n<p><span>D\u00fairt Alan Esslemont, Ard-Sti\u00farth\u00f3ir TG4,\u00a0<em>&#8221;Bh\u00ed bliain an-mhaith ag TG4 in 2019 maidir le lucht f\u00e9achana, an ch\u00e9ad bhliain riamh go raibh muid ar an 6\u00fa cain\u00e9al is m\u00f3 f\u00e9achana in \u00c9irinn, sin chun cinn ar leith\u00e9id BBC Two agus Channel 4.\u00a0Ar-l\u00edne freisin, tr\u00ed sheinnteoir TG4, t\u00e1 teacht ar TG4 ar fud an domhain agus \u00e1bhar Gaeilge TG4 ar f\u00e1il don lucht f\u00e9achana domhanda saor in aisce.\u00a0I\u00a0mBuis\u00e9ad an Rialtais ag t\u00fas Mh\u00ed Dheireadh F\u00f3mhair 2019, tugadh all\u00fantas breise \u20ac1m do TG4 don bhliain 2020.\u00a0Go dt\u00ed seo,\u00a0n\u00edl ach\u00a0\u20ac3.5m tugtha den \u20ac6m a bh\u00ed molta ag an\u00a0BAI\u00a0agus<strong>\u00a0<\/strong>t\u00e1 bearna charnach \u20ac9.87m i maoini\u00fa\u00a0ioml\u00e1n\u00a0TG4.\u00a0Beimid ag lean\u00faint ar\u00eds len\u00e1r bhfeachtas chun an leibh\u00e9al maoinithe at\u00e1 molta ag an BAI a bhaint amach do 2021.\u00a0Ba mhaith liom f\u00e9in go pearsanta bu\u00edochas \u00f3 chro\u00ed a chur in i\u00fal do mo chuid comhghleacaithe anseo i TG4. T\u00e1 m\u00e9 f\u00edor-bhr\u00f3d\u00fail\u00a0as na foirne l\u00e9iri\u00fach\u00e1in ar fad ar fud na t\u00edre as an \u00e9acht seo a bhaint amach in 2019. N\u00ed neart go cur le ch\u00e9ile.&#8217;<br \/>\n<\/em><\/span><br \/>\n<span>D\u00fairt Cathaoirleach Bhord TG4,\u00a0Si\u00fan N\u00ed Raghallaigh,<em>\u00a0&#8220;Ba mhaith liom bu\u00edochas a ghlacadh leis an uile dhuine a oibr\u00edonn i TG4, faoi threoir l\u00e1n\u00e1balta Alan Esslemont, Ard-Sti\u00farth\u00f3ir. T\u00e1 TG4 n\u00edos t\u00e1bhachta\u00ed n\u00e1 mar a bh\u00ed riamh sa r\u00e9 ina bhfuilimid, go bhfuil \u00e1bhar cruthaitheach saini\u00fail de chuid na h\u00c9ireann \u00e1 l\u00e9iri\u00fa i gc\u00f3na\u00ed, agus go seasann an chuid is fearr den \u00e1bhar sin an f\u00f3d ar an margadh idirn\u00e1isi\u00fanta agus cult\u00far agus cruthaitheacht na h\u00c9ireann curtha os comhair an tsaoil mh\u00f3ir.&#8221;<\/em><\/span><br \/>\n&nbsp;<br \/>\n<span>Is f\u00e9idir teacht ar Thuarasc\u00e1il Bhliant\u00fail 2019:\u00a0<a href=\"https:\/\/tg4-docs.s3.amazonaws.com\/tg4-redesign-2015\/wp-content\/uploads\/2020\/07\/TG4-Tuarascail-2019-G.pdf\" rel=\"noopener noreferrer\" target=\"_blank\">CLICE\u00c1IL ANSEO&#8230;<\/a>\u00a0<\/span><\/p>\n<p>&nbsp;<\/p>\n<p><a href=\"https:\/\/tg4-docs.s3.amazonaws.com\/tg4-redesign-2015\/wp-content\/uploads\/2020\/07\/TG4_2019_16-9-Infographic_1920x1080.jpg\"><img loading=\"lazy\" decoding=\"async\" width=\"1920\" height=\"1080\" class=\"aligncenter size-full wp-image-113422\" src=\"https:\/\/tg4-docs.s3.amazonaws.com\/tg4-redesign-2015\/wp-content\/uploads\/2020\/07\/TG4_2019_16-9-Infographic_1920x1080.jpg\" alt=\"\" srcset=\"https:\/\/tg4-docs.s3.amazonaws.com\/tg4-redesign-2015\/wp-content\/uploads\/2020\/07\/TG4_2019_16-9-Infographic_1920x1080.jpg 1920w, https:\/\/tg4-docs.s3.amazonaws.com\/tg4-redesign-2015\/wp-content\/uploads\/2020\/07\/TG4_2019_16-9-Infographic_1920x1080-250x141.jpg 250w, https:\/\/tg4-docs.s3.amazonaws.com\/tg4-redesign-2015\/wp-content\/uploads\/2020\/07\/TG4_2019_16-9-Infographic_1920x1080-700x394.jpg 700w, https:\/\/tg4-docs.s3.amazonaws.com\/tg4-redesign-2015\/wp-content\/uploads\/2020\/07\/TG4_2019_16-9-Infographic_1920x1080-252x141.jpg 252w, https:\/\/tg4-docs.s3.amazonaws.com\/tg4-redesign-2015\/wp-content\/uploads\/2020\/07\/TG4_2019_16-9-Infographic_1920x1080-1536x864.jpg 1536w, https:\/\/tg4-docs.s3.amazonaws.com\/tg4-redesign-2015\/wp-content\/uploads\/2020\/07\/TG4_2019_16-9-Infographic_1920x1080-120x68.jpg 120w\" sizes=\"(max-width: 1920px) 100vw, 1920px\" \/><\/a><\/p>\n<p>&nbsp;<\/p>\n<p>&nbsp;<\/p>\n","protected":false},"excerpt":{"rendered":"<p>&nbsp; Den ch\u00e9ad uair riamh, bh\u00ed TG4 ar an 6\u00fa cain\u00e9al is m\u00f3 f\u00e9achana in \u00c9irinn. D&#8217;aimsigh TG4 71% de phobal labhartha na Gaeilge sa lucht f\u00e9achana, leibh\u00e9al an-ard rannph\u00e1irt\u00edochta. Caitheadh \u20ac26.3m ar \u00e1bhair Ghaeilge i 2019. &nbsp; An 6\u00fa cain\u00e9al is m\u00f3 lucht f\u00e9achana in \u00c9irinn\u00a0 24% M\u00e9ad\u00fa ar amhairc f\u00edse ar sheinnteoir TG4.\u00a0 [&hellip;]<\/p>\n","protected":false},"author":876,"featured_media":0,"parent":111525,"menu_order":26,"comment_status":"closed","ping_status":"closed","template":"page-templates\/template-pr.php","meta":{"_acf_changed":false,"footnotes":""},"acf":[],"yoast_head":"<!-- This site is optimized with the Yoast SEO plugin v22.6 - https:\/\/yoast.com\/wordpress\/plugins\/seo\/ -->\n<title>Bliain rath\u00fail a bh\u00ed i 2019 do TG4 mar a l\u00e9ir\u00edtear sa Tuarasc\u00e1il Bhliainti\u00fail | Preas R\u00e1iteas | TG4<\/title>\n<meta name=\"robots\" content=\"index, follow, max-snippet:-1, max-image-preview:large, max-video-preview:-1\" \/>\n<meta property=\"og:locale\" content=\"en_US\" \/>\n<meta property=\"og:type\" content=\"article\" \/>\n<meta property=\"og:title\" content=\"Bliain rath\u00fail a bh\u00ed i 2019 do TG4 mar a l\u00e9ir\u00edtear sa Tuarasc\u00e1il Bhliainti\u00fail | Preas R\u00e1iteas | TG4\" \/>\n<meta property=\"og:description\" content=\"&nbsp; Den ch\u00e9ad uair riamh, bh\u00ed TG4 ar an 6\u00fa cain\u00e9al is m\u00f3 f\u00e9achana in \u00c9irinn. D&#8217;aimsigh TG4 71% de phobal labhartha na Gaeilge sa lucht f\u00e9achana, leibh\u00e9al an-ard rannph\u00e1irt\u00edochta. Caitheadh \u20ac26.3m ar \u00e1bhair Ghaeilge i 2019. &nbsp; An 6\u00fa cain\u00e9al is m\u00f3 lucht f\u00e9achana in \u00c9irinn\u00a0 24% M\u00e9ad\u00fa ar amhairc f\u00edse ar sheinnteoir TG4.\u00a0 [&hellip;]\" \/>\n<meta property=\"og:url\" content=\"https:\/\/dev.tg4.ie\/ga\/eolas\/preas\/nuacht-raitis\/2020-2\/bliain-rathuil-a-bhi-i-2019-do-tg4-mar-a-leiritear-sa-tuarascail-bhliaintiuil\/\" \/>\n<meta property=\"og:site_name\" content=\"TG4\" \/>\n<meta property=\"article:publisher\" content=\"https:\/\/www.facebook.com\/TG4TV\" \/>\n<meta property=\"article:modified_time\" content=\"2020-07-03T17:07:21+00:00\" \/>\n<meta property=\"og:image\" content=\"https:\/\/tg4-docs.s3.amazonaws.com\/tg4-redesign-2015\/wp-content\/uploads\/2020\/07\/TG4_2019_16-9-Infographic_1920x1080.jpg\" \/>\n\t<meta property=\"og:image:width\" content=\"1920\" \/>\n\t<meta property=\"og:image:height\" content=\"1080\" \/>\n\t<meta property=\"og:image:type\" content=\"image\/jpeg\" \/>\n<meta name=\"twitter:card\" content=\"summary_large_image\" \/>\n<meta name=\"twitter:image\" content=\"https:\/\/tg4-docs.s3.amazonaws.com\/tg4-redesign-2015\/wp-content\/uploads\/2020\/07\/TG4_2019_16-9-Infographic_1920x1080.jpg\" \/>\n<meta name=\"twitter:site\" content=\"@TG4TV\" \/>\n<meta name=\"twitter:label1\" content=\"Est. reading time\" \/>\n\t<meta name=\"twitter:data1\" content=\"6 minutes\" \/>\n<script type=\"application\/ld+json\" class=\"yoast-schema-graph\">{\"@context\":\"https:\/\/schema.org\",\"@graph\":[{\"@type\":\"WebPage\",\"@id\":\"https:\/\/dev.tg4.ie\/ga\/eolas\/preas\/nuacht-raitis\/2020-2\/bliain-rathuil-a-bhi-i-2019-do-tg4-mar-a-leiritear-sa-tuarascail-bhliaintiuil\/\",\"url\":\"https:\/\/dev.tg4.ie\/ga\/eolas\/preas\/nuacht-raitis\/2020-2\/bliain-rathuil-a-bhi-i-2019-do-tg4-mar-a-leiritear-sa-tuarascail-bhliaintiuil\/\",\"name\":\"Bliain rath\u00fail a bh\u00ed i 2019 do TG4 mar a l\u00e9ir\u00edtear sa Tuarasc\u00e1il Bhliainti\u00fail | Preas R\u00e1iteas | TG4\",\"isPartOf\":{\"@id\":\"https:\/\/dev.tg4.ie\/en\/#website\"},\"primaryImageOfPage\":{\"@id\":\"https:\/\/dev.tg4.ie\/ga\/eolas\/preas\/nuacht-raitis\/2020-2\/bliain-rathuil-a-bhi-i-2019-do-tg4-mar-a-leiritear-sa-tuarascail-bhliaintiuil\/#primaryimage\"},\"image\":{\"@id\":\"https:\/\/dev.tg4.ie\/ga\/eolas\/preas\/nuacht-raitis\/2020-2\/bliain-rathuil-a-bhi-i-2019-do-tg4-mar-a-leiritear-sa-tuarascail-bhliaintiuil\/#primaryimage\"},\"thumbnailUrl\":\"https:\/\/dev.tg4.ie\/wp-content\/uploads\/2020\/07\/TG4_2020_1920x1080.jpg\",\"datePublished\":\"2020-07-03T16:59:09+00:00\",\"dateModified\":\"2020-07-03T17:07:21+00:00\",\"breadcrumb\":{\"@id\":\"https:\/\/dev.tg4.ie\/ga\/eolas\/preas\/nuacht-raitis\/2020-2\/bliain-rathuil-a-bhi-i-2019-do-tg4-mar-a-leiritear-sa-tuarascail-bhliaintiuil\/#breadcrumb\"},\"inLanguage\":\"ga\",\"potentialAction\":[{\"@type\":\"ReadAction\",\"target\":[\"https:\/\/dev.tg4.ie\/ga\/eolas\/preas\/nuacht-raitis\/2020-2\/bliain-rathuil-a-bhi-i-2019-do-tg4-mar-a-leiritear-sa-tuarascail-bhliaintiuil\/\"]}]},{\"@type\":\"ImageObject\",\"inLanguage\":\"ga\",\"@id\":\"https:\/\/dev.tg4.ie\/ga\/eolas\/preas\/nuacht-raitis\/2020-2\/bliain-rathuil-a-bhi-i-2019-do-tg4-mar-a-leiritear-sa-tuarascail-bhliaintiuil\/#primaryimage\",\"url\":\"https:\/\/dev.tg4.ie\/wp-content\/uploads\/2020\/07\/TG4_2020_1920x1080.jpg\",\"contentUrl\":\"https:\/\/dev.tg4.ie\/wp-content\/uploads\/2020\/07\/TG4_2020_1920x1080.jpg\"},{\"@type\":\"BreadcrumbList\",\"@id\":\"https:\/\/dev.tg4.ie\/ga\/eolas\/preas\/nuacht-raitis\/2020-2\/bliain-rathuil-a-bhi-i-2019-do-tg4-mar-a-leiritear-sa-tuarascail-bhliaintiuil\/#breadcrumb\",\"itemListElement\":[{\"@type\":\"ListItem\",\"position\":1,\"name\":\"Home\",\"item\":\"https:\/\/dev.tg4.ie\/ga\/\"},{\"@type\":\"ListItem\",\"position\":2,\"name\":\"Eolas\",\"item\":\"https:\/\/dev.tg4.ie\/ga\/eolas\/\"},{\"@type\":\"ListItem\",\"position\":3,\"name\":\"Preas\",\"item\":\"https:\/\/dev.tg4.ie\/ga\/eolas\/preas\/\"},{\"@type\":\"ListItem\",\"position\":4,\"name\":\"Nuacht R\u00e1itis\",\"item\":\"https:\/\/dev.tg4.ie\/ga\/eolas\/preas\/nuacht-raitis\/\"},{\"@type\":\"ListItem\",\"position\":5,\"name\":\"2020\",\"item\":\"https:\/\/dev.tg4.ie\/ga\/eolas\/preas\/nuacht-raitis\/2020-2\/\"},{\"@type\":\"ListItem\",\"position\":6,\"name\":\"Bliain rath\u00fail a bh\u00ed i 2019 do TG4 mar a l\u00e9ir\u00edtear sa Tuarasc\u00e1il Bhliainti\u00fail\"}]},{\"@type\":\"WebSite\",\"@id\":\"https:\/\/dev.tg4.ie\/en\/#website\",\"url\":\"https:\/\/dev.tg4.ie\/en\/\",\"name\":\"TG4\",\"description\":\"S\u00fail Eile\",\"potentialAction\":[{\"@type\":\"SearchAction\",\"target\":{\"@type\":\"EntryPoint\",\"urlTemplate\":\"https:\/\/dev.tg4.ie\/en\/?s={search_term_string}\"},\"query-input\":\"required name=search_term_string\"}],\"inLanguage\":\"ga\"}]}<\/script>\n<!-- \/ Yoast SEO plugin. -->","yoast_head_json":{"title":"Bliain rath\u00fail a bh\u00ed i 2019 do TG4 mar a l\u00e9ir\u00edtear sa Tuarasc\u00e1il Bhliainti\u00fail | Preas R\u00e1iteas | TG4","robots":{"index":"index","follow":"follow","max-snippet":"max-snippet:-1","max-image-preview":"max-image-preview:large","max-video-preview":"max-video-preview:-1"},"og_locale":"en_US","og_type":"article","og_title":"Bliain rath\u00fail a bh\u00ed i 2019 do TG4 mar a l\u00e9ir\u00edtear sa Tuarasc\u00e1il Bhliainti\u00fail | Preas R\u00e1iteas | TG4","og_description":"&nbsp; Den ch\u00e9ad uair riamh, bh\u00ed TG4 ar an 6\u00fa cain\u00e9al is m\u00f3 f\u00e9achana in \u00c9irinn. D&#8217;aimsigh TG4 71% de phobal labhartha na Gaeilge sa lucht f\u00e9achana, leibh\u00e9al an-ard rannph\u00e1irt\u00edochta. Caitheadh \u20ac26.3m ar \u00e1bhair Ghaeilge i 2019. &nbsp; An 6\u00fa cain\u00e9al is m\u00f3 lucht f\u00e9achana in \u00c9irinn\u00a0 24% M\u00e9ad\u00fa ar amhairc f\u00edse ar sheinnteoir TG4.\u00a0 [&hellip;]","og_url":"https:\/\/dev.tg4.ie\/ga\/eolas\/preas\/nuacht-raitis\/2020-2\/bliain-rathuil-a-bhi-i-2019-do-tg4-mar-a-leiritear-sa-tuarascail-bhliaintiuil\/","og_site_name":"TG4","article_publisher":"https:\/\/www.facebook.com\/TG4TV","article_modified_time":"2020-07-03T17:07:21+00:00","og_image":[{"width":1920,"height":1080,"url":"https:\/\/tg4-docs.s3.amazonaws.com\/tg4-redesign-2015\/wp-content\/uploads\/2020\/07\/TG4_2019_16-9-Infographic_1920x1080.jpg","type":"image\/jpeg"}],"twitter_card":"summary_large_image","twitter_image":"https:\/\/tg4-docs.s3.amazonaws.com\/tg4-redesign-2015\/wp-content\/uploads\/2020\/07\/TG4_2019_16-9-Infographic_1920x1080.jpg","twitter_site":"@TG4TV","twitter_misc":{"Est. reading time":"6 minutes"},"schema":{"@context":"https:\/\/schema.org","@graph":[{"@type":"WebPage","@id":"https:\/\/dev.tg4.ie\/ga\/eolas\/preas\/nuacht-raitis\/2020-2\/bliain-rathuil-a-bhi-i-2019-do-tg4-mar-a-leiritear-sa-tuarascail-bhliaintiuil\/","url":"https:\/\/dev.tg4.ie\/ga\/eolas\/preas\/nuacht-raitis\/2020-2\/bliain-rathuil-a-bhi-i-2019-do-tg4-mar-a-leiritear-sa-tuarascail-bhliaintiuil\/","name":"Bliain rath\u00fail a bh\u00ed i 2019 do TG4 mar a l\u00e9ir\u00edtear sa Tuarasc\u00e1il Bhliainti\u00fail | Preas R\u00e1iteas | TG4","isPartOf":{"@id":"https:\/\/dev.tg4.ie\/en\/#website"},"primaryImageOfPage":{"@id":"https:\/\/dev.tg4.ie\/ga\/eolas\/preas\/nuacht-raitis\/2020-2\/bliain-rathuil-a-bhi-i-2019-do-tg4-mar-a-leiritear-sa-tuarascail-bhliaintiuil\/#primaryimage"},"image":{"@id":"https:\/\/dev.tg4.ie\/ga\/eolas\/preas\/nuacht-raitis\/2020-2\/bliain-rathuil-a-bhi-i-2019-do-tg4-mar-a-leiritear-sa-tuarascail-bhliaintiuil\/#primaryimage"},"thumbnailUrl":"https:\/\/dev.tg4.ie\/wp-content\/uploads\/2020\/07\/TG4_2020_1920x1080.jpg","datePublished":"2020-07-03T16:59:09+00:00","dateModified":"2020-07-03T17:07:21+00:00","breadcrumb":{"@id":"https:\/\/dev.tg4.ie\/ga\/eolas\/preas\/nuacht-raitis\/2020-2\/bliain-rathuil-a-bhi-i-2019-do-tg4-mar-a-leiritear-sa-tuarascail-bhliaintiuil\/#breadcrumb"},"inLanguage":"ga","potentialAction":[{"@type":"ReadAction","target":["https:\/\/dev.tg4.ie\/ga\/eolas\/preas\/nuacht-raitis\/2020-2\/bliain-rathuil-a-bhi-i-2019-do-tg4-mar-a-leiritear-sa-tuarascail-bhliaintiuil\/"]}]},{"@type":"ImageObject","inLanguage":"ga","@id":"https:\/\/dev.tg4.ie\/ga\/eolas\/preas\/nuacht-raitis\/2020-2\/bliain-rathuil-a-bhi-i-2019-do-tg4-mar-a-leiritear-sa-tuarascail-bhliaintiuil\/#primaryimage","url":"https:\/\/dev.tg4.ie\/wp-content\/uploads\/2020\/07\/TG4_2020_1920x1080.jpg","contentUrl":"https:\/\/dev.tg4.ie\/wp-content\/uploads\/2020\/07\/TG4_2020_1920x1080.jpg"},{"@type":"BreadcrumbList","@id":"https:\/\/dev.tg4.ie\/ga\/eolas\/preas\/nuacht-raitis\/2020-2\/bliain-rathuil-a-bhi-i-2019-do-tg4-mar-a-leiritear-sa-tuarascail-bhliaintiuil\/#breadcrumb","itemListElement":[{"@type":"ListItem","position":1,"name":"Home","item":"https:\/\/dev.tg4.ie\/ga\/"},{"@type":"ListItem","position":2,"name":"Eolas","item":"https:\/\/dev.tg4.ie\/ga\/eolas\/"},{"@type":"ListItem","position":3,"name":"Preas","item":"https:\/\/dev.tg4.ie\/ga\/eolas\/preas\/"},{"@type":"ListItem","position":4,"name":"Nuacht R\u00e1itis","item":"https:\/\/dev.tg4.ie\/ga\/eolas\/preas\/nuacht-raitis\/"},{"@type":"ListItem","position":5,"name":"2020","item":"https:\/\/dev.tg4.ie\/ga\/eolas\/preas\/nuacht-raitis\/2020-2\/"},{"@type":"ListItem","position":6,"name":"Bliain rath\u00fail a bh\u00ed i 2019 do TG4 mar a l\u00e9ir\u00edtear sa Tuarasc\u00e1il Bhliainti\u00fail"}]},{"@type":"WebSite","@id":"https:\/\/dev.tg4.ie\/en\/#website","url":"https:\/\/dev.tg4.ie\/en\/","name":"TG4","description":"S\u00fail Eile","potentialAction":[{"@type":"SearchAction","target":{"@type":"EntryPoint","urlTemplate":"https:\/\/dev.tg4.ie\/en\/?s={search_term_string}"},"query-input":"required name=search_term_string"}],"inLanguage":"ga"}]}},"_links":{"self":[{"href":"https:\/\/dev.tg4.ie\/ga\/wp-json\/wp\/v2\/pages\/113420"}],"collection":[{"href":"https:\/\/dev.tg4.ie\/ga\/wp-json\/wp\/v2\/pages"}],"about":[{"href":"https:\/\/dev.tg4.ie\/ga\/wp-json\/wp\/v2\/types\/page"}],"author":[{"embeddable":true,"href":"https:\/\/dev.tg4.ie\/ga\/wp-json\/wp\/v2\/users\/876"}],"replies":[{"embeddable":true,"href":"https:\/\/dev.tg4.ie\/ga\/wp-json\/wp\/v2\/comments?post=113420"}],"version-history":[{"count":0,"href":"https:\/\/dev.tg4.ie\/ga\/wp-json\/wp\/v2\/pages\/113420\/revisions"}],"up":[{"embeddable":true,"href":"https:\/\/dev.tg4.ie\/ga\/wp-json\/wp\/v2\/pages\/111525"}],"wp:attachment":[{"href":"https:\/\/dev.tg4.ie\/ga\/wp-json\/wp\/v2\/media?parent=113420"}],"curies":[{"name":"wp","href":"https:\/\/api.w.org\/{rel}","templated":true}]}}