{"id":113478,"date":"2020-07-10T12:24:02","date_gmt":"2020-07-10T11:24:02","guid":{"rendered":"https:\/\/dev.tg4.ie\/?page_id=113478"},"modified":"2020-07-10T12:24:02","modified_gmt":"2020-07-10T11:24:02","slug":"gluin-nua-ciste-maoinithe-seolta-do-stiurthoiri-leiritheoiri-agus-scribhneoiri-nua-le-abhar-gearrfhoirme-a-chruthu-tri-mhean-na-gaeilge","status":"publish","type":"page","link":"https:\/\/dev.tg4.ie\/ga\/eolas\/preas\/nuacht-raitis\/2020-2\/gluin-nua-ciste-maoinithe-seolta-do-stiurthoiri-leiritheoiri-agus-scribhneoiri-nua-le-abhar-gearrfhoirme-a-chruthu-tri-mhean-na-gaeilge\/","title":{"rendered":"Gl\u00fain Nua: Ciste Maoinithe Seolta do sti\u00farth\u00f3ir\u00ed, l\u00e9iritheoir\u00ed agus scr\u00edbhneoir\u00ed Nua le \u00e1bhar gearrfhoirme a chruth\u00fa tr\u00ed mhe\u00e1n na Gaeilge"},"content":{"rendered":"<p><a href=\"https:\/\/tg4-docs.s3.amazonaws.com\/tg4-redesign-2015\/wp-content\/uploads\/2020\/07\/Gluin-Nua-1-1920x1080-1.jpg\"><img loading=\"lazy\" decoding=\"async\" width=\"1920\" height=\"1080\" src=\"https:\/\/tg4-docs.s3.amazonaws.com\/tg4-redesign-2015\/wp-content\/uploads\/2020\/07\/Gluin-Nua-1-1920x1080-1.jpg\" alt=\"\" class=\"aligncenter size-full wp-image-113482\" srcset=\"https:\/\/tg4-docs.s3.amazonaws.com\/tg4-redesign-2015\/wp-content\/uploads\/2020\/07\/Gluin-Nua-1-1920x1080-1.jpg 1920w, https:\/\/tg4-docs.s3.amazonaws.com\/tg4-redesign-2015\/wp-content\/uploads\/2020\/07\/Gluin-Nua-1-1920x1080-1-250x141.jpg 250w, https:\/\/tg4-docs.s3.amazonaws.com\/tg4-redesign-2015\/wp-content\/uploads\/2020\/07\/Gluin-Nua-1-1920x1080-1-700x394.jpg 700w, https:\/\/tg4-docs.s3.amazonaws.com\/tg4-redesign-2015\/wp-content\/uploads\/2020\/07\/Gluin-Nua-1-1920x1080-1-252x141.jpg 252w, https:\/\/tg4-docs.s3.amazonaws.com\/tg4-redesign-2015\/wp-content\/uploads\/2020\/07\/Gluin-Nua-1-1920x1080-1-1536x864.jpg 1536w, https:\/\/tg4-docs.s3.amazonaws.com\/tg4-redesign-2015\/wp-content\/uploads\/2020\/07\/Gluin-Nua-1-1920x1080-1-120x68.jpg 120w\" sizes=\"(max-width: 1920px) 100vw, 1920px\" \/><\/a><br \/>\n&nbsp;<br \/>\n<strong>Ciste maoinithe &#038; meant\u00f3ireachta seolta i gcomhph\u00e1irt\u00edocht idir TG4, \u00dadar\u00e1s Craolach\u00e1in na h\u00c9ireann, Ciste Craolt\u00f3ireachta Gaeilge Sc\u00e1ile\u00e1in Thuaisceart \u00c9ireann, \u00dadar\u00e1s na Gaeltachta agus le taca\u00edocht \u00f3 Ghr\u00e9as\u00e1n na Me\u00e1n Skillnet.<\/strong><br \/>\n&nbsp;<br \/>\nT\u00e1 an-\u00e1thas ar TG4 sc\u00e9im &#8216;Gl\u00fain Nua&#8217; chun \u00e1bhar gearrfhoirme \u00far, nu\u00e1lach agus siams\u00fail a choimisi\u00fan\u00fa don lucht f\u00e9achana \u00f3g a fh\u00f3gairt. Is comhph\u00e1irt\u00edocht at\u00e1 sa sc\u00e9im idir TG4, \u00dadar\u00e1s Craolach\u00e1in na h\u00c9ireann, Ciste Craolt\u00f3ireachta Gaeilge Sc\u00e1ile\u00e1in Thuaisceart \u00c9ireann (ILBF) agus \u00dadar\u00e1s na Gaeltachta i gcomhar le Gr\u00e9as\u00e1n na Me\u00e1n Skillnet chun taca\u00edocht a thabhairt do thallann nua sti\u00farth\u00f3ir\u00ed, scr\u00edobhn\u00f3ir\u00ed agus l\u00e9iritheoir\u00ed at\u00e1 teacht chun cinn sa tionscal. Seoladh Gl\u00fain Nua ag Fleadh Scann\u00e1n na Gaillimhe inniu mar chuid de Fleadh na bliana seo at\u00e1 ar si\u00fal ar l\u00edne \u00f3n 7 go dt\u00ed an 12 I\u00fail.<br \/>\n&nbsp;<br \/>\nFaoin tionscnamh seo cuirfear ciste coimisi\u00fanaithe agus taca\u00edocht meant\u00f3ireachta ar f\u00e1il chun tallann nua a choth\u00fa i dtionscal closamhairc na h\u00c9ireann. Beidh comhlachta\u00ed l\u00e9iri\u00fach\u00e1in \u00e1balta gl\u00fain nua de sc\u00e9alaithe a thabhairt chun cinn mar aon le meant\u00f3ireacht a thabhairt d\u00f3ibh, d&#8217;fhonn tac\u00fa leo bun\u00e1bhar Gaeilge nu\u00e1lach d\u00edrithe ar an aoisghr\u00fapa 16-34. Taispe\u00e1nfar an t-\u00e1bhar seo go digiteach ar ard\u00e1in TG4 ar l\u00edne ar dt\u00fas, chomh maith len \u00e9 a chraoladh go l\u00edneach ina dhiaidh sin nuair is cu\u00ed.<br \/>\n&nbsp;<br \/>\nIs tr\u00ed chomhph\u00e1irt\u00edocht idir TG4, \u00dadar\u00e1s Craolach\u00e1in na h\u00c9ireann, Ciste Craolt\u00f3ireachta Gaeilge Sc\u00e1ile\u00e1in Thuaisceart \u00c9ireann (ILBF) agus \u00dadar\u00e1s na Gaeltachta i gcomhar le Gr\u00e9as\u00e1n na Me\u00e1n Skillnet a chuirtear taca\u00edocht ar f\u00e1il don chiste coimisi\u00fanaithe seo ar fi\u00fa \u20ac240,000 ar an ioml\u00e1n \u00e9.<br \/>\n&nbsp;<br \/>\nD\u00fairt L\u00eds N\u00ed Dh\u00e1laigh, Sti\u00farth\u00f3ir Marga\u00edochta &amp; Forbartha TG4: <em>&#8220;T\u00e1 \u00e1thas ar TG4 an sc\u00e9im seo a fh\u00f3gairt chun taca\u00edocht a thabhairt do thallann nua san earn\u00e1il. Is tosa\u00edocht \u00e9 do TG4 go mbeadh an cain\u00e9al ag freastal ar an lucht f\u00e9achana n\u00edos \u00f3ige chomh maith le go mbeadh taca\u00edocht a thabhairt do ghl\u00fain nua de lucht cruthaithe \u00e1bhair sa tionscal.&#8221; <\/em><br \/>\n&nbsp;<br \/>\nD\u00fairt Pr\u00edomhfheidhmeannach, \u00dadar\u00e1s Craolach\u00e1in na h\u00c9ireann, Michael O&#8217;Keeffe: <em>\u201cT\u00e1 \u00e1thas ar an BAI tac\u00fa leis an sc\u00e9im seo, Gl\u00fain Nua, ciste taca\u00edochta a spreagfaidh gl\u00fain nua de sti\u00farth\u00f3ir\u00ed, scr\u00edobhn\u00f3ir\u00ed agus l\u00e9iritheoir\u00ed i r\u00e9imse na mean; agus a thabharfaidh \u00e1bhar n\u00fa\u00e1lach, siams\u00fail chun cinn d\u00edrithe ar an lucht f\u00e9achana \u00f3g. Cuirim\u00edd f\u00e1ilte ar leith roimh an ghn\u00e9ith comhph\u00e1irt\u00edochta a baineann leis an togra, agus t\u00e1 muid ag s\u00fail le co-oibri\u00fa le Chiste Craolt\u00f3ireachta Gaeilge Sc\u00e1ile\u00e1n Thuaisceart \u00c9ireann, \u00dadar\u00e1s na Gaeltachta, TG4 agus Gr\u00e9as\u00e1n na Me\u00e1n Skillnet le tac\u00fa le daoine at\u00e1 ag tos\u00fa amach sa ghn\u00f3. T\u00e1 luach strait\u00e9iseach ag baint leis an togra seo don BAI, le cusp\u00f3ir\u00ed maidir le h\u00c9ags\u00falacht agus Iolracht a chur chun cinn agus Inbhuanaitheacht Nu\u00e1la\u00edochta &amp; Earn\u00e1la a Fheabhs\u00fa. Chomh maith leis sin, cuireann an tionscnamh taca\u00edocht dh\u00edreach ar f\u00e1il maidir le haidhmeanna agus cusp\u00f3ir\u00ed Phlean Gn\u00edomha\u00edochta an BAI don Ghaeilge, a seoladh in 2019 chun taca\u00edocht a chur ar f\u00e1il i nd\u00e1il le forbairt na Gaeilge ar fud earn\u00e1il closamhairc na h\u00c9ireann.&#8221;<\/em><br \/>\n&nbsp;<br \/>\nD\u00fairt \u00c1ine Walsh, Ceann Chiste Craolt\u00f3ireachta Gaeilge Sc\u00e1ile\u00e1n Thuaisceart \u00c9ireann: <em>&#8220;Is pr\u00edomhghn\u00e9ithe d&#8217;obair an ILBF iad scileanna a fhorbairt agus oili\u00faint agus t\u00e1 an-\u00e1thas orainn a bheith in\u00e1r gcomhph\u00e1irtithe sa tionscnamh ar leith seo tr\u00edna mbeidh comhlachta\u00ed l\u00e9iri\u00fach\u00e1in bunaithe \u00e1balta tallann nua agus tallann at\u00e1 ag teacht chun cinn a bhfuil Gaeilge acu a choth\u00fa. T\u00e1 b\u00e9im n\u00edos m\u00f3 curtha againn ar \u00e1bhar a mhaoini\u00fa at\u00e1 d\u00edrithe ar lucht sp\u00e9ise n\u00edos \u00f3ige agus t\u00e1imid ag s\u00fail leis na cl\u00e1ir a thiocfaidh as an ngr\u00fapa nua de thallann seo a fheice\u00e1il.&#8221;<\/em><br \/>\n&nbsp;<br \/>\nD\u00fairt M\u00edche\u00e1l \u00d3 h\u00c9anaigh, Pr\u00edomhfheidhmeannach \u00dadar\u00e1s na Gaeltachta: <em>\u201cT\u00e1 \u00dadar\u00e1s na Gaeltachta f\u00edorsh\u00e1sta a bheith rannph\u00e1irteach sa sc\u00e9im \u201cGl\u00fain Nua\u201d, sc\u00e9im a chuirfidh deiseanna f\u00e1is ar f\u00e1il don earn\u00e1il chlosamhairc, earn\u00e1il a bhfuil muid ag tac\u00fa l\u00e9i le fada an l\u00e1. Is c\u00fais \u00e1thais d\u00fainn a bheith i gcomhph\u00e1irt\u00edocht le p\u00e1irtithe leasmhara cu\u00ed ar an sc\u00e9im seo chun deiseanna a chruth\u00fa do dhaoine \u00f3ga le Gaeilge agus \u00f3n nGaeltacht le tos\u00fa amach san earn\u00e1il seo ar bhealach nu\u00e1la\u00edoch agus spleodrach. Le blianta fada anuas, leagadh b\u00e9im ar leith ar oili\u00faint agus traen\u00e1il a chur ar an gc\u00e9ad ghl\u00fain eile i bhfoghlaim ceirde rud a rachaidh chun sochair na teanga agus na Gaeltachta, tac\u00f3idh an sc\u00e9im seo leis an gcusp\u00f3ir sin chomh maith.\u201d<\/em><br \/>\n&nbsp;<br \/>\nIs f\u00e9idir tuilleadh sonra\u00ed maidir leis an sc\u00e9im Gl\u00fain Eile a fh\u00e1il anseo: <a href=\"https:\/\/dev.tg4.ie\/coimisiun\" rel=\"noopener noreferrer\" target=\"_blank\">https:\/\/dev.tg4.ie\/coimisiun<\/a><br \/>\n&nbsp;<br \/>\n&nbsp;<br \/>\nGL\u00daIN NUA : le taca\u00edocht maoinithe \u00f3:<\/p>\n<div><img loading=\"lazy\" decoding=\"async\" width=\"252\" height=\"92\" src=\"https:\/\/tg4-docs.s3.amazonaws.com\/tg4-redesign-2015\/wp-content\/uploads\/2019\/11\/tg4logobeag-252x92.png\" alt=\"\" class=\"aligncenter size-thumbnail wp-image-110818\" srcset=\"https:\/\/tg4-docs.s3.amazonaws.com\/tg4-redesign-2015\/wp-content\/uploads\/2019\/11\/tg4logobeag-252x92.png 252w, https:\/\/tg4-docs.s3.amazonaws.com\/tg4-redesign-2015\/wp-content\/uploads\/2019\/11\/tg4logobeag-250x91.png 250w, https:\/\/tg4-docs.s3.amazonaws.com\/tg4-redesign-2015\/wp-content\/uploads\/2019\/11\/tg4logobeag-120x44.png 120w, https:\/\/tg4-docs.s3.amazonaws.com\/tg4-redesign-2015\/wp-content\/uploads\/2019\/11\/tg4logobeag.png 391w\" sizes=\"(max-width: 252px) 100vw, 252px\" \/> <img loading=\"lazy\" decoding=\"async\" width=\"250\" height=\"56\" src=\"https:\/\/tg4-docs.s3.amazonaws.com\/tg4-redesign-2015\/wp-content\/uploads\/2019\/01\/udaras-logo_250.jpg\" alt=\"\" class=\"aligncenter size-full wp-image-99491\" srcset=\"https:\/\/tg4-docs.s3.amazonaws.com\/tg4-redesign-2015\/wp-content\/uploads\/2019\/01\/udaras-logo_250.jpg 250w, https:\/\/tg4-docs.s3.amazonaws.com\/tg4-redesign-2015\/wp-content\/uploads\/2019\/01\/udaras-logo_250.jpg 120w\" sizes=\"(max-width: 250px) 100vw, 250px\" \/><br \/>\n<img loading=\"lazy\" decoding=\"async\" width=\"1918\" height=\"744\" src=\"https:\/\/tg4-docs.s3.amazonaws.com\/tg4-redesign-2015\/wp-content\/uploads\/2018\/04\/BAI-logo_1920_1.jpg\" alt=\"\" class=\"aligncenter size-thumbnail wp-image-81338\" srcset=\"https:\/\/tg4-docs.s3.amazonaws.com\/tg4-redesign-2015\/wp-content\/uploads\/2018\/04\/BAI-logo_1920_1.jpg 1918w, https:\/\/tg4-docs.s3.amazonaws.com\/tg4-redesign-2015\/wp-content\/uploads\/2018\/04\/BAI-logo_1920_1.jpg 252w, https:\/\/tg4-docs.s3.amazonaws.com\/tg4-redesign-2015\/wp-content\/uploads\/2018\/04\/BAI-logo_1920_1.jpg 250w, https:\/\/tg4-docs.s3.amazonaws.com\/tg4-redesign-2015\/wp-content\/uploads\/2018\/04\/BAI-logo_1920_1.jpg 700w, https:\/\/tg4-docs.s3.amazonaws.com\/tg4-redesign-2015\/wp-content\/uploads\/2018\/04\/BAI-logo_1920_1.jpg 120w\" sizes=\"(max-width: 1918px) 100vw, 1918px\" \/> <img loading=\"lazy\" decoding=\"async\" width=\"250\" height=\"62\" src=\"https:\/\/tg4-docs.s3.amazonaws.com\/tg4-redesign-2015\/wp-content\/uploads\/2019\/01\/ilbflogoceart_250.jpg\" alt=\"\" class=\"aligncenter size-full wp-image-99490\" srcset=\"https:\/\/tg4-docs.s3.amazonaws.com\/tg4-redesign-2015\/wp-content\/uploads\/2019\/01\/ilbflogoceart_250.jpg 250w, https:\/\/tg4-docs.s3.amazonaws.com\/tg4-redesign-2015\/wp-content\/uploads\/2019\/01\/ilbflogoceart_250.jpg 120w\" sizes=\"(max-width: 250px) 100vw, 250px\" \/><\/div>\n<p>&nbsp;<br \/>\n&nbsp;<br \/>\nAgus i gcomhph\u00e1irt le:<br \/>\n<img loading=\"lazy\" decoding=\"async\" width=\"240\" height=\"188\" src=\"https:\/\/tg4-docs.s3.amazonaws.com\/tg4-redesign-2015\/wp-content\/uploads\/2020\/07\/Greasan_na_Mean_logo.jpg\" alt=\"\" class=\"aligncenter size-full wp-image-113487\" srcset=\"https:\/\/tg4-docs.s3.amazonaws.com\/tg4-redesign-2015\/wp-content\/uploads\/2020\/07\/Greasan_na_Mean_logo.jpg 240w, https:\/\/tg4-docs.s3.amazonaws.com\/tg4-redesign-2015\/wp-content\/uploads\/2020\/07\/Greasan_na_Mean_logo-180x141.jpg 180w, https:\/\/tg4-docs.s3.amazonaws.com\/tg4-redesign-2015\/wp-content\/uploads\/2020\/07\/Greasan_na_Mean_logo-120x94.jpg 120w\" sizes=\"(max-width: 240px) 100vw, 240px\" \/><br \/>\n&nbsp;<\/p>\n","protected":false},"excerpt":{"rendered":"<p>&nbsp; Ciste maoinithe &#038; meant\u00f3ireachta seolta i gcomhph\u00e1irt\u00edocht idir TG4, \u00dadar\u00e1s Craolach\u00e1in na h\u00c9ireann, Ciste Craolt\u00f3ireachta Gaeilge Sc\u00e1ile\u00e1in Thuaisceart \u00c9ireann, \u00dadar\u00e1s na Gaeltachta agus le taca\u00edocht \u00f3 Ghr\u00e9as\u00e1n na Me\u00e1n Skillnet. &nbsp; T\u00e1 an-\u00e1thas ar TG4 sc\u00e9im &#8216;Gl\u00fain Nua&#8217; chun \u00e1bhar gearrfhoirme \u00far, nu\u00e1lach agus siams\u00fail a choimisi\u00fan\u00fa don lucht f\u00e9achana \u00f3g a fh\u00f3gairt. Is [&hellip;]<\/p>\n","protected":false},"author":876,"featured_media":0,"parent":111525,"menu_order":27,"comment_status":"closed","ping_status":"closed","template":"page-templates\/template-pr.php","meta":{"_acf_changed":false,"footnotes":""},"acf":[],"yoast_head":"<!-- This site is optimized with the Yoast SEO plugin v22.6 - https:\/\/yoast.com\/wordpress\/plugins\/seo\/ -->\n<title>Gl\u00fain Nua: Ciste Maoinithe Seolta do sti\u00farth\u00f3ir\u00ed, l\u00e9iritheoir\u00ed agus scr\u00edbhneoir\u00ed Nua le \u00e1bhar gearrfhoirme a chruth\u00fa tr\u00ed mhe\u00e1n na Gaeilge | Preas R\u00e1iteas | TG4<\/title>\n<meta name=\"robots\" content=\"index, follow, max-snippet:-1, max-image-preview:large, max-video-preview:-1\" \/>\n<meta property=\"og:locale\" content=\"en_US\" \/>\n<meta property=\"og:type\" content=\"article\" \/>\n<meta property=\"og:title\" content=\"Gl\u00fain Nua: Ciste Maoinithe Seolta do sti\u00farth\u00f3ir\u00ed, l\u00e9iritheoir\u00ed agus scr\u00edbhneoir\u00ed Nua le \u00e1bhar gearrfhoirme a chruth\u00fa tr\u00ed mhe\u00e1n na Gaeilge | Preas R\u00e1iteas | TG4\" \/>\n<meta property=\"og:description\" content=\"&nbsp; Ciste maoinithe &#038; meant\u00f3ireachta seolta i gcomhph\u00e1irt\u00edocht idir TG4, \u00dadar\u00e1s Craolach\u00e1in na h\u00c9ireann, Ciste Craolt\u00f3ireachta Gaeilge Sc\u00e1ile\u00e1in Thuaisceart \u00c9ireann, \u00dadar\u00e1s na Gaeltachta agus le taca\u00edocht \u00f3 Ghr\u00e9as\u00e1n na Me\u00e1n Skillnet. &nbsp; T\u00e1 an-\u00e1thas ar TG4 sc\u00e9im &#8216;Gl\u00fain Nua&#8217; chun \u00e1bhar gearrfhoirme \u00far, nu\u00e1lach agus siams\u00fail a choimisi\u00fan\u00fa don lucht f\u00e9achana \u00f3g a fh\u00f3gairt. Is [&hellip;]\" \/>\n<meta property=\"og:url\" content=\"https:\/\/dev.tg4.ie\/ga\/eolas\/preas\/nuacht-raitis\/2020-2\/gluin-nua-ciste-maoinithe-seolta-do-stiurthoiri-leiritheoiri-agus-scribhneoiri-nua-le-abhar-gearrfhoirme-a-chruthu-tri-mhean-na-gaeilge\/\" \/>\n<meta property=\"og:site_name\" content=\"TG4\" \/>\n<meta property=\"article:publisher\" content=\"https:\/\/www.facebook.com\/TG4TV\" \/>\n<meta property=\"og:image\" content=\"https:\/\/tg4-docs.s3.amazonaws.com\/tg4-redesign-2015\/wp-content\/uploads\/2020\/07\/Gluin-Nua-1-1920x1080-1.jpg\" \/>\n\t<meta property=\"og:image:width\" content=\"1920\" \/>\n\t<meta property=\"og:image:height\" content=\"1080\" \/>\n\t<meta property=\"og:image:type\" content=\"image\/jpeg\" \/>\n<meta name=\"twitter:card\" content=\"summary_large_image\" \/>\n<meta name=\"twitter:image\" content=\"https:\/\/tg4-docs.s3.amazonaws.com\/tg4-redesign-2015\/wp-content\/uploads\/2020\/07\/Gluin-Nua-1-1920x1080-1.jpg\" \/>\n<meta name=\"twitter:site\" content=\"@TG4TV\" \/>\n<meta name=\"twitter:label1\" content=\"Est. reading time\" \/>\n\t<meta name=\"twitter:data1\" content=\"5 minutes\" \/>\n<script type=\"application\/ld+json\" class=\"yoast-schema-graph\">{\"@context\":\"https:\/\/schema.org\",\"@graph\":[{\"@type\":\"WebPage\",\"@id\":\"https:\/\/dev.tg4.ie\/ga\/eolas\/preas\/nuacht-raitis\/2020-2\/gluin-nua-ciste-maoinithe-seolta-do-stiurthoiri-leiritheoiri-agus-scribhneoiri-nua-le-abhar-gearrfhoirme-a-chruthu-tri-mhean-na-gaeilge\/\",\"url\":\"https:\/\/dev.tg4.ie\/ga\/eolas\/preas\/nuacht-raitis\/2020-2\/gluin-nua-ciste-maoinithe-seolta-do-stiurthoiri-leiritheoiri-agus-scribhneoiri-nua-le-abhar-gearrfhoirme-a-chruthu-tri-mhean-na-gaeilge\/\",\"name\":\"Gl\u00fain Nua: Ciste Maoinithe Seolta do sti\u00farth\u00f3ir\u00ed, l\u00e9iritheoir\u00ed agus scr\u00edbhneoir\u00ed Nua le \u00e1bhar gearrfhoirme a chruth\u00fa tr\u00ed mhe\u00e1n na Gaeilge | Preas R\u00e1iteas | TG4\",\"isPartOf\":{\"@id\":\"https:\/\/dev.tg4.ie\/en\/#website\"},\"primaryImageOfPage\":{\"@id\":\"https:\/\/dev.tg4.ie\/ga\/eolas\/preas\/nuacht-raitis\/2020-2\/gluin-nua-ciste-maoinithe-seolta-do-stiurthoiri-leiritheoiri-agus-scribhneoiri-nua-le-abhar-gearrfhoirme-a-chruthu-tri-mhean-na-gaeilge\/#primaryimage\"},\"image\":{\"@id\":\"https:\/\/dev.tg4.ie\/ga\/eolas\/preas\/nuacht-raitis\/2020-2\/gluin-nua-ciste-maoinithe-seolta-do-stiurthoiri-leiritheoiri-agus-scribhneoiri-nua-le-abhar-gearrfhoirme-a-chruthu-tri-mhean-na-gaeilge\/#primaryimage\"},\"thumbnailUrl\":\"https:\/\/dev.tg4.ie\/wp-content\/uploads\/2020\/07\/Gluin-Nua-1-1920x1080-1.jpg\",\"datePublished\":\"2020-07-10T11:24:02+00:00\",\"dateModified\":\"2020-07-10T11:24:02+00:00\",\"breadcrumb\":{\"@id\":\"https:\/\/dev.tg4.ie\/ga\/eolas\/preas\/nuacht-raitis\/2020-2\/gluin-nua-ciste-maoinithe-seolta-do-stiurthoiri-leiritheoiri-agus-scribhneoiri-nua-le-abhar-gearrfhoirme-a-chruthu-tri-mhean-na-gaeilge\/#breadcrumb\"},\"inLanguage\":\"ga\",\"potentialAction\":[{\"@type\":\"ReadAction\",\"target\":[\"https:\/\/dev.tg4.ie\/ga\/eolas\/preas\/nuacht-raitis\/2020-2\/gluin-nua-ciste-maoinithe-seolta-do-stiurthoiri-leiritheoiri-agus-scribhneoiri-nua-le-abhar-gearrfhoirme-a-chruthu-tri-mhean-na-gaeilge\/\"]}]},{\"@type\":\"ImageObject\",\"inLanguage\":\"ga\",\"@id\":\"https:\/\/dev.tg4.ie\/ga\/eolas\/preas\/nuacht-raitis\/2020-2\/gluin-nua-ciste-maoinithe-seolta-do-stiurthoiri-leiritheoiri-agus-scribhneoiri-nua-le-abhar-gearrfhoirme-a-chruthu-tri-mhean-na-gaeilge\/#primaryimage\",\"url\":\"https:\/\/dev.tg4.ie\/wp-content\/uploads\/2020\/07\/Gluin-Nua-1-1920x1080-1.jpg\",\"contentUrl\":\"https:\/\/dev.tg4.ie\/wp-content\/uploads\/2020\/07\/Gluin-Nua-1-1920x1080-1.jpg\"},{\"@type\":\"BreadcrumbList\",\"@id\":\"https:\/\/dev.tg4.ie\/ga\/eolas\/preas\/nuacht-raitis\/2020-2\/gluin-nua-ciste-maoinithe-seolta-do-stiurthoiri-leiritheoiri-agus-scribhneoiri-nua-le-abhar-gearrfhoirme-a-chruthu-tri-mhean-na-gaeilge\/#breadcrumb\",\"itemListElement\":[{\"@type\":\"ListItem\",\"position\":1,\"name\":\"Home\",\"item\":\"https:\/\/dev.tg4.ie\/ga\/\"},{\"@type\":\"ListItem\",\"position\":2,\"name\":\"Eolas\",\"item\":\"https:\/\/dev.tg4.ie\/ga\/eolas\/\"},{\"@type\":\"ListItem\",\"position\":3,\"name\":\"Preas\",\"item\":\"https:\/\/dev.tg4.ie\/ga\/eolas\/preas\/\"},{\"@type\":\"ListItem\",\"position\":4,\"name\":\"Nuacht R\u00e1itis\",\"item\":\"https:\/\/dev.tg4.ie\/ga\/eolas\/preas\/nuacht-raitis\/\"},{\"@type\":\"ListItem\",\"position\":5,\"name\":\"2020\",\"item\":\"https:\/\/dev.tg4.ie\/ga\/eolas\/preas\/nuacht-raitis\/2020-2\/\"},{\"@type\":\"ListItem\",\"position\":6,\"name\":\"Gl\u00fain Nua: Ciste Maoinithe Seolta do sti\u00farth\u00f3ir\u00ed, l\u00e9iritheoir\u00ed agus scr\u00edbhneoir\u00ed Nua le \u00e1bhar gearrfhoirme a chruth\u00fa tr\u00ed mhe\u00e1n na Gaeilge\"}]},{\"@type\":\"WebSite\",\"@id\":\"https:\/\/dev.tg4.ie\/en\/#website\",\"url\":\"https:\/\/dev.tg4.ie\/en\/\",\"name\":\"TG4\",\"description\":\"S\u00fail Eile\",\"potentialAction\":[{\"@type\":\"SearchAction\",\"target\":{\"@type\":\"EntryPoint\",\"urlTemplate\":\"https:\/\/dev.tg4.ie\/en\/?s={search_term_string}\"},\"query-input\":\"required name=search_term_string\"}],\"inLanguage\":\"ga\"}]}<\/script>\n<!-- \/ Yoast SEO plugin. -->","yoast_head_json":{"title":"Gl\u00fain Nua: Ciste Maoinithe Seolta do sti\u00farth\u00f3ir\u00ed, l\u00e9iritheoir\u00ed agus scr\u00edbhneoir\u00ed Nua le \u00e1bhar gearrfhoirme a chruth\u00fa tr\u00ed mhe\u00e1n na Gaeilge | Preas R\u00e1iteas | TG4","robots":{"index":"index","follow":"follow","max-snippet":"max-snippet:-1","max-image-preview":"max-image-preview:large","max-video-preview":"max-video-preview:-1"},"og_locale":"en_US","og_type":"article","og_title":"Gl\u00fain Nua: Ciste Maoinithe Seolta do sti\u00farth\u00f3ir\u00ed, l\u00e9iritheoir\u00ed agus scr\u00edbhneoir\u00ed Nua le \u00e1bhar gearrfhoirme a chruth\u00fa tr\u00ed mhe\u00e1n na Gaeilge | Preas R\u00e1iteas | TG4","og_description":"&nbsp; Ciste maoinithe &#038; meant\u00f3ireachta seolta i gcomhph\u00e1irt\u00edocht idir TG4, \u00dadar\u00e1s Craolach\u00e1in na h\u00c9ireann, Ciste Craolt\u00f3ireachta Gaeilge Sc\u00e1ile\u00e1in Thuaisceart \u00c9ireann, \u00dadar\u00e1s na Gaeltachta agus le taca\u00edocht \u00f3 Ghr\u00e9as\u00e1n na Me\u00e1n Skillnet. &nbsp; T\u00e1 an-\u00e1thas ar TG4 sc\u00e9im &#8216;Gl\u00fain Nua&#8217; chun \u00e1bhar gearrfhoirme \u00far, nu\u00e1lach agus siams\u00fail a choimisi\u00fan\u00fa don lucht f\u00e9achana \u00f3g a fh\u00f3gairt. Is [&hellip;]","og_url":"https:\/\/dev.tg4.ie\/ga\/eolas\/preas\/nuacht-raitis\/2020-2\/gluin-nua-ciste-maoinithe-seolta-do-stiurthoiri-leiritheoiri-agus-scribhneoiri-nua-le-abhar-gearrfhoirme-a-chruthu-tri-mhean-na-gaeilge\/","og_site_name":"TG4","article_publisher":"https:\/\/www.facebook.com\/TG4TV","og_image":[{"width":1920,"height":1080,"url":"https:\/\/tg4-docs.s3.amazonaws.com\/tg4-redesign-2015\/wp-content\/uploads\/2020\/07\/Gluin-Nua-1-1920x1080-1.jpg","type":"image\/jpeg"}],"twitter_card":"summary_large_image","twitter_image":"https:\/\/tg4-docs.s3.amazonaws.com\/tg4-redesign-2015\/wp-content\/uploads\/2020\/07\/Gluin-Nua-1-1920x1080-1.jpg","twitter_site":"@TG4TV","twitter_misc":{"Est. reading time":"5 minutes"},"schema":{"@context":"https:\/\/schema.org","@graph":[{"@type":"WebPage","@id":"https:\/\/dev.tg4.ie\/ga\/eolas\/preas\/nuacht-raitis\/2020-2\/gluin-nua-ciste-maoinithe-seolta-do-stiurthoiri-leiritheoiri-agus-scribhneoiri-nua-le-abhar-gearrfhoirme-a-chruthu-tri-mhean-na-gaeilge\/","url":"https:\/\/dev.tg4.ie\/ga\/eolas\/preas\/nuacht-raitis\/2020-2\/gluin-nua-ciste-maoinithe-seolta-do-stiurthoiri-leiritheoiri-agus-scribhneoiri-nua-le-abhar-gearrfhoirme-a-chruthu-tri-mhean-na-gaeilge\/","name":"Gl\u00fain Nua: Ciste Maoinithe Seolta do sti\u00farth\u00f3ir\u00ed, l\u00e9iritheoir\u00ed agus scr\u00edbhneoir\u00ed Nua le \u00e1bhar gearrfhoirme a chruth\u00fa tr\u00ed mhe\u00e1n na Gaeilge | Preas R\u00e1iteas | TG4","isPartOf":{"@id":"https:\/\/dev.tg4.ie\/en\/#website"},"primaryImageOfPage":{"@id":"https:\/\/dev.tg4.ie\/ga\/eolas\/preas\/nuacht-raitis\/2020-2\/gluin-nua-ciste-maoinithe-seolta-do-stiurthoiri-leiritheoiri-agus-scribhneoiri-nua-le-abhar-gearrfhoirme-a-chruthu-tri-mhean-na-gaeilge\/#primaryimage"},"image":{"@id":"https:\/\/dev.tg4.ie\/ga\/eolas\/preas\/nuacht-raitis\/2020-2\/gluin-nua-ciste-maoinithe-seolta-do-stiurthoiri-leiritheoiri-agus-scribhneoiri-nua-le-abhar-gearrfhoirme-a-chruthu-tri-mhean-na-gaeilge\/#primaryimage"},"thumbnailUrl":"https:\/\/dev.tg4.ie\/wp-content\/uploads\/2020\/07\/Gluin-Nua-1-1920x1080-1.jpg","datePublished":"2020-07-10T11:24:02+00:00","dateModified":"2020-07-10T11:24:02+00:00","breadcrumb":{"@id":"https:\/\/dev.tg4.ie\/ga\/eolas\/preas\/nuacht-raitis\/2020-2\/gluin-nua-ciste-maoinithe-seolta-do-stiurthoiri-leiritheoiri-agus-scribhneoiri-nua-le-abhar-gearrfhoirme-a-chruthu-tri-mhean-na-gaeilge\/#breadcrumb"},"inLanguage":"ga","potentialAction":[{"@type":"ReadAction","target":["https:\/\/dev.tg4.ie\/ga\/eolas\/preas\/nuacht-raitis\/2020-2\/gluin-nua-ciste-maoinithe-seolta-do-stiurthoiri-leiritheoiri-agus-scribhneoiri-nua-le-abhar-gearrfhoirme-a-chruthu-tri-mhean-na-gaeilge\/"]}]},{"@type":"ImageObject","inLanguage":"ga","@id":"https:\/\/dev.tg4.ie\/ga\/eolas\/preas\/nuacht-raitis\/2020-2\/gluin-nua-ciste-maoinithe-seolta-do-stiurthoiri-leiritheoiri-agus-scribhneoiri-nua-le-abhar-gearrfhoirme-a-chruthu-tri-mhean-na-gaeilge\/#primaryimage","url":"https:\/\/dev.tg4.ie\/wp-content\/uploads\/2020\/07\/Gluin-Nua-1-1920x1080-1.jpg","contentUrl":"https:\/\/dev.tg4.ie\/wp-content\/uploads\/2020\/07\/Gluin-Nua-1-1920x1080-1.jpg"},{"@type":"BreadcrumbList","@id":"https:\/\/dev.tg4.ie\/ga\/eolas\/preas\/nuacht-raitis\/2020-2\/gluin-nua-ciste-maoinithe-seolta-do-stiurthoiri-leiritheoiri-agus-scribhneoiri-nua-le-abhar-gearrfhoirme-a-chruthu-tri-mhean-na-gaeilge\/#breadcrumb","itemListElement":[{"@type":"ListItem","position":1,"name":"Home","item":"https:\/\/dev.tg4.ie\/ga\/"},{"@type":"ListItem","position":2,"name":"Eolas","item":"https:\/\/dev.tg4.ie\/ga\/eolas\/"},{"@type":"ListItem","position":3,"name":"Preas","item":"https:\/\/dev.tg4.ie\/ga\/eolas\/preas\/"},{"@type":"ListItem","position":4,"name":"Nuacht R\u00e1itis","item":"https:\/\/dev.tg4.ie\/ga\/eolas\/preas\/nuacht-raitis\/"},{"@type":"ListItem","position":5,"name":"2020","item":"https:\/\/dev.tg4.ie\/ga\/eolas\/preas\/nuacht-raitis\/2020-2\/"},{"@type":"ListItem","position":6,"name":"Gl\u00fain Nua: Ciste Maoinithe Seolta do sti\u00farth\u00f3ir\u00ed, l\u00e9iritheoir\u00ed agus scr\u00edbhneoir\u00ed Nua le \u00e1bhar gearrfhoirme a chruth\u00fa tr\u00ed mhe\u00e1n na Gaeilge"}]},{"@type":"WebSite","@id":"https:\/\/dev.tg4.ie\/en\/#website","url":"https:\/\/dev.tg4.ie\/en\/","name":"TG4","description":"S\u00fail Eile","potentialAction":[{"@type":"SearchAction","target":{"@type":"EntryPoint","urlTemplate":"https:\/\/dev.tg4.ie\/en\/?s={search_term_string}"},"query-input":"required name=search_term_string"}],"inLanguage":"ga"}]}},"_links":{"self":[{"href":"https:\/\/dev.tg4.ie\/ga\/wp-json\/wp\/v2\/pages\/113478"}],"collection":[{"href":"https:\/\/dev.tg4.ie\/ga\/wp-json\/wp\/v2\/pages"}],"about":[{"href":"https:\/\/dev.tg4.ie\/ga\/wp-json\/wp\/v2\/types\/page"}],"author":[{"embeddable":true,"href":"https:\/\/dev.tg4.ie\/ga\/wp-json\/wp\/v2\/users\/876"}],"replies":[{"embeddable":true,"href":"https:\/\/dev.tg4.ie\/ga\/wp-json\/wp\/v2\/comments?post=113478"}],"version-history":[{"count":0,"href":"https:\/\/dev.tg4.ie\/ga\/wp-json\/wp\/v2\/pages\/113478\/revisions"}],"up":[{"embeddable":true,"href":"https:\/\/dev.tg4.ie\/ga\/wp-json\/wp\/v2\/pages\/111525"}],"wp:attachment":[{"href":"https:\/\/dev.tg4.ie\/ga\/wp-json\/wp\/v2\/media?parent=113478"}],"curies":[{"name":"wp","href":"https:\/\/api.w.org\/{rel}","templated":true}]}}