{"id":113496,"date":"2020-07-10T21:32:37","date_gmt":"2020-07-10T20:32:37","guid":{"rendered":"https:\/\/dev.tg4.ie\/?page_id=113496"},"modified":"2020-07-10T21:37:36","modified_gmt":"2020-07-10T20:37:36","slug":"cluichi-clg-beo-aris-ar-tg4","status":"publish","type":"page","link":"https:\/\/dev.tg4.ie\/ga\/eolas\/preas\/nuacht-raitis\/2020-2\/cluichi-clg-beo-aris-ar-tg4\/","title":{"rendered":"Cluich\u00ed CLG Beo ar\u00eds ar TG4"},"content":{"rendered":"<p><a href=\"https:\/\/tg4-docs.s3.amazonaws.com\/tg4-redesign-2015\/wp-content\/uploads\/2019\/12\/GAA_Beo_O_Domhnaill_Tyers.jpg\"><img loading=\"lazy\" decoding=\"async\" width=\"1920\" height=\"1080\" class=\"aligncenter size-full wp-image-111189\" src=\"https:\/\/tg4-docs.s3.amazonaws.com\/tg4-redesign-2015\/wp-content\/uploads\/2019\/12\/GAA_Beo_O_Domhnaill_Tyers.jpg\" alt=\"\" srcset=\"https:\/\/tg4-docs.s3.amazonaws.com\/tg4-redesign-2015\/wp-content\/uploads\/2019\/12\/GAA_Beo_O_Domhnaill_Tyers.jpg 1920w, https:\/\/tg4-docs.s3.amazonaws.com\/tg4-redesign-2015\/wp-content\/uploads\/2019\/12\/GAA_Beo_O_Domhnaill_Tyers-250x141.jpg 250w, https:\/\/tg4-docs.s3.amazonaws.com\/tg4-redesign-2015\/wp-content\/uploads\/2019\/12\/GAA_Beo_O_Domhnaill_Tyers-700x394.jpg 700w, https:\/\/tg4-docs.s3.amazonaws.com\/tg4-redesign-2015\/wp-content\/uploads\/2019\/12\/GAA_Beo_O_Domhnaill_Tyers-252x141.jpg 252w, https:\/\/tg4-docs.s3.amazonaws.com\/tg4-redesign-2015\/wp-content\/uploads\/2019\/12\/GAA_Beo_O_Domhnaill_Tyers-1536x864.jpg 1536w, https:\/\/tg4-docs.s3.amazonaws.com\/tg4-redesign-2015\/wp-content\/uploads\/2019\/12\/GAA_Beo_O_Domhnaill_Tyers-120x68.jpg 120w\" sizes=\"(max-width: 1920px) 100vw, 1920px\" \/><\/a><\/p>\n<p>&nbsp;<br \/>\n<iframe loading=\"lazy\" width=\"560\" height=\"315\" src=\"https:\/\/www.youtube.com\/embed\/_BJOVvEYZW8\" frameborder=\"0\" allow=\"accelerometer; autoplay; encrypted-media; gyroscope; picture-in-picture\" allowfullscreen><\/iframe><br \/>\n&nbsp;<br \/>\nT\u00e1 an-r\u00edm\u00e9ad orainn go mbeidh cluich\u00ed beo CLG ar ais ar an sc\u00e1ile\u00e1n ar\u00eds an deireadh seachtaine seo den ch\u00e9ad uair \u00f3 mh\u00ed M\u00e1rta, agus TG4 ag seoladh a gcuid craolta\u00ed ar chom\u00f3rtas na gclubanna don bhliain 2020.<\/p>\n<p>&nbsp;<\/p>\n<p>Cuirfidh sraith mh\u00f3r-r\u00e1chairte TG4 GAA BEO t\u00fas bre\u00e1 leis an gcraoladh le dh\u00e1 chluiche mh\u00f3ra iom\u00e1na\u00edochta an deireadh seachtaine seo chugainn, cluiche amh\u00e1in beo o\u00edche D\u00e9 hAoine agus ceann eile beo tr\u00e1thn\u00f3na D\u00e9 Sathairn. Cuirfidh siad t\u00fas leis an gcraoladh beo \u00f3 Chraobhchom\u00f3rtas Iom\u00e1na Sinsear Phort L\u00e1irge Pettitt&#8217;s Supervalu D\u00e9 hAoine an 17 I\u00fail nuair a bheidh na curaidh Naomh M\u00e1irt\u00edn lena sean-naimhde Abhallort &#8211; An Bealach. \u00a0 Beidh cluiche m\u00f3r eile againn D\u00e9 Domhnaigh nuair a thabharfaidh Naomh \u00c9anna Baile Baod\u00e1in aghaidh ar Chill Mochuada na Cr\u00f3caigh, leathcheann an chluiche a imr\u00edodh i gcluiche ceannais contae \u00c1tha Cliath sa bhliain 2018.<\/p>\n<p>Leanfaidh cl\u00fadach mh\u00f3r TG4 ar chraobh na gclubanna ar aghaidh gach seachtain le cluich\u00ed beo peile agus iom\u00e1na\u00edochta \u00f3 ar fud na t\u00edre agus t\u00e1 sonra\u00ed den chraoladh a bheidh i gceist sna ch\u00e9ad tr\u00ed seachtaine tugtha th\u00edos.<\/p>\n<p>&nbsp;<\/p>\n<p>C\u00e9 go mb\u00edonn an cl\u00e1r ar si\u00fal beagnach gach seachtain ar feadh na bliana, beidh an l\u00e1ithreoir Miche\u00e1l \u00d3 Domhnaill ar ais linn ar\u00eds tar \u00e9is bhriseadh 4 mh\u00ed. Is \u00e9ard a d\u00fairt s\u00e9 faoi chluich\u00ed CLG a bheith ar ais ar an aer ar\u00eds, <em>&#8220;T\u00e1 r\u00edm\u00e9ad orm agus t\u00e1 m\u00e9 s\u00e1sta a bheith ar ais ag cl\u00fadach cluich\u00ed ar\u00eds ar GAA Beo. Chaitheamar tr\u00e9imhse fhada faoi dhianghlas\u00e1il agus t\u00e1imid go l\u00e9ir anois ag s\u00fail le cluich\u00ed beo, agus c\u00e9 go bhfuil b\u00f3thar fada amach romhainn sula mbeimid \u00e1balta filleadh ar an saol a bh\u00ed againn, t\u00e1 s\u00fail agam go mbeidh s\u00e9 seo ar an gc\u00e9ad ch\u00e9im chuige.&#8221;<\/em><\/p>\n<p>&nbsp;<\/p>\n<p>D\u00fairt Ceannasa\u00ed Sp\u00f3irt TG4 R\u00f3n\u00e1n \u00d3 Coistealbha: <em>&#8220;T\u00e1imid thar a bheith bu\u00edoch do CLG agus do Bhoird Chontae \u00e9ags\u00fala ar fud na t\u00edre a bh\u00ed thar a bheith cuiditheach agus muid ag ullmh\u00fa le filleadh ar an gcl\u00fadach beo. T\u00e1imid ag s\u00fail le craoladh cuimsitheach teilif\u00edse beo a chur ar f\u00e1il \u00f3 Chraobhchom\u00f3rtas CLG sna m\u00edonna amach romhainn.&#8221;<\/em><\/p>\n<p>Beidh Brian Tyers ar ais i mbun na tr\u00e1chtaireachta ar\u00eds agus is iad leith\u00e9id\u00ed Liam Rushe, Michael Rice, Diarmuid Lyng, Donal O\u2019Grady a bheidh i mbun anail\u00edse ar chluich\u00ed iom\u00e1na\u00edochta agus leith\u00e9id\u00ed Aod\u00e1n Mac Gearailt, Kevin Cassidy, Se\u00e1n \u00d3g de Paor agus Jarlath Burns a bheidh i mbun anail\u00edse ar chluich\u00ed peile.<\/p>\n<p>&nbsp;<\/p>\n<p>Is mar seo a leanas at\u00e1 sceideal na gcluich\u00ed sna ch\u00e9ad c\u00fapla seachtain (t\u00e1 neart eile le teacht):<\/p>\n<p>&nbsp;<\/p>\n<p><strong><span>D\u00e9 hAoine an 17 I\u00fail<\/span><\/strong><\/p>\n<p>7.15pm \u00a0 GAA BEO<\/p>\n<p>Craobhchom\u00f3rtas Iom\u00e1na Sinsear Phort L\u00e1irge Pettitt&#8217;s Supervalu<\/p>\n<p>Naomh M\u00e1irt\u00edn v Abhallort &#8211; An Bealach &#8211; Beo \u00f3 Ph\u00e1irc Loch Garman Chadwicks<\/p>\n<p>(Ag tos\u00fa ag 7.30pm)<\/p>\n<p>&nbsp;<\/p>\n<p>&nbsp;<\/p>\n<p><strong><span>D\u00e9 Domhnaigh an 19 I\u00fail<\/span><\/strong><\/p>\n<p>2.30pm \u00a0 GAA BEO<\/p>\n<p>Craobhchom\u00f3rtas Iom\u00e1na Sinsear \u00c1tha Cliath<\/p>\n<p>Baile Buad\u00e1in Naomh \u00c9anna v Cill Mochuda Na Cr\u00f3caigh, beo \u00f3 Ph\u00e1irc Parnell<\/p>\n<p>(Ag tos\u00fa ag 3pm)<\/p>\n<p>&nbsp;<\/p>\n<p>4.40pm \u00a0 GAA GOLD &#8211; 1985<\/p>\n<p>Caithfear s\u00fail siar ar an gcl\u00e1r seo ar na himeachta\u00ed is m\u00f3 CLG a tharla le linn na bliana 1985.<\/p>\n<p>&nbsp;<\/p>\n<p>5.10pm \u00a0 All Ireland Gold<\/p>\n<p>Deis eile Tiobraid \u00c1rann V Cill Chainnigh a fheice\u00e1il i gCluiche Ceannais Chraobh Sinsear Iom\u00e1na na h\u00c9ireann 1991 ar Ph\u00e1irc an Chr\u00f3caigh. Bh\u00ed s\u00fail ag Tiobraid \u00c1rann Craobh na h\u00c9ireann a bhuachan don dara huair i dtr\u00ed bliana i gcoinne a sean-naimhde Cill Chainnigh.<\/p>\n<p>&nbsp;<\/p>\n<p>&nbsp;<\/p>\n<p><strong><span>D\u00e9 hAoine an 24 I\u00fail<\/span><\/strong><\/p>\n<p>7.15pm \u00a0 GAA BEO<\/p>\n<p>Craobhchom\u00f3rtas Iom\u00e1na Sinsear Luimnigh Bons Secours Hospital<\/p>\n<p>Cill Mocheall\u00f3g v Na Piarsaigh &#8211; Beo \u00f3 Ph\u00e1irc na nGael LIT<\/p>\n<p>(Ag tos\u00fa ag 7.30pm)<\/p>\n<p>&nbsp;<\/p>\n<p>&nbsp;<\/p>\n<p><strong><span>D\u00e9 Domhnaigh an 26 I\u00fail<\/span><\/strong><\/p>\n<p>2:15 pm\u00a0 \u00a0 GAA BEO<\/p>\n<p>Beo:\u00a0 Craobhchom\u00f3rtas Sinsear Peile Cork Premier<\/p>\n<p>Gleann Bearrch\u00e1in v Raonaithe Cairbre &#8211; Beo as Cloich na Coillte<\/p>\n<p>(Ag tos\u00fa ag 2.30pm)<\/p>\n<p>&nbsp;<\/p>\n<p>Cluiche iarbheo:<\/p>\n<p>Craobhchom\u00f3rtas Iom\u00e1na Sinsear na Gaillimhe Brooks<\/p>\n<p>Na Sairs\u00e9alaigh v Port Omna \u00f3 Ph\u00e1irc U\u00ed Chionnaith, Baile \u00c1tha an R\u00ed<\/p>\n<p>&nbsp;<\/p>\n<p>&nbsp;<\/p>\n<p><strong><span>D\u00e9 hAoine an 31 I\u00fail<\/span><\/strong><\/p>\n<p>7.15pm \u00a0 GAA BEO<\/p>\n<p>Craobhchom\u00f3rtas Peile Sinsear an D\u00fain Morgan Fuels<\/p>\n<p>Cill Chua v Droichead Mhaigh Eo &#8211; Beo \u00f3 Ph\u00e1irc Esler, An tI\u00far<\/p>\n<p>(Ag tos\u00fa ag 7.30pm)<\/p>\n<p>&nbsp;<\/p>\n<p>&nbsp;<\/p>\n<p><strong><span>D\u00e9 Domhnaigh an 2 L\u00fanasa<\/span><\/strong><\/p>\n<p>2:15 pm\u00a0 \u00a0 GAA BEO<\/p>\n<p>Beo:\u00a0 Craobhchom\u00f3rtas Peile Sinsear na Gaillimhe Claregalway Hotel<\/p>\n<p>Cora Fine v\u00a0Uachtar Ard &#8211; Beo \u00f3 Ph\u00e1irc an Phiarsaigh, B\u00f3thar na Tr\u00e1<\/p>\n<p>(Ag tos\u00fa ag 2.30pm)<\/p>\n<p>&nbsp;<\/p>\n<p>Cluiche iarbheo:<\/p>\n<p>Craobhchom\u00f3rtas Peile Sinsear na M\u00ed Fairyhouse Steel<\/p>\n<p>Gaeil Bhaile Sh\u00edom\u00f3in v Scr\u00edn &#8211; \u00f3 Ph\u00e1irc Tailteann, An Uaimh<\/p>\n<p>&nbsp;<br \/>\n&nbsp;<\/p>\n","protected":false},"excerpt":{"rendered":"<p>&nbsp; &nbsp; T\u00e1 an-r\u00edm\u00e9ad orainn go mbeidh cluich\u00ed beo CLG ar ais ar an sc\u00e1ile\u00e1n ar\u00eds an deireadh seachtaine seo den ch\u00e9ad uair \u00f3 mh\u00ed M\u00e1rta, agus TG4 ag seoladh a gcuid craolta\u00ed ar chom\u00f3rtas na gclubanna don bhliain 2020. &nbsp; Cuirfidh sraith mh\u00f3r-r\u00e1chairte TG4 GAA BEO t\u00fas bre\u00e1 leis an gcraoladh le dh\u00e1 chluiche [&hellip;]<\/p>\n","protected":false},"author":876,"featured_media":0,"parent":111525,"menu_order":28,"comment_status":"closed","ping_status":"closed","template":"page-templates\/template-pr.php","meta":{"_acf_changed":false,"footnotes":""},"acf":[],"yoast_head":"<!-- This site is optimized with the Yoast SEO plugin v22.6 - https:\/\/yoast.com\/wordpress\/plugins\/seo\/ -->\n<title>Cluich\u00ed CLG Beo ar\u00eds ar TG4 | Preas R\u00e1iteas | TG4<\/title>\n<meta name=\"robots\" content=\"index, follow, max-snippet:-1, max-image-preview:large, max-video-preview:-1\" \/>\n<meta property=\"og:locale\" content=\"en_US\" \/>\n<meta property=\"og:type\" content=\"article\" \/>\n<meta property=\"og:title\" content=\"Cluich\u00ed CLG Beo ar\u00eds ar TG4 | Preas R\u00e1iteas | TG4\" \/>\n<meta property=\"og:description\" content=\"&nbsp; &nbsp; T\u00e1 an-r\u00edm\u00e9ad orainn go mbeidh cluich\u00ed beo CLG ar ais ar an sc\u00e1ile\u00e1n ar\u00eds an deireadh seachtaine seo den ch\u00e9ad uair \u00f3 mh\u00ed M\u00e1rta, agus TG4 ag seoladh a gcuid craolta\u00ed ar chom\u00f3rtas na gclubanna don bhliain 2020. &nbsp; Cuirfidh sraith mh\u00f3r-r\u00e1chairte TG4 GAA BEO t\u00fas bre\u00e1 leis an gcraoladh le dh\u00e1 chluiche [&hellip;]\" \/>\n<meta property=\"og:url\" content=\"https:\/\/dev.tg4.ie\/ga\/eolas\/preas\/nuacht-raitis\/2020-2\/cluichi-clg-beo-aris-ar-tg4\/\" \/>\n<meta property=\"og:site_name\" content=\"TG4\" \/>\n<meta property=\"article:publisher\" content=\"https:\/\/www.facebook.com\/TG4TV\" \/>\n<meta property=\"article:modified_time\" content=\"2020-07-10T20:37:36+00:00\" \/>\n<meta property=\"og:image\" content=\"https:\/\/tg4-docs.s3.amazonaws.com\/tg4-redesign-2015\/wp-content\/uploads\/2019\/12\/GAA_Beo_O_Domhnaill_Tyers.jpg\" \/>\n\t<meta property=\"og:image:width\" content=\"1920\" \/>\n\t<meta property=\"og:image:height\" content=\"1080\" \/>\n\t<meta property=\"og:image:type\" content=\"image\/jpeg\" \/>\n<meta name=\"twitter:card\" content=\"summary_large_image\" \/>\n<meta name=\"twitter:image\" content=\"https:\/\/tg4-docs.s3.amazonaws.com\/tg4-redesign-2015\/wp-content\/uploads\/2019\/12\/GAA_Beo_O_Domhnaill_Tyers.jpg\" \/>\n<meta name=\"twitter:site\" content=\"@TG4TV\" \/>\n<meta name=\"twitter:label1\" content=\"Est. reading time\" \/>\n\t<meta name=\"twitter:data1\" content=\"4 minutes\" \/>\n<script type=\"application\/ld+json\" class=\"yoast-schema-graph\">{\"@context\":\"https:\/\/schema.org\",\"@graph\":[{\"@type\":\"WebPage\",\"@id\":\"https:\/\/dev.tg4.ie\/ga\/eolas\/preas\/nuacht-raitis\/2020-2\/cluichi-clg-beo-aris-ar-tg4\/\",\"url\":\"https:\/\/dev.tg4.ie\/ga\/eolas\/preas\/nuacht-raitis\/2020-2\/cluichi-clg-beo-aris-ar-tg4\/\",\"name\":\"Cluich\u00ed CLG Beo ar\u00eds ar TG4 | Preas R\u00e1iteas | TG4\",\"isPartOf\":{\"@id\":\"https:\/\/dev.tg4.ie\/en\/#website\"},\"primaryImageOfPage\":{\"@id\":\"https:\/\/dev.tg4.ie\/ga\/eolas\/preas\/nuacht-raitis\/2020-2\/cluichi-clg-beo-aris-ar-tg4\/#primaryimage\"},\"image\":{\"@id\":\"https:\/\/dev.tg4.ie\/ga\/eolas\/preas\/nuacht-raitis\/2020-2\/cluichi-clg-beo-aris-ar-tg4\/#primaryimage\"},\"thumbnailUrl\":\"https:\/\/dev.tg4.ie\/wp-content\/uploads\/2019\/12\/GAA_Beo_O_Domhnaill_Tyers.jpg\",\"datePublished\":\"2020-07-10T20:32:37+00:00\",\"dateModified\":\"2020-07-10T20:37:36+00:00\",\"breadcrumb\":{\"@id\":\"https:\/\/dev.tg4.ie\/ga\/eolas\/preas\/nuacht-raitis\/2020-2\/cluichi-clg-beo-aris-ar-tg4\/#breadcrumb\"},\"inLanguage\":\"ga\",\"potentialAction\":[{\"@type\":\"ReadAction\",\"target\":[\"https:\/\/dev.tg4.ie\/ga\/eolas\/preas\/nuacht-raitis\/2020-2\/cluichi-clg-beo-aris-ar-tg4\/\"]}]},{\"@type\":\"ImageObject\",\"inLanguage\":\"ga\",\"@id\":\"https:\/\/dev.tg4.ie\/ga\/eolas\/preas\/nuacht-raitis\/2020-2\/cluichi-clg-beo-aris-ar-tg4\/#primaryimage\",\"url\":\"https:\/\/dev.tg4.ie\/wp-content\/uploads\/2019\/12\/GAA_Beo_O_Domhnaill_Tyers.jpg\",\"contentUrl\":\"https:\/\/dev.tg4.ie\/wp-content\/uploads\/2019\/12\/GAA_Beo_O_Domhnaill_Tyers.jpg\"},{\"@type\":\"BreadcrumbList\",\"@id\":\"https:\/\/dev.tg4.ie\/ga\/eolas\/preas\/nuacht-raitis\/2020-2\/cluichi-clg-beo-aris-ar-tg4\/#breadcrumb\",\"itemListElement\":[{\"@type\":\"ListItem\",\"position\":1,\"name\":\"Home\",\"item\":\"https:\/\/dev.tg4.ie\/ga\/\"},{\"@type\":\"ListItem\",\"position\":2,\"name\":\"Eolas\",\"item\":\"https:\/\/dev.tg4.ie\/ga\/eolas\/\"},{\"@type\":\"ListItem\",\"position\":3,\"name\":\"Preas\",\"item\":\"https:\/\/dev.tg4.ie\/ga\/eolas\/preas\/\"},{\"@type\":\"ListItem\",\"position\":4,\"name\":\"Nuacht R\u00e1itis\",\"item\":\"https:\/\/dev.tg4.ie\/ga\/eolas\/preas\/nuacht-raitis\/\"},{\"@type\":\"ListItem\",\"position\":5,\"name\":\"2020\",\"item\":\"https:\/\/dev.tg4.ie\/ga\/eolas\/preas\/nuacht-raitis\/2020-2\/\"},{\"@type\":\"ListItem\",\"position\":6,\"name\":\"Cluich\u00ed CLG Beo ar\u00eds ar TG4\"}]},{\"@type\":\"WebSite\",\"@id\":\"https:\/\/dev.tg4.ie\/en\/#website\",\"url\":\"https:\/\/dev.tg4.ie\/en\/\",\"name\":\"TG4\",\"description\":\"S\u00fail Eile\",\"potentialAction\":[{\"@type\":\"SearchAction\",\"target\":{\"@type\":\"EntryPoint\",\"urlTemplate\":\"https:\/\/dev.tg4.ie\/en\/?s={search_term_string}\"},\"query-input\":\"required name=search_term_string\"}],\"inLanguage\":\"ga\"}]}<\/script>\n<!-- \/ Yoast SEO plugin. -->","yoast_head_json":{"title":"Cluich\u00ed CLG Beo ar\u00eds ar TG4 | Preas R\u00e1iteas | TG4","robots":{"index":"index","follow":"follow","max-snippet":"max-snippet:-1","max-image-preview":"max-image-preview:large","max-video-preview":"max-video-preview:-1"},"og_locale":"en_US","og_type":"article","og_title":"Cluich\u00ed CLG Beo ar\u00eds ar TG4 | Preas R\u00e1iteas | TG4","og_description":"&nbsp; &nbsp; T\u00e1 an-r\u00edm\u00e9ad orainn go mbeidh cluich\u00ed beo CLG ar ais ar an sc\u00e1ile\u00e1n ar\u00eds an deireadh seachtaine seo den ch\u00e9ad uair \u00f3 mh\u00ed M\u00e1rta, agus TG4 ag seoladh a gcuid craolta\u00ed ar chom\u00f3rtas na gclubanna don bhliain 2020. &nbsp; Cuirfidh sraith mh\u00f3r-r\u00e1chairte TG4 GAA BEO t\u00fas bre\u00e1 leis an gcraoladh le dh\u00e1 chluiche [&hellip;]","og_url":"https:\/\/dev.tg4.ie\/ga\/eolas\/preas\/nuacht-raitis\/2020-2\/cluichi-clg-beo-aris-ar-tg4\/","og_site_name":"TG4","article_publisher":"https:\/\/www.facebook.com\/TG4TV","article_modified_time":"2020-07-10T20:37:36+00:00","og_image":[{"width":1920,"height":1080,"url":"https:\/\/tg4-docs.s3.amazonaws.com\/tg4-redesign-2015\/wp-content\/uploads\/2019\/12\/GAA_Beo_O_Domhnaill_Tyers.jpg","type":"image\/jpeg"}],"twitter_card":"summary_large_image","twitter_image":"https:\/\/tg4-docs.s3.amazonaws.com\/tg4-redesign-2015\/wp-content\/uploads\/2019\/12\/GAA_Beo_O_Domhnaill_Tyers.jpg","twitter_site":"@TG4TV","twitter_misc":{"Est. reading time":"4 minutes"},"schema":{"@context":"https:\/\/schema.org","@graph":[{"@type":"WebPage","@id":"https:\/\/dev.tg4.ie\/ga\/eolas\/preas\/nuacht-raitis\/2020-2\/cluichi-clg-beo-aris-ar-tg4\/","url":"https:\/\/dev.tg4.ie\/ga\/eolas\/preas\/nuacht-raitis\/2020-2\/cluichi-clg-beo-aris-ar-tg4\/","name":"Cluich\u00ed CLG Beo ar\u00eds ar TG4 | Preas R\u00e1iteas | TG4","isPartOf":{"@id":"https:\/\/dev.tg4.ie\/en\/#website"},"primaryImageOfPage":{"@id":"https:\/\/dev.tg4.ie\/ga\/eolas\/preas\/nuacht-raitis\/2020-2\/cluichi-clg-beo-aris-ar-tg4\/#primaryimage"},"image":{"@id":"https:\/\/dev.tg4.ie\/ga\/eolas\/preas\/nuacht-raitis\/2020-2\/cluichi-clg-beo-aris-ar-tg4\/#primaryimage"},"thumbnailUrl":"https:\/\/dev.tg4.ie\/wp-content\/uploads\/2019\/12\/GAA_Beo_O_Domhnaill_Tyers.jpg","datePublished":"2020-07-10T20:32:37+00:00","dateModified":"2020-07-10T20:37:36+00:00","breadcrumb":{"@id":"https:\/\/dev.tg4.ie\/ga\/eolas\/preas\/nuacht-raitis\/2020-2\/cluichi-clg-beo-aris-ar-tg4\/#breadcrumb"},"inLanguage":"ga","potentialAction":[{"@type":"ReadAction","target":["https:\/\/dev.tg4.ie\/ga\/eolas\/preas\/nuacht-raitis\/2020-2\/cluichi-clg-beo-aris-ar-tg4\/"]}]},{"@type":"ImageObject","inLanguage":"ga","@id":"https:\/\/dev.tg4.ie\/ga\/eolas\/preas\/nuacht-raitis\/2020-2\/cluichi-clg-beo-aris-ar-tg4\/#primaryimage","url":"https:\/\/dev.tg4.ie\/wp-content\/uploads\/2019\/12\/GAA_Beo_O_Domhnaill_Tyers.jpg","contentUrl":"https:\/\/dev.tg4.ie\/wp-content\/uploads\/2019\/12\/GAA_Beo_O_Domhnaill_Tyers.jpg"},{"@type":"BreadcrumbList","@id":"https:\/\/dev.tg4.ie\/ga\/eolas\/preas\/nuacht-raitis\/2020-2\/cluichi-clg-beo-aris-ar-tg4\/#breadcrumb","itemListElement":[{"@type":"ListItem","position":1,"name":"Home","item":"https:\/\/dev.tg4.ie\/ga\/"},{"@type":"ListItem","position":2,"name":"Eolas","item":"https:\/\/dev.tg4.ie\/ga\/eolas\/"},{"@type":"ListItem","position":3,"name":"Preas","item":"https:\/\/dev.tg4.ie\/ga\/eolas\/preas\/"},{"@type":"ListItem","position":4,"name":"Nuacht R\u00e1itis","item":"https:\/\/dev.tg4.ie\/ga\/eolas\/preas\/nuacht-raitis\/"},{"@type":"ListItem","position":5,"name":"2020","item":"https:\/\/dev.tg4.ie\/ga\/eolas\/preas\/nuacht-raitis\/2020-2\/"},{"@type":"ListItem","position":6,"name":"Cluich\u00ed CLG Beo ar\u00eds ar TG4"}]},{"@type":"WebSite","@id":"https:\/\/dev.tg4.ie\/en\/#website","url":"https:\/\/dev.tg4.ie\/en\/","name":"TG4","description":"S\u00fail Eile","potentialAction":[{"@type":"SearchAction","target":{"@type":"EntryPoint","urlTemplate":"https:\/\/dev.tg4.ie\/en\/?s={search_term_string}"},"query-input":"required name=search_term_string"}],"inLanguage":"ga"}]}},"_links":{"self":[{"href":"https:\/\/dev.tg4.ie\/ga\/wp-json\/wp\/v2\/pages\/113496"}],"collection":[{"href":"https:\/\/dev.tg4.ie\/ga\/wp-json\/wp\/v2\/pages"}],"about":[{"href":"https:\/\/dev.tg4.ie\/ga\/wp-json\/wp\/v2\/types\/page"}],"author":[{"embeddable":true,"href":"https:\/\/dev.tg4.ie\/ga\/wp-json\/wp\/v2\/users\/876"}],"replies":[{"embeddable":true,"href":"https:\/\/dev.tg4.ie\/ga\/wp-json\/wp\/v2\/comments?post=113496"}],"version-history":[{"count":0,"href":"https:\/\/dev.tg4.ie\/ga\/wp-json\/wp\/v2\/pages\/113496\/revisions"}],"up":[{"embeddable":true,"href":"https:\/\/dev.tg4.ie\/ga\/wp-json\/wp\/v2\/pages\/111525"}],"wp:attachment":[{"href":"https:\/\/dev.tg4.ie\/ga\/wp-json\/wp\/v2\/media?parent=113496"}],"curies":[{"name":"wp","href":"https:\/\/api.w.org\/{rel}","templated":true}]}}