{"id":113521,"date":"2020-07-14T16:33:29","date_gmt":"2020-07-14T15:33:29","guid":{"rendered":"https:\/\/dev.tg4.ie\/?page_id=113521"},"modified":"2020-07-14T16:33:29","modified_gmt":"2020-07-14T15:33:29","slug":"13-ainmniuchan-faighte-ag-tg4-do-ghradaim-ifta-2020","status":"publish","type":"page","link":"https:\/\/dev.tg4.ie\/ga\/eolas\/preas\/nuacht-raitis\/2020-2\/13-ainmniuchan-faighte-ag-tg4-do-ghradaim-ifta-2020\/","title":{"rendered":"13 Ainmni\u00fach\u00e1n faighte ag TG4 do Ghradaim IFTA 2020"},"content":{"rendered":"<p><a href=\"https:\/\/tg4-docs.s3.amazonaws.com\/tg4-redesign-2015\/wp-content\/uploads\/2020\/07\/Arracht_Finky_1_1920x1080.jpg\"><img loading=\"lazy\" decoding=\"async\" width=\"1920\" height=\"1080\" class=\"aligncenter size-full wp-image-113524\" src=\"https:\/\/tg4-docs.s3.amazonaws.com\/tg4-redesign-2015\/wp-content\/uploads\/2020\/07\/Arracht_Finky_1_1920x1080.jpg\" alt=\"\" srcset=\"https:\/\/tg4-docs.s3.amazonaws.com\/tg4-redesign-2015\/wp-content\/uploads\/2020\/07\/Arracht_Finky_1_1920x1080.jpg 1920w, https:\/\/tg4-docs.s3.amazonaws.com\/tg4-redesign-2015\/wp-content\/uploads\/2020\/07\/Arracht_Finky_1_1920x1080-250x141.jpg 250w, https:\/\/tg4-docs.s3.amazonaws.com\/tg4-redesign-2015\/wp-content\/uploads\/2020\/07\/Arracht_Finky_1_1920x1080-700x394.jpg 700w, https:\/\/tg4-docs.s3.amazonaws.com\/tg4-redesign-2015\/wp-content\/uploads\/2020\/07\/Arracht_Finky_1_1920x1080-252x141.jpg 252w, https:\/\/tg4-docs.s3.amazonaws.com\/tg4-redesign-2015\/wp-content\/uploads\/2020\/07\/Arracht_Finky_1_1920x1080-1536x864.jpg 1536w, https:\/\/tg4-docs.s3.amazonaws.com\/tg4-redesign-2015\/wp-content\/uploads\/2020\/07\/Arracht_Finky_1_1920x1080-120x68.jpg 120w\" sizes=\"(max-width: 1920px) 100vw, 1920px\" \/><\/a><br \/>\n&nbsp;<br \/>\nTeistim\u00e9ireacht eile do d&#8217;ardchaighde\u00e1n TG4 cl\u00e1ir d\u00e1 chuid a bheith ainmnithe do Ghradaim IFTA na bliana seo. Foils\u00edodh na hainmni\u00fach\u00e1in inniu. T\u00e1 cl\u00e1ir de chuid an chain\u00e9il Gaeilge ainmnithe do 13 ghradam.<\/p>\n<p>T\u00e1 11 ainmni\u00fach\u00e1n faighte ag<span>\u00a0<\/span><strong><span>Arracht<\/span><\/strong><span>\u00a0<\/span>agus t\u00e1 2 ainmni\u00fach\u00e1n faighte ag<span>\u00a0<\/span><strong><span>Finky<\/span><\/strong><span>\u00a0<\/span>do Ghradaim IFTA 2020.<\/p>\n<p>Scann\u00e1in \u00f3<span>\u00a0<\/span><strong><span>Cine4<\/span><\/strong><span>\u00a0<\/span>iad<span>\u00a0<\/span><strong><span>Arracht<\/span><\/strong><span>\u00a0<\/span>agus<span>\u00a0<\/span><strong><span>Finky<\/span><\/strong>, tionscnamh, i gcomhar idir TG4, F\u00eds \u00c9ireann agus an BAI, chun fadscann\u00e1in \u00farnua Ghaeilge a fhorbairt. Blaiseadh den d\u00e1 scann\u00e1n ar f\u00e1il anseo <a href=\"https:\/\/www.cine4.ie\" rel=\"noopener noreferrer\" target=\"_blank\">www.Cine4.ie<\/a><br \/>\n&nbsp;<br \/>\nScann\u00e1n l\u00e1nfhada le Tom Sullivan\u00a0\u00e9\u00a0<strong><span>Arracht<\/span><\/strong>, arna l\u00e9iri\u00fa ag C\u00fa\u00e1n Mac Conghail do\u00a0<strong><span>Macalla.\u00a0<\/span><\/strong>Is iad<span>\u00a0<\/span><strong><span>D\u00f3nall \u00d3 H\u00e9ala\u00ed,\u00a0Michael McElhatton, Siobh\u00e1n O\u2019Kelly<\/span><\/strong>\u00a0at\u00e1 sna pr\u00edomhph\u00e1irteanna agus tugann\u00a0<strong><span>Saise N\u00ed Chuinn<\/span><\/strong>, nach bhfuil ach 11 bhliain d\u00e9ag l\u00e9iri\u00fa \u00e1lainn ina c\u00e9ad scann\u00e1n seo\u00a0<strong><span>Arracht<\/span><\/strong><em><span>\u00a0<\/span><\/em>. Sc\u00e9al uaigneach \u00e9 seo faoin gceann is fearr a fh\u00e1il ar an mbr\u00f3n agus do dh\u00edcheall a dh\u00e9anamh teacht tr\u00edd. T\u00e1 an scann\u00e1n seo suite in \u00c9irinn sa bhliain 1845 agus d\u00edrithe ar an iascaire Colm\u00e1n Sharkey, a thugann \u00e1it le fanacht do strains\u00e9ir, Patsy, a bh\u00ed ina shaighdi\u00fair tr\u00e1th d\u00edreach sular bhuail an d\u00fachan &#8211; an galar a th\u00e1inig ar bharra agus a raibh an Phl\u00e1 M\u00f3r mar thoradh air, a mharaigh agus a chuir leis na milli\u00fain daoine a chur as a n-\u00e1it f\u00e9in, an t\u00edr.\u00a0Rinneadh<span>\u00a0<\/span><strong><span>Arracht<\/span><\/strong>\u00a0a scann\u00e1n\u00fa ina ioml\u00e1n i gConamara ar ch\u00f3sta thiar na h\u00c9ireann. \u00c1ir\u00edtear ar na daoine eile sa chliar<span>\u00a0<\/span><strong><span>Dara Devaney<\/span><\/strong>,<span>\u00a0<\/span><strong><span>Peter Coonan<\/span><\/strong>,<span>\u00a0<\/span><strong><span>Se\u00e1n T. \u00d3 Meallaigh<\/span><\/strong><span>\u00a0<\/span>agus<span>\u00a0<\/span><strong><span>Michelle Beamish<\/span><\/strong>.<\/p>\n<p>Taispe\u00e1nadh<span>\u00a0<\/span><strong><span>Arracht<\/span><\/strong><span>\u00a0<\/span>den ch\u00e9ad uair ar domhan ag an 23\u00fa F\u00e9ile Scann\u00e1n P\u00d6FF Tallin Black Nights, san East\u00f3in i m\u00ed na Samhna, taispe\u00e1nadh don ch\u00e9ad uair in \u00c9irinn \u00e9 ag F\u00e9ile Scann\u00e1n Idirn\u00e1isi\u00fanta Bhaile \u00c1tha Cliath Virgin Media i m\u00ed Feabhra, is ag F\u00e9ile Scann\u00e1n Ghlasch\u00fa a taispe\u00e1nadh den ch\u00e9ad uair \u00e9 sa R\u00edocht Aontaithe agus ag F\u00e9ile Stockfish san \u00cdoslainn. T\u00e1 moladh m\u00f3r tugtha ag l\u00e9irmheast\u00f3ir\u00ed don scann\u00e1n go dt\u00ed seo.<br \/>\n&nbsp;<br \/>\nAb\u00fa Media Film Productions a l\u00e9irigh<span>\u00a0<\/span><strong><span>Finky.\u00a0<\/span><\/strong>Datha\u00ed Keane (An Klondike) a sti\u00fair, Datha\u00ed Keane agus Diarmuid de Faoite a bh\u00ed i mbun na scr\u00edbhneoireacht, arna l\u00e9iri\u00fa ag Eileen Seoighe agus Pierce Boyce. T\u00e1 an t-aisteoir a bhfuil Gradam IFTA buaite aige, Dara Devaney sa phr\u00edomhr\u00f3l. Is \u00e9 Cathal Watters an Sti\u00farth\u00f3ir Scann\u00e1na\u00edochta.<br \/>\nFadscann\u00e1n dr\u00e1ma\u00edocht sh\u00edceola\u00edoch is ea<span>\u00a0<\/span><strong><span>Finky<\/span><\/strong><span>\u00a0<\/span>ina n-ins\u00edtear sc\u00e9al Mic\u00ed Phinc\u00ed \u00d3 Foghl\u00fa, ceolt\u00f3ir \u00f3g a raibh drochshaol aige agus a chaill l\u00fath na gcos i dtimpiste cairr agus a fhaigheann seans saol maith a chaitheamh ar\u00eds nuair a fhaigheann s\u00e9 post i sorcas for\u00e9igneach, avant-garde. Bronnadh an<span>\u00a0<\/span><strong><span>Gradam don Cineamatagrafa\u00edocht is Fearr<\/span><\/strong><span>\u00a0<\/span>ar<span>\u00a0<\/span><strong><span>Finky<\/span><\/strong><span>\u00a0<\/span>ag Fleadh Scann\u00e1n na Gaillimhe 2019.<br \/>\n&nbsp;<br \/>\nT\u00e1 sonra\u00ed beachta ar ainmni\u00fach\u00e1in TG4 ar ghearrliosta ghradaim IFTA 2020 le f\u00e1il th\u00edos. Is iad na Gradaim IFTA na gradaim is m\u00f3 le r\u00e1 sa tionscal scann\u00e1n agus dr\u00e1ma\u00edochta in \u00c9irinn.<br \/>\n&nbsp;<br \/>\nRinne Ard-Sti\u00farth\u00f3ir TG4, Alan Esslemont, comhghairdeas le l\u00e9iri\u00fach\u00e1in TG4 a cuireadh ar ghearrliosta IFTA na bliana seo agus d\u00fairt, \u201c<em><span>Ba mhaith liom comhghairdeas a dh\u00e9anamh le gach duine a bh\u00ed bainteach leis na fadscann\u00e1in\u00a0<\/span><\/em><strong><i><span>Cine4<\/span><\/i><\/strong><em><span>, \u2018<\/span><\/em><strong><i><span>Arracht\u2019<\/span><\/i><\/strong><em><span>\u00a0agus \u2018<\/span><\/em><strong><i><span>Finky\u2019<\/span><\/i><\/strong><em><span>.\u00a0 Mar cheann de chraolt\u00f3ir\u00ed seirbh\u00edse poibl\u00ed na h\u00c9ireann, t\u00e1 r\u00f3l l\u00e1rnach ag TG4 maidir le geilleagar cruthaitheach na h\u00c9ireann a spreagadh. Chreid muid i gc\u00f3na\u00ed go mbeadh \u00e9ileamh l\u00e1idir ar scann\u00e1in\u00a0<\/span><\/em><strong><i><span>Cine4<\/span><\/i><\/strong><em><span>\u00a0agus creideann muid freisin go n-oscl\u00f3idh\u00a0<\/span><\/em><strong><i><span>Cine4<\/span><\/i><\/strong><em><span>\u00a0doirse go hidirn\u00e1isi\u00fanta do l\u00e9iritheoir\u00ed scann\u00e1in na h\u00c9ireann.\u201d<\/span><\/em><\/p>\n<p>&nbsp;<br \/>\nCR\u00cdOCH<br \/>\n&nbsp;<\/p>\n<p><strong><span>IFTA 2020\u00a0\u00a0 &#8211; Ainmni\u00fach\u00e1in TG4<\/span><\/strong><\/p>\n<p><strong><u><span>An Scann\u00e1n is Fearr<\/span><\/u><\/strong><\/p>\n<p>Arracht (<strong><span>arna l\u00e9iri\u00fa ag Macalla<\/span><\/strong>)<br \/>\n&nbsp;<br \/>\n<strong><u><span>Aisteoir sa Phr\u00edomhr\u00f3l &#8211; Scann\u00e1n<\/span><\/u><\/strong><\/p>\n<p>Donall \u00d3 H\u00e9ala\u00ed-<span>\u00a0<\/span><strong><i><span>Arracht<\/span><\/i><\/strong><strong><span>\u00a0(arna l\u00e9iri\u00fa ag Macalla)<\/span><\/strong><\/p>\n<p>Dara Devaney<strong><span>\u00a0\u2013\u00a0<i>Finky<\/i>\u00a0\u00a0 (arna l\u00e9iri\u00fa ag Ab\u00fa Media)<\/span><\/strong><br \/>\n&nbsp;<br \/>\n<strong><u><span>Aisteoir i R\u00f3l Taca\u00edochta &#8211; Scann\u00e1n<\/span><\/u><\/strong><\/p>\n<p>Dara Devaney<span>\u00a0<\/span><strong><span>\u2013\u00a0<i>Arracht<\/i><\/span><\/strong><br \/>\n&nbsp;<br \/>\n<strong><u><span>Sti\u00farth\u00f3ir &#8211; Scann\u00e1n<\/span><\/u><\/strong><\/p>\n<p>Tom Sullivan<strong><span>&#8211;\u00a0<i>Arracht<\/i><\/span><\/strong><br \/>\n&nbsp;<br \/>\n<strong><u><span>Script &#8211; Scann\u00e1n<\/span><\/u><\/strong><\/p>\n<p>Tom Sullivan<strong><span>&#8211;\u00a0<i>Arracht<\/i><\/span><\/strong><br \/>\n&nbsp;<br \/>\n<strong><u><span>Cineamatagrafa\u00edocht<\/span><\/u><\/strong><\/p>\n<p>Katie McCullough<strong><span>&#8211;<\/span><\/strong><span>\u00a0<\/span><strong><i><span>Arracht<\/span><\/i><\/strong><br \/>\n&nbsp;<br \/>\n<strong><u><span>Dearadh L\u00e9iri\u00fach\u00e1in<\/span><\/u><\/strong><\/p>\n<p>P\u00e1draig O\u2019Neill<strong><span>&#8211;\u00a0<i>Arracht<\/i><\/span><\/strong><br \/>\n&nbsp;<br \/>\n<strong><u><span>Dearadh Feistis<\/span><\/u><\/strong><\/p>\n<p>Clodagh Deegan<strong><span>&#8211;\u00a0<i>Arracht<\/i><\/span><\/strong><br \/>\n&nbsp;<br \/>\n<strong><u><span>Smideadh &amp; Gruaig<\/span><\/u><\/strong><\/p>\n<p>Niamh O&#8217;Loan<strong><span>\u00a0&#8211;<i>Arracht<\/i><\/span><\/strong><\/p>\n<p>Louise Myler<strong><span>&#8211;<i>\u00a0Finky<\/i><\/span><\/strong><br \/>\n&nbsp;<br \/>\n<strong><u><span>Fuaim<\/span><\/u><\/strong><\/p>\n<p>Brendan Rehill &amp;\u00a0Alan Scully &#8211;<span>\u00a0<\/span><strong><i><span>Arracht<\/span><\/i><\/strong><br \/>\n&nbsp;<br \/>\n<strong><u><span>Buncheol<\/span><\/u><\/strong><\/p>\n<p>Kila<strong><span>&#8211;<\/span><\/strong><span>\u00a0<\/span><strong><i><span>Arracht<\/span><\/i><\/strong><\/p>\n<p>&nbsp;<br \/>\n&nbsp;<\/p>\n","protected":false},"excerpt":{"rendered":"<p>&nbsp; Teistim\u00e9ireacht eile do d&#8217;ardchaighde\u00e1n TG4 cl\u00e1ir d\u00e1 chuid a bheith ainmnithe do Ghradaim IFTA na bliana seo. Foils\u00edodh na hainmni\u00fach\u00e1in inniu. T\u00e1 cl\u00e1ir de chuid an chain\u00e9il Gaeilge ainmnithe do 13 ghradam. T\u00e1 11 ainmni\u00fach\u00e1n faighte ag\u00a0Arracht\u00a0agus t\u00e1 2 ainmni\u00fach\u00e1n faighte ag\u00a0Finky\u00a0do Ghradaim IFTA 2020. Scann\u00e1in \u00f3\u00a0Cine4\u00a0iad\u00a0Arracht\u00a0agus\u00a0Finky, tionscnamh, i gcomhar idir TG4, F\u00eds \u00c9ireann [&hellip;]<\/p>\n","protected":false},"author":876,"featured_media":0,"parent":111525,"menu_order":29,"comment_status":"closed","ping_status":"closed","template":"page-templates\/template-pr.php","meta":{"_acf_changed":false,"footnotes":""},"acf":[],"yoast_head":"<!-- This site is optimized with the Yoast SEO plugin v22.6 - https:\/\/yoast.com\/wordpress\/plugins\/seo\/ -->\n<title>13 Ainmni\u00fach\u00e1n faighte ag TG4 do Ghradaim IFTA 2020 | Preas R\u00e1iteas | TG4<\/title>\n<meta name=\"robots\" content=\"index, follow, max-snippet:-1, max-image-preview:large, max-video-preview:-1\" \/>\n<meta property=\"og:locale\" content=\"en_US\" \/>\n<meta property=\"og:type\" content=\"article\" \/>\n<meta property=\"og:title\" content=\"13 Ainmni\u00fach\u00e1n faighte ag TG4 do Ghradaim IFTA 2020 | Preas R\u00e1iteas | TG4\" \/>\n<meta property=\"og:description\" content=\"&nbsp; Teistim\u00e9ireacht eile do d&#8217;ardchaighde\u00e1n TG4 cl\u00e1ir d\u00e1 chuid a bheith ainmnithe do Ghradaim IFTA na bliana seo. Foils\u00edodh na hainmni\u00fach\u00e1in inniu. T\u00e1 cl\u00e1ir de chuid an chain\u00e9il Gaeilge ainmnithe do 13 ghradam. T\u00e1 11 ainmni\u00fach\u00e1n faighte ag\u00a0Arracht\u00a0agus t\u00e1 2 ainmni\u00fach\u00e1n faighte ag\u00a0Finky\u00a0do Ghradaim IFTA 2020. Scann\u00e1in \u00f3\u00a0Cine4\u00a0iad\u00a0Arracht\u00a0agus\u00a0Finky, tionscnamh, i gcomhar idir TG4, F\u00eds \u00c9ireann [&hellip;]\" \/>\n<meta property=\"og:url\" content=\"https:\/\/dev.tg4.ie\/ga\/eolas\/preas\/nuacht-raitis\/2020-2\/13-ainmniuchan-faighte-ag-tg4-do-ghradaim-ifta-2020\/\" \/>\n<meta property=\"og:site_name\" content=\"TG4\" \/>\n<meta property=\"article:publisher\" content=\"https:\/\/www.facebook.com\/TG4TV\" \/>\n<meta property=\"og:image\" content=\"https:\/\/tg4-docs.s3.amazonaws.com\/tg4-redesign-2015\/wp-content\/uploads\/2020\/07\/Arracht_Finky_1_1920x1080.jpg\" \/>\n\t<meta property=\"og:image:width\" content=\"1920\" \/>\n\t<meta property=\"og:image:height\" content=\"1080\" \/>\n\t<meta property=\"og:image:type\" content=\"image\/jpeg\" \/>\n<meta name=\"twitter:card\" content=\"summary_large_image\" \/>\n<meta name=\"twitter:image\" content=\"https:\/\/tg4-docs.s3.amazonaws.com\/tg4-redesign-2015\/wp-content\/uploads\/2020\/07\/Arracht_Finky_1_1920x1080.jpg\" \/>\n<meta name=\"twitter:site\" content=\"@TG4TV\" \/>\n<meta name=\"twitter:label1\" content=\"Est. reading time\" \/>\n\t<meta name=\"twitter:data1\" content=\"4 minutes\" \/>\n<script type=\"application\/ld+json\" class=\"yoast-schema-graph\">{\"@context\":\"https:\/\/schema.org\",\"@graph\":[{\"@type\":\"WebPage\",\"@id\":\"https:\/\/dev.tg4.ie\/ga\/eolas\/preas\/nuacht-raitis\/2020-2\/13-ainmniuchan-faighte-ag-tg4-do-ghradaim-ifta-2020\/\",\"url\":\"https:\/\/dev.tg4.ie\/ga\/eolas\/preas\/nuacht-raitis\/2020-2\/13-ainmniuchan-faighte-ag-tg4-do-ghradaim-ifta-2020\/\",\"name\":\"13 Ainmni\u00fach\u00e1n faighte ag TG4 do Ghradaim IFTA 2020 | Preas R\u00e1iteas | TG4\",\"isPartOf\":{\"@id\":\"https:\/\/dev.tg4.ie\/en\/#website\"},\"primaryImageOfPage\":{\"@id\":\"https:\/\/dev.tg4.ie\/ga\/eolas\/preas\/nuacht-raitis\/2020-2\/13-ainmniuchan-faighte-ag-tg4-do-ghradaim-ifta-2020\/#primaryimage\"},\"image\":{\"@id\":\"https:\/\/dev.tg4.ie\/ga\/eolas\/preas\/nuacht-raitis\/2020-2\/13-ainmniuchan-faighte-ag-tg4-do-ghradaim-ifta-2020\/#primaryimage\"},\"thumbnailUrl\":\"https:\/\/dev.tg4.ie\/wp-content\/uploads\/2020\/07\/Arracht_Finky_1_1920x1080.jpg\",\"datePublished\":\"2020-07-14T15:33:29+00:00\",\"dateModified\":\"2020-07-14T15:33:29+00:00\",\"breadcrumb\":{\"@id\":\"https:\/\/dev.tg4.ie\/ga\/eolas\/preas\/nuacht-raitis\/2020-2\/13-ainmniuchan-faighte-ag-tg4-do-ghradaim-ifta-2020\/#breadcrumb\"},\"inLanguage\":\"ga\",\"potentialAction\":[{\"@type\":\"ReadAction\",\"target\":[\"https:\/\/dev.tg4.ie\/ga\/eolas\/preas\/nuacht-raitis\/2020-2\/13-ainmniuchan-faighte-ag-tg4-do-ghradaim-ifta-2020\/\"]}]},{\"@type\":\"ImageObject\",\"inLanguage\":\"ga\",\"@id\":\"https:\/\/dev.tg4.ie\/ga\/eolas\/preas\/nuacht-raitis\/2020-2\/13-ainmniuchan-faighte-ag-tg4-do-ghradaim-ifta-2020\/#primaryimage\",\"url\":\"https:\/\/dev.tg4.ie\/wp-content\/uploads\/2020\/07\/Arracht_Finky_1_1920x1080.jpg\",\"contentUrl\":\"https:\/\/dev.tg4.ie\/wp-content\/uploads\/2020\/07\/Arracht_Finky_1_1920x1080.jpg\"},{\"@type\":\"BreadcrumbList\",\"@id\":\"https:\/\/dev.tg4.ie\/ga\/eolas\/preas\/nuacht-raitis\/2020-2\/13-ainmniuchan-faighte-ag-tg4-do-ghradaim-ifta-2020\/#breadcrumb\",\"itemListElement\":[{\"@type\":\"ListItem\",\"position\":1,\"name\":\"Home\",\"item\":\"https:\/\/dev.tg4.ie\/ga\/\"},{\"@type\":\"ListItem\",\"position\":2,\"name\":\"Eolas\",\"item\":\"https:\/\/dev.tg4.ie\/ga\/eolas\/\"},{\"@type\":\"ListItem\",\"position\":3,\"name\":\"Preas\",\"item\":\"https:\/\/dev.tg4.ie\/ga\/eolas\/preas\/\"},{\"@type\":\"ListItem\",\"position\":4,\"name\":\"Nuacht R\u00e1itis\",\"item\":\"https:\/\/dev.tg4.ie\/ga\/eolas\/preas\/nuacht-raitis\/\"},{\"@type\":\"ListItem\",\"position\":5,\"name\":\"2020\",\"item\":\"https:\/\/dev.tg4.ie\/ga\/eolas\/preas\/nuacht-raitis\/2020-2\/\"},{\"@type\":\"ListItem\",\"position\":6,\"name\":\"13 Ainmni\u00fach\u00e1n faighte ag TG4 do Ghradaim IFTA 2020\"}]},{\"@type\":\"WebSite\",\"@id\":\"https:\/\/dev.tg4.ie\/en\/#website\",\"url\":\"https:\/\/dev.tg4.ie\/en\/\",\"name\":\"TG4\",\"description\":\"S\u00fail Eile\",\"potentialAction\":[{\"@type\":\"SearchAction\",\"target\":{\"@type\":\"EntryPoint\",\"urlTemplate\":\"https:\/\/dev.tg4.ie\/en\/?s={search_term_string}\"},\"query-input\":\"required name=search_term_string\"}],\"inLanguage\":\"ga\"}]}<\/script>\n<!-- \/ Yoast SEO plugin. -->","yoast_head_json":{"title":"13 Ainmni\u00fach\u00e1n faighte ag TG4 do Ghradaim IFTA 2020 | Preas R\u00e1iteas | TG4","robots":{"index":"index","follow":"follow","max-snippet":"max-snippet:-1","max-image-preview":"max-image-preview:large","max-video-preview":"max-video-preview:-1"},"og_locale":"en_US","og_type":"article","og_title":"13 Ainmni\u00fach\u00e1n faighte ag TG4 do Ghradaim IFTA 2020 | Preas R\u00e1iteas | TG4","og_description":"&nbsp; Teistim\u00e9ireacht eile do d&#8217;ardchaighde\u00e1n TG4 cl\u00e1ir d\u00e1 chuid a bheith ainmnithe do Ghradaim IFTA na bliana seo. Foils\u00edodh na hainmni\u00fach\u00e1in inniu. T\u00e1 cl\u00e1ir de chuid an chain\u00e9il Gaeilge ainmnithe do 13 ghradam. T\u00e1 11 ainmni\u00fach\u00e1n faighte ag\u00a0Arracht\u00a0agus t\u00e1 2 ainmni\u00fach\u00e1n faighte ag\u00a0Finky\u00a0do Ghradaim IFTA 2020. Scann\u00e1in \u00f3\u00a0Cine4\u00a0iad\u00a0Arracht\u00a0agus\u00a0Finky, tionscnamh, i gcomhar idir TG4, F\u00eds \u00c9ireann [&hellip;]","og_url":"https:\/\/dev.tg4.ie\/ga\/eolas\/preas\/nuacht-raitis\/2020-2\/13-ainmniuchan-faighte-ag-tg4-do-ghradaim-ifta-2020\/","og_site_name":"TG4","article_publisher":"https:\/\/www.facebook.com\/TG4TV","og_image":[{"width":1920,"height":1080,"url":"https:\/\/tg4-docs.s3.amazonaws.com\/tg4-redesign-2015\/wp-content\/uploads\/2020\/07\/Arracht_Finky_1_1920x1080.jpg","type":"image\/jpeg"}],"twitter_card":"summary_large_image","twitter_image":"https:\/\/tg4-docs.s3.amazonaws.com\/tg4-redesign-2015\/wp-content\/uploads\/2020\/07\/Arracht_Finky_1_1920x1080.jpg","twitter_site":"@TG4TV","twitter_misc":{"Est. reading time":"4 minutes"},"schema":{"@context":"https:\/\/schema.org","@graph":[{"@type":"WebPage","@id":"https:\/\/dev.tg4.ie\/ga\/eolas\/preas\/nuacht-raitis\/2020-2\/13-ainmniuchan-faighte-ag-tg4-do-ghradaim-ifta-2020\/","url":"https:\/\/dev.tg4.ie\/ga\/eolas\/preas\/nuacht-raitis\/2020-2\/13-ainmniuchan-faighte-ag-tg4-do-ghradaim-ifta-2020\/","name":"13 Ainmni\u00fach\u00e1n faighte ag TG4 do Ghradaim IFTA 2020 | Preas R\u00e1iteas | TG4","isPartOf":{"@id":"https:\/\/dev.tg4.ie\/en\/#website"},"primaryImageOfPage":{"@id":"https:\/\/dev.tg4.ie\/ga\/eolas\/preas\/nuacht-raitis\/2020-2\/13-ainmniuchan-faighte-ag-tg4-do-ghradaim-ifta-2020\/#primaryimage"},"image":{"@id":"https:\/\/dev.tg4.ie\/ga\/eolas\/preas\/nuacht-raitis\/2020-2\/13-ainmniuchan-faighte-ag-tg4-do-ghradaim-ifta-2020\/#primaryimage"},"thumbnailUrl":"https:\/\/dev.tg4.ie\/wp-content\/uploads\/2020\/07\/Arracht_Finky_1_1920x1080.jpg","datePublished":"2020-07-14T15:33:29+00:00","dateModified":"2020-07-14T15:33:29+00:00","breadcrumb":{"@id":"https:\/\/dev.tg4.ie\/ga\/eolas\/preas\/nuacht-raitis\/2020-2\/13-ainmniuchan-faighte-ag-tg4-do-ghradaim-ifta-2020\/#breadcrumb"},"inLanguage":"ga","potentialAction":[{"@type":"ReadAction","target":["https:\/\/dev.tg4.ie\/ga\/eolas\/preas\/nuacht-raitis\/2020-2\/13-ainmniuchan-faighte-ag-tg4-do-ghradaim-ifta-2020\/"]}]},{"@type":"ImageObject","inLanguage":"ga","@id":"https:\/\/dev.tg4.ie\/ga\/eolas\/preas\/nuacht-raitis\/2020-2\/13-ainmniuchan-faighte-ag-tg4-do-ghradaim-ifta-2020\/#primaryimage","url":"https:\/\/dev.tg4.ie\/wp-content\/uploads\/2020\/07\/Arracht_Finky_1_1920x1080.jpg","contentUrl":"https:\/\/dev.tg4.ie\/wp-content\/uploads\/2020\/07\/Arracht_Finky_1_1920x1080.jpg"},{"@type":"BreadcrumbList","@id":"https:\/\/dev.tg4.ie\/ga\/eolas\/preas\/nuacht-raitis\/2020-2\/13-ainmniuchan-faighte-ag-tg4-do-ghradaim-ifta-2020\/#breadcrumb","itemListElement":[{"@type":"ListItem","position":1,"name":"Home","item":"https:\/\/dev.tg4.ie\/ga\/"},{"@type":"ListItem","position":2,"name":"Eolas","item":"https:\/\/dev.tg4.ie\/ga\/eolas\/"},{"@type":"ListItem","position":3,"name":"Preas","item":"https:\/\/dev.tg4.ie\/ga\/eolas\/preas\/"},{"@type":"ListItem","position":4,"name":"Nuacht R\u00e1itis","item":"https:\/\/dev.tg4.ie\/ga\/eolas\/preas\/nuacht-raitis\/"},{"@type":"ListItem","position":5,"name":"2020","item":"https:\/\/dev.tg4.ie\/ga\/eolas\/preas\/nuacht-raitis\/2020-2\/"},{"@type":"ListItem","position":6,"name":"13 Ainmni\u00fach\u00e1n faighte ag TG4 do Ghradaim IFTA 2020"}]},{"@type":"WebSite","@id":"https:\/\/dev.tg4.ie\/en\/#website","url":"https:\/\/dev.tg4.ie\/en\/","name":"TG4","description":"S\u00fail Eile","potentialAction":[{"@type":"SearchAction","target":{"@type":"EntryPoint","urlTemplate":"https:\/\/dev.tg4.ie\/en\/?s={search_term_string}"},"query-input":"required name=search_term_string"}],"inLanguage":"ga"}]}},"_links":{"self":[{"href":"https:\/\/dev.tg4.ie\/ga\/wp-json\/wp\/v2\/pages\/113521"}],"collection":[{"href":"https:\/\/dev.tg4.ie\/ga\/wp-json\/wp\/v2\/pages"}],"about":[{"href":"https:\/\/dev.tg4.ie\/ga\/wp-json\/wp\/v2\/types\/page"}],"author":[{"embeddable":true,"href":"https:\/\/dev.tg4.ie\/ga\/wp-json\/wp\/v2\/users\/876"}],"replies":[{"embeddable":true,"href":"https:\/\/dev.tg4.ie\/ga\/wp-json\/wp\/v2\/comments?post=113521"}],"version-history":[{"count":0,"href":"https:\/\/dev.tg4.ie\/ga\/wp-json\/wp\/v2\/pages\/113521\/revisions"}],"up":[{"embeddable":true,"href":"https:\/\/dev.tg4.ie\/ga\/wp-json\/wp\/v2\/pages\/111525"}],"wp:attachment":[{"href":"https:\/\/dev.tg4.ie\/ga\/wp-json\/wp\/v2\/media?parent=113521"}],"curies":[{"name":"wp","href":"https:\/\/api.w.org\/{rel}","templated":true}]}}