{"id":113617,"date":"2020-07-24T12:01:31","date_gmt":"2020-07-24T11:01:31","guid":{"rendered":"https:\/\/dev.tg4.ie\/?page_id=113617"},"modified":"2020-08-05T12:24:44","modified_gmt":"2020-08-05T11:24:44","slug":"fleadh2020","status":"publish","type":"page","link":"https:\/\/dev.tg4.ie\/ga\/eolas\/preas\/nuacht-raitis\/2020-2\/fleadh2020\/","title":{"rendered":"Fleadh 2020 | Lean leis an gceol"},"content":{"rendered":"<p><img loading=\"lazy\" decoding=\"async\" width=\"1920\" height=\"1080\" src=\"https:\/\/tg4-docs.s3.amazonaws.com\/tg4-redesign-2015\/wp-content\/uploads\/2020\/07\/Fleadh2020_2_1920x1080.jpg\" alt=\"\" class=\"alignright size-full wp-image-113546\" srcset=\"https:\/\/tg4-docs.s3.amazonaws.com\/tg4-redesign-2015\/wp-content\/uploads\/2020\/07\/Fleadh2020_2_1920x1080.jpg 1920w, https:\/\/tg4-docs.s3.amazonaws.com\/tg4-redesign-2015\/wp-content\/uploads\/2020\/07\/Fleadh2020_2_1920x1080-250x141.jpg 250w, https:\/\/tg4-docs.s3.amazonaws.com\/tg4-redesign-2015\/wp-content\/uploads\/2020\/07\/Fleadh2020_2_1920x1080-700x394.jpg 700w, https:\/\/tg4-docs.s3.amazonaws.com\/tg4-redesign-2015\/wp-content\/uploads\/2020\/07\/Fleadh2020_2_1920x1080-252x141.jpg 252w, https:\/\/tg4-docs.s3.amazonaws.com\/tg4-redesign-2015\/wp-content\/uploads\/2020\/07\/Fleadh2020_2_1920x1080-1536x864.jpg 1536w, https:\/\/tg4-docs.s3.amazonaws.com\/tg4-redesign-2015\/wp-content\/uploads\/2020\/07\/Fleadh2020_2_1920x1080-120x68.jpg 120w\" sizes=\"(max-width: 1920px) 100vw, 1920px\" \/><br \/>\n&nbsp;<br \/>\nIs \u00ed Fleadh Cheoil na h\u00c9ireann an ceili\u00faradh is m\u00f3 a dh\u00e9antar ar domhan ar cheol, amhr\u00e1in agus damhsa na h\u00c9ireann agus ar an nGaeilge. Bh\u00ed bliain mh\u00f3r i nd\u00e1n don Mhuileann gCearr, bliain ar tugadh an &#8216;Filleadh Abhaile&#8217; uirthi. Bh\u00ed Fleadh na bliana 2020 in ainm is filleadh ar an \u00e1it ar cuireadh t\u00fas l\u00e9i an ch\u00e9ad l\u00e1 riamh in 1951. Ach mar gheall ar COVID-19 \u00e1fach, cuireadh an t-imeacht seo ar ceal den ch\u00e9ad uair \u00f3 cuireadh t\u00fas leis 70 bliain \u00f3 shin. Ach mar a deir an seanfhocal, n\u00edor dh\u00fan Dia aon doras riamh n\u00e1r oscail s\u00e9 ceann eile: F\u00e1ilte chuig <strong>Fleadh2020<\/strong>!<\/p>\n<p>Sraith cl\u00e1racha at\u00e1 i gceist le <strong>Fleadh 2020<\/strong> agus d\u00e9antar iad a chraoladh 4 o\u00edche as a ch\u00e9ile idir an 6 agus 9 L\u00fanasa ar TG4 ag 9.30pm. <a href=\"https:\/\/youtu.be\/bxGSsydZnjk\" target=\"_New\" rel=\"noopener noreferrer\">Blaiseadh do Fleadh2020<\/a>. Craolfar na cl\u00e1racha sin as an Muileann gCearr, an baile a raibh Fleadh Cheoil na bliana seo in ainm is a bheith ar si\u00fal. Cuirfear siamsa\u00edocht den scoth ar f\u00e1il do na c\u00e9adta m\u00edle a bh\u00ed ceaptha a bheith sa Mhuileann gCearr i m\u00ed L\u00fanasa sna 4 chl\u00e1r a bheidh 90 n\u00f3im\u00e9ad an ceann ar fhad.<\/p>\n<p>Beidh teacht ag an lucht f\u00e9achana \u00f3 ar fud an domhain ar <strong>Fleadh2020<\/strong> chomh maith leis an tsraith ar leith cl\u00e1racha seo, sraith a mbeidh an tsiamsa\u00edocht agus uilechuimsitheacht ag a cro\u00edl\u00e1r. C\u00e9 go bhfuiltear leis na cl\u00e1racha seo a chur i l\u00e1thair ar bhealach nua, agus go mbeidh teacht ar na cl\u00e1racha ar l\u00edne, beidh gach ceann de na cl\u00e1racha sin fr\u00e9amhaithe i dtraidisi\u00fain na h\u00f3c\u00e1ide. <\/p>\n<p>Beidh ceolt\u00f3ir\u00ed as gach cearn agus \u00f3n Diasp\u00f3ra ag ceol ar shraith TG4. \u00c1ir\u00edtear orthu sin, Beoga, Mick Flannery &#038; Susan O\u2019Neill, Steve Cooney, Seamus Begley agus a mhuintir, Liz agus Yvonne Kane &#038; an damhs\u00f3ir Nathan Pilatske, Matt Molloy agus John Carty, S\u00ed Fiddlers- Fidl\u00e9ir\u00ed mn\u00e1 as D\u00fan na nGall ina measc Mair\u00e9ad N\u00ed Mhaonaigh, buaiteoir\u00ed na h\u00c9ireann 2018 &#8211; Blackwater C\u00e9il\u00ed Band, muintir Glackin lena n-\u00e1ir\u00edtear an l\u00e1ithreoir Doireann, Four Men and a Dog, Eamonn MacDonncha &#038; a mhuintir, David Geaney, Ryan Molloy agus Fergal Scahill, muintir Droney, Aedmar  O\u2019Connor, curaidh faoi 18 na bliana anuraidh Crossfields C\u00e9il\u00ed Band, Reelig, Attracta Brady agus cairde, buaiteoir faoi 12 ar an bhfidil 2019 Laoise N\u00ed Chinn\u00e9ide, Aoife Cunningham-Damaris Woods-Jack Fitzpatrick agus a dteagasc\u00f3ir Kieran Hanrahan, Muintir Fitzgibbon as Luimneach, Bofield CCE, an cumad\u00f3ir Michael Rooney agus neart eile. <\/p>\n<p>Taispe\u00e1nfar m\u00edreanna de cheolt\u00f3ir\u00ed eile \u00f3 ar fud an domhain i rith na gceithre cl\u00e1r chomh maith.  I measc na m\u00edreanna sin beidh seisi\u00fan le ceolt\u00f3ir\u00ed as \u00c9irinn at\u00e1 lonnaithe thall in Brisbane, Frankie McCormick i Nua-Eabhrac chomh maith le Frank McArdle agus Craobh na Irish Minstrels i nGlasch\u00fa agus beidh banna c\u00e9il\u00ed arb as an tSeap\u00e1in na ceolt\u00f3ir\u00ed go l\u00e9ir ag casadh ceoil d\u00fainn as T\u00f3iceo. <\/p>\n<p>Beidh m\u00edr mhachnamhach ar an gcl\u00e1r gach o\u00edche arna cur i l\u00e1thair ag Kieran Hanrahan, agus d\u00e9anfaidh pain\u00e9al daoine difri\u00fala an t\u00e1bhacht agus an bhr\u00ed a bhaineann leis an bhFleadh do gach r\u00e9igi\u00fan a phl\u00e9. Leagfaidh na pl\u00e9it\u00ed sin b\u00e9im ar an tionchar at\u00e1 ag an bhFleadh ar phobal \u00e1iti\u00fail agus n\u00edos leithne na Fleaidhe. <\/p>\n<p>Craolfar <strong>Fleadh2020<\/strong> ceithre o\u00edche as a ch\u00e9ile idir an 6 agus an 9 L\u00fanasa ag 9.30pm ar TG4 agus is iad Doireann N\u00ed Ghlac\u00e1in, D\u00e1ith\u00ed \u00d3 S\u00e9 agus Kieran Hanrahan \u00f3 C\u00e9il\u00ed House a chuirfidh na cl\u00e1racha i l\u00e1thair.<\/p>\n<p>Power Pictures Ltd. a bheidh i mbun l\u00e9irithe ar an gcl\u00e1r seo do TG4.<br \/>\n&nbsp;<br \/>\n<img loading=\"lazy\" decoding=\"async\" width=\"1920\" height=\"1080\" src=\"https:\/\/tg4-docs.s3.amazonaws.com\/tg4-redesign-2015\/wp-content\/uploads\/2020\/07\/Fleadh2020_3_1920x1080.jpg\" alt=\"\" class=\"alignright size-full wp-image-113550\" srcset=\"https:\/\/tg4-docs.s3.amazonaws.com\/tg4-redesign-2015\/wp-content\/uploads\/2020\/07\/Fleadh2020_3_1920x1080.jpg 1920w, https:\/\/tg4-docs.s3.amazonaws.com\/tg4-redesign-2015\/wp-content\/uploads\/2020\/07\/Fleadh2020_3_1920x1080-250x141.jpg 250w, https:\/\/tg4-docs.s3.amazonaws.com\/tg4-redesign-2015\/wp-content\/uploads\/2020\/07\/Fleadh2020_3_1920x1080-700x394.jpg 700w, https:\/\/tg4-docs.s3.amazonaws.com\/tg4-redesign-2015\/wp-content\/uploads\/2020\/07\/Fleadh2020_3_1920x1080-252x141.jpg 252w, https:\/\/tg4-docs.s3.amazonaws.com\/tg4-redesign-2015\/wp-content\/uploads\/2020\/07\/Fleadh2020_3_1920x1080-1536x864.jpg 1536w, https:\/\/tg4-docs.s3.amazonaws.com\/tg4-redesign-2015\/wp-content\/uploads\/2020\/07\/Fleadh2020_3_1920x1080-120x68.jpg 120w\" sizes=\"(max-width: 1920px) 100vw, 1920px\" \/>&nbsp;<\/p>\n","protected":false},"excerpt":{"rendered":"<p>&nbsp; Is \u00ed Fleadh Cheoil na h\u00c9ireann an ceili\u00faradh is m\u00f3 a dh\u00e9antar ar domhan ar cheol, amhr\u00e1in agus damhsa na h\u00c9ireann agus ar an nGaeilge. Bh\u00ed bliain mh\u00f3r i nd\u00e1n don Mhuileann gCearr, bliain ar tugadh an &#8216;Filleadh Abhaile&#8217; uirthi. Bh\u00ed Fleadh na bliana 2020 in ainm is filleadh ar an \u00e1it ar cuireadh [&hellip;]<\/p>\n","protected":false},"author":4,"featured_media":0,"parent":111525,"menu_order":30,"comment_status":"closed","ping_status":"closed","template":"page-templates\/template-pr.php","meta":{"_acf_changed":false,"footnotes":""},"acf":[],"yoast_head":"<!-- This site is optimized with the Yoast SEO plugin v22.6 - https:\/\/yoast.com\/wordpress\/plugins\/seo\/ -->\n<title>Fleadh 2020 | Lean leis an gCeol | Preas R\u00e1iteas | TG4<\/title>\n<meta name=\"robots\" content=\"index, follow, max-snippet:-1, max-image-preview:large, max-video-preview:-1\" \/>\n<meta property=\"og:locale\" content=\"en_US\" \/>\n<meta property=\"og:type\" content=\"article\" \/>\n<meta property=\"og:title\" content=\"Fleadh 2020 | Lean leis an gCeol | Preas R\u00e1iteas | TG4\" \/>\n<meta property=\"og:description\" content=\"&nbsp; Is \u00ed Fleadh Cheoil na h\u00c9ireann an ceili\u00faradh is m\u00f3 a dh\u00e9antar ar domhan ar cheol, amhr\u00e1in agus damhsa na h\u00c9ireann agus ar an nGaeilge. Bh\u00ed bliain mh\u00f3r i nd\u00e1n don Mhuileann gCearr, bliain ar tugadh an &#8216;Filleadh Abhaile&#8217; uirthi. Bh\u00ed Fleadh na bliana 2020 in ainm is filleadh ar an \u00e1it ar cuireadh [&hellip;]\" \/>\n<meta property=\"og:url\" content=\"https:\/\/dev.tg4.ie\/ga\/eolas\/preas\/nuacht-raitis\/2020-2\/fleadh2020\/\" \/>\n<meta property=\"og:site_name\" content=\"TG4\" \/>\n<meta property=\"article:publisher\" content=\"https:\/\/www.facebook.com\/TG4TV\" \/>\n<meta property=\"article:modified_time\" content=\"2020-08-05T11:24:44+00:00\" \/>\n<meta property=\"og:image\" content=\"https:\/\/tg4-docs.s3.amazonaws.com\/tg4-redesign-2015\/wp-content\/uploads\/2020\/07\/Fleadh2020-Logo.jpg\" \/>\n\t<meta property=\"og:image:width\" content=\"1920\" \/>\n\t<meta property=\"og:image:height\" content=\"1080\" \/>\n\t<meta property=\"og:image:type\" content=\"image\/jpeg\" \/>\n<meta name=\"twitter:card\" content=\"summary_large_image\" \/>\n<meta name=\"twitter:image\" content=\"https:\/\/tg4-docs.s3.amazonaws.com\/tg4-redesign-2015\/wp-content\/uploads\/2020\/07\/Fleadh2020-Logo.jpg\" \/>\n<meta name=\"twitter:site\" content=\"@TG4TV\" \/>\n<meta name=\"twitter:label1\" content=\"Est. reading time\" \/>\n\t<meta name=\"twitter:data1\" content=\"3 minutes\" \/>\n<script type=\"application\/ld+json\" class=\"yoast-schema-graph\">{\"@context\":\"https:\/\/schema.org\",\"@graph\":[{\"@type\":\"WebPage\",\"@id\":\"https:\/\/dev.tg4.ie\/ga\/eolas\/preas\/nuacht-raitis\/2020-2\/fleadh2020\/\",\"url\":\"https:\/\/dev.tg4.ie\/ga\/eolas\/preas\/nuacht-raitis\/2020-2\/fleadh2020\/\",\"name\":\"Fleadh 2020 | Lean leis an gCeol | Preas R\u00e1iteas | TG4\",\"isPartOf\":{\"@id\":\"https:\/\/dev.tg4.ie\/en\/#website\"},\"primaryImageOfPage\":{\"@id\":\"https:\/\/dev.tg4.ie\/ga\/eolas\/preas\/nuacht-raitis\/2020-2\/fleadh2020\/#primaryimage\"},\"image\":{\"@id\":\"https:\/\/dev.tg4.ie\/ga\/eolas\/preas\/nuacht-raitis\/2020-2\/fleadh2020\/#primaryimage\"},\"thumbnailUrl\":\"https:\/\/dev.tg4.ie\/wp-content\/uploads\/2020\/07\/Fleadh2020_2_1920x1080.jpg\",\"datePublished\":\"2020-07-24T11:01:31+00:00\",\"dateModified\":\"2020-08-05T11:24:44+00:00\",\"breadcrumb\":{\"@id\":\"https:\/\/dev.tg4.ie\/ga\/eolas\/preas\/nuacht-raitis\/2020-2\/fleadh2020\/#breadcrumb\"},\"inLanguage\":\"ga\",\"potentialAction\":[{\"@type\":\"ReadAction\",\"target\":[\"https:\/\/dev.tg4.ie\/ga\/eolas\/preas\/nuacht-raitis\/2020-2\/fleadh2020\/\"]}]},{\"@type\":\"ImageObject\",\"inLanguage\":\"ga\",\"@id\":\"https:\/\/dev.tg4.ie\/ga\/eolas\/preas\/nuacht-raitis\/2020-2\/fleadh2020\/#primaryimage\",\"url\":\"https:\/\/dev.tg4.ie\/wp-content\/uploads\/2020\/07\/Fleadh2020_2_1920x1080.jpg\",\"contentUrl\":\"https:\/\/dev.tg4.ie\/wp-content\/uploads\/2020\/07\/Fleadh2020_2_1920x1080.jpg\"},{\"@type\":\"BreadcrumbList\",\"@id\":\"https:\/\/dev.tg4.ie\/ga\/eolas\/preas\/nuacht-raitis\/2020-2\/fleadh2020\/#breadcrumb\",\"itemListElement\":[{\"@type\":\"ListItem\",\"position\":1,\"name\":\"Home\",\"item\":\"https:\/\/dev.tg4.ie\/ga\/\"},{\"@type\":\"ListItem\",\"position\":2,\"name\":\"Eolas\",\"item\":\"https:\/\/dev.tg4.ie\/ga\/eolas\/\"},{\"@type\":\"ListItem\",\"position\":3,\"name\":\"Preas\",\"item\":\"https:\/\/dev.tg4.ie\/ga\/eolas\/preas\/\"},{\"@type\":\"ListItem\",\"position\":4,\"name\":\"Nuacht R\u00e1itis\",\"item\":\"https:\/\/dev.tg4.ie\/ga\/eolas\/preas\/nuacht-raitis\/\"},{\"@type\":\"ListItem\",\"position\":5,\"name\":\"2020\",\"item\":\"https:\/\/dev.tg4.ie\/ga\/eolas\/preas\/nuacht-raitis\/2020-2\/\"},{\"@type\":\"ListItem\",\"position\":6,\"name\":\"Fleadh 2020 | Lean leis an gceol\"}]},{\"@type\":\"WebSite\",\"@id\":\"https:\/\/dev.tg4.ie\/en\/#website\",\"url\":\"https:\/\/dev.tg4.ie\/en\/\",\"name\":\"TG4\",\"description\":\"S\u00fail Eile\",\"potentialAction\":[{\"@type\":\"SearchAction\",\"target\":{\"@type\":\"EntryPoint\",\"urlTemplate\":\"https:\/\/dev.tg4.ie\/en\/?s={search_term_string}\"},\"query-input\":\"required name=search_term_string\"}],\"inLanguage\":\"ga\"}]}<\/script>\n<!-- \/ Yoast SEO plugin. -->","yoast_head_json":{"title":"Fleadh 2020 | Lean leis an gCeol | Preas R\u00e1iteas | TG4","robots":{"index":"index","follow":"follow","max-snippet":"max-snippet:-1","max-image-preview":"max-image-preview:large","max-video-preview":"max-video-preview:-1"},"og_locale":"en_US","og_type":"article","og_title":"Fleadh 2020 | Lean leis an gCeol | Preas R\u00e1iteas | TG4","og_description":"&nbsp; Is \u00ed Fleadh Cheoil na h\u00c9ireann an ceili\u00faradh is m\u00f3 a dh\u00e9antar ar domhan ar cheol, amhr\u00e1in agus damhsa na h\u00c9ireann agus ar an nGaeilge. Bh\u00ed bliain mh\u00f3r i nd\u00e1n don Mhuileann gCearr, bliain ar tugadh an &#8216;Filleadh Abhaile&#8217; uirthi. Bh\u00ed Fleadh na bliana 2020 in ainm is filleadh ar an \u00e1it ar cuireadh [&hellip;]","og_url":"https:\/\/dev.tg4.ie\/ga\/eolas\/preas\/nuacht-raitis\/2020-2\/fleadh2020\/","og_site_name":"TG4","article_publisher":"https:\/\/www.facebook.com\/TG4TV","article_modified_time":"2020-08-05T11:24:44+00:00","og_image":[{"width":1920,"height":1080,"url":"https:\/\/tg4-docs.s3.amazonaws.com\/tg4-redesign-2015\/wp-content\/uploads\/2020\/07\/Fleadh2020-Logo.jpg","type":"image\/jpeg"}],"twitter_card":"summary_large_image","twitter_image":"https:\/\/tg4-docs.s3.amazonaws.com\/tg4-redesign-2015\/wp-content\/uploads\/2020\/07\/Fleadh2020-Logo.jpg","twitter_site":"@TG4TV","twitter_misc":{"Est. reading time":"3 minutes"},"schema":{"@context":"https:\/\/schema.org","@graph":[{"@type":"WebPage","@id":"https:\/\/dev.tg4.ie\/ga\/eolas\/preas\/nuacht-raitis\/2020-2\/fleadh2020\/","url":"https:\/\/dev.tg4.ie\/ga\/eolas\/preas\/nuacht-raitis\/2020-2\/fleadh2020\/","name":"Fleadh 2020 | Lean leis an gCeol | Preas R\u00e1iteas | TG4","isPartOf":{"@id":"https:\/\/dev.tg4.ie\/en\/#website"},"primaryImageOfPage":{"@id":"https:\/\/dev.tg4.ie\/ga\/eolas\/preas\/nuacht-raitis\/2020-2\/fleadh2020\/#primaryimage"},"image":{"@id":"https:\/\/dev.tg4.ie\/ga\/eolas\/preas\/nuacht-raitis\/2020-2\/fleadh2020\/#primaryimage"},"thumbnailUrl":"https:\/\/dev.tg4.ie\/wp-content\/uploads\/2020\/07\/Fleadh2020_2_1920x1080.jpg","datePublished":"2020-07-24T11:01:31+00:00","dateModified":"2020-08-05T11:24:44+00:00","breadcrumb":{"@id":"https:\/\/dev.tg4.ie\/ga\/eolas\/preas\/nuacht-raitis\/2020-2\/fleadh2020\/#breadcrumb"},"inLanguage":"ga","potentialAction":[{"@type":"ReadAction","target":["https:\/\/dev.tg4.ie\/ga\/eolas\/preas\/nuacht-raitis\/2020-2\/fleadh2020\/"]}]},{"@type":"ImageObject","inLanguage":"ga","@id":"https:\/\/dev.tg4.ie\/ga\/eolas\/preas\/nuacht-raitis\/2020-2\/fleadh2020\/#primaryimage","url":"https:\/\/dev.tg4.ie\/wp-content\/uploads\/2020\/07\/Fleadh2020_2_1920x1080.jpg","contentUrl":"https:\/\/dev.tg4.ie\/wp-content\/uploads\/2020\/07\/Fleadh2020_2_1920x1080.jpg"},{"@type":"BreadcrumbList","@id":"https:\/\/dev.tg4.ie\/ga\/eolas\/preas\/nuacht-raitis\/2020-2\/fleadh2020\/#breadcrumb","itemListElement":[{"@type":"ListItem","position":1,"name":"Home","item":"https:\/\/dev.tg4.ie\/ga\/"},{"@type":"ListItem","position":2,"name":"Eolas","item":"https:\/\/dev.tg4.ie\/ga\/eolas\/"},{"@type":"ListItem","position":3,"name":"Preas","item":"https:\/\/dev.tg4.ie\/ga\/eolas\/preas\/"},{"@type":"ListItem","position":4,"name":"Nuacht R\u00e1itis","item":"https:\/\/dev.tg4.ie\/ga\/eolas\/preas\/nuacht-raitis\/"},{"@type":"ListItem","position":5,"name":"2020","item":"https:\/\/dev.tg4.ie\/ga\/eolas\/preas\/nuacht-raitis\/2020-2\/"},{"@type":"ListItem","position":6,"name":"Fleadh 2020 | Lean leis an gceol"}]},{"@type":"WebSite","@id":"https:\/\/dev.tg4.ie\/en\/#website","url":"https:\/\/dev.tg4.ie\/en\/","name":"TG4","description":"S\u00fail Eile","potentialAction":[{"@type":"SearchAction","target":{"@type":"EntryPoint","urlTemplate":"https:\/\/dev.tg4.ie\/en\/?s={search_term_string}"},"query-input":"required name=search_term_string"}],"inLanguage":"ga"}]}},"_links":{"self":[{"href":"https:\/\/dev.tg4.ie\/ga\/wp-json\/wp\/v2\/pages\/113617"}],"collection":[{"href":"https:\/\/dev.tg4.ie\/ga\/wp-json\/wp\/v2\/pages"}],"about":[{"href":"https:\/\/dev.tg4.ie\/ga\/wp-json\/wp\/v2\/types\/page"}],"author":[{"embeddable":true,"href":"https:\/\/dev.tg4.ie\/ga\/wp-json\/wp\/v2\/users\/4"}],"replies":[{"embeddable":true,"href":"https:\/\/dev.tg4.ie\/ga\/wp-json\/wp\/v2\/comments?post=113617"}],"version-history":[{"count":0,"href":"https:\/\/dev.tg4.ie\/ga\/wp-json\/wp\/v2\/pages\/113617\/revisions"}],"up":[{"embeddable":true,"href":"https:\/\/dev.tg4.ie\/ga\/wp-json\/wp\/v2\/pages\/111525"}],"wp:attachment":[{"href":"https:\/\/dev.tg4.ie\/ga\/wp-json\/wp\/v2\/media?parent=113617"}],"curies":[{"name":"wp","href":"https:\/\/api.w.org\/{rel}","templated":true}]}}