{"id":113644,"date":"2020-07-30T15:25:06","date_gmt":"2020-07-30T14:25:06","guid":{"rendered":"https:\/\/dev.tg4.ie\/?page_id=113644"},"modified":"2020-08-05T12:27:01","modified_gmt":"2020-08-05T11:27:01","slug":"fleadh2020tg4","status":"publish","type":"page","link":"https:\/\/dev.tg4.ie\/ga\/eolas\/preas\/nuacht-raitis\/2020-2\/fleadh2020tg4\/","title":{"rendered":"Fleadh2020 | TG4 6-9 L\u00fanasa @ 9.30pm"},"content":{"rendered":"<p><img loading=\"lazy\" decoding=\"async\" width=\"1920\" height=\"1080\" src=\"https:\/\/tg4-docs.s3.amazonaws.com\/tg4-redesign-2015\/wp-content\/uploads\/2020\/07\/Fleadh2020-Logo.jpg\" alt=\"Fleadh 2020\" class=\"alignright size-full wp-image-113647\" srcset=\"https:\/\/tg4-docs.s3.amazonaws.com\/tg4-redesign-2015\/wp-content\/uploads\/2020\/07\/Fleadh2020-Logo.jpg 1920w, https:\/\/tg4-docs.s3.amazonaws.com\/tg4-redesign-2015\/wp-content\/uploads\/2020\/07\/Fleadh2020-Logo-250x141.jpg 250w, https:\/\/tg4-docs.s3.amazonaws.com\/tg4-redesign-2015\/wp-content\/uploads\/2020\/07\/Fleadh2020-Logo-700x394.jpg 700w, https:\/\/tg4-docs.s3.amazonaws.com\/tg4-redesign-2015\/wp-content\/uploads\/2020\/07\/Fleadh2020-Logo-252x141.jpg 252w, https:\/\/tg4-docs.s3.amazonaws.com\/tg4-redesign-2015\/wp-content\/uploads\/2020\/07\/Fleadh2020-Logo-1536x864.jpg 1536w, https:\/\/tg4-docs.s3.amazonaws.com\/tg4-redesign-2015\/wp-content\/uploads\/2020\/07\/Fleadh2020-Logo-120x68.jpg 120w\" sizes=\"(max-width: 1920px) 100vw, 1920px\" \/><\/p>\n<p>Lean leis an gceol. Craolfar <strong>Fleadh2020<\/strong> ar TG4 i gcomhph\u00e1irt\u00edocht le Comhaltas Ceolt\u00f3ir\u00ed \u00c9ireann, ina nd\u00e9anfar ceili\u00faradh thar 4 o\u00edche ar an bhFleadh Ceoil ar fud an domhain. Tiocfaidh ceolt\u00f3ir\u00ed traidisi\u00fanta na h\u00c9ireann \u00f3 gach cearn den domhan le ch\u00e9ile (iad deighilte \u00f3na ch\u00e9ile agus go f\u00edor\u00fail) do <strong>Fleadh2020<\/strong>, ceolt\u00f3ir\u00ed a bheadh ag teacht le ch\u00e9ile ag Fleadh Cheoil na h\u00c9ireann &#8211; chun &#8216;An Filleadh Abhaile&#8217; a cheili\u00faradh &#8211; sa Mhuileann gCearr i m\u00ed L\u00fanasa murach na c\u00fains\u00ed neamhghn\u00e1cha. Ar feadh na 4 o\u00edche \u00f3n 6 go dt\u00ed an 9 L\u00fanasa, tabharfaidh <strong>Fleadh2020<\/strong> tuiscint agus l\u00e9argas don lucht f\u00e9achana ar an imeacht bliant\u00fail seo &#8211; an ceol, na hamhr\u00e1in, an damhsa agus na sc\u00e9alta &#8211; agus tabharfar l\u00e9argas ar leith don lucht f\u00e9achana ar phobal na fleidhe, ar fud na h\u00c9ireann agus ar fud an domhain. \u00d3 Brisbane go Bun Cranncha, beidh idir sean agus \u00f3g, idir foghlaimeoir\u00ed agus na ceolt\u00f3ir\u00ed is m\u00f3 le r\u00e1 ag teacht le ch\u00e9ile chun fleadh a chur \u00f3s \u00e1r gcomhair nach bhfacthas riamh cheana.<\/p>\n<p>Is \u00e9ard a d\u00fairt an tAire Me\u00e1n, Turas\u00f3ireachta, Eala\u00edon, Cult\u00fair, Sp\u00f3irt agus Gaeltachta, Catherine Martin agus \u00ed ag caint faoi <strong>Fleadh2020<\/strong>, <em>&#8220;T\u00e1 an Fhleadh go smior i saoithi\u00falacht agus i gcult\u00far na h\u00c9ireann, agus leanann de bheith ag athr\u00fa agus ag forbairt de r\u00e9ir mar at\u00e1 an domhan m\u00f3rthimpeall ag athr\u00fa, cuireann s\u00ed an \u00e1illeacht a bhaineann le traidisi\u00fan, leis an nGaeilge, agus le craic agus ceol i gcuimhne d\u00fainn. T\u00e1im m\u00f3rtasach as tac\u00fa leis an l\u00e9iri\u00fach\u00e1n seo de chuid TG4 agus t\u00e1 s\u00fail agam go mbainfidh gach uile dhuine a fh\u00e9achann ar na cl\u00e1ir sult as an gcumhacht, as an nglaineacht agus as an l\u00e1ithreacht a bhaineann leis an bhfleadh agus \u00ed os comhair an t\u00edr agus n\u00edos faide i gc\u00e9in.&#8221;<\/em><\/p>\n<p>Is \u00ed Fleadh Cheoil na h\u00c9ireann, arna eagr\u00fa ag Comhaltas Ceolt\u00f3ir\u00ed \u00c9ireann, an ceili\u00faradh is m\u00f3 a dh\u00e9antar ar domhan ar cheol, amhr\u00e1in agus damhsa na h\u00c9ireann agus ar an nGaeilge. Is \u00e9ard a d\u00fairt Labhr\u00e1s \u00d3 Murch\u00fa Ardsti\u00farth\u00f3ir Chomhaltas Ceolt\u00f3ir\u00ed \u00c9ireann linn <em>\u201cT\u00e1 Fleadh Cheoil na h\u00c9ireann &#8211; a eagra\u00edonn Comhaltas Ceolt\u00f3ir\u00ed \u00c9ireann &#8211; i l\u00e1r chro\u00ed an chult\u00fair Ghaelaigh. Sna caogaid\u00ed nuair a bh\u00ed lag-mhisneach ar na daoine agus bh\u00ed na m\u00edlte ag imeacht as an t\u00edr do chabhraigh an Fhleadh chun spiorad an n\u00e1isi\u00fain a mh\u00fascailt agus a choth\u00fa. Is c\u00fais \u00e1thais d\u00fainn sa Chomhaltas anois gur fhreastal 750,000 duine ar Fhleadh 2019 agus do shol\u00e1thair s\u00ed \u20ac50m don r\u00e9igi\u00fan. Cuireann an Comhaltas seirbh\u00eds\u00ed ar f\u00e1il do 3m duine. Is m\u00f3r an chabhair d\u00fainn anois an taca\u00edocht a bh\u00edonn ar f\u00e1il \u00f3 TG4.\u201d<\/em><\/p>\n<p>D\u00fairt Ard-Sti\u00farth\u00f3ir TG4, Alan Esslemont, <em>\u201cCuireann TG4 cult\u00far na h\u00c9ireann i gcro\u00edl\u00e1r \u00e1r sceidil agus \u00e1r strait\u00e9ise agus t\u00e1 an-\u00e1thas orainn go mbeidh muid in ann \u2018Fleadh 2020\u2019 a chraoladh, in ainneoin na nd\u00fashl\u00e1n ar fad a bhaineann le Covid-19 i mbliana.  T\u00e1 m\u00e9 thar a bheith bu\u00edoch de na ceolt\u00f3ir\u00ed agus na heala\u00edont\u00f3ir\u00ed ar fad at\u00e1 ag glacadh p\u00e1irte ann, l\u00e9iri\u00fa soil\u00e9ir gur f\u00e9ile dhomhanda at\u00e1 sa Fhleadh Cheoil.  T\u00e1 an-rath ar an gcomhph\u00e1irt\u00edocht idir TG4 agus Comhaltas Ceolt\u00f3ir\u00ed \u00c9ireann agus, i gcomhar le ch\u00e9ile, ba mhaith linn an ceangal seo a l\u00e1idri\u00fa agus a leathn\u00fa sna blianta at\u00e1 romhainn.\u201d<\/em><\/p>\n<p>Tabharfaidh na l\u00e1ithreoir\u00ed <strong>D\u00e1ith\u00ed \u00d3 S\u00e9<\/strong>, <strong>Doireann N\u00ed Ghlac\u00e1in<\/strong> agus <strong>Kieran Hanrahan<\/strong> ar thuras go dt\u00ed c\u00faige difri\u00fail muid thar na 4 o\u00edche. Cuirfear t\u00fas leis an scl\u00e9ip i gC\u00faige Mumhan, rachfar ansin go dt\u00ed C\u00faige Chonnacht, as sin go C\u00faige Uladh agus ar deireadh go C\u00faige Laighean.<\/p>\n<p>I measc na buaicphoint\u00ed beidh:<\/p>\n<ul>\n<li>Ceili\u00faradh 30 bliain \u00f3 thosaigh Four Men and a Dog i saol cheol traidisi\u00fanta na h\u00c9ireann, cuireann siad f\u00e1ilte ar ais roimh Gerry \u2018Banjo\u2019 O\u2019Connor, Mick Daly agus Brian McGrath don \u00f3c\u00e1id mh\u00f3r speisialta seo.<\/li>\n<li>Seamus Begley agus Steve Cooney ag teacht le ch\u00e9ile ar\u00eds, an bheirt at\u00e1 l\u00e1n le d\u00edocas;<\/li>\n<li>S\u00e1rghr\u00fapa an cheoil thraidisi\u00fanta, Beoga; na ceolt\u00f3ir\u00ed iontacha Matt Molloy agus John Carty; Mick Flannery as Corcaigh i dteannta Susan O\u2019Neill; an t-amhr\u00e1na\u00ed agus scr\u00edbhneoir amhr\u00e1n Lisa O\u2019Neill; an cruitire agus cumad\u00f3ir at\u00e1 lonnaithe i Sligeach Micheal Rooney; an gr\u00fapa de 13 fhidl\u00e9ir mn\u00e1, S\u00ed Fiddlers, a bhfuil Mairead N\u00ed Mhaonaigh, Br\u00edd Harper agus Liz Doherty ina measc; ar an bhfidle agus ar an bpian\u00f3 Fergal Scahill agus Ryan Molloy;<\/li>\n<li>I measc na banna\u00ed c\u00e9il\u00ed beidh The Blackwater, The Moylurg, Crossfields agus an Toyota C\u00e9il\u00ed Band a rinne taifead speisialta do Fhleadh 2020;<\/li>\n<li>Teaghlaigh ceoil. I measc na dteaghlach ceoil beidh Paddy agus Kevin Glackin chomh maith le hin\u00edon Kevin, agus l\u00e1ithreoir na gcl\u00e1r, Doireann; na deirfi\u00faracha Kane, Liz agus Yvonne as Leitir Fraic, Co. na Gaillimhe in \u00e9ind\u00ed leis an damhs\u00f3ir Nathan Pilatzke; beidh Padraig McGovern (ar na p\u00edopa\u00ed) agus a bhean Sabina McCague (ar an gcruit); c\u00faigear dearth\u00e1ireacha agus deirfi\u00faracha as Cromadh i gCo. Luimnigh &#8211; muintir Fitzgibbon; beidh Seamus \u00d3 Flatharta agus a dheirfi\u00far Caoimhe N\u00ed Fhlatharta as Carna i gCo. na Gaillimhe, Aidan and \u00c1ine O\u2019Donnell; na Molloys as Doire agus muintir U\u00ed Fh\u00e1tharta as Mhaigh Cuilinn.<\/li>\n<li>D\u00e9anfar an obair fh\u00edorth\u00e1bhachtach at\u00e1 ar bun ag na m\u00fainteoir\u00ed ceoil, at\u00e1 ag tabhairt an traidisi\u00fan don ch\u00e9ad ghl\u00fain eile, a cheili\u00faradh le Kieran Hanrahan, Sti\u00farth\u00f3ir Scoil \u00c9igse agus le m\u00fainteoir\u00ed mar Damaris Woods, Enda Seery, Tom Doorley agus Attracta Brady;<\/li>\n<li>Is as an Muileann gCearr a chuirfidh Cathaoirleach na Fleidhe agus an seinnteoir bainse\u00f3 Joe Connaire f\u00e1ilte roimh ch\u00e1ch i dteannta a chuid cairde;<\/li>\n<li>Beidh ceolt\u00f3ir\u00ed \u00f3 ar fud an domhain in\u00e1r dteannta (go f\u00edor\u00fail) &#8211; as Albain go Nua-Eabhrac go Brisbane;<\/li>\n<li>Is \u00ed an Fhleadh an t-imeacht is m\u00f3 sa bhliain do go leor teaghlaigh, agus beidh an dream a bh\u00edonn ag obair go crua, gan sos gan sc\u00edth, chun go dtarl\u00f3idh an fleadh i dteannta Kieran Hanrahan gach o\u00edche, ag caitheamh s\u00fail siar ar mar a bh\u00ed agus ag d\u00e9anamh machnaimh ar an t\u00e1bhacht a bhaineann leis an imeacht seo &#8211; \u00f3 thaobh an chult\u00fair de agus \u00f3 thaobh an phobail de.<\/li>\n<\/ul>\n<p>Beidh an 4 chl\u00e1r ar f\u00e1il ar fud an domhain ar Sheinnteoir TG4 ag www.tg4.ie agus an scl\u00e9ip \u00e1 tabhairt ar fud an domhain againn.<\/p>\n<p>Chun p\u00e1irt a ghlacadh sa cheili\u00faradh, cuir f\u00edse\u00e1n de do cheili\u00faradh Fleadh f\u00e9in sa bhaile suas ar na Me\u00e1in Sh\u00f3isialta, ag \u00fas\u00e1id #Fleadh2020 &#8211; f\u00edse\u00e1n d\u00edot f\u00e9in agus port \u00e1 sheinm agat, inis d\u00fainn c\u00e9 th\u00fa f\u00e9in agus c\u00e1rb as duit.<\/p>\n<p>Is f\u00e9idir an f\u00edse\u00e1n a thaifead ar ghuth\u00e1n p\u00f3ca, ag baint \u00fas\u00e1id as fr\u00e1m\u00fa t\u00edrdhreacha (16:9) n\u00f3 portr\u00e1ide (9:16)<\/p>\n<p>Is f\u00e9idir leat \u00e9 sheoladh chugainn ar wetransfer chuig <a href=\"MAILTO:eolas@lorgmedia.com\">eolas@lorgmedia.com<\/a> le d&#8217;ainm, c\u00e1rb as duit. an gr\u00fapa traidisi\u00fanta\/Comhaltais a bhfuil t\u00fa i do bhall de, aon lorg\u00e1n\/clib eile ar mhaith leat a chur san \u00e1ireamh agus ainm an phoirt!<\/p>\n<p>Agus gan dabht, ba mhaith linn d\u00e1 nd\u00e9anfadh sibh \u00e9 a chur ar bhur gcain\u00e9il me\u00e1n s\u00f3isialta f\u00e9in tr\u00ed #Fleadh2020 a \u00fas\u00e1id.<\/p>\n<p><img loading=\"lazy\" decoding=\"async\" width=\"1920\" height=\"1080\" src=\"https:\/\/tg4-docs.s3.amazonaws.com\/tg4-redesign-2015\/wp-content\/uploads\/2020\/07\/Daithi-Doireann-2020.jpg\" alt=\"Fleadh 2020\" class=\"alignright size-full wp-image-113649\" srcset=\"https:\/\/tg4-docs.s3.amazonaws.com\/tg4-redesign-2015\/wp-content\/uploads\/2020\/07\/Daithi-Doireann-2020.jpg 1920w, https:\/\/tg4-docs.s3.amazonaws.com\/tg4-redesign-2015\/wp-content\/uploads\/2020\/07\/Daithi-Doireann-2020-250x141.jpg 250w, https:\/\/tg4-docs.s3.amazonaws.com\/tg4-redesign-2015\/wp-content\/uploads\/2020\/07\/Daithi-Doireann-2020-700x394.jpg 700w, https:\/\/tg4-docs.s3.amazonaws.com\/tg4-redesign-2015\/wp-content\/uploads\/2020\/07\/Daithi-Doireann-2020-252x141.jpg 252w, https:\/\/tg4-docs.s3.amazonaws.com\/tg4-redesign-2015\/wp-content\/uploads\/2020\/07\/Daithi-Doireann-2020-1536x864.jpg 1536w, https:\/\/tg4-docs.s3.amazonaws.com\/tg4-redesign-2015\/wp-content\/uploads\/2020\/07\/Daithi-Doireann-2020-120x68.jpg 120w\" sizes=\"(max-width: 1920px) 100vw, 1920px\" \/><\/p>\n","protected":false},"excerpt":{"rendered":"<p>Lean leis an gceol. Craolfar Fleadh2020 ar TG4 i gcomhph\u00e1irt\u00edocht le Comhaltas Ceolt\u00f3ir\u00ed \u00c9ireann, ina nd\u00e9anfar ceili\u00faradh thar 4 o\u00edche ar an bhFleadh Ceoil ar fud an domhain. Tiocfaidh ceolt\u00f3ir\u00ed traidisi\u00fanta na h\u00c9ireann \u00f3 gach cearn den domhan le ch\u00e9ile (iad deighilte \u00f3na ch\u00e9ile agus go f\u00edor\u00fail) do Fleadh2020, ceolt\u00f3ir\u00ed a bheadh ag teacht le [&hellip;]<\/p>\n","protected":false},"author":4,"featured_media":0,"parent":111525,"menu_order":31,"comment_status":"closed","ping_status":"closed","template":"page-templates\/template-pr.php","meta":{"_acf_changed":false,"footnotes":""},"acf":[],"yoast_head":"<!-- This site is optimized with the Yoast SEO plugin v22.6 - https:\/\/yoast.com\/wordpress\/plugins\/seo\/ -->\n<title>Fleadh2020 | TG4 6-9 L\u00fanasa @ 9.30pm | Preas R\u00e1iteas | TG4<\/title>\n<meta name=\"robots\" content=\"index, follow, max-snippet:-1, max-image-preview:large, max-video-preview:-1\" \/>\n<meta property=\"og:locale\" content=\"en_US\" \/>\n<meta property=\"og:type\" content=\"article\" \/>\n<meta property=\"og:title\" content=\"Fleadh2020 | TG4 6-9 L\u00fanasa @ 9.30pm | Preas R\u00e1iteas | TG4\" \/>\n<meta property=\"og:description\" content=\"Lean leis an gceol. Craolfar Fleadh2020 ar TG4 i gcomhph\u00e1irt\u00edocht le Comhaltas Ceolt\u00f3ir\u00ed \u00c9ireann, ina nd\u00e9anfar ceili\u00faradh thar 4 o\u00edche ar an bhFleadh Ceoil ar fud an domhain. Tiocfaidh ceolt\u00f3ir\u00ed traidisi\u00fanta na h\u00c9ireann \u00f3 gach cearn den domhan le ch\u00e9ile (iad deighilte \u00f3na ch\u00e9ile agus go f\u00edor\u00fail) do Fleadh2020, ceolt\u00f3ir\u00ed a bheadh ag teacht le [&hellip;]\" \/>\n<meta property=\"og:url\" content=\"https:\/\/dev.tg4.ie\/ga\/eolas\/preas\/nuacht-raitis\/2020-2\/fleadh2020tg4\/\" \/>\n<meta property=\"og:site_name\" content=\"TG4\" \/>\n<meta property=\"article:publisher\" content=\"https:\/\/www.facebook.com\/TG4TV\" \/>\n<meta property=\"article:modified_time\" content=\"2020-08-05T11:27:01+00:00\" \/>\n<meta property=\"og:image\" content=\"https:\/\/tg4-docs.s3.amazonaws.com\/tg4-redesign-2015\/wp-content\/uploads\/2020\/07\/Daithi-Doireann-2020.jpg\" \/>\n\t<meta property=\"og:image:width\" content=\"1920\" \/>\n\t<meta property=\"og:image:height\" content=\"1080\" \/>\n\t<meta property=\"og:image:type\" content=\"image\/jpeg\" \/>\n<meta name=\"twitter:card\" content=\"summary_large_image\" \/>\n<meta name=\"twitter:image\" content=\"https:\/\/tg4-docs.s3.amazonaws.com\/tg4-redesign-2015\/wp-content\/uploads\/2020\/07\/Daithi-Doireann-2020.jpg\" \/>\n<meta name=\"twitter:site\" content=\"@TG4TV\" \/>\n<meta name=\"twitter:label1\" content=\"Est. reading time\" \/>\n\t<meta name=\"twitter:data1\" content=\"7 minutes\" \/>\n<script type=\"application\/ld+json\" class=\"yoast-schema-graph\">{\"@context\":\"https:\/\/schema.org\",\"@graph\":[{\"@type\":\"WebPage\",\"@id\":\"https:\/\/dev.tg4.ie\/ga\/eolas\/preas\/nuacht-raitis\/2020-2\/fleadh2020tg4\/\",\"url\":\"https:\/\/dev.tg4.ie\/ga\/eolas\/preas\/nuacht-raitis\/2020-2\/fleadh2020tg4\/\",\"name\":\"Fleadh2020 | TG4 6-9 L\u00fanasa @ 9.30pm | Preas R\u00e1iteas | TG4\",\"isPartOf\":{\"@id\":\"https:\/\/dev.tg4.ie\/en\/#website\"},\"primaryImageOfPage\":{\"@id\":\"https:\/\/dev.tg4.ie\/ga\/eolas\/preas\/nuacht-raitis\/2020-2\/fleadh2020tg4\/#primaryimage\"},\"image\":{\"@id\":\"https:\/\/dev.tg4.ie\/ga\/eolas\/preas\/nuacht-raitis\/2020-2\/fleadh2020tg4\/#primaryimage\"},\"thumbnailUrl\":\"https:\/\/dev.tg4.ie\/wp-content\/uploads\/2020\/07\/Fleadh2020-Logo.jpg\",\"datePublished\":\"2020-07-30T14:25:06+00:00\",\"dateModified\":\"2020-08-05T11:27:01+00:00\",\"breadcrumb\":{\"@id\":\"https:\/\/dev.tg4.ie\/ga\/eolas\/preas\/nuacht-raitis\/2020-2\/fleadh2020tg4\/#breadcrumb\"},\"inLanguage\":\"ga\",\"potentialAction\":[{\"@type\":\"ReadAction\",\"target\":[\"https:\/\/dev.tg4.ie\/ga\/eolas\/preas\/nuacht-raitis\/2020-2\/fleadh2020tg4\/\"]}]},{\"@type\":\"ImageObject\",\"inLanguage\":\"ga\",\"@id\":\"https:\/\/dev.tg4.ie\/ga\/eolas\/preas\/nuacht-raitis\/2020-2\/fleadh2020tg4\/#primaryimage\",\"url\":\"https:\/\/dev.tg4.ie\/wp-content\/uploads\/2020\/07\/Fleadh2020-Logo.jpg\",\"contentUrl\":\"https:\/\/dev.tg4.ie\/wp-content\/uploads\/2020\/07\/Fleadh2020-Logo.jpg\"},{\"@type\":\"BreadcrumbList\",\"@id\":\"https:\/\/dev.tg4.ie\/ga\/eolas\/preas\/nuacht-raitis\/2020-2\/fleadh2020tg4\/#breadcrumb\",\"itemListElement\":[{\"@type\":\"ListItem\",\"position\":1,\"name\":\"Home\",\"item\":\"https:\/\/dev.tg4.ie\/ga\/\"},{\"@type\":\"ListItem\",\"position\":2,\"name\":\"Eolas\",\"item\":\"https:\/\/dev.tg4.ie\/ga\/eolas\/\"},{\"@type\":\"ListItem\",\"position\":3,\"name\":\"Preas\",\"item\":\"https:\/\/dev.tg4.ie\/ga\/eolas\/preas\/\"},{\"@type\":\"ListItem\",\"position\":4,\"name\":\"Nuacht R\u00e1itis\",\"item\":\"https:\/\/dev.tg4.ie\/ga\/eolas\/preas\/nuacht-raitis\/\"},{\"@type\":\"ListItem\",\"position\":5,\"name\":\"2020\",\"item\":\"https:\/\/dev.tg4.ie\/ga\/eolas\/preas\/nuacht-raitis\/2020-2\/\"},{\"@type\":\"ListItem\",\"position\":6,\"name\":\"Fleadh2020 | TG4 6-9 L\u00fanasa @ 9.30pm\"}]},{\"@type\":\"WebSite\",\"@id\":\"https:\/\/dev.tg4.ie\/en\/#website\",\"url\":\"https:\/\/dev.tg4.ie\/en\/\",\"name\":\"TG4\",\"description\":\"S\u00fail Eile\",\"potentialAction\":[{\"@type\":\"SearchAction\",\"target\":{\"@type\":\"EntryPoint\",\"urlTemplate\":\"https:\/\/dev.tg4.ie\/en\/?s={search_term_string}\"},\"query-input\":\"required name=search_term_string\"}],\"inLanguage\":\"ga\"}]}<\/script>\n<!-- \/ Yoast SEO plugin. -->","yoast_head_json":{"title":"Fleadh2020 | TG4 6-9 L\u00fanasa @ 9.30pm | Preas R\u00e1iteas | TG4","robots":{"index":"index","follow":"follow","max-snippet":"max-snippet:-1","max-image-preview":"max-image-preview:large","max-video-preview":"max-video-preview:-1"},"og_locale":"en_US","og_type":"article","og_title":"Fleadh2020 | TG4 6-9 L\u00fanasa @ 9.30pm | Preas R\u00e1iteas | TG4","og_description":"Lean leis an gceol. Craolfar Fleadh2020 ar TG4 i gcomhph\u00e1irt\u00edocht le Comhaltas Ceolt\u00f3ir\u00ed \u00c9ireann, ina nd\u00e9anfar ceili\u00faradh thar 4 o\u00edche ar an bhFleadh Ceoil ar fud an domhain. Tiocfaidh ceolt\u00f3ir\u00ed traidisi\u00fanta na h\u00c9ireann \u00f3 gach cearn den domhan le ch\u00e9ile (iad deighilte \u00f3na ch\u00e9ile agus go f\u00edor\u00fail) do Fleadh2020, ceolt\u00f3ir\u00ed a bheadh ag teacht le [&hellip;]","og_url":"https:\/\/dev.tg4.ie\/ga\/eolas\/preas\/nuacht-raitis\/2020-2\/fleadh2020tg4\/","og_site_name":"TG4","article_publisher":"https:\/\/www.facebook.com\/TG4TV","article_modified_time":"2020-08-05T11:27:01+00:00","og_image":[{"width":1920,"height":1080,"url":"https:\/\/tg4-docs.s3.amazonaws.com\/tg4-redesign-2015\/wp-content\/uploads\/2020\/07\/Daithi-Doireann-2020.jpg","type":"image\/jpeg"}],"twitter_card":"summary_large_image","twitter_image":"https:\/\/tg4-docs.s3.amazonaws.com\/tg4-redesign-2015\/wp-content\/uploads\/2020\/07\/Daithi-Doireann-2020.jpg","twitter_site":"@TG4TV","twitter_misc":{"Est. reading time":"7 minutes"},"schema":{"@context":"https:\/\/schema.org","@graph":[{"@type":"WebPage","@id":"https:\/\/dev.tg4.ie\/ga\/eolas\/preas\/nuacht-raitis\/2020-2\/fleadh2020tg4\/","url":"https:\/\/dev.tg4.ie\/ga\/eolas\/preas\/nuacht-raitis\/2020-2\/fleadh2020tg4\/","name":"Fleadh2020 | TG4 6-9 L\u00fanasa @ 9.30pm | Preas R\u00e1iteas | TG4","isPartOf":{"@id":"https:\/\/dev.tg4.ie\/en\/#website"},"primaryImageOfPage":{"@id":"https:\/\/dev.tg4.ie\/ga\/eolas\/preas\/nuacht-raitis\/2020-2\/fleadh2020tg4\/#primaryimage"},"image":{"@id":"https:\/\/dev.tg4.ie\/ga\/eolas\/preas\/nuacht-raitis\/2020-2\/fleadh2020tg4\/#primaryimage"},"thumbnailUrl":"https:\/\/dev.tg4.ie\/wp-content\/uploads\/2020\/07\/Fleadh2020-Logo.jpg","datePublished":"2020-07-30T14:25:06+00:00","dateModified":"2020-08-05T11:27:01+00:00","breadcrumb":{"@id":"https:\/\/dev.tg4.ie\/ga\/eolas\/preas\/nuacht-raitis\/2020-2\/fleadh2020tg4\/#breadcrumb"},"inLanguage":"ga","potentialAction":[{"@type":"ReadAction","target":["https:\/\/dev.tg4.ie\/ga\/eolas\/preas\/nuacht-raitis\/2020-2\/fleadh2020tg4\/"]}]},{"@type":"ImageObject","inLanguage":"ga","@id":"https:\/\/dev.tg4.ie\/ga\/eolas\/preas\/nuacht-raitis\/2020-2\/fleadh2020tg4\/#primaryimage","url":"https:\/\/dev.tg4.ie\/wp-content\/uploads\/2020\/07\/Fleadh2020-Logo.jpg","contentUrl":"https:\/\/dev.tg4.ie\/wp-content\/uploads\/2020\/07\/Fleadh2020-Logo.jpg"},{"@type":"BreadcrumbList","@id":"https:\/\/dev.tg4.ie\/ga\/eolas\/preas\/nuacht-raitis\/2020-2\/fleadh2020tg4\/#breadcrumb","itemListElement":[{"@type":"ListItem","position":1,"name":"Home","item":"https:\/\/dev.tg4.ie\/ga\/"},{"@type":"ListItem","position":2,"name":"Eolas","item":"https:\/\/dev.tg4.ie\/ga\/eolas\/"},{"@type":"ListItem","position":3,"name":"Preas","item":"https:\/\/dev.tg4.ie\/ga\/eolas\/preas\/"},{"@type":"ListItem","position":4,"name":"Nuacht R\u00e1itis","item":"https:\/\/dev.tg4.ie\/ga\/eolas\/preas\/nuacht-raitis\/"},{"@type":"ListItem","position":5,"name":"2020","item":"https:\/\/dev.tg4.ie\/ga\/eolas\/preas\/nuacht-raitis\/2020-2\/"},{"@type":"ListItem","position":6,"name":"Fleadh2020 | TG4 6-9 L\u00fanasa @ 9.30pm"}]},{"@type":"WebSite","@id":"https:\/\/dev.tg4.ie\/en\/#website","url":"https:\/\/dev.tg4.ie\/en\/","name":"TG4","description":"S\u00fail Eile","potentialAction":[{"@type":"SearchAction","target":{"@type":"EntryPoint","urlTemplate":"https:\/\/dev.tg4.ie\/en\/?s={search_term_string}"},"query-input":"required name=search_term_string"}],"inLanguage":"ga"}]}},"_links":{"self":[{"href":"https:\/\/dev.tg4.ie\/ga\/wp-json\/wp\/v2\/pages\/113644"}],"collection":[{"href":"https:\/\/dev.tg4.ie\/ga\/wp-json\/wp\/v2\/pages"}],"about":[{"href":"https:\/\/dev.tg4.ie\/ga\/wp-json\/wp\/v2\/types\/page"}],"author":[{"embeddable":true,"href":"https:\/\/dev.tg4.ie\/ga\/wp-json\/wp\/v2\/users\/4"}],"replies":[{"embeddable":true,"href":"https:\/\/dev.tg4.ie\/ga\/wp-json\/wp\/v2\/comments?post=113644"}],"version-history":[{"count":0,"href":"https:\/\/dev.tg4.ie\/ga\/wp-json\/wp\/v2\/pages\/113644\/revisions"}],"up":[{"embeddable":true,"href":"https:\/\/dev.tg4.ie\/ga\/wp-json\/wp\/v2\/pages\/111525"}],"wp:attachment":[{"href":"https:\/\/dev.tg4.ie\/ga\/wp-json\/wp\/v2\/media?parent=113644"}],"curies":[{"name":"wp","href":"https:\/\/api.w.org\/{rel}","templated":true}]}}