{"id":113727,"date":"2020-08-05T12:41:34","date_gmt":"2020-08-05T11:41:34","guid":{"rendered":"https:\/\/dev.tg4.ie\/?page_id=113727"},"modified":"2020-08-05T12:41:34","modified_gmt":"2020-08-05T11:41:34","slug":"corp-anam-ar-fail-ar-an-seirbhis-sooner-san-eoraip","status":"publish","type":"page","link":"https:\/\/dev.tg4.ie\/ga\/eolas\/preas\/nuacht-raitis\/2020-2\/corp-anam-ar-fail-ar-an-seirbhis-sooner-san-eoraip\/","title":{"rendered":"Corp + Anam ar f\u00e1il ar an seirbh\u00eds &#8216;SOONER&#8217; san Eoraip"},"content":{"rendered":"<p><a href=\"https:\/\/tg4-docs.s3.amazonaws.com\/tg4-redesign-2015\/wp-content\/uploads\/2020\/08\/Corp_agus_Anam_Sooner1_1920x1080.jpg\"><img loading=\"lazy\" decoding=\"async\" width=\"1920\" height=\"1080\" src=\"https:\/\/tg4-docs.s3.amazonaws.com\/tg4-redesign-2015\/wp-content\/uploads\/2020\/08\/Corp_agus_Anam_Sooner1_1920x1080.jpg\" alt=\"\" class=\"aligncenter size-full wp-image-113732\" srcset=\"https:\/\/tg4-docs.s3.amazonaws.com\/tg4-redesign-2015\/wp-content\/uploads\/2020\/08\/Corp_agus_Anam_Sooner1_1920x1080.jpg 1920w, https:\/\/tg4-docs.s3.amazonaws.com\/tg4-redesign-2015\/wp-content\/uploads\/2020\/08\/Corp_agus_Anam_Sooner1_1920x1080-250x141.jpg 250w, https:\/\/tg4-docs.s3.amazonaws.com\/tg4-redesign-2015\/wp-content\/uploads\/2020\/08\/Corp_agus_Anam_Sooner1_1920x1080-700x394.jpg 700w, https:\/\/tg4-docs.s3.amazonaws.com\/tg4-redesign-2015\/wp-content\/uploads\/2020\/08\/Corp_agus_Anam_Sooner1_1920x1080-252x141.jpg 252w, https:\/\/tg4-docs.s3.amazonaws.com\/tg4-redesign-2015\/wp-content\/uploads\/2020\/08\/Corp_agus_Anam_Sooner1_1920x1080-1536x864.jpg 1536w, https:\/\/tg4-docs.s3.amazonaws.com\/tg4-redesign-2015\/wp-content\/uploads\/2020\/08\/Corp_agus_Anam_Sooner1_1920x1080-120x68.jpg 120w\" sizes=\"(max-width: 1920px) 100vw, 1920px\" \/><\/a><br \/>\n&nbsp;<br \/>\nT\u00e1 sraith dr\u00e1ma\u00edochta Gaeilge &#8216;Corp + Anam&#8217; a l\u00e9irigh Magamedia do TG4, anois ar f\u00e1il ar \u2018SOONER\u2019, seirbh\u00eds sruthaithe f\u00edse, amhail Netflix, at\u00e1 ar f\u00e1il sa Ghearm\u00e1in, san Eilv\u00e9is agus san Ostair.<br \/>\n&nbsp;<br \/>\nSraith dr\u00e1ma\u00edochta \u00ed Corp + Anam nach nd\u00e9antar aon iarracht an fh\u00edrinne a cheilt inti agus a bhfuil an-rath uirthi. T\u00e1 Maria Doyle Kennedy (Dexter, The Tudors) agus Diarmuid de Faoite (P\u00e1draic) i measc na bpr\u00edomhaisteoir\u00ed sa tsraith. Is tuairisceoir \u00e9 Cathal Mac Iarn\u00e1in nach bhfuil s\u00e1sta mura bhfuil s\u00e9 ag obair, t\u00e1 fadhbanna sa bhaile aige ach is cos\u00fail nach bhfuil s\u00e9 ag iarraidh aghaidh a thabhairt orthu. T\u00e1 s\u00e9 go m\u00f3r ag iarraidh coirpigh a nochtadh agus aird an phobail a tharraingt ar thrag\u00f3id\u00ed an chine daonna agus \u00e9 ag iarraidh a mhuintir f\u00e9in a choinne\u00e1il \u00f3n aimhleas ag an am c\u00e9anna. Is \u00e9 Cathal fannla\u00edoch na sraithe Gaeilge seo.<br \/>\n&nbsp;<\/p>\n<p>T\u00e1 r\u00edm\u00e9ad ar an gcomhlacht l\u00e9iri\u00fach\u00e1in as \u00c9irinn Magamedia agus an d\u00e1ileoir as an mBreatain Videoplugger a fh\u00f3gairt go bhfuil Corp + Anam ina chuid den mhargadh at\u00e1 d\u00e9anta le ContentScope, agus go mbeidh an cl\u00e1r le sruth\u00fa ar a n-ard\u00e1n VoD sa Ghearm\u00e1in, san Ostair agus san Eilv\u00e9is.  Is ard\u00e1n VoD faoi \u00fain\u00e9ireacht Ghearm\u00e1nach-Fhrancach a seoladh ar an 29 I\u00fail agus a dh\u00edreoidh ar \u00e1bhar idirn\u00e1isi\u00fanta agus sin amh\u00e1in, i bhfoirm sraithe agus i bhfoirm aonair araon.<br \/>\n&nbsp;<\/p>\n<p>D\u00fairt Andreas Wildfang Pr\u00edomhsti\u00farth\u00f3ir Feidhmi\u00fach\u00e1in ContentScope GmbH: <em>&#8220;\u00c1bhar sraithe den chuid is m\u00f3 seachas scann\u00e1in aonair \u00e9 an t-\u00e1bhar d\u00fachais a bhaineann le SVOD, t\u00e1 an scann\u00e1n ioml\u00e1n 90-n\u00f3im\u00e9ad f\u00e1gtha againn go hansmacht\u00fail \u00f3 na 1920id\u00ed, n\u00edl ann ach n\u00e1r athraigh s\u00e9, feicimse gurb \u00e9 sin at\u00e1 chomh sp\u00e9isi\u00fail faoi shraitheanna. N\u00ed do scann\u00e1in shaineala\u00edne amh\u00e1in \u00e9 Sooner ach t\u00e1 sp\u00e9is againn chomh maith in \u00e1bhar at\u00e1 d\u00edrithe ag \u00fadar scann\u00e1n, agus is bre\u00e1 an sampla de sin \u00e9 &#8216;Corp + Anam&#8217;.&#8221;<\/em><br \/>\n&nbsp;<\/p>\n<p>D\u00fairt Paddy Hayes Pr\u00edomhfheidmeannach, Magamedia:<\/p>\n<p><em>&#8220;T\u00e1 r\u00edm\u00e9ad orm go mbeidh lucht sp\u00e9ise n\u00edos fairsinge sa Ghearm\u00e1in \u00e1balta f\u00e9achaint ar &#8216;Corp + Anam&#8217; &#8211; t\u00e1 n\u00edos m\u00f3 iriseoir\u00ed a bh\u00edonn i mbun feachtasa\u00edochta uainn anois n\u00e1 mar a bh\u00ed riamh &#8211; agus cinnteoidh an t\u00e9ama faoi cheartas s\u00f3isialta agus an chuma chomhaimseartha at\u00e1 ar an tsraith go gcoinneoidh lucht sp\u00e9ise orthu ag f\u00e9achaint air ar\u00eds agus ar\u00eds eile.&#8221;<\/em><br \/>\n&nbsp;<\/p>\n<p>D\u00fairt Emanuele Galloni, Pr\u00edomhfheidhmeannach Videoplugger:<\/p>\n<p><em>&#8220;T\u00e1 t\u00e1bhacht ar leith dom f\u00e9in ag baint le Corp + Anam \u00f3s rud \u00e9 gurb \u00e9 an ch\u00e9ad teideal m\u00f3r a thugamar ar bord linn \u00e9, agus n\u00edl stop ar bith leis ar fud na cruinne.&#8221;<\/em><br \/>\n&nbsp;<br \/>\n&nbsp;<br \/>\n<a href=\"https:\/\/tg4-docs.s3.amazonaws.com\/tg4-redesign-2015\/wp-content\/uploads\/2020\/08\/Corp_agus_Anam_Sooner2_1920x1080.jpg\"><img loading=\"lazy\" decoding=\"async\" width=\"1920\" height=\"1080\" src=\"https:\/\/tg4-docs.s3.amazonaws.com\/tg4-redesign-2015\/wp-content\/uploads\/2020\/08\/Corp_agus_Anam_Sooner2_1920x1080.jpg\" alt=\"\" class=\"aligncenter size-full wp-image-113734\" srcset=\"https:\/\/tg4-docs.s3.amazonaws.com\/tg4-redesign-2015\/wp-content\/uploads\/2020\/08\/Corp_agus_Anam_Sooner2_1920x1080.jpg 1920w, https:\/\/tg4-docs.s3.amazonaws.com\/tg4-redesign-2015\/wp-content\/uploads\/2020\/08\/Corp_agus_Anam_Sooner2_1920x1080-250x141.jpg 250w, https:\/\/tg4-docs.s3.amazonaws.com\/tg4-redesign-2015\/wp-content\/uploads\/2020\/08\/Corp_agus_Anam_Sooner2_1920x1080-700x394.jpg 700w, https:\/\/tg4-docs.s3.amazonaws.com\/tg4-redesign-2015\/wp-content\/uploads\/2020\/08\/Corp_agus_Anam_Sooner2_1920x1080-252x141.jpg 252w, https:\/\/tg4-docs.s3.amazonaws.com\/tg4-redesign-2015\/wp-content\/uploads\/2020\/08\/Corp_agus_Anam_Sooner2_1920x1080-1536x864.jpg 1536w, https:\/\/tg4-docs.s3.amazonaws.com\/tg4-redesign-2015\/wp-content\/uploads\/2020\/08\/Corp_agus_Anam_Sooner2_1920x1080-120x68.jpg 120w\" sizes=\"(max-width: 1920px) 100vw, 1920px\" \/><\/a><br \/>\n&nbsp;<\/p>\n","protected":false},"excerpt":{"rendered":"<p>&nbsp; T\u00e1 sraith dr\u00e1ma\u00edochta Gaeilge &#8216;Corp + Anam&#8217; a l\u00e9irigh Magamedia do TG4, anois ar f\u00e1il ar \u2018SOONER\u2019, seirbh\u00eds sruthaithe f\u00edse, amhail Netflix, at\u00e1 ar f\u00e1il sa Ghearm\u00e1in, san Eilv\u00e9is agus san Ostair. &nbsp; Sraith dr\u00e1ma\u00edochta \u00ed Corp + Anam nach nd\u00e9antar aon iarracht an fh\u00edrinne a cheilt inti agus a bhfuil an-rath uirthi. T\u00e1 [&hellip;]<\/p>\n","protected":false},"author":876,"featured_media":0,"parent":111525,"menu_order":32,"comment_status":"closed","ping_status":"closed","template":"page-templates\/template-pr.php","meta":{"_acf_changed":false,"footnotes":""},"acf":[],"yoast_head":"<!-- This site is optimized with the Yoast SEO plugin v22.6 - https:\/\/yoast.com\/wordpress\/plugins\/seo\/ -->\n<title>Corp + Anam ar f\u00e1il ar an seirbh\u00eds &#039;SOONER&#039; san Eoraip | Preas R\u00e1iteas | TG4<\/title>\n<meta name=\"robots\" content=\"index, follow, max-snippet:-1, max-image-preview:large, max-video-preview:-1\" \/>\n<meta property=\"og:locale\" content=\"en_US\" \/>\n<meta property=\"og:type\" content=\"article\" \/>\n<meta property=\"og:title\" content=\"Corp + Anam ar f\u00e1il ar an seirbh\u00eds &#039;SOONER&#039; san Eoraip | Preas R\u00e1iteas | TG4\" \/>\n<meta property=\"og:description\" content=\"&nbsp; T\u00e1 sraith dr\u00e1ma\u00edochta Gaeilge &#8216;Corp + Anam&#8217; a l\u00e9irigh Magamedia do TG4, anois ar f\u00e1il ar \u2018SOONER\u2019, seirbh\u00eds sruthaithe f\u00edse, amhail Netflix, at\u00e1 ar f\u00e1il sa Ghearm\u00e1in, san Eilv\u00e9is agus san Ostair. &nbsp; Sraith dr\u00e1ma\u00edochta \u00ed Corp + Anam nach nd\u00e9antar aon iarracht an fh\u00edrinne a cheilt inti agus a bhfuil an-rath uirthi. T\u00e1 [&hellip;]\" \/>\n<meta property=\"og:url\" content=\"https:\/\/dev.tg4.ie\/ga\/eolas\/preas\/nuacht-raitis\/2020-2\/corp-anam-ar-fail-ar-an-seirbhis-sooner-san-eoraip\/\" \/>\n<meta property=\"og:site_name\" content=\"TG4\" \/>\n<meta property=\"article:publisher\" content=\"https:\/\/www.facebook.com\/TG4TV\" \/>\n<meta property=\"og:image\" content=\"https:\/\/tg4-docs.s3.amazonaws.com\/tg4-redesign-2015\/wp-content\/uploads\/2020\/08\/Corp_agus_Anam_Sooner1_1920x1080.jpg\" \/>\n\t<meta property=\"og:image:width\" content=\"1920\" \/>\n\t<meta property=\"og:image:height\" content=\"1080\" \/>\n\t<meta property=\"og:image:type\" content=\"image\/jpeg\" \/>\n<meta name=\"twitter:card\" content=\"summary_large_image\" \/>\n<meta name=\"twitter:image\" content=\"https:\/\/tg4-docs.s3.amazonaws.com\/tg4-redesign-2015\/wp-content\/uploads\/2020\/08\/Corp_agus_Anam_Sooner1_1920x1080.jpg\" \/>\n<meta name=\"twitter:site\" content=\"@TG4TV\" \/>\n<meta name=\"twitter:label1\" content=\"Est. reading time\" \/>\n\t<meta name=\"twitter:data1\" content=\"2 minutes\" \/>\n<script type=\"application\/ld+json\" class=\"yoast-schema-graph\">{\"@context\":\"https:\/\/schema.org\",\"@graph\":[{\"@type\":\"WebPage\",\"@id\":\"https:\/\/dev.tg4.ie\/ga\/eolas\/preas\/nuacht-raitis\/2020-2\/corp-anam-ar-fail-ar-an-seirbhis-sooner-san-eoraip\/\",\"url\":\"https:\/\/dev.tg4.ie\/ga\/eolas\/preas\/nuacht-raitis\/2020-2\/corp-anam-ar-fail-ar-an-seirbhis-sooner-san-eoraip\/\",\"name\":\"Corp + Anam ar f\u00e1il ar an seirbh\u00eds 'SOONER' san Eoraip | Preas R\u00e1iteas | TG4\",\"isPartOf\":{\"@id\":\"https:\/\/dev.tg4.ie\/en\/#website\"},\"primaryImageOfPage\":{\"@id\":\"https:\/\/dev.tg4.ie\/ga\/eolas\/preas\/nuacht-raitis\/2020-2\/corp-anam-ar-fail-ar-an-seirbhis-sooner-san-eoraip\/#primaryimage\"},\"image\":{\"@id\":\"https:\/\/dev.tg4.ie\/ga\/eolas\/preas\/nuacht-raitis\/2020-2\/corp-anam-ar-fail-ar-an-seirbhis-sooner-san-eoraip\/#primaryimage\"},\"thumbnailUrl\":\"https:\/\/dev.tg4.ie\/wp-content\/uploads\/2020\/08\/Corp_agus_Anam_Sooner1_1920x1080.jpg\",\"datePublished\":\"2020-08-05T11:41:34+00:00\",\"dateModified\":\"2020-08-05T11:41:34+00:00\",\"breadcrumb\":{\"@id\":\"https:\/\/dev.tg4.ie\/ga\/eolas\/preas\/nuacht-raitis\/2020-2\/corp-anam-ar-fail-ar-an-seirbhis-sooner-san-eoraip\/#breadcrumb\"},\"inLanguage\":\"ga\",\"potentialAction\":[{\"@type\":\"ReadAction\",\"target\":[\"https:\/\/dev.tg4.ie\/ga\/eolas\/preas\/nuacht-raitis\/2020-2\/corp-anam-ar-fail-ar-an-seirbhis-sooner-san-eoraip\/\"]}]},{\"@type\":\"ImageObject\",\"inLanguage\":\"ga\",\"@id\":\"https:\/\/dev.tg4.ie\/ga\/eolas\/preas\/nuacht-raitis\/2020-2\/corp-anam-ar-fail-ar-an-seirbhis-sooner-san-eoraip\/#primaryimage\",\"url\":\"https:\/\/dev.tg4.ie\/wp-content\/uploads\/2020\/08\/Corp_agus_Anam_Sooner1_1920x1080.jpg\",\"contentUrl\":\"https:\/\/dev.tg4.ie\/wp-content\/uploads\/2020\/08\/Corp_agus_Anam_Sooner1_1920x1080.jpg\"},{\"@type\":\"BreadcrumbList\",\"@id\":\"https:\/\/dev.tg4.ie\/ga\/eolas\/preas\/nuacht-raitis\/2020-2\/corp-anam-ar-fail-ar-an-seirbhis-sooner-san-eoraip\/#breadcrumb\",\"itemListElement\":[{\"@type\":\"ListItem\",\"position\":1,\"name\":\"Home\",\"item\":\"https:\/\/dev.tg4.ie\/ga\/\"},{\"@type\":\"ListItem\",\"position\":2,\"name\":\"Eolas\",\"item\":\"https:\/\/dev.tg4.ie\/ga\/eolas\/\"},{\"@type\":\"ListItem\",\"position\":3,\"name\":\"Preas\",\"item\":\"https:\/\/dev.tg4.ie\/ga\/eolas\/preas\/\"},{\"@type\":\"ListItem\",\"position\":4,\"name\":\"Nuacht R\u00e1itis\",\"item\":\"https:\/\/dev.tg4.ie\/ga\/eolas\/preas\/nuacht-raitis\/\"},{\"@type\":\"ListItem\",\"position\":5,\"name\":\"2020\",\"item\":\"https:\/\/dev.tg4.ie\/ga\/eolas\/preas\/nuacht-raitis\/2020-2\/\"},{\"@type\":\"ListItem\",\"position\":6,\"name\":\"Corp + Anam ar f\u00e1il ar an seirbh\u00eds &#8216;SOONER&#8217; san Eoraip\"}]},{\"@type\":\"WebSite\",\"@id\":\"https:\/\/dev.tg4.ie\/en\/#website\",\"url\":\"https:\/\/dev.tg4.ie\/en\/\",\"name\":\"TG4\",\"description\":\"S\u00fail Eile\",\"potentialAction\":[{\"@type\":\"SearchAction\",\"target\":{\"@type\":\"EntryPoint\",\"urlTemplate\":\"https:\/\/dev.tg4.ie\/en\/?s={search_term_string}\"},\"query-input\":\"required name=search_term_string\"}],\"inLanguage\":\"ga\"}]}<\/script>\n<!-- \/ Yoast SEO plugin. -->","yoast_head_json":{"title":"Corp + Anam ar f\u00e1il ar an seirbh\u00eds 'SOONER' san Eoraip | Preas R\u00e1iteas | TG4","robots":{"index":"index","follow":"follow","max-snippet":"max-snippet:-1","max-image-preview":"max-image-preview:large","max-video-preview":"max-video-preview:-1"},"og_locale":"en_US","og_type":"article","og_title":"Corp + Anam ar f\u00e1il ar an seirbh\u00eds 'SOONER' san Eoraip | Preas R\u00e1iteas | TG4","og_description":"&nbsp; T\u00e1 sraith dr\u00e1ma\u00edochta Gaeilge &#8216;Corp + Anam&#8217; a l\u00e9irigh Magamedia do TG4, anois ar f\u00e1il ar \u2018SOONER\u2019, seirbh\u00eds sruthaithe f\u00edse, amhail Netflix, at\u00e1 ar f\u00e1il sa Ghearm\u00e1in, san Eilv\u00e9is agus san Ostair. &nbsp; Sraith dr\u00e1ma\u00edochta \u00ed Corp + Anam nach nd\u00e9antar aon iarracht an fh\u00edrinne a cheilt inti agus a bhfuil an-rath uirthi. T\u00e1 [&hellip;]","og_url":"https:\/\/dev.tg4.ie\/ga\/eolas\/preas\/nuacht-raitis\/2020-2\/corp-anam-ar-fail-ar-an-seirbhis-sooner-san-eoraip\/","og_site_name":"TG4","article_publisher":"https:\/\/www.facebook.com\/TG4TV","og_image":[{"width":1920,"height":1080,"url":"https:\/\/tg4-docs.s3.amazonaws.com\/tg4-redesign-2015\/wp-content\/uploads\/2020\/08\/Corp_agus_Anam_Sooner1_1920x1080.jpg","type":"image\/jpeg"}],"twitter_card":"summary_large_image","twitter_image":"https:\/\/tg4-docs.s3.amazonaws.com\/tg4-redesign-2015\/wp-content\/uploads\/2020\/08\/Corp_agus_Anam_Sooner1_1920x1080.jpg","twitter_site":"@TG4TV","twitter_misc":{"Est. reading time":"2 minutes"},"schema":{"@context":"https:\/\/schema.org","@graph":[{"@type":"WebPage","@id":"https:\/\/dev.tg4.ie\/ga\/eolas\/preas\/nuacht-raitis\/2020-2\/corp-anam-ar-fail-ar-an-seirbhis-sooner-san-eoraip\/","url":"https:\/\/dev.tg4.ie\/ga\/eolas\/preas\/nuacht-raitis\/2020-2\/corp-anam-ar-fail-ar-an-seirbhis-sooner-san-eoraip\/","name":"Corp + Anam ar f\u00e1il ar an seirbh\u00eds 'SOONER' san Eoraip | Preas R\u00e1iteas | TG4","isPartOf":{"@id":"https:\/\/dev.tg4.ie\/en\/#website"},"primaryImageOfPage":{"@id":"https:\/\/dev.tg4.ie\/ga\/eolas\/preas\/nuacht-raitis\/2020-2\/corp-anam-ar-fail-ar-an-seirbhis-sooner-san-eoraip\/#primaryimage"},"image":{"@id":"https:\/\/dev.tg4.ie\/ga\/eolas\/preas\/nuacht-raitis\/2020-2\/corp-anam-ar-fail-ar-an-seirbhis-sooner-san-eoraip\/#primaryimage"},"thumbnailUrl":"https:\/\/dev.tg4.ie\/wp-content\/uploads\/2020\/08\/Corp_agus_Anam_Sooner1_1920x1080.jpg","datePublished":"2020-08-05T11:41:34+00:00","dateModified":"2020-08-05T11:41:34+00:00","breadcrumb":{"@id":"https:\/\/dev.tg4.ie\/ga\/eolas\/preas\/nuacht-raitis\/2020-2\/corp-anam-ar-fail-ar-an-seirbhis-sooner-san-eoraip\/#breadcrumb"},"inLanguage":"ga","potentialAction":[{"@type":"ReadAction","target":["https:\/\/dev.tg4.ie\/ga\/eolas\/preas\/nuacht-raitis\/2020-2\/corp-anam-ar-fail-ar-an-seirbhis-sooner-san-eoraip\/"]}]},{"@type":"ImageObject","inLanguage":"ga","@id":"https:\/\/dev.tg4.ie\/ga\/eolas\/preas\/nuacht-raitis\/2020-2\/corp-anam-ar-fail-ar-an-seirbhis-sooner-san-eoraip\/#primaryimage","url":"https:\/\/dev.tg4.ie\/wp-content\/uploads\/2020\/08\/Corp_agus_Anam_Sooner1_1920x1080.jpg","contentUrl":"https:\/\/dev.tg4.ie\/wp-content\/uploads\/2020\/08\/Corp_agus_Anam_Sooner1_1920x1080.jpg"},{"@type":"BreadcrumbList","@id":"https:\/\/dev.tg4.ie\/ga\/eolas\/preas\/nuacht-raitis\/2020-2\/corp-anam-ar-fail-ar-an-seirbhis-sooner-san-eoraip\/#breadcrumb","itemListElement":[{"@type":"ListItem","position":1,"name":"Home","item":"https:\/\/dev.tg4.ie\/ga\/"},{"@type":"ListItem","position":2,"name":"Eolas","item":"https:\/\/dev.tg4.ie\/ga\/eolas\/"},{"@type":"ListItem","position":3,"name":"Preas","item":"https:\/\/dev.tg4.ie\/ga\/eolas\/preas\/"},{"@type":"ListItem","position":4,"name":"Nuacht R\u00e1itis","item":"https:\/\/dev.tg4.ie\/ga\/eolas\/preas\/nuacht-raitis\/"},{"@type":"ListItem","position":5,"name":"2020","item":"https:\/\/dev.tg4.ie\/ga\/eolas\/preas\/nuacht-raitis\/2020-2\/"},{"@type":"ListItem","position":6,"name":"Corp + Anam ar f\u00e1il ar an seirbh\u00eds &#8216;SOONER&#8217; san Eoraip"}]},{"@type":"WebSite","@id":"https:\/\/dev.tg4.ie\/en\/#website","url":"https:\/\/dev.tg4.ie\/en\/","name":"TG4","description":"S\u00fail Eile","potentialAction":[{"@type":"SearchAction","target":{"@type":"EntryPoint","urlTemplate":"https:\/\/dev.tg4.ie\/en\/?s={search_term_string}"},"query-input":"required name=search_term_string"}],"inLanguage":"ga"}]}},"_links":{"self":[{"href":"https:\/\/dev.tg4.ie\/ga\/wp-json\/wp\/v2\/pages\/113727"}],"collection":[{"href":"https:\/\/dev.tg4.ie\/ga\/wp-json\/wp\/v2\/pages"}],"about":[{"href":"https:\/\/dev.tg4.ie\/ga\/wp-json\/wp\/v2\/types\/page"}],"author":[{"embeddable":true,"href":"https:\/\/dev.tg4.ie\/ga\/wp-json\/wp\/v2\/users\/876"}],"replies":[{"embeddable":true,"href":"https:\/\/dev.tg4.ie\/ga\/wp-json\/wp\/v2\/comments?post=113727"}],"version-history":[{"count":0,"href":"https:\/\/dev.tg4.ie\/ga\/wp-json\/wp\/v2\/pages\/113727\/revisions"}],"up":[{"embeddable":true,"href":"https:\/\/dev.tg4.ie\/ga\/wp-json\/wp\/v2\/pages\/111525"}],"wp:attachment":[{"href":"https:\/\/dev.tg4.ie\/ga\/wp-json\/wp\/v2\/media?parent=113727"}],"curies":[{"name":"wp","href":"https:\/\/api.w.org\/{rel}","templated":true}]}}