{"id":113778,"date":"2020-08-10T12:27:06","date_gmt":"2020-08-10T11:27:06","guid":{"rendered":"https:\/\/dev.tg4.ie\/?page_id=113778"},"modified":"2020-08-10T12:27:06","modified_gmt":"2020-08-10T11:27:06","slug":"thainig-meadu-10-ar-sciar-feachana-tg4-le-linn-na-treimhse-dianghlasala","status":"publish","type":"page","link":"https:\/\/dev.tg4.ie\/ga\/eolas\/preas\/nuacht-raitis\/2020-2\/thainig-meadu-10-ar-sciar-feachana-tg4-le-linn-na-treimhse-dianghlasala\/","title":{"rendered":"Th\u00e1inig m\u00e9ad\u00fa 10% ar sciar f\u00e9achana TG4 le linn na tr\u00e9imhse dianghlas\u00e1la"},"content":{"rendered":"<p><a href=\"https:\/\/tg4-docs.s3.amazonaws.com\/tg4-redesign-2015\/wp-content\/uploads\/2020\/04\/Sli_na_mBeaglaoich_2_1920x1080.jpg\"><img loading=\"lazy\" decoding=\"async\" width=\"1920\" height=\"1080\" src=\"https:\/\/tg4-docs.s3.amazonaws.com\/tg4-redesign-2015\/wp-content\/uploads\/2020\/04\/Sli_na_mBeaglaoich_2_1920x1080.jpg\" alt=\"\" class=\"aligncenter size-full wp-image-112874\" srcset=\"https:\/\/tg4-docs.s3.amazonaws.com\/tg4-redesign-2015\/wp-content\/uploads\/2020\/04\/Sli_na_mBeaglaoich_2_1920x1080.jpg 1920w, https:\/\/tg4-docs.s3.amazonaws.com\/tg4-redesign-2015\/wp-content\/uploads\/2020\/04\/Sli_na_mBeaglaoich_2_1920x1080-250x141.jpg 250w, https:\/\/tg4-docs.s3.amazonaws.com\/tg4-redesign-2015\/wp-content\/uploads\/2020\/04\/Sli_na_mBeaglaoich_2_1920x1080-700x394.jpg 700w, https:\/\/tg4-docs.s3.amazonaws.com\/tg4-redesign-2015\/wp-content\/uploads\/2020\/04\/Sli_na_mBeaglaoich_2_1920x1080-252x141.jpg 252w, https:\/\/tg4-docs.s3.amazonaws.com\/tg4-redesign-2015\/wp-content\/uploads\/2020\/04\/Sli_na_mBeaglaoich_2_1920x1080-1536x864.jpg 1536w, https:\/\/tg4-docs.s3.amazonaws.com\/tg4-redesign-2015\/wp-content\/uploads\/2020\/04\/Sli_na_mBeaglaoich_2_1920x1080-120x68.jpg 120w\" sizes=\"(max-width: 1920px) 100vw, 1920px\" \/><\/a><br \/>\n&nbsp;<\/p>\n<p>D&#8217;fh\u00e9ach 3.14m duine n\u00f3 72% den daonra ar TG4 le linn na tr\u00e9imhse dianghlas\u00e1la Covid-19 (12 M\u00e1rta &#8211; 31 I\u00fail 2020).  Bh\u00ed m\u00e9ad\u00fa 150% ar lucht f\u00e9achana ar sheinnteoir TG4 i gcompar\u00e1id leis an tr\u00e9imhse ch\u00e9anna anuraidh, le beagnach 770,000 amhairc f\u00edse sa tr\u00e9imhse.   Bh\u00ed m\u00e9ad\u00fa 10% ar sciar lucht f\u00e9achana TG4 \u00f3 Aibre\u00e1n go I\u00fail le hais na tr\u00e9imhse c\u00e9anna i 2019. Ba i M\u00ed Bealtaine a bh\u00ed an sciar f\u00e9achana is airde le linn na dianghlas\u00e1la ag 1.81%. T\u00e1 TG4 f\u00f3s ar an 6\u00fa cain\u00e9al is m\u00f3 f\u00e9achana in \u00c9irinn, le me\u00e1n-sciar de 1.7% \u00f3 th\u00fas na bliana. <\/p>\n<p>Ba \u00e9 an cl\u00e1r &#8216;John Sheahan&#8217;s 80th Birthday Live from Vicar Street&#8217; a craoladh ar L\u00e1 Fh\u00e9ile P\u00e1draig an cl\u00e1r is m\u00f3 faire sa tr\u00e9imhse.  D&#8217;fh\u00e9ach 123,000 duine ar an gcl\u00e1r agus bh\u00ed aimsi\u00fa de 330,000 duine aige. Is \u00e9 seo an lucht f\u00e9achana is airde a bh\u00ed ag cl\u00e1r de chuid TG4 nach cl\u00e1r sp\u00f3irt beo \u00e9 \u00f3 Earrach 2016. D&#8217;fh\u00e9ach 82,000 duine ar an gcl\u00e1r &#8216;Liam O&#8217;Flynn &#8211; P\u00edobaire&#8217; ar Dhomhnach C\u00e1sca, agus is \u00e9 an cl\u00e1r is m\u00f3 f\u00e9achana ar sheinnteoir TG4 \u00f3 th\u00fas na bliana le beagnach 9,000 amhairc f\u00edse; 1,800 amhairc f\u00edse n\u00edos m\u00f3 n\u00e1 an dara cl\u00e1r is m\u00f3 f\u00e9achana ar an seinnteoir. <\/p>\n<p>Thar tr\u00e9imhse s\u00e9 seachtaine ag deireadh Aibre\u00e1in, bh\u00ed Breannd\u00e1n agus Cormac \u00d3 Beaglaoich ar chamchuairt cheolmhar ch\u00f3sta an Iarthair sa veain champ\u00e1la &#8216;Beauty&#8217;. Ba \u00e9 seo an tsraith ceoil is fearr i dtaobh lucht f\u00e9achana de ar TG4 le dh\u00e1 bhliain anuas.  Bh\u00ed 150,000 duine ar an me\u00e1n ag breathn\u00fa ar an sraith gach seachtain, agus t\u00e1 beagnach 25,000 amhairc f\u00edse ag an sraith ar an seinnteoir. Bh\u00ed t\u00f3ir ar an sraith ag pain\u00e9al taighde lucht f\u00e9achana TG4 &#8216;Fios F\u00edse&#8217; freisin, d&#8217;fh\u00e9ach 60% den phain\u00e9al ar an gcl\u00e1r go seachtaini\u00fail.<br \/>\nCeithre chl\u00e1r faoi shaol na Boirne ar feadh bliana a bh\u00ed i &#8216;An Bhoirinn&#8217;, a thug faoiseamh don lucht f\u00e9achana i l\u00e1r na pand\u00e9ime nuair a craoladh \u00e9 i M\u00ed Bealtaine, at\u00e1 mar an t-sraith faisn\u00e9ise is m\u00f3 lucht f\u00e9achana \u00f3 th\u00fas na bliana.  D&#8217;fh\u00e9ach 160,000 duine ar an sraith go seachtaini\u00fail, agus bh\u00ed 10,000 amhairc f\u00edse ar na cl\u00e1ir ar an seinnteoir. <\/p>\n<p>Cinneadh ciallmhar a bh\u00ed ann cluich\u00ed \u00f3n gcartlann sp\u00f3irt a chraoladh ar\u00eds faoin mbranda &#8216;All Ireland Gold&#8217;.  Bh\u00ed na cl\u00e1racha ina gcranntaca don sceideal f\u00e9achana le linn na tr\u00e9imhse dianghlas\u00e1la.  Ba i M\u00ed Aibre\u00e1in a bh\u00ed an lucht f\u00e9achana is m\u00f3 ag &#8216;All-Ireland Gold&#8217;, agus is \u00e9 Cluiche Ceannais Iom\u00e1na na Mumhan 2004 idir Port L\u00e1irge agus Corcaigh is m\u00f3 f\u00e9achana, 97,400 duine a d&#8217;fh\u00e9ach ar an gcluiche, agus sciar de 10% aige. Bh\u00ed lucht f\u00e9achana m\u00f3r ag cluich\u00ed eile i M\u00ed AIbre\u00e1in, cluiche Leathcheannais Peile na h\u00c9ireann 2013 idir Ciarra\u00ed agus \u00c1th Cliath, Cluiche Ceannais Iom\u00e1na na \u00c9ireann 2017 idir Gaillimh agus Port L\u00e1irge agus Cluiche Leathcheannais Iom\u00e1na na h\u00c9ireann 1995 idir An Cl\u00e1r agus Gaillimh. <\/p>\n<p>Th\u00e1inig m\u00e9ad\u00fa ar lucht f\u00e9achana na sraithe cheol t\u00edre &#8216;Opry le Daniel&#8217;, bh\u00ed aimsi\u00fa de 200,000 seachtaini\u00fail ag an sraith.  Chuir Daniel O&#8217;Donnell agus Hector araon<br \/>\nsraitheanna nua cainte &#8216;Hector Anseo&#8217; agus &#8216;Daniel sa Bhaile&#8217; i l\u00e1thair. Rinneadh coimisini\u00fa ar an d\u00e1 sraith nua mar gheall ar ch\u00fains\u00ed Covid-19.  Bh\u00ed t\u00f3ir ar an d\u00e1 sraith leis an bpain\u00e9al taighde lucht f\u00e9achana &#8216;Fios F\u00edse&#8217; agus an-t\u00f3ir ar na cl\u00e1ir ar sheinnteoir TG4 agus ar na me\u00e1in sh\u00f3isialta. <\/p>\n<p>Bh\u00ed TG4 ar an 2\u00fa cain\u00e9al is m\u00f3 f\u00e9achana sa t\u00edr agus &#8216;C\u00fala4 ar Scoil&#8217; ar aer thar an ch\u00e9ad cheithre seachtaine den tsraith. Bh\u00ed &#8216;C\u00fala4 ar Scoil&#8217; d\u00edrithe ar dhalta\u00ed bunscoile Gaeltachta agus Gaelscoile a bh\u00ed ag foghlaim sa bhaile de bharr scoileanna a bheith d\u00fanta. Bh\u00ed sciar 8% ar an me\u00e1n den lucht f\u00e9achana ag &#8216;C\u00fala4 ar Scoil&#8217;<br \/>\ngach l\u00e1, agus ba sciar de 16%, an sciar is airde a fuair an cl\u00e1r \u00f3 cuireadh t\u00fas leis tar \u00e9is saoire na C\u00e1sca ar an 20 Aibre\u00e1n.<\/p>\n<p>Is \u00e9 &#8216;Gaeltacht 2020&#8217;, dh\u00e1 chl\u00e1r a d&#8217;fh\u00e9ach ar staid reatha na Gaeltachta, is m\u00f3 a thaitin leis an bpain\u00e9al taighde lucht f\u00e9achana &#8216;Fios F\u00edse&#8217;, le 64% den phain\u00e9al a d&#8217;fh\u00e9ach air.   D&#8217;fh\u00e9ach 54% den phain\u00e9al ar &#8216;Saol Tr\u00ed Ghaeilge&#8217; cl\u00e1r faisn\u00e9ise faoi shaol na Gaeilge taobh amuigh den Ghaeltacht curtha i l\u00e1thair ag an bhfile Ciara N\u00ed \u00c9.<br \/>\n&nbsp;<br \/>\n&nbsp;<\/p>\n<p><a href=\"https:\/\/tg4-docs.s3.amazonaws.com\/tg4-redesign-2015\/wp-content\/uploads\/2020\/08\/Gaeltacht2020_Preas_1_1920x1080.jpg\"><img loading=\"lazy\" decoding=\"async\" width=\"1920\" height=\"1080\" src=\"https:\/\/tg4-docs.s3.amazonaws.com\/tg4-redesign-2015\/wp-content\/uploads\/2020\/08\/Gaeltacht2020_Preas_1_1920x1080.jpg\" alt=\"\" class=\"aligncenter size-full wp-image-113779\" srcset=\"https:\/\/tg4-docs.s3.amazonaws.com\/tg4-redesign-2015\/wp-content\/uploads\/2020\/08\/Gaeltacht2020_Preas_1_1920x1080.jpg 1920w, https:\/\/tg4-docs.s3.amazonaws.com\/tg4-redesign-2015\/wp-content\/uploads\/2020\/08\/Gaeltacht2020_Preas_1_1920x1080-250x141.jpg 250w, https:\/\/tg4-docs.s3.amazonaws.com\/tg4-redesign-2015\/wp-content\/uploads\/2020\/08\/Gaeltacht2020_Preas_1_1920x1080-700x394.jpg 700w, https:\/\/tg4-docs.s3.amazonaws.com\/tg4-redesign-2015\/wp-content\/uploads\/2020\/08\/Gaeltacht2020_Preas_1_1920x1080-252x141.jpg 252w, https:\/\/tg4-docs.s3.amazonaws.com\/tg4-redesign-2015\/wp-content\/uploads\/2020\/08\/Gaeltacht2020_Preas_1_1920x1080-1536x864.jpg 1536w, https:\/\/tg4-docs.s3.amazonaws.com\/tg4-redesign-2015\/wp-content\/uploads\/2020\/08\/Gaeltacht2020_Preas_1_1920x1080-120x68.jpg 120w\" sizes=\"(max-width: 1920px) 100vw, 1920px\" \/><\/a><br \/>\n&nbsp;<\/p>\n","protected":false},"excerpt":{"rendered":"<p>&nbsp; D&#8217;fh\u00e9ach 3.14m duine n\u00f3 72% den daonra ar TG4 le linn na tr\u00e9imhse dianghlas\u00e1la Covid-19 (12 M\u00e1rta &#8211; 31 I\u00fail 2020). Bh\u00ed m\u00e9ad\u00fa 150% ar lucht f\u00e9achana ar sheinnteoir TG4 i gcompar\u00e1id leis an tr\u00e9imhse ch\u00e9anna anuraidh, le beagnach 770,000 amhairc f\u00edse sa tr\u00e9imhse. Bh\u00ed m\u00e9ad\u00fa 10% ar sciar lucht f\u00e9achana TG4 \u00f3 Aibre\u00e1n [&hellip;]<\/p>\n","protected":false},"author":876,"featured_media":0,"parent":111525,"menu_order":33,"comment_status":"closed","ping_status":"closed","template":"page-templates\/template-pr.php","meta":{"_acf_changed":false,"footnotes":""},"acf":[],"yoast_head":"<!-- This site is optimized with the Yoast SEO plugin v22.6 - https:\/\/yoast.com\/wordpress\/plugins\/seo\/ -->\n<title>Th\u00e1inig m\u00e9ad\u00fa 10% ar sciar f\u00e9achana TG4 le linn na tr\u00e9imhse dianghlas\u00e1la | Preas R\u00e1iteas | TG4<\/title>\n<meta name=\"robots\" content=\"index, follow, max-snippet:-1, max-image-preview:large, max-video-preview:-1\" \/>\n<meta property=\"og:locale\" content=\"en_US\" \/>\n<meta property=\"og:type\" content=\"article\" \/>\n<meta property=\"og:title\" content=\"Th\u00e1inig m\u00e9ad\u00fa 10% ar sciar f\u00e9achana TG4 le linn na tr\u00e9imhse dianghlas\u00e1la | Preas R\u00e1iteas | TG4\" \/>\n<meta property=\"og:description\" content=\"&nbsp; D&#8217;fh\u00e9ach 3.14m duine n\u00f3 72% den daonra ar TG4 le linn na tr\u00e9imhse dianghlas\u00e1la Covid-19 (12 M\u00e1rta &#8211; 31 I\u00fail 2020). Bh\u00ed m\u00e9ad\u00fa 150% ar lucht f\u00e9achana ar sheinnteoir TG4 i gcompar\u00e1id leis an tr\u00e9imhse ch\u00e9anna anuraidh, le beagnach 770,000 amhairc f\u00edse sa tr\u00e9imhse. Bh\u00ed m\u00e9ad\u00fa 10% ar sciar lucht f\u00e9achana TG4 \u00f3 Aibre\u00e1n [&hellip;]\" \/>\n<meta property=\"og:url\" content=\"https:\/\/dev.tg4.ie\/ga\/eolas\/preas\/nuacht-raitis\/2020-2\/thainig-meadu-10-ar-sciar-feachana-tg4-le-linn-na-treimhse-dianghlasala\/\" \/>\n<meta property=\"og:site_name\" content=\"TG4\" \/>\n<meta property=\"article:publisher\" content=\"https:\/\/www.facebook.com\/TG4TV\" \/>\n<meta property=\"og:image\" content=\"https:\/\/tg4-docs.s3.amazonaws.com\/tg4-redesign-2015\/wp-content\/uploads\/2020\/04\/Sli_na_mBeaglaoich_2_1920x1080.jpg\" \/>\n\t<meta property=\"og:image:width\" content=\"1920\" \/>\n\t<meta property=\"og:image:height\" content=\"1080\" \/>\n\t<meta property=\"og:image:type\" content=\"image\/jpeg\" \/>\n<meta name=\"twitter:card\" content=\"summary_large_image\" \/>\n<meta name=\"twitter:image\" content=\"https:\/\/tg4-docs.s3.amazonaws.com\/tg4-redesign-2015\/wp-content\/uploads\/2020\/04\/Sli_na_mBeaglaoich_2_1920x1080.jpg\" \/>\n<meta name=\"twitter:site\" content=\"@TG4TV\" \/>\n<meta name=\"twitter:label1\" content=\"Est. reading time\" \/>\n\t<meta name=\"twitter:data1\" content=\"4 minutes\" \/>\n<script type=\"application\/ld+json\" class=\"yoast-schema-graph\">{\"@context\":\"https:\/\/schema.org\",\"@graph\":[{\"@type\":\"WebPage\",\"@id\":\"https:\/\/dev.tg4.ie\/ga\/eolas\/preas\/nuacht-raitis\/2020-2\/thainig-meadu-10-ar-sciar-feachana-tg4-le-linn-na-treimhse-dianghlasala\/\",\"url\":\"https:\/\/dev.tg4.ie\/ga\/eolas\/preas\/nuacht-raitis\/2020-2\/thainig-meadu-10-ar-sciar-feachana-tg4-le-linn-na-treimhse-dianghlasala\/\",\"name\":\"Th\u00e1inig m\u00e9ad\u00fa 10% ar sciar f\u00e9achana TG4 le linn na tr\u00e9imhse dianghlas\u00e1la | Preas R\u00e1iteas | TG4\",\"isPartOf\":{\"@id\":\"https:\/\/dev.tg4.ie\/en\/#website\"},\"primaryImageOfPage\":{\"@id\":\"https:\/\/dev.tg4.ie\/ga\/eolas\/preas\/nuacht-raitis\/2020-2\/thainig-meadu-10-ar-sciar-feachana-tg4-le-linn-na-treimhse-dianghlasala\/#primaryimage\"},\"image\":{\"@id\":\"https:\/\/dev.tg4.ie\/ga\/eolas\/preas\/nuacht-raitis\/2020-2\/thainig-meadu-10-ar-sciar-feachana-tg4-le-linn-na-treimhse-dianghlasala\/#primaryimage\"},\"thumbnailUrl\":\"https:\/\/dev.tg4.ie\/wp-content\/uploads\/2020\/04\/Sli_na_mBeaglaoich_2_1920x1080.jpg\",\"datePublished\":\"2020-08-10T11:27:06+00:00\",\"dateModified\":\"2020-08-10T11:27:06+00:00\",\"breadcrumb\":{\"@id\":\"https:\/\/dev.tg4.ie\/ga\/eolas\/preas\/nuacht-raitis\/2020-2\/thainig-meadu-10-ar-sciar-feachana-tg4-le-linn-na-treimhse-dianghlasala\/#breadcrumb\"},\"inLanguage\":\"ga\",\"potentialAction\":[{\"@type\":\"ReadAction\",\"target\":[\"https:\/\/dev.tg4.ie\/ga\/eolas\/preas\/nuacht-raitis\/2020-2\/thainig-meadu-10-ar-sciar-feachana-tg4-le-linn-na-treimhse-dianghlasala\/\"]}]},{\"@type\":\"ImageObject\",\"inLanguage\":\"ga\",\"@id\":\"https:\/\/dev.tg4.ie\/ga\/eolas\/preas\/nuacht-raitis\/2020-2\/thainig-meadu-10-ar-sciar-feachana-tg4-le-linn-na-treimhse-dianghlasala\/#primaryimage\",\"url\":\"https:\/\/dev.tg4.ie\/wp-content\/uploads\/2020\/04\/Sli_na_mBeaglaoich_2_1920x1080.jpg\",\"contentUrl\":\"https:\/\/dev.tg4.ie\/wp-content\/uploads\/2020\/04\/Sli_na_mBeaglaoich_2_1920x1080.jpg\"},{\"@type\":\"BreadcrumbList\",\"@id\":\"https:\/\/dev.tg4.ie\/ga\/eolas\/preas\/nuacht-raitis\/2020-2\/thainig-meadu-10-ar-sciar-feachana-tg4-le-linn-na-treimhse-dianghlasala\/#breadcrumb\",\"itemListElement\":[{\"@type\":\"ListItem\",\"position\":1,\"name\":\"Home\",\"item\":\"https:\/\/dev.tg4.ie\/ga\/\"},{\"@type\":\"ListItem\",\"position\":2,\"name\":\"Eolas\",\"item\":\"https:\/\/dev.tg4.ie\/ga\/eolas\/\"},{\"@type\":\"ListItem\",\"position\":3,\"name\":\"Preas\",\"item\":\"https:\/\/dev.tg4.ie\/ga\/eolas\/preas\/\"},{\"@type\":\"ListItem\",\"position\":4,\"name\":\"Nuacht R\u00e1itis\",\"item\":\"https:\/\/dev.tg4.ie\/ga\/eolas\/preas\/nuacht-raitis\/\"},{\"@type\":\"ListItem\",\"position\":5,\"name\":\"2020\",\"item\":\"https:\/\/dev.tg4.ie\/ga\/eolas\/preas\/nuacht-raitis\/2020-2\/\"},{\"@type\":\"ListItem\",\"position\":6,\"name\":\"Th\u00e1inig m\u00e9ad\u00fa 10% ar sciar f\u00e9achana TG4 le linn na tr\u00e9imhse dianghlas\u00e1la\"}]},{\"@type\":\"WebSite\",\"@id\":\"https:\/\/dev.tg4.ie\/en\/#website\",\"url\":\"https:\/\/dev.tg4.ie\/en\/\",\"name\":\"TG4\",\"description\":\"S\u00fail Eile\",\"potentialAction\":[{\"@type\":\"SearchAction\",\"target\":{\"@type\":\"EntryPoint\",\"urlTemplate\":\"https:\/\/dev.tg4.ie\/en\/?s={search_term_string}\"},\"query-input\":\"required name=search_term_string\"}],\"inLanguage\":\"ga\"}]}<\/script>\n<!-- \/ Yoast SEO plugin. -->","yoast_head_json":{"title":"Th\u00e1inig m\u00e9ad\u00fa 10% ar sciar f\u00e9achana TG4 le linn na tr\u00e9imhse dianghlas\u00e1la | Preas R\u00e1iteas | TG4","robots":{"index":"index","follow":"follow","max-snippet":"max-snippet:-1","max-image-preview":"max-image-preview:large","max-video-preview":"max-video-preview:-1"},"og_locale":"en_US","og_type":"article","og_title":"Th\u00e1inig m\u00e9ad\u00fa 10% ar sciar f\u00e9achana TG4 le linn na tr\u00e9imhse dianghlas\u00e1la | Preas R\u00e1iteas | TG4","og_description":"&nbsp; D&#8217;fh\u00e9ach 3.14m duine n\u00f3 72% den daonra ar TG4 le linn na tr\u00e9imhse dianghlas\u00e1la Covid-19 (12 M\u00e1rta &#8211; 31 I\u00fail 2020). Bh\u00ed m\u00e9ad\u00fa 150% ar lucht f\u00e9achana ar sheinnteoir TG4 i gcompar\u00e1id leis an tr\u00e9imhse ch\u00e9anna anuraidh, le beagnach 770,000 amhairc f\u00edse sa tr\u00e9imhse. Bh\u00ed m\u00e9ad\u00fa 10% ar sciar lucht f\u00e9achana TG4 \u00f3 Aibre\u00e1n [&hellip;]","og_url":"https:\/\/dev.tg4.ie\/ga\/eolas\/preas\/nuacht-raitis\/2020-2\/thainig-meadu-10-ar-sciar-feachana-tg4-le-linn-na-treimhse-dianghlasala\/","og_site_name":"TG4","article_publisher":"https:\/\/www.facebook.com\/TG4TV","og_image":[{"width":1920,"height":1080,"url":"https:\/\/tg4-docs.s3.amazonaws.com\/tg4-redesign-2015\/wp-content\/uploads\/2020\/04\/Sli_na_mBeaglaoich_2_1920x1080.jpg","type":"image\/jpeg"}],"twitter_card":"summary_large_image","twitter_image":"https:\/\/tg4-docs.s3.amazonaws.com\/tg4-redesign-2015\/wp-content\/uploads\/2020\/04\/Sli_na_mBeaglaoich_2_1920x1080.jpg","twitter_site":"@TG4TV","twitter_misc":{"Est. reading time":"4 minutes"},"schema":{"@context":"https:\/\/schema.org","@graph":[{"@type":"WebPage","@id":"https:\/\/dev.tg4.ie\/ga\/eolas\/preas\/nuacht-raitis\/2020-2\/thainig-meadu-10-ar-sciar-feachana-tg4-le-linn-na-treimhse-dianghlasala\/","url":"https:\/\/dev.tg4.ie\/ga\/eolas\/preas\/nuacht-raitis\/2020-2\/thainig-meadu-10-ar-sciar-feachana-tg4-le-linn-na-treimhse-dianghlasala\/","name":"Th\u00e1inig m\u00e9ad\u00fa 10% ar sciar f\u00e9achana TG4 le linn na tr\u00e9imhse dianghlas\u00e1la | Preas R\u00e1iteas | TG4","isPartOf":{"@id":"https:\/\/dev.tg4.ie\/en\/#website"},"primaryImageOfPage":{"@id":"https:\/\/dev.tg4.ie\/ga\/eolas\/preas\/nuacht-raitis\/2020-2\/thainig-meadu-10-ar-sciar-feachana-tg4-le-linn-na-treimhse-dianghlasala\/#primaryimage"},"image":{"@id":"https:\/\/dev.tg4.ie\/ga\/eolas\/preas\/nuacht-raitis\/2020-2\/thainig-meadu-10-ar-sciar-feachana-tg4-le-linn-na-treimhse-dianghlasala\/#primaryimage"},"thumbnailUrl":"https:\/\/dev.tg4.ie\/wp-content\/uploads\/2020\/04\/Sli_na_mBeaglaoich_2_1920x1080.jpg","datePublished":"2020-08-10T11:27:06+00:00","dateModified":"2020-08-10T11:27:06+00:00","breadcrumb":{"@id":"https:\/\/dev.tg4.ie\/ga\/eolas\/preas\/nuacht-raitis\/2020-2\/thainig-meadu-10-ar-sciar-feachana-tg4-le-linn-na-treimhse-dianghlasala\/#breadcrumb"},"inLanguage":"ga","potentialAction":[{"@type":"ReadAction","target":["https:\/\/dev.tg4.ie\/ga\/eolas\/preas\/nuacht-raitis\/2020-2\/thainig-meadu-10-ar-sciar-feachana-tg4-le-linn-na-treimhse-dianghlasala\/"]}]},{"@type":"ImageObject","inLanguage":"ga","@id":"https:\/\/dev.tg4.ie\/ga\/eolas\/preas\/nuacht-raitis\/2020-2\/thainig-meadu-10-ar-sciar-feachana-tg4-le-linn-na-treimhse-dianghlasala\/#primaryimage","url":"https:\/\/dev.tg4.ie\/wp-content\/uploads\/2020\/04\/Sli_na_mBeaglaoich_2_1920x1080.jpg","contentUrl":"https:\/\/dev.tg4.ie\/wp-content\/uploads\/2020\/04\/Sli_na_mBeaglaoich_2_1920x1080.jpg"},{"@type":"BreadcrumbList","@id":"https:\/\/dev.tg4.ie\/ga\/eolas\/preas\/nuacht-raitis\/2020-2\/thainig-meadu-10-ar-sciar-feachana-tg4-le-linn-na-treimhse-dianghlasala\/#breadcrumb","itemListElement":[{"@type":"ListItem","position":1,"name":"Home","item":"https:\/\/dev.tg4.ie\/ga\/"},{"@type":"ListItem","position":2,"name":"Eolas","item":"https:\/\/dev.tg4.ie\/ga\/eolas\/"},{"@type":"ListItem","position":3,"name":"Preas","item":"https:\/\/dev.tg4.ie\/ga\/eolas\/preas\/"},{"@type":"ListItem","position":4,"name":"Nuacht R\u00e1itis","item":"https:\/\/dev.tg4.ie\/ga\/eolas\/preas\/nuacht-raitis\/"},{"@type":"ListItem","position":5,"name":"2020","item":"https:\/\/dev.tg4.ie\/ga\/eolas\/preas\/nuacht-raitis\/2020-2\/"},{"@type":"ListItem","position":6,"name":"Th\u00e1inig m\u00e9ad\u00fa 10% ar sciar f\u00e9achana TG4 le linn na tr\u00e9imhse dianghlas\u00e1la"}]},{"@type":"WebSite","@id":"https:\/\/dev.tg4.ie\/en\/#website","url":"https:\/\/dev.tg4.ie\/en\/","name":"TG4","description":"S\u00fail Eile","potentialAction":[{"@type":"SearchAction","target":{"@type":"EntryPoint","urlTemplate":"https:\/\/dev.tg4.ie\/en\/?s={search_term_string}"},"query-input":"required name=search_term_string"}],"inLanguage":"ga"}]}},"_links":{"self":[{"href":"https:\/\/dev.tg4.ie\/ga\/wp-json\/wp\/v2\/pages\/113778"}],"collection":[{"href":"https:\/\/dev.tg4.ie\/ga\/wp-json\/wp\/v2\/pages"}],"about":[{"href":"https:\/\/dev.tg4.ie\/ga\/wp-json\/wp\/v2\/types\/page"}],"author":[{"embeddable":true,"href":"https:\/\/dev.tg4.ie\/ga\/wp-json\/wp\/v2\/users\/876"}],"replies":[{"embeddable":true,"href":"https:\/\/dev.tg4.ie\/ga\/wp-json\/wp\/v2\/comments?post=113778"}],"version-history":[{"count":0,"href":"https:\/\/dev.tg4.ie\/ga\/wp-json\/wp\/v2\/pages\/113778\/revisions"}],"up":[{"embeddable":true,"href":"https:\/\/dev.tg4.ie\/ga\/wp-json\/wp\/v2\/pages\/111525"}],"wp:attachment":[{"href":"https:\/\/dev.tg4.ie\/ga\/wp-json\/wp\/v2\/media?parent=113778"}],"curies":[{"name":"wp","href":"https:\/\/api.w.org\/{rel}","templated":true}]}}