{"id":113786,"date":"2020-08-10T15:54:07","date_gmt":"2020-08-10T14:54:07","guid":{"rendered":"https:\/\/dev.tg4.ie\/?page_id=113786"},"modified":"2020-08-10T15:57:14","modified_gmt":"2020-08-10T14:57:14","slug":"tabharfar-leargas-ar-shaol-an-imreora-iomraitigh-rugbai-anthony-axel-foley-i-clar-tg4","status":"publish","type":"page","link":"https:\/\/dev.tg4.ie\/ga\/eolas\/preas\/nuacht-raitis\/2020-2\/tabharfar-leargas-ar-shaol-an-imreora-iomraitigh-rugbai-anthony-axel-foley-i-clar-tg4\/","title":{"rendered":"Tabharfar l\u00e9argas ar shaol an imreora iomr\u00e1itigh rugba\u00ed, Anthony &#8216;Axel&#8217; Foley, i cl\u00e1r TG4"},"content":{"rendered":"<p><a href=\"https:\/\/tg4-docs.s3.amazonaws.com\/tg4-redesign-2015\/wp-content\/uploads\/2020\/08\/Anthony_Foley-Axel_1_1920x1080.jpg\"><img loading=\"lazy\" decoding=\"async\" width=\"1920\" height=\"1080\" src=\"https:\/\/tg4-docs.s3.amazonaws.com\/tg4-redesign-2015\/wp-content\/uploads\/2020\/08\/Anthony_Foley-Axel_1_1920x1080.jpg\" alt=\"\" class=\"aligncenter size-full wp-image-113795\" srcset=\"https:\/\/tg4-docs.s3.amazonaws.com\/tg4-redesign-2015\/wp-content\/uploads\/2020\/08\/Anthony_Foley-Axel_1_1920x1080.jpg 1920w, https:\/\/tg4-docs.s3.amazonaws.com\/tg4-redesign-2015\/wp-content\/uploads\/2020\/08\/Anthony_Foley-Axel_1_1920x1080-250x141.jpg 250w, https:\/\/tg4-docs.s3.amazonaws.com\/tg4-redesign-2015\/wp-content\/uploads\/2020\/08\/Anthony_Foley-Axel_1_1920x1080-700x394.jpg 700w, https:\/\/tg4-docs.s3.amazonaws.com\/tg4-redesign-2015\/wp-content\/uploads\/2020\/08\/Anthony_Foley-Axel_1_1920x1080-252x141.jpg 252w, https:\/\/tg4-docs.s3.amazonaws.com\/tg4-redesign-2015\/wp-content\/uploads\/2020\/08\/Anthony_Foley-Axel_1_1920x1080-1536x864.jpg 1536w, https:\/\/tg4-docs.s3.amazonaws.com\/tg4-redesign-2015\/wp-content\/uploads\/2020\/08\/Anthony_Foley-Axel_1_1920x1080-120x68.jpg 120w\" sizes=\"(max-width: 1920px) 100vw, 1920px\" \/><\/a><br \/>\n&nbsp;<br \/>\n<strong>Axel \u2013 Munster\u2019s Heineken Cup Journey<\/p>\n<p>TG4 D\u00e9 hAoine an 14 L\u00fanasa 10:15pm<\/strong><\/p>\n<p><iframe loading=\"lazy\" width=\"560\" height=\"315\" src=\"https:\/\/www.youtube.com\/embed\/oYe6qGFnKGc\" frameborder=\"0\" allow=\"accelerometer; autoplay; encrypted-media; gyroscope; picture-in-picture\" allowfullscreen><\/iframe><br \/>\n&nbsp;<\/p>\n<p><strong>T\u00e1 r\u00edm\u00e9ad ar TG4 a fh\u00f3gairt go dtaispe\u00e1nfar \u2018Axel \u2013 Munster\u2019s Heineken Cup Journey\u2019 den ch\u00e9ad uair ar an teilif\u00eds D\u00e9 hAoine an 14 L\u00fanasa ag 10:15pm. Rinneadh an cl\u00e1r seo a l\u00e9iri\u00fa ar dt\u00fas nuair a d&#8217;\u00e9irigh Anthony as an imirt in 2008. D\u00e9anfar cur s\u00edos sa chl\u00e1r seo ar mar a chuidigh Axel le foireann na Mumhan tionchar ollmh\u00f3r a bheith aici ar an rugba\u00ed ar fud an domhain agus fanacht d\u00edlis do na cro\u00edluachanna a bh\u00ed aige &#8211; d\u00edlseacht, naimhdeas agus m\u00f3rtas &#8211; ag an am c\u00e9anna.<\/strong><br \/>\n&nbsp;<br \/>\nBh\u00ed cl\u00fa agus c\u00e1il ar mhuintir Anthony &#8216;Axel&#8217; Foley roimhe mar gheall ar an rugba\u00ed. L\u00e9irigh a athair Brendan gach rud a bh\u00ed dian agus ionraic faoin mbranda speisialta rugba\u00ed sin a bhain go d\u00edreach lena chathair d\u00fachais Luimneach. Bh\u00ed an t-\u00e1dh ar Axel gur \u00e9irigh leis an tuiscint ghrinn sin a bh\u00ed ag a athair ar ch\u00farsa\u00ed rugba\u00ed a thabhairt leis. Bh\u00ed ardmheas ag gl\u00fain de lucht taca\u00edochta agus imreoir\u00ed Rugba\u00ed na Mumhan ar Axel a raibh tr\u00e9ithe aige a theastaigh uathu a bheith acu f\u00e9in. N\u00ed raibh a leith\u00e9id de ghairm imeartha ag aon imreoir eile agus is mar gheall ar na tr\u00e9ithe sin a bh\u00ed aige &#8211; ionracas, cro\u00ed agus diongbh\u00e1ilteacht &#8211; \u00e9 sin.<br \/>\n&nbsp;<br \/>\nSa chl\u00e1r seo &#8216;Axel&#8217; caithfidh Anthony s\u00fail siar ar an ngairm cheannr\u00f3da\u00edoch a bh\u00ed aige le foireann na Mumhan agus ar na laethanta ba mh\u00f3 a bh\u00ed ag an bhfoireann sin i bP\u00e1irc Thuamhan agus thar lear. I measc na ndaoine a thabharfaidh \u00f3m\u00f3s do Axel agus a dh\u00e9anfaidh cur s\u00edos chomh maith ar na laethanta maithe agus go deimhin ar na drochlaethanta a bh\u00ed aige le linn a ghairme sp\u00f3irt beidh:<\/p>\n<table style=\"width:60%\">\n<tr>\n<td>Declan Kidney<\/td>\n<td>Alan Gaffney<\/td>\n<\/tr>\n<tr>\n<td>Paul O\u2019Connell<\/td>\n<td>Ronan O\u2019Gara<\/td>\n<\/tr>\n<tr>\n<td>Mick Galwey<\/td>\n<td>Peter Clohessey<\/td>\n<\/tr>\n<tr>\n<td>John Kelly<\/td>\n<td>Alan Quinlan<\/td>\n<\/tr>\n<tr>\n<td>Marcus Horan<\/td>\n<td>Jerry Flannery<\/td>\n<\/tr>\n<tr>\n<td>Barry Murphy<\/td>\n<td>Ian Dowling<\/td>\n<\/tr>\n<tr>\n<td>Dutchy Holland<\/td>\n<td>John O\u2019Neill<\/td>\n<\/tr>\n<tr>\n<td>Pat Murray<\/td>\n<td>Keith Wood<\/td>\n<\/tr>\n<\/table>\n<p>&nbsp;<br \/>\nIs \u00e9ard a bh\u00ed le r\u00e1 ag Kieran Hartigan (Sti\u00farth\u00f3ir) [The Brave &#038; The Faithful (2006) \/ The West\u2019s Awake(2012)] faoin gcl\u00e1r a bheith \u00e1 thaispe\u00e1int den ch\u00e9ad uair ar an teilif\u00eds <em>&#8220;Deirtear n\u00e1r cheart duit casadh le do chuid laochra. Ach n\u00edorbh fh\u00edor sin ar chor ar bith faoi Anthony Foley, fear a raibh saol r\u00f3ghearr aige. T\u00e1 m\u00e9 m\u00f3rtasach gur l\u00e9iri\u00fa \u00e9 an cl\u00e1r faisn\u00e9ise seo ar an saol imeartha eisceacht\u00fail a bh\u00ed ag Anthony agus ar chomh t\u00e1bhachtach is a bh\u00ed a chlann d\u00f3&#8221;<\/em>.<br \/>\n&nbsp;<\/p>\n","protected":false},"excerpt":{"rendered":"<p>&nbsp; Axel \u2013 Munster\u2019s Heineken Cup Journey TG4 D\u00e9 hAoine an 14 L\u00fanasa 10:15pm &nbsp; T\u00e1 r\u00edm\u00e9ad ar TG4 a fh\u00f3gairt go dtaispe\u00e1nfar \u2018Axel \u2013 Munster\u2019s Heineken Cup Journey\u2019 den ch\u00e9ad uair ar an teilif\u00eds D\u00e9 hAoine an 14 L\u00fanasa ag 10:15pm. Rinneadh an cl\u00e1r seo a l\u00e9iri\u00fa ar dt\u00fas nuair a d&#8217;\u00e9irigh Anthony as [&hellip;]<\/p>\n","protected":false},"author":876,"featured_media":0,"parent":111525,"menu_order":34,"comment_status":"closed","ping_status":"closed","template":"page-templates\/template-pr.php","meta":{"_acf_changed":false,"footnotes":""},"acf":[],"yoast_head":"<!-- This site is optimized with the Yoast SEO plugin v22.6 - https:\/\/yoast.com\/wordpress\/plugins\/seo\/ -->\n<title>Tabharfar l\u00e9argas ar shaol an imreora iomr\u00e1itigh rugba\u00ed, Anthony &#039;Axel&#039; Foley, i cl\u00e1r TG4 | Preas R\u00e1iteas | TG4<\/title>\n<meta name=\"robots\" content=\"index, follow, max-snippet:-1, max-image-preview:large, max-video-preview:-1\" \/>\n<meta property=\"og:locale\" content=\"en_US\" \/>\n<meta property=\"og:type\" content=\"article\" \/>\n<meta property=\"og:title\" content=\"Tabharfar l\u00e9argas ar shaol an imreora iomr\u00e1itigh rugba\u00ed, Anthony &#039;Axel&#039; Foley, i cl\u00e1r TG4 | Preas R\u00e1iteas | TG4\" \/>\n<meta property=\"og:description\" content=\"&nbsp; Axel \u2013 Munster\u2019s Heineken Cup Journey TG4 D\u00e9 hAoine an 14 L\u00fanasa 10:15pm &nbsp; T\u00e1 r\u00edm\u00e9ad ar TG4 a fh\u00f3gairt go dtaispe\u00e1nfar \u2018Axel \u2013 Munster\u2019s Heineken Cup Journey\u2019 den ch\u00e9ad uair ar an teilif\u00eds D\u00e9 hAoine an 14 L\u00fanasa ag 10:15pm. Rinneadh an cl\u00e1r seo a l\u00e9iri\u00fa ar dt\u00fas nuair a d&#8217;\u00e9irigh Anthony as [&hellip;]\" \/>\n<meta property=\"og:url\" content=\"https:\/\/dev.tg4.ie\/ga\/eolas\/preas\/nuacht-raitis\/2020-2\/tabharfar-leargas-ar-shaol-an-imreora-iomraitigh-rugbai-anthony-axel-foley-i-clar-tg4\/\" \/>\n<meta property=\"og:site_name\" content=\"TG4\" \/>\n<meta property=\"article:publisher\" content=\"https:\/\/www.facebook.com\/TG4TV\" \/>\n<meta property=\"article:modified_time\" content=\"2020-08-10T14:57:14+00:00\" \/>\n<meta property=\"og:image\" content=\"https:\/\/tg4-docs.s3.amazonaws.com\/tg4-redesign-2015\/wp-content\/uploads\/2020\/08\/Anthony_Foley-Axel_1_1920x1080.jpg\" \/>\n\t<meta property=\"og:image:width\" content=\"1920\" \/>\n\t<meta property=\"og:image:height\" content=\"1080\" \/>\n\t<meta property=\"og:image:type\" content=\"image\/jpeg\" \/>\n<meta name=\"twitter:card\" content=\"summary_large_image\" \/>\n<meta name=\"twitter:image\" content=\"https:\/\/tg4-docs.s3.amazonaws.com\/tg4-redesign-2015\/wp-content\/uploads\/2020\/08\/Anthony_Foley-Axel_1_1920x1080.jpg\" \/>\n<meta name=\"twitter:site\" content=\"@TG4TV\" \/>\n<meta name=\"twitter:label1\" content=\"Est. reading time\" \/>\n\t<meta name=\"twitter:data1\" content=\"2 minutes\" \/>\n<script type=\"application\/ld+json\" class=\"yoast-schema-graph\">{\"@context\":\"https:\/\/schema.org\",\"@graph\":[{\"@type\":\"WebPage\",\"@id\":\"https:\/\/dev.tg4.ie\/ga\/eolas\/preas\/nuacht-raitis\/2020-2\/tabharfar-leargas-ar-shaol-an-imreora-iomraitigh-rugbai-anthony-axel-foley-i-clar-tg4\/\",\"url\":\"https:\/\/dev.tg4.ie\/ga\/eolas\/preas\/nuacht-raitis\/2020-2\/tabharfar-leargas-ar-shaol-an-imreora-iomraitigh-rugbai-anthony-axel-foley-i-clar-tg4\/\",\"name\":\"Tabharfar l\u00e9argas ar shaol an imreora iomr\u00e1itigh rugba\u00ed, Anthony 'Axel' Foley, i cl\u00e1r TG4 | Preas R\u00e1iteas | TG4\",\"isPartOf\":{\"@id\":\"https:\/\/dev.tg4.ie\/en\/#website\"},\"primaryImageOfPage\":{\"@id\":\"https:\/\/dev.tg4.ie\/ga\/eolas\/preas\/nuacht-raitis\/2020-2\/tabharfar-leargas-ar-shaol-an-imreora-iomraitigh-rugbai-anthony-axel-foley-i-clar-tg4\/#primaryimage\"},\"image\":{\"@id\":\"https:\/\/dev.tg4.ie\/ga\/eolas\/preas\/nuacht-raitis\/2020-2\/tabharfar-leargas-ar-shaol-an-imreora-iomraitigh-rugbai-anthony-axel-foley-i-clar-tg4\/#primaryimage\"},\"thumbnailUrl\":\"https:\/\/dev.tg4.ie\/wp-content\/uploads\/2020\/08\/Anthony_Foley-Axel_1_1920x1080.jpg\",\"datePublished\":\"2020-08-10T14:54:07+00:00\",\"dateModified\":\"2020-08-10T14:57:14+00:00\",\"breadcrumb\":{\"@id\":\"https:\/\/dev.tg4.ie\/ga\/eolas\/preas\/nuacht-raitis\/2020-2\/tabharfar-leargas-ar-shaol-an-imreora-iomraitigh-rugbai-anthony-axel-foley-i-clar-tg4\/#breadcrumb\"},\"inLanguage\":\"ga\",\"potentialAction\":[{\"@type\":\"ReadAction\",\"target\":[\"https:\/\/dev.tg4.ie\/ga\/eolas\/preas\/nuacht-raitis\/2020-2\/tabharfar-leargas-ar-shaol-an-imreora-iomraitigh-rugbai-anthony-axel-foley-i-clar-tg4\/\"]}]},{\"@type\":\"ImageObject\",\"inLanguage\":\"ga\",\"@id\":\"https:\/\/dev.tg4.ie\/ga\/eolas\/preas\/nuacht-raitis\/2020-2\/tabharfar-leargas-ar-shaol-an-imreora-iomraitigh-rugbai-anthony-axel-foley-i-clar-tg4\/#primaryimage\",\"url\":\"https:\/\/dev.tg4.ie\/wp-content\/uploads\/2020\/08\/Anthony_Foley-Axel_1_1920x1080.jpg\",\"contentUrl\":\"https:\/\/dev.tg4.ie\/wp-content\/uploads\/2020\/08\/Anthony_Foley-Axel_1_1920x1080.jpg\"},{\"@type\":\"BreadcrumbList\",\"@id\":\"https:\/\/dev.tg4.ie\/ga\/eolas\/preas\/nuacht-raitis\/2020-2\/tabharfar-leargas-ar-shaol-an-imreora-iomraitigh-rugbai-anthony-axel-foley-i-clar-tg4\/#breadcrumb\",\"itemListElement\":[{\"@type\":\"ListItem\",\"position\":1,\"name\":\"Home\",\"item\":\"https:\/\/dev.tg4.ie\/ga\/\"},{\"@type\":\"ListItem\",\"position\":2,\"name\":\"Eolas\",\"item\":\"https:\/\/dev.tg4.ie\/ga\/eolas\/\"},{\"@type\":\"ListItem\",\"position\":3,\"name\":\"Preas\",\"item\":\"https:\/\/dev.tg4.ie\/ga\/eolas\/preas\/\"},{\"@type\":\"ListItem\",\"position\":4,\"name\":\"Nuacht R\u00e1itis\",\"item\":\"https:\/\/dev.tg4.ie\/ga\/eolas\/preas\/nuacht-raitis\/\"},{\"@type\":\"ListItem\",\"position\":5,\"name\":\"2020\",\"item\":\"https:\/\/dev.tg4.ie\/ga\/eolas\/preas\/nuacht-raitis\/2020-2\/\"},{\"@type\":\"ListItem\",\"position\":6,\"name\":\"Tabharfar l\u00e9argas ar shaol an imreora iomr\u00e1itigh rugba\u00ed, Anthony &#8216;Axel&#8217; Foley, i cl\u00e1r TG4\"}]},{\"@type\":\"WebSite\",\"@id\":\"https:\/\/dev.tg4.ie\/en\/#website\",\"url\":\"https:\/\/dev.tg4.ie\/en\/\",\"name\":\"TG4\",\"description\":\"S\u00fail Eile\",\"potentialAction\":[{\"@type\":\"SearchAction\",\"target\":{\"@type\":\"EntryPoint\",\"urlTemplate\":\"https:\/\/dev.tg4.ie\/en\/?s={search_term_string}\"},\"query-input\":\"required name=search_term_string\"}],\"inLanguage\":\"ga\"}]}<\/script>\n<!-- \/ Yoast SEO plugin. -->","yoast_head_json":{"title":"Tabharfar l\u00e9argas ar shaol an imreora iomr\u00e1itigh rugba\u00ed, Anthony 'Axel' Foley, i cl\u00e1r TG4 | Preas R\u00e1iteas | TG4","robots":{"index":"index","follow":"follow","max-snippet":"max-snippet:-1","max-image-preview":"max-image-preview:large","max-video-preview":"max-video-preview:-1"},"og_locale":"en_US","og_type":"article","og_title":"Tabharfar l\u00e9argas ar shaol an imreora iomr\u00e1itigh rugba\u00ed, Anthony 'Axel' Foley, i cl\u00e1r TG4 | Preas R\u00e1iteas | TG4","og_description":"&nbsp; Axel \u2013 Munster\u2019s Heineken Cup Journey TG4 D\u00e9 hAoine an 14 L\u00fanasa 10:15pm &nbsp; T\u00e1 r\u00edm\u00e9ad ar TG4 a fh\u00f3gairt go dtaispe\u00e1nfar \u2018Axel \u2013 Munster\u2019s Heineken Cup Journey\u2019 den ch\u00e9ad uair ar an teilif\u00eds D\u00e9 hAoine an 14 L\u00fanasa ag 10:15pm. Rinneadh an cl\u00e1r seo a l\u00e9iri\u00fa ar dt\u00fas nuair a d&#8217;\u00e9irigh Anthony as [&hellip;]","og_url":"https:\/\/dev.tg4.ie\/ga\/eolas\/preas\/nuacht-raitis\/2020-2\/tabharfar-leargas-ar-shaol-an-imreora-iomraitigh-rugbai-anthony-axel-foley-i-clar-tg4\/","og_site_name":"TG4","article_publisher":"https:\/\/www.facebook.com\/TG4TV","article_modified_time":"2020-08-10T14:57:14+00:00","og_image":[{"width":1920,"height":1080,"url":"https:\/\/tg4-docs.s3.amazonaws.com\/tg4-redesign-2015\/wp-content\/uploads\/2020\/08\/Anthony_Foley-Axel_1_1920x1080.jpg","type":"image\/jpeg"}],"twitter_card":"summary_large_image","twitter_image":"https:\/\/tg4-docs.s3.amazonaws.com\/tg4-redesign-2015\/wp-content\/uploads\/2020\/08\/Anthony_Foley-Axel_1_1920x1080.jpg","twitter_site":"@TG4TV","twitter_misc":{"Est. reading time":"2 minutes"},"schema":{"@context":"https:\/\/schema.org","@graph":[{"@type":"WebPage","@id":"https:\/\/dev.tg4.ie\/ga\/eolas\/preas\/nuacht-raitis\/2020-2\/tabharfar-leargas-ar-shaol-an-imreora-iomraitigh-rugbai-anthony-axel-foley-i-clar-tg4\/","url":"https:\/\/dev.tg4.ie\/ga\/eolas\/preas\/nuacht-raitis\/2020-2\/tabharfar-leargas-ar-shaol-an-imreora-iomraitigh-rugbai-anthony-axel-foley-i-clar-tg4\/","name":"Tabharfar l\u00e9argas ar shaol an imreora iomr\u00e1itigh rugba\u00ed, Anthony 'Axel' Foley, i cl\u00e1r TG4 | Preas R\u00e1iteas | TG4","isPartOf":{"@id":"https:\/\/dev.tg4.ie\/en\/#website"},"primaryImageOfPage":{"@id":"https:\/\/dev.tg4.ie\/ga\/eolas\/preas\/nuacht-raitis\/2020-2\/tabharfar-leargas-ar-shaol-an-imreora-iomraitigh-rugbai-anthony-axel-foley-i-clar-tg4\/#primaryimage"},"image":{"@id":"https:\/\/dev.tg4.ie\/ga\/eolas\/preas\/nuacht-raitis\/2020-2\/tabharfar-leargas-ar-shaol-an-imreora-iomraitigh-rugbai-anthony-axel-foley-i-clar-tg4\/#primaryimage"},"thumbnailUrl":"https:\/\/dev.tg4.ie\/wp-content\/uploads\/2020\/08\/Anthony_Foley-Axel_1_1920x1080.jpg","datePublished":"2020-08-10T14:54:07+00:00","dateModified":"2020-08-10T14:57:14+00:00","breadcrumb":{"@id":"https:\/\/dev.tg4.ie\/ga\/eolas\/preas\/nuacht-raitis\/2020-2\/tabharfar-leargas-ar-shaol-an-imreora-iomraitigh-rugbai-anthony-axel-foley-i-clar-tg4\/#breadcrumb"},"inLanguage":"ga","potentialAction":[{"@type":"ReadAction","target":["https:\/\/dev.tg4.ie\/ga\/eolas\/preas\/nuacht-raitis\/2020-2\/tabharfar-leargas-ar-shaol-an-imreora-iomraitigh-rugbai-anthony-axel-foley-i-clar-tg4\/"]}]},{"@type":"ImageObject","inLanguage":"ga","@id":"https:\/\/dev.tg4.ie\/ga\/eolas\/preas\/nuacht-raitis\/2020-2\/tabharfar-leargas-ar-shaol-an-imreora-iomraitigh-rugbai-anthony-axel-foley-i-clar-tg4\/#primaryimage","url":"https:\/\/dev.tg4.ie\/wp-content\/uploads\/2020\/08\/Anthony_Foley-Axel_1_1920x1080.jpg","contentUrl":"https:\/\/dev.tg4.ie\/wp-content\/uploads\/2020\/08\/Anthony_Foley-Axel_1_1920x1080.jpg"},{"@type":"BreadcrumbList","@id":"https:\/\/dev.tg4.ie\/ga\/eolas\/preas\/nuacht-raitis\/2020-2\/tabharfar-leargas-ar-shaol-an-imreora-iomraitigh-rugbai-anthony-axel-foley-i-clar-tg4\/#breadcrumb","itemListElement":[{"@type":"ListItem","position":1,"name":"Home","item":"https:\/\/dev.tg4.ie\/ga\/"},{"@type":"ListItem","position":2,"name":"Eolas","item":"https:\/\/dev.tg4.ie\/ga\/eolas\/"},{"@type":"ListItem","position":3,"name":"Preas","item":"https:\/\/dev.tg4.ie\/ga\/eolas\/preas\/"},{"@type":"ListItem","position":4,"name":"Nuacht R\u00e1itis","item":"https:\/\/dev.tg4.ie\/ga\/eolas\/preas\/nuacht-raitis\/"},{"@type":"ListItem","position":5,"name":"2020","item":"https:\/\/dev.tg4.ie\/ga\/eolas\/preas\/nuacht-raitis\/2020-2\/"},{"@type":"ListItem","position":6,"name":"Tabharfar l\u00e9argas ar shaol an imreora iomr\u00e1itigh rugba\u00ed, Anthony &#8216;Axel&#8217; Foley, i cl\u00e1r TG4"}]},{"@type":"WebSite","@id":"https:\/\/dev.tg4.ie\/en\/#website","url":"https:\/\/dev.tg4.ie\/en\/","name":"TG4","description":"S\u00fail Eile","potentialAction":[{"@type":"SearchAction","target":{"@type":"EntryPoint","urlTemplate":"https:\/\/dev.tg4.ie\/en\/?s={search_term_string}"},"query-input":"required name=search_term_string"}],"inLanguage":"ga"}]}},"_links":{"self":[{"href":"https:\/\/dev.tg4.ie\/ga\/wp-json\/wp\/v2\/pages\/113786"}],"collection":[{"href":"https:\/\/dev.tg4.ie\/ga\/wp-json\/wp\/v2\/pages"}],"about":[{"href":"https:\/\/dev.tg4.ie\/ga\/wp-json\/wp\/v2\/types\/page"}],"author":[{"embeddable":true,"href":"https:\/\/dev.tg4.ie\/ga\/wp-json\/wp\/v2\/users\/876"}],"replies":[{"embeddable":true,"href":"https:\/\/dev.tg4.ie\/ga\/wp-json\/wp\/v2\/comments?post=113786"}],"version-history":[{"count":0,"href":"https:\/\/dev.tg4.ie\/ga\/wp-json\/wp\/v2\/pages\/113786\/revisions"}],"up":[{"embeddable":true,"href":"https:\/\/dev.tg4.ie\/ga\/wp-json\/wp\/v2\/pages\/111525"}],"wp:attachment":[{"href":"https:\/\/dev.tg4.ie\/ga\/wp-json\/wp\/v2\/media?parent=113786"}],"curies":[{"name":"wp","href":"https:\/\/api.w.org\/{rel}","templated":true}]}}